{"id":438835,"date":"2025-06-24T08:16:52","date_gmt":"2025-06-24T06:16:52","guid":{"rendered":"https:\/\/shopatoa.com\/ro\/australian-gold-raysistant-idol-bronzing-powder-autobronzant-spf-30-17-g\/"},"modified":"2025-06-24T08:17:17","modified_gmt":"2025-06-24T06:17:17","slug":"australian-gold-raysistant-idol-bronzing-powder-autobronzant-spf-30-17-g","status":"publish","type":"product","link":"https:\/\/shopatoa.com\/ro\/australian-gold-raysistant-idol-bronzing-powder-autobronzant-spf-30-17-g\/","title":{"rendered":"Australian Gold RAYsistant Idol Bronzing Powder autobronzant SPF 30 17 g"},"content":{"rendered":"<p>Australian Gold RAYsistant Idol Bronzing Powder, 17 g, Autobronzant pentru femei, Dori\u021bi ca fa\u021ba dvs. s\u0103 par\u0103 bronzat\u0103 chiar \u0219i \u00een zilele \u00een care nu petrece\u021bi timp \u00een aer liber sau c\u00e2nd soarele \u00eenc\u0103 se ascunde dup\u0103 nori? Bronzerul Australian GoldRAYsistantIdol Bronzing Powder v\u0103 va ajuta s\u0103 crea\u021bi \u00een c\u00e2teva clipe un aspect bronzat \u0219i s\u0103rutat de soare, din confortul casei dvs. Acesta ofer\u0103 o nuan\u021bare delicat\u0103, care faciliteaz\u0103 crearea unui efect de bronz natural. Acest bronzer v\u0103 permite, de asemenea, s\u0103 v\u0103 contura\u021bi \u0219i s\u0103 v\u0103 corecta\u021bi forma fe\u021bei. Fi\u021bi o zei\u021b\u0103 a bronzului ori de c\u00e2te ori sim\u021bi\u021bi nevoia.  Caracteristici:  are efect mat<\/p>\n","protected":false},"excerpt":{"rendered":"<p>Australian Gold RAYsistant Idol Bronzing Powder, 17 g, Autobronzant pentru femei, Dori\u021bi ca fa\u021ba dvs. s\u0103 par\u0103 bronzat\u0103 chiar \u0219i \u00een zilele \u00een care nu petrece\u021bi timp \u00een aer liber sau c\u00e2nd soarele \u00eenc\u0103 se ascunde dup\u0103 nori? Bronzerul Australian GoldRAYsistantIdol Bronzing Powder v\u0103 va ajuta s\u0103 crea\u021bi \u00een c\u00e2teva clipe un aspect bronzat \u0219i&#8230;<\/p>\n","protected":false},"featured_media":438836,"comment_status":"closed","ping_status":"open","template":"","meta":{"_acf_changed":false,"_kadence_starter_templates_imported_post":false,"_kad_post_transparent":"","_kad_post_title":"","_kad_post_layout":"","_kad_post_sidebar_id":"","_kad_post_content_style":"","_kad_post_vertical_padding":"","_kad_post_feature":"","_kad_post_feature_position":"","_kad_post_header":false,"_kad_post_footer":false,"_kad_post_classname":""},"product_brand":[2563],"product_cat":[1564,3214,1563,1576,3213,1562],"product_tag":[],"class_list":{"0":"post-438835","1":"product","2":"type-product","3":"status-publish","4":"has-post-thumbnail","6":"product_brand-australian-gold","7":"product_cat-cosmetice-ingrijire-personala","8":"product_cat-farduri-si-pudre-bronzante","9":"product_cat-ingrijire-personala","10":"product_cat-machiaj","11":"product_cat-machiaj-pentru-fata-si-obraji","12":"product_cat-sanatate-si-frumusete","13":"pa_gen-female","14":"pa_marime-17-g","16":"first","17":"instock","18":"product-type-external","19":"entry","20":"content-bg","21":"loop-entry"},"acf":[],"yoast_head":"<!-- This site is optimized with the Yoast SEO plugin v27.3 - https:\/\/yoast.com\/product\/yoast-seo-wordpress\/ -->\n<title>Australian Gold RAYsistant Idol Bronzing Powder autobronzant SPF 30 17 g - SHOPATOA.COM<\/title>\n<meta name=\"robots\" content=\"index, follow, max-snippet:-1, max-image-preview:large, max-video-preview:-1\" \/>\n<link rel=\"canonical\" href=\"https:\/\/shopatoa.com\/ro\/australian-gold-raysistant-idol-bronzing-powder-autobronzant-spf-30-17-g\/\" \/>\n<meta property=\"og:locale\" content=\"ro_RO\" \/>\n<meta property=\"og:type\" content=\"article\" \/>\n<meta property=\"og:title\" content=\"Australian Gold RAYsistant Idol Bronzing Powder autobronzant SPF 30 17 g - SHOPATOA.COM\" \/>\n<meta property=\"og:description\" content=\"Australian Gold RAYsistant Idol Bronzing Powder, 17 g, Autobronzant pentru femei, Dori\u021bi ca fa\u021ba dvs. s\u0103 par\u0103 bronzat\u0103 chiar \u0219i \u00een zilele \u00een care nu petrece\u021bi timp \u00een aer liber sau c\u00e2nd soarele \u00eenc\u0103 se ascunde dup\u0103 nori? Bronzerul Australian GoldRAYsistantIdol Bronzing Powder v\u0103 va ajuta s\u0103 crea\u021bi \u00een c\u00e2teva clipe un aspect bronzat \u0219i...\" \/>\n<meta property=\"og:url\" content=\"https:\/\/shopatoa.com\/ro\/australian-gold-raysistant-idol-bronzing-powder-autobronzant-spf-30-17-g\/\" \/>\n<meta property=\"og:site_name\" content=\"SHOPATOA\" \/>\n<meta property=\"article:modified_time\" content=\"2025-06-24T06:17:17+00:00\" \/>\n<meta property=\"og:image\" content=\"https:\/\/storage.googleapis.com\/cz-shopatoa-img\/ro\/99ada555-unnamed-file.webp\" \/>\n\t<meta property=\"og:image:width\" content=\"800\" \/>\n\t<meta property=\"og:image:height\" content=\"800\" \/>\n\t<meta property=\"og:image:type\" content=\"image\/webp\" \/>\n<meta name=\"twitter:card\" content=\"summary_large_image\" \/>\n<meta name=\"twitter:label1\" content=\"Timp estimat pentru citire\" \/>\n\t<meta name=\"twitter:data1\" content=\"1 minut\" \/>\n<script type=\"application\/ld+json\" class=\"yoast-schema-graph\">{\"@context\":\"https:\\\/\\\/schema.org\",\"@graph\":[{\"@type\":\"WebPage\",\"@id\":\"https:\\\/\\\/shopatoa.com\\\/ro\\\/australian-gold-raysistant-idol-bronzing-powder-autobronzant-spf-30-17-g\\\/\",\"url\":\"https:\\\/\\\/shopatoa.com\\\/ro\\\/australian-gold-raysistant-idol-bronzing-powder-autobronzant-spf-30-17-g\\\/\",\"name\":\"Australian Gold RAYsistant Idol Bronzing Powder autobronzant SPF 30 17 g - SHOPATOA.COM\",\"isPartOf\":{\"@id\":\"https:\\\/\\\/shopatoa.com\\\/ro\\\/#website\"},\"primaryImageOfPage\":{\"@id\":\"https:\\\/\\\/shopatoa.com\\\/ro\\\/australian-gold-raysistant-idol-bronzing-powder-autobronzant-spf-30-17-g\\\/#primaryimage\"},\"image\":{\"@id\":\"https:\\\/\\\/shopatoa.com\\\/ro\\\/australian-gold-raysistant-idol-bronzing-powder-autobronzant-spf-30-17-g\\\/#primaryimage\"},\"thumbnailUrl\":\"https:\\\/\\\/storage.googleapis.com\\\/cz-shopatoa-img\\\/ro\\\/99ada555-unnamed-file.webp\",\"datePublished\":\"2025-06-24T06:16:52+00:00\",\"dateModified\":\"2025-06-24T06:17:17+00:00\",\"breadcrumb\":{\"@id\":\"https:\\\/\\\/shopatoa.com\\\/ro\\\/australian-gold-raysistant-idol-bronzing-powder-autobronzant-spf-30-17-g\\\/#breadcrumb\"},\"inLanguage\":\"ro-RO\",\"potentialAction\":[{\"@type\":\"ReadAction\",\"target\":[\"https:\\\/\\\/shopatoa.com\\\/ro\\\/australian-gold-raysistant-idol-bronzing-powder-autobronzant-spf-30-17-g\\\/\"]}]},{\"@type\":\"ImageObject\",\"inLanguage\":\"ro-RO\",\"@id\":\"https:\\\/\\\/shopatoa.com\\\/ro\\\/australian-gold-raysistant-idol-bronzing-powder-autobronzant-spf-30-17-g\\\/#primaryimage\",\"url\":\"https:\\\/\\\/storage.googleapis.com\\\/cz-shopatoa-img\\\/ro\\\/99ada555-unnamed-file.webp\",\"contentUrl\":\"https:\\\/\\\/storage.googleapis.com\\\/cz-shopatoa-img\\\/ro\\\/99ada555-unnamed-file.webp\",\"width\":800,\"height\":800},{\"@type\":\"BreadcrumbList\",\"@id\":\"https:\\\/\\\/shopatoa.com\\\/ro\\\/australian-gold-raysistant-idol-bronzing-powder-autobronzant-spf-30-17-g\\\/#breadcrumb\",\"itemListElement\":[{\"@type\":\"ListItem\",\"position\":1,\"name\":\"Dom\u016f\",\"item\":\"https:\\\/\\\/shopatoa.com\\\/ro\\\/\"},{\"@type\":\"ListItem\",\"position\":2,\"name\":\"Shop\",\"item\":\"https:\\\/\\\/shopatoa.com\\\/ro\\\/shop\\\/\"},{\"@type\":\"ListItem\",\"position\":3,\"name\":\"Australian Gold RAYsistant Idol Bronzing Powder autobronzant SPF 30 17 g\"}]},{\"@type\":\"WebSite\",\"@id\":\"https:\\\/\\\/shopatoa.com\\\/ro\\\/#website\",\"url\":\"https:\\\/\\\/shopatoa.com\\\/ro\\\/\",\"name\":\"SHOPATOA\",\"description\":\"\",\"publisher\":{\"@id\":\"https:\\\/\\\/shopatoa.com\\\/ro\\\/#organization\"},\"potentialAction\":[{\"@type\":\"SearchAction\",\"target\":{\"@type\":\"EntryPoint\",\"urlTemplate\":\"https:\\\/\\\/shopatoa.com\\\/ro\\\/?s={search_term_string}\"},\"query-input\":{\"@type\":\"PropertyValueSpecification\",\"valueRequired\":true,\"valueName\":\"search_term_string\"}}],\"inLanguage\":\"ro-RO\"},{\"@type\":\"Organization\",\"@id\":\"https:\\\/\\\/shopatoa.com\\\/ro\\\/#organization\",\"name\":\"SHOPATOA\",\"url\":\"https:\\\/\\\/shopatoa.com\\\/ro\\\/\",\"logo\":{\"@type\":\"ImageObject\",\"inLanguage\":\"ro-RO\",\"@id\":\"https:\\\/\\\/shopatoa.com\\\/ro\\\/#\\\/schema\\\/logo\\\/image\\\/\",\"url\":\"https:\\\/\\\/storage.googleapis.com\\\/cz-shopatoa-img\\\/ro\\\/b4dac915-shopatoa_logo.png\",\"contentUrl\":\"https:\\\/\\\/storage.googleapis.com\\\/cz-shopatoa-img\\\/ro\\\/b4dac915-shopatoa_logo.png\",\"width\":416,\"height\":63,\"caption\":\"SHOPATOA\"},\"image\":{\"@id\":\"https:\\\/\\\/shopatoa.com\\\/ro\\\/#\\\/schema\\\/logo\\\/image\\\/\"}}]}<\/script>\n<!-- \/ Yoast SEO plugin. -->","yoast_head_json":{"title":"Australian Gold RAYsistant Idol Bronzing Powder autobronzant SPF 30 17 g - SHOPATOA.COM","robots":{"index":"index","follow":"follow","max-snippet":"max-snippet:-1","max-image-preview":"max-image-preview:large","max-video-preview":"max-video-preview:-1"},"canonical":"https:\/\/shopatoa.com\/ro\/australian-gold-raysistant-idol-bronzing-powder-autobronzant-spf-30-17-g\/","og_locale":"ro_RO","og_type":"article","og_title":"Australian Gold RAYsistant Idol Bronzing Powder autobronzant SPF 30 17 g - SHOPATOA.COM","og_description":"Australian Gold RAYsistant Idol Bronzing Powder, 17 g, Autobronzant pentru femei, Dori\u021bi ca fa\u021ba dvs. s\u0103 par\u0103 bronzat\u0103 chiar \u0219i \u00een zilele \u00een care nu petrece\u021bi timp \u00een aer liber sau c\u00e2nd soarele \u00eenc\u0103 se ascunde dup\u0103 nori? Bronzerul Australian GoldRAYsistantIdol Bronzing Powder v\u0103 va ajuta s\u0103 crea\u021bi \u00een c\u00e2teva clipe un aspect bronzat \u0219i...","og_url":"https:\/\/shopatoa.com\/ro\/australian-gold-raysistant-idol-bronzing-powder-autobronzant-spf-30-17-g\/","og_site_name":"SHOPATOA","article_modified_time":"2025-06-24T06:17:17+00:00","og_image":[{"width":800,"height":800,"url":"https:\/\/storage.googleapis.com\/cz-shopatoa-img\/ro\/99ada555-unnamed-file.webp","type":"image\/webp"}],"twitter_card":"summary_large_image","twitter_misc":{"Timp estimat pentru citire":"1 minut"},"schema":{"@context":"https:\/\/schema.org","@graph":[{"@type":"WebPage","@id":"https:\/\/shopatoa.com\/ro\/australian-gold-raysistant-idol-bronzing-powder-autobronzant-spf-30-17-g\/","url":"https:\/\/shopatoa.com\/ro\/australian-gold-raysistant-idol-bronzing-powder-autobronzant-spf-30-17-g\/","name":"Australian Gold RAYsistant Idol Bronzing Powder autobronzant SPF 30 17 g - SHOPATOA.COM","isPartOf":{"@id":"https:\/\/shopatoa.com\/ro\/#website"},"primaryImageOfPage":{"@id":"https:\/\/shopatoa.com\/ro\/australian-gold-raysistant-idol-bronzing-powder-autobronzant-spf-30-17-g\/#primaryimage"},"image":{"@id":"https:\/\/shopatoa.com\/ro\/australian-gold-raysistant-idol-bronzing-powder-autobronzant-spf-30-17-g\/#primaryimage"},"thumbnailUrl":"https:\/\/storage.googleapis.com\/cz-shopatoa-img\/ro\/99ada555-unnamed-file.webp","datePublished":"2025-06-24T06:16:52+00:00","dateModified":"2025-06-24T06:17:17+00:00","breadcrumb":{"@id":"https:\/\/shopatoa.com\/ro\/australian-gold-raysistant-idol-bronzing-powder-autobronzant-spf-30-17-g\/#breadcrumb"},"inLanguage":"ro-RO","potentialAction":[{"@type":"ReadAction","target":["https:\/\/shopatoa.com\/ro\/australian-gold-raysistant-idol-bronzing-powder-autobronzant-spf-30-17-g\/"]}]},{"@type":"ImageObject","inLanguage":"ro-RO","@id":"https:\/\/shopatoa.com\/ro\/australian-gold-raysistant-idol-bronzing-powder-autobronzant-spf-30-17-g\/#primaryimage","url":"https:\/\/storage.googleapis.com\/cz-shopatoa-img\/ro\/99ada555-unnamed-file.webp","contentUrl":"https:\/\/storage.googleapis.com\/cz-shopatoa-img\/ro\/99ada555-unnamed-file.webp","width":800,"height":800},{"@type":"BreadcrumbList","@id":"https:\/\/shopatoa.com\/ro\/australian-gold-raysistant-idol-bronzing-powder-autobronzant-spf-30-17-g\/#breadcrumb","itemListElement":[{"@type":"ListItem","position":1,"name":"Dom\u016f","item":"https:\/\/shopatoa.com\/ro\/"},{"@type":"ListItem","position":2,"name":"Shop","item":"https:\/\/shopatoa.com\/ro\/shop\/"},{"@type":"ListItem","position":3,"name":"Australian Gold RAYsistant Idol Bronzing Powder autobronzant SPF 30 17 g"}]},{"@type":"WebSite","@id":"https:\/\/shopatoa.com\/ro\/#website","url":"https:\/\/shopatoa.com\/ro\/","name":"SHOPATOA","description":"","publisher":{"@id":"https:\/\/shopatoa.com\/ro\/#organization"},"potentialAction":[{"@type":"SearchAction","target":{"@type":"EntryPoint","urlTemplate":"https:\/\/shopatoa.com\/ro\/?s={search_term_string}"},"query-input":{"@type":"PropertyValueSpecification","valueRequired":true,"valueName":"search_term_string"}}],"inLanguage":"ro-RO"},{"@type":"Organization","@id":"https:\/\/shopatoa.com\/ro\/#organization","name":"SHOPATOA","url":"https:\/\/shopatoa.com\/ro\/","logo":{"@type":"ImageObject","inLanguage":"ro-RO","@id":"https:\/\/shopatoa.com\/ro\/#\/schema\/logo\/image\/","url":"https:\/\/storage.googleapis.com\/cz-shopatoa-img\/ro\/b4dac915-shopatoa_logo.png","contentUrl":"https:\/\/storage.googleapis.com\/cz-shopatoa-img\/ro\/b4dac915-shopatoa_logo.png","width":416,"height":63,"caption":"SHOPATOA"},"image":{"@id":"https:\/\/shopatoa.com\/ro\/#\/schema\/logo\/image\/"}}]}},"_links":{"self":[{"href":"https:\/\/shopatoa.com\/ro\/wp-json\/wp\/v2\/product\/438835","targetHints":{"allow":["GET"]}}],"collection":[{"href":"https:\/\/shopatoa.com\/ro\/wp-json\/wp\/v2\/product"}],"about":[{"href":"https:\/\/shopatoa.com\/ro\/wp-json\/wp\/v2\/types\/product"}],"replies":[{"embeddable":true,"href":"https:\/\/shopatoa.com\/ro\/wp-json\/wp\/v2\/comments?post=438835"}],"wp:featuredmedia":[{"embeddable":true,"href":"https:\/\/shopatoa.com\/ro\/wp-json\/wp\/v2\/media\/438836"}],"wp:attachment":[{"href":"https:\/\/shopatoa.com\/ro\/wp-json\/wp\/v2\/media?parent=438835"}],"wp:term":[{"taxonomy":"product_brand","embeddable":true,"href":"https:\/\/shopatoa.com\/ro\/wp-json\/wp\/v2\/product_brand?post=438835"},{"taxonomy":"product_cat","embeddable":true,"href":"https:\/\/shopatoa.com\/ro\/wp-json\/wp\/v2\/product_cat?post=438835"},{"taxonomy":"product_tag","embeddable":true,"href":"https:\/\/shopatoa.com\/ro\/wp-json\/wp\/v2\/product_tag?post=438835"}],"curies":[{"name":"wp","href":"https:\/\/api.w.org\/{rel}","templated":true}]}}