{"id":438945,"date":"2025-06-24T08:36:13","date_gmt":"2025-06-24T06:36:13","guid":{"rendered":"https:\/\/shopatoa.com\/ro\/venira-keratin-hair-water-tratament-pentru-ingrijirea-parului-fara-clatire-cu-parfum-floral-citrus-200-ml\/"},"modified":"2025-06-24T08:37:33","modified_gmt":"2025-06-24T06:37:33","slug":"venira-keratin-hair-water-tratament-pentru-ingrijirea-parului-fara-clatire-cu-parfum-floral-citrus-200-ml","status":"publish","type":"product","link":"https:\/\/shopatoa.com\/ro\/venira-keratin-hair-water-tratament-pentru-ingrijirea-parului-fara-clatire-cu-parfum-floral-citrus-200-ml\/","title":{"rendered":"Venira Keratin Hair Water tratament pentru \u00eengrijirea p\u0103rului f\u0103r\u0103 cl\u0103tire cu parfum Floral-Citrus 200 ml"},"content":{"rendered":"<p>Venira Keratin Hair Water, 200 ml, Tonic \u0219i ape de p\u0103r pentru femei, Produsul pentru descurcarea p\u0103rului faciliteaz\u0103 modelarea p\u0103rului sp\u0103lat \u0219i \u00eei ofer\u0103 \u00eengrijirea necesar\u0103.  Caracteristici:  previne despicarea v\u00e2rfurilor protejeaz\u0103 p\u0103rul \u00eempotriva deterior\u0103rii asigur\u0103 p\u0103rului hidratarea necesar\u0103 faciliteaz\u0103 descurcarea p\u0103rului \u0219i modelarea sa ulterioar\u0103 hr\u0103ne\u0219te \u0219i regenereaz\u0103 fibrele p\u0103rului re\u00eentrege\u0219te \u0219i neteze\u0219te suprafa\u021ba p\u0103rului ofer\u0103 p\u0103rului hidratare \u0219i nutri\u021bie  Ingrediente:  produs vegan  Cum se utilizeaz\u0103: Se aplic\u0103 pe p\u0103rul sp\u0103lat, pe lungime, p\u00e2n\u0103 la v\u00e2rfuri. Se piept\u0103n\u0103. Nu cl\u0103ti\u021bi.<\/p>\n","protected":false},"excerpt":{"rendered":"<p>Venira Keratin Hair Water, 200 ml, Tonic \u0219i ape de p\u0103r pentru femei, Produsul pentru descurcarea p\u0103rului faciliteaz\u0103 modelarea p\u0103rului sp\u0103lat \u0219i \u00eei ofer\u0103 \u00eengrijirea necesar\u0103. Caracteristici: previne despicarea v\u00e2rfurilor protejeaz\u0103 p\u0103rul \u00eempotriva deterior\u0103rii asigur\u0103 p\u0103rului hidratarea necesar\u0103 faciliteaz\u0103 descurcarea p\u0103rului \u0219i modelarea sa ulterioar\u0103 hr\u0103ne\u0219te \u0219i regenereaz\u0103 fibrele p\u0103rului re\u00eentrege\u0219te \u0219i neteze\u0219te suprafa\u021ba p\u0103rului&#8230;<\/p>\n","protected":false},"featured_media":438946,"comment_status":"closed","ping_status":"open","template":"","meta":{"_acf_changed":false,"_kadence_starter_templates_imported_post":false,"_kad_post_transparent":"","_kad_post_title":"","_kad_post_layout":"","_kad_post_sidebar_id":"","_kad_post_content_style":"","_kad_post_vertical_padding":"","_kad_post_feature":"","_kad_post_feature_position":"","_kad_post_header":false,"_kad_post_footer":false,"_kad_post_classname":""},"product_brand":[2474],"product_cat":[1563,1590,1562],"product_tag":[],"class_list":{"0":"post-438945","1":"product","2":"type-product","3":"status-publish","4":"has-post-thumbnail","6":"product_brand-venira","7":"product_cat-ingrijire-personala","8":"product_cat-ingrijirea-parului","9":"product_cat-sanatate-si-frumusete","10":"pa_gen-female","11":"pa_marime-200-ml","13":"first","14":"instock","15":"sale","16":"product-type-external","17":"entry","18":"content-bg","19":"loop-entry"},"acf":[],"yoast_head":"<!-- This site is optimized with the Yoast SEO plugin v27.4 - https:\/\/yoast.com\/product\/yoast-seo-wordpress\/ -->\n<title>Venira Keratin Hair Water tratament pentru \u00eengrijirea p\u0103rului f\u0103r\u0103 cl\u0103tire cu parfum Floral-Citrus 200 ml - SHOPATOA.COM<\/title>\n<meta name=\"robots\" content=\"index, follow, max-snippet:-1, max-image-preview:large, max-video-preview:-1\" \/>\n<link rel=\"canonical\" href=\"https:\/\/shopatoa.com\/ro\/venira-keratin-hair-water-tratament-pentru-ingrijirea-parului-fara-clatire-cu-parfum-floral-citrus-200-ml\/\" \/>\n<meta property=\"og:locale\" content=\"ro_RO\" \/>\n<meta property=\"og:type\" content=\"article\" \/>\n<meta property=\"og:title\" content=\"Venira Keratin Hair Water tratament pentru \u00eengrijirea p\u0103rului f\u0103r\u0103 cl\u0103tire cu parfum Floral-Citrus 200 ml - SHOPATOA.COM\" \/>\n<meta property=\"og:description\" content=\"Venira Keratin Hair Water, 200 ml, Tonic \u0219i ape de p\u0103r pentru femei, Produsul pentru descurcarea p\u0103rului faciliteaz\u0103 modelarea p\u0103rului sp\u0103lat \u0219i \u00eei ofer\u0103 \u00eengrijirea necesar\u0103. Caracteristici: previne despicarea v\u00e2rfurilor protejeaz\u0103 p\u0103rul \u00eempotriva deterior\u0103rii asigur\u0103 p\u0103rului hidratarea necesar\u0103 faciliteaz\u0103 descurcarea p\u0103rului \u0219i modelarea sa ulterioar\u0103 hr\u0103ne\u0219te \u0219i regenereaz\u0103 fibrele p\u0103rului re\u00eentrege\u0219te \u0219i neteze\u0219te suprafa\u021ba p\u0103rului...\" \/>\n<meta property=\"og:url\" content=\"https:\/\/shopatoa.com\/ro\/venira-keratin-hair-water-tratament-pentru-ingrijirea-parului-fara-clatire-cu-parfum-floral-citrus-200-ml\/\" \/>\n<meta property=\"og:site_name\" content=\"SHOPATOA\" \/>\n<meta property=\"article:modified_time\" content=\"2025-06-24T06:37:33+00:00\" \/>\n<meta property=\"og:image\" content=\"https:\/\/storage.googleapis.com\/cz-shopatoa-img\/ro\/185b5f65-unnamed-file.webp\" \/>\n\t<meta property=\"og:image:width\" content=\"800\" \/>\n\t<meta property=\"og:image:height\" content=\"800\" \/>\n\t<meta property=\"og:image:type\" content=\"image\/webp\" \/>\n<meta name=\"twitter:card\" content=\"summary_large_image\" \/>\n<meta name=\"twitter:label1\" content=\"Timp estimat pentru citire\" \/>\n\t<meta name=\"twitter:data1\" content=\"1 minut\" \/>\n<script type=\"application\/ld+json\" class=\"yoast-schema-graph\">{\"@context\":\"https:\\\/\\\/schema.org\",\"@graph\":[{\"@type\":\"WebPage\",\"@id\":\"https:\\\/\\\/shopatoa.com\\\/ro\\\/venira-keratin-hair-water-tratament-pentru-ingrijirea-parului-fara-clatire-cu-parfum-floral-citrus-200-ml\\\/\",\"url\":\"https:\\\/\\\/shopatoa.com\\\/ro\\\/venira-keratin-hair-water-tratament-pentru-ingrijirea-parului-fara-clatire-cu-parfum-floral-citrus-200-ml\\\/\",\"name\":\"Venira Keratin Hair Water tratament pentru \u00eengrijirea p\u0103rului f\u0103r\u0103 cl\u0103tire cu parfum Floral-Citrus 200 ml - SHOPATOA.COM\",\"isPartOf\":{\"@id\":\"https:\\\/\\\/shopatoa.com\\\/ro\\\/#website\"},\"primaryImageOfPage\":{\"@id\":\"https:\\\/\\\/shopatoa.com\\\/ro\\\/venira-keratin-hair-water-tratament-pentru-ingrijirea-parului-fara-clatire-cu-parfum-floral-citrus-200-ml\\\/#primaryimage\"},\"image\":{\"@id\":\"https:\\\/\\\/shopatoa.com\\\/ro\\\/venira-keratin-hair-water-tratament-pentru-ingrijirea-parului-fara-clatire-cu-parfum-floral-citrus-200-ml\\\/#primaryimage\"},\"thumbnailUrl\":\"https:\\\/\\\/storage.googleapis.com\\\/cz-shopatoa-img\\\/ro\\\/185b5f65-unnamed-file.webp\",\"datePublished\":\"2025-06-24T06:36:13+00:00\",\"dateModified\":\"2025-06-24T06:37:33+00:00\",\"breadcrumb\":{\"@id\":\"https:\\\/\\\/shopatoa.com\\\/ro\\\/venira-keratin-hair-water-tratament-pentru-ingrijirea-parului-fara-clatire-cu-parfum-floral-citrus-200-ml\\\/#breadcrumb\"},\"inLanguage\":\"ro-RO\",\"potentialAction\":[{\"@type\":\"ReadAction\",\"target\":[\"https:\\\/\\\/shopatoa.com\\\/ro\\\/venira-keratin-hair-water-tratament-pentru-ingrijirea-parului-fara-clatire-cu-parfum-floral-citrus-200-ml\\\/\"]}]},{\"@type\":\"ImageObject\",\"inLanguage\":\"ro-RO\",\"@id\":\"https:\\\/\\\/shopatoa.com\\\/ro\\\/venira-keratin-hair-water-tratament-pentru-ingrijirea-parului-fara-clatire-cu-parfum-floral-citrus-200-ml\\\/#primaryimage\",\"url\":\"https:\\\/\\\/storage.googleapis.com\\\/cz-shopatoa-img\\\/ro\\\/185b5f65-unnamed-file.webp\",\"contentUrl\":\"https:\\\/\\\/storage.googleapis.com\\\/cz-shopatoa-img\\\/ro\\\/185b5f65-unnamed-file.webp\",\"width\":800,\"height\":800},{\"@type\":\"BreadcrumbList\",\"@id\":\"https:\\\/\\\/shopatoa.com\\\/ro\\\/venira-keratin-hair-water-tratament-pentru-ingrijirea-parului-fara-clatire-cu-parfum-floral-citrus-200-ml\\\/#breadcrumb\",\"itemListElement\":[{\"@type\":\"ListItem\",\"position\":1,\"name\":\"Dom\u016f\",\"item\":\"https:\\\/\\\/shopatoa.com\\\/ro\\\/\"},{\"@type\":\"ListItem\",\"position\":2,\"name\":\"Shop\",\"item\":\"https:\\\/\\\/shopatoa.com\\\/ro\\\/shop\\\/\"},{\"@type\":\"ListItem\",\"position\":3,\"name\":\"Venira Keratin Hair Water tratament pentru \u00eengrijirea p\u0103rului f\u0103r\u0103 cl\u0103tire cu parfum Floral-Citrus 200 ml\"}]},{\"@type\":\"WebSite\",\"@id\":\"https:\\\/\\\/shopatoa.com\\\/ro\\\/#website\",\"url\":\"https:\\\/\\\/shopatoa.com\\\/ro\\\/\",\"name\":\"SHOPATOA\",\"description\":\"\",\"publisher\":{\"@id\":\"https:\\\/\\\/shopatoa.com\\\/ro\\\/#organization\"},\"potentialAction\":[{\"@type\":\"SearchAction\",\"target\":{\"@type\":\"EntryPoint\",\"urlTemplate\":\"https:\\\/\\\/shopatoa.com\\\/ro\\\/?s={search_term_string}\"},\"query-input\":{\"@type\":\"PropertyValueSpecification\",\"valueRequired\":true,\"valueName\":\"search_term_string\"}}],\"inLanguage\":\"ro-RO\"},{\"@type\":\"Organization\",\"@id\":\"https:\\\/\\\/shopatoa.com\\\/ro\\\/#organization\",\"name\":\"SHOPATOA\",\"url\":\"https:\\\/\\\/shopatoa.com\\\/ro\\\/\",\"logo\":{\"@type\":\"ImageObject\",\"inLanguage\":\"ro-RO\",\"@id\":\"https:\\\/\\\/shopatoa.com\\\/ro\\\/#\\\/schema\\\/logo\\\/image\\\/\",\"url\":\"https:\\\/\\\/storage.googleapis.com\\\/cz-shopatoa-img\\\/ro\\\/b4dac915-shopatoa_logo.png\",\"contentUrl\":\"https:\\\/\\\/storage.googleapis.com\\\/cz-shopatoa-img\\\/ro\\\/b4dac915-shopatoa_logo.png\",\"width\":416,\"height\":63,\"caption\":\"SHOPATOA\"},\"image\":{\"@id\":\"https:\\\/\\\/shopatoa.com\\\/ro\\\/#\\\/schema\\\/logo\\\/image\\\/\"}}]}<\/script>\n<!-- \/ Yoast SEO plugin. -->","yoast_head_json":{"title":"Venira Keratin Hair Water tratament pentru \u00eengrijirea p\u0103rului f\u0103r\u0103 cl\u0103tire cu parfum Floral-Citrus 200 ml - SHOPATOA.COM","robots":{"index":"index","follow":"follow","max-snippet":"max-snippet:-1","max-image-preview":"max-image-preview:large","max-video-preview":"max-video-preview:-1"},"canonical":"https:\/\/shopatoa.com\/ro\/venira-keratin-hair-water-tratament-pentru-ingrijirea-parului-fara-clatire-cu-parfum-floral-citrus-200-ml\/","og_locale":"ro_RO","og_type":"article","og_title":"Venira Keratin Hair Water tratament pentru \u00eengrijirea p\u0103rului f\u0103r\u0103 cl\u0103tire cu parfum Floral-Citrus 200 ml - SHOPATOA.COM","og_description":"Venira Keratin Hair Water, 200 ml, Tonic \u0219i ape de p\u0103r pentru femei, Produsul pentru descurcarea p\u0103rului faciliteaz\u0103 modelarea p\u0103rului sp\u0103lat \u0219i \u00eei ofer\u0103 \u00eengrijirea necesar\u0103. Caracteristici: previne despicarea v\u00e2rfurilor protejeaz\u0103 p\u0103rul \u00eempotriva deterior\u0103rii asigur\u0103 p\u0103rului hidratarea necesar\u0103 faciliteaz\u0103 descurcarea p\u0103rului \u0219i modelarea sa ulterioar\u0103 hr\u0103ne\u0219te \u0219i regenereaz\u0103 fibrele p\u0103rului re\u00eentrege\u0219te \u0219i neteze\u0219te suprafa\u021ba p\u0103rului...","og_url":"https:\/\/shopatoa.com\/ro\/venira-keratin-hair-water-tratament-pentru-ingrijirea-parului-fara-clatire-cu-parfum-floral-citrus-200-ml\/","og_site_name":"SHOPATOA","article_modified_time":"2025-06-24T06:37:33+00:00","og_image":[{"width":800,"height":800,"url":"https:\/\/storage.googleapis.com\/cz-shopatoa-img\/ro\/185b5f65-unnamed-file.webp","type":"image\/webp"}],"twitter_card":"summary_large_image","twitter_misc":{"Timp estimat pentru citire":"1 minut"},"schema":{"@context":"https:\/\/schema.org","@graph":[{"@type":"WebPage","@id":"https:\/\/shopatoa.com\/ro\/venira-keratin-hair-water-tratament-pentru-ingrijirea-parului-fara-clatire-cu-parfum-floral-citrus-200-ml\/","url":"https:\/\/shopatoa.com\/ro\/venira-keratin-hair-water-tratament-pentru-ingrijirea-parului-fara-clatire-cu-parfum-floral-citrus-200-ml\/","name":"Venira Keratin Hair Water tratament pentru \u00eengrijirea p\u0103rului f\u0103r\u0103 cl\u0103tire cu parfum Floral-Citrus 200 ml - SHOPATOA.COM","isPartOf":{"@id":"https:\/\/shopatoa.com\/ro\/#website"},"primaryImageOfPage":{"@id":"https:\/\/shopatoa.com\/ro\/venira-keratin-hair-water-tratament-pentru-ingrijirea-parului-fara-clatire-cu-parfum-floral-citrus-200-ml\/#primaryimage"},"image":{"@id":"https:\/\/shopatoa.com\/ro\/venira-keratin-hair-water-tratament-pentru-ingrijirea-parului-fara-clatire-cu-parfum-floral-citrus-200-ml\/#primaryimage"},"thumbnailUrl":"https:\/\/storage.googleapis.com\/cz-shopatoa-img\/ro\/185b5f65-unnamed-file.webp","datePublished":"2025-06-24T06:36:13+00:00","dateModified":"2025-06-24T06:37:33+00:00","breadcrumb":{"@id":"https:\/\/shopatoa.com\/ro\/venira-keratin-hair-water-tratament-pentru-ingrijirea-parului-fara-clatire-cu-parfum-floral-citrus-200-ml\/#breadcrumb"},"inLanguage":"ro-RO","potentialAction":[{"@type":"ReadAction","target":["https:\/\/shopatoa.com\/ro\/venira-keratin-hair-water-tratament-pentru-ingrijirea-parului-fara-clatire-cu-parfum-floral-citrus-200-ml\/"]}]},{"@type":"ImageObject","inLanguage":"ro-RO","@id":"https:\/\/shopatoa.com\/ro\/venira-keratin-hair-water-tratament-pentru-ingrijirea-parului-fara-clatire-cu-parfum-floral-citrus-200-ml\/#primaryimage","url":"https:\/\/storage.googleapis.com\/cz-shopatoa-img\/ro\/185b5f65-unnamed-file.webp","contentUrl":"https:\/\/storage.googleapis.com\/cz-shopatoa-img\/ro\/185b5f65-unnamed-file.webp","width":800,"height":800},{"@type":"BreadcrumbList","@id":"https:\/\/shopatoa.com\/ro\/venira-keratin-hair-water-tratament-pentru-ingrijirea-parului-fara-clatire-cu-parfum-floral-citrus-200-ml\/#breadcrumb","itemListElement":[{"@type":"ListItem","position":1,"name":"Dom\u016f","item":"https:\/\/shopatoa.com\/ro\/"},{"@type":"ListItem","position":2,"name":"Shop","item":"https:\/\/shopatoa.com\/ro\/shop\/"},{"@type":"ListItem","position":3,"name":"Venira Keratin Hair Water tratament pentru \u00eengrijirea p\u0103rului f\u0103r\u0103 cl\u0103tire cu parfum Floral-Citrus 200 ml"}]},{"@type":"WebSite","@id":"https:\/\/shopatoa.com\/ro\/#website","url":"https:\/\/shopatoa.com\/ro\/","name":"SHOPATOA","description":"","publisher":{"@id":"https:\/\/shopatoa.com\/ro\/#organization"},"potentialAction":[{"@type":"SearchAction","target":{"@type":"EntryPoint","urlTemplate":"https:\/\/shopatoa.com\/ro\/?s={search_term_string}"},"query-input":{"@type":"PropertyValueSpecification","valueRequired":true,"valueName":"search_term_string"}}],"inLanguage":"ro-RO"},{"@type":"Organization","@id":"https:\/\/shopatoa.com\/ro\/#organization","name":"SHOPATOA","url":"https:\/\/shopatoa.com\/ro\/","logo":{"@type":"ImageObject","inLanguage":"ro-RO","@id":"https:\/\/shopatoa.com\/ro\/#\/schema\/logo\/image\/","url":"https:\/\/storage.googleapis.com\/cz-shopatoa-img\/ro\/b4dac915-shopatoa_logo.png","contentUrl":"https:\/\/storage.googleapis.com\/cz-shopatoa-img\/ro\/b4dac915-shopatoa_logo.png","width":416,"height":63,"caption":"SHOPATOA"},"image":{"@id":"https:\/\/shopatoa.com\/ro\/#\/schema\/logo\/image\/"}}]}},"_links":{"self":[{"href":"https:\/\/shopatoa.com\/ro\/wp-json\/wp\/v2\/product\/438945","targetHints":{"allow":["GET"]}}],"collection":[{"href":"https:\/\/shopatoa.com\/ro\/wp-json\/wp\/v2\/product"}],"about":[{"href":"https:\/\/shopatoa.com\/ro\/wp-json\/wp\/v2\/types\/product"}],"replies":[{"embeddable":true,"href":"https:\/\/shopatoa.com\/ro\/wp-json\/wp\/v2\/comments?post=438945"}],"wp:featuredmedia":[{"embeddable":true,"href":"https:\/\/shopatoa.com\/ro\/wp-json\/wp\/v2\/media\/438946"}],"wp:attachment":[{"href":"https:\/\/shopatoa.com\/ro\/wp-json\/wp\/v2\/media?parent=438945"}],"wp:term":[{"taxonomy":"product_brand","embeddable":true,"href":"https:\/\/shopatoa.com\/ro\/wp-json\/wp\/v2\/product_brand?post=438945"},{"taxonomy":"product_cat","embeddable":true,"href":"https:\/\/shopatoa.com\/ro\/wp-json\/wp\/v2\/product_cat?post=438945"},{"taxonomy":"product_tag","embeddable":true,"href":"https:\/\/shopatoa.com\/ro\/wp-json\/wp\/v2\/product_tag?post=438945"}],"curies":[{"name":"wp","href":"https:\/\/api.w.org\/{rel}","templated":true}]}}