{"id":438995,"date":"2025-06-24T08:41:45","date_gmt":"2025-06-24T06:41:45","guid":{"rendered":"https:\/\/shopatoa.com\/ro\/luba-eco-family-hartie-igienica-umeda-aloe-vera-50-buc\/"},"modified":"2025-06-24T08:42:12","modified_gmt":"2025-06-24T06:42:12","slug":"luba-eco-family-hartie-igienica-umeda-aloe-vera-50-buc","status":"publish","type":"product","link":"https:\/\/shopatoa.com\/ro\/luba-eco-family-hartie-igienica-umeda-aloe-vera-50-buc\/","title":{"rendered":"Luba ECO Family h\u00e2rtie igienic\u0103 umed\u0103 Aloe vera 50 buc"},"content":{"rendered":"<p>Luba ECO Family, 50 buc, \u0218erve\u021bele umede pentru copii pentru femei, \u0218erve\u021belele de cur\u0103\u021bare Luba ECO \u00eengrijesc pielea copilului simplu, rapid \u0219i sigur.  Caracteristici:  \u00eendep\u0103rteaz\u0103 impurit\u0103\u021bile \u00eenvioreaz\u0103 \u0219i revitalizeaz\u0103 pentru corp \u0219i fa\u021b\u0103 parfumeaz\u0103 pielea  Ingrediente:  con\u021bine cel pu\u021bin 98 % ingrediente de origine natural\u0103 pantenol \u2013 are efecte hidratante \u0219i calmante, amelioreaz\u0103 irita\u021bia, ro\u0219ea\u021ba, uscarea \u0219i senza\u021biilor de disconfort acid lactic \u2013 ajut\u0103 la \u00eendep\u0103rtarea celulelor moarte cutanate, sus\u021bine procesul natural de re\u00eennoire celular\u0103 \u0219i \u00een acela\u0219i timp are efecte hidratante, neteze\u0219te textura aspr\u0103 \u0219i decolmateaz\u0103 porii alantoin\u0103 \u2013 calmeaz\u0103, hidrateaz\u0103 \u0219i catifeleaz\u0103, favorizeaz\u0103 regenerarea<\/p>\n","protected":false},"excerpt":{"rendered":"<p>Luba ECO Family, 50 buc, \u0218erve\u021bele umede pentru copii pentru femei, \u0218erve\u021belele de cur\u0103\u021bare Luba ECO \u00eengrijesc pielea copilului simplu, rapid \u0219i sigur. Caracteristici: \u00eendep\u0103rteaz\u0103 impurit\u0103\u021bile \u00eenvioreaz\u0103 \u0219i revitalizeaz\u0103 pentru corp \u0219i fa\u021b\u0103 parfumeaz\u0103 pielea Ingrediente: con\u021bine cel pu\u021bin 98 % ingrediente de origine natural\u0103 pantenol \u2013 are efecte hidratante \u0219i calmante, amelioreaz\u0103 irita\u021bia, ro\u0219ea\u021ba,&#8230;<\/p>\n","protected":false},"featured_media":438996,"comment_status":"closed","ping_status":"open","template":"","meta":{"_acf_changed":false,"_kadence_starter_templates_imported_post":false,"_kad_post_transparent":"","_kad_post_title":"","_kad_post_layout":"","_kad_post_sidebar_id":"","_kad_post_content_style":"","_kad_post_vertical_padding":"","_kad_post_feature":"","_kad_post_feature_position":"","_kad_post_header":false,"_kad_post_footer":false,"_kad_post_classname":""},"product_brand":[3673],"product_cat":[1805,1804,1803,1802,1806],"product_tag":[],"class_list":{"0":"post-438995","1":"product","2":"type-product","3":"status-publish","4":"has-post-thumbnail","6":"product_brand-luba","7":"product_cat-baie-corp","8":"product_cat-cosmetice-ingrijire-personala-sanatate-frumusete","9":"product_cat-ingrijire-personala-sanatate-frumusete","10":"product_cat-sanatate-frumusete","11":"product_cat-servetele-igienice-pentru-adulti","12":"pa_gen-female","13":"pa_marime-50-buc","15":"first","16":"instock","17":"sale","18":"product-type-external","19":"entry","20":"content-bg","21":"loop-entry"},"acf":[],"yoast_head":"<!-- This site is optimized with the Yoast SEO plugin v27.4 - https:\/\/yoast.com\/product\/yoast-seo-wordpress\/ -->\n<title>Luba ECO Family h\u00e2rtie igienic\u0103 umed\u0103 Aloe vera 50 buc - SHOPATOA.COM<\/title>\n<meta name=\"robots\" content=\"index, follow, max-snippet:-1, max-image-preview:large, max-video-preview:-1\" \/>\n<link rel=\"canonical\" href=\"https:\/\/shopatoa.com\/ro\/luba-eco-family-hartie-igienica-umeda-aloe-vera-50-buc\/\" \/>\n<meta property=\"og:locale\" content=\"ro_RO\" \/>\n<meta property=\"og:type\" content=\"article\" \/>\n<meta property=\"og:title\" content=\"Luba ECO Family h\u00e2rtie igienic\u0103 umed\u0103 Aloe vera 50 buc - SHOPATOA.COM\" \/>\n<meta property=\"og:description\" content=\"Luba ECO Family, 50 buc, \u0218erve\u021bele umede pentru copii pentru femei, \u0218erve\u021belele de cur\u0103\u021bare Luba ECO \u00eengrijesc pielea copilului simplu, rapid \u0219i sigur. Caracteristici: \u00eendep\u0103rteaz\u0103 impurit\u0103\u021bile \u00eenvioreaz\u0103 \u0219i revitalizeaz\u0103 pentru corp \u0219i fa\u021b\u0103 parfumeaz\u0103 pielea Ingrediente: con\u021bine cel pu\u021bin 98 % ingrediente de origine natural\u0103 pantenol \u2013 are efecte hidratante \u0219i calmante, amelioreaz\u0103 irita\u021bia, ro\u0219ea\u021ba,...\" \/>\n<meta property=\"og:url\" content=\"https:\/\/shopatoa.com\/ro\/luba-eco-family-hartie-igienica-umeda-aloe-vera-50-buc\/\" \/>\n<meta property=\"og:site_name\" content=\"SHOPATOA\" \/>\n<meta property=\"article:modified_time\" content=\"2025-06-24T06:42:12+00:00\" \/>\n<meta property=\"og:image\" content=\"https:\/\/storage.googleapis.com\/cz-shopatoa-img\/ro\/baf34612-unnamed-file.webp\" \/>\n\t<meta property=\"og:image:width\" content=\"800\" \/>\n\t<meta property=\"og:image:height\" content=\"800\" \/>\n\t<meta property=\"og:image:type\" content=\"image\/webp\" \/>\n<meta name=\"twitter:card\" content=\"summary_large_image\" \/>\n<meta name=\"twitter:label1\" content=\"Timp estimat pentru citire\" \/>\n\t<meta name=\"twitter:data1\" content=\"1 minut\" \/>\n<script type=\"application\/ld+json\" class=\"yoast-schema-graph\">{\"@context\":\"https:\\\/\\\/schema.org\",\"@graph\":[{\"@type\":\"WebPage\",\"@id\":\"https:\\\/\\\/shopatoa.com\\\/ro\\\/luba-eco-family-hartie-igienica-umeda-aloe-vera-50-buc\\\/\",\"url\":\"https:\\\/\\\/shopatoa.com\\\/ro\\\/luba-eco-family-hartie-igienica-umeda-aloe-vera-50-buc\\\/\",\"name\":\"Luba ECO Family h\u00e2rtie igienic\u0103 umed\u0103 Aloe vera 50 buc - SHOPATOA.COM\",\"isPartOf\":{\"@id\":\"https:\\\/\\\/shopatoa.com\\\/ro\\\/#website\"},\"primaryImageOfPage\":{\"@id\":\"https:\\\/\\\/shopatoa.com\\\/ro\\\/luba-eco-family-hartie-igienica-umeda-aloe-vera-50-buc\\\/#primaryimage\"},\"image\":{\"@id\":\"https:\\\/\\\/shopatoa.com\\\/ro\\\/luba-eco-family-hartie-igienica-umeda-aloe-vera-50-buc\\\/#primaryimage\"},\"thumbnailUrl\":\"https:\\\/\\\/storage.googleapis.com\\\/cz-shopatoa-img\\\/ro\\\/baf34612-unnamed-file.webp\",\"datePublished\":\"2025-06-24T06:41:45+00:00\",\"dateModified\":\"2025-06-24T06:42:12+00:00\",\"breadcrumb\":{\"@id\":\"https:\\\/\\\/shopatoa.com\\\/ro\\\/luba-eco-family-hartie-igienica-umeda-aloe-vera-50-buc\\\/#breadcrumb\"},\"inLanguage\":\"ro-RO\",\"potentialAction\":[{\"@type\":\"ReadAction\",\"target\":[\"https:\\\/\\\/shopatoa.com\\\/ro\\\/luba-eco-family-hartie-igienica-umeda-aloe-vera-50-buc\\\/\"]}]},{\"@type\":\"ImageObject\",\"inLanguage\":\"ro-RO\",\"@id\":\"https:\\\/\\\/shopatoa.com\\\/ro\\\/luba-eco-family-hartie-igienica-umeda-aloe-vera-50-buc\\\/#primaryimage\",\"url\":\"https:\\\/\\\/storage.googleapis.com\\\/cz-shopatoa-img\\\/ro\\\/baf34612-unnamed-file.webp\",\"contentUrl\":\"https:\\\/\\\/storage.googleapis.com\\\/cz-shopatoa-img\\\/ro\\\/baf34612-unnamed-file.webp\",\"width\":800,\"height\":800},{\"@type\":\"BreadcrumbList\",\"@id\":\"https:\\\/\\\/shopatoa.com\\\/ro\\\/luba-eco-family-hartie-igienica-umeda-aloe-vera-50-buc\\\/#breadcrumb\",\"itemListElement\":[{\"@type\":\"ListItem\",\"position\":1,\"name\":\"Dom\u016f\",\"item\":\"https:\\\/\\\/shopatoa.com\\\/ro\\\/\"},{\"@type\":\"ListItem\",\"position\":2,\"name\":\"Shop\",\"item\":\"https:\\\/\\\/shopatoa.com\\\/ro\\\/shop\\\/\"},{\"@type\":\"ListItem\",\"position\":3,\"name\":\"Luba ECO Family h\u00e2rtie igienic\u0103 umed\u0103 Aloe vera 50 buc\"}]},{\"@type\":\"WebSite\",\"@id\":\"https:\\\/\\\/shopatoa.com\\\/ro\\\/#website\",\"url\":\"https:\\\/\\\/shopatoa.com\\\/ro\\\/\",\"name\":\"SHOPATOA\",\"description\":\"\",\"publisher\":{\"@id\":\"https:\\\/\\\/shopatoa.com\\\/ro\\\/#organization\"},\"potentialAction\":[{\"@type\":\"SearchAction\",\"target\":{\"@type\":\"EntryPoint\",\"urlTemplate\":\"https:\\\/\\\/shopatoa.com\\\/ro\\\/?s={search_term_string}\"},\"query-input\":{\"@type\":\"PropertyValueSpecification\",\"valueRequired\":true,\"valueName\":\"search_term_string\"}}],\"inLanguage\":\"ro-RO\"},{\"@type\":\"Organization\",\"@id\":\"https:\\\/\\\/shopatoa.com\\\/ro\\\/#organization\",\"name\":\"SHOPATOA\",\"url\":\"https:\\\/\\\/shopatoa.com\\\/ro\\\/\",\"logo\":{\"@type\":\"ImageObject\",\"inLanguage\":\"ro-RO\",\"@id\":\"https:\\\/\\\/shopatoa.com\\\/ro\\\/#\\\/schema\\\/logo\\\/image\\\/\",\"url\":\"https:\\\/\\\/storage.googleapis.com\\\/cz-shopatoa-img\\\/ro\\\/b4dac915-shopatoa_logo.png\",\"contentUrl\":\"https:\\\/\\\/storage.googleapis.com\\\/cz-shopatoa-img\\\/ro\\\/b4dac915-shopatoa_logo.png\",\"width\":416,\"height\":63,\"caption\":\"SHOPATOA\"},\"image\":{\"@id\":\"https:\\\/\\\/shopatoa.com\\\/ro\\\/#\\\/schema\\\/logo\\\/image\\\/\"}}]}<\/script>\n<!-- \/ Yoast SEO plugin. -->","yoast_head_json":{"title":"Luba ECO Family h\u00e2rtie igienic\u0103 umed\u0103 Aloe vera 50 buc - SHOPATOA.COM","robots":{"index":"index","follow":"follow","max-snippet":"max-snippet:-1","max-image-preview":"max-image-preview:large","max-video-preview":"max-video-preview:-1"},"canonical":"https:\/\/shopatoa.com\/ro\/luba-eco-family-hartie-igienica-umeda-aloe-vera-50-buc\/","og_locale":"ro_RO","og_type":"article","og_title":"Luba ECO Family h\u00e2rtie igienic\u0103 umed\u0103 Aloe vera 50 buc - SHOPATOA.COM","og_description":"Luba ECO Family, 50 buc, \u0218erve\u021bele umede pentru copii pentru femei, \u0218erve\u021belele de cur\u0103\u021bare Luba ECO \u00eengrijesc pielea copilului simplu, rapid \u0219i sigur. Caracteristici: \u00eendep\u0103rteaz\u0103 impurit\u0103\u021bile \u00eenvioreaz\u0103 \u0219i revitalizeaz\u0103 pentru corp \u0219i fa\u021b\u0103 parfumeaz\u0103 pielea Ingrediente: con\u021bine cel pu\u021bin 98 % ingrediente de origine natural\u0103 pantenol \u2013 are efecte hidratante \u0219i calmante, amelioreaz\u0103 irita\u021bia, ro\u0219ea\u021ba,...","og_url":"https:\/\/shopatoa.com\/ro\/luba-eco-family-hartie-igienica-umeda-aloe-vera-50-buc\/","og_site_name":"SHOPATOA","article_modified_time":"2025-06-24T06:42:12+00:00","og_image":[{"width":800,"height":800,"url":"https:\/\/storage.googleapis.com\/cz-shopatoa-img\/ro\/baf34612-unnamed-file.webp","type":"image\/webp"}],"twitter_card":"summary_large_image","twitter_misc":{"Timp estimat pentru citire":"1 minut"},"schema":{"@context":"https:\/\/schema.org","@graph":[{"@type":"WebPage","@id":"https:\/\/shopatoa.com\/ro\/luba-eco-family-hartie-igienica-umeda-aloe-vera-50-buc\/","url":"https:\/\/shopatoa.com\/ro\/luba-eco-family-hartie-igienica-umeda-aloe-vera-50-buc\/","name":"Luba ECO Family h\u00e2rtie igienic\u0103 umed\u0103 Aloe vera 50 buc - SHOPATOA.COM","isPartOf":{"@id":"https:\/\/shopatoa.com\/ro\/#website"},"primaryImageOfPage":{"@id":"https:\/\/shopatoa.com\/ro\/luba-eco-family-hartie-igienica-umeda-aloe-vera-50-buc\/#primaryimage"},"image":{"@id":"https:\/\/shopatoa.com\/ro\/luba-eco-family-hartie-igienica-umeda-aloe-vera-50-buc\/#primaryimage"},"thumbnailUrl":"https:\/\/storage.googleapis.com\/cz-shopatoa-img\/ro\/baf34612-unnamed-file.webp","datePublished":"2025-06-24T06:41:45+00:00","dateModified":"2025-06-24T06:42:12+00:00","breadcrumb":{"@id":"https:\/\/shopatoa.com\/ro\/luba-eco-family-hartie-igienica-umeda-aloe-vera-50-buc\/#breadcrumb"},"inLanguage":"ro-RO","potentialAction":[{"@type":"ReadAction","target":["https:\/\/shopatoa.com\/ro\/luba-eco-family-hartie-igienica-umeda-aloe-vera-50-buc\/"]}]},{"@type":"ImageObject","inLanguage":"ro-RO","@id":"https:\/\/shopatoa.com\/ro\/luba-eco-family-hartie-igienica-umeda-aloe-vera-50-buc\/#primaryimage","url":"https:\/\/storage.googleapis.com\/cz-shopatoa-img\/ro\/baf34612-unnamed-file.webp","contentUrl":"https:\/\/storage.googleapis.com\/cz-shopatoa-img\/ro\/baf34612-unnamed-file.webp","width":800,"height":800},{"@type":"BreadcrumbList","@id":"https:\/\/shopatoa.com\/ro\/luba-eco-family-hartie-igienica-umeda-aloe-vera-50-buc\/#breadcrumb","itemListElement":[{"@type":"ListItem","position":1,"name":"Dom\u016f","item":"https:\/\/shopatoa.com\/ro\/"},{"@type":"ListItem","position":2,"name":"Shop","item":"https:\/\/shopatoa.com\/ro\/shop\/"},{"@type":"ListItem","position":3,"name":"Luba ECO Family h\u00e2rtie igienic\u0103 umed\u0103 Aloe vera 50 buc"}]},{"@type":"WebSite","@id":"https:\/\/shopatoa.com\/ro\/#website","url":"https:\/\/shopatoa.com\/ro\/","name":"SHOPATOA","description":"","publisher":{"@id":"https:\/\/shopatoa.com\/ro\/#organization"},"potentialAction":[{"@type":"SearchAction","target":{"@type":"EntryPoint","urlTemplate":"https:\/\/shopatoa.com\/ro\/?s={search_term_string}"},"query-input":{"@type":"PropertyValueSpecification","valueRequired":true,"valueName":"search_term_string"}}],"inLanguage":"ro-RO"},{"@type":"Organization","@id":"https:\/\/shopatoa.com\/ro\/#organization","name":"SHOPATOA","url":"https:\/\/shopatoa.com\/ro\/","logo":{"@type":"ImageObject","inLanguage":"ro-RO","@id":"https:\/\/shopatoa.com\/ro\/#\/schema\/logo\/image\/","url":"https:\/\/storage.googleapis.com\/cz-shopatoa-img\/ro\/b4dac915-shopatoa_logo.png","contentUrl":"https:\/\/storage.googleapis.com\/cz-shopatoa-img\/ro\/b4dac915-shopatoa_logo.png","width":416,"height":63,"caption":"SHOPATOA"},"image":{"@id":"https:\/\/shopatoa.com\/ro\/#\/schema\/logo\/image\/"}}]}},"_links":{"self":[{"href":"https:\/\/shopatoa.com\/ro\/wp-json\/wp\/v2\/product\/438995","targetHints":{"allow":["GET"]}}],"collection":[{"href":"https:\/\/shopatoa.com\/ro\/wp-json\/wp\/v2\/product"}],"about":[{"href":"https:\/\/shopatoa.com\/ro\/wp-json\/wp\/v2\/types\/product"}],"replies":[{"embeddable":true,"href":"https:\/\/shopatoa.com\/ro\/wp-json\/wp\/v2\/comments?post=438995"}],"wp:featuredmedia":[{"embeddable":true,"href":"https:\/\/shopatoa.com\/ro\/wp-json\/wp\/v2\/media\/438996"}],"wp:attachment":[{"href":"https:\/\/shopatoa.com\/ro\/wp-json\/wp\/v2\/media?parent=438995"}],"wp:term":[{"taxonomy":"product_brand","embeddable":true,"href":"https:\/\/shopatoa.com\/ro\/wp-json\/wp\/v2\/product_brand?post=438995"},{"taxonomy":"product_cat","embeddable":true,"href":"https:\/\/shopatoa.com\/ro\/wp-json\/wp\/v2\/product_cat?post=438995"},{"taxonomy":"product_tag","embeddable":true,"href":"https:\/\/shopatoa.com\/ro\/wp-json\/wp\/v2\/product_tag?post=438995"}],"curies":[{"name":"wp","href":"https:\/\/api.w.org\/{rel}","templated":true}]}}