{"id":439001,"date":"2025-06-24T08:41:45","date_gmt":"2025-06-24T06:41:45","guid":{"rendered":"https:\/\/shopatoa.com\/ro\/luba-tuli-panthenol-avocado-oil-servetele-umede-pentru-copii-50-buc\/"},"modified":"2025-10-02T01:41:21","modified_gmt":"2025-10-01T23:41:21","slug":"luba-tuli-panthenol-avocado-oil-servetele-umede-pentru-copii-50-buc","status":"publish","type":"product","link":"https:\/\/shopatoa.com\/ro\/luba-tuli-panthenol-avocado-oil-servetele-umede-pentru-copii-50-buc\/","title":{"rendered":"Luba Tuli Panthenol &amp; Avocado Oil \u0219erve\u021bele umede pentru copii 50 buc"},"content":{"rendered":"<p>Luba Tuli Panthenol &amp; Avocado Oil, 50 buc, \u0218erve\u021bele umede pentru copii pentru copii, Nu v\u0103 fie team\u0103 s\u0103 v\u0103 bucura\u021bi de fiecare moment \u00eempreun\u0103, chiar dac\u0103 bebelu\u0219ul se murd\u0103re\u0219te. \u0218erve\u021belele Luba Tuli Panthenol &amp; Avocado Oil \u00eendep\u0103rteaz\u0103 rapid \u0219i u\u0219or toat\u0103 murd\u0103ria. Acestea vor cur\u0103\u021ba u\u0219or \u0219i eficient pielea sensibil\u0103 a copiilor, dar, \u00een acela\u0219i timp, vor fi suficient de delicate pentru a nu o usca sau irita. V\u0103 vor fi utile pentru \u00eemprosp\u0103tare \u0219i igien\u0103 instantanee acas\u0103 \u0219i \u00een c\u0103l\u0103torii.  Caracteristici:  \u00eendep\u0103rteaz\u0103 impurit\u0103\u021bile \u00eenvioreaz\u0103 \u0219i revitalizeaz\u0103 \u00eengrije\u0219te \u0219i cur\u0103\u021b\u0103 pielea copilului \u00eengrije\u0219te atent pielea copilului  Ingrediente:  produs vegan pantenol \u2013 are efecte hidratante \u0219i calmante, amelioreaz\u0103 irita\u021bia, ro\u0219ea\u021ba, uscarea \u0219i senza\u021biilor de disconfort acid citric \u2013 prin exfoliere, \u00eendep\u0103rteaz\u0103 celulele moarte cutanate, ajut\u0103 la regenerarea stratului superior al pielii, contribuie la uniformizarea, luminarea \u0219i netezirea acesteia  Cum se utilizeaz\u0103: Se cur\u0103\u021b\u0103 delicat pielea copilului. Se utilizeaz\u0103 dup\u0103 cum este necesar. \u0218erve\u021belele sunt de unic\u0103 folosin\u021b\u0103.<\/p>\n","protected":false},"excerpt":{"rendered":"<p>Luba Tuli Panthenol &amp; Avocado Oil, 50 buc, \u0218erve\u021bele umede pentru copii pentru copii, Nu v\u0103 fie team\u0103 s\u0103 v\u0103 bucura\u021bi de fiecare moment \u00eempreun\u0103, chiar dac\u0103 bebelu\u0219ul se murd\u0103re\u0219te. \u0218erve\u021belele Luba Tuli Panthenol &amp; Avocado Oil \u00eendep\u0103rteaz\u0103 rapid \u0219i u\u0219or toat\u0103 murd\u0103ria. Acestea vor cur\u0103\u021ba u\u0219or \u0219i eficient pielea sensibil\u0103 a copiilor, dar, \u00een&#8230;<\/p>\n","protected":false},"featured_media":439002,"comment_status":"closed","ping_status":"open","template":"","meta":{"_acf_changed":false,"_kadence_starter_templates_imported_post":false,"_kad_post_transparent":"","_kad_post_title":"","_kad_post_layout":"","_kad_post_sidebar_id":"","_kad_post_content_style":"","_kad_post_vertical_padding":"","_kad_post_feature":"","_kad_post_feature_position":"","_kad_post_header":false,"_kad_post_footer":false,"_kad_post_classname":""},"product_brand":[3673],"product_cat":[1805,1804,1803,1802,1806],"product_tag":[],"class_list":{"0":"post-439001","1":"product","2":"type-product","3":"status-publish","4":"has-post-thumbnail","6":"product_brand-luba","7":"product_cat-baie-corp","8":"product_cat-cosmetice-ingrijire-personala-sanatate-frumusete","9":"product_cat-ingrijire-personala-sanatate-frumusete","10":"product_cat-sanatate-frumusete","11":"product_cat-servetele-igienice-pentru-adulti","12":"pa_gen-unisex","13":"pa_marime-50-buc","15":"first","16":"instock","17":"sale","18":"product-type-external","19":"entry","20":"content-bg","21":"loop-entry"},"acf":[],"yoast_head":"<!-- This site is optimized with the Yoast SEO plugin v27.4 - https:\/\/yoast.com\/product\/yoast-seo-wordpress\/ -->\n<title>Luba Tuli Panthenol &amp; Avocado Oil \u0219erve\u021bele umede pentru copii 50 buc - SHOPATOA.COM<\/title>\n<meta name=\"robots\" content=\"index, follow, max-snippet:-1, max-image-preview:large, max-video-preview:-1\" \/>\n<link rel=\"canonical\" href=\"https:\/\/shopatoa.com\/ro\/luba-tuli-panthenol-avocado-oil-servetele-umede-pentru-copii-50-buc\/\" \/>\n<meta property=\"og:locale\" content=\"ro_RO\" \/>\n<meta property=\"og:type\" content=\"article\" \/>\n<meta property=\"og:title\" content=\"Luba Tuli Panthenol &amp; Avocado Oil \u0219erve\u021bele umede pentru copii 50 buc - SHOPATOA.COM\" \/>\n<meta property=\"og:description\" content=\"Luba Tuli Panthenol &amp; Avocado Oil, 50 buc, \u0218erve\u021bele umede pentru copii pentru copii, Nu v\u0103 fie team\u0103 s\u0103 v\u0103 bucura\u021bi de fiecare moment \u00eempreun\u0103, chiar dac\u0103 bebelu\u0219ul se murd\u0103re\u0219te. \u0218erve\u021belele Luba Tuli Panthenol &amp; Avocado Oil \u00eendep\u0103rteaz\u0103 rapid \u0219i u\u0219or toat\u0103 murd\u0103ria. Acestea vor cur\u0103\u021ba u\u0219or \u0219i eficient pielea sensibil\u0103 a copiilor, dar, \u00een...\" \/>\n<meta property=\"og:url\" content=\"https:\/\/shopatoa.com\/ro\/luba-tuli-panthenol-avocado-oil-servetele-umede-pentru-copii-50-buc\/\" \/>\n<meta property=\"og:site_name\" content=\"SHOPATOA\" \/>\n<meta property=\"article:modified_time\" content=\"2025-10-01T23:41:21+00:00\" \/>\n<meta property=\"og:image\" content=\"https:\/\/storage.googleapis.com\/cz-shopatoa-img\/ro\/0822d886-unnamed-file.webp\" \/>\n\t<meta property=\"og:image:width\" content=\"800\" \/>\n\t<meta property=\"og:image:height\" content=\"800\" \/>\n\t<meta property=\"og:image:type\" content=\"image\/webp\" \/>\n<meta name=\"twitter:card\" content=\"summary_large_image\" \/>\n<meta name=\"twitter:label1\" content=\"Timp estimat pentru citire\" \/>\n\t<meta name=\"twitter:data1\" content=\"1 minut\" \/>\n<script type=\"application\/ld+json\" class=\"yoast-schema-graph\">{\"@context\":\"https:\\\/\\\/schema.org\",\"@graph\":[{\"@type\":\"WebPage\",\"@id\":\"https:\\\/\\\/shopatoa.com\\\/ro\\\/luba-tuli-panthenol-avocado-oil-servetele-umede-pentru-copii-50-buc\\\/\",\"url\":\"https:\\\/\\\/shopatoa.com\\\/ro\\\/luba-tuli-panthenol-avocado-oil-servetele-umede-pentru-copii-50-buc\\\/\",\"name\":\"Luba Tuli Panthenol & Avocado Oil \u0219erve\u021bele umede pentru copii 50 buc - SHOPATOA.COM\",\"isPartOf\":{\"@id\":\"https:\\\/\\\/shopatoa.com\\\/ro\\\/#website\"},\"primaryImageOfPage\":{\"@id\":\"https:\\\/\\\/shopatoa.com\\\/ro\\\/luba-tuli-panthenol-avocado-oil-servetele-umede-pentru-copii-50-buc\\\/#primaryimage\"},\"image\":{\"@id\":\"https:\\\/\\\/shopatoa.com\\\/ro\\\/luba-tuli-panthenol-avocado-oil-servetele-umede-pentru-copii-50-buc\\\/#primaryimage\"},\"thumbnailUrl\":\"https:\\\/\\\/storage.googleapis.com\\\/cz-shopatoa-img\\\/ro\\\/0822d886-unnamed-file.webp\",\"datePublished\":\"2025-06-24T06:41:45+00:00\",\"dateModified\":\"2025-10-01T23:41:21+00:00\",\"breadcrumb\":{\"@id\":\"https:\\\/\\\/shopatoa.com\\\/ro\\\/luba-tuli-panthenol-avocado-oil-servetele-umede-pentru-copii-50-buc\\\/#breadcrumb\"},\"inLanguage\":\"ro-RO\",\"potentialAction\":[{\"@type\":\"ReadAction\",\"target\":[\"https:\\\/\\\/shopatoa.com\\\/ro\\\/luba-tuli-panthenol-avocado-oil-servetele-umede-pentru-copii-50-buc\\\/\"]}]},{\"@type\":\"ImageObject\",\"inLanguage\":\"ro-RO\",\"@id\":\"https:\\\/\\\/shopatoa.com\\\/ro\\\/luba-tuli-panthenol-avocado-oil-servetele-umede-pentru-copii-50-buc\\\/#primaryimage\",\"url\":\"https:\\\/\\\/storage.googleapis.com\\\/cz-shopatoa-img\\\/ro\\\/0822d886-unnamed-file.webp\",\"contentUrl\":\"https:\\\/\\\/storage.googleapis.com\\\/cz-shopatoa-img\\\/ro\\\/0822d886-unnamed-file.webp\",\"width\":800,\"height\":800},{\"@type\":\"BreadcrumbList\",\"@id\":\"https:\\\/\\\/shopatoa.com\\\/ro\\\/luba-tuli-panthenol-avocado-oil-servetele-umede-pentru-copii-50-buc\\\/#breadcrumb\",\"itemListElement\":[{\"@type\":\"ListItem\",\"position\":1,\"name\":\"Dom\u016f\",\"item\":\"https:\\\/\\\/shopatoa.com\\\/ro\\\/\"},{\"@type\":\"ListItem\",\"position\":2,\"name\":\"Shop\",\"item\":\"https:\\\/\\\/shopatoa.com\\\/ro\\\/shop\\\/\"},{\"@type\":\"ListItem\",\"position\":3,\"name\":\"S\u0103n\u0103tate &amp; Frumuse\u021be\",\"item\":\"https:\\\/\\\/shopatoa.com\\\/ro\\\/sanatate-frumusete\\\/\"},{\"@type\":\"ListItem\",\"position\":4,\"name\":\"\u00cengrijire personal\u0103\",\"item\":\"https:\\\/\\\/shopatoa.com\\\/ro\\\/ingrijire-personala-sanatate-frumusete\\\/\"},{\"@type\":\"ListItem\",\"position\":5,\"name\":\"Cosmetice\",\"item\":\"https:\\\/\\\/shopatoa.com\\\/ro\\\/cosmetice-ingrijire-personala-sanatate-frumusete\\\/\"},{\"@type\":\"ListItem\",\"position\":6,\"name\":\"Baie &amp; Corp\",\"item\":\"https:\\\/\\\/shopatoa.com\\\/ro\\\/baie-corp\\\/\"},{\"@type\":\"ListItem\",\"position\":7,\"name\":\"\u0218erve\u021bele igienice pentru adul\u021bi\",\"item\":\"https:\\\/\\\/shopatoa.com\\\/ro\\\/servetele-igienice-pentru-adulti\\\/\"},{\"@type\":\"ListItem\",\"position\":8,\"name\":\"Luba Tuli Panthenol &amp; Avocado Oil \u0219erve\u021bele umede pentru copii 50 buc\"}]},{\"@type\":\"WebSite\",\"@id\":\"https:\\\/\\\/shopatoa.com\\\/ro\\\/#website\",\"url\":\"https:\\\/\\\/shopatoa.com\\\/ro\\\/\",\"name\":\"SHOPATOA\",\"description\":\"\",\"publisher\":{\"@id\":\"https:\\\/\\\/shopatoa.com\\\/ro\\\/#organization\"},\"potentialAction\":[{\"@type\":\"SearchAction\",\"target\":{\"@type\":\"EntryPoint\",\"urlTemplate\":\"https:\\\/\\\/shopatoa.com\\\/ro\\\/?s={search_term_string}\"},\"query-input\":{\"@type\":\"PropertyValueSpecification\",\"valueRequired\":true,\"valueName\":\"search_term_string\"}}],\"inLanguage\":\"ro-RO\"},{\"@type\":\"Organization\",\"@id\":\"https:\\\/\\\/shopatoa.com\\\/ro\\\/#organization\",\"name\":\"SHOPATOA\",\"url\":\"https:\\\/\\\/shopatoa.com\\\/ro\\\/\",\"logo\":{\"@type\":\"ImageObject\",\"inLanguage\":\"ro-RO\",\"@id\":\"https:\\\/\\\/shopatoa.com\\\/ro\\\/#\\\/schema\\\/logo\\\/image\\\/\",\"url\":\"https:\\\/\\\/storage.googleapis.com\\\/cz-shopatoa-img\\\/ro\\\/b4dac915-shopatoa_logo.png\",\"contentUrl\":\"https:\\\/\\\/storage.googleapis.com\\\/cz-shopatoa-img\\\/ro\\\/b4dac915-shopatoa_logo.png\",\"width\":416,\"height\":63,\"caption\":\"SHOPATOA\"},\"image\":{\"@id\":\"https:\\\/\\\/shopatoa.com\\\/ro\\\/#\\\/schema\\\/logo\\\/image\\\/\"}}]}<\/script>\n<!-- \/ Yoast SEO plugin. -->","yoast_head_json":{"title":"Luba Tuli Panthenol & Avocado Oil \u0219erve\u021bele umede pentru copii 50 buc - SHOPATOA.COM","robots":{"index":"index","follow":"follow","max-snippet":"max-snippet:-1","max-image-preview":"max-image-preview:large","max-video-preview":"max-video-preview:-1"},"canonical":"https:\/\/shopatoa.com\/ro\/luba-tuli-panthenol-avocado-oil-servetele-umede-pentru-copii-50-buc\/","og_locale":"ro_RO","og_type":"article","og_title":"Luba Tuli Panthenol & Avocado Oil \u0219erve\u021bele umede pentru copii 50 buc - SHOPATOA.COM","og_description":"Luba Tuli Panthenol &amp; Avocado Oil, 50 buc, \u0218erve\u021bele umede pentru copii pentru copii, Nu v\u0103 fie team\u0103 s\u0103 v\u0103 bucura\u021bi de fiecare moment \u00eempreun\u0103, chiar dac\u0103 bebelu\u0219ul se murd\u0103re\u0219te. \u0218erve\u021belele Luba Tuli Panthenol &amp; Avocado Oil \u00eendep\u0103rteaz\u0103 rapid \u0219i u\u0219or toat\u0103 murd\u0103ria. Acestea vor cur\u0103\u021ba u\u0219or \u0219i eficient pielea sensibil\u0103 a copiilor, dar, \u00een...","og_url":"https:\/\/shopatoa.com\/ro\/luba-tuli-panthenol-avocado-oil-servetele-umede-pentru-copii-50-buc\/","og_site_name":"SHOPATOA","article_modified_time":"2025-10-01T23:41:21+00:00","og_image":[{"width":800,"height":800,"url":"https:\/\/storage.googleapis.com\/cz-shopatoa-img\/ro\/0822d886-unnamed-file.webp","type":"image\/webp"}],"twitter_card":"summary_large_image","twitter_misc":{"Timp estimat pentru citire":"1 minut"},"schema":{"@context":"https:\/\/schema.org","@graph":[{"@type":"WebPage","@id":"https:\/\/shopatoa.com\/ro\/luba-tuli-panthenol-avocado-oil-servetele-umede-pentru-copii-50-buc\/","url":"https:\/\/shopatoa.com\/ro\/luba-tuli-panthenol-avocado-oil-servetele-umede-pentru-copii-50-buc\/","name":"Luba Tuli Panthenol & Avocado Oil \u0219erve\u021bele umede pentru copii 50 buc - SHOPATOA.COM","isPartOf":{"@id":"https:\/\/shopatoa.com\/ro\/#website"},"primaryImageOfPage":{"@id":"https:\/\/shopatoa.com\/ro\/luba-tuli-panthenol-avocado-oil-servetele-umede-pentru-copii-50-buc\/#primaryimage"},"image":{"@id":"https:\/\/shopatoa.com\/ro\/luba-tuli-panthenol-avocado-oil-servetele-umede-pentru-copii-50-buc\/#primaryimage"},"thumbnailUrl":"https:\/\/storage.googleapis.com\/cz-shopatoa-img\/ro\/0822d886-unnamed-file.webp","datePublished":"2025-06-24T06:41:45+00:00","dateModified":"2025-10-01T23:41:21+00:00","breadcrumb":{"@id":"https:\/\/shopatoa.com\/ro\/luba-tuli-panthenol-avocado-oil-servetele-umede-pentru-copii-50-buc\/#breadcrumb"},"inLanguage":"ro-RO","potentialAction":[{"@type":"ReadAction","target":["https:\/\/shopatoa.com\/ro\/luba-tuli-panthenol-avocado-oil-servetele-umede-pentru-copii-50-buc\/"]}]},{"@type":"ImageObject","inLanguage":"ro-RO","@id":"https:\/\/shopatoa.com\/ro\/luba-tuli-panthenol-avocado-oil-servetele-umede-pentru-copii-50-buc\/#primaryimage","url":"https:\/\/storage.googleapis.com\/cz-shopatoa-img\/ro\/0822d886-unnamed-file.webp","contentUrl":"https:\/\/storage.googleapis.com\/cz-shopatoa-img\/ro\/0822d886-unnamed-file.webp","width":800,"height":800},{"@type":"BreadcrumbList","@id":"https:\/\/shopatoa.com\/ro\/luba-tuli-panthenol-avocado-oil-servetele-umede-pentru-copii-50-buc\/#breadcrumb","itemListElement":[{"@type":"ListItem","position":1,"name":"Dom\u016f","item":"https:\/\/shopatoa.com\/ro\/"},{"@type":"ListItem","position":2,"name":"Shop","item":"https:\/\/shopatoa.com\/ro\/shop\/"},{"@type":"ListItem","position":3,"name":"S\u0103n\u0103tate &amp; Frumuse\u021be","item":"https:\/\/shopatoa.com\/ro\/sanatate-frumusete\/"},{"@type":"ListItem","position":4,"name":"\u00cengrijire personal\u0103","item":"https:\/\/shopatoa.com\/ro\/ingrijire-personala-sanatate-frumusete\/"},{"@type":"ListItem","position":5,"name":"Cosmetice","item":"https:\/\/shopatoa.com\/ro\/cosmetice-ingrijire-personala-sanatate-frumusete\/"},{"@type":"ListItem","position":6,"name":"Baie &amp; Corp","item":"https:\/\/shopatoa.com\/ro\/baie-corp\/"},{"@type":"ListItem","position":7,"name":"\u0218erve\u021bele igienice pentru adul\u021bi","item":"https:\/\/shopatoa.com\/ro\/servetele-igienice-pentru-adulti\/"},{"@type":"ListItem","position":8,"name":"Luba Tuli Panthenol &amp; Avocado Oil \u0219erve\u021bele umede pentru copii 50 buc"}]},{"@type":"WebSite","@id":"https:\/\/shopatoa.com\/ro\/#website","url":"https:\/\/shopatoa.com\/ro\/","name":"SHOPATOA","description":"","publisher":{"@id":"https:\/\/shopatoa.com\/ro\/#organization"},"potentialAction":[{"@type":"SearchAction","target":{"@type":"EntryPoint","urlTemplate":"https:\/\/shopatoa.com\/ro\/?s={search_term_string}"},"query-input":{"@type":"PropertyValueSpecification","valueRequired":true,"valueName":"search_term_string"}}],"inLanguage":"ro-RO"},{"@type":"Organization","@id":"https:\/\/shopatoa.com\/ro\/#organization","name":"SHOPATOA","url":"https:\/\/shopatoa.com\/ro\/","logo":{"@type":"ImageObject","inLanguage":"ro-RO","@id":"https:\/\/shopatoa.com\/ro\/#\/schema\/logo\/image\/","url":"https:\/\/storage.googleapis.com\/cz-shopatoa-img\/ro\/b4dac915-shopatoa_logo.png","contentUrl":"https:\/\/storage.googleapis.com\/cz-shopatoa-img\/ro\/b4dac915-shopatoa_logo.png","width":416,"height":63,"caption":"SHOPATOA"},"image":{"@id":"https:\/\/shopatoa.com\/ro\/#\/schema\/logo\/image\/"}}]}},"_links":{"self":[{"href":"https:\/\/shopatoa.com\/ro\/wp-json\/wp\/v2\/product\/439001","targetHints":{"allow":["GET"]}}],"collection":[{"href":"https:\/\/shopatoa.com\/ro\/wp-json\/wp\/v2\/product"}],"about":[{"href":"https:\/\/shopatoa.com\/ro\/wp-json\/wp\/v2\/types\/product"}],"replies":[{"embeddable":true,"href":"https:\/\/shopatoa.com\/ro\/wp-json\/wp\/v2\/comments?post=439001"}],"wp:featuredmedia":[{"embeddable":true,"href":"https:\/\/shopatoa.com\/ro\/wp-json\/wp\/v2\/media\/439002"}],"wp:attachment":[{"href":"https:\/\/shopatoa.com\/ro\/wp-json\/wp\/v2\/media?parent=439001"}],"wp:term":[{"taxonomy":"product_brand","embeddable":true,"href":"https:\/\/shopatoa.com\/ro\/wp-json\/wp\/v2\/product_brand?post=439001"},{"taxonomy":"product_cat","embeddable":true,"href":"https:\/\/shopatoa.com\/ro\/wp-json\/wp\/v2\/product_cat?post=439001"},{"taxonomy":"product_tag","embeddable":true,"href":"https:\/\/shopatoa.com\/ro\/wp-json\/wp\/v2\/product_tag?post=439001"}],"curies":[{"name":"wp","href":"https:\/\/api.w.org\/{rel}","templated":true}]}}