{"id":439257,"date":"2025-06-24T09:15:46","date_gmt":"2025-06-24T07:15:46","guid":{"rendered":"https:\/\/shopatoa.com\/ro\/olival-immortelle-active-peeling-demachiant-cu-efect-de-peenling-pentru-ten-gras-si-mixt-75-ml\/"},"modified":"2025-06-24T09:16:23","modified_gmt":"2025-06-24T07:16:23","slug":"olival-immortelle-active-peeling-demachiant-cu-efect-de-peenling-pentru-ten-gras-si-mixt-75-ml","status":"publish","type":"product","link":"https:\/\/shopatoa.com\/ro\/olival-immortelle-active-peeling-demachiant-cu-efect-de-peenling-pentru-ten-gras-si-mixt-75-ml\/","title":{"rendered":"Olival Immortelle Active Peeling demachiant cu efect de peenling pentru ten gras \u0219i mixt 75 ml"},"content":{"rendered":"<p>Olival Immortelle Active Peeling, 75 ml, Peelings mec\u00e2nicos pentru femei, Pentru o exfoliere eficient\u0103 de prevenire a imperfec\u021biunilor tenului, nu este neap\u0103rat nevoie s\u0103 apela\u021bi la un salon de cosmetic\u0103. Exfoliantul facial Olival Immortelle Active Peeling va avea grij\u0103 de el \u00een confortul casei dvs. Nu numai c\u0103 \u00eendep\u0103rteaz\u0103 celulele moarte cutanate, care au tendin\u021ba de a bloca porii, de a provoca puncte negre sau aspect tern \u0219i lipsit de str\u0103lucire, ci \u0219i cur\u0103\u021b\u0103 tenul de impurit\u0103\u021bi \u0219i \u00eel neteze\u0219te.  Caracteristici:  spal\u0103 \u0219i cur\u0103\u021b\u0103 temeinic \u00eentreaga fa\u021b\u0103 \u00eenl\u0103tur\u0103 punctele negre \u0219i excesul de sebum neteze\u0219te \u0219i catifeleaz\u0103 pielea ilumineaz\u0103 \u0219i uniformizeaz\u0103 tenul  Ingrediente:  produs vegan  Cum se utilizeaz\u0103: Se aplic\u0103 pe fa\u021ba uscat\u0103, prin masaj delicat, \u0219i se cl\u0103te\u0219te atent cu ap\u0103. Se utilizeaz\u0103 1- 3x s\u0103pt\u0103m\u00e2nal.<\/p>\n","protected":false},"excerpt":{"rendered":"<p>Olival Immortelle Active Peeling, 75 ml, Peelings mec\u00e2nicos pentru femei, Pentru o exfoliere eficient\u0103 de prevenire a imperfec\u021biunilor tenului, nu este neap\u0103rat nevoie s\u0103 apela\u021bi la un salon de cosmetic\u0103. Exfoliantul facial Olival Immortelle Active Peeling va avea grij\u0103 de el \u00een confortul casei dvs. Nu numai c\u0103 \u00eendep\u0103rteaz\u0103 celulele moarte cutanate, care au tendin\u021ba&#8230;<\/p>\n","protected":false},"featured_media":439258,"comment_status":"closed","ping_status":"open","template":"","meta":{"_acf_changed":false,"_kadence_starter_templates_imported_post":false,"_kad_post_transparent":"","_kad_post_title":"","_kad_post_layout":"","_kad_post_sidebar_id":"","_kad_post_content_style":"","_kad_post_vertical_padding":"","_kad_post_feature":"","_kad_post_feature_position":"","_kad_post_header":false,"_kad_post_footer":false,"_kad_post_classname":""},"product_brand":[2277],"product_cat":[1564,1563,1565,1715,1562],"product_tag":[],"class_list":{"0":"post-439257","1":"product","2":"type-product","3":"status-publish","4":"has-post-thumbnail","6":"product_brand-olival","7":"product_cat-cosmetice-ingrijire-personala","8":"product_cat-ingrijire-personala","9":"product_cat-ingrijirea-pielii","10":"product_cat-kituri-de-curatare-faciala","11":"product_cat-sanatate-si-frumusete","12":"pa_gen-female","13":"pa_marime-75-ml","15":"first","16":"instock","17":"sale","18":"product-type-external","19":"entry","20":"content-bg","21":"loop-entry"},"acf":[],"yoast_head":"<!-- This site is optimized with the Yoast SEO plugin v27.4 - https:\/\/yoast.com\/product\/yoast-seo-wordpress\/ -->\n<title>Olival Immortelle Active Peeling demachiant cu efect de peenling pentru ten gras \u0219i mixt 75 ml - SHOPATOA.COM<\/title>\n<meta name=\"robots\" content=\"index, follow, max-snippet:-1, max-image-preview:large, max-video-preview:-1\" \/>\n<link rel=\"canonical\" href=\"https:\/\/shopatoa.com\/ro\/olival-immortelle-active-peeling-demachiant-cu-efect-de-peenling-pentru-ten-gras-si-mixt-75-ml\/\" \/>\n<meta property=\"og:locale\" content=\"ro_RO\" \/>\n<meta property=\"og:type\" content=\"article\" \/>\n<meta property=\"og:title\" content=\"Olival Immortelle Active Peeling demachiant cu efect de peenling pentru ten gras \u0219i mixt 75 ml - SHOPATOA.COM\" \/>\n<meta property=\"og:description\" content=\"Olival Immortelle Active Peeling, 75 ml, Peelings mec\u00e2nicos pentru femei, Pentru o exfoliere eficient\u0103 de prevenire a imperfec\u021biunilor tenului, nu este neap\u0103rat nevoie s\u0103 apela\u021bi la un salon de cosmetic\u0103. Exfoliantul facial Olival Immortelle Active Peeling va avea grij\u0103 de el \u00een confortul casei dvs. Nu numai c\u0103 \u00eendep\u0103rteaz\u0103 celulele moarte cutanate, care au tendin\u021ba...\" \/>\n<meta property=\"og:url\" content=\"https:\/\/shopatoa.com\/ro\/olival-immortelle-active-peeling-demachiant-cu-efect-de-peenling-pentru-ten-gras-si-mixt-75-ml\/\" \/>\n<meta property=\"og:site_name\" content=\"SHOPATOA\" \/>\n<meta property=\"article:modified_time\" content=\"2025-06-24T07:16:23+00:00\" \/>\n<meta property=\"og:image\" content=\"https:\/\/storage.googleapis.com\/cz-shopatoa-img\/ro\/bae0e445-unnamed-file.webp\" \/>\n\t<meta property=\"og:image:width\" content=\"800\" \/>\n\t<meta property=\"og:image:height\" content=\"800\" \/>\n\t<meta property=\"og:image:type\" content=\"image\/webp\" \/>\n<meta name=\"twitter:card\" content=\"summary_large_image\" \/>\n<meta name=\"twitter:label1\" content=\"Timp estimat pentru citire\" \/>\n\t<meta name=\"twitter:data1\" content=\"1 minut\" \/>\n<script type=\"application\/ld+json\" class=\"yoast-schema-graph\">{\"@context\":\"https:\\\/\\\/schema.org\",\"@graph\":[{\"@type\":\"WebPage\",\"@id\":\"https:\\\/\\\/shopatoa.com\\\/ro\\\/olival-immortelle-active-peeling-demachiant-cu-efect-de-peenling-pentru-ten-gras-si-mixt-75-ml\\\/\",\"url\":\"https:\\\/\\\/shopatoa.com\\\/ro\\\/olival-immortelle-active-peeling-demachiant-cu-efect-de-peenling-pentru-ten-gras-si-mixt-75-ml\\\/\",\"name\":\"Olival Immortelle Active Peeling demachiant cu efect de peenling pentru ten gras \u0219i mixt 75 ml - SHOPATOA.COM\",\"isPartOf\":{\"@id\":\"https:\\\/\\\/shopatoa.com\\\/ro\\\/#website\"},\"primaryImageOfPage\":{\"@id\":\"https:\\\/\\\/shopatoa.com\\\/ro\\\/olival-immortelle-active-peeling-demachiant-cu-efect-de-peenling-pentru-ten-gras-si-mixt-75-ml\\\/#primaryimage\"},\"image\":{\"@id\":\"https:\\\/\\\/shopatoa.com\\\/ro\\\/olival-immortelle-active-peeling-demachiant-cu-efect-de-peenling-pentru-ten-gras-si-mixt-75-ml\\\/#primaryimage\"},\"thumbnailUrl\":\"https:\\\/\\\/storage.googleapis.com\\\/cz-shopatoa-img\\\/ro\\\/bae0e445-unnamed-file.webp\",\"datePublished\":\"2025-06-24T07:15:46+00:00\",\"dateModified\":\"2025-06-24T07:16:23+00:00\",\"breadcrumb\":{\"@id\":\"https:\\\/\\\/shopatoa.com\\\/ro\\\/olival-immortelle-active-peeling-demachiant-cu-efect-de-peenling-pentru-ten-gras-si-mixt-75-ml\\\/#breadcrumb\"},\"inLanguage\":\"ro-RO\",\"potentialAction\":[{\"@type\":\"ReadAction\",\"target\":[\"https:\\\/\\\/shopatoa.com\\\/ro\\\/olival-immortelle-active-peeling-demachiant-cu-efect-de-peenling-pentru-ten-gras-si-mixt-75-ml\\\/\"]}]},{\"@type\":\"ImageObject\",\"inLanguage\":\"ro-RO\",\"@id\":\"https:\\\/\\\/shopatoa.com\\\/ro\\\/olival-immortelle-active-peeling-demachiant-cu-efect-de-peenling-pentru-ten-gras-si-mixt-75-ml\\\/#primaryimage\",\"url\":\"https:\\\/\\\/storage.googleapis.com\\\/cz-shopatoa-img\\\/ro\\\/bae0e445-unnamed-file.webp\",\"contentUrl\":\"https:\\\/\\\/storage.googleapis.com\\\/cz-shopatoa-img\\\/ro\\\/bae0e445-unnamed-file.webp\",\"width\":800,\"height\":800},{\"@type\":\"BreadcrumbList\",\"@id\":\"https:\\\/\\\/shopatoa.com\\\/ro\\\/olival-immortelle-active-peeling-demachiant-cu-efect-de-peenling-pentru-ten-gras-si-mixt-75-ml\\\/#breadcrumb\",\"itemListElement\":[{\"@type\":\"ListItem\",\"position\":1,\"name\":\"Dom\u016f\",\"item\":\"https:\\\/\\\/shopatoa.com\\\/ro\\\/\"},{\"@type\":\"ListItem\",\"position\":2,\"name\":\"Shop\",\"item\":\"https:\\\/\\\/shopatoa.com\\\/ro\\\/shop\\\/\"},{\"@type\":\"ListItem\",\"position\":3,\"name\":\"Olival Immortelle Active Peeling demachiant cu efect de peenling pentru ten gras \u0219i mixt 75 ml\"}]},{\"@type\":\"WebSite\",\"@id\":\"https:\\\/\\\/shopatoa.com\\\/ro\\\/#website\",\"url\":\"https:\\\/\\\/shopatoa.com\\\/ro\\\/\",\"name\":\"SHOPATOA\",\"description\":\"\",\"publisher\":{\"@id\":\"https:\\\/\\\/shopatoa.com\\\/ro\\\/#organization\"},\"potentialAction\":[{\"@type\":\"SearchAction\",\"target\":{\"@type\":\"EntryPoint\",\"urlTemplate\":\"https:\\\/\\\/shopatoa.com\\\/ro\\\/?s={search_term_string}\"},\"query-input\":{\"@type\":\"PropertyValueSpecification\",\"valueRequired\":true,\"valueName\":\"search_term_string\"}}],\"inLanguage\":\"ro-RO\"},{\"@type\":\"Organization\",\"@id\":\"https:\\\/\\\/shopatoa.com\\\/ro\\\/#organization\",\"name\":\"SHOPATOA\",\"url\":\"https:\\\/\\\/shopatoa.com\\\/ro\\\/\",\"logo\":{\"@type\":\"ImageObject\",\"inLanguage\":\"ro-RO\",\"@id\":\"https:\\\/\\\/shopatoa.com\\\/ro\\\/#\\\/schema\\\/logo\\\/image\\\/\",\"url\":\"https:\\\/\\\/storage.googleapis.com\\\/cz-shopatoa-img\\\/ro\\\/b4dac915-shopatoa_logo.png\",\"contentUrl\":\"https:\\\/\\\/storage.googleapis.com\\\/cz-shopatoa-img\\\/ro\\\/b4dac915-shopatoa_logo.png\",\"width\":416,\"height\":63,\"caption\":\"SHOPATOA\"},\"image\":{\"@id\":\"https:\\\/\\\/shopatoa.com\\\/ro\\\/#\\\/schema\\\/logo\\\/image\\\/\"}}]}<\/script>\n<!-- \/ Yoast SEO plugin. -->","yoast_head_json":{"title":"Olival Immortelle Active Peeling demachiant cu efect de peenling pentru ten gras \u0219i mixt 75 ml - SHOPATOA.COM","robots":{"index":"index","follow":"follow","max-snippet":"max-snippet:-1","max-image-preview":"max-image-preview:large","max-video-preview":"max-video-preview:-1"},"canonical":"https:\/\/shopatoa.com\/ro\/olival-immortelle-active-peeling-demachiant-cu-efect-de-peenling-pentru-ten-gras-si-mixt-75-ml\/","og_locale":"ro_RO","og_type":"article","og_title":"Olival Immortelle Active Peeling demachiant cu efect de peenling pentru ten gras \u0219i mixt 75 ml - SHOPATOA.COM","og_description":"Olival Immortelle Active Peeling, 75 ml, Peelings mec\u00e2nicos pentru femei, Pentru o exfoliere eficient\u0103 de prevenire a imperfec\u021biunilor tenului, nu este neap\u0103rat nevoie s\u0103 apela\u021bi la un salon de cosmetic\u0103. Exfoliantul facial Olival Immortelle Active Peeling va avea grij\u0103 de el \u00een confortul casei dvs. Nu numai c\u0103 \u00eendep\u0103rteaz\u0103 celulele moarte cutanate, care au tendin\u021ba...","og_url":"https:\/\/shopatoa.com\/ro\/olival-immortelle-active-peeling-demachiant-cu-efect-de-peenling-pentru-ten-gras-si-mixt-75-ml\/","og_site_name":"SHOPATOA","article_modified_time":"2025-06-24T07:16:23+00:00","og_image":[{"width":800,"height":800,"url":"https:\/\/storage.googleapis.com\/cz-shopatoa-img\/ro\/bae0e445-unnamed-file.webp","type":"image\/webp"}],"twitter_card":"summary_large_image","twitter_misc":{"Timp estimat pentru citire":"1 minut"},"schema":{"@context":"https:\/\/schema.org","@graph":[{"@type":"WebPage","@id":"https:\/\/shopatoa.com\/ro\/olival-immortelle-active-peeling-demachiant-cu-efect-de-peenling-pentru-ten-gras-si-mixt-75-ml\/","url":"https:\/\/shopatoa.com\/ro\/olival-immortelle-active-peeling-demachiant-cu-efect-de-peenling-pentru-ten-gras-si-mixt-75-ml\/","name":"Olival Immortelle Active Peeling demachiant cu efect de peenling pentru ten gras \u0219i mixt 75 ml - SHOPATOA.COM","isPartOf":{"@id":"https:\/\/shopatoa.com\/ro\/#website"},"primaryImageOfPage":{"@id":"https:\/\/shopatoa.com\/ro\/olival-immortelle-active-peeling-demachiant-cu-efect-de-peenling-pentru-ten-gras-si-mixt-75-ml\/#primaryimage"},"image":{"@id":"https:\/\/shopatoa.com\/ro\/olival-immortelle-active-peeling-demachiant-cu-efect-de-peenling-pentru-ten-gras-si-mixt-75-ml\/#primaryimage"},"thumbnailUrl":"https:\/\/storage.googleapis.com\/cz-shopatoa-img\/ro\/bae0e445-unnamed-file.webp","datePublished":"2025-06-24T07:15:46+00:00","dateModified":"2025-06-24T07:16:23+00:00","breadcrumb":{"@id":"https:\/\/shopatoa.com\/ro\/olival-immortelle-active-peeling-demachiant-cu-efect-de-peenling-pentru-ten-gras-si-mixt-75-ml\/#breadcrumb"},"inLanguage":"ro-RO","potentialAction":[{"@type":"ReadAction","target":["https:\/\/shopatoa.com\/ro\/olival-immortelle-active-peeling-demachiant-cu-efect-de-peenling-pentru-ten-gras-si-mixt-75-ml\/"]}]},{"@type":"ImageObject","inLanguage":"ro-RO","@id":"https:\/\/shopatoa.com\/ro\/olival-immortelle-active-peeling-demachiant-cu-efect-de-peenling-pentru-ten-gras-si-mixt-75-ml\/#primaryimage","url":"https:\/\/storage.googleapis.com\/cz-shopatoa-img\/ro\/bae0e445-unnamed-file.webp","contentUrl":"https:\/\/storage.googleapis.com\/cz-shopatoa-img\/ro\/bae0e445-unnamed-file.webp","width":800,"height":800},{"@type":"BreadcrumbList","@id":"https:\/\/shopatoa.com\/ro\/olival-immortelle-active-peeling-demachiant-cu-efect-de-peenling-pentru-ten-gras-si-mixt-75-ml\/#breadcrumb","itemListElement":[{"@type":"ListItem","position":1,"name":"Dom\u016f","item":"https:\/\/shopatoa.com\/ro\/"},{"@type":"ListItem","position":2,"name":"Shop","item":"https:\/\/shopatoa.com\/ro\/shop\/"},{"@type":"ListItem","position":3,"name":"Olival Immortelle Active Peeling demachiant cu efect de peenling pentru ten gras \u0219i mixt 75 ml"}]},{"@type":"WebSite","@id":"https:\/\/shopatoa.com\/ro\/#website","url":"https:\/\/shopatoa.com\/ro\/","name":"SHOPATOA","description":"","publisher":{"@id":"https:\/\/shopatoa.com\/ro\/#organization"},"potentialAction":[{"@type":"SearchAction","target":{"@type":"EntryPoint","urlTemplate":"https:\/\/shopatoa.com\/ro\/?s={search_term_string}"},"query-input":{"@type":"PropertyValueSpecification","valueRequired":true,"valueName":"search_term_string"}}],"inLanguage":"ro-RO"},{"@type":"Organization","@id":"https:\/\/shopatoa.com\/ro\/#organization","name":"SHOPATOA","url":"https:\/\/shopatoa.com\/ro\/","logo":{"@type":"ImageObject","inLanguage":"ro-RO","@id":"https:\/\/shopatoa.com\/ro\/#\/schema\/logo\/image\/","url":"https:\/\/storage.googleapis.com\/cz-shopatoa-img\/ro\/b4dac915-shopatoa_logo.png","contentUrl":"https:\/\/storage.googleapis.com\/cz-shopatoa-img\/ro\/b4dac915-shopatoa_logo.png","width":416,"height":63,"caption":"SHOPATOA"},"image":{"@id":"https:\/\/shopatoa.com\/ro\/#\/schema\/logo\/image\/"}}]}},"_links":{"self":[{"href":"https:\/\/shopatoa.com\/ro\/wp-json\/wp\/v2\/product\/439257","targetHints":{"allow":["GET"]}}],"collection":[{"href":"https:\/\/shopatoa.com\/ro\/wp-json\/wp\/v2\/product"}],"about":[{"href":"https:\/\/shopatoa.com\/ro\/wp-json\/wp\/v2\/types\/product"}],"replies":[{"embeddable":true,"href":"https:\/\/shopatoa.com\/ro\/wp-json\/wp\/v2\/comments?post=439257"}],"wp:featuredmedia":[{"embeddable":true,"href":"https:\/\/shopatoa.com\/ro\/wp-json\/wp\/v2\/media\/439258"}],"wp:attachment":[{"href":"https:\/\/shopatoa.com\/ro\/wp-json\/wp\/v2\/media?parent=439257"}],"wp:term":[{"taxonomy":"product_brand","embeddable":true,"href":"https:\/\/shopatoa.com\/ro\/wp-json\/wp\/v2\/product_brand?post=439257"},{"taxonomy":"product_cat","embeddable":true,"href":"https:\/\/shopatoa.com\/ro\/wp-json\/wp\/v2\/product_cat?post=439257"},{"taxonomy":"product_tag","embeddable":true,"href":"https:\/\/shopatoa.com\/ro\/wp-json\/wp\/v2\/product_tag?post=439257"}],"curies":[{"name":"wp","href":"https:\/\/api.w.org\/{rel}","templated":true}]}}