{"id":439659,"date":"2025-06-24T10:02:58","date_gmt":"2025-06-24T08:02:58","guid":{"rendered":"https:\/\/shopatoa.com\/ro\/orientica-luxury-collection-discovery-set-set-cadou-unisex\/"},"modified":"2025-12-06T15:34:28","modified_gmt":"2025-12-06T14:34:28","slug":"orientica-luxury-collection-discovery-set-set-cadou-unisex","status":"publish","type":"product","link":"https:\/\/shopatoa.com\/ro\/orientica-luxury-collection-discovery-set-set-cadou-unisex\/","title":{"rendered":"Orientica Luxury Collection Discovery set set cadou unisex"},"content":{"rendered":"<p>Orientica Luxury Collection Discovery set, 5&#215;7.5 ml, Seturi unisex unisex, De ce a\u021bi r\u0103m\u00e2ne la un singur parfum, c\u00e2nd oferta este at\u00e2t de vast\u0103? Setul de parfumuri unisex Orientica Luxury Collection Discovery set v\u0103 ofer\u0103 modalitatea perfect\u0103 de a experimenta diverse compozi\u021bii parfumate, astfel \u00eenc\u00e2t s\u0103 mirosi\u021bi \u00een fiecare zi altfel. Alterna\u021bi parfumurile conform ocaziei sau dispozi\u021biei de moment \u0219i bucura\u021bi-v\u0103 de diversitatea oferit\u0103 de acest set. Care va fi primul parfum testat?  Caracteristici:  con\u021bine o miniatur\u0103 de parfum design de lux foarte potrivit ca un cadou  Setul con\u021bine:   Orientica Royal Amber Eau de Parfum 7,5 ml  Orientica Royal Blue Eau de Parfum 7,5 ml  Orientica Velvet Gold Eau de Parfum 7,5 ml  Orientica Oud Saffron Eau de Parfum 7,5 ml  Orientica Amber Rouge Eau de Parfum 7,5 ml<\/p>\n","protected":false},"excerpt":{"rendered":"<p>Orientica Luxury Collection Discovery set, 5&#215;7.5 ml, Seturi unisex unisex, De ce a\u021bi r\u0103m\u00e2ne la un singur parfum, c\u00e2nd oferta este at\u00e2t de vast\u0103? Setul de parfumuri unisex Orientica Luxury Collection Discovery set v\u0103 ofer\u0103 modalitatea perfect\u0103 de a experimenta diverse compozi\u021bii parfumate, astfel \u00eenc\u00e2t s\u0103 mirosi\u021bi \u00een fiecare zi altfel. Alterna\u021bi parfumurile conform ocaziei&#8230;<\/p>\n","protected":false},"featured_media":439660,"comment_status":"closed","ping_status":"open","template":"","meta":{"_acf_changed":false,"_kadence_starter_templates_imported_post":false,"_kad_post_transparent":"","_kad_post_title":"","_kad_post_layout":"","_kad_post_sidebar_id":"","_kad_post_content_style":"","_kad_post_vertical_padding":"","_kad_post_feature":"","_kad_post_feature_position":"","_kad_post_header":false,"_kad_post_footer":false,"_kad_post_classname":""},"product_brand":[992],"product_cat":[1564,1563,1562,1651],"product_tag":[],"class_list":{"0":"post-439659","1":"product","2":"type-product","3":"status-publish","4":"has-post-thumbnail","6":"product_brand-orientica","7":"product_cat-cosmetice-ingrijire-personala","8":"product_cat-ingrijire-personala","9":"product_cat-sanatate-si-frumusete","10":"product_cat-seturi-cosmetice","11":"pa_gen-unisex","12":"pa_marime-5x7-5-ml","14":"first","15":"instock","16":"sale","17":"product-type-external","18":"entry","19":"content-bg","20":"loop-entry"},"acf":[],"yoast_head":"<!-- This site is optimized with the Yoast SEO plugin v27.4 - https:\/\/yoast.com\/product\/yoast-seo-wordpress\/ -->\n<title>Orientica Luxury Collection Discovery set set cadou unisex - SHOPATOA.COM<\/title>\n<meta name=\"robots\" content=\"index, follow, max-snippet:-1, max-image-preview:large, max-video-preview:-1\" \/>\n<link rel=\"canonical\" href=\"https:\/\/shopatoa.com\/ro\/orientica-luxury-collection-discovery-set-set-cadou-unisex\/\" \/>\n<meta property=\"og:locale\" content=\"ro_RO\" \/>\n<meta property=\"og:type\" content=\"article\" \/>\n<meta property=\"og:title\" content=\"Orientica Luxury Collection Discovery set set cadou unisex - SHOPATOA.COM\" \/>\n<meta property=\"og:description\" content=\"Orientica Luxury Collection Discovery set, 5&#215;7.5 ml, Seturi unisex unisex, De ce a\u021bi r\u0103m\u00e2ne la un singur parfum, c\u00e2nd oferta este at\u00e2t de vast\u0103? Setul de parfumuri unisex Orientica Luxury Collection Discovery set v\u0103 ofer\u0103 modalitatea perfect\u0103 de a experimenta diverse compozi\u021bii parfumate, astfel \u00eenc\u00e2t s\u0103 mirosi\u021bi \u00een fiecare zi altfel. Alterna\u021bi parfumurile conform ocaziei...\" \/>\n<meta property=\"og:url\" content=\"https:\/\/shopatoa.com\/ro\/orientica-luxury-collection-discovery-set-set-cadou-unisex\/\" \/>\n<meta property=\"og:site_name\" content=\"SHOPATOA\" \/>\n<meta property=\"article:modified_time\" content=\"2025-12-06T14:34:28+00:00\" \/>\n<meta property=\"og:image\" content=\"https:\/\/storage.googleapis.com\/cz-shopatoa-img\/ro\/a177bb5c-unnamed-file.webp\" \/>\n\t<meta property=\"og:image:width\" content=\"800\" \/>\n\t<meta property=\"og:image:height\" content=\"800\" \/>\n\t<meta property=\"og:image:type\" content=\"image\/webp\" \/>\n<meta name=\"twitter:card\" content=\"summary_large_image\" \/>\n<meta name=\"twitter:label1\" content=\"Timp estimat pentru citire\" \/>\n\t<meta name=\"twitter:data1\" content=\"1 minut\" \/>\n<script type=\"application\/ld+json\" class=\"yoast-schema-graph\">{\"@context\":\"https:\\\/\\\/schema.org\",\"@graph\":[{\"@type\":\"WebPage\",\"@id\":\"https:\\\/\\\/shopatoa.com\\\/ro\\\/orientica-luxury-collection-discovery-set-set-cadou-unisex\\\/\",\"url\":\"https:\\\/\\\/shopatoa.com\\\/ro\\\/orientica-luxury-collection-discovery-set-set-cadou-unisex\\\/\",\"name\":\"Orientica Luxury Collection Discovery set set cadou unisex - SHOPATOA.COM\",\"isPartOf\":{\"@id\":\"https:\\\/\\\/shopatoa.com\\\/ro\\\/#website\"},\"primaryImageOfPage\":{\"@id\":\"https:\\\/\\\/shopatoa.com\\\/ro\\\/orientica-luxury-collection-discovery-set-set-cadou-unisex\\\/#primaryimage\"},\"image\":{\"@id\":\"https:\\\/\\\/shopatoa.com\\\/ro\\\/orientica-luxury-collection-discovery-set-set-cadou-unisex\\\/#primaryimage\"},\"thumbnailUrl\":\"https:\\\/\\\/storage.googleapis.com\\\/cz-shopatoa-img\\\/ro\\\/a177bb5c-unnamed-file.webp\",\"datePublished\":\"2025-06-24T08:02:58+00:00\",\"dateModified\":\"2025-12-06T14:34:28+00:00\",\"breadcrumb\":{\"@id\":\"https:\\\/\\\/shopatoa.com\\\/ro\\\/orientica-luxury-collection-discovery-set-set-cadou-unisex\\\/#breadcrumb\"},\"inLanguage\":\"ro-RO\",\"potentialAction\":[{\"@type\":\"ReadAction\",\"target\":[\"https:\\\/\\\/shopatoa.com\\\/ro\\\/orientica-luxury-collection-discovery-set-set-cadou-unisex\\\/\"]}]},{\"@type\":\"ImageObject\",\"inLanguage\":\"ro-RO\",\"@id\":\"https:\\\/\\\/shopatoa.com\\\/ro\\\/orientica-luxury-collection-discovery-set-set-cadou-unisex\\\/#primaryimage\",\"url\":\"https:\\\/\\\/storage.googleapis.com\\\/cz-shopatoa-img\\\/ro\\\/a177bb5c-unnamed-file.webp\",\"contentUrl\":\"https:\\\/\\\/storage.googleapis.com\\\/cz-shopatoa-img\\\/ro\\\/a177bb5c-unnamed-file.webp\",\"width\":800,\"height\":800},{\"@type\":\"BreadcrumbList\",\"@id\":\"https:\\\/\\\/shopatoa.com\\\/ro\\\/orientica-luxury-collection-discovery-set-set-cadou-unisex\\\/#breadcrumb\",\"itemListElement\":[{\"@type\":\"ListItem\",\"position\":1,\"name\":\"Dom\u016f\",\"item\":\"https:\\\/\\\/shopatoa.com\\\/ro\\\/\"},{\"@type\":\"ListItem\",\"position\":2,\"name\":\"Shop\",\"item\":\"https:\\\/\\\/shopatoa.com\\\/ro\\\/shop\\\/\"},{\"@type\":\"ListItem\",\"position\":3,\"name\":\"S\u0103n\u0103tate \u0219i frumuse\u021be\",\"item\":\"https:\\\/\\\/shopatoa.com\\\/ro\\\/sanatate-si-frumusete\\\/\"},{\"@type\":\"ListItem\",\"position\":4,\"name\":\"\u00cengrijire personal\u0103\",\"item\":\"https:\\\/\\\/shopatoa.com\\\/ro\\\/ingrijire-personala\\\/\"},{\"@type\":\"ListItem\",\"position\":5,\"name\":\"Cosmetice\",\"item\":\"https:\\\/\\\/shopatoa.com\\\/ro\\\/cosmetice-ingrijire-personala\\\/\"},{\"@type\":\"ListItem\",\"position\":6,\"name\":\"Seturi cosmetice\",\"item\":\"https:\\\/\\\/shopatoa.com\\\/ro\\\/seturi-cosmetice\\\/\"},{\"@type\":\"ListItem\",\"position\":7,\"name\":\"Orientica Luxury Collection Discovery set set cadou unisex\"}]},{\"@type\":\"WebSite\",\"@id\":\"https:\\\/\\\/shopatoa.com\\\/ro\\\/#website\",\"url\":\"https:\\\/\\\/shopatoa.com\\\/ro\\\/\",\"name\":\"SHOPATOA\",\"description\":\"\",\"publisher\":{\"@id\":\"https:\\\/\\\/shopatoa.com\\\/ro\\\/#organization\"},\"potentialAction\":[{\"@type\":\"SearchAction\",\"target\":{\"@type\":\"EntryPoint\",\"urlTemplate\":\"https:\\\/\\\/shopatoa.com\\\/ro\\\/?s={search_term_string}\"},\"query-input\":{\"@type\":\"PropertyValueSpecification\",\"valueRequired\":true,\"valueName\":\"search_term_string\"}}],\"inLanguage\":\"ro-RO\"},{\"@type\":\"Organization\",\"@id\":\"https:\\\/\\\/shopatoa.com\\\/ro\\\/#organization\",\"name\":\"SHOPATOA\",\"url\":\"https:\\\/\\\/shopatoa.com\\\/ro\\\/\",\"logo\":{\"@type\":\"ImageObject\",\"inLanguage\":\"ro-RO\",\"@id\":\"https:\\\/\\\/shopatoa.com\\\/ro\\\/#\\\/schema\\\/logo\\\/image\\\/\",\"url\":\"https:\\\/\\\/storage.googleapis.com\\\/cz-shopatoa-img\\\/ro\\\/b4dac915-shopatoa_logo.png\",\"contentUrl\":\"https:\\\/\\\/storage.googleapis.com\\\/cz-shopatoa-img\\\/ro\\\/b4dac915-shopatoa_logo.png\",\"width\":416,\"height\":63,\"caption\":\"SHOPATOA\"},\"image\":{\"@id\":\"https:\\\/\\\/shopatoa.com\\\/ro\\\/#\\\/schema\\\/logo\\\/image\\\/\"}}]}<\/script>\n<!-- \/ Yoast SEO plugin. -->","yoast_head_json":{"title":"Orientica Luxury Collection Discovery set set cadou unisex - SHOPATOA.COM","robots":{"index":"index","follow":"follow","max-snippet":"max-snippet:-1","max-image-preview":"max-image-preview:large","max-video-preview":"max-video-preview:-1"},"canonical":"https:\/\/shopatoa.com\/ro\/orientica-luxury-collection-discovery-set-set-cadou-unisex\/","og_locale":"ro_RO","og_type":"article","og_title":"Orientica Luxury Collection Discovery set set cadou unisex - SHOPATOA.COM","og_description":"Orientica Luxury Collection Discovery set, 5&#215;7.5 ml, Seturi unisex unisex, De ce a\u021bi r\u0103m\u00e2ne la un singur parfum, c\u00e2nd oferta este at\u00e2t de vast\u0103? Setul de parfumuri unisex Orientica Luxury Collection Discovery set v\u0103 ofer\u0103 modalitatea perfect\u0103 de a experimenta diverse compozi\u021bii parfumate, astfel \u00eenc\u00e2t s\u0103 mirosi\u021bi \u00een fiecare zi altfel. Alterna\u021bi parfumurile conform ocaziei...","og_url":"https:\/\/shopatoa.com\/ro\/orientica-luxury-collection-discovery-set-set-cadou-unisex\/","og_site_name":"SHOPATOA","article_modified_time":"2025-12-06T14:34:28+00:00","og_image":[{"width":800,"height":800,"url":"https:\/\/storage.googleapis.com\/cz-shopatoa-img\/ro\/a177bb5c-unnamed-file.webp","type":"image\/webp"}],"twitter_card":"summary_large_image","twitter_misc":{"Timp estimat pentru citire":"1 minut"},"schema":{"@context":"https:\/\/schema.org","@graph":[{"@type":"WebPage","@id":"https:\/\/shopatoa.com\/ro\/orientica-luxury-collection-discovery-set-set-cadou-unisex\/","url":"https:\/\/shopatoa.com\/ro\/orientica-luxury-collection-discovery-set-set-cadou-unisex\/","name":"Orientica Luxury Collection Discovery set set cadou unisex - SHOPATOA.COM","isPartOf":{"@id":"https:\/\/shopatoa.com\/ro\/#website"},"primaryImageOfPage":{"@id":"https:\/\/shopatoa.com\/ro\/orientica-luxury-collection-discovery-set-set-cadou-unisex\/#primaryimage"},"image":{"@id":"https:\/\/shopatoa.com\/ro\/orientica-luxury-collection-discovery-set-set-cadou-unisex\/#primaryimage"},"thumbnailUrl":"https:\/\/storage.googleapis.com\/cz-shopatoa-img\/ro\/a177bb5c-unnamed-file.webp","datePublished":"2025-06-24T08:02:58+00:00","dateModified":"2025-12-06T14:34:28+00:00","breadcrumb":{"@id":"https:\/\/shopatoa.com\/ro\/orientica-luxury-collection-discovery-set-set-cadou-unisex\/#breadcrumb"},"inLanguage":"ro-RO","potentialAction":[{"@type":"ReadAction","target":["https:\/\/shopatoa.com\/ro\/orientica-luxury-collection-discovery-set-set-cadou-unisex\/"]}]},{"@type":"ImageObject","inLanguage":"ro-RO","@id":"https:\/\/shopatoa.com\/ro\/orientica-luxury-collection-discovery-set-set-cadou-unisex\/#primaryimage","url":"https:\/\/storage.googleapis.com\/cz-shopatoa-img\/ro\/a177bb5c-unnamed-file.webp","contentUrl":"https:\/\/storage.googleapis.com\/cz-shopatoa-img\/ro\/a177bb5c-unnamed-file.webp","width":800,"height":800},{"@type":"BreadcrumbList","@id":"https:\/\/shopatoa.com\/ro\/orientica-luxury-collection-discovery-set-set-cadou-unisex\/#breadcrumb","itemListElement":[{"@type":"ListItem","position":1,"name":"Dom\u016f","item":"https:\/\/shopatoa.com\/ro\/"},{"@type":"ListItem","position":2,"name":"Shop","item":"https:\/\/shopatoa.com\/ro\/shop\/"},{"@type":"ListItem","position":3,"name":"S\u0103n\u0103tate \u0219i frumuse\u021be","item":"https:\/\/shopatoa.com\/ro\/sanatate-si-frumusete\/"},{"@type":"ListItem","position":4,"name":"\u00cengrijire personal\u0103","item":"https:\/\/shopatoa.com\/ro\/ingrijire-personala\/"},{"@type":"ListItem","position":5,"name":"Cosmetice","item":"https:\/\/shopatoa.com\/ro\/cosmetice-ingrijire-personala\/"},{"@type":"ListItem","position":6,"name":"Seturi cosmetice","item":"https:\/\/shopatoa.com\/ro\/seturi-cosmetice\/"},{"@type":"ListItem","position":7,"name":"Orientica Luxury Collection Discovery set set cadou unisex"}]},{"@type":"WebSite","@id":"https:\/\/shopatoa.com\/ro\/#website","url":"https:\/\/shopatoa.com\/ro\/","name":"SHOPATOA","description":"","publisher":{"@id":"https:\/\/shopatoa.com\/ro\/#organization"},"potentialAction":[{"@type":"SearchAction","target":{"@type":"EntryPoint","urlTemplate":"https:\/\/shopatoa.com\/ro\/?s={search_term_string}"},"query-input":{"@type":"PropertyValueSpecification","valueRequired":true,"valueName":"search_term_string"}}],"inLanguage":"ro-RO"},{"@type":"Organization","@id":"https:\/\/shopatoa.com\/ro\/#organization","name":"SHOPATOA","url":"https:\/\/shopatoa.com\/ro\/","logo":{"@type":"ImageObject","inLanguage":"ro-RO","@id":"https:\/\/shopatoa.com\/ro\/#\/schema\/logo\/image\/","url":"https:\/\/storage.googleapis.com\/cz-shopatoa-img\/ro\/b4dac915-shopatoa_logo.png","contentUrl":"https:\/\/storage.googleapis.com\/cz-shopatoa-img\/ro\/b4dac915-shopatoa_logo.png","width":416,"height":63,"caption":"SHOPATOA"},"image":{"@id":"https:\/\/shopatoa.com\/ro\/#\/schema\/logo\/image\/"}}]}},"_links":{"self":[{"href":"https:\/\/shopatoa.com\/ro\/wp-json\/wp\/v2\/product\/439659","targetHints":{"allow":["GET"]}}],"collection":[{"href":"https:\/\/shopatoa.com\/ro\/wp-json\/wp\/v2\/product"}],"about":[{"href":"https:\/\/shopatoa.com\/ro\/wp-json\/wp\/v2\/types\/product"}],"replies":[{"embeddable":true,"href":"https:\/\/shopatoa.com\/ro\/wp-json\/wp\/v2\/comments?post=439659"}],"wp:featuredmedia":[{"embeddable":true,"href":"https:\/\/shopatoa.com\/ro\/wp-json\/wp\/v2\/media\/439660"}],"wp:attachment":[{"href":"https:\/\/shopatoa.com\/ro\/wp-json\/wp\/v2\/media?parent=439659"}],"wp:term":[{"taxonomy":"product_brand","embeddable":true,"href":"https:\/\/shopatoa.com\/ro\/wp-json\/wp\/v2\/product_brand?post=439659"},{"taxonomy":"product_cat","embeddable":true,"href":"https:\/\/shopatoa.com\/ro\/wp-json\/wp\/v2\/product_cat?post=439659"},{"taxonomy":"product_tag","embeddable":true,"href":"https:\/\/shopatoa.com\/ro\/wp-json\/wp\/v2\/product_tag?post=439659"}],"curies":[{"name":"wp","href":"https:\/\/api.w.org\/{rel}","templated":true}]}}