{"id":439989,"date":"2025-06-24T10:31:09","date_gmt":"2025-06-24T08:31:09","guid":{"rendered":"https:\/\/shopatoa.com\/ro\/herbadent-ubrush-perii-de-rezerva-interdentare-07-mm-pink-10-buc\/"},"modified":"2025-06-24T10:32:48","modified_gmt":"2025-06-24T08:32:48","slug":"herbadent-ubrush-perii-de-rezerva-interdentare-07-mm-pink-10-buc","status":"publish","type":"product","link":"https:\/\/shopatoa.com\/ro\/herbadent-ubrush-perii-de-rezerva-interdentare-07-mm-pink-10-buc\/","title":{"rendered":"Herbadent UBrush! perii de rezerva interdentare 0,7 mm Pink 10 buc"},"content":{"rendered":"<p>Herbadent UBrush!, 10 buc, Periute interdentare unisex, Peria interdentar\u0103 Herbadent UBrush! este un ajutor indispensabil \u00een igiena dentar\u0103. Ajunge \u0219i \u00een locurile greu accesibile, prevenind astfel apari\u021bia cariilor dentare.  Caracteristici:  reduce riscul apari\u021biei cariilor dentare \u00eendep\u0103rteaz\u0103 perfect impurit\u0103\u021bile din spa\u021biile interdentare cur\u0103\u021b\u0103 \u0219i locurile greu accesibile din cavitatea bucal\u0103 u\u0219or de manipulat \u0219i de utilizat nu irit\u0103 \u0219i nu deterioreaz\u0103 din\u021bii sau gingiile  Cum se utilizeaz\u0103: Se introduce periu\u021ba \u00een spa\u021biul interdentar \u0219i se efectueaz\u0103 mi\u0219c\u0103ri de cur\u0103\u021bire, \u00eenainte \u0219i \u00eenapoi.<\/p>\n","protected":false},"excerpt":{"rendered":"<p>Herbadent UBrush!, 10 buc, Periute interdentare unisex, Peria interdentar\u0103 Herbadent UBrush! este un ajutor indispensabil \u00een igiena dentar\u0103. Ajunge \u0219i \u00een locurile greu accesibile, prevenind astfel apari\u021bia cariilor dentare. Caracteristici: reduce riscul apari\u021biei cariilor dentare \u00eendep\u0103rteaz\u0103 perfect impurit\u0103\u021bile din spa\u021biile interdentare cur\u0103\u021b\u0103 \u0219i locurile greu accesibile din cavitatea bucal\u0103 u\u0219or de manipulat \u0219i de utilizat&#8230;<\/p>\n","protected":false},"featured_media":439990,"comment_status":"closed","ping_status":"open","template":"","meta":{"_acf_changed":false,"_kadence_starter_templates_imported_post":false,"_kad_post_transparent":"","_kad_post_title":"","_kad_post_layout":"","_kad_post_sidebar_id":"","_kad_post_content_style":"","_kad_post_vertical_padding":"","_kad_post_feature":"","_kad_post_feature_position":"","_kad_post_header":false,"_kad_post_footer":false,"_kad_post_classname":""},"product_brand":[3696],"product_cat":[1605,1563,1606,1562],"product_tag":[],"class_list":{"0":"post-439989","1":"product","2":"type-product","3":"status-publish","4":"has-post-thumbnail","6":"product_brand-herbadent","7":"product_cat-ingrijire-orala","8":"product_cat-ingrijire-personala","9":"product_cat-periute-de-dinti-ingrijire-orala","10":"product_cat-sanatate-si-frumusete","11":"pa_gen-unisex","12":"pa_marime-10-buc","14":"first","15":"instock","16":"sale","17":"product-type-external","18":"entry","19":"content-bg","20":"loop-entry"},"acf":[],"yoast_head":"<!-- This site is optimized with the Yoast SEO plugin v27.4 - https:\/\/yoast.com\/product\/yoast-seo-wordpress\/ -->\n<title>Herbadent UBrush! perii de rezerva interdentare 0,7 mm Pink 10 buc - SHOPATOA.COM<\/title>\n<meta name=\"robots\" content=\"index, follow, max-snippet:-1, max-image-preview:large, max-video-preview:-1\" \/>\n<link rel=\"canonical\" href=\"https:\/\/shopatoa.com\/ro\/herbadent-ubrush-perii-de-rezerva-interdentare-07-mm-pink-10-buc\/\" \/>\n<meta property=\"og:locale\" content=\"ro_RO\" \/>\n<meta property=\"og:type\" content=\"article\" \/>\n<meta property=\"og:title\" content=\"Herbadent UBrush! perii de rezerva interdentare 0,7 mm Pink 10 buc - SHOPATOA.COM\" \/>\n<meta property=\"og:description\" content=\"Herbadent UBrush!, 10 buc, Periute interdentare unisex, Peria interdentar\u0103 Herbadent UBrush! este un ajutor indispensabil \u00een igiena dentar\u0103. Ajunge \u0219i \u00een locurile greu accesibile, prevenind astfel apari\u021bia cariilor dentare. Caracteristici: reduce riscul apari\u021biei cariilor dentare \u00eendep\u0103rteaz\u0103 perfect impurit\u0103\u021bile din spa\u021biile interdentare cur\u0103\u021b\u0103 \u0219i locurile greu accesibile din cavitatea bucal\u0103 u\u0219or de manipulat \u0219i de utilizat...\" \/>\n<meta property=\"og:url\" content=\"https:\/\/shopatoa.com\/ro\/herbadent-ubrush-perii-de-rezerva-interdentare-07-mm-pink-10-buc\/\" \/>\n<meta property=\"og:site_name\" content=\"SHOPATOA\" \/>\n<meta property=\"article:modified_time\" content=\"2025-06-24T08:32:48+00:00\" \/>\n<meta property=\"og:image\" content=\"https:\/\/storage.googleapis.com\/cz-shopatoa-img\/ro\/701d6f04-unnamed-file.webp\" \/>\n\t<meta property=\"og:image:width\" content=\"800\" \/>\n\t<meta property=\"og:image:height\" content=\"800\" \/>\n\t<meta property=\"og:image:type\" content=\"image\/webp\" \/>\n<meta name=\"twitter:card\" content=\"summary_large_image\" \/>\n<script type=\"application\/ld+json\" class=\"yoast-schema-graph\">{\"@context\":\"https:\\\/\\\/schema.org\",\"@graph\":[{\"@type\":\"WebPage\",\"@id\":\"https:\\\/\\\/shopatoa.com\\\/ro\\\/herbadent-ubrush-perii-de-rezerva-interdentare-07-mm-pink-10-buc\\\/\",\"url\":\"https:\\\/\\\/shopatoa.com\\\/ro\\\/herbadent-ubrush-perii-de-rezerva-interdentare-07-mm-pink-10-buc\\\/\",\"name\":\"Herbadent UBrush! perii de rezerva interdentare 0,7 mm Pink 10 buc - SHOPATOA.COM\",\"isPartOf\":{\"@id\":\"https:\\\/\\\/shopatoa.com\\\/ro\\\/#website\"},\"primaryImageOfPage\":{\"@id\":\"https:\\\/\\\/shopatoa.com\\\/ro\\\/herbadent-ubrush-perii-de-rezerva-interdentare-07-mm-pink-10-buc\\\/#primaryimage\"},\"image\":{\"@id\":\"https:\\\/\\\/shopatoa.com\\\/ro\\\/herbadent-ubrush-perii-de-rezerva-interdentare-07-mm-pink-10-buc\\\/#primaryimage\"},\"thumbnailUrl\":\"https:\\\/\\\/storage.googleapis.com\\\/cz-shopatoa-img\\\/ro\\\/701d6f04-unnamed-file.webp\",\"datePublished\":\"2025-06-24T08:31:09+00:00\",\"dateModified\":\"2025-06-24T08:32:48+00:00\",\"breadcrumb\":{\"@id\":\"https:\\\/\\\/shopatoa.com\\\/ro\\\/herbadent-ubrush-perii-de-rezerva-interdentare-07-mm-pink-10-buc\\\/#breadcrumb\"},\"inLanguage\":\"ro-RO\",\"potentialAction\":[{\"@type\":\"ReadAction\",\"target\":[\"https:\\\/\\\/shopatoa.com\\\/ro\\\/herbadent-ubrush-perii-de-rezerva-interdentare-07-mm-pink-10-buc\\\/\"]}]},{\"@type\":\"ImageObject\",\"inLanguage\":\"ro-RO\",\"@id\":\"https:\\\/\\\/shopatoa.com\\\/ro\\\/herbadent-ubrush-perii-de-rezerva-interdentare-07-mm-pink-10-buc\\\/#primaryimage\",\"url\":\"https:\\\/\\\/storage.googleapis.com\\\/cz-shopatoa-img\\\/ro\\\/701d6f04-unnamed-file.webp\",\"contentUrl\":\"https:\\\/\\\/storage.googleapis.com\\\/cz-shopatoa-img\\\/ro\\\/701d6f04-unnamed-file.webp\",\"width\":800,\"height\":800},{\"@type\":\"BreadcrumbList\",\"@id\":\"https:\\\/\\\/shopatoa.com\\\/ro\\\/herbadent-ubrush-perii-de-rezerva-interdentare-07-mm-pink-10-buc\\\/#breadcrumb\",\"itemListElement\":[{\"@type\":\"ListItem\",\"position\":1,\"name\":\"Dom\u016f\",\"item\":\"https:\\\/\\\/shopatoa.com\\\/ro\\\/\"},{\"@type\":\"ListItem\",\"position\":2,\"name\":\"Shop\",\"item\":\"https:\\\/\\\/shopatoa.com\\\/ro\\\/shop\\\/\"},{\"@type\":\"ListItem\",\"position\":3,\"name\":\"Herbadent UBrush! perii de rezerva interdentare 0,7 mm Pink 10 buc\"}]},{\"@type\":\"WebSite\",\"@id\":\"https:\\\/\\\/shopatoa.com\\\/ro\\\/#website\",\"url\":\"https:\\\/\\\/shopatoa.com\\\/ro\\\/\",\"name\":\"SHOPATOA\",\"description\":\"\",\"publisher\":{\"@id\":\"https:\\\/\\\/shopatoa.com\\\/ro\\\/#organization\"},\"potentialAction\":[{\"@type\":\"SearchAction\",\"target\":{\"@type\":\"EntryPoint\",\"urlTemplate\":\"https:\\\/\\\/shopatoa.com\\\/ro\\\/?s={search_term_string}\"},\"query-input\":{\"@type\":\"PropertyValueSpecification\",\"valueRequired\":true,\"valueName\":\"search_term_string\"}}],\"inLanguage\":\"ro-RO\"},{\"@type\":\"Organization\",\"@id\":\"https:\\\/\\\/shopatoa.com\\\/ro\\\/#organization\",\"name\":\"SHOPATOA\",\"url\":\"https:\\\/\\\/shopatoa.com\\\/ro\\\/\",\"logo\":{\"@type\":\"ImageObject\",\"inLanguage\":\"ro-RO\",\"@id\":\"https:\\\/\\\/shopatoa.com\\\/ro\\\/#\\\/schema\\\/logo\\\/image\\\/\",\"url\":\"https:\\\/\\\/storage.googleapis.com\\\/cz-shopatoa-img\\\/ro\\\/b4dac915-shopatoa_logo.png\",\"contentUrl\":\"https:\\\/\\\/storage.googleapis.com\\\/cz-shopatoa-img\\\/ro\\\/b4dac915-shopatoa_logo.png\",\"width\":416,\"height\":63,\"caption\":\"SHOPATOA\"},\"image\":{\"@id\":\"https:\\\/\\\/shopatoa.com\\\/ro\\\/#\\\/schema\\\/logo\\\/image\\\/\"}}]}<\/script>\n<!-- \/ Yoast SEO plugin. -->","yoast_head_json":{"title":"Herbadent UBrush! perii de rezerva interdentare 0,7 mm Pink 10 buc - SHOPATOA.COM","robots":{"index":"index","follow":"follow","max-snippet":"max-snippet:-1","max-image-preview":"max-image-preview:large","max-video-preview":"max-video-preview:-1"},"canonical":"https:\/\/shopatoa.com\/ro\/herbadent-ubrush-perii-de-rezerva-interdentare-07-mm-pink-10-buc\/","og_locale":"ro_RO","og_type":"article","og_title":"Herbadent UBrush! perii de rezerva interdentare 0,7 mm Pink 10 buc - SHOPATOA.COM","og_description":"Herbadent UBrush!, 10 buc, Periute interdentare unisex, Peria interdentar\u0103 Herbadent UBrush! este un ajutor indispensabil \u00een igiena dentar\u0103. Ajunge \u0219i \u00een locurile greu accesibile, prevenind astfel apari\u021bia cariilor dentare. Caracteristici: reduce riscul apari\u021biei cariilor dentare \u00eendep\u0103rteaz\u0103 perfect impurit\u0103\u021bile din spa\u021biile interdentare cur\u0103\u021b\u0103 \u0219i locurile greu accesibile din cavitatea bucal\u0103 u\u0219or de manipulat \u0219i de utilizat...","og_url":"https:\/\/shopatoa.com\/ro\/herbadent-ubrush-perii-de-rezerva-interdentare-07-mm-pink-10-buc\/","og_site_name":"SHOPATOA","article_modified_time":"2025-06-24T08:32:48+00:00","og_image":[{"width":800,"height":800,"url":"https:\/\/storage.googleapis.com\/cz-shopatoa-img\/ro\/701d6f04-unnamed-file.webp","type":"image\/webp"}],"twitter_card":"summary_large_image","schema":{"@context":"https:\/\/schema.org","@graph":[{"@type":"WebPage","@id":"https:\/\/shopatoa.com\/ro\/herbadent-ubrush-perii-de-rezerva-interdentare-07-mm-pink-10-buc\/","url":"https:\/\/shopatoa.com\/ro\/herbadent-ubrush-perii-de-rezerva-interdentare-07-mm-pink-10-buc\/","name":"Herbadent UBrush! perii de rezerva interdentare 0,7 mm Pink 10 buc - SHOPATOA.COM","isPartOf":{"@id":"https:\/\/shopatoa.com\/ro\/#website"},"primaryImageOfPage":{"@id":"https:\/\/shopatoa.com\/ro\/herbadent-ubrush-perii-de-rezerva-interdentare-07-mm-pink-10-buc\/#primaryimage"},"image":{"@id":"https:\/\/shopatoa.com\/ro\/herbadent-ubrush-perii-de-rezerva-interdentare-07-mm-pink-10-buc\/#primaryimage"},"thumbnailUrl":"https:\/\/storage.googleapis.com\/cz-shopatoa-img\/ro\/701d6f04-unnamed-file.webp","datePublished":"2025-06-24T08:31:09+00:00","dateModified":"2025-06-24T08:32:48+00:00","breadcrumb":{"@id":"https:\/\/shopatoa.com\/ro\/herbadent-ubrush-perii-de-rezerva-interdentare-07-mm-pink-10-buc\/#breadcrumb"},"inLanguage":"ro-RO","potentialAction":[{"@type":"ReadAction","target":["https:\/\/shopatoa.com\/ro\/herbadent-ubrush-perii-de-rezerva-interdentare-07-mm-pink-10-buc\/"]}]},{"@type":"ImageObject","inLanguage":"ro-RO","@id":"https:\/\/shopatoa.com\/ro\/herbadent-ubrush-perii-de-rezerva-interdentare-07-mm-pink-10-buc\/#primaryimage","url":"https:\/\/storage.googleapis.com\/cz-shopatoa-img\/ro\/701d6f04-unnamed-file.webp","contentUrl":"https:\/\/storage.googleapis.com\/cz-shopatoa-img\/ro\/701d6f04-unnamed-file.webp","width":800,"height":800},{"@type":"BreadcrumbList","@id":"https:\/\/shopatoa.com\/ro\/herbadent-ubrush-perii-de-rezerva-interdentare-07-mm-pink-10-buc\/#breadcrumb","itemListElement":[{"@type":"ListItem","position":1,"name":"Dom\u016f","item":"https:\/\/shopatoa.com\/ro\/"},{"@type":"ListItem","position":2,"name":"Shop","item":"https:\/\/shopatoa.com\/ro\/shop\/"},{"@type":"ListItem","position":3,"name":"Herbadent UBrush! perii de rezerva interdentare 0,7 mm Pink 10 buc"}]},{"@type":"WebSite","@id":"https:\/\/shopatoa.com\/ro\/#website","url":"https:\/\/shopatoa.com\/ro\/","name":"SHOPATOA","description":"","publisher":{"@id":"https:\/\/shopatoa.com\/ro\/#organization"},"potentialAction":[{"@type":"SearchAction","target":{"@type":"EntryPoint","urlTemplate":"https:\/\/shopatoa.com\/ro\/?s={search_term_string}"},"query-input":{"@type":"PropertyValueSpecification","valueRequired":true,"valueName":"search_term_string"}}],"inLanguage":"ro-RO"},{"@type":"Organization","@id":"https:\/\/shopatoa.com\/ro\/#organization","name":"SHOPATOA","url":"https:\/\/shopatoa.com\/ro\/","logo":{"@type":"ImageObject","inLanguage":"ro-RO","@id":"https:\/\/shopatoa.com\/ro\/#\/schema\/logo\/image\/","url":"https:\/\/storage.googleapis.com\/cz-shopatoa-img\/ro\/b4dac915-shopatoa_logo.png","contentUrl":"https:\/\/storage.googleapis.com\/cz-shopatoa-img\/ro\/b4dac915-shopatoa_logo.png","width":416,"height":63,"caption":"SHOPATOA"},"image":{"@id":"https:\/\/shopatoa.com\/ro\/#\/schema\/logo\/image\/"}}]}},"_links":{"self":[{"href":"https:\/\/shopatoa.com\/ro\/wp-json\/wp\/v2\/product\/439989","targetHints":{"allow":["GET"]}}],"collection":[{"href":"https:\/\/shopatoa.com\/ro\/wp-json\/wp\/v2\/product"}],"about":[{"href":"https:\/\/shopatoa.com\/ro\/wp-json\/wp\/v2\/types\/product"}],"replies":[{"embeddable":true,"href":"https:\/\/shopatoa.com\/ro\/wp-json\/wp\/v2\/comments?post=439989"}],"wp:featuredmedia":[{"embeddable":true,"href":"https:\/\/shopatoa.com\/ro\/wp-json\/wp\/v2\/media\/439990"}],"wp:attachment":[{"href":"https:\/\/shopatoa.com\/ro\/wp-json\/wp\/v2\/media?parent=439989"}],"wp:term":[{"taxonomy":"product_brand","embeddable":true,"href":"https:\/\/shopatoa.com\/ro\/wp-json\/wp\/v2\/product_brand?post=439989"},{"taxonomy":"product_cat","embeddable":true,"href":"https:\/\/shopatoa.com\/ro\/wp-json\/wp\/v2\/product_cat?post=439989"},{"taxonomy":"product_tag","embeddable":true,"href":"https:\/\/shopatoa.com\/ro\/wp-json\/wp\/v2\/product_tag?post=439989"}],"curies":[{"name":"wp","href":"https:\/\/api.w.org\/{rel}","templated":true}]}}