{"id":440292,"date":"2025-06-24T10:59:52","date_gmt":"2025-06-24T08:59:52","guid":{"rendered":"https:\/\/shopatoa.com\/ro\/wella-professionals-eimi-natural-volume-spuma-pentru-volum-300-ml\/"},"modified":"2025-12-13T18:16:12","modified_gmt":"2025-12-13T17:16:12","slug":"wella-professionals-eimi-natural-volume-spuma-pentru-volum-300-ml","status":"publish","type":"product","link":"https:\/\/shopatoa.com\/ro\/wella-professionals-eimi-natural-volume-spuma-pentru-volum-300-ml\/","title":{"rendered":"Wella Professionals Eimi Natural Volume spuma  pentru volum 300 ml"},"content":{"rendered":"<p>Wella Professionals Eimi Natural Volume, 300 ml, Spume pentru p\u0103r pentru femei, Produsul de fixare Wella Professionals Eimi Natural Volume va asigura fixarea coafurii, va extinde rezisten\u021ba acesteia \u0219i \u00eei va m\u0103ri \u00een acela\u0219i timp volumul. Confer\u0103 p\u0103rului volumul \u0219i str\u0103lucirea dorite, \u00eel ridic\u0103 \u0219i v\u0103 ajut\u0103 s\u0103 v\u0103 modela\u021bi coafura a\u0219a cum v\u0103 place. Datorit\u0103 propriet\u0103\u021bilor sale perfecte de fixare, asigur\u0103 un control maxim asupra coafurii \u0219i men\u021bine p\u0103rul \u00een forma dorit\u0103 pe tot parcursul zilei \u2013 indiferent dac\u0103 lucra\u021bi, face\u021bi sport sau merge\u021bi la o petrecere.  Caracteristici:  fixeaz\u0103 coafura adaug\u0103 volum, de la r\u0103d\u0103cini efect de lung\u0103 durat\u0103, pe care te po\u021bi baza  Cum se utilizeaz\u0103: Se aplic\u0103 pe p\u0103rul uscat. Se modeleaz\u0103 dup\u0103 dorin\u021b\u0103.<\/p>\n","protected":false},"excerpt":{"rendered":"<p>Wella Professionals Eimi Natural Volume, 300 ml, Spume pentru p\u0103r pentru femei, Produsul de fixare Wella Professionals Eimi Natural Volume va asigura fixarea coafurii, va extinde rezisten\u021ba acesteia \u0219i \u00eei va m\u0103ri \u00een acela\u0219i timp volumul. Confer\u0103 p\u0103rului volumul \u0219i str\u0103lucirea dorite, \u00eel ridic\u0103 \u0219i v\u0103 ajut\u0103 s\u0103 v\u0103 modela\u021bi coafura a\u0219a cum v\u0103 place&#8230;.<\/p>\n","protected":false},"featured_media":440293,"comment_status":"closed","ping_status":"open","template":"","meta":{"_acf_changed":false,"_kadence_starter_templates_imported_post":false,"_kad_post_transparent":"","_kad_post_title":"","_kad_post_layout":"","_kad_post_sidebar_id":"","_kad_post_content_style":"","_kad_post_vertical_padding":"","_kad_post_feature":"","_kad_post_feature_position":"","_kad_post_header":false,"_kad_post_footer":false,"_kad_post_classname":""},"product_brand":[189],"product_cat":[1563,1590,1633,1562],"product_tag":[],"class_list":{"0":"post-440292","1":"product","2":"type-product","3":"status-publish","4":"has-post-thumbnail","6":"product_brand-wella-professionals","7":"product_cat-ingrijire-personala","8":"product_cat-ingrijirea-parului","9":"product_cat-produse-de-coafare-a-parului","10":"product_cat-sanatate-si-frumusete","11":"pa_gen-female","12":"pa_marime-300-ml","14":"first","15":"instock","16":"sale","17":"product-type-external","18":"entry","19":"content-bg","20":"loop-entry"},"acf":[],"yoast_head":"<!-- This site is optimized with the Yoast SEO plugin v27.3 - https:\/\/yoast.com\/product\/yoast-seo-wordpress\/ -->\n<title>Wella Professionals Eimi Natural Volume spuma pentru volum 300 ml - SHOPATOA.COM<\/title>\n<meta name=\"robots\" content=\"index, follow, max-snippet:-1, max-image-preview:large, max-video-preview:-1\" \/>\n<link rel=\"canonical\" href=\"https:\/\/shopatoa.com\/ro\/wella-professionals-eimi-natural-volume-spuma-pentru-volum-300-ml\/\" \/>\n<meta property=\"og:locale\" content=\"ro_RO\" \/>\n<meta property=\"og:type\" content=\"article\" \/>\n<meta property=\"og:title\" content=\"Wella Professionals Eimi Natural Volume spuma pentru volum 300 ml - SHOPATOA.COM\" \/>\n<meta property=\"og:description\" content=\"Wella Professionals Eimi Natural Volume, 300 ml, Spume pentru p\u0103r pentru femei, Produsul de fixare Wella Professionals Eimi Natural Volume va asigura fixarea coafurii, va extinde rezisten\u021ba acesteia \u0219i \u00eei va m\u0103ri \u00een acela\u0219i timp volumul. Confer\u0103 p\u0103rului volumul \u0219i str\u0103lucirea dorite, \u00eel ridic\u0103 \u0219i v\u0103 ajut\u0103 s\u0103 v\u0103 modela\u021bi coafura a\u0219a cum v\u0103 place....\" \/>\n<meta property=\"og:url\" content=\"https:\/\/shopatoa.com\/ro\/wella-professionals-eimi-natural-volume-spuma-pentru-volum-300-ml\/\" \/>\n<meta property=\"og:site_name\" content=\"SHOPATOA\" \/>\n<meta property=\"article:modified_time\" content=\"2025-12-13T17:16:12+00:00\" \/>\n<meta property=\"og:image\" content=\"https:\/\/storage.googleapis.com\/cz-shopatoa-img\/ro\/1cc56521-unnamed-file.webp\" \/>\n\t<meta property=\"og:image:width\" content=\"800\" \/>\n\t<meta property=\"og:image:height\" content=\"800\" \/>\n\t<meta property=\"og:image:type\" content=\"image\/webp\" \/>\n<meta name=\"twitter:card\" content=\"summary_large_image\" \/>\n<meta name=\"twitter:label1\" content=\"Timp estimat pentru citire\" \/>\n\t<meta name=\"twitter:data1\" content=\"1 minut\" \/>\n<script type=\"application\/ld+json\" class=\"yoast-schema-graph\">{\"@context\":\"https:\\\/\\\/schema.org\",\"@graph\":[{\"@type\":\"WebPage\",\"@id\":\"https:\\\/\\\/shopatoa.com\\\/ro\\\/wella-professionals-eimi-natural-volume-spuma-pentru-volum-300-ml\\\/\",\"url\":\"https:\\\/\\\/shopatoa.com\\\/ro\\\/wella-professionals-eimi-natural-volume-spuma-pentru-volum-300-ml\\\/\",\"name\":\"Wella Professionals Eimi Natural Volume spuma pentru volum 300 ml - SHOPATOA.COM\",\"isPartOf\":{\"@id\":\"https:\\\/\\\/shopatoa.com\\\/ro\\\/#website\"},\"primaryImageOfPage\":{\"@id\":\"https:\\\/\\\/shopatoa.com\\\/ro\\\/wella-professionals-eimi-natural-volume-spuma-pentru-volum-300-ml\\\/#primaryimage\"},\"image\":{\"@id\":\"https:\\\/\\\/shopatoa.com\\\/ro\\\/wella-professionals-eimi-natural-volume-spuma-pentru-volum-300-ml\\\/#primaryimage\"},\"thumbnailUrl\":\"https:\\\/\\\/storage.googleapis.com\\\/cz-shopatoa-img\\\/ro\\\/1cc56521-unnamed-file.webp\",\"datePublished\":\"2025-06-24T08:59:52+00:00\",\"dateModified\":\"2025-12-13T17:16:12+00:00\",\"breadcrumb\":{\"@id\":\"https:\\\/\\\/shopatoa.com\\\/ro\\\/wella-professionals-eimi-natural-volume-spuma-pentru-volum-300-ml\\\/#breadcrumb\"},\"inLanguage\":\"ro-RO\",\"potentialAction\":[{\"@type\":\"ReadAction\",\"target\":[\"https:\\\/\\\/shopatoa.com\\\/ro\\\/wella-professionals-eimi-natural-volume-spuma-pentru-volum-300-ml\\\/\"]}]},{\"@type\":\"ImageObject\",\"inLanguage\":\"ro-RO\",\"@id\":\"https:\\\/\\\/shopatoa.com\\\/ro\\\/wella-professionals-eimi-natural-volume-spuma-pentru-volum-300-ml\\\/#primaryimage\",\"url\":\"https:\\\/\\\/storage.googleapis.com\\\/cz-shopatoa-img\\\/ro\\\/1cc56521-unnamed-file.webp\",\"contentUrl\":\"https:\\\/\\\/storage.googleapis.com\\\/cz-shopatoa-img\\\/ro\\\/1cc56521-unnamed-file.webp\",\"width\":800,\"height\":800},{\"@type\":\"BreadcrumbList\",\"@id\":\"https:\\\/\\\/shopatoa.com\\\/ro\\\/wella-professionals-eimi-natural-volume-spuma-pentru-volum-300-ml\\\/#breadcrumb\",\"itemListElement\":[{\"@type\":\"ListItem\",\"position\":1,\"name\":\"Dom\u016f\",\"item\":\"https:\\\/\\\/shopatoa.com\\\/ro\\\/\"},{\"@type\":\"ListItem\",\"position\":2,\"name\":\"Shop\",\"item\":\"https:\\\/\\\/shopatoa.com\\\/ro\\\/shop\\\/\"},{\"@type\":\"ListItem\",\"position\":3,\"name\":\"S\u0103n\u0103tate \u0219i frumuse\u021be\",\"item\":\"https:\\\/\\\/shopatoa.com\\\/ro\\\/sanatate-si-frumusete\\\/\"},{\"@type\":\"ListItem\",\"position\":4,\"name\":\"\u00cengrijire personal\u0103\",\"item\":\"https:\\\/\\\/shopatoa.com\\\/ro\\\/ingrijire-personala\\\/\"},{\"@type\":\"ListItem\",\"position\":5,\"name\":\"\u00cengrijirea p\u0103rului\",\"item\":\"https:\\\/\\\/shopatoa.com\\\/ro\\\/ingrijirea-parului\\\/\"},{\"@type\":\"ListItem\",\"position\":6,\"name\":\"Produse de coafare a p\u0103rului\",\"item\":\"https:\\\/\\\/shopatoa.com\\\/ro\\\/produse-de-coafare-a-parului\\\/\"},{\"@type\":\"ListItem\",\"position\":7,\"name\":\"Wella Professionals Eimi Natural Volume spuma pentru volum 300 ml\"}]},{\"@type\":\"WebSite\",\"@id\":\"https:\\\/\\\/shopatoa.com\\\/ro\\\/#website\",\"url\":\"https:\\\/\\\/shopatoa.com\\\/ro\\\/\",\"name\":\"SHOPATOA\",\"description\":\"\",\"publisher\":{\"@id\":\"https:\\\/\\\/shopatoa.com\\\/ro\\\/#organization\"},\"potentialAction\":[{\"@type\":\"SearchAction\",\"target\":{\"@type\":\"EntryPoint\",\"urlTemplate\":\"https:\\\/\\\/shopatoa.com\\\/ro\\\/?s={search_term_string}\"},\"query-input\":{\"@type\":\"PropertyValueSpecification\",\"valueRequired\":true,\"valueName\":\"search_term_string\"}}],\"inLanguage\":\"ro-RO\"},{\"@type\":\"Organization\",\"@id\":\"https:\\\/\\\/shopatoa.com\\\/ro\\\/#organization\",\"name\":\"SHOPATOA\",\"url\":\"https:\\\/\\\/shopatoa.com\\\/ro\\\/\",\"logo\":{\"@type\":\"ImageObject\",\"inLanguage\":\"ro-RO\",\"@id\":\"https:\\\/\\\/shopatoa.com\\\/ro\\\/#\\\/schema\\\/logo\\\/image\\\/\",\"url\":\"https:\\\/\\\/storage.googleapis.com\\\/cz-shopatoa-img\\\/ro\\\/b4dac915-shopatoa_logo.png\",\"contentUrl\":\"https:\\\/\\\/storage.googleapis.com\\\/cz-shopatoa-img\\\/ro\\\/b4dac915-shopatoa_logo.png\",\"width\":416,\"height\":63,\"caption\":\"SHOPATOA\"},\"image\":{\"@id\":\"https:\\\/\\\/shopatoa.com\\\/ro\\\/#\\\/schema\\\/logo\\\/image\\\/\"}}]}<\/script>\n<!-- \/ Yoast SEO plugin. -->","yoast_head_json":{"title":"Wella Professionals Eimi Natural Volume spuma pentru volum 300 ml - SHOPATOA.COM","robots":{"index":"index","follow":"follow","max-snippet":"max-snippet:-1","max-image-preview":"max-image-preview:large","max-video-preview":"max-video-preview:-1"},"canonical":"https:\/\/shopatoa.com\/ro\/wella-professionals-eimi-natural-volume-spuma-pentru-volum-300-ml\/","og_locale":"ro_RO","og_type":"article","og_title":"Wella Professionals Eimi Natural Volume spuma pentru volum 300 ml - SHOPATOA.COM","og_description":"Wella Professionals Eimi Natural Volume, 300 ml, Spume pentru p\u0103r pentru femei, Produsul de fixare Wella Professionals Eimi Natural Volume va asigura fixarea coafurii, va extinde rezisten\u021ba acesteia \u0219i \u00eei va m\u0103ri \u00een acela\u0219i timp volumul. Confer\u0103 p\u0103rului volumul \u0219i str\u0103lucirea dorite, \u00eel ridic\u0103 \u0219i v\u0103 ajut\u0103 s\u0103 v\u0103 modela\u021bi coafura a\u0219a cum v\u0103 place....","og_url":"https:\/\/shopatoa.com\/ro\/wella-professionals-eimi-natural-volume-spuma-pentru-volum-300-ml\/","og_site_name":"SHOPATOA","article_modified_time":"2025-12-13T17:16:12+00:00","og_image":[{"width":800,"height":800,"url":"https:\/\/storage.googleapis.com\/cz-shopatoa-img\/ro\/1cc56521-unnamed-file.webp","type":"image\/webp"}],"twitter_card":"summary_large_image","twitter_misc":{"Timp estimat pentru citire":"1 minut"},"schema":{"@context":"https:\/\/schema.org","@graph":[{"@type":"WebPage","@id":"https:\/\/shopatoa.com\/ro\/wella-professionals-eimi-natural-volume-spuma-pentru-volum-300-ml\/","url":"https:\/\/shopatoa.com\/ro\/wella-professionals-eimi-natural-volume-spuma-pentru-volum-300-ml\/","name":"Wella Professionals Eimi Natural Volume spuma pentru volum 300 ml - SHOPATOA.COM","isPartOf":{"@id":"https:\/\/shopatoa.com\/ro\/#website"},"primaryImageOfPage":{"@id":"https:\/\/shopatoa.com\/ro\/wella-professionals-eimi-natural-volume-spuma-pentru-volum-300-ml\/#primaryimage"},"image":{"@id":"https:\/\/shopatoa.com\/ro\/wella-professionals-eimi-natural-volume-spuma-pentru-volum-300-ml\/#primaryimage"},"thumbnailUrl":"https:\/\/storage.googleapis.com\/cz-shopatoa-img\/ro\/1cc56521-unnamed-file.webp","datePublished":"2025-06-24T08:59:52+00:00","dateModified":"2025-12-13T17:16:12+00:00","breadcrumb":{"@id":"https:\/\/shopatoa.com\/ro\/wella-professionals-eimi-natural-volume-spuma-pentru-volum-300-ml\/#breadcrumb"},"inLanguage":"ro-RO","potentialAction":[{"@type":"ReadAction","target":["https:\/\/shopatoa.com\/ro\/wella-professionals-eimi-natural-volume-spuma-pentru-volum-300-ml\/"]}]},{"@type":"ImageObject","inLanguage":"ro-RO","@id":"https:\/\/shopatoa.com\/ro\/wella-professionals-eimi-natural-volume-spuma-pentru-volum-300-ml\/#primaryimage","url":"https:\/\/storage.googleapis.com\/cz-shopatoa-img\/ro\/1cc56521-unnamed-file.webp","contentUrl":"https:\/\/storage.googleapis.com\/cz-shopatoa-img\/ro\/1cc56521-unnamed-file.webp","width":800,"height":800},{"@type":"BreadcrumbList","@id":"https:\/\/shopatoa.com\/ro\/wella-professionals-eimi-natural-volume-spuma-pentru-volum-300-ml\/#breadcrumb","itemListElement":[{"@type":"ListItem","position":1,"name":"Dom\u016f","item":"https:\/\/shopatoa.com\/ro\/"},{"@type":"ListItem","position":2,"name":"Shop","item":"https:\/\/shopatoa.com\/ro\/shop\/"},{"@type":"ListItem","position":3,"name":"S\u0103n\u0103tate \u0219i frumuse\u021be","item":"https:\/\/shopatoa.com\/ro\/sanatate-si-frumusete\/"},{"@type":"ListItem","position":4,"name":"\u00cengrijire personal\u0103","item":"https:\/\/shopatoa.com\/ro\/ingrijire-personala\/"},{"@type":"ListItem","position":5,"name":"\u00cengrijirea p\u0103rului","item":"https:\/\/shopatoa.com\/ro\/ingrijirea-parului\/"},{"@type":"ListItem","position":6,"name":"Produse de coafare a p\u0103rului","item":"https:\/\/shopatoa.com\/ro\/produse-de-coafare-a-parului\/"},{"@type":"ListItem","position":7,"name":"Wella Professionals Eimi Natural Volume spuma pentru volum 300 ml"}]},{"@type":"WebSite","@id":"https:\/\/shopatoa.com\/ro\/#website","url":"https:\/\/shopatoa.com\/ro\/","name":"SHOPATOA","description":"","publisher":{"@id":"https:\/\/shopatoa.com\/ro\/#organization"},"potentialAction":[{"@type":"SearchAction","target":{"@type":"EntryPoint","urlTemplate":"https:\/\/shopatoa.com\/ro\/?s={search_term_string}"},"query-input":{"@type":"PropertyValueSpecification","valueRequired":true,"valueName":"search_term_string"}}],"inLanguage":"ro-RO"},{"@type":"Organization","@id":"https:\/\/shopatoa.com\/ro\/#organization","name":"SHOPATOA","url":"https:\/\/shopatoa.com\/ro\/","logo":{"@type":"ImageObject","inLanguage":"ro-RO","@id":"https:\/\/shopatoa.com\/ro\/#\/schema\/logo\/image\/","url":"https:\/\/storage.googleapis.com\/cz-shopatoa-img\/ro\/b4dac915-shopatoa_logo.png","contentUrl":"https:\/\/storage.googleapis.com\/cz-shopatoa-img\/ro\/b4dac915-shopatoa_logo.png","width":416,"height":63,"caption":"SHOPATOA"},"image":{"@id":"https:\/\/shopatoa.com\/ro\/#\/schema\/logo\/image\/"}}]}},"_links":{"self":[{"href":"https:\/\/shopatoa.com\/ro\/wp-json\/wp\/v2\/product\/440292","targetHints":{"allow":["GET"]}}],"collection":[{"href":"https:\/\/shopatoa.com\/ro\/wp-json\/wp\/v2\/product"}],"about":[{"href":"https:\/\/shopatoa.com\/ro\/wp-json\/wp\/v2\/types\/product"}],"replies":[{"embeddable":true,"href":"https:\/\/shopatoa.com\/ro\/wp-json\/wp\/v2\/comments?post=440292"}],"wp:featuredmedia":[{"embeddable":true,"href":"https:\/\/shopatoa.com\/ro\/wp-json\/wp\/v2\/media\/440293"}],"wp:attachment":[{"href":"https:\/\/shopatoa.com\/ro\/wp-json\/wp\/v2\/media?parent=440292"}],"wp:term":[{"taxonomy":"product_brand","embeddable":true,"href":"https:\/\/shopatoa.com\/ro\/wp-json\/wp\/v2\/product_brand?post=440292"},{"taxonomy":"product_cat","embeddable":true,"href":"https:\/\/shopatoa.com\/ro\/wp-json\/wp\/v2\/product_cat?post=440292"},{"taxonomy":"product_tag","embeddable":true,"href":"https:\/\/shopatoa.com\/ro\/wp-json\/wp\/v2\/product_tag?post=440292"}],"curies":[{"name":"wp","href":"https:\/\/api.w.org\/{rel}","templated":true}]}}