{"id":440314,"date":"2025-06-24T11:01:41","date_gmt":"2025-06-24T09:01:41","guid":{"rendered":"https:\/\/shopatoa.com\/ro\/inglot-basic-baza-pentru-fardul-de-ochi-10-ml\/"},"modified":"2025-12-13T18:15:43","modified_gmt":"2025-12-13T17:15:43","slug":"inglot-basic-baza-pentru-fardul-de-ochi-10-ml","status":"publish","type":"product","link":"https:\/\/shopatoa.com\/ro\/inglot-basic-baza-pentru-fardul-de-ochi-10-ml\/","title":{"rendered":"Inglot Basic baza pentru fardul de ochi 10 ml"},"content":{"rendered":"<p>Inglot Basic, 10 ml, baza pentru fardul de pleoape pentru femei, Un machiaj perfect al ochilor care s\u0103 reziste frumos \u0219i intens toat\u0103 ziua? Nu trebuie s\u0103 fie doar o simpl\u0103 dorin\u021b\u0103. Baza pentru fard de ochi InglotBasic preg\u0103te\u0219te ideal pleoapele pentru machiajul urm\u0103tor, faciliteaz\u0103 aplicarea fardului de ochi \u0219i favorizeaz\u0103 at\u00e2t intensitatea, c\u00e2t \u0219i rezisten\u021ba acestuia. Textura ei se contope\u0219te perfect cu tenul, f\u0103r\u0103 s\u0103 se depun\u0103 \u00een pliul pleoapei. \u00cen timpul zilei, va \u00eempiedica estomparea fardurilor \u0219i scurgerea lor \u00een pliul pleoapei, asigur\u00e2nd o culoare mai intens\u0103 \u0219i o rezisten\u021b\u0103 mai \u00eendelungat\u0103 a efectului lor.  Caracteristici:  intensific\u0103 nuan\u021ba fardului de ochi faciliteaz\u0103 fondul de ten ochilor prelunge\u0219te aspectul perfect al fardului de ochi  Cum se utilizeaz\u0103: Baza se aplic\u0103 \u00een strat sub\u021bire, pe \u00eentreaga pleoap\u0103 \u0219i se \u00eentinde uniform. Se continu\u0103 cu aplicarea fardului.<\/p>\n","protected":false},"excerpt":{"rendered":"<p>Inglot Basic, 10 ml, baza pentru fardul de pleoape pentru femei, Un machiaj perfect al ochilor care s\u0103 reziste frumos \u0219i intens toat\u0103 ziua? Nu trebuie s\u0103 fie doar o simpl\u0103 dorin\u021b\u0103. Baza pentru fard de ochi InglotBasic preg\u0103te\u0219te ideal pleoapele pentru machiajul urm\u0103tor, faciliteaz\u0103 aplicarea fardului de ochi \u0219i favorizeaz\u0103 at\u00e2t intensitatea, c\u00e2t \u0219i&#8230;<\/p>\n","protected":false},"featured_media":440315,"comment_status":"closed","ping_status":"open","template":"","meta":{"_acf_changed":false,"_kadence_starter_templates_imported_post":false,"_kad_post_transparent":"","_kad_post_title":"","_kad_post_layout":"","_kad_post_sidebar_id":"","_kad_post_content_style":"","_kad_post_vertical_padding":"","_kad_post_feature":"","_kad_post_feature_position":"","_kad_post_header":false,"_kad_post_footer":false,"_kad_post_classname":""},"product_brand":[2328],"product_cat":[1564,1600,1563,1576,1599,1562],"product_tag":[],"class_list":{"0":"post-440314","1":"product","2":"type-product","3":"status-publish","4":"has-post-thumbnail","6":"product_brand-inglot","7":"product_cat-cosmetice-ingrijire-personala","8":"product_cat-fard-de-pleoape","9":"product_cat-ingrijire-personala","10":"product_cat-machiaj","11":"product_cat-machiaj-pentru-ochi-machiaj","12":"product_cat-sanatate-si-frumusete","13":"pa_gen-female","14":"pa_marime-10-ml","16":"first","17":"instock","18":"product-type-external","19":"entry","20":"content-bg","21":"loop-entry"},"acf":[],"yoast_head":"<!-- This site is optimized with the Yoast SEO plugin v27.3 - https:\/\/yoast.com\/product\/yoast-seo-wordpress\/ -->\n<title>Inglot Basic baza pentru fardul de ochi 10 ml - SHOPATOA.COM<\/title>\n<meta name=\"robots\" content=\"index, follow, max-snippet:-1, max-image-preview:large, max-video-preview:-1\" \/>\n<link rel=\"canonical\" href=\"https:\/\/shopatoa.com\/ro\/inglot-basic-baza-pentru-fardul-de-ochi-10-ml\/\" \/>\n<meta property=\"og:locale\" content=\"ro_RO\" \/>\n<meta property=\"og:type\" content=\"article\" \/>\n<meta property=\"og:title\" content=\"Inglot Basic baza pentru fardul de ochi 10 ml - SHOPATOA.COM\" \/>\n<meta property=\"og:description\" content=\"Inglot Basic, 10 ml, baza pentru fardul de pleoape pentru femei, Un machiaj perfect al ochilor care s\u0103 reziste frumos \u0219i intens toat\u0103 ziua? Nu trebuie s\u0103 fie doar o simpl\u0103 dorin\u021b\u0103. Baza pentru fard de ochi InglotBasic preg\u0103te\u0219te ideal pleoapele pentru machiajul urm\u0103tor, faciliteaz\u0103 aplicarea fardului de ochi \u0219i favorizeaz\u0103 at\u00e2t intensitatea, c\u00e2t \u0219i...\" \/>\n<meta property=\"og:url\" content=\"https:\/\/shopatoa.com\/ro\/inglot-basic-baza-pentru-fardul-de-ochi-10-ml\/\" \/>\n<meta property=\"og:site_name\" content=\"SHOPATOA\" \/>\n<meta property=\"article:modified_time\" content=\"2025-12-13T17:15:43+00:00\" \/>\n<meta property=\"og:image\" content=\"https:\/\/storage.googleapis.com\/cz-shopatoa-img\/ro\/9985e190-unnamed-file.webp\" \/>\n\t<meta property=\"og:image:width\" content=\"800\" \/>\n\t<meta property=\"og:image:height\" content=\"800\" \/>\n\t<meta property=\"og:image:type\" content=\"image\/webp\" \/>\n<meta name=\"twitter:card\" content=\"summary_large_image\" \/>\n<meta name=\"twitter:label1\" content=\"Timp estimat pentru citire\" \/>\n\t<meta name=\"twitter:data1\" content=\"1 minut\" \/>\n<script type=\"application\/ld+json\" class=\"yoast-schema-graph\">{\"@context\":\"https:\\\/\\\/schema.org\",\"@graph\":[{\"@type\":\"WebPage\",\"@id\":\"https:\\\/\\\/shopatoa.com\\\/ro\\\/inglot-basic-baza-pentru-fardul-de-ochi-10-ml\\\/\",\"url\":\"https:\\\/\\\/shopatoa.com\\\/ro\\\/inglot-basic-baza-pentru-fardul-de-ochi-10-ml\\\/\",\"name\":\"Inglot Basic baza pentru fardul de ochi 10 ml - SHOPATOA.COM\",\"isPartOf\":{\"@id\":\"https:\\\/\\\/shopatoa.com\\\/ro\\\/#website\"},\"primaryImageOfPage\":{\"@id\":\"https:\\\/\\\/shopatoa.com\\\/ro\\\/inglot-basic-baza-pentru-fardul-de-ochi-10-ml\\\/#primaryimage\"},\"image\":{\"@id\":\"https:\\\/\\\/shopatoa.com\\\/ro\\\/inglot-basic-baza-pentru-fardul-de-ochi-10-ml\\\/#primaryimage\"},\"thumbnailUrl\":\"https:\\\/\\\/storage.googleapis.com\\\/cz-shopatoa-img\\\/ro\\\/9985e190-unnamed-file.webp\",\"datePublished\":\"2025-06-24T09:01:41+00:00\",\"dateModified\":\"2025-12-13T17:15:43+00:00\",\"breadcrumb\":{\"@id\":\"https:\\\/\\\/shopatoa.com\\\/ro\\\/inglot-basic-baza-pentru-fardul-de-ochi-10-ml\\\/#breadcrumb\"},\"inLanguage\":\"ro-RO\",\"potentialAction\":[{\"@type\":\"ReadAction\",\"target\":[\"https:\\\/\\\/shopatoa.com\\\/ro\\\/inglot-basic-baza-pentru-fardul-de-ochi-10-ml\\\/\"]}]},{\"@type\":\"ImageObject\",\"inLanguage\":\"ro-RO\",\"@id\":\"https:\\\/\\\/shopatoa.com\\\/ro\\\/inglot-basic-baza-pentru-fardul-de-ochi-10-ml\\\/#primaryimage\",\"url\":\"https:\\\/\\\/storage.googleapis.com\\\/cz-shopatoa-img\\\/ro\\\/9985e190-unnamed-file.webp\",\"contentUrl\":\"https:\\\/\\\/storage.googleapis.com\\\/cz-shopatoa-img\\\/ro\\\/9985e190-unnamed-file.webp\",\"width\":800,\"height\":800},{\"@type\":\"BreadcrumbList\",\"@id\":\"https:\\\/\\\/shopatoa.com\\\/ro\\\/inglot-basic-baza-pentru-fardul-de-ochi-10-ml\\\/#breadcrumb\",\"itemListElement\":[{\"@type\":\"ListItem\",\"position\":1,\"name\":\"Dom\u016f\",\"item\":\"https:\\\/\\\/shopatoa.com\\\/ro\\\/\"},{\"@type\":\"ListItem\",\"position\":2,\"name\":\"Shop\",\"item\":\"https:\\\/\\\/shopatoa.com\\\/ro\\\/shop\\\/\"},{\"@type\":\"ListItem\",\"position\":3,\"name\":\"S\u0103n\u0103tate \u0219i frumuse\u021be\",\"item\":\"https:\\\/\\\/shopatoa.com\\\/ro\\\/sanatate-si-frumusete\\\/\"},{\"@type\":\"ListItem\",\"position\":4,\"name\":\"\u00cengrijire personal\u0103\",\"item\":\"https:\\\/\\\/shopatoa.com\\\/ro\\\/ingrijire-personala\\\/\"},{\"@type\":\"ListItem\",\"position\":5,\"name\":\"Cosmetice\",\"item\":\"https:\\\/\\\/shopatoa.com\\\/ro\\\/cosmetice-ingrijire-personala\\\/\"},{\"@type\":\"ListItem\",\"position\":6,\"name\":\"Machiaj\",\"item\":\"https:\\\/\\\/shopatoa.com\\\/ro\\\/machiaj\\\/\"},{\"@type\":\"ListItem\",\"position\":7,\"name\":\"Machiaj pentru ochi\",\"item\":\"https:\\\/\\\/shopatoa.com\\\/ro\\\/machiaj-pentru-ochi-machiaj\\\/\"},{\"@type\":\"ListItem\",\"position\":8,\"name\":\"Fard de pleoape\",\"item\":\"https:\\\/\\\/shopatoa.com\\\/ro\\\/fard-de-pleoape\\\/\"},{\"@type\":\"ListItem\",\"position\":9,\"name\":\"Inglot Basic baza pentru fardul de ochi 10 ml\"}]},{\"@type\":\"WebSite\",\"@id\":\"https:\\\/\\\/shopatoa.com\\\/ro\\\/#website\",\"url\":\"https:\\\/\\\/shopatoa.com\\\/ro\\\/\",\"name\":\"SHOPATOA\",\"description\":\"\",\"publisher\":{\"@id\":\"https:\\\/\\\/shopatoa.com\\\/ro\\\/#organization\"},\"potentialAction\":[{\"@type\":\"SearchAction\",\"target\":{\"@type\":\"EntryPoint\",\"urlTemplate\":\"https:\\\/\\\/shopatoa.com\\\/ro\\\/?s={search_term_string}\"},\"query-input\":{\"@type\":\"PropertyValueSpecification\",\"valueRequired\":true,\"valueName\":\"search_term_string\"}}],\"inLanguage\":\"ro-RO\"},{\"@type\":\"Organization\",\"@id\":\"https:\\\/\\\/shopatoa.com\\\/ro\\\/#organization\",\"name\":\"SHOPATOA\",\"url\":\"https:\\\/\\\/shopatoa.com\\\/ro\\\/\",\"logo\":{\"@type\":\"ImageObject\",\"inLanguage\":\"ro-RO\",\"@id\":\"https:\\\/\\\/shopatoa.com\\\/ro\\\/#\\\/schema\\\/logo\\\/image\\\/\",\"url\":\"https:\\\/\\\/storage.googleapis.com\\\/cz-shopatoa-img\\\/ro\\\/b4dac915-shopatoa_logo.png\",\"contentUrl\":\"https:\\\/\\\/storage.googleapis.com\\\/cz-shopatoa-img\\\/ro\\\/b4dac915-shopatoa_logo.png\",\"width\":416,\"height\":63,\"caption\":\"SHOPATOA\"},\"image\":{\"@id\":\"https:\\\/\\\/shopatoa.com\\\/ro\\\/#\\\/schema\\\/logo\\\/image\\\/\"}}]}<\/script>\n<!-- \/ Yoast SEO plugin. -->","yoast_head_json":{"title":"Inglot Basic baza pentru fardul de ochi 10 ml - SHOPATOA.COM","robots":{"index":"index","follow":"follow","max-snippet":"max-snippet:-1","max-image-preview":"max-image-preview:large","max-video-preview":"max-video-preview:-1"},"canonical":"https:\/\/shopatoa.com\/ro\/inglot-basic-baza-pentru-fardul-de-ochi-10-ml\/","og_locale":"ro_RO","og_type":"article","og_title":"Inglot Basic baza pentru fardul de ochi 10 ml - SHOPATOA.COM","og_description":"Inglot Basic, 10 ml, baza pentru fardul de pleoape pentru femei, Un machiaj perfect al ochilor care s\u0103 reziste frumos \u0219i intens toat\u0103 ziua? Nu trebuie s\u0103 fie doar o simpl\u0103 dorin\u021b\u0103. Baza pentru fard de ochi InglotBasic preg\u0103te\u0219te ideal pleoapele pentru machiajul urm\u0103tor, faciliteaz\u0103 aplicarea fardului de ochi \u0219i favorizeaz\u0103 at\u00e2t intensitatea, c\u00e2t \u0219i...","og_url":"https:\/\/shopatoa.com\/ro\/inglot-basic-baza-pentru-fardul-de-ochi-10-ml\/","og_site_name":"SHOPATOA","article_modified_time":"2025-12-13T17:15:43+00:00","og_image":[{"width":800,"height":800,"url":"https:\/\/storage.googleapis.com\/cz-shopatoa-img\/ro\/9985e190-unnamed-file.webp","type":"image\/webp"}],"twitter_card":"summary_large_image","twitter_misc":{"Timp estimat pentru citire":"1 minut"},"schema":{"@context":"https:\/\/schema.org","@graph":[{"@type":"WebPage","@id":"https:\/\/shopatoa.com\/ro\/inglot-basic-baza-pentru-fardul-de-ochi-10-ml\/","url":"https:\/\/shopatoa.com\/ro\/inglot-basic-baza-pentru-fardul-de-ochi-10-ml\/","name":"Inglot Basic baza pentru fardul de ochi 10 ml - SHOPATOA.COM","isPartOf":{"@id":"https:\/\/shopatoa.com\/ro\/#website"},"primaryImageOfPage":{"@id":"https:\/\/shopatoa.com\/ro\/inglot-basic-baza-pentru-fardul-de-ochi-10-ml\/#primaryimage"},"image":{"@id":"https:\/\/shopatoa.com\/ro\/inglot-basic-baza-pentru-fardul-de-ochi-10-ml\/#primaryimage"},"thumbnailUrl":"https:\/\/storage.googleapis.com\/cz-shopatoa-img\/ro\/9985e190-unnamed-file.webp","datePublished":"2025-06-24T09:01:41+00:00","dateModified":"2025-12-13T17:15:43+00:00","breadcrumb":{"@id":"https:\/\/shopatoa.com\/ro\/inglot-basic-baza-pentru-fardul-de-ochi-10-ml\/#breadcrumb"},"inLanguage":"ro-RO","potentialAction":[{"@type":"ReadAction","target":["https:\/\/shopatoa.com\/ro\/inglot-basic-baza-pentru-fardul-de-ochi-10-ml\/"]}]},{"@type":"ImageObject","inLanguage":"ro-RO","@id":"https:\/\/shopatoa.com\/ro\/inglot-basic-baza-pentru-fardul-de-ochi-10-ml\/#primaryimage","url":"https:\/\/storage.googleapis.com\/cz-shopatoa-img\/ro\/9985e190-unnamed-file.webp","contentUrl":"https:\/\/storage.googleapis.com\/cz-shopatoa-img\/ro\/9985e190-unnamed-file.webp","width":800,"height":800},{"@type":"BreadcrumbList","@id":"https:\/\/shopatoa.com\/ro\/inglot-basic-baza-pentru-fardul-de-ochi-10-ml\/#breadcrumb","itemListElement":[{"@type":"ListItem","position":1,"name":"Dom\u016f","item":"https:\/\/shopatoa.com\/ro\/"},{"@type":"ListItem","position":2,"name":"Shop","item":"https:\/\/shopatoa.com\/ro\/shop\/"},{"@type":"ListItem","position":3,"name":"S\u0103n\u0103tate \u0219i frumuse\u021be","item":"https:\/\/shopatoa.com\/ro\/sanatate-si-frumusete\/"},{"@type":"ListItem","position":4,"name":"\u00cengrijire personal\u0103","item":"https:\/\/shopatoa.com\/ro\/ingrijire-personala\/"},{"@type":"ListItem","position":5,"name":"Cosmetice","item":"https:\/\/shopatoa.com\/ro\/cosmetice-ingrijire-personala\/"},{"@type":"ListItem","position":6,"name":"Machiaj","item":"https:\/\/shopatoa.com\/ro\/machiaj\/"},{"@type":"ListItem","position":7,"name":"Machiaj pentru ochi","item":"https:\/\/shopatoa.com\/ro\/machiaj-pentru-ochi-machiaj\/"},{"@type":"ListItem","position":8,"name":"Fard de pleoape","item":"https:\/\/shopatoa.com\/ro\/fard-de-pleoape\/"},{"@type":"ListItem","position":9,"name":"Inglot Basic baza pentru fardul de ochi 10 ml"}]},{"@type":"WebSite","@id":"https:\/\/shopatoa.com\/ro\/#website","url":"https:\/\/shopatoa.com\/ro\/","name":"SHOPATOA","description":"","publisher":{"@id":"https:\/\/shopatoa.com\/ro\/#organization"},"potentialAction":[{"@type":"SearchAction","target":{"@type":"EntryPoint","urlTemplate":"https:\/\/shopatoa.com\/ro\/?s={search_term_string}"},"query-input":{"@type":"PropertyValueSpecification","valueRequired":true,"valueName":"search_term_string"}}],"inLanguage":"ro-RO"},{"@type":"Organization","@id":"https:\/\/shopatoa.com\/ro\/#organization","name":"SHOPATOA","url":"https:\/\/shopatoa.com\/ro\/","logo":{"@type":"ImageObject","inLanguage":"ro-RO","@id":"https:\/\/shopatoa.com\/ro\/#\/schema\/logo\/image\/","url":"https:\/\/storage.googleapis.com\/cz-shopatoa-img\/ro\/b4dac915-shopatoa_logo.png","contentUrl":"https:\/\/storage.googleapis.com\/cz-shopatoa-img\/ro\/b4dac915-shopatoa_logo.png","width":416,"height":63,"caption":"SHOPATOA"},"image":{"@id":"https:\/\/shopatoa.com\/ro\/#\/schema\/logo\/image\/"}}]}},"_links":{"self":[{"href":"https:\/\/shopatoa.com\/ro\/wp-json\/wp\/v2\/product\/440314","targetHints":{"allow":["GET"]}}],"collection":[{"href":"https:\/\/shopatoa.com\/ro\/wp-json\/wp\/v2\/product"}],"about":[{"href":"https:\/\/shopatoa.com\/ro\/wp-json\/wp\/v2\/types\/product"}],"replies":[{"embeddable":true,"href":"https:\/\/shopatoa.com\/ro\/wp-json\/wp\/v2\/comments?post=440314"}],"wp:featuredmedia":[{"embeddable":true,"href":"https:\/\/shopatoa.com\/ro\/wp-json\/wp\/v2\/media\/440315"}],"wp:attachment":[{"href":"https:\/\/shopatoa.com\/ro\/wp-json\/wp\/v2\/media?parent=440314"}],"wp:term":[{"taxonomy":"product_brand","embeddable":true,"href":"https:\/\/shopatoa.com\/ro\/wp-json\/wp\/v2\/product_brand?post=440314"},{"taxonomy":"product_cat","embeddable":true,"href":"https:\/\/shopatoa.com\/ro\/wp-json\/wp\/v2\/product_cat?post=440314"},{"taxonomy":"product_tag","embeddable":true,"href":"https:\/\/shopatoa.com\/ro\/wp-json\/wp\/v2\/product_tag?post=440314"}],"curies":[{"name":"wp","href":"https:\/\/api.w.org\/{rel}","templated":true}]}}