{"id":440420,"date":"2025-06-24T11:11:00","date_gmt":"2025-06-24T09:11:00","guid":{"rendered":"https:\/\/shopatoa.com\/ro\/eleven-australia-sea-salt-texture-spray-spray-pentru-plaja-200-ml\/"},"modified":"2025-06-24T11:11:44","modified_gmt":"2025-06-24T09:11:44","slug":"eleven-australia-sea-salt-texture-spray-spray-pentru-plaja-200-ml","status":"publish","type":"product","link":"https:\/\/shopatoa.com\/ro\/eleven-australia-sea-salt-texture-spray-spray-pentru-plaja-200-ml\/","title":{"rendered":"Eleven Australia Sea Salt Texture Spray spray pentru plaj\u0103 200 ml"},"content":{"rendered":"<p>Eleven Australia Sea Salt Texture Spray, 200 ml, Spray pentru volum pentru femei, Oferi\u021bi p\u0103rului dvs. libertate \u0219i textur\u0103. Sprayul de plaj\u0103 Eleven Australia Sea Salt Texture Spray asigur\u0103 p\u0103rului un aspect lejer, ca de la mare. Crea\u021bi coafuri rebele, boho sau de plaj\u0103 cu un volum natural.  Caracteristici:  asigur\u0103 flexibilitatea p\u0103rului las\u0103 p\u0103rul flexibil cu o mi\u0219care natural\u0103 creeaz\u0103 un aspect u\u0219or ciufulit asigur\u0103 un efect de onduleuri de plaj\u0103 fixeaz\u0103 coafura confer\u0103 p\u0103rului volum \u0219i textur\u0103  Cum se utilizeaz\u0103: Pentru maximizarea volumului, se pulverizeaz\u0103 direct pe r\u0103d\u0103cini. Se aplic\u0103 pe p\u0103rul uscat.<\/p>\n","protected":false},"excerpt":{"rendered":"<p>Eleven Australia Sea Salt Texture Spray, 200 ml, Spray pentru volum pentru femei, Oferi\u021bi p\u0103rului dvs. libertate \u0219i textur\u0103. Sprayul de plaj\u0103 Eleven Australia Sea Salt Texture Spray asigur\u0103 p\u0103rului un aspect lejer, ca de la mare. Crea\u021bi coafuri rebele, boho sau de plaj\u0103 cu un volum natural. Caracteristici: asigur\u0103 flexibilitatea p\u0103rului las\u0103 p\u0103rul flexibil&#8230;<\/p>\n","protected":false},"featured_media":440421,"comment_status":"closed","ping_status":"open","template":"","meta":{"_acf_changed":false,"_kadence_starter_templates_imported_post":false,"_kad_post_transparent":"","_kad_post_title":"","_kad_post_layout":"","_kad_post_sidebar_id":"","_kad_post_content_style":"","_kad_post_vertical_padding":"","_kad_post_feature":"","_kad_post_feature_position":"","_kad_post_header":false,"_kad_post_footer":false,"_kad_post_classname":""},"product_brand":[2095],"product_cat":[1563,1590,1562],"product_tag":[],"class_list":{"0":"post-440420","1":"product","2":"type-product","3":"status-publish","4":"has-post-thumbnail","6":"product_brand-eleven-australia","7":"product_cat-ingrijire-personala","8":"product_cat-ingrijirea-parului","9":"product_cat-sanatate-si-frumusete","10":"pa_gen-female","11":"pa_marime-200-ml","13":"first","14":"instock","15":"sale","16":"product-type-external","17":"entry","18":"content-bg","19":"loop-entry"},"acf":[],"yoast_head":"<!-- This site is optimized with the Yoast SEO plugin v27.4 - https:\/\/yoast.com\/product\/yoast-seo-wordpress\/ -->\n<title>Eleven Australia Sea Salt Texture Spray spray pentru plaj\u0103 200 ml - SHOPATOA.COM<\/title>\n<meta name=\"robots\" content=\"index, follow, max-snippet:-1, max-image-preview:large, max-video-preview:-1\" \/>\n<link rel=\"canonical\" href=\"https:\/\/shopatoa.com\/ro\/eleven-australia-sea-salt-texture-spray-spray-pentru-plaja-200-ml\/\" \/>\n<meta property=\"og:locale\" content=\"ro_RO\" \/>\n<meta property=\"og:type\" content=\"article\" \/>\n<meta property=\"og:title\" content=\"Eleven Australia Sea Salt Texture Spray spray pentru plaj\u0103 200 ml - SHOPATOA.COM\" \/>\n<meta property=\"og:description\" content=\"Eleven Australia Sea Salt Texture Spray, 200 ml, Spray pentru volum pentru femei, Oferi\u021bi p\u0103rului dvs. libertate \u0219i textur\u0103. Sprayul de plaj\u0103 Eleven Australia Sea Salt Texture Spray asigur\u0103 p\u0103rului un aspect lejer, ca de la mare. Crea\u021bi coafuri rebele, boho sau de plaj\u0103 cu un volum natural. Caracteristici: asigur\u0103 flexibilitatea p\u0103rului las\u0103 p\u0103rul flexibil...\" \/>\n<meta property=\"og:url\" content=\"https:\/\/shopatoa.com\/ro\/eleven-australia-sea-salt-texture-spray-spray-pentru-plaja-200-ml\/\" \/>\n<meta property=\"og:site_name\" content=\"SHOPATOA\" \/>\n<meta property=\"article:modified_time\" content=\"2025-06-24T09:11:44+00:00\" \/>\n<meta property=\"og:image\" content=\"https:\/\/storage.googleapis.com\/cz-shopatoa-img\/ro\/3f9dd178-unnamed-file.webp\" \/>\n\t<meta property=\"og:image:width\" content=\"800\" \/>\n\t<meta property=\"og:image:height\" content=\"800\" \/>\n\t<meta property=\"og:image:type\" content=\"image\/webp\" \/>\n<meta name=\"twitter:card\" content=\"summary_large_image\" \/>\n<meta name=\"twitter:label1\" content=\"Timp estimat pentru citire\" \/>\n\t<meta name=\"twitter:data1\" content=\"1 minut\" \/>\n<script type=\"application\/ld+json\" class=\"yoast-schema-graph\">{\"@context\":\"https:\\\/\\\/schema.org\",\"@graph\":[{\"@type\":\"WebPage\",\"@id\":\"https:\\\/\\\/shopatoa.com\\\/ro\\\/eleven-australia-sea-salt-texture-spray-spray-pentru-plaja-200-ml\\\/\",\"url\":\"https:\\\/\\\/shopatoa.com\\\/ro\\\/eleven-australia-sea-salt-texture-spray-spray-pentru-plaja-200-ml\\\/\",\"name\":\"Eleven Australia Sea Salt Texture Spray spray pentru plaj\u0103 200 ml - SHOPATOA.COM\",\"isPartOf\":{\"@id\":\"https:\\\/\\\/shopatoa.com\\\/ro\\\/#website\"},\"primaryImageOfPage\":{\"@id\":\"https:\\\/\\\/shopatoa.com\\\/ro\\\/eleven-australia-sea-salt-texture-spray-spray-pentru-plaja-200-ml\\\/#primaryimage\"},\"image\":{\"@id\":\"https:\\\/\\\/shopatoa.com\\\/ro\\\/eleven-australia-sea-salt-texture-spray-spray-pentru-plaja-200-ml\\\/#primaryimage\"},\"thumbnailUrl\":\"https:\\\/\\\/storage.googleapis.com\\\/cz-shopatoa-img\\\/ro\\\/3f9dd178-unnamed-file.webp\",\"datePublished\":\"2025-06-24T09:11:00+00:00\",\"dateModified\":\"2025-06-24T09:11:44+00:00\",\"breadcrumb\":{\"@id\":\"https:\\\/\\\/shopatoa.com\\\/ro\\\/eleven-australia-sea-salt-texture-spray-spray-pentru-plaja-200-ml\\\/#breadcrumb\"},\"inLanguage\":\"ro-RO\",\"potentialAction\":[{\"@type\":\"ReadAction\",\"target\":[\"https:\\\/\\\/shopatoa.com\\\/ro\\\/eleven-australia-sea-salt-texture-spray-spray-pentru-plaja-200-ml\\\/\"]}]},{\"@type\":\"ImageObject\",\"inLanguage\":\"ro-RO\",\"@id\":\"https:\\\/\\\/shopatoa.com\\\/ro\\\/eleven-australia-sea-salt-texture-spray-spray-pentru-plaja-200-ml\\\/#primaryimage\",\"url\":\"https:\\\/\\\/storage.googleapis.com\\\/cz-shopatoa-img\\\/ro\\\/3f9dd178-unnamed-file.webp\",\"contentUrl\":\"https:\\\/\\\/storage.googleapis.com\\\/cz-shopatoa-img\\\/ro\\\/3f9dd178-unnamed-file.webp\",\"width\":800,\"height\":800},{\"@type\":\"BreadcrumbList\",\"@id\":\"https:\\\/\\\/shopatoa.com\\\/ro\\\/eleven-australia-sea-salt-texture-spray-spray-pentru-plaja-200-ml\\\/#breadcrumb\",\"itemListElement\":[{\"@type\":\"ListItem\",\"position\":1,\"name\":\"Dom\u016f\",\"item\":\"https:\\\/\\\/shopatoa.com\\\/ro\\\/\"},{\"@type\":\"ListItem\",\"position\":2,\"name\":\"Shop\",\"item\":\"https:\\\/\\\/shopatoa.com\\\/ro\\\/shop\\\/\"},{\"@type\":\"ListItem\",\"position\":3,\"name\":\"Eleven Australia Sea Salt Texture Spray spray pentru plaj\u0103 200 ml\"}]},{\"@type\":\"WebSite\",\"@id\":\"https:\\\/\\\/shopatoa.com\\\/ro\\\/#website\",\"url\":\"https:\\\/\\\/shopatoa.com\\\/ro\\\/\",\"name\":\"SHOPATOA\",\"description\":\"\",\"publisher\":{\"@id\":\"https:\\\/\\\/shopatoa.com\\\/ro\\\/#organization\"},\"potentialAction\":[{\"@type\":\"SearchAction\",\"target\":{\"@type\":\"EntryPoint\",\"urlTemplate\":\"https:\\\/\\\/shopatoa.com\\\/ro\\\/?s={search_term_string}\"},\"query-input\":{\"@type\":\"PropertyValueSpecification\",\"valueRequired\":true,\"valueName\":\"search_term_string\"}}],\"inLanguage\":\"ro-RO\"},{\"@type\":\"Organization\",\"@id\":\"https:\\\/\\\/shopatoa.com\\\/ro\\\/#organization\",\"name\":\"SHOPATOA\",\"url\":\"https:\\\/\\\/shopatoa.com\\\/ro\\\/\",\"logo\":{\"@type\":\"ImageObject\",\"inLanguage\":\"ro-RO\",\"@id\":\"https:\\\/\\\/shopatoa.com\\\/ro\\\/#\\\/schema\\\/logo\\\/image\\\/\",\"url\":\"https:\\\/\\\/storage.googleapis.com\\\/cz-shopatoa-img\\\/ro\\\/b4dac915-shopatoa_logo.png\",\"contentUrl\":\"https:\\\/\\\/storage.googleapis.com\\\/cz-shopatoa-img\\\/ro\\\/b4dac915-shopatoa_logo.png\",\"width\":416,\"height\":63,\"caption\":\"SHOPATOA\"},\"image\":{\"@id\":\"https:\\\/\\\/shopatoa.com\\\/ro\\\/#\\\/schema\\\/logo\\\/image\\\/\"}}]}<\/script>\n<!-- \/ Yoast SEO plugin. -->","yoast_head_json":{"title":"Eleven Australia Sea Salt Texture Spray spray pentru plaj\u0103 200 ml - SHOPATOA.COM","robots":{"index":"index","follow":"follow","max-snippet":"max-snippet:-1","max-image-preview":"max-image-preview:large","max-video-preview":"max-video-preview:-1"},"canonical":"https:\/\/shopatoa.com\/ro\/eleven-australia-sea-salt-texture-spray-spray-pentru-plaja-200-ml\/","og_locale":"ro_RO","og_type":"article","og_title":"Eleven Australia Sea Salt Texture Spray spray pentru plaj\u0103 200 ml - SHOPATOA.COM","og_description":"Eleven Australia Sea Salt Texture Spray, 200 ml, Spray pentru volum pentru femei, Oferi\u021bi p\u0103rului dvs. libertate \u0219i textur\u0103. Sprayul de plaj\u0103 Eleven Australia Sea Salt Texture Spray asigur\u0103 p\u0103rului un aspect lejer, ca de la mare. Crea\u021bi coafuri rebele, boho sau de plaj\u0103 cu un volum natural. Caracteristici: asigur\u0103 flexibilitatea p\u0103rului las\u0103 p\u0103rul flexibil...","og_url":"https:\/\/shopatoa.com\/ro\/eleven-australia-sea-salt-texture-spray-spray-pentru-plaja-200-ml\/","og_site_name":"SHOPATOA","article_modified_time":"2025-06-24T09:11:44+00:00","og_image":[{"width":800,"height":800,"url":"https:\/\/storage.googleapis.com\/cz-shopatoa-img\/ro\/3f9dd178-unnamed-file.webp","type":"image\/webp"}],"twitter_card":"summary_large_image","twitter_misc":{"Timp estimat pentru citire":"1 minut"},"schema":{"@context":"https:\/\/schema.org","@graph":[{"@type":"WebPage","@id":"https:\/\/shopatoa.com\/ro\/eleven-australia-sea-salt-texture-spray-spray-pentru-plaja-200-ml\/","url":"https:\/\/shopatoa.com\/ro\/eleven-australia-sea-salt-texture-spray-spray-pentru-plaja-200-ml\/","name":"Eleven Australia Sea Salt Texture Spray spray pentru plaj\u0103 200 ml - SHOPATOA.COM","isPartOf":{"@id":"https:\/\/shopatoa.com\/ro\/#website"},"primaryImageOfPage":{"@id":"https:\/\/shopatoa.com\/ro\/eleven-australia-sea-salt-texture-spray-spray-pentru-plaja-200-ml\/#primaryimage"},"image":{"@id":"https:\/\/shopatoa.com\/ro\/eleven-australia-sea-salt-texture-spray-spray-pentru-plaja-200-ml\/#primaryimage"},"thumbnailUrl":"https:\/\/storage.googleapis.com\/cz-shopatoa-img\/ro\/3f9dd178-unnamed-file.webp","datePublished":"2025-06-24T09:11:00+00:00","dateModified":"2025-06-24T09:11:44+00:00","breadcrumb":{"@id":"https:\/\/shopatoa.com\/ro\/eleven-australia-sea-salt-texture-spray-spray-pentru-plaja-200-ml\/#breadcrumb"},"inLanguage":"ro-RO","potentialAction":[{"@type":"ReadAction","target":["https:\/\/shopatoa.com\/ro\/eleven-australia-sea-salt-texture-spray-spray-pentru-plaja-200-ml\/"]}]},{"@type":"ImageObject","inLanguage":"ro-RO","@id":"https:\/\/shopatoa.com\/ro\/eleven-australia-sea-salt-texture-spray-spray-pentru-plaja-200-ml\/#primaryimage","url":"https:\/\/storage.googleapis.com\/cz-shopatoa-img\/ro\/3f9dd178-unnamed-file.webp","contentUrl":"https:\/\/storage.googleapis.com\/cz-shopatoa-img\/ro\/3f9dd178-unnamed-file.webp","width":800,"height":800},{"@type":"BreadcrumbList","@id":"https:\/\/shopatoa.com\/ro\/eleven-australia-sea-salt-texture-spray-spray-pentru-plaja-200-ml\/#breadcrumb","itemListElement":[{"@type":"ListItem","position":1,"name":"Dom\u016f","item":"https:\/\/shopatoa.com\/ro\/"},{"@type":"ListItem","position":2,"name":"Shop","item":"https:\/\/shopatoa.com\/ro\/shop\/"},{"@type":"ListItem","position":3,"name":"Eleven Australia Sea Salt Texture Spray spray pentru plaj\u0103 200 ml"}]},{"@type":"WebSite","@id":"https:\/\/shopatoa.com\/ro\/#website","url":"https:\/\/shopatoa.com\/ro\/","name":"SHOPATOA","description":"","publisher":{"@id":"https:\/\/shopatoa.com\/ro\/#organization"},"potentialAction":[{"@type":"SearchAction","target":{"@type":"EntryPoint","urlTemplate":"https:\/\/shopatoa.com\/ro\/?s={search_term_string}"},"query-input":{"@type":"PropertyValueSpecification","valueRequired":true,"valueName":"search_term_string"}}],"inLanguage":"ro-RO"},{"@type":"Organization","@id":"https:\/\/shopatoa.com\/ro\/#organization","name":"SHOPATOA","url":"https:\/\/shopatoa.com\/ro\/","logo":{"@type":"ImageObject","inLanguage":"ro-RO","@id":"https:\/\/shopatoa.com\/ro\/#\/schema\/logo\/image\/","url":"https:\/\/storage.googleapis.com\/cz-shopatoa-img\/ro\/b4dac915-shopatoa_logo.png","contentUrl":"https:\/\/storage.googleapis.com\/cz-shopatoa-img\/ro\/b4dac915-shopatoa_logo.png","width":416,"height":63,"caption":"SHOPATOA"},"image":{"@id":"https:\/\/shopatoa.com\/ro\/#\/schema\/logo\/image\/"}}]}},"_links":{"self":[{"href":"https:\/\/shopatoa.com\/ro\/wp-json\/wp\/v2\/product\/440420","targetHints":{"allow":["GET"]}}],"collection":[{"href":"https:\/\/shopatoa.com\/ro\/wp-json\/wp\/v2\/product"}],"about":[{"href":"https:\/\/shopatoa.com\/ro\/wp-json\/wp\/v2\/types\/product"}],"replies":[{"embeddable":true,"href":"https:\/\/shopatoa.com\/ro\/wp-json\/wp\/v2\/comments?post=440420"}],"wp:featuredmedia":[{"embeddable":true,"href":"https:\/\/shopatoa.com\/ro\/wp-json\/wp\/v2\/media\/440421"}],"wp:attachment":[{"href":"https:\/\/shopatoa.com\/ro\/wp-json\/wp\/v2\/media?parent=440420"}],"wp:term":[{"taxonomy":"product_brand","embeddable":true,"href":"https:\/\/shopatoa.com\/ro\/wp-json\/wp\/v2\/product_brand?post=440420"},{"taxonomy":"product_cat","embeddable":true,"href":"https:\/\/shopatoa.com\/ro\/wp-json\/wp\/v2\/product_cat?post=440420"},{"taxonomy":"product_tag","embeddable":true,"href":"https:\/\/shopatoa.com\/ro\/wp-json\/wp\/v2\/product_tag?post=440420"}],"curies":[{"name":"wp","href":"https:\/\/api.w.org\/{rel}","templated":true}]}}