{"id":440532,"date":"2025-06-24T11:20:33","date_gmt":"2025-06-24T09:20:33","guid":{"rendered":"https:\/\/shopatoa.com\/ro\/wella-professionals-invigo-color-service-crema-protectoare-pentru-piele-inainte-de-vopsire-75-ml\/"},"modified":"2026-02-05T23:26:14","modified_gmt":"2026-02-05T22:26:14","slug":"wella-professionals-invigo-color-service-crema-protectoare-pentru-piele-inainte-de-vopsire-75-ml","status":"publish","type":"product","link":"https:\/\/shopatoa.com\/ro\/wella-professionals-invigo-color-service-crema-protectoare-pentru-piele-inainte-de-vopsire-75-ml\/","title":{"rendered":"Wella Professionals Invigo Color Service Crema protectoare pentru piele inainte de vopsire 75 ml"},"content":{"rendered":"<p>Wella Professionals Invigo Color Service, 75 ml, Creme \u0219i geluri pentru p\u0103r pentru femei, Bucuria p\u0103rului proasp\u0103t vopsit poate fi rapid compromis\u0103 de petele inestetice de vopsea de pe scalp, mai ales dac\u0103 nu se pot \u00eendep\u0103rta. Dac\u0103 vi se \u00eent\u00e2mpl\u0103 \u0219i dvs., nu v\u0103 face\u021bi griji \u2013 solu\u021bia de \u00eendep\u0103rtare a vopselei Wella Professionals Invigo Color Service se va ocupa de ele. Cur\u0103\u021b\u0103 delicat, dar eficient, scalpul, m\u00e2inile \u0219i tenul de petele de vopsea, asigur\u00e2ndu-v\u0103 un aspect impecabil.  Caracteristici:  neagresiv cu tenul \u0219i cu scalpul previne uscarea pielii \u00eenl\u0103tur\u0103 u\u0219or resturile de vopsea de pe piele numai pentru uz profesional  Cum se utilizeaz\u0103: \u00cenainte de vopsire, aplica\u021bi pe piele de-a lungul liniei p\u0103rului. Evita\u021bi contactul direct cu p\u0103rul. Dup\u0103 vopsire, \u00eenl\u0103tura\u021bi urmele de vopsea cu o dischet\u0103 de bumbac \u0219i cur\u0103\u021ba\u021bi tenul.<\/p>\n","protected":false},"excerpt":{"rendered":"<p>Wella Professionals Invigo Color Service, 75 ml, Creme \u0219i geluri pentru p\u0103r pentru femei, Bucuria p\u0103rului proasp\u0103t vopsit poate fi rapid compromis\u0103 de petele inestetice de vopsea de pe scalp, mai ales dac\u0103 nu se pot \u00eendep\u0103rta. Dac\u0103 vi se \u00eent\u00e2mpl\u0103 \u0219i dvs., nu v\u0103 face\u021bi griji \u2013 solu\u021bia de \u00eendep\u0103rtare a vopselei Wella Professionals&#8230;<\/p>\n","protected":false},"featured_media":440533,"comment_status":"closed","ping_status":"open","template":"","meta":{"_acf_changed":false,"_kadence_starter_templates_imported_post":false,"_kad_post_transparent":"","_kad_post_title":"","_kad_post_layout":"","_kad_post_sidebar_id":"","_kad_post_content_style":"","_kad_post_vertical_padding":"","_kad_post_feature":"","_kad_post_feature_position":"","_kad_post_header":false,"_kad_post_footer":false,"_kad_post_classname":""},"product_brand":[189],"product_cat":[2374,1563,1590,1562],"product_tag":[],"class_list":{"0":"post-440532","1":"product","2":"type-product","3":"status-publish","4":"has-post-thumbnail","6":"product_brand-wella-professionals","7":"product_cat-indepartarea-culorii-parului","8":"product_cat-ingrijire-personala","9":"product_cat-ingrijirea-parului","10":"product_cat-sanatate-si-frumusete","11":"pa_gen-female","12":"pa_marime-75-ml","14":"first","15":"instock","16":"sale","17":"product-type-external","18":"entry","19":"content-bg","20":"loop-entry"},"acf":[],"yoast_head":"<!-- This site is optimized with the Yoast SEO plugin v27.4 - https:\/\/yoast.com\/product\/yoast-seo-wordpress\/ -->\n<title>Wella Professionals Invigo Color Service Crema protectoare pentru piele inainte de vopsire 75 ml - SHOPATOA.COM<\/title>\n<meta name=\"robots\" content=\"index, follow, max-snippet:-1, max-image-preview:large, max-video-preview:-1\" \/>\n<link rel=\"canonical\" href=\"https:\/\/shopatoa.com\/ro\/wella-professionals-invigo-color-service-crema-protectoare-pentru-piele-inainte-de-vopsire-75-ml\/\" \/>\n<meta property=\"og:locale\" content=\"ro_RO\" \/>\n<meta property=\"og:type\" content=\"article\" \/>\n<meta property=\"og:title\" content=\"Wella Professionals Invigo Color Service Crema protectoare pentru piele inainte de vopsire 75 ml - SHOPATOA.COM\" \/>\n<meta property=\"og:description\" content=\"Wella Professionals Invigo Color Service, 75 ml, Creme \u0219i geluri pentru p\u0103r pentru femei, Bucuria p\u0103rului proasp\u0103t vopsit poate fi rapid compromis\u0103 de petele inestetice de vopsea de pe scalp, mai ales dac\u0103 nu se pot \u00eendep\u0103rta. Dac\u0103 vi se \u00eent\u00e2mpl\u0103 \u0219i dvs., nu v\u0103 face\u021bi griji \u2013 solu\u021bia de \u00eendep\u0103rtare a vopselei Wella Professionals...\" \/>\n<meta property=\"og:url\" content=\"https:\/\/shopatoa.com\/ro\/wella-professionals-invigo-color-service-crema-protectoare-pentru-piele-inainte-de-vopsire-75-ml\/\" \/>\n<meta property=\"og:site_name\" content=\"SHOPATOA\" \/>\n<meta property=\"article:modified_time\" content=\"2026-02-05T22:26:14+00:00\" \/>\n<meta property=\"og:image\" content=\"https:\/\/storage.googleapis.com\/cz-shopatoa-img\/ro\/c45043c2-unnamed-file.webp\" \/>\n\t<meta property=\"og:image:width\" content=\"800\" \/>\n\t<meta property=\"og:image:height\" content=\"800\" \/>\n\t<meta property=\"og:image:type\" content=\"image\/webp\" \/>\n<meta name=\"twitter:card\" content=\"summary_large_image\" \/>\n<meta name=\"twitter:label1\" content=\"Timp estimat pentru citire\" \/>\n\t<meta name=\"twitter:data1\" content=\"1 minut\" \/>\n<script type=\"application\/ld+json\" class=\"yoast-schema-graph\">{\"@context\":\"https:\\\/\\\/schema.org\",\"@graph\":[{\"@type\":\"WebPage\",\"@id\":\"https:\\\/\\\/shopatoa.com\\\/ro\\\/wella-professionals-invigo-color-service-crema-protectoare-pentru-piele-inainte-de-vopsire-75-ml\\\/\",\"url\":\"https:\\\/\\\/shopatoa.com\\\/ro\\\/wella-professionals-invigo-color-service-crema-protectoare-pentru-piele-inainte-de-vopsire-75-ml\\\/\",\"name\":\"Wella Professionals Invigo Color Service Crema protectoare pentru piele inainte de vopsire 75 ml - SHOPATOA.COM\",\"isPartOf\":{\"@id\":\"https:\\\/\\\/shopatoa.com\\\/ro\\\/#website\"},\"primaryImageOfPage\":{\"@id\":\"https:\\\/\\\/shopatoa.com\\\/ro\\\/wella-professionals-invigo-color-service-crema-protectoare-pentru-piele-inainte-de-vopsire-75-ml\\\/#primaryimage\"},\"image\":{\"@id\":\"https:\\\/\\\/shopatoa.com\\\/ro\\\/wella-professionals-invigo-color-service-crema-protectoare-pentru-piele-inainte-de-vopsire-75-ml\\\/#primaryimage\"},\"thumbnailUrl\":\"https:\\\/\\\/storage.googleapis.com\\\/cz-shopatoa-img\\\/ro\\\/c45043c2-unnamed-file.webp\",\"datePublished\":\"2025-06-24T09:20:33+00:00\",\"dateModified\":\"2026-02-05T22:26:14+00:00\",\"breadcrumb\":{\"@id\":\"https:\\\/\\\/shopatoa.com\\\/ro\\\/wella-professionals-invigo-color-service-crema-protectoare-pentru-piele-inainte-de-vopsire-75-ml\\\/#breadcrumb\"},\"inLanguage\":\"ro-RO\",\"potentialAction\":[{\"@type\":\"ReadAction\",\"target\":[\"https:\\\/\\\/shopatoa.com\\\/ro\\\/wella-professionals-invigo-color-service-crema-protectoare-pentru-piele-inainte-de-vopsire-75-ml\\\/\"]}]},{\"@type\":\"ImageObject\",\"inLanguage\":\"ro-RO\",\"@id\":\"https:\\\/\\\/shopatoa.com\\\/ro\\\/wella-professionals-invigo-color-service-crema-protectoare-pentru-piele-inainte-de-vopsire-75-ml\\\/#primaryimage\",\"url\":\"https:\\\/\\\/storage.googleapis.com\\\/cz-shopatoa-img\\\/ro\\\/c45043c2-unnamed-file.webp\",\"contentUrl\":\"https:\\\/\\\/storage.googleapis.com\\\/cz-shopatoa-img\\\/ro\\\/c45043c2-unnamed-file.webp\",\"width\":800,\"height\":800},{\"@type\":\"BreadcrumbList\",\"@id\":\"https:\\\/\\\/shopatoa.com\\\/ro\\\/wella-professionals-invigo-color-service-crema-protectoare-pentru-piele-inainte-de-vopsire-75-ml\\\/#breadcrumb\",\"itemListElement\":[{\"@type\":\"ListItem\",\"position\":1,\"name\":\"Dom\u016f\",\"item\":\"https:\\\/\\\/shopatoa.com\\\/ro\\\/\"},{\"@type\":\"ListItem\",\"position\":2,\"name\":\"Shop\",\"item\":\"https:\\\/\\\/shopatoa.com\\\/ro\\\/shop\\\/\"},{\"@type\":\"ListItem\",\"position\":3,\"name\":\"S\u0103n\u0103tate \u0219i frumuse\u021be\",\"item\":\"https:\\\/\\\/shopatoa.com\\\/ro\\\/sanatate-si-frumusete\\\/\"},{\"@type\":\"ListItem\",\"position\":4,\"name\":\"\u00cengrijire personal\u0103\",\"item\":\"https:\\\/\\\/shopatoa.com\\\/ro\\\/ingrijire-personala\\\/\"},{\"@type\":\"ListItem\",\"position\":5,\"name\":\"\u00cengrijirea p\u0103rului\",\"item\":\"https:\\\/\\\/shopatoa.com\\\/ro\\\/ingrijirea-parului\\\/\"},{\"@type\":\"ListItem\",\"position\":6,\"name\":\"\u00cendep\u0103rtarea culorii p\u0103rului\",\"item\":\"https:\\\/\\\/shopatoa.com\\\/ro\\\/indepartarea-culorii-parului\\\/\"},{\"@type\":\"ListItem\",\"position\":7,\"name\":\"Wella Professionals Invigo Color Service Crema protectoare pentru piele inainte de vopsire 75 ml\"}]},{\"@type\":\"WebSite\",\"@id\":\"https:\\\/\\\/shopatoa.com\\\/ro\\\/#website\",\"url\":\"https:\\\/\\\/shopatoa.com\\\/ro\\\/\",\"name\":\"SHOPATOA\",\"description\":\"\",\"publisher\":{\"@id\":\"https:\\\/\\\/shopatoa.com\\\/ro\\\/#organization\"},\"potentialAction\":[{\"@type\":\"SearchAction\",\"target\":{\"@type\":\"EntryPoint\",\"urlTemplate\":\"https:\\\/\\\/shopatoa.com\\\/ro\\\/?s={search_term_string}\"},\"query-input\":{\"@type\":\"PropertyValueSpecification\",\"valueRequired\":true,\"valueName\":\"search_term_string\"}}],\"inLanguage\":\"ro-RO\"},{\"@type\":\"Organization\",\"@id\":\"https:\\\/\\\/shopatoa.com\\\/ro\\\/#organization\",\"name\":\"SHOPATOA\",\"url\":\"https:\\\/\\\/shopatoa.com\\\/ro\\\/\",\"logo\":{\"@type\":\"ImageObject\",\"inLanguage\":\"ro-RO\",\"@id\":\"https:\\\/\\\/shopatoa.com\\\/ro\\\/#\\\/schema\\\/logo\\\/image\\\/\",\"url\":\"https:\\\/\\\/storage.googleapis.com\\\/cz-shopatoa-img\\\/ro\\\/b4dac915-shopatoa_logo.png\",\"contentUrl\":\"https:\\\/\\\/storage.googleapis.com\\\/cz-shopatoa-img\\\/ro\\\/b4dac915-shopatoa_logo.png\",\"width\":416,\"height\":63,\"caption\":\"SHOPATOA\"},\"image\":{\"@id\":\"https:\\\/\\\/shopatoa.com\\\/ro\\\/#\\\/schema\\\/logo\\\/image\\\/\"}}]}<\/script>\n<!-- \/ Yoast SEO plugin. -->","yoast_head_json":{"title":"Wella Professionals Invigo Color Service Crema protectoare pentru piele inainte de vopsire 75 ml - SHOPATOA.COM","robots":{"index":"index","follow":"follow","max-snippet":"max-snippet:-1","max-image-preview":"max-image-preview:large","max-video-preview":"max-video-preview:-1"},"canonical":"https:\/\/shopatoa.com\/ro\/wella-professionals-invigo-color-service-crema-protectoare-pentru-piele-inainte-de-vopsire-75-ml\/","og_locale":"ro_RO","og_type":"article","og_title":"Wella Professionals Invigo Color Service Crema protectoare pentru piele inainte de vopsire 75 ml - SHOPATOA.COM","og_description":"Wella Professionals Invigo Color Service, 75 ml, Creme \u0219i geluri pentru p\u0103r pentru femei, Bucuria p\u0103rului proasp\u0103t vopsit poate fi rapid compromis\u0103 de petele inestetice de vopsea de pe scalp, mai ales dac\u0103 nu se pot \u00eendep\u0103rta. Dac\u0103 vi se \u00eent\u00e2mpl\u0103 \u0219i dvs., nu v\u0103 face\u021bi griji \u2013 solu\u021bia de \u00eendep\u0103rtare a vopselei Wella Professionals...","og_url":"https:\/\/shopatoa.com\/ro\/wella-professionals-invigo-color-service-crema-protectoare-pentru-piele-inainte-de-vopsire-75-ml\/","og_site_name":"SHOPATOA","article_modified_time":"2026-02-05T22:26:14+00:00","og_image":[{"width":800,"height":800,"url":"https:\/\/storage.googleapis.com\/cz-shopatoa-img\/ro\/c45043c2-unnamed-file.webp","type":"image\/webp"}],"twitter_card":"summary_large_image","twitter_misc":{"Timp estimat pentru citire":"1 minut"},"schema":{"@context":"https:\/\/schema.org","@graph":[{"@type":"WebPage","@id":"https:\/\/shopatoa.com\/ro\/wella-professionals-invigo-color-service-crema-protectoare-pentru-piele-inainte-de-vopsire-75-ml\/","url":"https:\/\/shopatoa.com\/ro\/wella-professionals-invigo-color-service-crema-protectoare-pentru-piele-inainte-de-vopsire-75-ml\/","name":"Wella Professionals Invigo Color Service Crema protectoare pentru piele inainte de vopsire 75 ml - SHOPATOA.COM","isPartOf":{"@id":"https:\/\/shopatoa.com\/ro\/#website"},"primaryImageOfPage":{"@id":"https:\/\/shopatoa.com\/ro\/wella-professionals-invigo-color-service-crema-protectoare-pentru-piele-inainte-de-vopsire-75-ml\/#primaryimage"},"image":{"@id":"https:\/\/shopatoa.com\/ro\/wella-professionals-invigo-color-service-crema-protectoare-pentru-piele-inainte-de-vopsire-75-ml\/#primaryimage"},"thumbnailUrl":"https:\/\/storage.googleapis.com\/cz-shopatoa-img\/ro\/c45043c2-unnamed-file.webp","datePublished":"2025-06-24T09:20:33+00:00","dateModified":"2026-02-05T22:26:14+00:00","breadcrumb":{"@id":"https:\/\/shopatoa.com\/ro\/wella-professionals-invigo-color-service-crema-protectoare-pentru-piele-inainte-de-vopsire-75-ml\/#breadcrumb"},"inLanguage":"ro-RO","potentialAction":[{"@type":"ReadAction","target":["https:\/\/shopatoa.com\/ro\/wella-professionals-invigo-color-service-crema-protectoare-pentru-piele-inainte-de-vopsire-75-ml\/"]}]},{"@type":"ImageObject","inLanguage":"ro-RO","@id":"https:\/\/shopatoa.com\/ro\/wella-professionals-invigo-color-service-crema-protectoare-pentru-piele-inainte-de-vopsire-75-ml\/#primaryimage","url":"https:\/\/storage.googleapis.com\/cz-shopatoa-img\/ro\/c45043c2-unnamed-file.webp","contentUrl":"https:\/\/storage.googleapis.com\/cz-shopatoa-img\/ro\/c45043c2-unnamed-file.webp","width":800,"height":800},{"@type":"BreadcrumbList","@id":"https:\/\/shopatoa.com\/ro\/wella-professionals-invigo-color-service-crema-protectoare-pentru-piele-inainte-de-vopsire-75-ml\/#breadcrumb","itemListElement":[{"@type":"ListItem","position":1,"name":"Dom\u016f","item":"https:\/\/shopatoa.com\/ro\/"},{"@type":"ListItem","position":2,"name":"Shop","item":"https:\/\/shopatoa.com\/ro\/shop\/"},{"@type":"ListItem","position":3,"name":"S\u0103n\u0103tate \u0219i frumuse\u021be","item":"https:\/\/shopatoa.com\/ro\/sanatate-si-frumusete\/"},{"@type":"ListItem","position":4,"name":"\u00cengrijire personal\u0103","item":"https:\/\/shopatoa.com\/ro\/ingrijire-personala\/"},{"@type":"ListItem","position":5,"name":"\u00cengrijirea p\u0103rului","item":"https:\/\/shopatoa.com\/ro\/ingrijirea-parului\/"},{"@type":"ListItem","position":6,"name":"\u00cendep\u0103rtarea culorii p\u0103rului","item":"https:\/\/shopatoa.com\/ro\/indepartarea-culorii-parului\/"},{"@type":"ListItem","position":7,"name":"Wella Professionals Invigo Color Service Crema protectoare pentru piele inainte de vopsire 75 ml"}]},{"@type":"WebSite","@id":"https:\/\/shopatoa.com\/ro\/#website","url":"https:\/\/shopatoa.com\/ro\/","name":"SHOPATOA","description":"","publisher":{"@id":"https:\/\/shopatoa.com\/ro\/#organization"},"potentialAction":[{"@type":"SearchAction","target":{"@type":"EntryPoint","urlTemplate":"https:\/\/shopatoa.com\/ro\/?s={search_term_string}"},"query-input":{"@type":"PropertyValueSpecification","valueRequired":true,"valueName":"search_term_string"}}],"inLanguage":"ro-RO"},{"@type":"Organization","@id":"https:\/\/shopatoa.com\/ro\/#organization","name":"SHOPATOA","url":"https:\/\/shopatoa.com\/ro\/","logo":{"@type":"ImageObject","inLanguage":"ro-RO","@id":"https:\/\/shopatoa.com\/ro\/#\/schema\/logo\/image\/","url":"https:\/\/storage.googleapis.com\/cz-shopatoa-img\/ro\/b4dac915-shopatoa_logo.png","contentUrl":"https:\/\/storage.googleapis.com\/cz-shopatoa-img\/ro\/b4dac915-shopatoa_logo.png","width":416,"height":63,"caption":"SHOPATOA"},"image":{"@id":"https:\/\/shopatoa.com\/ro\/#\/schema\/logo\/image\/"}}]}},"_links":{"self":[{"href":"https:\/\/shopatoa.com\/ro\/wp-json\/wp\/v2\/product\/440532","targetHints":{"allow":["GET"]}}],"collection":[{"href":"https:\/\/shopatoa.com\/ro\/wp-json\/wp\/v2\/product"}],"about":[{"href":"https:\/\/shopatoa.com\/ro\/wp-json\/wp\/v2\/types\/product"}],"replies":[{"embeddable":true,"href":"https:\/\/shopatoa.com\/ro\/wp-json\/wp\/v2\/comments?post=440532"}],"wp:featuredmedia":[{"embeddable":true,"href":"https:\/\/shopatoa.com\/ro\/wp-json\/wp\/v2\/media\/440533"}],"wp:attachment":[{"href":"https:\/\/shopatoa.com\/ro\/wp-json\/wp\/v2\/media?parent=440532"}],"wp:term":[{"taxonomy":"product_brand","embeddable":true,"href":"https:\/\/shopatoa.com\/ro\/wp-json\/wp\/v2\/product_brand?post=440532"},{"taxonomy":"product_cat","embeddable":true,"href":"https:\/\/shopatoa.com\/ro\/wp-json\/wp\/v2\/product_cat?post=440532"},{"taxonomy":"product_tag","embeddable":true,"href":"https:\/\/shopatoa.com\/ro\/wp-json\/wp\/v2\/product_tag?post=440532"}],"curies":[{"name":"wp","href":"https:\/\/api.w.org\/{rel}","templated":true}]}}