{"id":440680,"date":"2025-06-24T11:32:21","date_gmt":"2025-06-24T09:32:21","guid":{"rendered":"https:\/\/shopatoa.com\/ro\/manyo-pure-cleansing-oil-deep-clean-ulei-demachiant-pentru-curatare-profunda-200-ml\/"},"modified":"2025-06-24T11:33:07","modified_gmt":"2025-06-24T09:33:07","slug":"manyo-pure-cleansing-oil-deep-clean-ulei-demachiant-pentru-curatare-profunda-200-ml","status":"publish","type":"product","link":"https:\/\/shopatoa.com\/ro\/manyo-pure-cleansing-oil-deep-clean-ulei-demachiant-pentru-curatare-profunda-200-ml\/","title":{"rendered":"ma:nyo Pure Cleansing Oil Deep Clean ulei demachiant pentru curatare profunda 200 ml"},"content":{"rendered":"<p>ma:nyo Pure Cleansing Oil Deep Clean, 200 ml, Cur\u0103\u021barea pielii pentru femei, \u00cenainte de a \u00eencepe rutina obi\u0219nuit\u0103 de \u00eengrijire, este foarte important s\u0103 v\u0103 preg\u0103ti\u021bi tenul printr-o cur\u0103\u021bare temeinic\u0103 \u2013 f\u0103r\u0103 aceasta, \u00eengrijirea urm\u0103toare nu va fi la fel de eficient\u0103. Produsul de cur\u0103\u021bare a tenului ma:nyo Pure Cleansing ajut\u0103 la \u00eendep\u0103rtarea tuturor impurit\u0103\u021bilor acumulate pe ten \u0219i \u00een pori pe parcursul zilei sau peste noapte, l\u0103s\u00e2nd fa\u021ba perfect curat\u0103 \u0219i preg\u0103tit\u0103 pentru orice alt\u0103 \u00eengrijire.  Caracteristici:  \u00eenl\u0103tur\u0103 eficient fondul de ten fe\u021bei dizolv\u0103 perfect chiar \u0219i un fond de ten rezistent la ap\u0103 l\u0103s\u0103 tenul complet curat amelioreaz\u0103 simptomele acneei regleaz\u0103 produc\u021bia de sebum nu astup\u0103 porii  Ingrediente:  produs vegan  Cum se utilizeaz\u0103: Aplica\u021bi produsul pe fa\u021ba uscat\u0103 \u0219i masa\u021bi delicat tenul cu v\u00e2rfurile degetelor, mai ales pe zonele mai pu\u021bin curate. Ad\u0103uga\u021bi pu\u021bin\u0103 ap\u0103 \u0219i continua\u021bi masajul fe\u021bei, pentru a dizolva machiajul \u0219i impurit\u0103\u021bile. Apoi se cl\u0103te\u0219te. Ideal pentru utilizarea zilnic\u0103.<\/p>\n","protected":false},"excerpt":{"rendered":"<p>ma:nyo Pure Cleansing Oil Deep Clean, 200 ml, Cur\u0103\u021barea pielii pentru femei, \u00cenainte de a \u00eencepe rutina obi\u0219nuit\u0103 de \u00eengrijire, este foarte important s\u0103 v\u0103 preg\u0103ti\u021bi tenul printr-o cur\u0103\u021bare temeinic\u0103 \u2013 f\u0103r\u0103 aceasta, \u00eengrijirea urm\u0103toare nu va fi la fel de eficient\u0103. Produsul de cur\u0103\u021bare a tenului ma:nyo Pure Cleansing ajut\u0103 la \u00eendep\u0103rtarea tuturor impurit\u0103\u021bilor&#8230;<\/p>\n","protected":false},"featured_media":440681,"comment_status":"closed","ping_status":"open","template":"","meta":{"_acf_changed":false,"_kadence_starter_templates_imported_post":false,"_kad_post_transparent":"","_kad_post_title":"","_kad_post_layout":"","_kad_post_sidebar_id":"","_kad_post_content_style":"","_kad_post_vertical_padding":"","_kad_post_feature":"","_kad_post_feature_position":"","_kad_post_header":false,"_kad_post_footer":false,"_kad_post_classname":""},"product_brand":[2598],"product_cat":[1564,1566,1563,1565,1562],"product_tag":[],"class_list":{"0":"post-440680","1":"product","2":"type-product","3":"status-publish","4":"has-post-thumbnail","6":"product_brand-manyo","7":"product_cat-cosmetice-ingrijire-personala","8":"product_cat-demachiere","9":"product_cat-ingrijire-personala","10":"product_cat-ingrijirea-pielii","11":"product_cat-sanatate-si-frumusete","12":"pa_gen-female","13":"pa_marime-200-ml","15":"first","16":"instock","17":"sale","18":"product-type-external","19":"entry","20":"content-bg","21":"loop-entry"},"acf":[],"yoast_head":"<!-- This site is optimized with the Yoast SEO plugin v27.4 - https:\/\/yoast.com\/product\/yoast-seo-wordpress\/ -->\n<title>ma:nyo Pure Cleansing Oil Deep Clean ulei demachiant pentru curatare profunda 200 ml - SHOPATOA.COM<\/title>\n<meta name=\"robots\" content=\"index, follow, max-snippet:-1, max-image-preview:large, max-video-preview:-1\" \/>\n<link rel=\"canonical\" href=\"https:\/\/shopatoa.com\/ro\/manyo-pure-cleansing-oil-deep-clean-ulei-demachiant-pentru-curatare-profunda-200-ml\/\" \/>\n<meta property=\"og:locale\" content=\"ro_RO\" \/>\n<meta property=\"og:type\" content=\"article\" \/>\n<meta property=\"og:title\" content=\"ma:nyo Pure Cleansing Oil Deep Clean ulei demachiant pentru curatare profunda 200 ml - SHOPATOA.COM\" \/>\n<meta property=\"og:description\" content=\"ma:nyo Pure Cleansing Oil Deep Clean, 200 ml, Cur\u0103\u021barea pielii pentru femei, \u00cenainte de a \u00eencepe rutina obi\u0219nuit\u0103 de \u00eengrijire, este foarte important s\u0103 v\u0103 preg\u0103ti\u021bi tenul printr-o cur\u0103\u021bare temeinic\u0103 \u2013 f\u0103r\u0103 aceasta, \u00eengrijirea urm\u0103toare nu va fi la fel de eficient\u0103. Produsul de cur\u0103\u021bare a tenului ma:nyo Pure Cleansing ajut\u0103 la \u00eendep\u0103rtarea tuturor impurit\u0103\u021bilor...\" \/>\n<meta property=\"og:url\" content=\"https:\/\/shopatoa.com\/ro\/manyo-pure-cleansing-oil-deep-clean-ulei-demachiant-pentru-curatare-profunda-200-ml\/\" \/>\n<meta property=\"og:site_name\" content=\"SHOPATOA\" \/>\n<meta property=\"article:modified_time\" content=\"2025-06-24T09:33:07+00:00\" \/>\n<meta property=\"og:image\" content=\"https:\/\/storage.googleapis.com\/cz-shopatoa-img\/ro\/e2ae56f1-unnamed-file.webp\" \/>\n\t<meta property=\"og:image:width\" content=\"800\" \/>\n\t<meta property=\"og:image:height\" content=\"800\" \/>\n\t<meta property=\"og:image:type\" content=\"image\/webp\" \/>\n<meta name=\"twitter:card\" content=\"summary_large_image\" \/>\n<meta name=\"twitter:label1\" content=\"Timp estimat pentru citire\" \/>\n\t<meta name=\"twitter:data1\" content=\"1 minut\" \/>\n<script type=\"application\/ld+json\" class=\"yoast-schema-graph\">{\"@context\":\"https:\\\/\\\/schema.org\",\"@graph\":[{\"@type\":\"WebPage\",\"@id\":\"https:\\\/\\\/shopatoa.com\\\/ro\\\/manyo-pure-cleansing-oil-deep-clean-ulei-demachiant-pentru-curatare-profunda-200-ml\\\/\",\"url\":\"https:\\\/\\\/shopatoa.com\\\/ro\\\/manyo-pure-cleansing-oil-deep-clean-ulei-demachiant-pentru-curatare-profunda-200-ml\\\/\",\"name\":\"ma:nyo Pure Cleansing Oil Deep Clean ulei demachiant pentru curatare profunda 200 ml - SHOPATOA.COM\",\"isPartOf\":{\"@id\":\"https:\\\/\\\/shopatoa.com\\\/ro\\\/#website\"},\"primaryImageOfPage\":{\"@id\":\"https:\\\/\\\/shopatoa.com\\\/ro\\\/manyo-pure-cleansing-oil-deep-clean-ulei-demachiant-pentru-curatare-profunda-200-ml\\\/#primaryimage\"},\"image\":{\"@id\":\"https:\\\/\\\/shopatoa.com\\\/ro\\\/manyo-pure-cleansing-oil-deep-clean-ulei-demachiant-pentru-curatare-profunda-200-ml\\\/#primaryimage\"},\"thumbnailUrl\":\"https:\\\/\\\/storage.googleapis.com\\\/cz-shopatoa-img\\\/ro\\\/e2ae56f1-unnamed-file.webp\",\"datePublished\":\"2025-06-24T09:32:21+00:00\",\"dateModified\":\"2025-06-24T09:33:07+00:00\",\"breadcrumb\":{\"@id\":\"https:\\\/\\\/shopatoa.com\\\/ro\\\/manyo-pure-cleansing-oil-deep-clean-ulei-demachiant-pentru-curatare-profunda-200-ml\\\/#breadcrumb\"},\"inLanguage\":\"ro-RO\",\"potentialAction\":[{\"@type\":\"ReadAction\",\"target\":[\"https:\\\/\\\/shopatoa.com\\\/ro\\\/manyo-pure-cleansing-oil-deep-clean-ulei-demachiant-pentru-curatare-profunda-200-ml\\\/\"]}]},{\"@type\":\"ImageObject\",\"inLanguage\":\"ro-RO\",\"@id\":\"https:\\\/\\\/shopatoa.com\\\/ro\\\/manyo-pure-cleansing-oil-deep-clean-ulei-demachiant-pentru-curatare-profunda-200-ml\\\/#primaryimage\",\"url\":\"https:\\\/\\\/storage.googleapis.com\\\/cz-shopatoa-img\\\/ro\\\/e2ae56f1-unnamed-file.webp\",\"contentUrl\":\"https:\\\/\\\/storage.googleapis.com\\\/cz-shopatoa-img\\\/ro\\\/e2ae56f1-unnamed-file.webp\",\"width\":800,\"height\":800},{\"@type\":\"BreadcrumbList\",\"@id\":\"https:\\\/\\\/shopatoa.com\\\/ro\\\/manyo-pure-cleansing-oil-deep-clean-ulei-demachiant-pentru-curatare-profunda-200-ml\\\/#breadcrumb\",\"itemListElement\":[{\"@type\":\"ListItem\",\"position\":1,\"name\":\"Dom\u016f\",\"item\":\"https:\\\/\\\/shopatoa.com\\\/ro\\\/\"},{\"@type\":\"ListItem\",\"position\":2,\"name\":\"Shop\",\"item\":\"https:\\\/\\\/shopatoa.com\\\/ro\\\/shop\\\/\"},{\"@type\":\"ListItem\",\"position\":3,\"name\":\"ma:nyo Pure Cleansing Oil Deep Clean ulei demachiant pentru curatare profunda 200 ml\"}]},{\"@type\":\"WebSite\",\"@id\":\"https:\\\/\\\/shopatoa.com\\\/ro\\\/#website\",\"url\":\"https:\\\/\\\/shopatoa.com\\\/ro\\\/\",\"name\":\"SHOPATOA\",\"description\":\"\",\"publisher\":{\"@id\":\"https:\\\/\\\/shopatoa.com\\\/ro\\\/#organization\"},\"potentialAction\":[{\"@type\":\"SearchAction\",\"target\":{\"@type\":\"EntryPoint\",\"urlTemplate\":\"https:\\\/\\\/shopatoa.com\\\/ro\\\/?s={search_term_string}\"},\"query-input\":{\"@type\":\"PropertyValueSpecification\",\"valueRequired\":true,\"valueName\":\"search_term_string\"}}],\"inLanguage\":\"ro-RO\"},{\"@type\":\"Organization\",\"@id\":\"https:\\\/\\\/shopatoa.com\\\/ro\\\/#organization\",\"name\":\"SHOPATOA\",\"url\":\"https:\\\/\\\/shopatoa.com\\\/ro\\\/\",\"logo\":{\"@type\":\"ImageObject\",\"inLanguage\":\"ro-RO\",\"@id\":\"https:\\\/\\\/shopatoa.com\\\/ro\\\/#\\\/schema\\\/logo\\\/image\\\/\",\"url\":\"https:\\\/\\\/storage.googleapis.com\\\/cz-shopatoa-img\\\/ro\\\/b4dac915-shopatoa_logo.png\",\"contentUrl\":\"https:\\\/\\\/storage.googleapis.com\\\/cz-shopatoa-img\\\/ro\\\/b4dac915-shopatoa_logo.png\",\"width\":416,\"height\":63,\"caption\":\"SHOPATOA\"},\"image\":{\"@id\":\"https:\\\/\\\/shopatoa.com\\\/ro\\\/#\\\/schema\\\/logo\\\/image\\\/\"}}]}<\/script>\n<!-- \/ Yoast SEO plugin. -->","yoast_head_json":{"title":"ma:nyo Pure Cleansing Oil Deep Clean ulei demachiant pentru curatare profunda 200 ml - SHOPATOA.COM","robots":{"index":"index","follow":"follow","max-snippet":"max-snippet:-1","max-image-preview":"max-image-preview:large","max-video-preview":"max-video-preview:-1"},"canonical":"https:\/\/shopatoa.com\/ro\/manyo-pure-cleansing-oil-deep-clean-ulei-demachiant-pentru-curatare-profunda-200-ml\/","og_locale":"ro_RO","og_type":"article","og_title":"ma:nyo Pure Cleansing Oil Deep Clean ulei demachiant pentru curatare profunda 200 ml - SHOPATOA.COM","og_description":"ma:nyo Pure Cleansing Oil Deep Clean, 200 ml, Cur\u0103\u021barea pielii pentru femei, \u00cenainte de a \u00eencepe rutina obi\u0219nuit\u0103 de \u00eengrijire, este foarte important s\u0103 v\u0103 preg\u0103ti\u021bi tenul printr-o cur\u0103\u021bare temeinic\u0103 \u2013 f\u0103r\u0103 aceasta, \u00eengrijirea urm\u0103toare nu va fi la fel de eficient\u0103. Produsul de cur\u0103\u021bare a tenului ma:nyo Pure Cleansing ajut\u0103 la \u00eendep\u0103rtarea tuturor impurit\u0103\u021bilor...","og_url":"https:\/\/shopatoa.com\/ro\/manyo-pure-cleansing-oil-deep-clean-ulei-demachiant-pentru-curatare-profunda-200-ml\/","og_site_name":"SHOPATOA","article_modified_time":"2025-06-24T09:33:07+00:00","og_image":[{"width":800,"height":800,"url":"https:\/\/storage.googleapis.com\/cz-shopatoa-img\/ro\/e2ae56f1-unnamed-file.webp","type":"image\/webp"}],"twitter_card":"summary_large_image","twitter_misc":{"Timp estimat pentru citire":"1 minut"},"schema":{"@context":"https:\/\/schema.org","@graph":[{"@type":"WebPage","@id":"https:\/\/shopatoa.com\/ro\/manyo-pure-cleansing-oil-deep-clean-ulei-demachiant-pentru-curatare-profunda-200-ml\/","url":"https:\/\/shopatoa.com\/ro\/manyo-pure-cleansing-oil-deep-clean-ulei-demachiant-pentru-curatare-profunda-200-ml\/","name":"ma:nyo Pure Cleansing Oil Deep Clean ulei demachiant pentru curatare profunda 200 ml - SHOPATOA.COM","isPartOf":{"@id":"https:\/\/shopatoa.com\/ro\/#website"},"primaryImageOfPage":{"@id":"https:\/\/shopatoa.com\/ro\/manyo-pure-cleansing-oil-deep-clean-ulei-demachiant-pentru-curatare-profunda-200-ml\/#primaryimage"},"image":{"@id":"https:\/\/shopatoa.com\/ro\/manyo-pure-cleansing-oil-deep-clean-ulei-demachiant-pentru-curatare-profunda-200-ml\/#primaryimage"},"thumbnailUrl":"https:\/\/storage.googleapis.com\/cz-shopatoa-img\/ro\/e2ae56f1-unnamed-file.webp","datePublished":"2025-06-24T09:32:21+00:00","dateModified":"2025-06-24T09:33:07+00:00","breadcrumb":{"@id":"https:\/\/shopatoa.com\/ro\/manyo-pure-cleansing-oil-deep-clean-ulei-demachiant-pentru-curatare-profunda-200-ml\/#breadcrumb"},"inLanguage":"ro-RO","potentialAction":[{"@type":"ReadAction","target":["https:\/\/shopatoa.com\/ro\/manyo-pure-cleansing-oil-deep-clean-ulei-demachiant-pentru-curatare-profunda-200-ml\/"]}]},{"@type":"ImageObject","inLanguage":"ro-RO","@id":"https:\/\/shopatoa.com\/ro\/manyo-pure-cleansing-oil-deep-clean-ulei-demachiant-pentru-curatare-profunda-200-ml\/#primaryimage","url":"https:\/\/storage.googleapis.com\/cz-shopatoa-img\/ro\/e2ae56f1-unnamed-file.webp","contentUrl":"https:\/\/storage.googleapis.com\/cz-shopatoa-img\/ro\/e2ae56f1-unnamed-file.webp","width":800,"height":800},{"@type":"BreadcrumbList","@id":"https:\/\/shopatoa.com\/ro\/manyo-pure-cleansing-oil-deep-clean-ulei-demachiant-pentru-curatare-profunda-200-ml\/#breadcrumb","itemListElement":[{"@type":"ListItem","position":1,"name":"Dom\u016f","item":"https:\/\/shopatoa.com\/ro\/"},{"@type":"ListItem","position":2,"name":"Shop","item":"https:\/\/shopatoa.com\/ro\/shop\/"},{"@type":"ListItem","position":3,"name":"ma:nyo Pure Cleansing Oil Deep Clean ulei demachiant pentru curatare profunda 200 ml"}]},{"@type":"WebSite","@id":"https:\/\/shopatoa.com\/ro\/#website","url":"https:\/\/shopatoa.com\/ro\/","name":"SHOPATOA","description":"","publisher":{"@id":"https:\/\/shopatoa.com\/ro\/#organization"},"potentialAction":[{"@type":"SearchAction","target":{"@type":"EntryPoint","urlTemplate":"https:\/\/shopatoa.com\/ro\/?s={search_term_string}"},"query-input":{"@type":"PropertyValueSpecification","valueRequired":true,"valueName":"search_term_string"}}],"inLanguage":"ro-RO"},{"@type":"Organization","@id":"https:\/\/shopatoa.com\/ro\/#organization","name":"SHOPATOA","url":"https:\/\/shopatoa.com\/ro\/","logo":{"@type":"ImageObject","inLanguage":"ro-RO","@id":"https:\/\/shopatoa.com\/ro\/#\/schema\/logo\/image\/","url":"https:\/\/storage.googleapis.com\/cz-shopatoa-img\/ro\/b4dac915-shopatoa_logo.png","contentUrl":"https:\/\/storage.googleapis.com\/cz-shopatoa-img\/ro\/b4dac915-shopatoa_logo.png","width":416,"height":63,"caption":"SHOPATOA"},"image":{"@id":"https:\/\/shopatoa.com\/ro\/#\/schema\/logo\/image\/"}}]}},"_links":{"self":[{"href":"https:\/\/shopatoa.com\/ro\/wp-json\/wp\/v2\/product\/440680","targetHints":{"allow":["GET"]}}],"collection":[{"href":"https:\/\/shopatoa.com\/ro\/wp-json\/wp\/v2\/product"}],"about":[{"href":"https:\/\/shopatoa.com\/ro\/wp-json\/wp\/v2\/types\/product"}],"replies":[{"embeddable":true,"href":"https:\/\/shopatoa.com\/ro\/wp-json\/wp\/v2\/comments?post=440680"}],"wp:featuredmedia":[{"embeddable":true,"href":"https:\/\/shopatoa.com\/ro\/wp-json\/wp\/v2\/media\/440681"}],"wp:attachment":[{"href":"https:\/\/shopatoa.com\/ro\/wp-json\/wp\/v2\/media?parent=440680"}],"wp:term":[{"taxonomy":"product_brand","embeddable":true,"href":"https:\/\/shopatoa.com\/ro\/wp-json\/wp\/v2\/product_brand?post=440680"},{"taxonomy":"product_cat","embeddable":true,"href":"https:\/\/shopatoa.com\/ro\/wp-json\/wp\/v2\/product_cat?post=440680"},{"taxonomy":"product_tag","embeddable":true,"href":"https:\/\/shopatoa.com\/ro\/wp-json\/wp\/v2\/product_tag?post=440680"}],"curies":[{"name":"wp","href":"https:\/\/api.w.org\/{rel}","templated":true}]}}