{"id":440842,"date":"2025-06-24T11:57:22","date_gmt":"2025-06-24T09:57:22","guid":{"rendered":"https:\/\/shopatoa.com\/ro\/childhome-baby-necessities-black-gold-geanta-pentru-cosmetice-black-gold\/"},"modified":"2025-12-13T17:55:20","modified_gmt":"2025-12-13T16:55:20","slug":"childhome-baby-necessities-black-gold-geanta-pentru-cosmetice-black-gold","status":"publish","type":"product","link":"https:\/\/shopatoa.com\/ro\/childhome-baby-necessities-black-gold-geanta-pentru-cosmetice-black-gold\/","title":{"rendered":"Childhome Baby Necessities Black Gold geant\u0103 pentru cosmetice Black Gold"},"content":{"rendered":"<p>Childhome Baby Necessities Black Gold, Gen\u021bi \u0219i rucsacuri pentru copii pentru femei, Geanta de cosmetice Childhome Baby Necessities Black Gold este excelent\u0103 pentru toate acele produse cosmetice \u0219i de igien\u0103 indispensabile bebelu\u0219ului dvs., f\u0103r\u0103 de care nu ie\u0219i\u021bi din cas\u0103. Datorit\u0103 \u00eenchiderii sigure, nimic nu se vars\u0103, toate r\u0103m\u00e2n la locul lor, iar dvs. g\u0103si\u021bi imediat ce v\u0103 trebuie.  Caracteristici:  ofer\u0103 posibilitatea unor utiliz\u0103ri versatile material rezistent \u0219i de calitate \u00eenchidere practic\u0103, cu fermoar geant\u0103 spa\u021bioas\u0103 pentru cosmetice, ideal\u0103 pentru c\u0103l\u0103torii lungi u\u0219or de \u00eentre\u021binut, datorit\u0103 materialului lavabil design elegant \u0219i trendy design modern \u0219i inedit spa\u021biu suficient compartiment mare \u0219i mic  Cum se utilizeaz\u0103: Dac\u0103 s-a murd\u0103rit, este suficient s\u0103-l \u0219terge\u021bi cu o c\u00e2rp\u0103 umed\u0103. Nu poate fi sp\u0103lat la ma\u0219in\u0103.<\/p>\n","protected":false},"excerpt":{"rendered":"<p>Childhome Baby Necessities Black Gold, Gen\u021bi \u0219i rucsacuri pentru copii pentru femei, Geanta de cosmetice Childhome Baby Necessities Black Gold este excelent\u0103 pentru toate acele produse cosmetice \u0219i de igien\u0103 indispensabile bebelu\u0219ului dvs., f\u0103r\u0103 de care nu ie\u0219i\u021bi din cas\u0103. Datorit\u0103 \u00eenchiderii sigure, nimic nu se vars\u0103, toate r\u0103m\u00e2n la locul lor, iar dvs. g\u0103si\u021bi&#8230;<\/p>\n","protected":false},"featured_media":440843,"comment_status":"closed","ping_status":"open","template":"","meta":{"_acf_changed":false,"_kadence_starter_templates_imported_post":false,"_kad_post_transparent":"","_kad_post_title":"","_kad_post_layout":"","_kad_post_sidebar_id":"","_kad_post_content_style":"","_kad_post_vertical_padding":"","_kad_post_feature":"","_kad_post_feature_position":"","_kad_post_header":false,"_kad_post_footer":false,"_kad_post_classname":""},"product_brand":[3703],"product_cat":[3217,1564,3218,1563,1576,1562],"product_tag":[],"class_list":{"0":"post-440842","1":"product","2":"type-product","3":"status-publish","4":"has-post-thumbnail","6":"product_brand-childhome","7":"product_cat-accesorii","8":"product_cat-cosmetice-ingrijire-personala","9":"product_cat-genti-cosmetice","10":"product_cat-ingrijire-personala","11":"product_cat-machiaj","12":"product_cat-sanatate-si-frumusete","13":"pa_gen-female","15":"first","16":"instock","17":"sale","18":"product-type-external","19":"entry","20":"content-bg","21":"loop-entry"},"acf":[],"yoast_head":"<!-- This site is optimized with the Yoast SEO plugin v27.4 - https:\/\/yoast.com\/product\/yoast-seo-wordpress\/ -->\n<title>Childhome Baby Necessities Black Gold geant\u0103 pentru cosmetice Black Gold - SHOPATOA.COM<\/title>\n<meta name=\"robots\" content=\"index, follow, max-snippet:-1, max-image-preview:large, max-video-preview:-1\" \/>\n<link rel=\"canonical\" href=\"https:\/\/shopatoa.com\/ro\/childhome-baby-necessities-black-gold-geanta-pentru-cosmetice-black-gold\/\" \/>\n<meta property=\"og:locale\" content=\"ro_RO\" \/>\n<meta property=\"og:type\" content=\"article\" \/>\n<meta property=\"og:title\" content=\"Childhome Baby Necessities Black Gold geant\u0103 pentru cosmetice Black Gold - SHOPATOA.COM\" \/>\n<meta property=\"og:description\" content=\"Childhome Baby Necessities Black Gold, Gen\u021bi \u0219i rucsacuri pentru copii pentru femei, Geanta de cosmetice Childhome Baby Necessities Black Gold este excelent\u0103 pentru toate acele produse cosmetice \u0219i de igien\u0103 indispensabile bebelu\u0219ului dvs., f\u0103r\u0103 de care nu ie\u0219i\u021bi din cas\u0103. Datorit\u0103 \u00eenchiderii sigure, nimic nu se vars\u0103, toate r\u0103m\u00e2n la locul lor, iar dvs. g\u0103si\u021bi...\" \/>\n<meta property=\"og:url\" content=\"https:\/\/shopatoa.com\/ro\/childhome-baby-necessities-black-gold-geanta-pentru-cosmetice-black-gold\/\" \/>\n<meta property=\"og:site_name\" content=\"SHOPATOA\" \/>\n<meta property=\"article:modified_time\" content=\"2025-12-13T16:55:20+00:00\" \/>\n<meta property=\"og:image\" content=\"https:\/\/storage.googleapis.com\/cz-shopatoa-img\/ro\/b1fb6fe6-unnamed-file.webp\" \/>\n\t<meta property=\"og:image:width\" content=\"800\" \/>\n\t<meta property=\"og:image:height\" content=\"800\" \/>\n\t<meta property=\"og:image:type\" content=\"image\/webp\" \/>\n<meta name=\"twitter:card\" content=\"summary_large_image\" \/>\n<meta name=\"twitter:label1\" content=\"Timp estimat pentru citire\" \/>\n\t<meta name=\"twitter:data1\" content=\"1 minut\" \/>\n<script type=\"application\/ld+json\" class=\"yoast-schema-graph\">{\"@context\":\"https:\\\/\\\/schema.org\",\"@graph\":[{\"@type\":\"WebPage\",\"@id\":\"https:\\\/\\\/shopatoa.com\\\/ro\\\/childhome-baby-necessities-black-gold-geanta-pentru-cosmetice-black-gold\\\/\",\"url\":\"https:\\\/\\\/shopatoa.com\\\/ro\\\/childhome-baby-necessities-black-gold-geanta-pentru-cosmetice-black-gold\\\/\",\"name\":\"Childhome Baby Necessities Black Gold geant\u0103 pentru cosmetice Black Gold - SHOPATOA.COM\",\"isPartOf\":{\"@id\":\"https:\\\/\\\/shopatoa.com\\\/ro\\\/#website\"},\"primaryImageOfPage\":{\"@id\":\"https:\\\/\\\/shopatoa.com\\\/ro\\\/childhome-baby-necessities-black-gold-geanta-pentru-cosmetice-black-gold\\\/#primaryimage\"},\"image\":{\"@id\":\"https:\\\/\\\/shopatoa.com\\\/ro\\\/childhome-baby-necessities-black-gold-geanta-pentru-cosmetice-black-gold\\\/#primaryimage\"},\"thumbnailUrl\":\"https:\\\/\\\/storage.googleapis.com\\\/cz-shopatoa-img\\\/ro\\\/b1fb6fe6-unnamed-file.webp\",\"datePublished\":\"2025-06-24T09:57:22+00:00\",\"dateModified\":\"2025-12-13T16:55:20+00:00\",\"breadcrumb\":{\"@id\":\"https:\\\/\\\/shopatoa.com\\\/ro\\\/childhome-baby-necessities-black-gold-geanta-pentru-cosmetice-black-gold\\\/#breadcrumb\"},\"inLanguage\":\"ro-RO\",\"potentialAction\":[{\"@type\":\"ReadAction\",\"target\":[\"https:\\\/\\\/shopatoa.com\\\/ro\\\/childhome-baby-necessities-black-gold-geanta-pentru-cosmetice-black-gold\\\/\"]}]},{\"@type\":\"ImageObject\",\"inLanguage\":\"ro-RO\",\"@id\":\"https:\\\/\\\/shopatoa.com\\\/ro\\\/childhome-baby-necessities-black-gold-geanta-pentru-cosmetice-black-gold\\\/#primaryimage\",\"url\":\"https:\\\/\\\/storage.googleapis.com\\\/cz-shopatoa-img\\\/ro\\\/b1fb6fe6-unnamed-file.webp\",\"contentUrl\":\"https:\\\/\\\/storage.googleapis.com\\\/cz-shopatoa-img\\\/ro\\\/b1fb6fe6-unnamed-file.webp\",\"width\":800,\"height\":800},{\"@type\":\"BreadcrumbList\",\"@id\":\"https:\\\/\\\/shopatoa.com\\\/ro\\\/childhome-baby-necessities-black-gold-geanta-pentru-cosmetice-black-gold\\\/#breadcrumb\",\"itemListElement\":[{\"@type\":\"ListItem\",\"position\":1,\"name\":\"Dom\u016f\",\"item\":\"https:\\\/\\\/shopatoa.com\\\/ro\\\/\"},{\"@type\":\"ListItem\",\"position\":2,\"name\":\"Shop\",\"item\":\"https:\\\/\\\/shopatoa.com\\\/ro\\\/shop\\\/\"},{\"@type\":\"ListItem\",\"position\":3,\"name\":\"S\u0103n\u0103tate \u0219i frumuse\u021be\",\"item\":\"https:\\\/\\\/shopatoa.com\\\/ro\\\/sanatate-si-frumusete\\\/\"},{\"@type\":\"ListItem\",\"position\":4,\"name\":\"\u00cengrijire personal\u0103\",\"item\":\"https:\\\/\\\/shopatoa.com\\\/ro\\\/ingrijire-personala\\\/\"},{\"@type\":\"ListItem\",\"position\":5,\"name\":\"Cosmetice\",\"item\":\"https:\\\/\\\/shopatoa.com\\\/ro\\\/cosmetice-ingrijire-personala\\\/\"},{\"@type\":\"ListItem\",\"position\":6,\"name\":\"Machiaj\",\"item\":\"https:\\\/\\\/shopatoa.com\\\/ro\\\/machiaj\\\/\"},{\"@type\":\"ListItem\",\"position\":7,\"name\":\"Accesorii\",\"item\":\"https:\\\/\\\/shopatoa.com\\\/ro\\\/accesorii\\\/\"},{\"@type\":\"ListItem\",\"position\":8,\"name\":\"Gen\u021bi cosmetice\",\"item\":\"https:\\\/\\\/shopatoa.com\\\/ro\\\/genti-cosmetice\\\/\"},{\"@type\":\"ListItem\",\"position\":9,\"name\":\"Childhome Baby Necessities Black Gold geant\u0103 pentru cosmetice Black Gold\"}]},{\"@type\":\"WebSite\",\"@id\":\"https:\\\/\\\/shopatoa.com\\\/ro\\\/#website\",\"url\":\"https:\\\/\\\/shopatoa.com\\\/ro\\\/\",\"name\":\"SHOPATOA\",\"description\":\"\",\"publisher\":{\"@id\":\"https:\\\/\\\/shopatoa.com\\\/ro\\\/#organization\"},\"potentialAction\":[{\"@type\":\"SearchAction\",\"target\":{\"@type\":\"EntryPoint\",\"urlTemplate\":\"https:\\\/\\\/shopatoa.com\\\/ro\\\/?s={search_term_string}\"},\"query-input\":{\"@type\":\"PropertyValueSpecification\",\"valueRequired\":true,\"valueName\":\"search_term_string\"}}],\"inLanguage\":\"ro-RO\"},{\"@type\":\"Organization\",\"@id\":\"https:\\\/\\\/shopatoa.com\\\/ro\\\/#organization\",\"name\":\"SHOPATOA\",\"url\":\"https:\\\/\\\/shopatoa.com\\\/ro\\\/\",\"logo\":{\"@type\":\"ImageObject\",\"inLanguage\":\"ro-RO\",\"@id\":\"https:\\\/\\\/shopatoa.com\\\/ro\\\/#\\\/schema\\\/logo\\\/image\\\/\",\"url\":\"https:\\\/\\\/storage.googleapis.com\\\/cz-shopatoa-img\\\/ro\\\/b4dac915-shopatoa_logo.png\",\"contentUrl\":\"https:\\\/\\\/storage.googleapis.com\\\/cz-shopatoa-img\\\/ro\\\/b4dac915-shopatoa_logo.png\",\"width\":416,\"height\":63,\"caption\":\"SHOPATOA\"},\"image\":{\"@id\":\"https:\\\/\\\/shopatoa.com\\\/ro\\\/#\\\/schema\\\/logo\\\/image\\\/\"}}]}<\/script>\n<!-- \/ Yoast SEO plugin. -->","yoast_head_json":{"title":"Childhome Baby Necessities Black Gold geant\u0103 pentru cosmetice Black Gold - SHOPATOA.COM","robots":{"index":"index","follow":"follow","max-snippet":"max-snippet:-1","max-image-preview":"max-image-preview:large","max-video-preview":"max-video-preview:-1"},"canonical":"https:\/\/shopatoa.com\/ro\/childhome-baby-necessities-black-gold-geanta-pentru-cosmetice-black-gold\/","og_locale":"ro_RO","og_type":"article","og_title":"Childhome Baby Necessities Black Gold geant\u0103 pentru cosmetice Black Gold - SHOPATOA.COM","og_description":"Childhome Baby Necessities Black Gold, Gen\u021bi \u0219i rucsacuri pentru copii pentru femei, Geanta de cosmetice Childhome Baby Necessities Black Gold este excelent\u0103 pentru toate acele produse cosmetice \u0219i de igien\u0103 indispensabile bebelu\u0219ului dvs., f\u0103r\u0103 de care nu ie\u0219i\u021bi din cas\u0103. Datorit\u0103 \u00eenchiderii sigure, nimic nu se vars\u0103, toate r\u0103m\u00e2n la locul lor, iar dvs. g\u0103si\u021bi...","og_url":"https:\/\/shopatoa.com\/ro\/childhome-baby-necessities-black-gold-geanta-pentru-cosmetice-black-gold\/","og_site_name":"SHOPATOA","article_modified_time":"2025-12-13T16:55:20+00:00","og_image":[{"width":800,"height":800,"url":"https:\/\/storage.googleapis.com\/cz-shopatoa-img\/ro\/b1fb6fe6-unnamed-file.webp","type":"image\/webp"}],"twitter_card":"summary_large_image","twitter_misc":{"Timp estimat pentru citire":"1 minut"},"schema":{"@context":"https:\/\/schema.org","@graph":[{"@type":"WebPage","@id":"https:\/\/shopatoa.com\/ro\/childhome-baby-necessities-black-gold-geanta-pentru-cosmetice-black-gold\/","url":"https:\/\/shopatoa.com\/ro\/childhome-baby-necessities-black-gold-geanta-pentru-cosmetice-black-gold\/","name":"Childhome Baby Necessities Black Gold geant\u0103 pentru cosmetice Black Gold - SHOPATOA.COM","isPartOf":{"@id":"https:\/\/shopatoa.com\/ro\/#website"},"primaryImageOfPage":{"@id":"https:\/\/shopatoa.com\/ro\/childhome-baby-necessities-black-gold-geanta-pentru-cosmetice-black-gold\/#primaryimage"},"image":{"@id":"https:\/\/shopatoa.com\/ro\/childhome-baby-necessities-black-gold-geanta-pentru-cosmetice-black-gold\/#primaryimage"},"thumbnailUrl":"https:\/\/storage.googleapis.com\/cz-shopatoa-img\/ro\/b1fb6fe6-unnamed-file.webp","datePublished":"2025-06-24T09:57:22+00:00","dateModified":"2025-12-13T16:55:20+00:00","breadcrumb":{"@id":"https:\/\/shopatoa.com\/ro\/childhome-baby-necessities-black-gold-geanta-pentru-cosmetice-black-gold\/#breadcrumb"},"inLanguage":"ro-RO","potentialAction":[{"@type":"ReadAction","target":["https:\/\/shopatoa.com\/ro\/childhome-baby-necessities-black-gold-geanta-pentru-cosmetice-black-gold\/"]}]},{"@type":"ImageObject","inLanguage":"ro-RO","@id":"https:\/\/shopatoa.com\/ro\/childhome-baby-necessities-black-gold-geanta-pentru-cosmetice-black-gold\/#primaryimage","url":"https:\/\/storage.googleapis.com\/cz-shopatoa-img\/ro\/b1fb6fe6-unnamed-file.webp","contentUrl":"https:\/\/storage.googleapis.com\/cz-shopatoa-img\/ro\/b1fb6fe6-unnamed-file.webp","width":800,"height":800},{"@type":"BreadcrumbList","@id":"https:\/\/shopatoa.com\/ro\/childhome-baby-necessities-black-gold-geanta-pentru-cosmetice-black-gold\/#breadcrumb","itemListElement":[{"@type":"ListItem","position":1,"name":"Dom\u016f","item":"https:\/\/shopatoa.com\/ro\/"},{"@type":"ListItem","position":2,"name":"Shop","item":"https:\/\/shopatoa.com\/ro\/shop\/"},{"@type":"ListItem","position":3,"name":"S\u0103n\u0103tate \u0219i frumuse\u021be","item":"https:\/\/shopatoa.com\/ro\/sanatate-si-frumusete\/"},{"@type":"ListItem","position":4,"name":"\u00cengrijire personal\u0103","item":"https:\/\/shopatoa.com\/ro\/ingrijire-personala\/"},{"@type":"ListItem","position":5,"name":"Cosmetice","item":"https:\/\/shopatoa.com\/ro\/cosmetice-ingrijire-personala\/"},{"@type":"ListItem","position":6,"name":"Machiaj","item":"https:\/\/shopatoa.com\/ro\/machiaj\/"},{"@type":"ListItem","position":7,"name":"Accesorii","item":"https:\/\/shopatoa.com\/ro\/accesorii\/"},{"@type":"ListItem","position":8,"name":"Gen\u021bi cosmetice","item":"https:\/\/shopatoa.com\/ro\/genti-cosmetice\/"},{"@type":"ListItem","position":9,"name":"Childhome Baby Necessities Black Gold geant\u0103 pentru cosmetice Black Gold"}]},{"@type":"WebSite","@id":"https:\/\/shopatoa.com\/ro\/#website","url":"https:\/\/shopatoa.com\/ro\/","name":"SHOPATOA","description":"","publisher":{"@id":"https:\/\/shopatoa.com\/ro\/#organization"},"potentialAction":[{"@type":"SearchAction","target":{"@type":"EntryPoint","urlTemplate":"https:\/\/shopatoa.com\/ro\/?s={search_term_string}"},"query-input":{"@type":"PropertyValueSpecification","valueRequired":true,"valueName":"search_term_string"}}],"inLanguage":"ro-RO"},{"@type":"Organization","@id":"https:\/\/shopatoa.com\/ro\/#organization","name":"SHOPATOA","url":"https:\/\/shopatoa.com\/ro\/","logo":{"@type":"ImageObject","inLanguage":"ro-RO","@id":"https:\/\/shopatoa.com\/ro\/#\/schema\/logo\/image\/","url":"https:\/\/storage.googleapis.com\/cz-shopatoa-img\/ro\/b4dac915-shopatoa_logo.png","contentUrl":"https:\/\/storage.googleapis.com\/cz-shopatoa-img\/ro\/b4dac915-shopatoa_logo.png","width":416,"height":63,"caption":"SHOPATOA"},"image":{"@id":"https:\/\/shopatoa.com\/ro\/#\/schema\/logo\/image\/"}}]}},"_links":{"self":[{"href":"https:\/\/shopatoa.com\/ro\/wp-json\/wp\/v2\/product\/440842","targetHints":{"allow":["GET"]}}],"collection":[{"href":"https:\/\/shopatoa.com\/ro\/wp-json\/wp\/v2\/product"}],"about":[{"href":"https:\/\/shopatoa.com\/ro\/wp-json\/wp\/v2\/types\/product"}],"replies":[{"embeddable":true,"href":"https:\/\/shopatoa.com\/ro\/wp-json\/wp\/v2\/comments?post=440842"}],"wp:featuredmedia":[{"embeddable":true,"href":"https:\/\/shopatoa.com\/ro\/wp-json\/wp\/v2\/media\/440843"}],"wp:attachment":[{"href":"https:\/\/shopatoa.com\/ro\/wp-json\/wp\/v2\/media?parent=440842"}],"wp:term":[{"taxonomy":"product_brand","embeddable":true,"href":"https:\/\/shopatoa.com\/ro\/wp-json\/wp\/v2\/product_brand?post=440842"},{"taxonomy":"product_cat","embeddable":true,"href":"https:\/\/shopatoa.com\/ro\/wp-json\/wp\/v2\/product_cat?post=440842"},{"taxonomy":"product_tag","embeddable":true,"href":"https:\/\/shopatoa.com\/ro\/wp-json\/wp\/v2\/product_tag?post=440842"}],"curies":[{"name":"wp","href":"https:\/\/api.w.org\/{rel}","templated":true}]}}