{"id":440860,"date":"2025-06-24T11:59:33","date_gmt":"2025-06-24T09:59:33","guid":{"rendered":"https:\/\/shopatoa.com\/ro\/anwen-no-flake-no-cry-sampon-solid-anti-matreata-75-g\/"},"modified":"2026-02-05T22:37:03","modified_gmt":"2026-02-05T21:37:03","slug":"anwen-no-flake-no-cry-sampon-solid-anti-matreata-75-g","status":"publish","type":"product","link":"https:\/\/shopatoa.com\/ro\/anwen-no-flake-no-cry-sampon-solid-anti-matreata-75-g\/","title":{"rendered":"Anwen No Flake, No Cry \u0219ampon solid anti matreata 75 g"},"content":{"rendered":"<p>Anwen No Flake, No Cry, 75 g, \u0218ampoane solide pentru femei, Ast\u0103zi, fiecare pas spre conservarea mediului conteaz\u0103. \u0218amponul solid Anwen No Flake, No Cry are acelea\u0219i efecte ca un \u0219ampon lichid clasic, \u00eens\u0103 este, \u00een plus, ecologic \u0219i foarte practic. La fel precum un \u0219ampon obi\u0219nuit, ajut\u0103 la \u00eendep\u0103rtarea impurit\u0103\u021bilor \u0219i a gr\u0103simii din p\u0103r \u0219i de pe scalp, dar pentru c\u0103 nu con\u021bine ap\u0103, nu necesit\u0103 ambalaj din plastic, protej\u00e2nd astfel mediul \u00eenconjur\u0103tor. \u00cel pute\u021bi p\u0103stra \u00eentr-o cutie de h\u00e2rtie sau de metal. Consisten\u021ba sa solid\u0103 \u00eel face, totodat\u0103, ideal pentru c\u0103l\u0103torii \u2013 nu exist\u0103 niciun risc de v\u0103rsare \u0219i, dat fiind faptul c\u0103 la bordul avionului este permis\u0103 doar o cantitate limitat\u0103 de lichide, economise\u0219te spa\u021biu pentru alte produse lichide. Da\u021bi-i o \u0219ans\u0103 \u0219i ve\u021bi \u00een\u021belege rapid de ce nu ar trebui s\u0103 v\u0103 lipseasc\u0103 din trusa cosmetic\u0103.  Caracteristici:  cur\u0103\u021b\u0103 temeinic p\u0103rul \u0219i scalpul hidrateaz\u0103 intensiv p\u0103rul form\u0103 compact\u0103 \u0219i practic\u0103, perfect\u0103 pentru c\u0103l\u0103torii nu afecteaz\u0103 mediul \u00eenconjur\u0103tor  Ingrediente:  produs vegan  Cum se utilizeaz\u0103: Freca\u021bi \u0219amponul direct pe p\u0103r \u0219i pe scalp, f\u0103r\u0103 a-l spuma. La sf\u00e2r\u0219it, se cl\u0103te\u0219te bine.<\/p>\n","protected":false},"excerpt":{"rendered":"<p>Anwen No Flake, No Cry, 75 g, \u0218ampoane solide pentru femei, Ast\u0103zi, fiecare pas spre conservarea mediului conteaz\u0103. \u0218amponul solid Anwen No Flake, No Cry are acelea\u0219i efecte ca un \u0219ampon lichid clasic, \u00eens\u0103 este, \u00een plus, ecologic \u0219i foarte practic. La fel precum un \u0219ampon obi\u0219nuit, ajut\u0103 la \u00eendep\u0103rtarea impurit\u0103\u021bilor \u0219i a gr\u0103simii din&#8230;<\/p>\n","protected":false},"featured_media":440861,"comment_status":"closed","ping_status":"open","template":"","meta":{"_acf_changed":false,"_kadence_starter_templates_imported_post":false,"_kad_post_transparent":"","_kad_post_title":"","_kad_post_layout":"","_kad_post_sidebar_id":"","_kad_post_content_style":"","_kad_post_vertical_padding":"","_kad_post_feature":"","_kad_post_feature_position":"","_kad_post_header":false,"_kad_post_footer":false,"_kad_post_classname":""},"product_brand":[1887],"product_cat":[1563,1590,2976,1591,1562],"product_tag":[],"class_list":{"0":"post-440860","1":"product","2":"type-product","3":"status-publish","4":"has-post-thumbnail","6":"product_brand-anwen","7":"product_cat-ingrijire-personala","8":"product_cat-ingrijirea-parului","9":"product_cat-sampon","10":"product_cat-sampon-balsam","11":"product_cat-sanatate-si-frumusete","12":"pa_gen-female","13":"pa_marime-75-g","15":"first","16":"instock","17":"sale","18":"product-type-external","19":"entry","20":"content-bg","21":"loop-entry"},"acf":[],"yoast_head":"<!-- This site is optimized with the Yoast SEO plugin v27.3 - https:\/\/yoast.com\/product\/yoast-seo-wordpress\/ -->\n<title>Anwen No Flake, No Cry \u0219ampon solid anti matreata 75 g - SHOPATOA.COM<\/title>\n<meta name=\"robots\" content=\"index, follow, max-snippet:-1, max-image-preview:large, max-video-preview:-1\" \/>\n<link rel=\"canonical\" href=\"https:\/\/shopatoa.com\/ro\/anwen-no-flake-no-cry-sampon-solid-anti-matreata-75-g\/\" \/>\n<meta property=\"og:locale\" content=\"ro_RO\" \/>\n<meta property=\"og:type\" content=\"article\" \/>\n<meta property=\"og:title\" content=\"Anwen No Flake, No Cry \u0219ampon solid anti matreata 75 g - SHOPATOA.COM\" \/>\n<meta property=\"og:description\" content=\"Anwen No Flake, No Cry, 75 g, \u0218ampoane solide pentru femei, Ast\u0103zi, fiecare pas spre conservarea mediului conteaz\u0103. \u0218amponul solid Anwen No Flake, No Cry are acelea\u0219i efecte ca un \u0219ampon lichid clasic, \u00eens\u0103 este, \u00een plus, ecologic \u0219i foarte practic. La fel precum un \u0219ampon obi\u0219nuit, ajut\u0103 la \u00eendep\u0103rtarea impurit\u0103\u021bilor \u0219i a gr\u0103simii din...\" \/>\n<meta property=\"og:url\" content=\"https:\/\/shopatoa.com\/ro\/anwen-no-flake-no-cry-sampon-solid-anti-matreata-75-g\/\" \/>\n<meta property=\"og:site_name\" content=\"SHOPATOA\" \/>\n<meta property=\"article:modified_time\" content=\"2026-02-05T21:37:03+00:00\" \/>\n<meta property=\"og:image\" content=\"https:\/\/storage.googleapis.com\/cz-shopatoa-img\/ro\/e17152bf-unnamed-file.webp\" \/>\n\t<meta property=\"og:image:width\" content=\"800\" \/>\n\t<meta property=\"og:image:height\" content=\"800\" \/>\n\t<meta property=\"og:image:type\" content=\"image\/webp\" \/>\n<meta name=\"twitter:card\" content=\"summary_large_image\" \/>\n<meta name=\"twitter:label1\" content=\"Timp estimat pentru citire\" \/>\n\t<meta name=\"twitter:data1\" content=\"1 minut\" \/>\n<script type=\"application\/ld+json\" class=\"yoast-schema-graph\">{\"@context\":\"https:\\\/\\\/schema.org\",\"@graph\":[{\"@type\":\"WebPage\",\"@id\":\"https:\\\/\\\/shopatoa.com\\\/ro\\\/anwen-no-flake-no-cry-sampon-solid-anti-matreata-75-g\\\/\",\"url\":\"https:\\\/\\\/shopatoa.com\\\/ro\\\/anwen-no-flake-no-cry-sampon-solid-anti-matreata-75-g\\\/\",\"name\":\"Anwen No Flake, No Cry \u0219ampon solid anti matreata 75 g - SHOPATOA.COM\",\"isPartOf\":{\"@id\":\"https:\\\/\\\/shopatoa.com\\\/ro\\\/#website\"},\"primaryImageOfPage\":{\"@id\":\"https:\\\/\\\/shopatoa.com\\\/ro\\\/anwen-no-flake-no-cry-sampon-solid-anti-matreata-75-g\\\/#primaryimage\"},\"image\":{\"@id\":\"https:\\\/\\\/shopatoa.com\\\/ro\\\/anwen-no-flake-no-cry-sampon-solid-anti-matreata-75-g\\\/#primaryimage\"},\"thumbnailUrl\":\"https:\\\/\\\/storage.googleapis.com\\\/cz-shopatoa-img\\\/ro\\\/e17152bf-unnamed-file.webp\",\"datePublished\":\"2025-06-24T09:59:33+00:00\",\"dateModified\":\"2026-02-05T21:37:03+00:00\",\"breadcrumb\":{\"@id\":\"https:\\\/\\\/shopatoa.com\\\/ro\\\/anwen-no-flake-no-cry-sampon-solid-anti-matreata-75-g\\\/#breadcrumb\"},\"inLanguage\":\"ro-RO\",\"potentialAction\":[{\"@type\":\"ReadAction\",\"target\":[\"https:\\\/\\\/shopatoa.com\\\/ro\\\/anwen-no-flake-no-cry-sampon-solid-anti-matreata-75-g\\\/\"]}]},{\"@type\":\"ImageObject\",\"inLanguage\":\"ro-RO\",\"@id\":\"https:\\\/\\\/shopatoa.com\\\/ro\\\/anwen-no-flake-no-cry-sampon-solid-anti-matreata-75-g\\\/#primaryimage\",\"url\":\"https:\\\/\\\/storage.googleapis.com\\\/cz-shopatoa-img\\\/ro\\\/e17152bf-unnamed-file.webp\",\"contentUrl\":\"https:\\\/\\\/storage.googleapis.com\\\/cz-shopatoa-img\\\/ro\\\/e17152bf-unnamed-file.webp\",\"width\":800,\"height\":800},{\"@type\":\"BreadcrumbList\",\"@id\":\"https:\\\/\\\/shopatoa.com\\\/ro\\\/anwen-no-flake-no-cry-sampon-solid-anti-matreata-75-g\\\/#breadcrumb\",\"itemListElement\":[{\"@type\":\"ListItem\",\"position\":1,\"name\":\"Dom\u016f\",\"item\":\"https:\\\/\\\/shopatoa.com\\\/ro\\\/\"},{\"@type\":\"ListItem\",\"position\":2,\"name\":\"Shop\",\"item\":\"https:\\\/\\\/shopatoa.com\\\/ro\\\/shop\\\/\"},{\"@type\":\"ListItem\",\"position\":3,\"name\":\"S\u0103n\u0103tate \u0219i frumuse\u021be\",\"item\":\"https:\\\/\\\/shopatoa.com\\\/ro\\\/sanatate-si-frumusete\\\/\"},{\"@type\":\"ListItem\",\"position\":4,\"name\":\"\u00cengrijire personal\u0103\",\"item\":\"https:\\\/\\\/shopatoa.com\\\/ro\\\/ingrijire-personala\\\/\"},{\"@type\":\"ListItem\",\"position\":5,\"name\":\"\u00cengrijirea p\u0103rului\",\"item\":\"https:\\\/\\\/shopatoa.com\\\/ro\\\/ingrijirea-parului\\\/\"},{\"@type\":\"ListItem\",\"position\":6,\"name\":\"\u0218ampon &amp; Balsam\",\"item\":\"https:\\\/\\\/shopatoa.com\\\/ro\\\/sampon-balsam\\\/\"},{\"@type\":\"ListItem\",\"position\":7,\"name\":\"\u0218ampon\",\"item\":\"https:\\\/\\\/shopatoa.com\\\/ro\\\/sampon\\\/\"},{\"@type\":\"ListItem\",\"position\":8,\"name\":\"Anwen No Flake, No Cry \u0219ampon solid anti matreata 75 g\"}]},{\"@type\":\"WebSite\",\"@id\":\"https:\\\/\\\/shopatoa.com\\\/ro\\\/#website\",\"url\":\"https:\\\/\\\/shopatoa.com\\\/ro\\\/\",\"name\":\"SHOPATOA\",\"description\":\"\",\"publisher\":{\"@id\":\"https:\\\/\\\/shopatoa.com\\\/ro\\\/#organization\"},\"potentialAction\":[{\"@type\":\"SearchAction\",\"target\":{\"@type\":\"EntryPoint\",\"urlTemplate\":\"https:\\\/\\\/shopatoa.com\\\/ro\\\/?s={search_term_string}\"},\"query-input\":{\"@type\":\"PropertyValueSpecification\",\"valueRequired\":true,\"valueName\":\"search_term_string\"}}],\"inLanguage\":\"ro-RO\"},{\"@type\":\"Organization\",\"@id\":\"https:\\\/\\\/shopatoa.com\\\/ro\\\/#organization\",\"name\":\"SHOPATOA\",\"url\":\"https:\\\/\\\/shopatoa.com\\\/ro\\\/\",\"logo\":{\"@type\":\"ImageObject\",\"inLanguage\":\"ro-RO\",\"@id\":\"https:\\\/\\\/shopatoa.com\\\/ro\\\/#\\\/schema\\\/logo\\\/image\\\/\",\"url\":\"https:\\\/\\\/storage.googleapis.com\\\/cz-shopatoa-img\\\/ro\\\/b4dac915-shopatoa_logo.png\",\"contentUrl\":\"https:\\\/\\\/storage.googleapis.com\\\/cz-shopatoa-img\\\/ro\\\/b4dac915-shopatoa_logo.png\",\"width\":416,\"height\":63,\"caption\":\"SHOPATOA\"},\"image\":{\"@id\":\"https:\\\/\\\/shopatoa.com\\\/ro\\\/#\\\/schema\\\/logo\\\/image\\\/\"}}]}<\/script>\n<!-- \/ Yoast SEO plugin. -->","yoast_head_json":{"title":"Anwen No Flake, No Cry \u0219ampon solid anti matreata 75 g - SHOPATOA.COM","robots":{"index":"index","follow":"follow","max-snippet":"max-snippet:-1","max-image-preview":"max-image-preview:large","max-video-preview":"max-video-preview:-1"},"canonical":"https:\/\/shopatoa.com\/ro\/anwen-no-flake-no-cry-sampon-solid-anti-matreata-75-g\/","og_locale":"ro_RO","og_type":"article","og_title":"Anwen No Flake, No Cry \u0219ampon solid anti matreata 75 g - SHOPATOA.COM","og_description":"Anwen No Flake, No Cry, 75 g, \u0218ampoane solide pentru femei, Ast\u0103zi, fiecare pas spre conservarea mediului conteaz\u0103. \u0218amponul solid Anwen No Flake, No Cry are acelea\u0219i efecte ca un \u0219ampon lichid clasic, \u00eens\u0103 este, \u00een plus, ecologic \u0219i foarte practic. La fel precum un \u0219ampon obi\u0219nuit, ajut\u0103 la \u00eendep\u0103rtarea impurit\u0103\u021bilor \u0219i a gr\u0103simii din...","og_url":"https:\/\/shopatoa.com\/ro\/anwen-no-flake-no-cry-sampon-solid-anti-matreata-75-g\/","og_site_name":"SHOPATOA","article_modified_time":"2026-02-05T21:37:03+00:00","og_image":[{"width":800,"height":800,"url":"https:\/\/storage.googleapis.com\/cz-shopatoa-img\/ro\/e17152bf-unnamed-file.webp","type":"image\/webp"}],"twitter_card":"summary_large_image","twitter_misc":{"Timp estimat pentru citire":"1 minut"},"schema":{"@context":"https:\/\/schema.org","@graph":[{"@type":"WebPage","@id":"https:\/\/shopatoa.com\/ro\/anwen-no-flake-no-cry-sampon-solid-anti-matreata-75-g\/","url":"https:\/\/shopatoa.com\/ro\/anwen-no-flake-no-cry-sampon-solid-anti-matreata-75-g\/","name":"Anwen No Flake, No Cry \u0219ampon solid anti matreata 75 g - SHOPATOA.COM","isPartOf":{"@id":"https:\/\/shopatoa.com\/ro\/#website"},"primaryImageOfPage":{"@id":"https:\/\/shopatoa.com\/ro\/anwen-no-flake-no-cry-sampon-solid-anti-matreata-75-g\/#primaryimage"},"image":{"@id":"https:\/\/shopatoa.com\/ro\/anwen-no-flake-no-cry-sampon-solid-anti-matreata-75-g\/#primaryimage"},"thumbnailUrl":"https:\/\/storage.googleapis.com\/cz-shopatoa-img\/ro\/e17152bf-unnamed-file.webp","datePublished":"2025-06-24T09:59:33+00:00","dateModified":"2026-02-05T21:37:03+00:00","breadcrumb":{"@id":"https:\/\/shopatoa.com\/ro\/anwen-no-flake-no-cry-sampon-solid-anti-matreata-75-g\/#breadcrumb"},"inLanguage":"ro-RO","potentialAction":[{"@type":"ReadAction","target":["https:\/\/shopatoa.com\/ro\/anwen-no-flake-no-cry-sampon-solid-anti-matreata-75-g\/"]}]},{"@type":"ImageObject","inLanguage":"ro-RO","@id":"https:\/\/shopatoa.com\/ro\/anwen-no-flake-no-cry-sampon-solid-anti-matreata-75-g\/#primaryimage","url":"https:\/\/storage.googleapis.com\/cz-shopatoa-img\/ro\/e17152bf-unnamed-file.webp","contentUrl":"https:\/\/storage.googleapis.com\/cz-shopatoa-img\/ro\/e17152bf-unnamed-file.webp","width":800,"height":800},{"@type":"BreadcrumbList","@id":"https:\/\/shopatoa.com\/ro\/anwen-no-flake-no-cry-sampon-solid-anti-matreata-75-g\/#breadcrumb","itemListElement":[{"@type":"ListItem","position":1,"name":"Dom\u016f","item":"https:\/\/shopatoa.com\/ro\/"},{"@type":"ListItem","position":2,"name":"Shop","item":"https:\/\/shopatoa.com\/ro\/shop\/"},{"@type":"ListItem","position":3,"name":"S\u0103n\u0103tate \u0219i frumuse\u021be","item":"https:\/\/shopatoa.com\/ro\/sanatate-si-frumusete\/"},{"@type":"ListItem","position":4,"name":"\u00cengrijire personal\u0103","item":"https:\/\/shopatoa.com\/ro\/ingrijire-personala\/"},{"@type":"ListItem","position":5,"name":"\u00cengrijirea p\u0103rului","item":"https:\/\/shopatoa.com\/ro\/ingrijirea-parului\/"},{"@type":"ListItem","position":6,"name":"\u0218ampon &amp; Balsam","item":"https:\/\/shopatoa.com\/ro\/sampon-balsam\/"},{"@type":"ListItem","position":7,"name":"\u0218ampon","item":"https:\/\/shopatoa.com\/ro\/sampon\/"},{"@type":"ListItem","position":8,"name":"Anwen No Flake, No Cry \u0219ampon solid anti matreata 75 g"}]},{"@type":"WebSite","@id":"https:\/\/shopatoa.com\/ro\/#website","url":"https:\/\/shopatoa.com\/ro\/","name":"SHOPATOA","description":"","publisher":{"@id":"https:\/\/shopatoa.com\/ro\/#organization"},"potentialAction":[{"@type":"SearchAction","target":{"@type":"EntryPoint","urlTemplate":"https:\/\/shopatoa.com\/ro\/?s={search_term_string}"},"query-input":{"@type":"PropertyValueSpecification","valueRequired":true,"valueName":"search_term_string"}}],"inLanguage":"ro-RO"},{"@type":"Organization","@id":"https:\/\/shopatoa.com\/ro\/#organization","name":"SHOPATOA","url":"https:\/\/shopatoa.com\/ro\/","logo":{"@type":"ImageObject","inLanguage":"ro-RO","@id":"https:\/\/shopatoa.com\/ro\/#\/schema\/logo\/image\/","url":"https:\/\/storage.googleapis.com\/cz-shopatoa-img\/ro\/b4dac915-shopatoa_logo.png","contentUrl":"https:\/\/storage.googleapis.com\/cz-shopatoa-img\/ro\/b4dac915-shopatoa_logo.png","width":416,"height":63,"caption":"SHOPATOA"},"image":{"@id":"https:\/\/shopatoa.com\/ro\/#\/schema\/logo\/image\/"}}]}},"_links":{"self":[{"href":"https:\/\/shopatoa.com\/ro\/wp-json\/wp\/v2\/product\/440860","targetHints":{"allow":["GET"]}}],"collection":[{"href":"https:\/\/shopatoa.com\/ro\/wp-json\/wp\/v2\/product"}],"about":[{"href":"https:\/\/shopatoa.com\/ro\/wp-json\/wp\/v2\/types\/product"}],"replies":[{"embeddable":true,"href":"https:\/\/shopatoa.com\/ro\/wp-json\/wp\/v2\/comments?post=440860"}],"wp:featuredmedia":[{"embeddable":true,"href":"https:\/\/shopatoa.com\/ro\/wp-json\/wp\/v2\/media\/440861"}],"wp:attachment":[{"href":"https:\/\/shopatoa.com\/ro\/wp-json\/wp\/v2\/media?parent=440860"}],"wp:term":[{"taxonomy":"product_brand","embeddable":true,"href":"https:\/\/shopatoa.com\/ro\/wp-json\/wp\/v2\/product_brand?post=440860"},{"taxonomy":"product_cat","embeddable":true,"href":"https:\/\/shopatoa.com\/ro\/wp-json\/wp\/v2\/product_cat?post=440860"},{"taxonomy":"product_tag","embeddable":true,"href":"https:\/\/shopatoa.com\/ro\/wp-json\/wp\/v2\/product_tag?post=440860"}],"curies":[{"name":"wp","href":"https:\/\/api.w.org\/{rel}","templated":true}]}}