{"id":441256,"date":"2025-06-24T12:37:14","date_gmt":"2025-06-24T10:37:14","guid":{"rendered":"https:\/\/shopatoa.com\/ro\/philips-series-7000-hc7650-15-aparat-pentru-tuns-parul-1-buc\/"},"modified":"2025-12-13T20:15:15","modified_gmt":"2025-12-13T19:15:15","slug":"philips-series-7000-hc7650-15-aparat-pentru-tuns-parul-1-buc","status":"publish","type":"product","link":"https:\/\/shopatoa.com\/ro\/philips-series-7000-hc7650-15-aparat-pentru-tuns-parul-1-buc\/","title":{"rendered":"Philips Series 7000 HC7650\/15 aparat pentru tuns parul 1 buc"},"content":{"rendered":"<p>Philips Series 7000 HC7650\/15, 1 buc, Aparate de tuns pentru b\u0103rba\u021bi, V\u0103 m\u00e2ndri\u021bi cu aspectul dvs. perfect \u00eengrijit, \u00een special c\u00e2nd vine vorba de coafur\u0103? Nu este nevoie s\u0103 merge\u021bi la coafor sau la frizerie de fiecare dat\u0103 c\u00e2nd ave\u021bi nevoie de schimb\u0103ri de styling minore sau majore. Aparatul de tuns Philips Series 7000 HC7650\/15 v\u0103 va fi de ajuns. Cu ajutorul lui, pute\u021bi conta \u00eentotdeauna pe o tunsoare precis\u0103, ca din m\u00e2inile un profesionist, \u0219i pe un rezultat exact a\u0219a cum v\u0103 dori\u021bi, totul din confortul c\u0103minului dvs. Aparatul asigur\u0103 o lungime de tuns precis\u0103 \u0219i v\u0103 faciliteaz\u0103 munca datorit\u0103 utiliz\u0103rii sale simple.  Caracteristici:  setarea lungimii de tundere capete deta\u0219abile form\u0103 ergonomic\u0103 func\u021bionare cu sau f\u0103r\u0103 cablu  pachetul con\u021bine \u0219i un suport o diversitate de extensii, incluse \u00een pachet lame cu auto-ascu\u021bire lame din o\u021bel inoxidabil  Cum se utilizeaz\u0103: Se vor urma instruc\u021biunile de utilizare incluse.<\/p>\n","protected":false},"excerpt":{"rendered":"<p>Philips Series 7000 HC7650\/15, 1 buc, Aparate de tuns pentru b\u0103rba\u021bi, V\u0103 m\u00e2ndri\u021bi cu aspectul dvs. perfect \u00eengrijit, \u00een special c\u00e2nd vine vorba de coafur\u0103? Nu este nevoie s\u0103 merge\u021bi la coafor sau la frizerie de fiecare dat\u0103 c\u00e2nd ave\u021bi nevoie de schimb\u0103ri de styling minore sau majore. Aparatul de tuns Philips Series 7000 HC7650\/15&#8230;<\/p>\n","protected":false},"featured_media":441257,"comment_status":"closed","ping_status":"open","template":"","meta":{"_acf_changed":false,"_kadence_starter_templates_imported_post":false,"_kad_post_transparent":"","_kad_post_title":"","_kad_post_layout":"","_kad_post_sidebar_id":"","_kad_post_content_style":"","_kad_post_vertical_padding":"","_kad_post_feature":"","_kad_post_feature_position":"","_kad_post_header":false,"_kad_post_footer":false,"_kad_post_classname":""},"product_brand":[495],"product_cat":[1881,1563,2053,1562],"product_tag":[],"class_list":{"0":"post-441256","1":"product","2":"type-product","3":"status-publish","4":"has-post-thumbnail","6":"product_brand-philips","7":"product_cat-barbierit-si-ingrijire","8":"product_cat-ingrijire-personala","9":"product_cat-masini-de-tuns-si-trimmere-de-par","10":"product_cat-sanatate-si-frumusete","11":"pa_gen-male","12":"pa_marime-1-buc","14":"first","15":"instock","16":"sale","17":"product-type-external","18":"entry","19":"content-bg","20":"loop-entry"},"acf":[],"yoast_head":"<!-- This site is optimized with the Yoast SEO plugin v27.4 - https:\/\/yoast.com\/product\/yoast-seo-wordpress\/ -->\n<title>Philips Series 7000 HC7650\/15 aparat pentru tuns parul 1 buc - SHOPATOA.COM<\/title>\n<meta name=\"robots\" content=\"index, follow, max-snippet:-1, max-image-preview:large, max-video-preview:-1\" \/>\n<link rel=\"canonical\" href=\"https:\/\/shopatoa.com\/ro\/philips-series-7000-hc7650-15-aparat-pentru-tuns-parul-1-buc\/\" \/>\n<meta property=\"og:locale\" content=\"ro_RO\" \/>\n<meta property=\"og:type\" content=\"article\" \/>\n<meta property=\"og:title\" content=\"Philips Series 7000 HC7650\/15 aparat pentru tuns parul 1 buc - SHOPATOA.COM\" \/>\n<meta property=\"og:description\" content=\"Philips Series 7000 HC7650\/15, 1 buc, Aparate de tuns pentru b\u0103rba\u021bi, V\u0103 m\u00e2ndri\u021bi cu aspectul dvs. perfect \u00eengrijit, \u00een special c\u00e2nd vine vorba de coafur\u0103? Nu este nevoie s\u0103 merge\u021bi la coafor sau la frizerie de fiecare dat\u0103 c\u00e2nd ave\u021bi nevoie de schimb\u0103ri de styling minore sau majore. Aparatul de tuns Philips Series 7000 HC7650\/15...\" \/>\n<meta property=\"og:url\" content=\"https:\/\/shopatoa.com\/ro\/philips-series-7000-hc7650-15-aparat-pentru-tuns-parul-1-buc\/\" \/>\n<meta property=\"og:site_name\" content=\"SHOPATOA\" \/>\n<meta property=\"article:modified_time\" content=\"2025-12-13T19:15:15+00:00\" \/>\n<meta property=\"og:image\" content=\"https:\/\/storage.googleapis.com\/cz-shopatoa-img\/ro\/c900f457-.webp\" \/>\n\t<meta property=\"og:image:width\" content=\"800\" \/>\n\t<meta property=\"og:image:height\" content=\"800\" \/>\n\t<meta property=\"og:image:type\" content=\"image\/webp\" \/>\n<meta name=\"twitter:card\" content=\"summary_large_image\" \/>\n<meta name=\"twitter:label1\" content=\"Timp estimat pentru citire\" \/>\n\t<meta name=\"twitter:data1\" content=\"1 minut\" \/>\n<script type=\"application\/ld+json\" class=\"yoast-schema-graph\">{\"@context\":\"https:\\\/\\\/schema.org\",\"@graph\":[{\"@type\":\"WebPage\",\"@id\":\"https:\\\/\\\/shopatoa.com\\\/ro\\\/philips-series-7000-hc7650-15-aparat-pentru-tuns-parul-1-buc\\\/\",\"url\":\"https:\\\/\\\/shopatoa.com\\\/ro\\\/philips-series-7000-hc7650-15-aparat-pentru-tuns-parul-1-buc\\\/\",\"name\":\"Philips Series 7000 HC7650\\\/15 aparat pentru tuns parul 1 buc - SHOPATOA.COM\",\"isPartOf\":{\"@id\":\"https:\\\/\\\/shopatoa.com\\\/ro\\\/#website\"},\"primaryImageOfPage\":{\"@id\":\"https:\\\/\\\/shopatoa.com\\\/ro\\\/philips-series-7000-hc7650-15-aparat-pentru-tuns-parul-1-buc\\\/#primaryimage\"},\"image\":{\"@id\":\"https:\\\/\\\/shopatoa.com\\\/ro\\\/philips-series-7000-hc7650-15-aparat-pentru-tuns-parul-1-buc\\\/#primaryimage\"},\"thumbnailUrl\":\"https:\\\/\\\/storage.googleapis.com\\\/cz-shopatoa-img\\\/ro\\\/c900f457-.webp\",\"datePublished\":\"2025-06-24T10:37:14+00:00\",\"dateModified\":\"2025-12-13T19:15:15+00:00\",\"breadcrumb\":{\"@id\":\"https:\\\/\\\/shopatoa.com\\\/ro\\\/philips-series-7000-hc7650-15-aparat-pentru-tuns-parul-1-buc\\\/#breadcrumb\"},\"inLanguage\":\"ro-RO\",\"potentialAction\":[{\"@type\":\"ReadAction\",\"target\":[\"https:\\\/\\\/shopatoa.com\\\/ro\\\/philips-series-7000-hc7650-15-aparat-pentru-tuns-parul-1-buc\\\/\"]}]},{\"@type\":\"ImageObject\",\"inLanguage\":\"ro-RO\",\"@id\":\"https:\\\/\\\/shopatoa.com\\\/ro\\\/philips-series-7000-hc7650-15-aparat-pentru-tuns-parul-1-buc\\\/#primaryimage\",\"url\":\"https:\\\/\\\/storage.googleapis.com\\\/cz-shopatoa-img\\\/ro\\\/c900f457-.webp\",\"contentUrl\":\"https:\\\/\\\/storage.googleapis.com\\\/cz-shopatoa-img\\\/ro\\\/c900f457-.webp\",\"width\":800,\"height\":800},{\"@type\":\"BreadcrumbList\",\"@id\":\"https:\\\/\\\/shopatoa.com\\\/ro\\\/philips-series-7000-hc7650-15-aparat-pentru-tuns-parul-1-buc\\\/#breadcrumb\",\"itemListElement\":[{\"@type\":\"ListItem\",\"position\":1,\"name\":\"Dom\u016f\",\"item\":\"https:\\\/\\\/shopatoa.com\\\/ro\\\/\"},{\"@type\":\"ListItem\",\"position\":2,\"name\":\"Shop\",\"item\":\"https:\\\/\\\/shopatoa.com\\\/ro\\\/shop\\\/\"},{\"@type\":\"ListItem\",\"position\":3,\"name\":\"S\u0103n\u0103tate \u0219i frumuse\u021be\",\"item\":\"https:\\\/\\\/shopatoa.com\\\/ro\\\/sanatate-si-frumusete\\\/\"},{\"@type\":\"ListItem\",\"position\":4,\"name\":\"\u00cengrijire personal\u0103\",\"item\":\"https:\\\/\\\/shopatoa.com\\\/ro\\\/ingrijire-personala\\\/\"},{\"@type\":\"ListItem\",\"position\":5,\"name\":\"B\u0103rbierit \u0219i \u00eengrijire\",\"item\":\"https:\\\/\\\/shopatoa.com\\\/ro\\\/barbierit-si-ingrijire\\\/\"},{\"@type\":\"ListItem\",\"position\":6,\"name\":\"Ma\u0219ini de tuns \u0219i trimmere de p\u0103r\",\"item\":\"https:\\\/\\\/shopatoa.com\\\/ro\\\/masini-de-tuns-si-trimmere-de-par\\\/\"},{\"@type\":\"ListItem\",\"position\":7,\"name\":\"Philips Series 7000 HC7650\\\/15 aparat pentru tuns parul 1 buc\"}]},{\"@type\":\"WebSite\",\"@id\":\"https:\\\/\\\/shopatoa.com\\\/ro\\\/#website\",\"url\":\"https:\\\/\\\/shopatoa.com\\\/ro\\\/\",\"name\":\"SHOPATOA\",\"description\":\"\",\"publisher\":{\"@id\":\"https:\\\/\\\/shopatoa.com\\\/ro\\\/#organization\"},\"potentialAction\":[{\"@type\":\"SearchAction\",\"target\":{\"@type\":\"EntryPoint\",\"urlTemplate\":\"https:\\\/\\\/shopatoa.com\\\/ro\\\/?s={search_term_string}\"},\"query-input\":{\"@type\":\"PropertyValueSpecification\",\"valueRequired\":true,\"valueName\":\"search_term_string\"}}],\"inLanguage\":\"ro-RO\"},{\"@type\":\"Organization\",\"@id\":\"https:\\\/\\\/shopatoa.com\\\/ro\\\/#organization\",\"name\":\"SHOPATOA\",\"url\":\"https:\\\/\\\/shopatoa.com\\\/ro\\\/\",\"logo\":{\"@type\":\"ImageObject\",\"inLanguage\":\"ro-RO\",\"@id\":\"https:\\\/\\\/shopatoa.com\\\/ro\\\/#\\\/schema\\\/logo\\\/image\\\/\",\"url\":\"https:\\\/\\\/storage.googleapis.com\\\/cz-shopatoa-img\\\/ro\\\/b4dac915-shopatoa_logo.png\",\"contentUrl\":\"https:\\\/\\\/storage.googleapis.com\\\/cz-shopatoa-img\\\/ro\\\/b4dac915-shopatoa_logo.png\",\"width\":416,\"height\":63,\"caption\":\"SHOPATOA\"},\"image\":{\"@id\":\"https:\\\/\\\/shopatoa.com\\\/ro\\\/#\\\/schema\\\/logo\\\/image\\\/\"}}]}<\/script>\n<!-- \/ Yoast SEO plugin. -->","yoast_head_json":{"title":"Philips Series 7000 HC7650\/15 aparat pentru tuns parul 1 buc - SHOPATOA.COM","robots":{"index":"index","follow":"follow","max-snippet":"max-snippet:-1","max-image-preview":"max-image-preview:large","max-video-preview":"max-video-preview:-1"},"canonical":"https:\/\/shopatoa.com\/ro\/philips-series-7000-hc7650-15-aparat-pentru-tuns-parul-1-buc\/","og_locale":"ro_RO","og_type":"article","og_title":"Philips Series 7000 HC7650\/15 aparat pentru tuns parul 1 buc - SHOPATOA.COM","og_description":"Philips Series 7000 HC7650\/15, 1 buc, Aparate de tuns pentru b\u0103rba\u021bi, V\u0103 m\u00e2ndri\u021bi cu aspectul dvs. perfect \u00eengrijit, \u00een special c\u00e2nd vine vorba de coafur\u0103? Nu este nevoie s\u0103 merge\u021bi la coafor sau la frizerie de fiecare dat\u0103 c\u00e2nd ave\u021bi nevoie de schimb\u0103ri de styling minore sau majore. Aparatul de tuns Philips Series 7000 HC7650\/15...","og_url":"https:\/\/shopatoa.com\/ro\/philips-series-7000-hc7650-15-aparat-pentru-tuns-parul-1-buc\/","og_site_name":"SHOPATOA","article_modified_time":"2025-12-13T19:15:15+00:00","og_image":[{"width":800,"height":800,"url":"https:\/\/storage.googleapis.com\/cz-shopatoa-img\/ro\/c900f457-.webp","type":"image\/webp"}],"twitter_card":"summary_large_image","twitter_misc":{"Timp estimat pentru citire":"1 minut"},"schema":{"@context":"https:\/\/schema.org","@graph":[{"@type":"WebPage","@id":"https:\/\/shopatoa.com\/ro\/philips-series-7000-hc7650-15-aparat-pentru-tuns-parul-1-buc\/","url":"https:\/\/shopatoa.com\/ro\/philips-series-7000-hc7650-15-aparat-pentru-tuns-parul-1-buc\/","name":"Philips Series 7000 HC7650\/15 aparat pentru tuns parul 1 buc - SHOPATOA.COM","isPartOf":{"@id":"https:\/\/shopatoa.com\/ro\/#website"},"primaryImageOfPage":{"@id":"https:\/\/shopatoa.com\/ro\/philips-series-7000-hc7650-15-aparat-pentru-tuns-parul-1-buc\/#primaryimage"},"image":{"@id":"https:\/\/shopatoa.com\/ro\/philips-series-7000-hc7650-15-aparat-pentru-tuns-parul-1-buc\/#primaryimage"},"thumbnailUrl":"https:\/\/storage.googleapis.com\/cz-shopatoa-img\/ro\/c900f457-.webp","datePublished":"2025-06-24T10:37:14+00:00","dateModified":"2025-12-13T19:15:15+00:00","breadcrumb":{"@id":"https:\/\/shopatoa.com\/ro\/philips-series-7000-hc7650-15-aparat-pentru-tuns-parul-1-buc\/#breadcrumb"},"inLanguage":"ro-RO","potentialAction":[{"@type":"ReadAction","target":["https:\/\/shopatoa.com\/ro\/philips-series-7000-hc7650-15-aparat-pentru-tuns-parul-1-buc\/"]}]},{"@type":"ImageObject","inLanguage":"ro-RO","@id":"https:\/\/shopatoa.com\/ro\/philips-series-7000-hc7650-15-aparat-pentru-tuns-parul-1-buc\/#primaryimage","url":"https:\/\/storage.googleapis.com\/cz-shopatoa-img\/ro\/c900f457-.webp","contentUrl":"https:\/\/storage.googleapis.com\/cz-shopatoa-img\/ro\/c900f457-.webp","width":800,"height":800},{"@type":"BreadcrumbList","@id":"https:\/\/shopatoa.com\/ro\/philips-series-7000-hc7650-15-aparat-pentru-tuns-parul-1-buc\/#breadcrumb","itemListElement":[{"@type":"ListItem","position":1,"name":"Dom\u016f","item":"https:\/\/shopatoa.com\/ro\/"},{"@type":"ListItem","position":2,"name":"Shop","item":"https:\/\/shopatoa.com\/ro\/shop\/"},{"@type":"ListItem","position":3,"name":"S\u0103n\u0103tate \u0219i frumuse\u021be","item":"https:\/\/shopatoa.com\/ro\/sanatate-si-frumusete\/"},{"@type":"ListItem","position":4,"name":"\u00cengrijire personal\u0103","item":"https:\/\/shopatoa.com\/ro\/ingrijire-personala\/"},{"@type":"ListItem","position":5,"name":"B\u0103rbierit \u0219i \u00eengrijire","item":"https:\/\/shopatoa.com\/ro\/barbierit-si-ingrijire\/"},{"@type":"ListItem","position":6,"name":"Ma\u0219ini de tuns \u0219i trimmere de p\u0103r","item":"https:\/\/shopatoa.com\/ro\/masini-de-tuns-si-trimmere-de-par\/"},{"@type":"ListItem","position":7,"name":"Philips Series 7000 HC7650\/15 aparat pentru tuns parul 1 buc"}]},{"@type":"WebSite","@id":"https:\/\/shopatoa.com\/ro\/#website","url":"https:\/\/shopatoa.com\/ro\/","name":"SHOPATOA","description":"","publisher":{"@id":"https:\/\/shopatoa.com\/ro\/#organization"},"potentialAction":[{"@type":"SearchAction","target":{"@type":"EntryPoint","urlTemplate":"https:\/\/shopatoa.com\/ro\/?s={search_term_string}"},"query-input":{"@type":"PropertyValueSpecification","valueRequired":true,"valueName":"search_term_string"}}],"inLanguage":"ro-RO"},{"@type":"Organization","@id":"https:\/\/shopatoa.com\/ro\/#organization","name":"SHOPATOA","url":"https:\/\/shopatoa.com\/ro\/","logo":{"@type":"ImageObject","inLanguage":"ro-RO","@id":"https:\/\/shopatoa.com\/ro\/#\/schema\/logo\/image\/","url":"https:\/\/storage.googleapis.com\/cz-shopatoa-img\/ro\/b4dac915-shopatoa_logo.png","contentUrl":"https:\/\/storage.googleapis.com\/cz-shopatoa-img\/ro\/b4dac915-shopatoa_logo.png","width":416,"height":63,"caption":"SHOPATOA"},"image":{"@id":"https:\/\/shopatoa.com\/ro\/#\/schema\/logo\/image\/"}}]}},"_links":{"self":[{"href":"https:\/\/shopatoa.com\/ro\/wp-json\/wp\/v2\/product\/441256","targetHints":{"allow":["GET"]}}],"collection":[{"href":"https:\/\/shopatoa.com\/ro\/wp-json\/wp\/v2\/product"}],"about":[{"href":"https:\/\/shopatoa.com\/ro\/wp-json\/wp\/v2\/types\/product"}],"replies":[{"embeddable":true,"href":"https:\/\/shopatoa.com\/ro\/wp-json\/wp\/v2\/comments?post=441256"}],"wp:featuredmedia":[{"embeddable":true,"href":"https:\/\/shopatoa.com\/ro\/wp-json\/wp\/v2\/media\/441257"}],"wp:attachment":[{"href":"https:\/\/shopatoa.com\/ro\/wp-json\/wp\/v2\/media?parent=441256"}],"wp:term":[{"taxonomy":"product_brand","embeddable":true,"href":"https:\/\/shopatoa.com\/ro\/wp-json\/wp\/v2\/product_brand?post=441256"},{"taxonomy":"product_cat","embeddable":true,"href":"https:\/\/shopatoa.com\/ro\/wp-json\/wp\/v2\/product_cat?post=441256"},{"taxonomy":"product_tag","embeddable":true,"href":"https:\/\/shopatoa.com\/ro\/wp-json\/wp\/v2\/product_tag?post=441256"}],"curies":[{"name":"wp","href":"https:\/\/api.w.org\/{rel}","templated":true}]}}