{"id":441300,"date":"2025-06-24T12:41:05","date_gmt":"2025-06-24T10:41:05","guid":{"rendered":"https:\/\/shopatoa.com\/ro\/kiko-milano-colour-correct-paleta-corectoare-5x1-2-g\/"},"modified":"2025-12-13T20:14:57","modified_gmt":"2025-12-13T19:14:57","slug":"kiko-milano-colour-correct-paleta-corectoare-5x1-2-g","status":"publish","type":"product","link":"https:\/\/shopatoa.com\/ro\/kiko-milano-colour-correct-paleta-corectoare-5x1-2-g\/","title":{"rendered":"KIKO Milano Colour Correct paleta corectoare 5&#215;1.2 g"},"content":{"rendered":"<p>KIKO Milano Colour Correct, 5&#215;1.2 g, Palete corectoare pentru femei, Paleta de conturare KIKO Milano Colour Correct ajut\u0103 la mascarea imperfec\u021biunilor tenului \u0219i la crearea unui fond de ten impecabil.  Caracteristici:  uniformizeaz\u0103 nuan\u021ba pielii combina\u021bii de culori, pentru diferite probleme ale tenului aplicare simpl\u0103, datorit\u0103 texturii cremoase mascheaz\u0103 cearc\u0103nele de sub ochi prin stratificare se poate ob\u021bine un machiaj mai intens  Ingrediente:  oglind\u0103  Cum se utilizeaz\u0103: Folosind aplicatorul, se va aplica corectorul pe por\u021biunile de camuflat. Se estompeaz\u0103, pentru un efect natural.<\/p>\n","protected":false},"excerpt":{"rendered":"<p>KIKO Milano Colour Correct, 5&#215;1.2 g, Palete corectoare pentru femei, Paleta de conturare KIKO Milano Colour Correct ajut\u0103 la mascarea imperfec\u021biunilor tenului \u0219i la crearea unui fond de ten impecabil. Caracteristici: uniformizeaz\u0103 nuan\u021ba pielii combina\u021bii de culori, pentru diferite probleme ale tenului aplicare simpl\u0103, datorit\u0103 texturii cremoase mascheaz\u0103 cearc\u0103nele de sub ochi prin stratificare se&#8230;<\/p>\n","protected":false},"featured_media":441301,"comment_status":"closed","ping_status":"open","template":"","meta":{"_acf_changed":false,"_kadence_starter_templates_imported_post":false,"_kad_post_transparent":"","_kad_post_title":"","_kad_post_layout":"","_kad_post_sidebar_id":"","_kad_post_content_style":"","_kad_post_vertical_padding":"","_kad_post_feature":"","_kad_post_feature_position":"","_kad_post_header":false,"_kad_post_footer":false,"_kad_post_classname":""},"product_brand":[2049],"product_cat":[1564,3710,1563,1576,1666,1562],"product_tag":[],"class_list":{"0":"post-441300","1":"product","2":"type-product","3":"status-publish","4":"has-post-thumbnail","6":"product_brand-kiko-milano","7":"product_cat-cosmetice-ingrijire-personala","8":"product_cat-fonduri-de-ten-si-corectoare","9":"product_cat-ingrijire-personala","10":"product_cat-machiaj","11":"product_cat-machiaj-pentru-fata-machiaj","12":"product_cat-sanatate-si-frumusete","13":"pa_gen-female","14":"pa_marime-5x1-2-g","16":"first","17":"instock","18":"sale","19":"product-type-external","20":"entry","21":"content-bg","22":"loop-entry"},"acf":[],"yoast_head":"<!-- This site is optimized with the Yoast SEO plugin v27.4 - https:\/\/yoast.com\/product\/yoast-seo-wordpress\/ -->\n<title>KIKO Milano Colour Correct paleta corectoare 5x1.2 g - SHOPATOA.COM<\/title>\n<meta name=\"robots\" content=\"index, follow, max-snippet:-1, max-image-preview:large, max-video-preview:-1\" \/>\n<link rel=\"canonical\" href=\"https:\/\/shopatoa.com\/ro\/kiko-milano-colour-correct-paleta-corectoare-5x1-2-g\/\" \/>\n<meta property=\"og:locale\" content=\"ro_RO\" \/>\n<meta property=\"og:type\" content=\"article\" \/>\n<meta property=\"og:title\" content=\"KIKO Milano Colour Correct paleta corectoare 5x1.2 g - SHOPATOA.COM\" \/>\n<meta property=\"og:description\" content=\"KIKO Milano Colour Correct, 5&#215;1.2 g, Palete corectoare pentru femei, Paleta de conturare KIKO Milano Colour Correct ajut\u0103 la mascarea imperfec\u021biunilor tenului \u0219i la crearea unui fond de ten impecabil. Caracteristici: uniformizeaz\u0103 nuan\u021ba pielii combina\u021bii de culori, pentru diferite probleme ale tenului aplicare simpl\u0103, datorit\u0103 texturii cremoase mascheaz\u0103 cearc\u0103nele de sub ochi prin stratificare se...\" \/>\n<meta property=\"og:url\" content=\"https:\/\/shopatoa.com\/ro\/kiko-milano-colour-correct-paleta-corectoare-5x1-2-g\/\" \/>\n<meta property=\"og:site_name\" content=\"SHOPATOA\" \/>\n<meta property=\"article:modified_time\" content=\"2025-12-13T19:14:57+00:00\" \/>\n<meta property=\"og:image\" content=\"https:\/\/storage.googleapis.com\/cz-shopatoa-img\/ro\/65c406c5-unnamed-file.webp\" \/>\n\t<meta property=\"og:image:width\" content=\"800\" \/>\n\t<meta property=\"og:image:height\" content=\"800\" \/>\n\t<meta property=\"og:image:type\" content=\"image\/webp\" \/>\n<meta name=\"twitter:card\" content=\"summary_large_image\" \/>\n<script type=\"application\/ld+json\" class=\"yoast-schema-graph\">{\"@context\":\"https:\\\/\\\/schema.org\",\"@graph\":[{\"@type\":\"WebPage\",\"@id\":\"https:\\\/\\\/shopatoa.com\\\/ro\\\/kiko-milano-colour-correct-paleta-corectoare-5x1-2-g\\\/\",\"url\":\"https:\\\/\\\/shopatoa.com\\\/ro\\\/kiko-milano-colour-correct-paleta-corectoare-5x1-2-g\\\/\",\"name\":\"KIKO Milano Colour Correct paleta corectoare 5x1.2 g - SHOPATOA.COM\",\"isPartOf\":{\"@id\":\"https:\\\/\\\/shopatoa.com\\\/ro\\\/#website\"},\"primaryImageOfPage\":{\"@id\":\"https:\\\/\\\/shopatoa.com\\\/ro\\\/kiko-milano-colour-correct-paleta-corectoare-5x1-2-g\\\/#primaryimage\"},\"image\":{\"@id\":\"https:\\\/\\\/shopatoa.com\\\/ro\\\/kiko-milano-colour-correct-paleta-corectoare-5x1-2-g\\\/#primaryimage\"},\"thumbnailUrl\":\"https:\\\/\\\/storage.googleapis.com\\\/cz-shopatoa-img\\\/ro\\\/65c406c5-unnamed-file.webp\",\"datePublished\":\"2025-06-24T10:41:05+00:00\",\"dateModified\":\"2025-12-13T19:14:57+00:00\",\"breadcrumb\":{\"@id\":\"https:\\\/\\\/shopatoa.com\\\/ro\\\/kiko-milano-colour-correct-paleta-corectoare-5x1-2-g\\\/#breadcrumb\"},\"inLanguage\":\"ro-RO\",\"potentialAction\":[{\"@type\":\"ReadAction\",\"target\":[\"https:\\\/\\\/shopatoa.com\\\/ro\\\/kiko-milano-colour-correct-paleta-corectoare-5x1-2-g\\\/\"]}]},{\"@type\":\"ImageObject\",\"inLanguage\":\"ro-RO\",\"@id\":\"https:\\\/\\\/shopatoa.com\\\/ro\\\/kiko-milano-colour-correct-paleta-corectoare-5x1-2-g\\\/#primaryimage\",\"url\":\"https:\\\/\\\/storage.googleapis.com\\\/cz-shopatoa-img\\\/ro\\\/65c406c5-unnamed-file.webp\",\"contentUrl\":\"https:\\\/\\\/storage.googleapis.com\\\/cz-shopatoa-img\\\/ro\\\/65c406c5-unnamed-file.webp\",\"width\":800,\"height\":800},{\"@type\":\"BreadcrumbList\",\"@id\":\"https:\\\/\\\/shopatoa.com\\\/ro\\\/kiko-milano-colour-correct-paleta-corectoare-5x1-2-g\\\/#breadcrumb\",\"itemListElement\":[{\"@type\":\"ListItem\",\"position\":1,\"name\":\"Dom\u016f\",\"item\":\"https:\\\/\\\/shopatoa.com\\\/ro\\\/\"},{\"@type\":\"ListItem\",\"position\":2,\"name\":\"Shop\",\"item\":\"https:\\\/\\\/shopatoa.com\\\/ro\\\/shop\\\/\"},{\"@type\":\"ListItem\",\"position\":3,\"name\":\"S\u0103n\u0103tate \u0219i frumuse\u021be\",\"item\":\"https:\\\/\\\/shopatoa.com\\\/ro\\\/sanatate-si-frumusete\\\/\"},{\"@type\":\"ListItem\",\"position\":4,\"name\":\"\u00cengrijire personal\u0103\",\"item\":\"https:\\\/\\\/shopatoa.com\\\/ro\\\/ingrijire-personala\\\/\"},{\"@type\":\"ListItem\",\"position\":5,\"name\":\"Cosmetice\",\"item\":\"https:\\\/\\\/shopatoa.com\\\/ro\\\/cosmetice-ingrijire-personala\\\/\"},{\"@type\":\"ListItem\",\"position\":6,\"name\":\"Machiaj\",\"item\":\"https:\\\/\\\/shopatoa.com\\\/ro\\\/machiaj\\\/\"},{\"@type\":\"ListItem\",\"position\":7,\"name\":\"Machiaj pentru fa\u021b\u0103\",\"item\":\"https:\\\/\\\/shopatoa.com\\\/ro\\\/machiaj-pentru-fata-machiaj\\\/\"},{\"@type\":\"ListItem\",\"position\":8,\"name\":\"Fonduri de ten \u0219i corectoare\",\"item\":\"https:\\\/\\\/shopatoa.com\\\/ro\\\/fonduri-de-ten-si-corectoare\\\/\"},{\"@type\":\"ListItem\",\"position\":9,\"name\":\"KIKO Milano Colour Correct paleta corectoare 5&#215;1.2 g\"}]},{\"@type\":\"WebSite\",\"@id\":\"https:\\\/\\\/shopatoa.com\\\/ro\\\/#website\",\"url\":\"https:\\\/\\\/shopatoa.com\\\/ro\\\/\",\"name\":\"SHOPATOA\",\"description\":\"\",\"publisher\":{\"@id\":\"https:\\\/\\\/shopatoa.com\\\/ro\\\/#organization\"},\"potentialAction\":[{\"@type\":\"SearchAction\",\"target\":{\"@type\":\"EntryPoint\",\"urlTemplate\":\"https:\\\/\\\/shopatoa.com\\\/ro\\\/?s={search_term_string}\"},\"query-input\":{\"@type\":\"PropertyValueSpecification\",\"valueRequired\":true,\"valueName\":\"search_term_string\"}}],\"inLanguage\":\"ro-RO\"},{\"@type\":\"Organization\",\"@id\":\"https:\\\/\\\/shopatoa.com\\\/ro\\\/#organization\",\"name\":\"SHOPATOA\",\"url\":\"https:\\\/\\\/shopatoa.com\\\/ro\\\/\",\"logo\":{\"@type\":\"ImageObject\",\"inLanguage\":\"ro-RO\",\"@id\":\"https:\\\/\\\/shopatoa.com\\\/ro\\\/#\\\/schema\\\/logo\\\/image\\\/\",\"url\":\"https:\\\/\\\/storage.googleapis.com\\\/cz-shopatoa-img\\\/ro\\\/b4dac915-shopatoa_logo.png\",\"contentUrl\":\"https:\\\/\\\/storage.googleapis.com\\\/cz-shopatoa-img\\\/ro\\\/b4dac915-shopatoa_logo.png\",\"width\":416,\"height\":63,\"caption\":\"SHOPATOA\"},\"image\":{\"@id\":\"https:\\\/\\\/shopatoa.com\\\/ro\\\/#\\\/schema\\\/logo\\\/image\\\/\"}}]}<\/script>\n<!-- \/ Yoast SEO plugin. -->","yoast_head_json":{"title":"KIKO Milano Colour Correct paleta corectoare 5x1.2 g - SHOPATOA.COM","robots":{"index":"index","follow":"follow","max-snippet":"max-snippet:-1","max-image-preview":"max-image-preview:large","max-video-preview":"max-video-preview:-1"},"canonical":"https:\/\/shopatoa.com\/ro\/kiko-milano-colour-correct-paleta-corectoare-5x1-2-g\/","og_locale":"ro_RO","og_type":"article","og_title":"KIKO Milano Colour Correct paleta corectoare 5x1.2 g - SHOPATOA.COM","og_description":"KIKO Milano Colour Correct, 5&#215;1.2 g, Palete corectoare pentru femei, Paleta de conturare KIKO Milano Colour Correct ajut\u0103 la mascarea imperfec\u021biunilor tenului \u0219i la crearea unui fond de ten impecabil. Caracteristici: uniformizeaz\u0103 nuan\u021ba pielii combina\u021bii de culori, pentru diferite probleme ale tenului aplicare simpl\u0103, datorit\u0103 texturii cremoase mascheaz\u0103 cearc\u0103nele de sub ochi prin stratificare se...","og_url":"https:\/\/shopatoa.com\/ro\/kiko-milano-colour-correct-paleta-corectoare-5x1-2-g\/","og_site_name":"SHOPATOA","article_modified_time":"2025-12-13T19:14:57+00:00","og_image":[{"width":800,"height":800,"url":"https:\/\/storage.googleapis.com\/cz-shopatoa-img\/ro\/65c406c5-unnamed-file.webp","type":"image\/webp"}],"twitter_card":"summary_large_image","schema":{"@context":"https:\/\/schema.org","@graph":[{"@type":"WebPage","@id":"https:\/\/shopatoa.com\/ro\/kiko-milano-colour-correct-paleta-corectoare-5x1-2-g\/","url":"https:\/\/shopatoa.com\/ro\/kiko-milano-colour-correct-paleta-corectoare-5x1-2-g\/","name":"KIKO Milano Colour Correct paleta corectoare 5x1.2 g - SHOPATOA.COM","isPartOf":{"@id":"https:\/\/shopatoa.com\/ro\/#website"},"primaryImageOfPage":{"@id":"https:\/\/shopatoa.com\/ro\/kiko-milano-colour-correct-paleta-corectoare-5x1-2-g\/#primaryimage"},"image":{"@id":"https:\/\/shopatoa.com\/ro\/kiko-milano-colour-correct-paleta-corectoare-5x1-2-g\/#primaryimage"},"thumbnailUrl":"https:\/\/storage.googleapis.com\/cz-shopatoa-img\/ro\/65c406c5-unnamed-file.webp","datePublished":"2025-06-24T10:41:05+00:00","dateModified":"2025-12-13T19:14:57+00:00","breadcrumb":{"@id":"https:\/\/shopatoa.com\/ro\/kiko-milano-colour-correct-paleta-corectoare-5x1-2-g\/#breadcrumb"},"inLanguage":"ro-RO","potentialAction":[{"@type":"ReadAction","target":["https:\/\/shopatoa.com\/ro\/kiko-milano-colour-correct-paleta-corectoare-5x1-2-g\/"]}]},{"@type":"ImageObject","inLanguage":"ro-RO","@id":"https:\/\/shopatoa.com\/ro\/kiko-milano-colour-correct-paleta-corectoare-5x1-2-g\/#primaryimage","url":"https:\/\/storage.googleapis.com\/cz-shopatoa-img\/ro\/65c406c5-unnamed-file.webp","contentUrl":"https:\/\/storage.googleapis.com\/cz-shopatoa-img\/ro\/65c406c5-unnamed-file.webp","width":800,"height":800},{"@type":"BreadcrumbList","@id":"https:\/\/shopatoa.com\/ro\/kiko-milano-colour-correct-paleta-corectoare-5x1-2-g\/#breadcrumb","itemListElement":[{"@type":"ListItem","position":1,"name":"Dom\u016f","item":"https:\/\/shopatoa.com\/ro\/"},{"@type":"ListItem","position":2,"name":"Shop","item":"https:\/\/shopatoa.com\/ro\/shop\/"},{"@type":"ListItem","position":3,"name":"S\u0103n\u0103tate \u0219i frumuse\u021be","item":"https:\/\/shopatoa.com\/ro\/sanatate-si-frumusete\/"},{"@type":"ListItem","position":4,"name":"\u00cengrijire personal\u0103","item":"https:\/\/shopatoa.com\/ro\/ingrijire-personala\/"},{"@type":"ListItem","position":5,"name":"Cosmetice","item":"https:\/\/shopatoa.com\/ro\/cosmetice-ingrijire-personala\/"},{"@type":"ListItem","position":6,"name":"Machiaj","item":"https:\/\/shopatoa.com\/ro\/machiaj\/"},{"@type":"ListItem","position":7,"name":"Machiaj pentru fa\u021b\u0103","item":"https:\/\/shopatoa.com\/ro\/machiaj-pentru-fata-machiaj\/"},{"@type":"ListItem","position":8,"name":"Fonduri de ten \u0219i corectoare","item":"https:\/\/shopatoa.com\/ro\/fonduri-de-ten-si-corectoare\/"},{"@type":"ListItem","position":9,"name":"KIKO Milano Colour Correct paleta corectoare 5&#215;1.2 g"}]},{"@type":"WebSite","@id":"https:\/\/shopatoa.com\/ro\/#website","url":"https:\/\/shopatoa.com\/ro\/","name":"SHOPATOA","description":"","publisher":{"@id":"https:\/\/shopatoa.com\/ro\/#organization"},"potentialAction":[{"@type":"SearchAction","target":{"@type":"EntryPoint","urlTemplate":"https:\/\/shopatoa.com\/ro\/?s={search_term_string}"},"query-input":{"@type":"PropertyValueSpecification","valueRequired":true,"valueName":"search_term_string"}}],"inLanguage":"ro-RO"},{"@type":"Organization","@id":"https:\/\/shopatoa.com\/ro\/#organization","name":"SHOPATOA","url":"https:\/\/shopatoa.com\/ro\/","logo":{"@type":"ImageObject","inLanguage":"ro-RO","@id":"https:\/\/shopatoa.com\/ro\/#\/schema\/logo\/image\/","url":"https:\/\/storage.googleapis.com\/cz-shopatoa-img\/ro\/b4dac915-shopatoa_logo.png","contentUrl":"https:\/\/storage.googleapis.com\/cz-shopatoa-img\/ro\/b4dac915-shopatoa_logo.png","width":416,"height":63,"caption":"SHOPATOA"},"image":{"@id":"https:\/\/shopatoa.com\/ro\/#\/schema\/logo\/image\/"}}]}},"_links":{"self":[{"href":"https:\/\/shopatoa.com\/ro\/wp-json\/wp\/v2\/product\/441300","targetHints":{"allow":["GET"]}}],"collection":[{"href":"https:\/\/shopatoa.com\/ro\/wp-json\/wp\/v2\/product"}],"about":[{"href":"https:\/\/shopatoa.com\/ro\/wp-json\/wp\/v2\/types\/product"}],"replies":[{"embeddable":true,"href":"https:\/\/shopatoa.com\/ro\/wp-json\/wp\/v2\/comments?post=441300"}],"wp:featuredmedia":[{"embeddable":true,"href":"https:\/\/shopatoa.com\/ro\/wp-json\/wp\/v2\/media\/441301"}],"wp:attachment":[{"href":"https:\/\/shopatoa.com\/ro\/wp-json\/wp\/v2\/media?parent=441300"}],"wp:term":[{"taxonomy":"product_brand","embeddable":true,"href":"https:\/\/shopatoa.com\/ro\/wp-json\/wp\/v2\/product_brand?post=441300"},{"taxonomy":"product_cat","embeddable":true,"href":"https:\/\/shopatoa.com\/ro\/wp-json\/wp\/v2\/product_cat?post=441300"},{"taxonomy":"product_tag","embeddable":true,"href":"https:\/\/shopatoa.com\/ro\/wp-json\/wp\/v2\/product_tag?post=441300"}],"curies":[{"name":"wp","href":"https:\/\/api.w.org\/{rel}","templated":true}]}}