{"id":441792,"date":"2025-06-24T13:26:50","date_gmt":"2025-06-24T11:26:50","guid":{"rendered":"https:\/\/shopatoa.com\/ro\/beautifly-serene-eye-masca-de-tratament-cu-led-zona-ochilor-1-buc\/"},"modified":"2025-12-13T19:55:12","modified_gmt":"2025-12-13T18:55:12","slug":"beautifly-serene-eye-masca-de-tratament-cu-led-zona-ochilor-1-buc","status":"publish","type":"product","link":"https:\/\/shopatoa.com\/ro\/beautifly-serene-eye-masca-de-tratament-cu-led-zona-ochilor-1-buc\/","title":{"rendered":"Beautifly Serene Eye masc\u0103 de tratament cu LED zona ochilor 1 buc"},"content":{"rendered":"<p>Beautifly Serene Eye, 1 buc, M\u0103\u0219ti LED pentru femei, Dori\u021bi s\u0103 v\u0103 schimba\u021bi abordarea fa\u021b\u0103 de \u00eengrijirea tenului \u0219i s\u0103 include\u021bi terapia prin lumin\u0103 \u00een rutina de \u00eenfrumuse\u021bare? Nu este nevoie s\u0103 apela\u021bi direct la un salon de cosmetic\u0103. Dispozitivul LED Beautifly Serene Eye ofer\u0103 un tratament profesional cu lumin\u0103 \u00een confortul de acas\u0103. Tenul va fi tratat cu lumin\u0103 fotonic\u0103 emis\u0103 de diode LED, care p\u0103trunde ad\u00e2nc \u00een ten. \u0218i tocmai acolo va \u00eembun\u0103t\u0103\u021bi \u0219i calitatea tenului, \u00een mod non-invaziv \u0219i nedureros. Astfel, v\u0103 va permite s\u0103 lumina\u021bi o serie \u00eentreag\u0103 de probleme ale pielii \u00een timp ce v\u0103 relaxa\u021bi. Bucura\u021bi-v\u0103 de terapia facial\u0103 cu lumin\u0103, ameliora\u021bi-v\u0103 aspectul tenului \u0219i crea\u021bi-v\u0103 propriul ritual de frumuse\u021be, pe care s\u0103 \u00eel a\u0219tepta\u021bi cu ner\u0103bdare \u00een fiecare zi.  Caracteristici:  elimin\u0103 semnele de stres \u0219i de oboseal\u0103 m\u0103re\u0219te elasticitatea pielii red\u0103 pielii fermitatea \u0219i elasticitatea promoveaz\u0103 produc\u021bia de colagen spectrul de lumin\u0103 LED al dispozitivului nu con\u021bine radia\u021bii UV sau albastru-violet d\u0103un\u0103toare ajut\u0103 la \u00eentinerirea tenului prin lumin\u0103 ro\u0219ie ajut\u0103 la cre\u0219terea fluxului sanguin \u00een piele neteze\u0219te eficient liniile \u0219i ridurile fine confer\u0103 tenului un aspect plin  Cum se utilizeaz\u0103: Se vor urma instruc\u021biunile de utilizare incluse.<\/p>\n","protected":false},"excerpt":{"rendered":"<p>Beautifly Serene Eye, 1 buc, M\u0103\u0219ti LED pentru femei, Dori\u021bi s\u0103 v\u0103 schimba\u021bi abordarea fa\u021b\u0103 de \u00eengrijirea tenului \u0219i s\u0103 include\u021bi terapia prin lumin\u0103 \u00een rutina de \u00eenfrumuse\u021bare? Nu este nevoie s\u0103 apela\u021bi direct la un salon de cosmetic\u0103. Dispozitivul LED Beautifly Serene Eye ofer\u0103 un tratament profesional cu lumin\u0103 \u00een confortul de acas\u0103. Tenul&#8230;<\/p>\n","protected":false},"featured_media":441793,"comment_status":"closed","ping_status":"open","template":"","meta":{"_acf_changed":false,"_kadence_starter_templates_imported_post":false,"_kad_post_transparent":"","_kad_post_title":"","_kad_post_layout":"","_kad_post_sidebar_id":"","_kad_post_content_style":"","_kad_post_vertical_padding":"","_kad_post_feature":"","_kad_post_feature_position":"","_kad_post_header":false,"_kad_post_footer":false,"_kad_post_classname":""},"product_brand":[2329],"product_cat":[1564,1563,1565,1614,1562],"product_tag":[],"class_list":{"0":"post-441792","1":"product","2":"type-product","3":"status-publish","4":"has-post-thumbnail","6":"product_brand-beautifly","7":"product_cat-cosmetice-ingrijire-personala","8":"product_cat-ingrijire-personala","9":"product_cat-ingrijirea-pielii","10":"product_cat-masti-si-peelings-pentru-ten","11":"product_cat-sanatate-si-frumusete","12":"pa_gen-female","13":"pa_marime-1-buc","15":"first","16":"instock","17":"sale","18":"product-type-external","19":"entry","20":"content-bg","21":"loop-entry"},"acf":[],"yoast_head":"<!-- This site is optimized with the Yoast SEO plugin v27.4 - https:\/\/yoast.com\/product\/yoast-seo-wordpress\/ -->\n<title>Beautifly Serene Eye masc\u0103 de tratament cu LED zona ochilor 1 buc - SHOPATOA.COM<\/title>\n<meta name=\"robots\" content=\"index, follow, max-snippet:-1, max-image-preview:large, max-video-preview:-1\" \/>\n<link rel=\"canonical\" href=\"https:\/\/shopatoa.com\/ro\/beautifly-serene-eye-masca-de-tratament-cu-led-zona-ochilor-1-buc\/\" \/>\n<meta property=\"og:locale\" content=\"ro_RO\" \/>\n<meta property=\"og:type\" content=\"article\" \/>\n<meta property=\"og:title\" content=\"Beautifly Serene Eye masc\u0103 de tratament cu LED zona ochilor 1 buc - SHOPATOA.COM\" \/>\n<meta property=\"og:description\" content=\"Beautifly Serene Eye, 1 buc, M\u0103\u0219ti LED pentru femei, Dori\u021bi s\u0103 v\u0103 schimba\u021bi abordarea fa\u021b\u0103 de \u00eengrijirea tenului \u0219i s\u0103 include\u021bi terapia prin lumin\u0103 \u00een rutina de \u00eenfrumuse\u021bare? Nu este nevoie s\u0103 apela\u021bi direct la un salon de cosmetic\u0103. Dispozitivul LED Beautifly Serene Eye ofer\u0103 un tratament profesional cu lumin\u0103 \u00een confortul de acas\u0103. Tenul...\" \/>\n<meta property=\"og:url\" content=\"https:\/\/shopatoa.com\/ro\/beautifly-serene-eye-masca-de-tratament-cu-led-zona-ochilor-1-buc\/\" \/>\n<meta property=\"og:site_name\" content=\"SHOPATOA\" \/>\n<meta property=\"article:modified_time\" content=\"2025-12-13T18:55:12+00:00\" \/>\n<meta property=\"og:image\" content=\"https:\/\/storage.googleapis.com\/cz-shopatoa-img\/ro\/2c620d0b-unnamed-file.webp\" \/>\n\t<meta property=\"og:image:width\" content=\"800\" \/>\n\t<meta property=\"og:image:height\" content=\"800\" \/>\n\t<meta property=\"og:image:type\" content=\"image\/webp\" \/>\n<meta name=\"twitter:card\" content=\"summary_large_image\" \/>\n<meta name=\"twitter:label1\" content=\"Timp estimat pentru citire\" \/>\n\t<meta name=\"twitter:data1\" content=\"1 minut\" \/>\n<script type=\"application\/ld+json\" class=\"yoast-schema-graph\">{\"@context\":\"https:\\\/\\\/schema.org\",\"@graph\":[{\"@type\":\"WebPage\",\"@id\":\"https:\\\/\\\/shopatoa.com\\\/ro\\\/beautifly-serene-eye-masca-de-tratament-cu-led-zona-ochilor-1-buc\\\/\",\"url\":\"https:\\\/\\\/shopatoa.com\\\/ro\\\/beautifly-serene-eye-masca-de-tratament-cu-led-zona-ochilor-1-buc\\\/\",\"name\":\"Beautifly Serene Eye masc\u0103 de tratament cu LED zona ochilor 1 buc - SHOPATOA.COM\",\"isPartOf\":{\"@id\":\"https:\\\/\\\/shopatoa.com\\\/ro\\\/#website\"},\"primaryImageOfPage\":{\"@id\":\"https:\\\/\\\/shopatoa.com\\\/ro\\\/beautifly-serene-eye-masca-de-tratament-cu-led-zona-ochilor-1-buc\\\/#primaryimage\"},\"image\":{\"@id\":\"https:\\\/\\\/shopatoa.com\\\/ro\\\/beautifly-serene-eye-masca-de-tratament-cu-led-zona-ochilor-1-buc\\\/#primaryimage\"},\"thumbnailUrl\":\"https:\\\/\\\/storage.googleapis.com\\\/cz-shopatoa-img\\\/ro\\\/2c620d0b-unnamed-file.webp\",\"datePublished\":\"2025-06-24T11:26:50+00:00\",\"dateModified\":\"2025-12-13T18:55:12+00:00\",\"breadcrumb\":{\"@id\":\"https:\\\/\\\/shopatoa.com\\\/ro\\\/beautifly-serene-eye-masca-de-tratament-cu-led-zona-ochilor-1-buc\\\/#breadcrumb\"},\"inLanguage\":\"ro-RO\",\"potentialAction\":[{\"@type\":\"ReadAction\",\"target\":[\"https:\\\/\\\/shopatoa.com\\\/ro\\\/beautifly-serene-eye-masca-de-tratament-cu-led-zona-ochilor-1-buc\\\/\"]}]},{\"@type\":\"ImageObject\",\"inLanguage\":\"ro-RO\",\"@id\":\"https:\\\/\\\/shopatoa.com\\\/ro\\\/beautifly-serene-eye-masca-de-tratament-cu-led-zona-ochilor-1-buc\\\/#primaryimage\",\"url\":\"https:\\\/\\\/storage.googleapis.com\\\/cz-shopatoa-img\\\/ro\\\/2c620d0b-unnamed-file.webp\",\"contentUrl\":\"https:\\\/\\\/storage.googleapis.com\\\/cz-shopatoa-img\\\/ro\\\/2c620d0b-unnamed-file.webp\",\"width\":800,\"height\":800},{\"@type\":\"BreadcrumbList\",\"@id\":\"https:\\\/\\\/shopatoa.com\\\/ro\\\/beautifly-serene-eye-masca-de-tratament-cu-led-zona-ochilor-1-buc\\\/#breadcrumb\",\"itemListElement\":[{\"@type\":\"ListItem\",\"position\":1,\"name\":\"Dom\u016f\",\"item\":\"https:\\\/\\\/shopatoa.com\\\/ro\\\/\"},{\"@type\":\"ListItem\",\"position\":2,\"name\":\"Shop\",\"item\":\"https:\\\/\\\/shopatoa.com\\\/ro\\\/shop\\\/\"},{\"@type\":\"ListItem\",\"position\":3,\"name\":\"S\u0103n\u0103tate \u0219i frumuse\u021be\",\"item\":\"https:\\\/\\\/shopatoa.com\\\/ro\\\/sanatate-si-frumusete\\\/\"},{\"@type\":\"ListItem\",\"position\":4,\"name\":\"\u00cengrijire personal\u0103\",\"item\":\"https:\\\/\\\/shopatoa.com\\\/ro\\\/ingrijire-personala\\\/\"},{\"@type\":\"ListItem\",\"position\":5,\"name\":\"Cosmetice\",\"item\":\"https:\\\/\\\/shopatoa.com\\\/ro\\\/cosmetice-ingrijire-personala\\\/\"},{\"@type\":\"ListItem\",\"position\":6,\"name\":\"\u00cengrijirea pielii\",\"item\":\"https:\\\/\\\/shopatoa.com\\\/ro\\\/ingrijirea-pielii\\\/\"},{\"@type\":\"ListItem\",\"position\":7,\"name\":\"M\u0103\u0219ti \u0219i peelings pentru ten\",\"item\":\"https:\\\/\\\/shopatoa.com\\\/ro\\\/masti-si-peelings-pentru-ten\\\/\"},{\"@type\":\"ListItem\",\"position\":8,\"name\":\"Beautifly Serene Eye masc\u0103 de tratament cu LED zona ochilor 1 buc\"}]},{\"@type\":\"WebSite\",\"@id\":\"https:\\\/\\\/shopatoa.com\\\/ro\\\/#website\",\"url\":\"https:\\\/\\\/shopatoa.com\\\/ro\\\/\",\"name\":\"SHOPATOA\",\"description\":\"\",\"publisher\":{\"@id\":\"https:\\\/\\\/shopatoa.com\\\/ro\\\/#organization\"},\"potentialAction\":[{\"@type\":\"SearchAction\",\"target\":{\"@type\":\"EntryPoint\",\"urlTemplate\":\"https:\\\/\\\/shopatoa.com\\\/ro\\\/?s={search_term_string}\"},\"query-input\":{\"@type\":\"PropertyValueSpecification\",\"valueRequired\":true,\"valueName\":\"search_term_string\"}}],\"inLanguage\":\"ro-RO\"},{\"@type\":\"Organization\",\"@id\":\"https:\\\/\\\/shopatoa.com\\\/ro\\\/#organization\",\"name\":\"SHOPATOA\",\"url\":\"https:\\\/\\\/shopatoa.com\\\/ro\\\/\",\"logo\":{\"@type\":\"ImageObject\",\"inLanguage\":\"ro-RO\",\"@id\":\"https:\\\/\\\/shopatoa.com\\\/ro\\\/#\\\/schema\\\/logo\\\/image\\\/\",\"url\":\"https:\\\/\\\/storage.googleapis.com\\\/cz-shopatoa-img\\\/ro\\\/b4dac915-shopatoa_logo.png\",\"contentUrl\":\"https:\\\/\\\/storage.googleapis.com\\\/cz-shopatoa-img\\\/ro\\\/b4dac915-shopatoa_logo.png\",\"width\":416,\"height\":63,\"caption\":\"SHOPATOA\"},\"image\":{\"@id\":\"https:\\\/\\\/shopatoa.com\\\/ro\\\/#\\\/schema\\\/logo\\\/image\\\/\"}}]}<\/script>\n<!-- \/ Yoast SEO plugin. -->","yoast_head_json":{"title":"Beautifly Serene Eye masc\u0103 de tratament cu LED zona ochilor 1 buc - SHOPATOA.COM","robots":{"index":"index","follow":"follow","max-snippet":"max-snippet:-1","max-image-preview":"max-image-preview:large","max-video-preview":"max-video-preview:-1"},"canonical":"https:\/\/shopatoa.com\/ro\/beautifly-serene-eye-masca-de-tratament-cu-led-zona-ochilor-1-buc\/","og_locale":"ro_RO","og_type":"article","og_title":"Beautifly Serene Eye masc\u0103 de tratament cu LED zona ochilor 1 buc - SHOPATOA.COM","og_description":"Beautifly Serene Eye, 1 buc, M\u0103\u0219ti LED pentru femei, Dori\u021bi s\u0103 v\u0103 schimba\u021bi abordarea fa\u021b\u0103 de \u00eengrijirea tenului \u0219i s\u0103 include\u021bi terapia prin lumin\u0103 \u00een rutina de \u00eenfrumuse\u021bare? Nu este nevoie s\u0103 apela\u021bi direct la un salon de cosmetic\u0103. Dispozitivul LED Beautifly Serene Eye ofer\u0103 un tratament profesional cu lumin\u0103 \u00een confortul de acas\u0103. Tenul...","og_url":"https:\/\/shopatoa.com\/ro\/beautifly-serene-eye-masca-de-tratament-cu-led-zona-ochilor-1-buc\/","og_site_name":"SHOPATOA","article_modified_time":"2025-12-13T18:55:12+00:00","og_image":[{"width":800,"height":800,"url":"https:\/\/storage.googleapis.com\/cz-shopatoa-img\/ro\/2c620d0b-unnamed-file.webp","type":"image\/webp"}],"twitter_card":"summary_large_image","twitter_misc":{"Timp estimat pentru citire":"1 minut"},"schema":{"@context":"https:\/\/schema.org","@graph":[{"@type":"WebPage","@id":"https:\/\/shopatoa.com\/ro\/beautifly-serene-eye-masca-de-tratament-cu-led-zona-ochilor-1-buc\/","url":"https:\/\/shopatoa.com\/ro\/beautifly-serene-eye-masca-de-tratament-cu-led-zona-ochilor-1-buc\/","name":"Beautifly Serene Eye masc\u0103 de tratament cu LED zona ochilor 1 buc - SHOPATOA.COM","isPartOf":{"@id":"https:\/\/shopatoa.com\/ro\/#website"},"primaryImageOfPage":{"@id":"https:\/\/shopatoa.com\/ro\/beautifly-serene-eye-masca-de-tratament-cu-led-zona-ochilor-1-buc\/#primaryimage"},"image":{"@id":"https:\/\/shopatoa.com\/ro\/beautifly-serene-eye-masca-de-tratament-cu-led-zona-ochilor-1-buc\/#primaryimage"},"thumbnailUrl":"https:\/\/storage.googleapis.com\/cz-shopatoa-img\/ro\/2c620d0b-unnamed-file.webp","datePublished":"2025-06-24T11:26:50+00:00","dateModified":"2025-12-13T18:55:12+00:00","breadcrumb":{"@id":"https:\/\/shopatoa.com\/ro\/beautifly-serene-eye-masca-de-tratament-cu-led-zona-ochilor-1-buc\/#breadcrumb"},"inLanguage":"ro-RO","potentialAction":[{"@type":"ReadAction","target":["https:\/\/shopatoa.com\/ro\/beautifly-serene-eye-masca-de-tratament-cu-led-zona-ochilor-1-buc\/"]}]},{"@type":"ImageObject","inLanguage":"ro-RO","@id":"https:\/\/shopatoa.com\/ro\/beautifly-serene-eye-masca-de-tratament-cu-led-zona-ochilor-1-buc\/#primaryimage","url":"https:\/\/storage.googleapis.com\/cz-shopatoa-img\/ro\/2c620d0b-unnamed-file.webp","contentUrl":"https:\/\/storage.googleapis.com\/cz-shopatoa-img\/ro\/2c620d0b-unnamed-file.webp","width":800,"height":800},{"@type":"BreadcrumbList","@id":"https:\/\/shopatoa.com\/ro\/beautifly-serene-eye-masca-de-tratament-cu-led-zona-ochilor-1-buc\/#breadcrumb","itemListElement":[{"@type":"ListItem","position":1,"name":"Dom\u016f","item":"https:\/\/shopatoa.com\/ro\/"},{"@type":"ListItem","position":2,"name":"Shop","item":"https:\/\/shopatoa.com\/ro\/shop\/"},{"@type":"ListItem","position":3,"name":"S\u0103n\u0103tate \u0219i frumuse\u021be","item":"https:\/\/shopatoa.com\/ro\/sanatate-si-frumusete\/"},{"@type":"ListItem","position":4,"name":"\u00cengrijire personal\u0103","item":"https:\/\/shopatoa.com\/ro\/ingrijire-personala\/"},{"@type":"ListItem","position":5,"name":"Cosmetice","item":"https:\/\/shopatoa.com\/ro\/cosmetice-ingrijire-personala\/"},{"@type":"ListItem","position":6,"name":"\u00cengrijirea pielii","item":"https:\/\/shopatoa.com\/ro\/ingrijirea-pielii\/"},{"@type":"ListItem","position":7,"name":"M\u0103\u0219ti \u0219i peelings pentru ten","item":"https:\/\/shopatoa.com\/ro\/masti-si-peelings-pentru-ten\/"},{"@type":"ListItem","position":8,"name":"Beautifly Serene Eye masc\u0103 de tratament cu LED zona ochilor 1 buc"}]},{"@type":"WebSite","@id":"https:\/\/shopatoa.com\/ro\/#website","url":"https:\/\/shopatoa.com\/ro\/","name":"SHOPATOA","description":"","publisher":{"@id":"https:\/\/shopatoa.com\/ro\/#organization"},"potentialAction":[{"@type":"SearchAction","target":{"@type":"EntryPoint","urlTemplate":"https:\/\/shopatoa.com\/ro\/?s={search_term_string}"},"query-input":{"@type":"PropertyValueSpecification","valueRequired":true,"valueName":"search_term_string"}}],"inLanguage":"ro-RO"},{"@type":"Organization","@id":"https:\/\/shopatoa.com\/ro\/#organization","name":"SHOPATOA","url":"https:\/\/shopatoa.com\/ro\/","logo":{"@type":"ImageObject","inLanguage":"ro-RO","@id":"https:\/\/shopatoa.com\/ro\/#\/schema\/logo\/image\/","url":"https:\/\/storage.googleapis.com\/cz-shopatoa-img\/ro\/b4dac915-shopatoa_logo.png","contentUrl":"https:\/\/storage.googleapis.com\/cz-shopatoa-img\/ro\/b4dac915-shopatoa_logo.png","width":416,"height":63,"caption":"SHOPATOA"},"image":{"@id":"https:\/\/shopatoa.com\/ro\/#\/schema\/logo\/image\/"}}]}},"_links":{"self":[{"href":"https:\/\/shopatoa.com\/ro\/wp-json\/wp\/v2\/product\/441792","targetHints":{"allow":["GET"]}}],"collection":[{"href":"https:\/\/shopatoa.com\/ro\/wp-json\/wp\/v2\/product"}],"about":[{"href":"https:\/\/shopatoa.com\/ro\/wp-json\/wp\/v2\/types\/product"}],"replies":[{"embeddable":true,"href":"https:\/\/shopatoa.com\/ro\/wp-json\/wp\/v2\/comments?post=441792"}],"wp:featuredmedia":[{"embeddable":true,"href":"https:\/\/shopatoa.com\/ro\/wp-json\/wp\/v2\/media\/441793"}],"wp:attachment":[{"href":"https:\/\/shopatoa.com\/ro\/wp-json\/wp\/v2\/media?parent=441792"}],"wp:term":[{"taxonomy":"product_brand","embeddable":true,"href":"https:\/\/shopatoa.com\/ro\/wp-json\/wp\/v2\/product_brand?post=441792"},{"taxonomy":"product_cat","embeddable":true,"href":"https:\/\/shopatoa.com\/ro\/wp-json\/wp\/v2\/product_cat?post=441792"},{"taxonomy":"product_tag","embeddable":true,"href":"https:\/\/shopatoa.com\/ro\/wp-json\/wp\/v2\/product_tag?post=441792"}],"curies":[{"name":"wp","href":"https:\/\/api.w.org\/{rel}","templated":true}]}}