{"id":441800,"date":"2025-06-24T13:26:50","date_gmt":"2025-06-24T11:26:50","guid":{"rendered":"https:\/\/shopatoa.com\/ro\/avene-hyaluron-activ-b3-gift-set-set-cadou-nutritie-si-hidratare\/"},"modified":"2025-12-13T19:55:26","modified_gmt":"2025-12-13T18:55:26","slug":"avene-hyaluron-activ-b3-gift-set-set-cadou-nutritie-si-hidratare","status":"publish","type":"product","link":"https:\/\/shopatoa.com\/ro\/avene-hyaluron-activ-b3-gift-set-set-cadou-nutritie-si-hidratare\/","title":{"rendered":"Av\u00e8ne Hyaluron Activ B3 Gift Set set cadou nutritie si hidratare"},"content":{"rendered":"<p>Av\u00e8ne Hyaluron Activ B3 Gift Set,  buc, Seturi cosmetice unisex, Totul pentru un ten frumos \u00eentr-un singur pachet. Setul de cosmetice Av\u00e8ne Hyaluron Activ B3 Gift Set con\u021bine nu unul, ci mai multe produse, care v\u0103 vor ajuta s\u0103 v\u0103 crea\u021bi sau s\u0103 v\u0103 \u00eembog\u0103\u021bi\u021bi rutina zilnic\u0103 de \u00eengrijire \u0219i s\u0103 v\u0103 oferi\u021bi un moment de bucurie sau s\u0103 oferi\u021bi un cadou celor dragi.  Setul con\u021bine:   Av\u00e8ne Hyaluron Activ B3 crema de noapte intensiva antirid 40 ml  Av\u00e8ne Eau Micellare apa de fata cu particule micele 100 ml   Caracteristici:  reface fermitatea pielii \u0219i are efect de lifting reface aspectul tineresc al tenului \u00eentinere\u0219te pielea \u0219i \u00eei confer\u0103 energie \u00eempotriva ro\u0219e\u021bii \u00een ambalaj de sticl\u0103 se recomand\u0103 pentru tenul sensibil are efect de calmare foarte potrivit ca un cadou \u00eemprosp\u0103teaz\u0103 tenul obosit  Ingrediente:  con\u021bine cel pu\u021bin 90-99% ingrediente de origine natural\u0103 testat dermatologic<\/p>\n","protected":false},"excerpt":{"rendered":"<p>Av\u00e8ne Hyaluron Activ B3 Gift Set, buc, Seturi cosmetice unisex, Totul pentru un ten frumos \u00eentr-un singur pachet. Setul de cosmetice Av\u00e8ne Hyaluron Activ B3 Gift Set con\u021bine nu unul, ci mai multe produse, care v\u0103 vor ajuta s\u0103 v\u0103 crea\u021bi sau s\u0103 v\u0103 \u00eembog\u0103\u021bi\u021bi rutina zilnic\u0103 de \u00eengrijire \u0219i s\u0103 v\u0103 oferi\u021bi un moment&#8230;<\/p>\n","protected":false},"featured_media":441801,"comment_status":"closed","ping_status":"open","template":"","meta":{"_acf_changed":false,"_kadence_starter_templates_imported_post":false,"_kad_post_transparent":"","_kad_post_title":"","_kad_post_layout":"","_kad_post_sidebar_id":"","_kad_post_content_style":"","_kad_post_vertical_padding":"","_kad_post_feature":"","_kad_post_feature_position":"","_kad_post_header":false,"_kad_post_footer":false,"_kad_post_classname":""},"product_brand":[296],"product_cat":[1564,1563,1565,1562],"product_tag":[],"class_list":{"0":"post-441800","1":"product","2":"type-product","3":"status-publish","4":"has-post-thumbnail","6":"product_brand-avene","7":"product_cat-cosmetice-ingrijire-personala","8":"product_cat-ingrijire-personala","9":"product_cat-ingrijirea-pielii","10":"product_cat-sanatate-si-frumusete","11":"pa_gen-unisex","12":"pa_marime-buc","14":"first","15":"instock","16":"sale","17":"product-type-external","18":"entry","19":"content-bg","20":"loop-entry"},"acf":[],"yoast_head":"<!-- This site is optimized with the Yoast SEO plugin v27.4 - https:\/\/yoast.com\/product\/yoast-seo-wordpress\/ -->\n<title>Av\u00e8ne Hyaluron Activ B3 Gift Set set cadou nutritie si hidratare - SHOPATOA.COM<\/title>\n<meta name=\"robots\" content=\"index, follow, max-snippet:-1, max-image-preview:large, max-video-preview:-1\" \/>\n<link rel=\"canonical\" href=\"https:\/\/shopatoa.com\/ro\/avene-hyaluron-activ-b3-gift-set-set-cadou-nutritie-si-hidratare\/\" \/>\n<meta property=\"og:locale\" content=\"ro_RO\" \/>\n<meta property=\"og:type\" content=\"article\" \/>\n<meta property=\"og:title\" content=\"Av\u00e8ne Hyaluron Activ B3 Gift Set set cadou nutritie si hidratare - SHOPATOA.COM\" \/>\n<meta property=\"og:description\" content=\"Av\u00e8ne Hyaluron Activ B3 Gift Set, buc, Seturi cosmetice unisex, Totul pentru un ten frumos \u00eentr-un singur pachet. Setul de cosmetice Av\u00e8ne Hyaluron Activ B3 Gift Set con\u021bine nu unul, ci mai multe produse, care v\u0103 vor ajuta s\u0103 v\u0103 crea\u021bi sau s\u0103 v\u0103 \u00eembog\u0103\u021bi\u021bi rutina zilnic\u0103 de \u00eengrijire \u0219i s\u0103 v\u0103 oferi\u021bi un moment...\" \/>\n<meta property=\"og:url\" content=\"https:\/\/shopatoa.com\/ro\/avene-hyaluron-activ-b3-gift-set-set-cadou-nutritie-si-hidratare\/\" \/>\n<meta property=\"og:site_name\" content=\"SHOPATOA\" \/>\n<meta property=\"article:modified_time\" content=\"2025-12-13T18:55:26+00:00\" \/>\n<meta property=\"og:image\" content=\"https:\/\/storage.googleapis.com\/cz-shopatoa-img\/ro\/9ee1d448-unnamed-file.webp\" \/>\n\t<meta property=\"og:image:width\" content=\"800\" \/>\n\t<meta property=\"og:image:height\" content=\"800\" \/>\n\t<meta property=\"og:image:type\" content=\"image\/webp\" \/>\n<meta name=\"twitter:card\" content=\"summary_large_image\" \/>\n<meta name=\"twitter:label1\" content=\"Timp estimat pentru citire\" \/>\n\t<meta name=\"twitter:data1\" content=\"1 minut\" \/>\n<script type=\"application\/ld+json\" class=\"yoast-schema-graph\">{\"@context\":\"https:\\\/\\\/schema.org\",\"@graph\":[{\"@type\":\"WebPage\",\"@id\":\"https:\\\/\\\/shopatoa.com\\\/ro\\\/avene-hyaluron-activ-b3-gift-set-set-cadou-nutritie-si-hidratare\\\/\",\"url\":\"https:\\\/\\\/shopatoa.com\\\/ro\\\/avene-hyaluron-activ-b3-gift-set-set-cadou-nutritie-si-hidratare\\\/\",\"name\":\"Av\u00e8ne Hyaluron Activ B3 Gift Set set cadou nutritie si hidratare - SHOPATOA.COM\",\"isPartOf\":{\"@id\":\"https:\\\/\\\/shopatoa.com\\\/ro\\\/#website\"},\"primaryImageOfPage\":{\"@id\":\"https:\\\/\\\/shopatoa.com\\\/ro\\\/avene-hyaluron-activ-b3-gift-set-set-cadou-nutritie-si-hidratare\\\/#primaryimage\"},\"image\":{\"@id\":\"https:\\\/\\\/shopatoa.com\\\/ro\\\/avene-hyaluron-activ-b3-gift-set-set-cadou-nutritie-si-hidratare\\\/#primaryimage\"},\"thumbnailUrl\":\"https:\\\/\\\/storage.googleapis.com\\\/cz-shopatoa-img\\\/ro\\\/9ee1d448-unnamed-file.webp\",\"datePublished\":\"2025-06-24T11:26:50+00:00\",\"dateModified\":\"2025-12-13T18:55:26+00:00\",\"breadcrumb\":{\"@id\":\"https:\\\/\\\/shopatoa.com\\\/ro\\\/avene-hyaluron-activ-b3-gift-set-set-cadou-nutritie-si-hidratare\\\/#breadcrumb\"},\"inLanguage\":\"ro-RO\",\"potentialAction\":[{\"@type\":\"ReadAction\",\"target\":[\"https:\\\/\\\/shopatoa.com\\\/ro\\\/avene-hyaluron-activ-b3-gift-set-set-cadou-nutritie-si-hidratare\\\/\"]}]},{\"@type\":\"ImageObject\",\"inLanguage\":\"ro-RO\",\"@id\":\"https:\\\/\\\/shopatoa.com\\\/ro\\\/avene-hyaluron-activ-b3-gift-set-set-cadou-nutritie-si-hidratare\\\/#primaryimage\",\"url\":\"https:\\\/\\\/storage.googleapis.com\\\/cz-shopatoa-img\\\/ro\\\/9ee1d448-unnamed-file.webp\",\"contentUrl\":\"https:\\\/\\\/storage.googleapis.com\\\/cz-shopatoa-img\\\/ro\\\/9ee1d448-unnamed-file.webp\",\"width\":800,\"height\":800},{\"@type\":\"BreadcrumbList\",\"@id\":\"https:\\\/\\\/shopatoa.com\\\/ro\\\/avene-hyaluron-activ-b3-gift-set-set-cadou-nutritie-si-hidratare\\\/#breadcrumb\",\"itemListElement\":[{\"@type\":\"ListItem\",\"position\":1,\"name\":\"Dom\u016f\",\"item\":\"https:\\\/\\\/shopatoa.com\\\/ro\\\/\"},{\"@type\":\"ListItem\",\"position\":2,\"name\":\"Shop\",\"item\":\"https:\\\/\\\/shopatoa.com\\\/ro\\\/shop\\\/\"},{\"@type\":\"ListItem\",\"position\":3,\"name\":\"S\u0103n\u0103tate \u0219i frumuse\u021be\",\"item\":\"https:\\\/\\\/shopatoa.com\\\/ro\\\/sanatate-si-frumusete\\\/\"},{\"@type\":\"ListItem\",\"position\":4,\"name\":\"\u00cengrijire personal\u0103\",\"item\":\"https:\\\/\\\/shopatoa.com\\\/ro\\\/ingrijire-personala\\\/\"},{\"@type\":\"ListItem\",\"position\":5,\"name\":\"Cosmetice\",\"item\":\"https:\\\/\\\/shopatoa.com\\\/ro\\\/cosmetice-ingrijire-personala\\\/\"},{\"@type\":\"ListItem\",\"position\":6,\"name\":\"\u00cengrijirea pielii\",\"item\":\"https:\\\/\\\/shopatoa.com\\\/ro\\\/ingrijirea-pielii\\\/\"},{\"@type\":\"ListItem\",\"position\":7,\"name\":\"Av\u00e8ne Hyaluron Activ B3 Gift Set set cadou nutritie si hidratare\"}]},{\"@type\":\"WebSite\",\"@id\":\"https:\\\/\\\/shopatoa.com\\\/ro\\\/#website\",\"url\":\"https:\\\/\\\/shopatoa.com\\\/ro\\\/\",\"name\":\"SHOPATOA\",\"description\":\"\",\"publisher\":{\"@id\":\"https:\\\/\\\/shopatoa.com\\\/ro\\\/#organization\"},\"potentialAction\":[{\"@type\":\"SearchAction\",\"target\":{\"@type\":\"EntryPoint\",\"urlTemplate\":\"https:\\\/\\\/shopatoa.com\\\/ro\\\/?s={search_term_string}\"},\"query-input\":{\"@type\":\"PropertyValueSpecification\",\"valueRequired\":true,\"valueName\":\"search_term_string\"}}],\"inLanguage\":\"ro-RO\"},{\"@type\":\"Organization\",\"@id\":\"https:\\\/\\\/shopatoa.com\\\/ro\\\/#organization\",\"name\":\"SHOPATOA\",\"url\":\"https:\\\/\\\/shopatoa.com\\\/ro\\\/\",\"logo\":{\"@type\":\"ImageObject\",\"inLanguage\":\"ro-RO\",\"@id\":\"https:\\\/\\\/shopatoa.com\\\/ro\\\/#\\\/schema\\\/logo\\\/image\\\/\",\"url\":\"https:\\\/\\\/storage.googleapis.com\\\/cz-shopatoa-img\\\/ro\\\/b4dac915-shopatoa_logo.png\",\"contentUrl\":\"https:\\\/\\\/storage.googleapis.com\\\/cz-shopatoa-img\\\/ro\\\/b4dac915-shopatoa_logo.png\",\"width\":416,\"height\":63,\"caption\":\"SHOPATOA\"},\"image\":{\"@id\":\"https:\\\/\\\/shopatoa.com\\\/ro\\\/#\\\/schema\\\/logo\\\/image\\\/\"}}]}<\/script>\n<!-- \/ Yoast SEO plugin. -->","yoast_head_json":{"title":"Av\u00e8ne Hyaluron Activ B3 Gift Set set cadou nutritie si hidratare - SHOPATOA.COM","robots":{"index":"index","follow":"follow","max-snippet":"max-snippet:-1","max-image-preview":"max-image-preview:large","max-video-preview":"max-video-preview:-1"},"canonical":"https:\/\/shopatoa.com\/ro\/avene-hyaluron-activ-b3-gift-set-set-cadou-nutritie-si-hidratare\/","og_locale":"ro_RO","og_type":"article","og_title":"Av\u00e8ne Hyaluron Activ B3 Gift Set set cadou nutritie si hidratare - SHOPATOA.COM","og_description":"Av\u00e8ne Hyaluron Activ B3 Gift Set, buc, Seturi cosmetice unisex, Totul pentru un ten frumos \u00eentr-un singur pachet. Setul de cosmetice Av\u00e8ne Hyaluron Activ B3 Gift Set con\u021bine nu unul, ci mai multe produse, care v\u0103 vor ajuta s\u0103 v\u0103 crea\u021bi sau s\u0103 v\u0103 \u00eembog\u0103\u021bi\u021bi rutina zilnic\u0103 de \u00eengrijire \u0219i s\u0103 v\u0103 oferi\u021bi un moment...","og_url":"https:\/\/shopatoa.com\/ro\/avene-hyaluron-activ-b3-gift-set-set-cadou-nutritie-si-hidratare\/","og_site_name":"SHOPATOA","article_modified_time":"2025-12-13T18:55:26+00:00","og_image":[{"width":800,"height":800,"url":"https:\/\/storage.googleapis.com\/cz-shopatoa-img\/ro\/9ee1d448-unnamed-file.webp","type":"image\/webp"}],"twitter_card":"summary_large_image","twitter_misc":{"Timp estimat pentru citire":"1 minut"},"schema":{"@context":"https:\/\/schema.org","@graph":[{"@type":"WebPage","@id":"https:\/\/shopatoa.com\/ro\/avene-hyaluron-activ-b3-gift-set-set-cadou-nutritie-si-hidratare\/","url":"https:\/\/shopatoa.com\/ro\/avene-hyaluron-activ-b3-gift-set-set-cadou-nutritie-si-hidratare\/","name":"Av\u00e8ne Hyaluron Activ B3 Gift Set set cadou nutritie si hidratare - SHOPATOA.COM","isPartOf":{"@id":"https:\/\/shopatoa.com\/ro\/#website"},"primaryImageOfPage":{"@id":"https:\/\/shopatoa.com\/ro\/avene-hyaluron-activ-b3-gift-set-set-cadou-nutritie-si-hidratare\/#primaryimage"},"image":{"@id":"https:\/\/shopatoa.com\/ro\/avene-hyaluron-activ-b3-gift-set-set-cadou-nutritie-si-hidratare\/#primaryimage"},"thumbnailUrl":"https:\/\/storage.googleapis.com\/cz-shopatoa-img\/ro\/9ee1d448-unnamed-file.webp","datePublished":"2025-06-24T11:26:50+00:00","dateModified":"2025-12-13T18:55:26+00:00","breadcrumb":{"@id":"https:\/\/shopatoa.com\/ro\/avene-hyaluron-activ-b3-gift-set-set-cadou-nutritie-si-hidratare\/#breadcrumb"},"inLanguage":"ro-RO","potentialAction":[{"@type":"ReadAction","target":["https:\/\/shopatoa.com\/ro\/avene-hyaluron-activ-b3-gift-set-set-cadou-nutritie-si-hidratare\/"]}]},{"@type":"ImageObject","inLanguage":"ro-RO","@id":"https:\/\/shopatoa.com\/ro\/avene-hyaluron-activ-b3-gift-set-set-cadou-nutritie-si-hidratare\/#primaryimage","url":"https:\/\/storage.googleapis.com\/cz-shopatoa-img\/ro\/9ee1d448-unnamed-file.webp","contentUrl":"https:\/\/storage.googleapis.com\/cz-shopatoa-img\/ro\/9ee1d448-unnamed-file.webp","width":800,"height":800},{"@type":"BreadcrumbList","@id":"https:\/\/shopatoa.com\/ro\/avene-hyaluron-activ-b3-gift-set-set-cadou-nutritie-si-hidratare\/#breadcrumb","itemListElement":[{"@type":"ListItem","position":1,"name":"Dom\u016f","item":"https:\/\/shopatoa.com\/ro\/"},{"@type":"ListItem","position":2,"name":"Shop","item":"https:\/\/shopatoa.com\/ro\/shop\/"},{"@type":"ListItem","position":3,"name":"S\u0103n\u0103tate \u0219i frumuse\u021be","item":"https:\/\/shopatoa.com\/ro\/sanatate-si-frumusete\/"},{"@type":"ListItem","position":4,"name":"\u00cengrijire personal\u0103","item":"https:\/\/shopatoa.com\/ro\/ingrijire-personala\/"},{"@type":"ListItem","position":5,"name":"Cosmetice","item":"https:\/\/shopatoa.com\/ro\/cosmetice-ingrijire-personala\/"},{"@type":"ListItem","position":6,"name":"\u00cengrijirea pielii","item":"https:\/\/shopatoa.com\/ro\/ingrijirea-pielii\/"},{"@type":"ListItem","position":7,"name":"Av\u00e8ne Hyaluron Activ B3 Gift Set set cadou nutritie si hidratare"}]},{"@type":"WebSite","@id":"https:\/\/shopatoa.com\/ro\/#website","url":"https:\/\/shopatoa.com\/ro\/","name":"SHOPATOA","description":"","publisher":{"@id":"https:\/\/shopatoa.com\/ro\/#organization"},"potentialAction":[{"@type":"SearchAction","target":{"@type":"EntryPoint","urlTemplate":"https:\/\/shopatoa.com\/ro\/?s={search_term_string}"},"query-input":{"@type":"PropertyValueSpecification","valueRequired":true,"valueName":"search_term_string"}}],"inLanguage":"ro-RO"},{"@type":"Organization","@id":"https:\/\/shopatoa.com\/ro\/#organization","name":"SHOPATOA","url":"https:\/\/shopatoa.com\/ro\/","logo":{"@type":"ImageObject","inLanguage":"ro-RO","@id":"https:\/\/shopatoa.com\/ro\/#\/schema\/logo\/image\/","url":"https:\/\/storage.googleapis.com\/cz-shopatoa-img\/ro\/b4dac915-shopatoa_logo.png","contentUrl":"https:\/\/storage.googleapis.com\/cz-shopatoa-img\/ro\/b4dac915-shopatoa_logo.png","width":416,"height":63,"caption":"SHOPATOA"},"image":{"@id":"https:\/\/shopatoa.com\/ro\/#\/schema\/logo\/image\/"}}]}},"_links":{"self":[{"href":"https:\/\/shopatoa.com\/ro\/wp-json\/wp\/v2\/product\/441800","targetHints":{"allow":["GET"]}}],"collection":[{"href":"https:\/\/shopatoa.com\/ro\/wp-json\/wp\/v2\/product"}],"about":[{"href":"https:\/\/shopatoa.com\/ro\/wp-json\/wp\/v2\/types\/product"}],"replies":[{"embeddable":true,"href":"https:\/\/shopatoa.com\/ro\/wp-json\/wp\/v2\/comments?post=441800"}],"wp:featuredmedia":[{"embeddable":true,"href":"https:\/\/shopatoa.com\/ro\/wp-json\/wp\/v2\/media\/441801"}],"wp:attachment":[{"href":"https:\/\/shopatoa.com\/ro\/wp-json\/wp\/v2\/media?parent=441800"}],"wp:term":[{"taxonomy":"product_brand","embeddable":true,"href":"https:\/\/shopatoa.com\/ro\/wp-json\/wp\/v2\/product_brand?post=441800"},{"taxonomy":"product_cat","embeddable":true,"href":"https:\/\/shopatoa.com\/ro\/wp-json\/wp\/v2\/product_cat?post=441800"},{"taxonomy":"product_tag","embeddable":true,"href":"https:\/\/shopatoa.com\/ro\/wp-json\/wp\/v2\/product_tag?post=441800"}],"curies":[{"name":"wp","href":"https:\/\/api.w.org\/{rel}","templated":true}]}}