{"id":441958,"date":"2025-06-24T13:43:25","date_gmt":"2025-06-24T11:43:25","guid":{"rendered":"https:\/\/shopatoa.com\/ro\/coco-eve-sunny-honey-anti-aging-tanning-serum-ser-autobronzant-pentru-fata-30-ml\/"},"modified":"2025-12-13T19:45:47","modified_gmt":"2025-12-13T18:45:47","slug":"coco-eve-sunny-honey-anti-aging-tanning-serum-ser-autobronzant-pentru-fata-30-ml","status":"publish","type":"product","link":"https:\/\/shopatoa.com\/ro\/coco-eve-sunny-honey-anti-aging-tanning-serum-ser-autobronzant-pentru-fata-30-ml\/","title":{"rendered":"Coco &amp; Eve Sunny Honey Anti-Aging Tanning Serum ser autobronzant pentru fata 30 ml"},"content":{"rendered":"<p>Coco &amp; Eve Sunny Honey Anti-Aging Tanning Serum, 30 ml, Produse de auto-bronzare pentru femei, Dori\u021bi s\u0103 radia\u021bi cu un ten frumos bronzat? Dar s\u0103 nu fie nevoie s\u0103 a\u0219tepta\u021bi ca razele soarelui s\u0103 devin\u0103 mai intense sau s\u0103 pleca\u021bi \u00een vacan\u021b\u0103 \u00een \u021binuturi mai calde? Produsul autobronzant Coco &amp; Eve Sunny Honey Anti-Aging Tanning Serum va conferi fe\u021bei dvs. un bronz perfect, uniform, cu aspect natural, oriunde \u0219i oric\u00e2nd \u00een timpul anului. V\u0103 va ajuta s\u0103 ob\u021bine\u021bi rapid \u0219i u\u0219or o nuan\u021b\u0103 superb\u0103, ca de la mare, f\u0103r\u0103 s\u0103 v\u0103 expune\u021bi tenul la soare.  Caracteristici:  ofer\u0103 tenului un bronz natural auriu \u00eenchide treptat culoarea natural\u0103 a pielii hidrateaz\u0103 \u0219i hr\u0103ne\u0219te profund confer\u0103 pielii elasticitate \u0219i catifelare nu las\u0103 pete se aplic\u0103 u\u0219or se recomand\u0103 pentru tenul sensibil  Ingrediente:  produs vegan  Cum se utilizeaz\u0103: Se aplic\u0103 pe pielea curat\u0103 de pe fa\u021b\u0103 \u0219i se estompeaz\u0103 \u00eenspre g\u00e2t \u0219i decolteu. Pentru o doz\u0103 optim\u0103, ap\u0103sa\u021bi de 3-5\u00d7 pompi\u021ba. Dup\u0103 aplicare, se spal\u0103 temeinic m\u00e2inile.<\/p>\n","protected":false},"excerpt":{"rendered":"<p>Coco &amp; Eve Sunny Honey Anti-Aging Tanning Serum, 30 ml, Produse de auto-bronzare pentru femei, Dori\u021bi s\u0103 radia\u021bi cu un ten frumos bronzat? Dar s\u0103 nu fie nevoie s\u0103 a\u0219tepta\u021bi ca razele soarelui s\u0103 devin\u0103 mai intense sau s\u0103 pleca\u021bi \u00een vacan\u021b\u0103 \u00een \u021binuturi mai calde? Produsul autobronzant Coco &amp; Eve Sunny Honey Anti-Aging Tanning&#8230;<\/p>\n","protected":false},"featured_media":441959,"comment_status":"closed","ping_status":"open","template":"","meta":{"_acf_changed":false,"_kadence_starter_templates_imported_post":false,"_kad_post_transparent":"","_kad_post_title":"","_kad_post_layout":"","_kad_post_sidebar_id":"","_kad_post_content_style":"","_kad_post_vertical_padding":"","_kad_post_feature":"","_kad_post_feature_position":"","_kad_post_header":false,"_kad_post_footer":false,"_kad_post_classname":""},"product_brand":[2287],"product_cat":[1564,1563,1565,1562],"product_tag":[],"class_list":{"0":"post-441958","1":"product","2":"type-product","3":"status-publish","4":"has-post-thumbnail","6":"product_brand-coco-eve","7":"product_cat-cosmetice-ingrijire-personala","8":"product_cat-ingrijire-personala","9":"product_cat-ingrijirea-pielii","10":"product_cat-sanatate-si-frumusete","11":"pa_gen-female","12":"pa_marime-30-ml","14":"first","15":"instock","16":"sale","17":"product-type-external","18":"entry","19":"content-bg","20":"loop-entry"},"acf":[],"yoast_head":"<!-- This site is optimized with the Yoast SEO plugin v27.4 - https:\/\/yoast.com\/product\/yoast-seo-wordpress\/ -->\n<title>Coco &amp; Eve Sunny Honey Anti-Aging Tanning Serum ser autobronzant pentru fata 30 ml - SHOPATOA.COM<\/title>\n<meta name=\"robots\" content=\"index, follow, max-snippet:-1, max-image-preview:large, max-video-preview:-1\" \/>\n<link rel=\"canonical\" href=\"https:\/\/shopatoa.com\/ro\/coco-eve-sunny-honey-anti-aging-tanning-serum-ser-autobronzant-pentru-fata-30-ml\/\" \/>\n<meta property=\"og:locale\" content=\"ro_RO\" \/>\n<meta property=\"og:type\" content=\"article\" \/>\n<meta property=\"og:title\" content=\"Coco &amp; Eve Sunny Honey Anti-Aging Tanning Serum ser autobronzant pentru fata 30 ml - SHOPATOA.COM\" \/>\n<meta property=\"og:description\" content=\"Coco &amp; Eve Sunny Honey Anti-Aging Tanning Serum, 30 ml, Produse de auto-bronzare pentru femei, Dori\u021bi s\u0103 radia\u021bi cu un ten frumos bronzat? Dar s\u0103 nu fie nevoie s\u0103 a\u0219tepta\u021bi ca razele soarelui s\u0103 devin\u0103 mai intense sau s\u0103 pleca\u021bi \u00een vacan\u021b\u0103 \u00een \u021binuturi mai calde? Produsul autobronzant Coco &amp; Eve Sunny Honey Anti-Aging Tanning...\" \/>\n<meta property=\"og:url\" content=\"https:\/\/shopatoa.com\/ro\/coco-eve-sunny-honey-anti-aging-tanning-serum-ser-autobronzant-pentru-fata-30-ml\/\" \/>\n<meta property=\"og:site_name\" content=\"SHOPATOA\" \/>\n<meta property=\"article:modified_time\" content=\"2025-12-13T18:45:47+00:00\" \/>\n<meta property=\"og:image\" content=\"https:\/\/storage.googleapis.com\/cz-shopatoa-img\/ro\/41310790-unnamed-file.webp\" \/>\n\t<meta property=\"og:image:width\" content=\"800\" \/>\n\t<meta property=\"og:image:height\" content=\"800\" \/>\n\t<meta property=\"og:image:type\" content=\"image\/webp\" \/>\n<meta name=\"twitter:card\" content=\"summary_large_image\" \/>\n<meta name=\"twitter:label1\" content=\"Timp estimat pentru citire\" \/>\n\t<meta name=\"twitter:data1\" content=\"1 minut\" \/>\n<script type=\"application\/ld+json\" class=\"yoast-schema-graph\">{\"@context\":\"https:\\\/\\\/schema.org\",\"@graph\":[{\"@type\":\"WebPage\",\"@id\":\"https:\\\/\\\/shopatoa.com\\\/ro\\\/coco-eve-sunny-honey-anti-aging-tanning-serum-ser-autobronzant-pentru-fata-30-ml\\\/\",\"url\":\"https:\\\/\\\/shopatoa.com\\\/ro\\\/coco-eve-sunny-honey-anti-aging-tanning-serum-ser-autobronzant-pentru-fata-30-ml\\\/\",\"name\":\"Coco & Eve Sunny Honey Anti-Aging Tanning Serum ser autobronzant pentru fata 30 ml - SHOPATOA.COM\",\"isPartOf\":{\"@id\":\"https:\\\/\\\/shopatoa.com\\\/ro\\\/#website\"},\"primaryImageOfPage\":{\"@id\":\"https:\\\/\\\/shopatoa.com\\\/ro\\\/coco-eve-sunny-honey-anti-aging-tanning-serum-ser-autobronzant-pentru-fata-30-ml\\\/#primaryimage\"},\"image\":{\"@id\":\"https:\\\/\\\/shopatoa.com\\\/ro\\\/coco-eve-sunny-honey-anti-aging-tanning-serum-ser-autobronzant-pentru-fata-30-ml\\\/#primaryimage\"},\"thumbnailUrl\":\"https:\\\/\\\/storage.googleapis.com\\\/cz-shopatoa-img\\\/ro\\\/41310790-unnamed-file.webp\",\"datePublished\":\"2025-06-24T11:43:25+00:00\",\"dateModified\":\"2025-12-13T18:45:47+00:00\",\"breadcrumb\":{\"@id\":\"https:\\\/\\\/shopatoa.com\\\/ro\\\/coco-eve-sunny-honey-anti-aging-tanning-serum-ser-autobronzant-pentru-fata-30-ml\\\/#breadcrumb\"},\"inLanguage\":\"ro-RO\",\"potentialAction\":[{\"@type\":\"ReadAction\",\"target\":[\"https:\\\/\\\/shopatoa.com\\\/ro\\\/coco-eve-sunny-honey-anti-aging-tanning-serum-ser-autobronzant-pentru-fata-30-ml\\\/\"]}]},{\"@type\":\"ImageObject\",\"inLanguage\":\"ro-RO\",\"@id\":\"https:\\\/\\\/shopatoa.com\\\/ro\\\/coco-eve-sunny-honey-anti-aging-tanning-serum-ser-autobronzant-pentru-fata-30-ml\\\/#primaryimage\",\"url\":\"https:\\\/\\\/storage.googleapis.com\\\/cz-shopatoa-img\\\/ro\\\/41310790-unnamed-file.webp\",\"contentUrl\":\"https:\\\/\\\/storage.googleapis.com\\\/cz-shopatoa-img\\\/ro\\\/41310790-unnamed-file.webp\",\"width\":800,\"height\":800},{\"@type\":\"BreadcrumbList\",\"@id\":\"https:\\\/\\\/shopatoa.com\\\/ro\\\/coco-eve-sunny-honey-anti-aging-tanning-serum-ser-autobronzant-pentru-fata-30-ml\\\/#breadcrumb\",\"itemListElement\":[{\"@type\":\"ListItem\",\"position\":1,\"name\":\"Dom\u016f\",\"item\":\"https:\\\/\\\/shopatoa.com\\\/ro\\\/\"},{\"@type\":\"ListItem\",\"position\":2,\"name\":\"Shop\",\"item\":\"https:\\\/\\\/shopatoa.com\\\/ro\\\/shop\\\/\"},{\"@type\":\"ListItem\",\"position\":3,\"name\":\"S\u0103n\u0103tate \u0219i frumuse\u021be\",\"item\":\"https:\\\/\\\/shopatoa.com\\\/ro\\\/sanatate-si-frumusete\\\/\"},{\"@type\":\"ListItem\",\"position\":4,\"name\":\"\u00cengrijire personal\u0103\",\"item\":\"https:\\\/\\\/shopatoa.com\\\/ro\\\/ingrijire-personala\\\/\"},{\"@type\":\"ListItem\",\"position\":5,\"name\":\"Cosmetice\",\"item\":\"https:\\\/\\\/shopatoa.com\\\/ro\\\/cosmetice-ingrijire-personala\\\/\"},{\"@type\":\"ListItem\",\"position\":6,\"name\":\"\u00cengrijirea pielii\",\"item\":\"https:\\\/\\\/shopatoa.com\\\/ro\\\/ingrijirea-pielii\\\/\"},{\"@type\":\"ListItem\",\"position\":7,\"name\":\"Coco &amp; Eve Sunny Honey Anti-Aging Tanning Serum ser autobronzant pentru fata 30 ml\"}]},{\"@type\":\"WebSite\",\"@id\":\"https:\\\/\\\/shopatoa.com\\\/ro\\\/#website\",\"url\":\"https:\\\/\\\/shopatoa.com\\\/ro\\\/\",\"name\":\"SHOPATOA\",\"description\":\"\",\"publisher\":{\"@id\":\"https:\\\/\\\/shopatoa.com\\\/ro\\\/#organization\"},\"potentialAction\":[{\"@type\":\"SearchAction\",\"target\":{\"@type\":\"EntryPoint\",\"urlTemplate\":\"https:\\\/\\\/shopatoa.com\\\/ro\\\/?s={search_term_string}\"},\"query-input\":{\"@type\":\"PropertyValueSpecification\",\"valueRequired\":true,\"valueName\":\"search_term_string\"}}],\"inLanguage\":\"ro-RO\"},{\"@type\":\"Organization\",\"@id\":\"https:\\\/\\\/shopatoa.com\\\/ro\\\/#organization\",\"name\":\"SHOPATOA\",\"url\":\"https:\\\/\\\/shopatoa.com\\\/ro\\\/\",\"logo\":{\"@type\":\"ImageObject\",\"inLanguage\":\"ro-RO\",\"@id\":\"https:\\\/\\\/shopatoa.com\\\/ro\\\/#\\\/schema\\\/logo\\\/image\\\/\",\"url\":\"https:\\\/\\\/storage.googleapis.com\\\/cz-shopatoa-img\\\/ro\\\/b4dac915-shopatoa_logo.png\",\"contentUrl\":\"https:\\\/\\\/storage.googleapis.com\\\/cz-shopatoa-img\\\/ro\\\/b4dac915-shopatoa_logo.png\",\"width\":416,\"height\":63,\"caption\":\"SHOPATOA\"},\"image\":{\"@id\":\"https:\\\/\\\/shopatoa.com\\\/ro\\\/#\\\/schema\\\/logo\\\/image\\\/\"}}]}<\/script>\n<!-- \/ Yoast SEO plugin. -->","yoast_head_json":{"title":"Coco & Eve Sunny Honey Anti-Aging Tanning Serum ser autobronzant pentru fata 30 ml - SHOPATOA.COM","robots":{"index":"index","follow":"follow","max-snippet":"max-snippet:-1","max-image-preview":"max-image-preview:large","max-video-preview":"max-video-preview:-1"},"canonical":"https:\/\/shopatoa.com\/ro\/coco-eve-sunny-honey-anti-aging-tanning-serum-ser-autobronzant-pentru-fata-30-ml\/","og_locale":"ro_RO","og_type":"article","og_title":"Coco & Eve Sunny Honey Anti-Aging Tanning Serum ser autobronzant pentru fata 30 ml - SHOPATOA.COM","og_description":"Coco &amp; Eve Sunny Honey Anti-Aging Tanning Serum, 30 ml, Produse de auto-bronzare pentru femei, Dori\u021bi s\u0103 radia\u021bi cu un ten frumos bronzat? Dar s\u0103 nu fie nevoie s\u0103 a\u0219tepta\u021bi ca razele soarelui s\u0103 devin\u0103 mai intense sau s\u0103 pleca\u021bi \u00een vacan\u021b\u0103 \u00een \u021binuturi mai calde? Produsul autobronzant Coco &amp; Eve Sunny Honey Anti-Aging Tanning...","og_url":"https:\/\/shopatoa.com\/ro\/coco-eve-sunny-honey-anti-aging-tanning-serum-ser-autobronzant-pentru-fata-30-ml\/","og_site_name":"SHOPATOA","article_modified_time":"2025-12-13T18:45:47+00:00","og_image":[{"width":800,"height":800,"url":"https:\/\/storage.googleapis.com\/cz-shopatoa-img\/ro\/41310790-unnamed-file.webp","type":"image\/webp"}],"twitter_card":"summary_large_image","twitter_misc":{"Timp estimat pentru citire":"1 minut"},"schema":{"@context":"https:\/\/schema.org","@graph":[{"@type":"WebPage","@id":"https:\/\/shopatoa.com\/ro\/coco-eve-sunny-honey-anti-aging-tanning-serum-ser-autobronzant-pentru-fata-30-ml\/","url":"https:\/\/shopatoa.com\/ro\/coco-eve-sunny-honey-anti-aging-tanning-serum-ser-autobronzant-pentru-fata-30-ml\/","name":"Coco & Eve Sunny Honey Anti-Aging Tanning Serum ser autobronzant pentru fata 30 ml - SHOPATOA.COM","isPartOf":{"@id":"https:\/\/shopatoa.com\/ro\/#website"},"primaryImageOfPage":{"@id":"https:\/\/shopatoa.com\/ro\/coco-eve-sunny-honey-anti-aging-tanning-serum-ser-autobronzant-pentru-fata-30-ml\/#primaryimage"},"image":{"@id":"https:\/\/shopatoa.com\/ro\/coco-eve-sunny-honey-anti-aging-tanning-serum-ser-autobronzant-pentru-fata-30-ml\/#primaryimage"},"thumbnailUrl":"https:\/\/storage.googleapis.com\/cz-shopatoa-img\/ro\/41310790-unnamed-file.webp","datePublished":"2025-06-24T11:43:25+00:00","dateModified":"2025-12-13T18:45:47+00:00","breadcrumb":{"@id":"https:\/\/shopatoa.com\/ro\/coco-eve-sunny-honey-anti-aging-tanning-serum-ser-autobronzant-pentru-fata-30-ml\/#breadcrumb"},"inLanguage":"ro-RO","potentialAction":[{"@type":"ReadAction","target":["https:\/\/shopatoa.com\/ro\/coco-eve-sunny-honey-anti-aging-tanning-serum-ser-autobronzant-pentru-fata-30-ml\/"]}]},{"@type":"ImageObject","inLanguage":"ro-RO","@id":"https:\/\/shopatoa.com\/ro\/coco-eve-sunny-honey-anti-aging-tanning-serum-ser-autobronzant-pentru-fata-30-ml\/#primaryimage","url":"https:\/\/storage.googleapis.com\/cz-shopatoa-img\/ro\/41310790-unnamed-file.webp","contentUrl":"https:\/\/storage.googleapis.com\/cz-shopatoa-img\/ro\/41310790-unnamed-file.webp","width":800,"height":800},{"@type":"BreadcrumbList","@id":"https:\/\/shopatoa.com\/ro\/coco-eve-sunny-honey-anti-aging-tanning-serum-ser-autobronzant-pentru-fata-30-ml\/#breadcrumb","itemListElement":[{"@type":"ListItem","position":1,"name":"Dom\u016f","item":"https:\/\/shopatoa.com\/ro\/"},{"@type":"ListItem","position":2,"name":"Shop","item":"https:\/\/shopatoa.com\/ro\/shop\/"},{"@type":"ListItem","position":3,"name":"S\u0103n\u0103tate \u0219i frumuse\u021be","item":"https:\/\/shopatoa.com\/ro\/sanatate-si-frumusete\/"},{"@type":"ListItem","position":4,"name":"\u00cengrijire personal\u0103","item":"https:\/\/shopatoa.com\/ro\/ingrijire-personala\/"},{"@type":"ListItem","position":5,"name":"Cosmetice","item":"https:\/\/shopatoa.com\/ro\/cosmetice-ingrijire-personala\/"},{"@type":"ListItem","position":6,"name":"\u00cengrijirea pielii","item":"https:\/\/shopatoa.com\/ro\/ingrijirea-pielii\/"},{"@type":"ListItem","position":7,"name":"Coco &amp; Eve Sunny Honey Anti-Aging Tanning Serum ser autobronzant pentru fata 30 ml"}]},{"@type":"WebSite","@id":"https:\/\/shopatoa.com\/ro\/#website","url":"https:\/\/shopatoa.com\/ro\/","name":"SHOPATOA","description":"","publisher":{"@id":"https:\/\/shopatoa.com\/ro\/#organization"},"potentialAction":[{"@type":"SearchAction","target":{"@type":"EntryPoint","urlTemplate":"https:\/\/shopatoa.com\/ro\/?s={search_term_string}"},"query-input":{"@type":"PropertyValueSpecification","valueRequired":true,"valueName":"search_term_string"}}],"inLanguage":"ro-RO"},{"@type":"Organization","@id":"https:\/\/shopatoa.com\/ro\/#organization","name":"SHOPATOA","url":"https:\/\/shopatoa.com\/ro\/","logo":{"@type":"ImageObject","inLanguage":"ro-RO","@id":"https:\/\/shopatoa.com\/ro\/#\/schema\/logo\/image\/","url":"https:\/\/storage.googleapis.com\/cz-shopatoa-img\/ro\/b4dac915-shopatoa_logo.png","contentUrl":"https:\/\/storage.googleapis.com\/cz-shopatoa-img\/ro\/b4dac915-shopatoa_logo.png","width":416,"height":63,"caption":"SHOPATOA"},"image":{"@id":"https:\/\/shopatoa.com\/ro\/#\/schema\/logo\/image\/"}}]}},"_links":{"self":[{"href":"https:\/\/shopatoa.com\/ro\/wp-json\/wp\/v2\/product\/441958","targetHints":{"allow":["GET"]}}],"collection":[{"href":"https:\/\/shopatoa.com\/ro\/wp-json\/wp\/v2\/product"}],"about":[{"href":"https:\/\/shopatoa.com\/ro\/wp-json\/wp\/v2\/types\/product"}],"replies":[{"embeddable":true,"href":"https:\/\/shopatoa.com\/ro\/wp-json\/wp\/v2\/comments?post=441958"}],"wp:featuredmedia":[{"embeddable":true,"href":"https:\/\/shopatoa.com\/ro\/wp-json\/wp\/v2\/media\/441959"}],"wp:attachment":[{"href":"https:\/\/shopatoa.com\/ro\/wp-json\/wp\/v2\/media?parent=441958"}],"wp:term":[{"taxonomy":"product_brand","embeddable":true,"href":"https:\/\/shopatoa.com\/ro\/wp-json\/wp\/v2\/product_brand?post=441958"},{"taxonomy":"product_cat","embeddable":true,"href":"https:\/\/shopatoa.com\/ro\/wp-json\/wp\/v2\/product_cat?post=441958"},{"taxonomy":"product_tag","embeddable":true,"href":"https:\/\/shopatoa.com\/ro\/wp-json\/wp\/v2\/product_tag?post=441958"}],"curies":[{"name":"wp","href":"https:\/\/api.w.org\/{rel}","templated":true}]}}