{"id":442096,"date":"2025-06-24T13:55:12","date_gmt":"2025-06-24T11:55:12","guid":{"rendered":"https:\/\/shopatoa.com\/ro\/zoe-ayla-makeup-brush-set-7-piece-set-de-pensule-cu-husa\/"},"modified":"2025-12-13T19:43:16","modified_gmt":"2025-12-13T18:43:16","slug":"zoe-ayla-makeup-brush-set-7-piece-set-de-pensule-cu-husa","status":"publish","type":"product","link":"https:\/\/shopatoa.com\/ro\/zoe-ayla-makeup-brush-set-7-piece-set-de-pensule-cu-husa\/","title":{"rendered":"Zo\u00eb Ayla Makeup Brush Set 7 Piece set de pensule cu hus\u0103"},"content":{"rendered":"<p>Zo\u00eb Ayla Makeup Brush Set 7 Piece, 7 buc, Set de pensule pentru machiaj pentru femei, Setul de pensule de fond de ten Zo\u00eb Ayla Makeup Brush Set permite crearea oric\u0103rui stil de fond de ten de zi \u0219i de sear\u0103, ca un artist profesionist.  Setul con\u021bine:  pensula pentru aplicarea pudrei 1 buc pensula pentru machiaj 1 buc pensula cu precizie 1 buc pensula pentru fard de ochi 1 buc pensula pentru sprancene 1 buc perie pentru gene 1 buc pensula pentru buze 1 buc cutie 1 buc<\/p>\n","protected":false},"excerpt":{"rendered":"<p>Zo\u00eb Ayla Makeup Brush Set 7 Piece, 7 buc, Set de pensule pentru machiaj pentru femei, Setul de pensule de fond de ten Zo\u00eb Ayla Makeup Brush Set permite crearea oric\u0103rui stil de fond de ten de zi \u0219i de sear\u0103, ca un artist profesionist. Setul con\u021bine: pensula pentru aplicarea pudrei 1 buc pensula pentru&#8230;<\/p>\n","protected":false},"featured_media":442097,"comment_status":"closed","ping_status":"open","template":"","meta":{"_acf_changed":false,"_kadence_starter_templates_imported_post":false,"_kad_post_transparent":"","_kad_post_title":"","_kad_post_layout":"","_kad_post_sidebar_id":"","_kad_post_content_style":"","_kad_post_vertical_padding":"","_kad_post_feature":"","_kad_post_feature_position":"","_kad_post_header":false,"_kad_post_footer":false,"_kad_post_classname":""},"product_brand":[2850],"product_cat":[1564,1563,1562,1651],"product_tag":[],"class_list":{"0":"post-442096","1":"product","2":"type-product","3":"status-publish","4":"has-post-thumbnail","6":"product_brand-zoe-ayla","7":"product_cat-cosmetice-ingrijire-personala","8":"product_cat-ingrijire-personala","9":"product_cat-sanatate-si-frumusete","10":"product_cat-seturi-cosmetice","11":"pa_gen-female","12":"pa_marime-7-buc","14":"first","15":"instock","16":"sale","17":"product-type-external","18":"entry","19":"content-bg","20":"loop-entry"},"acf":[],"yoast_head":"<!-- This site is optimized with the Yoast SEO plugin v27.4 - https:\/\/yoast.com\/product\/yoast-seo-wordpress\/ -->\n<title>Zo\u00eb Ayla Makeup Brush Set 7 Piece set de pensule cu hus\u0103 - SHOPATOA.COM<\/title>\n<meta name=\"robots\" content=\"index, follow, max-snippet:-1, max-image-preview:large, max-video-preview:-1\" \/>\n<link rel=\"canonical\" href=\"https:\/\/shopatoa.com\/ro\/zoe-ayla-makeup-brush-set-7-piece-set-de-pensule-cu-husa\/\" \/>\n<meta property=\"og:locale\" content=\"ro_RO\" \/>\n<meta property=\"og:type\" content=\"article\" \/>\n<meta property=\"og:title\" content=\"Zo\u00eb Ayla Makeup Brush Set 7 Piece set de pensule cu hus\u0103 - SHOPATOA.COM\" \/>\n<meta property=\"og:description\" content=\"Zo\u00eb Ayla Makeup Brush Set 7 Piece, 7 buc, Set de pensule pentru machiaj pentru femei, Setul de pensule de fond de ten Zo\u00eb Ayla Makeup Brush Set permite crearea oric\u0103rui stil de fond de ten de zi \u0219i de sear\u0103, ca un artist profesionist. Setul con\u021bine: pensula pentru aplicarea pudrei 1 buc pensula pentru...\" \/>\n<meta property=\"og:url\" content=\"https:\/\/shopatoa.com\/ro\/zoe-ayla-makeup-brush-set-7-piece-set-de-pensule-cu-husa\/\" \/>\n<meta property=\"og:site_name\" content=\"SHOPATOA\" \/>\n<meta property=\"article:modified_time\" content=\"2025-12-13T18:43:16+00:00\" \/>\n<meta property=\"og:image\" content=\"https:\/\/storage.googleapis.com\/cz-shopatoa-img\/ro\/85466398-unnamed-file.webp\" \/>\n\t<meta property=\"og:image:width\" content=\"800\" \/>\n\t<meta property=\"og:image:height\" content=\"800\" \/>\n\t<meta property=\"og:image:type\" content=\"image\/webp\" \/>\n<meta name=\"twitter:card\" content=\"summary_large_image\" \/>\n<script type=\"application\/ld+json\" class=\"yoast-schema-graph\">{\"@context\":\"https:\\\/\\\/schema.org\",\"@graph\":[{\"@type\":\"WebPage\",\"@id\":\"https:\\\/\\\/shopatoa.com\\\/ro\\\/zoe-ayla-makeup-brush-set-7-piece-set-de-pensule-cu-husa\\\/\",\"url\":\"https:\\\/\\\/shopatoa.com\\\/ro\\\/zoe-ayla-makeup-brush-set-7-piece-set-de-pensule-cu-husa\\\/\",\"name\":\"Zo\u00eb Ayla Makeup Brush Set 7 Piece set de pensule cu hus\u0103 - SHOPATOA.COM\",\"isPartOf\":{\"@id\":\"https:\\\/\\\/shopatoa.com\\\/ro\\\/#website\"},\"primaryImageOfPage\":{\"@id\":\"https:\\\/\\\/shopatoa.com\\\/ro\\\/zoe-ayla-makeup-brush-set-7-piece-set-de-pensule-cu-husa\\\/#primaryimage\"},\"image\":{\"@id\":\"https:\\\/\\\/shopatoa.com\\\/ro\\\/zoe-ayla-makeup-brush-set-7-piece-set-de-pensule-cu-husa\\\/#primaryimage\"},\"thumbnailUrl\":\"https:\\\/\\\/storage.googleapis.com\\\/cz-shopatoa-img\\\/ro\\\/85466398-unnamed-file.webp\",\"datePublished\":\"2025-06-24T11:55:12+00:00\",\"dateModified\":\"2025-12-13T18:43:16+00:00\",\"breadcrumb\":{\"@id\":\"https:\\\/\\\/shopatoa.com\\\/ro\\\/zoe-ayla-makeup-brush-set-7-piece-set-de-pensule-cu-husa\\\/#breadcrumb\"},\"inLanguage\":\"ro-RO\",\"potentialAction\":[{\"@type\":\"ReadAction\",\"target\":[\"https:\\\/\\\/shopatoa.com\\\/ro\\\/zoe-ayla-makeup-brush-set-7-piece-set-de-pensule-cu-husa\\\/\"]}]},{\"@type\":\"ImageObject\",\"inLanguage\":\"ro-RO\",\"@id\":\"https:\\\/\\\/shopatoa.com\\\/ro\\\/zoe-ayla-makeup-brush-set-7-piece-set-de-pensule-cu-husa\\\/#primaryimage\",\"url\":\"https:\\\/\\\/storage.googleapis.com\\\/cz-shopatoa-img\\\/ro\\\/85466398-unnamed-file.webp\",\"contentUrl\":\"https:\\\/\\\/storage.googleapis.com\\\/cz-shopatoa-img\\\/ro\\\/85466398-unnamed-file.webp\",\"width\":800,\"height\":800},{\"@type\":\"BreadcrumbList\",\"@id\":\"https:\\\/\\\/shopatoa.com\\\/ro\\\/zoe-ayla-makeup-brush-set-7-piece-set-de-pensule-cu-husa\\\/#breadcrumb\",\"itemListElement\":[{\"@type\":\"ListItem\",\"position\":1,\"name\":\"Dom\u016f\",\"item\":\"https:\\\/\\\/shopatoa.com\\\/ro\\\/\"},{\"@type\":\"ListItem\",\"position\":2,\"name\":\"Shop\",\"item\":\"https:\\\/\\\/shopatoa.com\\\/ro\\\/shop\\\/\"},{\"@type\":\"ListItem\",\"position\":3,\"name\":\"S\u0103n\u0103tate \u0219i frumuse\u021be\",\"item\":\"https:\\\/\\\/shopatoa.com\\\/ro\\\/sanatate-si-frumusete\\\/\"},{\"@type\":\"ListItem\",\"position\":4,\"name\":\"\u00cengrijire personal\u0103\",\"item\":\"https:\\\/\\\/shopatoa.com\\\/ro\\\/ingrijire-personala\\\/\"},{\"@type\":\"ListItem\",\"position\":5,\"name\":\"Cosmetice\",\"item\":\"https:\\\/\\\/shopatoa.com\\\/ro\\\/cosmetice-ingrijire-personala\\\/\"},{\"@type\":\"ListItem\",\"position\":6,\"name\":\"Seturi cosmetice\",\"item\":\"https:\\\/\\\/shopatoa.com\\\/ro\\\/seturi-cosmetice\\\/\"},{\"@type\":\"ListItem\",\"position\":7,\"name\":\"Zo\u00eb Ayla Makeup Brush Set 7 Piece set de pensule cu hus\u0103\"}]},{\"@type\":\"WebSite\",\"@id\":\"https:\\\/\\\/shopatoa.com\\\/ro\\\/#website\",\"url\":\"https:\\\/\\\/shopatoa.com\\\/ro\\\/\",\"name\":\"SHOPATOA\",\"description\":\"\",\"publisher\":{\"@id\":\"https:\\\/\\\/shopatoa.com\\\/ro\\\/#organization\"},\"potentialAction\":[{\"@type\":\"SearchAction\",\"target\":{\"@type\":\"EntryPoint\",\"urlTemplate\":\"https:\\\/\\\/shopatoa.com\\\/ro\\\/?s={search_term_string}\"},\"query-input\":{\"@type\":\"PropertyValueSpecification\",\"valueRequired\":true,\"valueName\":\"search_term_string\"}}],\"inLanguage\":\"ro-RO\"},{\"@type\":\"Organization\",\"@id\":\"https:\\\/\\\/shopatoa.com\\\/ro\\\/#organization\",\"name\":\"SHOPATOA\",\"url\":\"https:\\\/\\\/shopatoa.com\\\/ro\\\/\",\"logo\":{\"@type\":\"ImageObject\",\"inLanguage\":\"ro-RO\",\"@id\":\"https:\\\/\\\/shopatoa.com\\\/ro\\\/#\\\/schema\\\/logo\\\/image\\\/\",\"url\":\"https:\\\/\\\/storage.googleapis.com\\\/cz-shopatoa-img\\\/ro\\\/b4dac915-shopatoa_logo.png\",\"contentUrl\":\"https:\\\/\\\/storage.googleapis.com\\\/cz-shopatoa-img\\\/ro\\\/b4dac915-shopatoa_logo.png\",\"width\":416,\"height\":63,\"caption\":\"SHOPATOA\"},\"image\":{\"@id\":\"https:\\\/\\\/shopatoa.com\\\/ro\\\/#\\\/schema\\\/logo\\\/image\\\/\"}}]}<\/script>\n<!-- \/ Yoast SEO plugin. -->","yoast_head_json":{"title":"Zo\u00eb Ayla Makeup Brush Set 7 Piece set de pensule cu hus\u0103 - SHOPATOA.COM","robots":{"index":"index","follow":"follow","max-snippet":"max-snippet:-1","max-image-preview":"max-image-preview:large","max-video-preview":"max-video-preview:-1"},"canonical":"https:\/\/shopatoa.com\/ro\/zoe-ayla-makeup-brush-set-7-piece-set-de-pensule-cu-husa\/","og_locale":"ro_RO","og_type":"article","og_title":"Zo\u00eb Ayla Makeup Brush Set 7 Piece set de pensule cu hus\u0103 - SHOPATOA.COM","og_description":"Zo\u00eb Ayla Makeup Brush Set 7 Piece, 7 buc, Set de pensule pentru machiaj pentru femei, Setul de pensule de fond de ten Zo\u00eb Ayla Makeup Brush Set permite crearea oric\u0103rui stil de fond de ten de zi \u0219i de sear\u0103, ca un artist profesionist. Setul con\u021bine: pensula pentru aplicarea pudrei 1 buc pensula pentru...","og_url":"https:\/\/shopatoa.com\/ro\/zoe-ayla-makeup-brush-set-7-piece-set-de-pensule-cu-husa\/","og_site_name":"SHOPATOA","article_modified_time":"2025-12-13T18:43:16+00:00","og_image":[{"width":800,"height":800,"url":"https:\/\/storage.googleapis.com\/cz-shopatoa-img\/ro\/85466398-unnamed-file.webp","type":"image\/webp"}],"twitter_card":"summary_large_image","schema":{"@context":"https:\/\/schema.org","@graph":[{"@type":"WebPage","@id":"https:\/\/shopatoa.com\/ro\/zoe-ayla-makeup-brush-set-7-piece-set-de-pensule-cu-husa\/","url":"https:\/\/shopatoa.com\/ro\/zoe-ayla-makeup-brush-set-7-piece-set-de-pensule-cu-husa\/","name":"Zo\u00eb Ayla Makeup Brush Set 7 Piece set de pensule cu hus\u0103 - SHOPATOA.COM","isPartOf":{"@id":"https:\/\/shopatoa.com\/ro\/#website"},"primaryImageOfPage":{"@id":"https:\/\/shopatoa.com\/ro\/zoe-ayla-makeup-brush-set-7-piece-set-de-pensule-cu-husa\/#primaryimage"},"image":{"@id":"https:\/\/shopatoa.com\/ro\/zoe-ayla-makeup-brush-set-7-piece-set-de-pensule-cu-husa\/#primaryimage"},"thumbnailUrl":"https:\/\/storage.googleapis.com\/cz-shopatoa-img\/ro\/85466398-unnamed-file.webp","datePublished":"2025-06-24T11:55:12+00:00","dateModified":"2025-12-13T18:43:16+00:00","breadcrumb":{"@id":"https:\/\/shopatoa.com\/ro\/zoe-ayla-makeup-brush-set-7-piece-set-de-pensule-cu-husa\/#breadcrumb"},"inLanguage":"ro-RO","potentialAction":[{"@type":"ReadAction","target":["https:\/\/shopatoa.com\/ro\/zoe-ayla-makeup-brush-set-7-piece-set-de-pensule-cu-husa\/"]}]},{"@type":"ImageObject","inLanguage":"ro-RO","@id":"https:\/\/shopatoa.com\/ro\/zoe-ayla-makeup-brush-set-7-piece-set-de-pensule-cu-husa\/#primaryimage","url":"https:\/\/storage.googleapis.com\/cz-shopatoa-img\/ro\/85466398-unnamed-file.webp","contentUrl":"https:\/\/storage.googleapis.com\/cz-shopatoa-img\/ro\/85466398-unnamed-file.webp","width":800,"height":800},{"@type":"BreadcrumbList","@id":"https:\/\/shopatoa.com\/ro\/zoe-ayla-makeup-brush-set-7-piece-set-de-pensule-cu-husa\/#breadcrumb","itemListElement":[{"@type":"ListItem","position":1,"name":"Dom\u016f","item":"https:\/\/shopatoa.com\/ro\/"},{"@type":"ListItem","position":2,"name":"Shop","item":"https:\/\/shopatoa.com\/ro\/shop\/"},{"@type":"ListItem","position":3,"name":"S\u0103n\u0103tate \u0219i frumuse\u021be","item":"https:\/\/shopatoa.com\/ro\/sanatate-si-frumusete\/"},{"@type":"ListItem","position":4,"name":"\u00cengrijire personal\u0103","item":"https:\/\/shopatoa.com\/ro\/ingrijire-personala\/"},{"@type":"ListItem","position":5,"name":"Cosmetice","item":"https:\/\/shopatoa.com\/ro\/cosmetice-ingrijire-personala\/"},{"@type":"ListItem","position":6,"name":"Seturi cosmetice","item":"https:\/\/shopatoa.com\/ro\/seturi-cosmetice\/"},{"@type":"ListItem","position":7,"name":"Zo\u00eb Ayla Makeup Brush Set 7 Piece set de pensule cu hus\u0103"}]},{"@type":"WebSite","@id":"https:\/\/shopatoa.com\/ro\/#website","url":"https:\/\/shopatoa.com\/ro\/","name":"SHOPATOA","description":"","publisher":{"@id":"https:\/\/shopatoa.com\/ro\/#organization"},"potentialAction":[{"@type":"SearchAction","target":{"@type":"EntryPoint","urlTemplate":"https:\/\/shopatoa.com\/ro\/?s={search_term_string}"},"query-input":{"@type":"PropertyValueSpecification","valueRequired":true,"valueName":"search_term_string"}}],"inLanguage":"ro-RO"},{"@type":"Organization","@id":"https:\/\/shopatoa.com\/ro\/#organization","name":"SHOPATOA","url":"https:\/\/shopatoa.com\/ro\/","logo":{"@type":"ImageObject","inLanguage":"ro-RO","@id":"https:\/\/shopatoa.com\/ro\/#\/schema\/logo\/image\/","url":"https:\/\/storage.googleapis.com\/cz-shopatoa-img\/ro\/b4dac915-shopatoa_logo.png","contentUrl":"https:\/\/storage.googleapis.com\/cz-shopatoa-img\/ro\/b4dac915-shopatoa_logo.png","width":416,"height":63,"caption":"SHOPATOA"},"image":{"@id":"https:\/\/shopatoa.com\/ro\/#\/schema\/logo\/image\/"}}]}},"_links":{"self":[{"href":"https:\/\/shopatoa.com\/ro\/wp-json\/wp\/v2\/product\/442096","targetHints":{"allow":["GET"]}}],"collection":[{"href":"https:\/\/shopatoa.com\/ro\/wp-json\/wp\/v2\/product"}],"about":[{"href":"https:\/\/shopatoa.com\/ro\/wp-json\/wp\/v2\/types\/product"}],"replies":[{"embeddable":true,"href":"https:\/\/shopatoa.com\/ro\/wp-json\/wp\/v2\/comments?post=442096"}],"wp:featuredmedia":[{"embeddable":true,"href":"https:\/\/shopatoa.com\/ro\/wp-json\/wp\/v2\/media\/442097"}],"wp:attachment":[{"href":"https:\/\/shopatoa.com\/ro\/wp-json\/wp\/v2\/media?parent=442096"}],"wp:term":[{"taxonomy":"product_brand","embeddable":true,"href":"https:\/\/shopatoa.com\/ro\/wp-json\/wp\/v2\/product_brand?post=442096"},{"taxonomy":"product_cat","embeddable":true,"href":"https:\/\/shopatoa.com\/ro\/wp-json\/wp\/v2\/product_cat?post=442096"},{"taxonomy":"product_tag","embeddable":true,"href":"https:\/\/shopatoa.com\/ro\/wp-json\/wp\/v2\/product_tag?post=442096"}],"curies":[{"name":"wp","href":"https:\/\/api.w.org\/{rel}","templated":true}]}}