{"id":442262,"date":"2025-06-24T14:21:18","date_gmt":"2025-06-24T12:21:18","guid":{"rendered":"https:\/\/shopatoa.com\/ro\/burts-bees-baby-bee-sampon-si-gel-de-baie-2-in-1-pentru-utilizarea-de-zi-cu-zi-236-5-ml\/"},"modified":"2025-12-13T19:33:35","modified_gmt":"2025-12-13T18:33:35","slug":"burts-bees-baby-bee-sampon-si-gel-de-baie-2-in-1-pentru-utilizarea-de-zi-cu-zi-236-5-ml","status":"publish","type":"product","link":"https:\/\/shopatoa.com\/ro\/burts-bees-baby-bee-sampon-si-gel-de-baie-2-in-1-pentru-utilizarea-de-zi-cu-zi-236-5-ml\/","title":{"rendered":"Burt\u2019s Bees Baby Bee sampon si gel de baie 2 in 1 pentru utilizarea de zi cu zi 236.5 ml"},"content":{"rendered":"<p>Burt\u2019s Bees Baby Bee, 236,5 ml, Geluri de du\u0219 pentru copii pentru copii, At\u00e2t pielea sensibil\u0103, c\u00e2t \u0219i p\u0103rul bebelu\u0219ului vor fi sp\u0103late delicat cu \u0219amponul \u0219i gelul de du\u0219 Burt\u2019s Bees Baby Bee . Este vorba de dou\u0103 produse \u00eentr-unul singur \u2013 va facilita igiena \u0219i \u00eemb\u0103ierea regulat\u0103 a celor mici. Le va cur\u0103\u021ba pielea \u0219i p\u0103rul de toate impurit\u0103\u021bile, f\u0103r\u0103 s\u0103 provoace uscare sau irita\u021bii nedorite. Dimpotriv\u0103, le va hr\u0103ni \u0219i hidrata p\u0103rul \u0219i le va catifela pielea. \u00cemb\u0103ierea nu ar trebui s\u0103 fie o activitate de temut pentru dvs. \u0219i pentru copii, ci o experien\u021b\u0103 pl\u0103cut\u0103, \u00een care p\u0103rul \u0219i pielea copilului dvs. beneficiaz\u0103 de cea mai bun\u0103 \u00eengrijire.  Caracteristici:  elimin\u0103 delicat toat\u0103 murd\u0103ria spal\u0103 \u0219i p\u0103rul las\u0103 pielea fin\u0103 \u0219i supl\u0103 regenereaz\u0103 pielea regenereaz\u0103 pielea copilului \u00een timpul b\u0103ii  Ingrediente:  produsul este hipoalergenic nu con\u021bine silicon f\u0103r\u0103 sulfa\u021bi cear\u0103 de albine \u2013 creeaz\u0103 un strat protector rezistent la ap\u0103, datorit\u0103 c\u0103ruia pielea este catifelat\u0103, calmat\u0103, hr\u0103nit\u0103 \u0219i protejat\u0103 \u00eempotriva influen\u021belor externe, hidrateaz\u0103 \u0219i previne deshidratarea \u0219i deteriorarea, accelereaz\u0103 regenerarea  Cum se utilizeaz\u0103: Se aplic\u0103 pe pielea ud\u0103 \u0219i se maseaz\u0103 u\u0219or. Dup\u0103 sp\u0103lare, se cl\u0103te\u0219te bine.<\/p>\n","protected":false},"excerpt":{"rendered":"<p>Burt\u2019s Bees Baby Bee, 236,5 ml, Geluri de du\u0219 pentru copii pentru copii, At\u00e2t pielea sensibil\u0103, c\u00e2t \u0219i p\u0103rul bebelu\u0219ului vor fi sp\u0103late delicat cu \u0219amponul \u0219i gelul de du\u0219 Burt\u2019s Bees Baby Bee . Este vorba de dou\u0103 produse \u00eentr-unul singur \u2013 va facilita igiena \u0219i \u00eemb\u0103ierea regulat\u0103 a celor mici. Le va cur\u0103\u021ba&#8230;<\/p>\n","protected":false},"featured_media":442263,"comment_status":"closed","ping_status":"open","template":"","meta":{"_acf_changed":false,"_kadence_starter_templates_imported_post":false,"_kad_post_transparent":"","_kad_post_title":"","_kad_post_layout":"","_kad_post_sidebar_id":"","_kad_post_content_style":"","_kad_post_vertical_padding":"","_kad_post_feature":"","_kad_post_feature_position":"","_kad_post_header":false,"_kad_post_footer":false,"_kad_post_classname":""},"product_brand":[2549],"product_cat":[1564,1563,1565,1562],"product_tag":[],"class_list":{"0":"post-442262","1":"product","2":"type-product","3":"status-publish","4":"has-post-thumbnail","6":"product_brand-burts-bees","7":"product_cat-cosmetice-ingrijire-personala","8":"product_cat-ingrijire-personala","9":"product_cat-ingrijirea-pielii","10":"product_cat-sanatate-si-frumusete","11":"pa_gen-unisex","12":"pa_marime-2365-ml","14":"first","15":"instock","16":"sale","17":"product-type-external","18":"entry","19":"content-bg","20":"loop-entry"},"acf":[],"yoast_head":"<!-- This site is optimized with the Yoast SEO plugin v27.4 - https:\/\/yoast.com\/product\/yoast-seo-wordpress\/ -->\n<title>Burt\u2019s Bees Baby Bee sampon si gel de baie 2 in 1 pentru utilizarea de zi cu zi 236.5 ml - SHOPATOA.COM<\/title>\n<meta name=\"robots\" content=\"index, follow, max-snippet:-1, max-image-preview:large, max-video-preview:-1\" \/>\n<link rel=\"canonical\" href=\"https:\/\/shopatoa.com\/ro\/burts-bees-baby-bee-sampon-si-gel-de-baie-2-in-1-pentru-utilizarea-de-zi-cu-zi-236-5-ml\/\" \/>\n<meta property=\"og:locale\" content=\"ro_RO\" \/>\n<meta property=\"og:type\" content=\"article\" \/>\n<meta property=\"og:title\" content=\"Burt\u2019s Bees Baby Bee sampon si gel de baie 2 in 1 pentru utilizarea de zi cu zi 236.5 ml - SHOPATOA.COM\" \/>\n<meta property=\"og:description\" content=\"Burt\u2019s Bees Baby Bee, 236,5 ml, Geluri de du\u0219 pentru copii pentru copii, At\u00e2t pielea sensibil\u0103, c\u00e2t \u0219i p\u0103rul bebelu\u0219ului vor fi sp\u0103late delicat cu \u0219amponul \u0219i gelul de du\u0219 Burt\u2019s Bees Baby Bee . Este vorba de dou\u0103 produse \u00eentr-unul singur \u2013 va facilita igiena \u0219i \u00eemb\u0103ierea regulat\u0103 a celor mici. Le va cur\u0103\u021ba...\" \/>\n<meta property=\"og:url\" content=\"https:\/\/shopatoa.com\/ro\/burts-bees-baby-bee-sampon-si-gel-de-baie-2-in-1-pentru-utilizarea-de-zi-cu-zi-236-5-ml\/\" \/>\n<meta property=\"og:site_name\" content=\"SHOPATOA\" \/>\n<meta property=\"article:modified_time\" content=\"2025-12-13T18:33:35+00:00\" \/>\n<meta property=\"og:image\" content=\"https:\/\/storage.googleapis.com\/cz-shopatoa-img\/ro\/9b3efb5d-unnamed-file.webp\" \/>\n\t<meta property=\"og:image:width\" content=\"800\" \/>\n\t<meta property=\"og:image:height\" content=\"800\" \/>\n\t<meta property=\"og:image:type\" content=\"image\/webp\" \/>\n<meta name=\"twitter:card\" content=\"summary_large_image\" \/>\n<meta name=\"twitter:label1\" content=\"Timp estimat pentru citire\" \/>\n\t<meta name=\"twitter:data1\" content=\"1 minut\" \/>\n<script type=\"application\/ld+json\" class=\"yoast-schema-graph\">{\"@context\":\"https:\\\/\\\/schema.org\",\"@graph\":[{\"@type\":\"WebPage\",\"@id\":\"https:\\\/\\\/shopatoa.com\\\/ro\\\/burts-bees-baby-bee-sampon-si-gel-de-baie-2-in-1-pentru-utilizarea-de-zi-cu-zi-236-5-ml\\\/\",\"url\":\"https:\\\/\\\/shopatoa.com\\\/ro\\\/burts-bees-baby-bee-sampon-si-gel-de-baie-2-in-1-pentru-utilizarea-de-zi-cu-zi-236-5-ml\\\/\",\"name\":\"Burt\u2019s Bees Baby Bee sampon si gel de baie 2 in 1 pentru utilizarea de zi cu zi 236.5 ml - SHOPATOA.COM\",\"isPartOf\":{\"@id\":\"https:\\\/\\\/shopatoa.com\\\/ro\\\/#website\"},\"primaryImageOfPage\":{\"@id\":\"https:\\\/\\\/shopatoa.com\\\/ro\\\/burts-bees-baby-bee-sampon-si-gel-de-baie-2-in-1-pentru-utilizarea-de-zi-cu-zi-236-5-ml\\\/#primaryimage\"},\"image\":{\"@id\":\"https:\\\/\\\/shopatoa.com\\\/ro\\\/burts-bees-baby-bee-sampon-si-gel-de-baie-2-in-1-pentru-utilizarea-de-zi-cu-zi-236-5-ml\\\/#primaryimage\"},\"thumbnailUrl\":\"https:\\\/\\\/storage.googleapis.com\\\/cz-shopatoa-img\\\/ro\\\/9b3efb5d-unnamed-file.webp\",\"datePublished\":\"2025-06-24T12:21:18+00:00\",\"dateModified\":\"2025-12-13T18:33:35+00:00\",\"breadcrumb\":{\"@id\":\"https:\\\/\\\/shopatoa.com\\\/ro\\\/burts-bees-baby-bee-sampon-si-gel-de-baie-2-in-1-pentru-utilizarea-de-zi-cu-zi-236-5-ml\\\/#breadcrumb\"},\"inLanguage\":\"ro-RO\",\"potentialAction\":[{\"@type\":\"ReadAction\",\"target\":[\"https:\\\/\\\/shopatoa.com\\\/ro\\\/burts-bees-baby-bee-sampon-si-gel-de-baie-2-in-1-pentru-utilizarea-de-zi-cu-zi-236-5-ml\\\/\"]}]},{\"@type\":\"ImageObject\",\"inLanguage\":\"ro-RO\",\"@id\":\"https:\\\/\\\/shopatoa.com\\\/ro\\\/burts-bees-baby-bee-sampon-si-gel-de-baie-2-in-1-pentru-utilizarea-de-zi-cu-zi-236-5-ml\\\/#primaryimage\",\"url\":\"https:\\\/\\\/storage.googleapis.com\\\/cz-shopatoa-img\\\/ro\\\/9b3efb5d-unnamed-file.webp\",\"contentUrl\":\"https:\\\/\\\/storage.googleapis.com\\\/cz-shopatoa-img\\\/ro\\\/9b3efb5d-unnamed-file.webp\",\"width\":800,\"height\":800},{\"@type\":\"BreadcrumbList\",\"@id\":\"https:\\\/\\\/shopatoa.com\\\/ro\\\/burts-bees-baby-bee-sampon-si-gel-de-baie-2-in-1-pentru-utilizarea-de-zi-cu-zi-236-5-ml\\\/#breadcrumb\",\"itemListElement\":[{\"@type\":\"ListItem\",\"position\":1,\"name\":\"Dom\u016f\",\"item\":\"https:\\\/\\\/shopatoa.com\\\/ro\\\/\"},{\"@type\":\"ListItem\",\"position\":2,\"name\":\"Shop\",\"item\":\"https:\\\/\\\/shopatoa.com\\\/ro\\\/shop\\\/\"},{\"@type\":\"ListItem\",\"position\":3,\"name\":\"S\u0103n\u0103tate \u0219i frumuse\u021be\",\"item\":\"https:\\\/\\\/shopatoa.com\\\/ro\\\/sanatate-si-frumusete\\\/\"},{\"@type\":\"ListItem\",\"position\":4,\"name\":\"\u00cengrijire personal\u0103\",\"item\":\"https:\\\/\\\/shopatoa.com\\\/ro\\\/ingrijire-personala\\\/\"},{\"@type\":\"ListItem\",\"position\":5,\"name\":\"Cosmetice\",\"item\":\"https:\\\/\\\/shopatoa.com\\\/ro\\\/cosmetice-ingrijire-personala\\\/\"},{\"@type\":\"ListItem\",\"position\":6,\"name\":\"\u00cengrijirea pielii\",\"item\":\"https:\\\/\\\/shopatoa.com\\\/ro\\\/ingrijirea-pielii\\\/\"},{\"@type\":\"ListItem\",\"position\":7,\"name\":\"Burt\u2019s Bees Baby Bee sampon si gel de baie 2 in 1 pentru utilizarea de zi cu zi 236.5 ml\"}]},{\"@type\":\"WebSite\",\"@id\":\"https:\\\/\\\/shopatoa.com\\\/ro\\\/#website\",\"url\":\"https:\\\/\\\/shopatoa.com\\\/ro\\\/\",\"name\":\"SHOPATOA\",\"description\":\"\",\"publisher\":{\"@id\":\"https:\\\/\\\/shopatoa.com\\\/ro\\\/#organization\"},\"potentialAction\":[{\"@type\":\"SearchAction\",\"target\":{\"@type\":\"EntryPoint\",\"urlTemplate\":\"https:\\\/\\\/shopatoa.com\\\/ro\\\/?s={search_term_string}\"},\"query-input\":{\"@type\":\"PropertyValueSpecification\",\"valueRequired\":true,\"valueName\":\"search_term_string\"}}],\"inLanguage\":\"ro-RO\"},{\"@type\":\"Organization\",\"@id\":\"https:\\\/\\\/shopatoa.com\\\/ro\\\/#organization\",\"name\":\"SHOPATOA\",\"url\":\"https:\\\/\\\/shopatoa.com\\\/ro\\\/\",\"logo\":{\"@type\":\"ImageObject\",\"inLanguage\":\"ro-RO\",\"@id\":\"https:\\\/\\\/shopatoa.com\\\/ro\\\/#\\\/schema\\\/logo\\\/image\\\/\",\"url\":\"https:\\\/\\\/storage.googleapis.com\\\/cz-shopatoa-img\\\/ro\\\/b4dac915-shopatoa_logo.png\",\"contentUrl\":\"https:\\\/\\\/storage.googleapis.com\\\/cz-shopatoa-img\\\/ro\\\/b4dac915-shopatoa_logo.png\",\"width\":416,\"height\":63,\"caption\":\"SHOPATOA\"},\"image\":{\"@id\":\"https:\\\/\\\/shopatoa.com\\\/ro\\\/#\\\/schema\\\/logo\\\/image\\\/\"}}]}<\/script>\n<!-- \/ Yoast SEO plugin. -->","yoast_head_json":{"title":"Burt\u2019s Bees Baby Bee sampon si gel de baie 2 in 1 pentru utilizarea de zi cu zi 236.5 ml - SHOPATOA.COM","robots":{"index":"index","follow":"follow","max-snippet":"max-snippet:-1","max-image-preview":"max-image-preview:large","max-video-preview":"max-video-preview:-1"},"canonical":"https:\/\/shopatoa.com\/ro\/burts-bees-baby-bee-sampon-si-gel-de-baie-2-in-1-pentru-utilizarea-de-zi-cu-zi-236-5-ml\/","og_locale":"ro_RO","og_type":"article","og_title":"Burt\u2019s Bees Baby Bee sampon si gel de baie 2 in 1 pentru utilizarea de zi cu zi 236.5 ml - SHOPATOA.COM","og_description":"Burt\u2019s Bees Baby Bee, 236,5 ml, Geluri de du\u0219 pentru copii pentru copii, At\u00e2t pielea sensibil\u0103, c\u00e2t \u0219i p\u0103rul bebelu\u0219ului vor fi sp\u0103late delicat cu \u0219amponul \u0219i gelul de du\u0219 Burt\u2019s Bees Baby Bee . Este vorba de dou\u0103 produse \u00eentr-unul singur \u2013 va facilita igiena \u0219i \u00eemb\u0103ierea regulat\u0103 a celor mici. Le va cur\u0103\u021ba...","og_url":"https:\/\/shopatoa.com\/ro\/burts-bees-baby-bee-sampon-si-gel-de-baie-2-in-1-pentru-utilizarea-de-zi-cu-zi-236-5-ml\/","og_site_name":"SHOPATOA","article_modified_time":"2025-12-13T18:33:35+00:00","og_image":[{"width":800,"height":800,"url":"https:\/\/storage.googleapis.com\/cz-shopatoa-img\/ro\/9b3efb5d-unnamed-file.webp","type":"image\/webp"}],"twitter_card":"summary_large_image","twitter_misc":{"Timp estimat pentru citire":"1 minut"},"schema":{"@context":"https:\/\/schema.org","@graph":[{"@type":"WebPage","@id":"https:\/\/shopatoa.com\/ro\/burts-bees-baby-bee-sampon-si-gel-de-baie-2-in-1-pentru-utilizarea-de-zi-cu-zi-236-5-ml\/","url":"https:\/\/shopatoa.com\/ro\/burts-bees-baby-bee-sampon-si-gel-de-baie-2-in-1-pentru-utilizarea-de-zi-cu-zi-236-5-ml\/","name":"Burt\u2019s Bees Baby Bee sampon si gel de baie 2 in 1 pentru utilizarea de zi cu zi 236.5 ml - SHOPATOA.COM","isPartOf":{"@id":"https:\/\/shopatoa.com\/ro\/#website"},"primaryImageOfPage":{"@id":"https:\/\/shopatoa.com\/ro\/burts-bees-baby-bee-sampon-si-gel-de-baie-2-in-1-pentru-utilizarea-de-zi-cu-zi-236-5-ml\/#primaryimage"},"image":{"@id":"https:\/\/shopatoa.com\/ro\/burts-bees-baby-bee-sampon-si-gel-de-baie-2-in-1-pentru-utilizarea-de-zi-cu-zi-236-5-ml\/#primaryimage"},"thumbnailUrl":"https:\/\/storage.googleapis.com\/cz-shopatoa-img\/ro\/9b3efb5d-unnamed-file.webp","datePublished":"2025-06-24T12:21:18+00:00","dateModified":"2025-12-13T18:33:35+00:00","breadcrumb":{"@id":"https:\/\/shopatoa.com\/ro\/burts-bees-baby-bee-sampon-si-gel-de-baie-2-in-1-pentru-utilizarea-de-zi-cu-zi-236-5-ml\/#breadcrumb"},"inLanguage":"ro-RO","potentialAction":[{"@type":"ReadAction","target":["https:\/\/shopatoa.com\/ro\/burts-bees-baby-bee-sampon-si-gel-de-baie-2-in-1-pentru-utilizarea-de-zi-cu-zi-236-5-ml\/"]}]},{"@type":"ImageObject","inLanguage":"ro-RO","@id":"https:\/\/shopatoa.com\/ro\/burts-bees-baby-bee-sampon-si-gel-de-baie-2-in-1-pentru-utilizarea-de-zi-cu-zi-236-5-ml\/#primaryimage","url":"https:\/\/storage.googleapis.com\/cz-shopatoa-img\/ro\/9b3efb5d-unnamed-file.webp","contentUrl":"https:\/\/storage.googleapis.com\/cz-shopatoa-img\/ro\/9b3efb5d-unnamed-file.webp","width":800,"height":800},{"@type":"BreadcrumbList","@id":"https:\/\/shopatoa.com\/ro\/burts-bees-baby-bee-sampon-si-gel-de-baie-2-in-1-pentru-utilizarea-de-zi-cu-zi-236-5-ml\/#breadcrumb","itemListElement":[{"@type":"ListItem","position":1,"name":"Dom\u016f","item":"https:\/\/shopatoa.com\/ro\/"},{"@type":"ListItem","position":2,"name":"Shop","item":"https:\/\/shopatoa.com\/ro\/shop\/"},{"@type":"ListItem","position":3,"name":"S\u0103n\u0103tate \u0219i frumuse\u021be","item":"https:\/\/shopatoa.com\/ro\/sanatate-si-frumusete\/"},{"@type":"ListItem","position":4,"name":"\u00cengrijire personal\u0103","item":"https:\/\/shopatoa.com\/ro\/ingrijire-personala\/"},{"@type":"ListItem","position":5,"name":"Cosmetice","item":"https:\/\/shopatoa.com\/ro\/cosmetice-ingrijire-personala\/"},{"@type":"ListItem","position":6,"name":"\u00cengrijirea pielii","item":"https:\/\/shopatoa.com\/ro\/ingrijirea-pielii\/"},{"@type":"ListItem","position":7,"name":"Burt\u2019s Bees Baby Bee sampon si gel de baie 2 in 1 pentru utilizarea de zi cu zi 236.5 ml"}]},{"@type":"WebSite","@id":"https:\/\/shopatoa.com\/ro\/#website","url":"https:\/\/shopatoa.com\/ro\/","name":"SHOPATOA","description":"","publisher":{"@id":"https:\/\/shopatoa.com\/ro\/#organization"},"potentialAction":[{"@type":"SearchAction","target":{"@type":"EntryPoint","urlTemplate":"https:\/\/shopatoa.com\/ro\/?s={search_term_string}"},"query-input":{"@type":"PropertyValueSpecification","valueRequired":true,"valueName":"search_term_string"}}],"inLanguage":"ro-RO"},{"@type":"Organization","@id":"https:\/\/shopatoa.com\/ro\/#organization","name":"SHOPATOA","url":"https:\/\/shopatoa.com\/ro\/","logo":{"@type":"ImageObject","inLanguage":"ro-RO","@id":"https:\/\/shopatoa.com\/ro\/#\/schema\/logo\/image\/","url":"https:\/\/storage.googleapis.com\/cz-shopatoa-img\/ro\/b4dac915-shopatoa_logo.png","contentUrl":"https:\/\/storage.googleapis.com\/cz-shopatoa-img\/ro\/b4dac915-shopatoa_logo.png","width":416,"height":63,"caption":"SHOPATOA"},"image":{"@id":"https:\/\/shopatoa.com\/ro\/#\/schema\/logo\/image\/"}}]}},"_links":{"self":[{"href":"https:\/\/shopatoa.com\/ro\/wp-json\/wp\/v2\/product\/442262","targetHints":{"allow":["GET"]}}],"collection":[{"href":"https:\/\/shopatoa.com\/ro\/wp-json\/wp\/v2\/product"}],"about":[{"href":"https:\/\/shopatoa.com\/ro\/wp-json\/wp\/v2\/types\/product"}],"replies":[{"embeddable":true,"href":"https:\/\/shopatoa.com\/ro\/wp-json\/wp\/v2\/comments?post=442262"}],"wp:featuredmedia":[{"embeddable":true,"href":"https:\/\/shopatoa.com\/ro\/wp-json\/wp\/v2\/media\/442263"}],"wp:attachment":[{"href":"https:\/\/shopatoa.com\/ro\/wp-json\/wp\/v2\/media?parent=442262"}],"wp:term":[{"taxonomy":"product_brand","embeddable":true,"href":"https:\/\/shopatoa.com\/ro\/wp-json\/wp\/v2\/product_brand?post=442262"},{"taxonomy":"product_cat","embeddable":true,"href":"https:\/\/shopatoa.com\/ro\/wp-json\/wp\/v2\/product_cat?post=442262"},{"taxonomy":"product_tag","embeddable":true,"href":"https:\/\/shopatoa.com\/ro\/wp-json\/wp\/v2\/product_tag?post=442262"}],"curies":[{"name":"wp","href":"https:\/\/api.w.org\/{rel}","templated":true}]}}