{"id":442390,"date":"2025-06-24T14:31:59","date_gmt":"2025-06-24T12:31:59","guid":{"rendered":"https:\/\/shopatoa.com\/ro\/lirene-base-baza-de-machiaj-iluminatoare-spf-15-30-ml\/"},"modified":"2025-12-13T19:24:22","modified_gmt":"2025-12-13T18:24:22","slug":"lirene-base-baza-de-machiaj-iluminatoare-spf-15-30-ml","status":"publish","type":"product","link":"https:\/\/shopatoa.com\/ro\/lirene-base-baza-de-machiaj-iluminatoare-spf-15-30-ml\/","title":{"rendered":"Lirene Base baz\u0103 de machiaj iluminatoare SPF 15 30 ml"},"content":{"rendered":"<p>Lirene Base, 30 ml, baza pentru machiaj pentru femei, Baza de fond de ten Lirene Base neteze\u0219te perfect tenul, \u00eel preg\u0103te\u0219te pentru aplicarea fondului de ten \u0219i prelunge\u0219te rezisten\u021ba acestuia.  Caracteristici:  Ilumineaz\u0103 m\u0103re\u0219te rezisten\u021ba fondului de ten preg\u0103te\u0219te perfect tenul pentru aplicarea fondului de ten ofer\u0103 protec\u021bie \u00eempotriva razelor solare  Ingrediente:  produs vegan squalane \u2013 fixeaz\u0103 umiditatea \u00een piele prin formarea unui strat protector pe suprafa\u021ba acesteia, hidrateaz\u0103, catifeleaz\u0103 \u0219i neteze\u0219te, ajut\u0103 la reglarea produc\u021biei de sebum, datorit\u0103 efectelor sale antioxidante puternice contribuie \u0219i la uniformizarea nuan\u021bei lavand\u0103 \u2013 combate ro\u0219ea\u021ba, are efecte purificatoare, ajut\u0103 la combaterea acneei \u0219i favorizeaz\u0103 regenerarea  Cum se utilizeaz\u0103: Se aplic\u0103 o cantitate mic\u0103 de produs pe toat\u0103 fa\u021ba sau pe anumite por\u021biuni, dup\u0103 utilizarea cremei de zi. Se maseaz\u0103 delicat. Se las\u0103 s\u0103 se usuce.<\/p>\n","protected":false},"excerpt":{"rendered":"<p>Lirene Base, 30 ml, baza pentru machiaj pentru femei, Baza de fond de ten Lirene Base neteze\u0219te perfect tenul, \u00eel preg\u0103te\u0219te pentru aplicarea fondului de ten \u0219i prelunge\u0219te rezisten\u021ba acestuia. Caracteristici: Ilumineaz\u0103 m\u0103re\u0219te rezisten\u021ba fondului de ten preg\u0103te\u0219te perfect tenul pentru aplicarea fondului de ten ofer\u0103 protec\u021bie \u00eempotriva razelor solare Ingrediente: produs vegan squalane \u2013&#8230;<\/p>\n","protected":false},"featured_media":442391,"comment_status":"closed","ping_status":"open","template":"","meta":{"_acf_changed":false,"_kadence_starter_templates_imported_post":false,"_kad_post_transparent":"","_kad_post_title":"","_kad_post_layout":"","_kad_post_sidebar_id":"","_kad_post_content_style":"","_kad_post_vertical_padding":"","_kad_post_feature":"","_kad_post_feature_position":"","_kad_post_header":false,"_kad_post_footer":false,"_kad_post_classname":""},"product_brand":[1569],"product_cat":[1564,1563,1576,1622,1709,1562],"product_tag":[],"class_list":{"0":"post-442390","1":"product","2":"type-product","3":"status-publish","4":"has-post-thumbnail","6":"product_brand-lirene","7":"product_cat-cosmetice-ingrijire-personala","8":"product_cat-ingrijire-personala","9":"product_cat-machiaj","10":"product_cat-machiaj-de-fata","11":"product_cat-primer-de-fata","12":"product_cat-sanatate-si-frumusete","13":"pa_gen-female","14":"pa_marime-30-ml","16":"first","17":"instock","18":"sale","19":"product-type-external","20":"entry","21":"content-bg","22":"loop-entry"},"acf":[],"yoast_head":"<!-- This site is optimized with the Yoast SEO plugin v27.3 - https:\/\/yoast.com\/product\/yoast-seo-wordpress\/ -->\n<title>Lirene Base baz\u0103 de machiaj iluminatoare SPF 15 30 ml - SHOPATOA.COM<\/title>\n<meta name=\"robots\" content=\"index, follow, max-snippet:-1, max-image-preview:large, max-video-preview:-1\" \/>\n<link rel=\"canonical\" href=\"https:\/\/shopatoa.com\/ro\/lirene-base-baza-de-machiaj-iluminatoare-spf-15-30-ml\/\" \/>\n<meta property=\"og:locale\" content=\"ro_RO\" \/>\n<meta property=\"og:type\" content=\"article\" \/>\n<meta property=\"og:title\" content=\"Lirene Base baz\u0103 de machiaj iluminatoare SPF 15 30 ml - SHOPATOA.COM\" \/>\n<meta property=\"og:description\" content=\"Lirene Base, 30 ml, baza pentru machiaj pentru femei, Baza de fond de ten Lirene Base neteze\u0219te perfect tenul, \u00eel preg\u0103te\u0219te pentru aplicarea fondului de ten \u0219i prelunge\u0219te rezisten\u021ba acestuia. Caracteristici: Ilumineaz\u0103 m\u0103re\u0219te rezisten\u021ba fondului de ten preg\u0103te\u0219te perfect tenul pentru aplicarea fondului de ten ofer\u0103 protec\u021bie \u00eempotriva razelor solare Ingrediente: produs vegan squalane \u2013...\" \/>\n<meta property=\"og:url\" content=\"https:\/\/shopatoa.com\/ro\/lirene-base-baza-de-machiaj-iluminatoare-spf-15-30-ml\/\" \/>\n<meta property=\"og:site_name\" content=\"SHOPATOA\" \/>\n<meta property=\"article:modified_time\" content=\"2025-12-13T18:24:22+00:00\" \/>\n<meta property=\"og:image\" content=\"https:\/\/storage.googleapis.com\/cz-shopatoa-img\/ro\/970ce25d-unnamed-file.webp\" \/>\n\t<meta property=\"og:image:width\" content=\"800\" \/>\n\t<meta property=\"og:image:height\" content=\"800\" \/>\n\t<meta property=\"og:image:type\" content=\"image\/webp\" \/>\n<meta name=\"twitter:card\" content=\"summary_large_image\" \/>\n<meta name=\"twitter:label1\" content=\"Timp estimat pentru citire\" \/>\n\t<meta name=\"twitter:data1\" content=\"1 minut\" \/>\n<script type=\"application\/ld+json\" class=\"yoast-schema-graph\">{\"@context\":\"https:\\\/\\\/schema.org\",\"@graph\":[{\"@type\":\"WebPage\",\"@id\":\"https:\\\/\\\/shopatoa.com\\\/ro\\\/lirene-base-baza-de-machiaj-iluminatoare-spf-15-30-ml\\\/\",\"url\":\"https:\\\/\\\/shopatoa.com\\\/ro\\\/lirene-base-baza-de-machiaj-iluminatoare-spf-15-30-ml\\\/\",\"name\":\"Lirene Base baz\u0103 de machiaj iluminatoare SPF 15 30 ml - SHOPATOA.COM\",\"isPartOf\":{\"@id\":\"https:\\\/\\\/shopatoa.com\\\/ro\\\/#website\"},\"primaryImageOfPage\":{\"@id\":\"https:\\\/\\\/shopatoa.com\\\/ro\\\/lirene-base-baza-de-machiaj-iluminatoare-spf-15-30-ml\\\/#primaryimage\"},\"image\":{\"@id\":\"https:\\\/\\\/shopatoa.com\\\/ro\\\/lirene-base-baza-de-machiaj-iluminatoare-spf-15-30-ml\\\/#primaryimage\"},\"thumbnailUrl\":\"https:\\\/\\\/storage.googleapis.com\\\/cz-shopatoa-img\\\/ro\\\/970ce25d-unnamed-file.webp\",\"datePublished\":\"2025-06-24T12:31:59+00:00\",\"dateModified\":\"2025-12-13T18:24:22+00:00\",\"breadcrumb\":{\"@id\":\"https:\\\/\\\/shopatoa.com\\\/ro\\\/lirene-base-baza-de-machiaj-iluminatoare-spf-15-30-ml\\\/#breadcrumb\"},\"inLanguage\":\"ro-RO\",\"potentialAction\":[{\"@type\":\"ReadAction\",\"target\":[\"https:\\\/\\\/shopatoa.com\\\/ro\\\/lirene-base-baza-de-machiaj-iluminatoare-spf-15-30-ml\\\/\"]}]},{\"@type\":\"ImageObject\",\"inLanguage\":\"ro-RO\",\"@id\":\"https:\\\/\\\/shopatoa.com\\\/ro\\\/lirene-base-baza-de-machiaj-iluminatoare-spf-15-30-ml\\\/#primaryimage\",\"url\":\"https:\\\/\\\/storage.googleapis.com\\\/cz-shopatoa-img\\\/ro\\\/970ce25d-unnamed-file.webp\",\"contentUrl\":\"https:\\\/\\\/storage.googleapis.com\\\/cz-shopatoa-img\\\/ro\\\/970ce25d-unnamed-file.webp\",\"width\":800,\"height\":800},{\"@type\":\"BreadcrumbList\",\"@id\":\"https:\\\/\\\/shopatoa.com\\\/ro\\\/lirene-base-baza-de-machiaj-iluminatoare-spf-15-30-ml\\\/#breadcrumb\",\"itemListElement\":[{\"@type\":\"ListItem\",\"position\":1,\"name\":\"Dom\u016f\",\"item\":\"https:\\\/\\\/shopatoa.com\\\/ro\\\/\"},{\"@type\":\"ListItem\",\"position\":2,\"name\":\"Shop\",\"item\":\"https:\\\/\\\/shopatoa.com\\\/ro\\\/shop\\\/\"},{\"@type\":\"ListItem\",\"position\":3,\"name\":\"S\u0103n\u0103tate \u0219i frumuse\u021be\",\"item\":\"https:\\\/\\\/shopatoa.com\\\/ro\\\/sanatate-si-frumusete\\\/\"},{\"@type\":\"ListItem\",\"position\":4,\"name\":\"\u00cengrijire personal\u0103\",\"item\":\"https:\\\/\\\/shopatoa.com\\\/ro\\\/ingrijire-personala\\\/\"},{\"@type\":\"ListItem\",\"position\":5,\"name\":\"Cosmetice\",\"item\":\"https:\\\/\\\/shopatoa.com\\\/ro\\\/cosmetice-ingrijire-personala\\\/\"},{\"@type\":\"ListItem\",\"position\":6,\"name\":\"Machiaj\",\"item\":\"https:\\\/\\\/shopatoa.com\\\/ro\\\/machiaj\\\/\"},{\"@type\":\"ListItem\",\"position\":7,\"name\":\"Machiaj de fa\u021b\u0103\",\"item\":\"https:\\\/\\\/shopatoa.com\\\/ro\\\/machiaj-de-fata\\\/\"},{\"@type\":\"ListItem\",\"position\":8,\"name\":\"Primer de fa\u021b\u0103\",\"item\":\"https:\\\/\\\/shopatoa.com\\\/ro\\\/primer-de-fata\\\/\"},{\"@type\":\"ListItem\",\"position\":9,\"name\":\"Lirene Base baz\u0103 de machiaj iluminatoare SPF 15 30 ml\"}]},{\"@type\":\"WebSite\",\"@id\":\"https:\\\/\\\/shopatoa.com\\\/ro\\\/#website\",\"url\":\"https:\\\/\\\/shopatoa.com\\\/ro\\\/\",\"name\":\"SHOPATOA\",\"description\":\"\",\"publisher\":{\"@id\":\"https:\\\/\\\/shopatoa.com\\\/ro\\\/#organization\"},\"potentialAction\":[{\"@type\":\"SearchAction\",\"target\":{\"@type\":\"EntryPoint\",\"urlTemplate\":\"https:\\\/\\\/shopatoa.com\\\/ro\\\/?s={search_term_string}\"},\"query-input\":{\"@type\":\"PropertyValueSpecification\",\"valueRequired\":true,\"valueName\":\"search_term_string\"}}],\"inLanguage\":\"ro-RO\"},{\"@type\":\"Organization\",\"@id\":\"https:\\\/\\\/shopatoa.com\\\/ro\\\/#organization\",\"name\":\"SHOPATOA\",\"url\":\"https:\\\/\\\/shopatoa.com\\\/ro\\\/\",\"logo\":{\"@type\":\"ImageObject\",\"inLanguage\":\"ro-RO\",\"@id\":\"https:\\\/\\\/shopatoa.com\\\/ro\\\/#\\\/schema\\\/logo\\\/image\\\/\",\"url\":\"https:\\\/\\\/storage.googleapis.com\\\/cz-shopatoa-img\\\/ro\\\/b4dac915-shopatoa_logo.png\",\"contentUrl\":\"https:\\\/\\\/storage.googleapis.com\\\/cz-shopatoa-img\\\/ro\\\/b4dac915-shopatoa_logo.png\",\"width\":416,\"height\":63,\"caption\":\"SHOPATOA\"},\"image\":{\"@id\":\"https:\\\/\\\/shopatoa.com\\\/ro\\\/#\\\/schema\\\/logo\\\/image\\\/\"}}]}<\/script>\n<!-- \/ Yoast SEO plugin. -->","yoast_head_json":{"title":"Lirene Base baz\u0103 de machiaj iluminatoare SPF 15 30 ml - SHOPATOA.COM","robots":{"index":"index","follow":"follow","max-snippet":"max-snippet:-1","max-image-preview":"max-image-preview:large","max-video-preview":"max-video-preview:-1"},"canonical":"https:\/\/shopatoa.com\/ro\/lirene-base-baza-de-machiaj-iluminatoare-spf-15-30-ml\/","og_locale":"ro_RO","og_type":"article","og_title":"Lirene Base baz\u0103 de machiaj iluminatoare SPF 15 30 ml - SHOPATOA.COM","og_description":"Lirene Base, 30 ml, baza pentru machiaj pentru femei, Baza de fond de ten Lirene Base neteze\u0219te perfect tenul, \u00eel preg\u0103te\u0219te pentru aplicarea fondului de ten \u0219i prelunge\u0219te rezisten\u021ba acestuia. Caracteristici: Ilumineaz\u0103 m\u0103re\u0219te rezisten\u021ba fondului de ten preg\u0103te\u0219te perfect tenul pentru aplicarea fondului de ten ofer\u0103 protec\u021bie \u00eempotriva razelor solare Ingrediente: produs vegan squalane \u2013...","og_url":"https:\/\/shopatoa.com\/ro\/lirene-base-baza-de-machiaj-iluminatoare-spf-15-30-ml\/","og_site_name":"SHOPATOA","article_modified_time":"2025-12-13T18:24:22+00:00","og_image":[{"width":800,"height":800,"url":"https:\/\/storage.googleapis.com\/cz-shopatoa-img\/ro\/970ce25d-unnamed-file.webp","type":"image\/webp"}],"twitter_card":"summary_large_image","twitter_misc":{"Timp estimat pentru citire":"1 minut"},"schema":{"@context":"https:\/\/schema.org","@graph":[{"@type":"WebPage","@id":"https:\/\/shopatoa.com\/ro\/lirene-base-baza-de-machiaj-iluminatoare-spf-15-30-ml\/","url":"https:\/\/shopatoa.com\/ro\/lirene-base-baza-de-machiaj-iluminatoare-spf-15-30-ml\/","name":"Lirene Base baz\u0103 de machiaj iluminatoare SPF 15 30 ml - SHOPATOA.COM","isPartOf":{"@id":"https:\/\/shopatoa.com\/ro\/#website"},"primaryImageOfPage":{"@id":"https:\/\/shopatoa.com\/ro\/lirene-base-baza-de-machiaj-iluminatoare-spf-15-30-ml\/#primaryimage"},"image":{"@id":"https:\/\/shopatoa.com\/ro\/lirene-base-baza-de-machiaj-iluminatoare-spf-15-30-ml\/#primaryimage"},"thumbnailUrl":"https:\/\/storage.googleapis.com\/cz-shopatoa-img\/ro\/970ce25d-unnamed-file.webp","datePublished":"2025-06-24T12:31:59+00:00","dateModified":"2025-12-13T18:24:22+00:00","breadcrumb":{"@id":"https:\/\/shopatoa.com\/ro\/lirene-base-baza-de-machiaj-iluminatoare-spf-15-30-ml\/#breadcrumb"},"inLanguage":"ro-RO","potentialAction":[{"@type":"ReadAction","target":["https:\/\/shopatoa.com\/ro\/lirene-base-baza-de-machiaj-iluminatoare-spf-15-30-ml\/"]}]},{"@type":"ImageObject","inLanguage":"ro-RO","@id":"https:\/\/shopatoa.com\/ro\/lirene-base-baza-de-machiaj-iluminatoare-spf-15-30-ml\/#primaryimage","url":"https:\/\/storage.googleapis.com\/cz-shopatoa-img\/ro\/970ce25d-unnamed-file.webp","contentUrl":"https:\/\/storage.googleapis.com\/cz-shopatoa-img\/ro\/970ce25d-unnamed-file.webp","width":800,"height":800},{"@type":"BreadcrumbList","@id":"https:\/\/shopatoa.com\/ro\/lirene-base-baza-de-machiaj-iluminatoare-spf-15-30-ml\/#breadcrumb","itemListElement":[{"@type":"ListItem","position":1,"name":"Dom\u016f","item":"https:\/\/shopatoa.com\/ro\/"},{"@type":"ListItem","position":2,"name":"Shop","item":"https:\/\/shopatoa.com\/ro\/shop\/"},{"@type":"ListItem","position":3,"name":"S\u0103n\u0103tate \u0219i frumuse\u021be","item":"https:\/\/shopatoa.com\/ro\/sanatate-si-frumusete\/"},{"@type":"ListItem","position":4,"name":"\u00cengrijire personal\u0103","item":"https:\/\/shopatoa.com\/ro\/ingrijire-personala\/"},{"@type":"ListItem","position":5,"name":"Cosmetice","item":"https:\/\/shopatoa.com\/ro\/cosmetice-ingrijire-personala\/"},{"@type":"ListItem","position":6,"name":"Machiaj","item":"https:\/\/shopatoa.com\/ro\/machiaj\/"},{"@type":"ListItem","position":7,"name":"Machiaj de fa\u021b\u0103","item":"https:\/\/shopatoa.com\/ro\/machiaj-de-fata\/"},{"@type":"ListItem","position":8,"name":"Primer de fa\u021b\u0103","item":"https:\/\/shopatoa.com\/ro\/primer-de-fata\/"},{"@type":"ListItem","position":9,"name":"Lirene Base baz\u0103 de machiaj iluminatoare SPF 15 30 ml"}]},{"@type":"WebSite","@id":"https:\/\/shopatoa.com\/ro\/#website","url":"https:\/\/shopatoa.com\/ro\/","name":"SHOPATOA","description":"","publisher":{"@id":"https:\/\/shopatoa.com\/ro\/#organization"},"potentialAction":[{"@type":"SearchAction","target":{"@type":"EntryPoint","urlTemplate":"https:\/\/shopatoa.com\/ro\/?s={search_term_string}"},"query-input":{"@type":"PropertyValueSpecification","valueRequired":true,"valueName":"search_term_string"}}],"inLanguage":"ro-RO"},{"@type":"Organization","@id":"https:\/\/shopatoa.com\/ro\/#organization","name":"SHOPATOA","url":"https:\/\/shopatoa.com\/ro\/","logo":{"@type":"ImageObject","inLanguage":"ro-RO","@id":"https:\/\/shopatoa.com\/ro\/#\/schema\/logo\/image\/","url":"https:\/\/storage.googleapis.com\/cz-shopatoa-img\/ro\/b4dac915-shopatoa_logo.png","contentUrl":"https:\/\/storage.googleapis.com\/cz-shopatoa-img\/ro\/b4dac915-shopatoa_logo.png","width":416,"height":63,"caption":"SHOPATOA"},"image":{"@id":"https:\/\/shopatoa.com\/ro\/#\/schema\/logo\/image\/"}}]}},"_links":{"self":[{"href":"https:\/\/shopatoa.com\/ro\/wp-json\/wp\/v2\/product\/442390","targetHints":{"allow":["GET"]}}],"collection":[{"href":"https:\/\/shopatoa.com\/ro\/wp-json\/wp\/v2\/product"}],"about":[{"href":"https:\/\/shopatoa.com\/ro\/wp-json\/wp\/v2\/types\/product"}],"replies":[{"embeddable":true,"href":"https:\/\/shopatoa.com\/ro\/wp-json\/wp\/v2\/comments?post=442390"}],"wp:featuredmedia":[{"embeddable":true,"href":"https:\/\/shopatoa.com\/ro\/wp-json\/wp\/v2\/media\/442391"}],"wp:attachment":[{"href":"https:\/\/shopatoa.com\/ro\/wp-json\/wp\/v2\/media?parent=442390"}],"wp:term":[{"taxonomy":"product_brand","embeddable":true,"href":"https:\/\/shopatoa.com\/ro\/wp-json\/wp\/v2\/product_brand?post=442390"},{"taxonomy":"product_cat","embeddable":true,"href":"https:\/\/shopatoa.com\/ro\/wp-json\/wp\/v2\/product_cat?post=442390"},{"taxonomy":"product_tag","embeddable":true,"href":"https:\/\/shopatoa.com\/ro\/wp-json\/wp\/v2\/product_tag?post=442390"}],"curies":[{"name":"wp","href":"https:\/\/api.w.org\/{rel}","templated":true}]}}