{"id":442547,"date":"2025-06-24T14:57:48","date_gmt":"2025-06-24T12:57:48","guid":{"rendered":"https:\/\/shopatoa.com\/ro\/ardell-magnetic-lash-applicator-aplicator-pentru-gene-1-buc\/"},"modified":"2025-12-13T19:14:57","modified_gmt":"2025-12-13T18:14:57","slug":"ardell-magnetic-lash-applicator-aplicator-pentru-gene-1-buc","status":"publish","type":"product","link":"https:\/\/shopatoa.com\/ro\/ardell-magnetic-lash-applicator-aplicator-pentru-gene-1-buc\/","title":{"rendered":"Ardell Magnetic Lash Applicator aplicator pentru gene 1 buc"},"content":{"rendered":"<p>Ardell Magnetic Lash Applicator, 1 buc, Gene false pentru femei, Merit\u0103 s\u0103 ave\u021bi grij\u0103 de genele dvs. \u2013 acestea pot accentua perfect aspectul \u0219i v\u0103 pot eviden\u021bia frumuse\u021bea ochilor. Produsul ArdellMagneticLash Applicator v\u0103 va ajuta s\u0103 v\u0103 \u00eengriji\u021bi genele, oferindu-le un aspect perfect \u0219i contribuind la accentuarea privirii dvs. \u0219i a atuurilor \u00eentregii fe\u021be.  Caracteristici:  ajut\u0103 la fixarea simpl\u0103 \u0219i precis\u0103 a genelor false asigur\u0103 o fixare sigur\u0103 \u0219i de durat\u0103 a genelor false aplicare rapid\u0103 \u0219i u\u0219oar\u0103<\/p>\n","protected":false},"excerpt":{"rendered":"<p>Ardell Magnetic Lash Applicator, 1 buc, Gene false pentru femei, Merit\u0103 s\u0103 ave\u021bi grij\u0103 de genele dvs. \u2013 acestea pot accentua perfect aspectul \u0219i v\u0103 pot eviden\u021bia frumuse\u021bea ochilor. Produsul ArdellMagneticLash Applicator v\u0103 va ajuta s\u0103 v\u0103 \u00eengriji\u021bi genele, oferindu-le un aspect perfect \u0219i contribuind la accentuarea privirii dvs. \u0219i a atuurilor \u00eentregii fe\u021be. Caracteristici:&#8230;<\/p>\n","protected":false},"featured_media":442548,"comment_status":"closed","ping_status":"open","template":"","meta":{"_acf_changed":false,"_kadence_starter_templates_imported_post":false,"_kad_post_transparent":"","_kad_post_title":"","_kad_post_layout":"","_kad_post_sidebar_id":"","_kad_post_content_style":"","_kad_post_vertical_padding":"","_kad_post_feature":"","_kad_post_feature_position":"","_kad_post_header":false,"_kad_post_footer":false,"_kad_post_classname":""},"product_brand":[1575],"product_cat":[1564,1578,1563,1576,1577,1562],"product_tag":[],"class_list":{"0":"post-442547","1":"product","2":"type-product","3":"status-publish","4":"has-post-thumbnail","6":"product_brand-ardell","7":"product_cat-cosmetice-ingrijire-personala","8":"product_cat-gene-false-machiaj-ochi","9":"product_cat-ingrijire-personala","10":"product_cat-machiaj","11":"product_cat-machiaj-ochi","12":"product_cat-sanatate-si-frumusete","13":"pa_gen-female","14":"pa_marime-1-buc","16":"first","17":"instock","18":"sale","19":"product-type-external","20":"entry","21":"content-bg","22":"loop-entry"},"acf":[],"yoast_head":"<!-- This site is optimized with the Yoast SEO plugin v27.3 - https:\/\/yoast.com\/product\/yoast-seo-wordpress\/ -->\n<title>Ardell Magnetic Lash Applicator aplicator pentru gene 1 buc - SHOPATOA.COM<\/title>\n<meta name=\"robots\" content=\"index, follow, max-snippet:-1, max-image-preview:large, max-video-preview:-1\" \/>\n<link rel=\"canonical\" href=\"https:\/\/shopatoa.com\/ro\/ardell-magnetic-lash-applicator-aplicator-pentru-gene-1-buc\/\" \/>\n<meta property=\"og:locale\" content=\"ro_RO\" \/>\n<meta property=\"og:type\" content=\"article\" \/>\n<meta property=\"og:title\" content=\"Ardell Magnetic Lash Applicator aplicator pentru gene 1 buc - SHOPATOA.COM\" \/>\n<meta property=\"og:description\" content=\"Ardell Magnetic Lash Applicator, 1 buc, Gene false pentru femei, Merit\u0103 s\u0103 ave\u021bi grij\u0103 de genele dvs. \u2013 acestea pot accentua perfect aspectul \u0219i v\u0103 pot eviden\u021bia frumuse\u021bea ochilor. Produsul ArdellMagneticLash Applicator v\u0103 va ajuta s\u0103 v\u0103 \u00eengriji\u021bi genele, oferindu-le un aspect perfect \u0219i contribuind la accentuarea privirii dvs. \u0219i a atuurilor \u00eentregii fe\u021be. Caracteristici:...\" \/>\n<meta property=\"og:url\" content=\"https:\/\/shopatoa.com\/ro\/ardell-magnetic-lash-applicator-aplicator-pentru-gene-1-buc\/\" \/>\n<meta property=\"og:site_name\" content=\"SHOPATOA\" \/>\n<meta property=\"article:modified_time\" content=\"2025-12-13T18:14:57+00:00\" \/>\n<meta property=\"og:image\" content=\"https:\/\/storage.googleapis.com\/cz-shopatoa-img\/ro\/d7202afb-unnamed-file.webp\" \/>\n\t<meta property=\"og:image:width\" content=\"800\" \/>\n\t<meta property=\"og:image:height\" content=\"800\" \/>\n\t<meta property=\"og:image:type\" content=\"image\/webp\" \/>\n<meta name=\"twitter:card\" content=\"summary_large_image\" \/>\n<script type=\"application\/ld+json\" class=\"yoast-schema-graph\">{\"@context\":\"https:\\\/\\\/schema.org\",\"@graph\":[{\"@type\":\"WebPage\",\"@id\":\"https:\\\/\\\/shopatoa.com\\\/ro\\\/ardell-magnetic-lash-applicator-aplicator-pentru-gene-1-buc\\\/\",\"url\":\"https:\\\/\\\/shopatoa.com\\\/ro\\\/ardell-magnetic-lash-applicator-aplicator-pentru-gene-1-buc\\\/\",\"name\":\"Ardell Magnetic Lash Applicator aplicator pentru gene 1 buc - SHOPATOA.COM\",\"isPartOf\":{\"@id\":\"https:\\\/\\\/shopatoa.com\\\/ro\\\/#website\"},\"primaryImageOfPage\":{\"@id\":\"https:\\\/\\\/shopatoa.com\\\/ro\\\/ardell-magnetic-lash-applicator-aplicator-pentru-gene-1-buc\\\/#primaryimage\"},\"image\":{\"@id\":\"https:\\\/\\\/shopatoa.com\\\/ro\\\/ardell-magnetic-lash-applicator-aplicator-pentru-gene-1-buc\\\/#primaryimage\"},\"thumbnailUrl\":\"https:\\\/\\\/storage.googleapis.com\\\/cz-shopatoa-img\\\/ro\\\/d7202afb-unnamed-file.webp\",\"datePublished\":\"2025-06-24T12:57:48+00:00\",\"dateModified\":\"2025-12-13T18:14:57+00:00\",\"breadcrumb\":{\"@id\":\"https:\\\/\\\/shopatoa.com\\\/ro\\\/ardell-magnetic-lash-applicator-aplicator-pentru-gene-1-buc\\\/#breadcrumb\"},\"inLanguage\":\"ro-RO\",\"potentialAction\":[{\"@type\":\"ReadAction\",\"target\":[\"https:\\\/\\\/shopatoa.com\\\/ro\\\/ardell-magnetic-lash-applicator-aplicator-pentru-gene-1-buc\\\/\"]}]},{\"@type\":\"ImageObject\",\"inLanguage\":\"ro-RO\",\"@id\":\"https:\\\/\\\/shopatoa.com\\\/ro\\\/ardell-magnetic-lash-applicator-aplicator-pentru-gene-1-buc\\\/#primaryimage\",\"url\":\"https:\\\/\\\/storage.googleapis.com\\\/cz-shopatoa-img\\\/ro\\\/d7202afb-unnamed-file.webp\",\"contentUrl\":\"https:\\\/\\\/storage.googleapis.com\\\/cz-shopatoa-img\\\/ro\\\/d7202afb-unnamed-file.webp\",\"width\":800,\"height\":800},{\"@type\":\"BreadcrumbList\",\"@id\":\"https:\\\/\\\/shopatoa.com\\\/ro\\\/ardell-magnetic-lash-applicator-aplicator-pentru-gene-1-buc\\\/#breadcrumb\",\"itemListElement\":[{\"@type\":\"ListItem\",\"position\":1,\"name\":\"Dom\u016f\",\"item\":\"https:\\\/\\\/shopatoa.com\\\/ro\\\/\"},{\"@type\":\"ListItem\",\"position\":2,\"name\":\"Shop\",\"item\":\"https:\\\/\\\/shopatoa.com\\\/ro\\\/shop\\\/\"},{\"@type\":\"ListItem\",\"position\":3,\"name\":\"S\u0103n\u0103tate \u0219i frumuse\u021be\",\"item\":\"https:\\\/\\\/shopatoa.com\\\/ro\\\/sanatate-si-frumusete\\\/\"},{\"@type\":\"ListItem\",\"position\":4,\"name\":\"\u00cengrijire personal\u0103\",\"item\":\"https:\\\/\\\/shopatoa.com\\\/ro\\\/ingrijire-personala\\\/\"},{\"@type\":\"ListItem\",\"position\":5,\"name\":\"Cosmetice\",\"item\":\"https:\\\/\\\/shopatoa.com\\\/ro\\\/cosmetice-ingrijire-personala\\\/\"},{\"@type\":\"ListItem\",\"position\":6,\"name\":\"Machiaj\",\"item\":\"https:\\\/\\\/shopatoa.com\\\/ro\\\/machiaj\\\/\"},{\"@type\":\"ListItem\",\"position\":7,\"name\":\"Machiaj ochi\",\"item\":\"https:\\\/\\\/shopatoa.com\\\/ro\\\/machiaj-ochi\\\/\"},{\"@type\":\"ListItem\",\"position\":8,\"name\":\"Gene false\",\"item\":\"https:\\\/\\\/shopatoa.com\\\/ro\\\/gene-false-machiaj-ochi\\\/\"},{\"@type\":\"ListItem\",\"position\":9,\"name\":\"Ardell Magnetic Lash Applicator aplicator pentru gene 1 buc\"}]},{\"@type\":\"WebSite\",\"@id\":\"https:\\\/\\\/shopatoa.com\\\/ro\\\/#website\",\"url\":\"https:\\\/\\\/shopatoa.com\\\/ro\\\/\",\"name\":\"SHOPATOA\",\"description\":\"\",\"publisher\":{\"@id\":\"https:\\\/\\\/shopatoa.com\\\/ro\\\/#organization\"},\"potentialAction\":[{\"@type\":\"SearchAction\",\"target\":{\"@type\":\"EntryPoint\",\"urlTemplate\":\"https:\\\/\\\/shopatoa.com\\\/ro\\\/?s={search_term_string}\"},\"query-input\":{\"@type\":\"PropertyValueSpecification\",\"valueRequired\":true,\"valueName\":\"search_term_string\"}}],\"inLanguage\":\"ro-RO\"},{\"@type\":\"Organization\",\"@id\":\"https:\\\/\\\/shopatoa.com\\\/ro\\\/#organization\",\"name\":\"SHOPATOA\",\"url\":\"https:\\\/\\\/shopatoa.com\\\/ro\\\/\",\"logo\":{\"@type\":\"ImageObject\",\"inLanguage\":\"ro-RO\",\"@id\":\"https:\\\/\\\/shopatoa.com\\\/ro\\\/#\\\/schema\\\/logo\\\/image\\\/\",\"url\":\"https:\\\/\\\/storage.googleapis.com\\\/cz-shopatoa-img\\\/ro\\\/b4dac915-shopatoa_logo.png\",\"contentUrl\":\"https:\\\/\\\/storage.googleapis.com\\\/cz-shopatoa-img\\\/ro\\\/b4dac915-shopatoa_logo.png\",\"width\":416,\"height\":63,\"caption\":\"SHOPATOA\"},\"image\":{\"@id\":\"https:\\\/\\\/shopatoa.com\\\/ro\\\/#\\\/schema\\\/logo\\\/image\\\/\"}}]}<\/script>\n<!-- \/ Yoast SEO plugin. -->","yoast_head_json":{"title":"Ardell Magnetic Lash Applicator aplicator pentru gene 1 buc - SHOPATOA.COM","robots":{"index":"index","follow":"follow","max-snippet":"max-snippet:-1","max-image-preview":"max-image-preview:large","max-video-preview":"max-video-preview:-1"},"canonical":"https:\/\/shopatoa.com\/ro\/ardell-magnetic-lash-applicator-aplicator-pentru-gene-1-buc\/","og_locale":"ro_RO","og_type":"article","og_title":"Ardell Magnetic Lash Applicator aplicator pentru gene 1 buc - SHOPATOA.COM","og_description":"Ardell Magnetic Lash Applicator, 1 buc, Gene false pentru femei, Merit\u0103 s\u0103 ave\u021bi grij\u0103 de genele dvs. \u2013 acestea pot accentua perfect aspectul \u0219i v\u0103 pot eviden\u021bia frumuse\u021bea ochilor. Produsul ArdellMagneticLash Applicator v\u0103 va ajuta s\u0103 v\u0103 \u00eengriji\u021bi genele, oferindu-le un aspect perfect \u0219i contribuind la accentuarea privirii dvs. \u0219i a atuurilor \u00eentregii fe\u021be. Caracteristici:...","og_url":"https:\/\/shopatoa.com\/ro\/ardell-magnetic-lash-applicator-aplicator-pentru-gene-1-buc\/","og_site_name":"SHOPATOA","article_modified_time":"2025-12-13T18:14:57+00:00","og_image":[{"width":800,"height":800,"url":"https:\/\/storage.googleapis.com\/cz-shopatoa-img\/ro\/d7202afb-unnamed-file.webp","type":"image\/webp"}],"twitter_card":"summary_large_image","schema":{"@context":"https:\/\/schema.org","@graph":[{"@type":"WebPage","@id":"https:\/\/shopatoa.com\/ro\/ardell-magnetic-lash-applicator-aplicator-pentru-gene-1-buc\/","url":"https:\/\/shopatoa.com\/ro\/ardell-magnetic-lash-applicator-aplicator-pentru-gene-1-buc\/","name":"Ardell Magnetic Lash Applicator aplicator pentru gene 1 buc - SHOPATOA.COM","isPartOf":{"@id":"https:\/\/shopatoa.com\/ro\/#website"},"primaryImageOfPage":{"@id":"https:\/\/shopatoa.com\/ro\/ardell-magnetic-lash-applicator-aplicator-pentru-gene-1-buc\/#primaryimage"},"image":{"@id":"https:\/\/shopatoa.com\/ro\/ardell-magnetic-lash-applicator-aplicator-pentru-gene-1-buc\/#primaryimage"},"thumbnailUrl":"https:\/\/storage.googleapis.com\/cz-shopatoa-img\/ro\/d7202afb-unnamed-file.webp","datePublished":"2025-06-24T12:57:48+00:00","dateModified":"2025-12-13T18:14:57+00:00","breadcrumb":{"@id":"https:\/\/shopatoa.com\/ro\/ardell-magnetic-lash-applicator-aplicator-pentru-gene-1-buc\/#breadcrumb"},"inLanguage":"ro-RO","potentialAction":[{"@type":"ReadAction","target":["https:\/\/shopatoa.com\/ro\/ardell-magnetic-lash-applicator-aplicator-pentru-gene-1-buc\/"]}]},{"@type":"ImageObject","inLanguage":"ro-RO","@id":"https:\/\/shopatoa.com\/ro\/ardell-magnetic-lash-applicator-aplicator-pentru-gene-1-buc\/#primaryimage","url":"https:\/\/storage.googleapis.com\/cz-shopatoa-img\/ro\/d7202afb-unnamed-file.webp","contentUrl":"https:\/\/storage.googleapis.com\/cz-shopatoa-img\/ro\/d7202afb-unnamed-file.webp","width":800,"height":800},{"@type":"BreadcrumbList","@id":"https:\/\/shopatoa.com\/ro\/ardell-magnetic-lash-applicator-aplicator-pentru-gene-1-buc\/#breadcrumb","itemListElement":[{"@type":"ListItem","position":1,"name":"Dom\u016f","item":"https:\/\/shopatoa.com\/ro\/"},{"@type":"ListItem","position":2,"name":"Shop","item":"https:\/\/shopatoa.com\/ro\/shop\/"},{"@type":"ListItem","position":3,"name":"S\u0103n\u0103tate \u0219i frumuse\u021be","item":"https:\/\/shopatoa.com\/ro\/sanatate-si-frumusete\/"},{"@type":"ListItem","position":4,"name":"\u00cengrijire personal\u0103","item":"https:\/\/shopatoa.com\/ro\/ingrijire-personala\/"},{"@type":"ListItem","position":5,"name":"Cosmetice","item":"https:\/\/shopatoa.com\/ro\/cosmetice-ingrijire-personala\/"},{"@type":"ListItem","position":6,"name":"Machiaj","item":"https:\/\/shopatoa.com\/ro\/machiaj\/"},{"@type":"ListItem","position":7,"name":"Machiaj ochi","item":"https:\/\/shopatoa.com\/ro\/machiaj-ochi\/"},{"@type":"ListItem","position":8,"name":"Gene false","item":"https:\/\/shopatoa.com\/ro\/gene-false-machiaj-ochi\/"},{"@type":"ListItem","position":9,"name":"Ardell Magnetic Lash Applicator aplicator pentru gene 1 buc"}]},{"@type":"WebSite","@id":"https:\/\/shopatoa.com\/ro\/#website","url":"https:\/\/shopatoa.com\/ro\/","name":"SHOPATOA","description":"","publisher":{"@id":"https:\/\/shopatoa.com\/ro\/#organization"},"potentialAction":[{"@type":"SearchAction","target":{"@type":"EntryPoint","urlTemplate":"https:\/\/shopatoa.com\/ro\/?s={search_term_string}"},"query-input":{"@type":"PropertyValueSpecification","valueRequired":true,"valueName":"search_term_string"}}],"inLanguage":"ro-RO"},{"@type":"Organization","@id":"https:\/\/shopatoa.com\/ro\/#organization","name":"SHOPATOA","url":"https:\/\/shopatoa.com\/ro\/","logo":{"@type":"ImageObject","inLanguage":"ro-RO","@id":"https:\/\/shopatoa.com\/ro\/#\/schema\/logo\/image\/","url":"https:\/\/storage.googleapis.com\/cz-shopatoa-img\/ro\/b4dac915-shopatoa_logo.png","contentUrl":"https:\/\/storage.googleapis.com\/cz-shopatoa-img\/ro\/b4dac915-shopatoa_logo.png","width":416,"height":63,"caption":"SHOPATOA"},"image":{"@id":"https:\/\/shopatoa.com\/ro\/#\/schema\/logo\/image\/"}}]}},"_links":{"self":[{"href":"https:\/\/shopatoa.com\/ro\/wp-json\/wp\/v2\/product\/442547","targetHints":{"allow":["GET"]}}],"collection":[{"href":"https:\/\/shopatoa.com\/ro\/wp-json\/wp\/v2\/product"}],"about":[{"href":"https:\/\/shopatoa.com\/ro\/wp-json\/wp\/v2\/types\/product"}],"replies":[{"embeddable":true,"href":"https:\/\/shopatoa.com\/ro\/wp-json\/wp\/v2\/comments?post=442547"}],"wp:featuredmedia":[{"embeddable":true,"href":"https:\/\/shopatoa.com\/ro\/wp-json\/wp\/v2\/media\/442548"}],"wp:attachment":[{"href":"https:\/\/shopatoa.com\/ro\/wp-json\/wp\/v2\/media?parent=442547"}],"wp:term":[{"taxonomy":"product_brand","embeddable":true,"href":"https:\/\/shopatoa.com\/ro\/wp-json\/wp\/v2\/product_brand?post=442547"},{"taxonomy":"product_cat","embeddable":true,"href":"https:\/\/shopatoa.com\/ro\/wp-json\/wp\/v2\/product_cat?post=442547"},{"taxonomy":"product_tag","embeddable":true,"href":"https:\/\/shopatoa.com\/ro\/wp-json\/wp\/v2\/product_tag?post=442547"}],"curies":[{"name":"wp","href":"https:\/\/api.w.org\/{rel}","templated":true}]}}