{"id":442645,"date":"2025-06-24T15:07:10","date_gmt":"2025-06-24T13:07:10","guid":{"rendered":"https:\/\/shopatoa.com\/ro\/keune-style-refresh-spray-uscat-texturizant-pentru-par-200-ml\/"},"modified":"2025-06-24T15:08:51","modified_gmt":"2025-06-24T13:08:51","slug":"keune-style-refresh-spray-uscat-texturizant-pentru-par-200-ml","status":"publish","type":"product","link":"https:\/\/shopatoa.com\/ro\/keune-style-refresh-spray-uscat-texturizant-pentru-par-200-ml\/","title":{"rendered":"Keune Style Refresh spray uscat texturizant pentru p\u0103r 200 ml"},"content":{"rendered":"<p>Keune Style Refresh, 200 ml, Alte produse de coafat pentru femei, Dori\u021bi s\u0103 conferi\u021bi coafurii dvs. o nou\u0103 dimensiune \u0219i s\u0103 o modela\u021bi a\u0219a cum v\u0103 place? Produsul de styling Keune Style Refresh v\u0103 va ajuta \u00een acest sens. V\u0103 va permite s\u0103 eviden\u021bia\u021bi textura natural\u0103 a p\u0103rului, s\u0103 \u00eei oferi\u021bi defini\u021bia \u0219i forma dorit\u0103 \u0219i s\u0103 crea\u021bi un styling profesional perfect \u00een confortul de acas\u0103. \u00cencerca\u021bi acest produs de styling \u0219i l\u0103sa\u021bi-l s\u0103 v\u0103 accentueze coafura \u0219i s\u0103 o fixeze pentru o perioad\u0103 lung\u0103 de timp.  Caracteristici:  fixare medie nu \u00eencarc\u0103 p\u0103rul d\u0103 form\u0103 nu las\u0103 urme  Cum se utilizeaz\u0103: Se maseaz\u0103 pe p\u0103rul uscat \u0219i apoi se modeleaz\u0103 \u00een forma dorit\u0103.<\/p>\n","protected":false},"excerpt":{"rendered":"<p>Keune Style Refresh, 200 ml, Alte produse de coafat pentru femei, Dori\u021bi s\u0103 conferi\u021bi coafurii dvs. o nou\u0103 dimensiune \u0219i s\u0103 o modela\u021bi a\u0219a cum v\u0103 place? Produsul de styling Keune Style Refresh v\u0103 va ajuta \u00een acest sens. V\u0103 va permite s\u0103 eviden\u021bia\u021bi textura natural\u0103 a p\u0103rului, s\u0103 \u00eei oferi\u021bi defini\u021bia \u0219i forma dorit\u0103&#8230;<\/p>\n","protected":false},"featured_media":442646,"comment_status":"closed","ping_status":"open","template":"","meta":{"_acf_changed":false,"_kadence_starter_templates_imported_post":false,"_kad_post_transparent":"","_kad_post_title":"","_kad_post_layout":"","_kad_post_sidebar_id":"","_kad_post_content_style":"","_kad_post_vertical_padding":"","_kad_post_feature":"","_kad_post_feature_position":"","_kad_post_header":false,"_kad_post_footer":false,"_kad_post_classname":""},"product_brand":[1890],"product_cat":[1563,1590,1562],"product_tag":[],"class_list":{"0":"post-442645","1":"product","2":"type-product","3":"status-publish","4":"has-post-thumbnail","6":"product_brand-keune","7":"product_cat-ingrijire-personala","8":"product_cat-ingrijirea-parului","9":"product_cat-sanatate-si-frumusete","10":"pa_gen-female","11":"pa_marime-200-ml","13":"first","14":"instock","15":"product-type-external","16":"entry","17":"content-bg","18":"loop-entry"},"acf":[],"yoast_head":"<!-- This site is optimized with the Yoast SEO plugin v27.4 - https:\/\/yoast.com\/product\/yoast-seo-wordpress\/ -->\n<title>Keune Style Refresh spray uscat texturizant pentru p\u0103r 200 ml - SHOPATOA.COM<\/title>\n<meta name=\"robots\" content=\"index, follow, max-snippet:-1, max-image-preview:large, max-video-preview:-1\" \/>\n<link rel=\"canonical\" href=\"https:\/\/shopatoa.com\/ro\/keune-style-refresh-spray-uscat-texturizant-pentru-par-200-ml\/\" \/>\n<meta property=\"og:locale\" content=\"ro_RO\" \/>\n<meta property=\"og:type\" content=\"article\" \/>\n<meta property=\"og:title\" content=\"Keune Style Refresh spray uscat texturizant pentru p\u0103r 200 ml - SHOPATOA.COM\" \/>\n<meta property=\"og:description\" content=\"Keune Style Refresh, 200 ml, Alte produse de coafat pentru femei, Dori\u021bi s\u0103 conferi\u021bi coafurii dvs. o nou\u0103 dimensiune \u0219i s\u0103 o modela\u021bi a\u0219a cum v\u0103 place? Produsul de styling Keune Style Refresh v\u0103 va ajuta \u00een acest sens. V\u0103 va permite s\u0103 eviden\u021bia\u021bi textura natural\u0103 a p\u0103rului, s\u0103 \u00eei oferi\u021bi defini\u021bia \u0219i forma dorit\u0103...\" \/>\n<meta property=\"og:url\" content=\"https:\/\/shopatoa.com\/ro\/keune-style-refresh-spray-uscat-texturizant-pentru-par-200-ml\/\" \/>\n<meta property=\"og:site_name\" content=\"SHOPATOA\" \/>\n<meta property=\"article:modified_time\" content=\"2025-06-24T13:08:51+00:00\" \/>\n<meta property=\"og:image\" content=\"https:\/\/storage.googleapis.com\/cz-shopatoa-img\/ro\/e43b55c2-unnamed-file.webp\" \/>\n\t<meta property=\"og:image:width\" content=\"800\" \/>\n\t<meta property=\"og:image:height\" content=\"800\" \/>\n\t<meta property=\"og:image:type\" content=\"image\/webp\" \/>\n<meta name=\"twitter:card\" content=\"summary_large_image\" \/>\n<meta name=\"twitter:label1\" content=\"Timp estimat pentru citire\" \/>\n\t<meta name=\"twitter:data1\" content=\"1 minut\" \/>\n<script type=\"application\/ld+json\" class=\"yoast-schema-graph\">{\"@context\":\"https:\\\/\\\/schema.org\",\"@graph\":[{\"@type\":\"WebPage\",\"@id\":\"https:\\\/\\\/shopatoa.com\\\/ro\\\/keune-style-refresh-spray-uscat-texturizant-pentru-par-200-ml\\\/\",\"url\":\"https:\\\/\\\/shopatoa.com\\\/ro\\\/keune-style-refresh-spray-uscat-texturizant-pentru-par-200-ml\\\/\",\"name\":\"Keune Style Refresh spray uscat texturizant pentru p\u0103r 200 ml - SHOPATOA.COM\",\"isPartOf\":{\"@id\":\"https:\\\/\\\/shopatoa.com\\\/ro\\\/#website\"},\"primaryImageOfPage\":{\"@id\":\"https:\\\/\\\/shopatoa.com\\\/ro\\\/keune-style-refresh-spray-uscat-texturizant-pentru-par-200-ml\\\/#primaryimage\"},\"image\":{\"@id\":\"https:\\\/\\\/shopatoa.com\\\/ro\\\/keune-style-refresh-spray-uscat-texturizant-pentru-par-200-ml\\\/#primaryimage\"},\"thumbnailUrl\":\"https:\\\/\\\/storage.googleapis.com\\\/cz-shopatoa-img\\\/ro\\\/e43b55c2-unnamed-file.webp\",\"datePublished\":\"2025-06-24T13:07:10+00:00\",\"dateModified\":\"2025-06-24T13:08:51+00:00\",\"breadcrumb\":{\"@id\":\"https:\\\/\\\/shopatoa.com\\\/ro\\\/keune-style-refresh-spray-uscat-texturizant-pentru-par-200-ml\\\/#breadcrumb\"},\"inLanguage\":\"ro-RO\",\"potentialAction\":[{\"@type\":\"ReadAction\",\"target\":[\"https:\\\/\\\/shopatoa.com\\\/ro\\\/keune-style-refresh-spray-uscat-texturizant-pentru-par-200-ml\\\/\"]}]},{\"@type\":\"ImageObject\",\"inLanguage\":\"ro-RO\",\"@id\":\"https:\\\/\\\/shopatoa.com\\\/ro\\\/keune-style-refresh-spray-uscat-texturizant-pentru-par-200-ml\\\/#primaryimage\",\"url\":\"https:\\\/\\\/storage.googleapis.com\\\/cz-shopatoa-img\\\/ro\\\/e43b55c2-unnamed-file.webp\",\"contentUrl\":\"https:\\\/\\\/storage.googleapis.com\\\/cz-shopatoa-img\\\/ro\\\/e43b55c2-unnamed-file.webp\",\"width\":800,\"height\":800},{\"@type\":\"BreadcrumbList\",\"@id\":\"https:\\\/\\\/shopatoa.com\\\/ro\\\/keune-style-refresh-spray-uscat-texturizant-pentru-par-200-ml\\\/#breadcrumb\",\"itemListElement\":[{\"@type\":\"ListItem\",\"position\":1,\"name\":\"Dom\u016f\",\"item\":\"https:\\\/\\\/shopatoa.com\\\/ro\\\/\"},{\"@type\":\"ListItem\",\"position\":2,\"name\":\"Shop\",\"item\":\"https:\\\/\\\/shopatoa.com\\\/ro\\\/shop\\\/\"},{\"@type\":\"ListItem\",\"position\":3,\"name\":\"Keune Style Refresh spray uscat texturizant pentru p\u0103r 200 ml\"}]},{\"@type\":\"WebSite\",\"@id\":\"https:\\\/\\\/shopatoa.com\\\/ro\\\/#website\",\"url\":\"https:\\\/\\\/shopatoa.com\\\/ro\\\/\",\"name\":\"SHOPATOA\",\"description\":\"\",\"publisher\":{\"@id\":\"https:\\\/\\\/shopatoa.com\\\/ro\\\/#organization\"},\"potentialAction\":[{\"@type\":\"SearchAction\",\"target\":{\"@type\":\"EntryPoint\",\"urlTemplate\":\"https:\\\/\\\/shopatoa.com\\\/ro\\\/?s={search_term_string}\"},\"query-input\":{\"@type\":\"PropertyValueSpecification\",\"valueRequired\":true,\"valueName\":\"search_term_string\"}}],\"inLanguage\":\"ro-RO\"},{\"@type\":\"Organization\",\"@id\":\"https:\\\/\\\/shopatoa.com\\\/ro\\\/#organization\",\"name\":\"SHOPATOA\",\"url\":\"https:\\\/\\\/shopatoa.com\\\/ro\\\/\",\"logo\":{\"@type\":\"ImageObject\",\"inLanguage\":\"ro-RO\",\"@id\":\"https:\\\/\\\/shopatoa.com\\\/ro\\\/#\\\/schema\\\/logo\\\/image\\\/\",\"url\":\"https:\\\/\\\/storage.googleapis.com\\\/cz-shopatoa-img\\\/ro\\\/b4dac915-shopatoa_logo.png\",\"contentUrl\":\"https:\\\/\\\/storage.googleapis.com\\\/cz-shopatoa-img\\\/ro\\\/b4dac915-shopatoa_logo.png\",\"width\":416,\"height\":63,\"caption\":\"SHOPATOA\"},\"image\":{\"@id\":\"https:\\\/\\\/shopatoa.com\\\/ro\\\/#\\\/schema\\\/logo\\\/image\\\/\"}}]}<\/script>\n<!-- \/ Yoast SEO plugin. -->","yoast_head_json":{"title":"Keune Style Refresh spray uscat texturizant pentru p\u0103r 200 ml - SHOPATOA.COM","robots":{"index":"index","follow":"follow","max-snippet":"max-snippet:-1","max-image-preview":"max-image-preview:large","max-video-preview":"max-video-preview:-1"},"canonical":"https:\/\/shopatoa.com\/ro\/keune-style-refresh-spray-uscat-texturizant-pentru-par-200-ml\/","og_locale":"ro_RO","og_type":"article","og_title":"Keune Style Refresh spray uscat texturizant pentru p\u0103r 200 ml - SHOPATOA.COM","og_description":"Keune Style Refresh, 200 ml, Alte produse de coafat pentru femei, Dori\u021bi s\u0103 conferi\u021bi coafurii dvs. o nou\u0103 dimensiune \u0219i s\u0103 o modela\u021bi a\u0219a cum v\u0103 place? Produsul de styling Keune Style Refresh v\u0103 va ajuta \u00een acest sens. V\u0103 va permite s\u0103 eviden\u021bia\u021bi textura natural\u0103 a p\u0103rului, s\u0103 \u00eei oferi\u021bi defini\u021bia \u0219i forma dorit\u0103...","og_url":"https:\/\/shopatoa.com\/ro\/keune-style-refresh-spray-uscat-texturizant-pentru-par-200-ml\/","og_site_name":"SHOPATOA","article_modified_time":"2025-06-24T13:08:51+00:00","og_image":[{"width":800,"height":800,"url":"https:\/\/storage.googleapis.com\/cz-shopatoa-img\/ro\/e43b55c2-unnamed-file.webp","type":"image\/webp"}],"twitter_card":"summary_large_image","twitter_misc":{"Timp estimat pentru citire":"1 minut"},"schema":{"@context":"https:\/\/schema.org","@graph":[{"@type":"WebPage","@id":"https:\/\/shopatoa.com\/ro\/keune-style-refresh-spray-uscat-texturizant-pentru-par-200-ml\/","url":"https:\/\/shopatoa.com\/ro\/keune-style-refresh-spray-uscat-texturizant-pentru-par-200-ml\/","name":"Keune Style Refresh spray uscat texturizant pentru p\u0103r 200 ml - SHOPATOA.COM","isPartOf":{"@id":"https:\/\/shopatoa.com\/ro\/#website"},"primaryImageOfPage":{"@id":"https:\/\/shopatoa.com\/ro\/keune-style-refresh-spray-uscat-texturizant-pentru-par-200-ml\/#primaryimage"},"image":{"@id":"https:\/\/shopatoa.com\/ro\/keune-style-refresh-spray-uscat-texturizant-pentru-par-200-ml\/#primaryimage"},"thumbnailUrl":"https:\/\/storage.googleapis.com\/cz-shopatoa-img\/ro\/e43b55c2-unnamed-file.webp","datePublished":"2025-06-24T13:07:10+00:00","dateModified":"2025-06-24T13:08:51+00:00","breadcrumb":{"@id":"https:\/\/shopatoa.com\/ro\/keune-style-refresh-spray-uscat-texturizant-pentru-par-200-ml\/#breadcrumb"},"inLanguage":"ro-RO","potentialAction":[{"@type":"ReadAction","target":["https:\/\/shopatoa.com\/ro\/keune-style-refresh-spray-uscat-texturizant-pentru-par-200-ml\/"]}]},{"@type":"ImageObject","inLanguage":"ro-RO","@id":"https:\/\/shopatoa.com\/ro\/keune-style-refresh-spray-uscat-texturizant-pentru-par-200-ml\/#primaryimage","url":"https:\/\/storage.googleapis.com\/cz-shopatoa-img\/ro\/e43b55c2-unnamed-file.webp","contentUrl":"https:\/\/storage.googleapis.com\/cz-shopatoa-img\/ro\/e43b55c2-unnamed-file.webp","width":800,"height":800},{"@type":"BreadcrumbList","@id":"https:\/\/shopatoa.com\/ro\/keune-style-refresh-spray-uscat-texturizant-pentru-par-200-ml\/#breadcrumb","itemListElement":[{"@type":"ListItem","position":1,"name":"Dom\u016f","item":"https:\/\/shopatoa.com\/ro\/"},{"@type":"ListItem","position":2,"name":"Shop","item":"https:\/\/shopatoa.com\/ro\/shop\/"},{"@type":"ListItem","position":3,"name":"Keune Style Refresh spray uscat texturizant pentru p\u0103r 200 ml"}]},{"@type":"WebSite","@id":"https:\/\/shopatoa.com\/ro\/#website","url":"https:\/\/shopatoa.com\/ro\/","name":"SHOPATOA","description":"","publisher":{"@id":"https:\/\/shopatoa.com\/ro\/#organization"},"potentialAction":[{"@type":"SearchAction","target":{"@type":"EntryPoint","urlTemplate":"https:\/\/shopatoa.com\/ro\/?s={search_term_string}"},"query-input":{"@type":"PropertyValueSpecification","valueRequired":true,"valueName":"search_term_string"}}],"inLanguage":"ro-RO"},{"@type":"Organization","@id":"https:\/\/shopatoa.com\/ro\/#organization","name":"SHOPATOA","url":"https:\/\/shopatoa.com\/ro\/","logo":{"@type":"ImageObject","inLanguage":"ro-RO","@id":"https:\/\/shopatoa.com\/ro\/#\/schema\/logo\/image\/","url":"https:\/\/storage.googleapis.com\/cz-shopatoa-img\/ro\/b4dac915-shopatoa_logo.png","contentUrl":"https:\/\/storage.googleapis.com\/cz-shopatoa-img\/ro\/b4dac915-shopatoa_logo.png","width":416,"height":63,"caption":"SHOPATOA"},"image":{"@id":"https:\/\/shopatoa.com\/ro\/#\/schema\/logo\/image\/"}}]}},"_links":{"self":[{"href":"https:\/\/shopatoa.com\/ro\/wp-json\/wp\/v2\/product\/442645","targetHints":{"allow":["GET"]}}],"collection":[{"href":"https:\/\/shopatoa.com\/ro\/wp-json\/wp\/v2\/product"}],"about":[{"href":"https:\/\/shopatoa.com\/ro\/wp-json\/wp\/v2\/types\/product"}],"replies":[{"embeddable":true,"href":"https:\/\/shopatoa.com\/ro\/wp-json\/wp\/v2\/comments?post=442645"}],"wp:featuredmedia":[{"embeddable":true,"href":"https:\/\/shopatoa.com\/ro\/wp-json\/wp\/v2\/media\/442646"}],"wp:attachment":[{"href":"https:\/\/shopatoa.com\/ro\/wp-json\/wp\/v2\/media?parent=442645"}],"wp:term":[{"taxonomy":"product_brand","embeddable":true,"href":"https:\/\/shopatoa.com\/ro\/wp-json\/wp\/v2\/product_brand?post=442645"},{"taxonomy":"product_cat","embeddable":true,"href":"https:\/\/shopatoa.com\/ro\/wp-json\/wp\/v2\/product_cat?post=442645"},{"taxonomy":"product_tag","embeddable":true,"href":"https:\/\/shopatoa.com\/ro\/wp-json\/wp\/v2\/product_tag?post=442645"}],"curies":[{"name":"wp","href":"https:\/\/api.w.org\/{rel}","templated":true}]}}