{"id":442647,"date":"2025-06-24T15:07:10","date_gmt":"2025-06-24T13:07:10","guid":{"rendered":"https:\/\/shopatoa.com\/ro\/labor-pro-plum-brush-thick-perie-de-par-cu-peri-de-nailon-si-de-mistret-pentru-parul-puternic-1-buc\/"},"modified":"2025-06-24T15:09:10","modified_gmt":"2025-06-24T13:09:10","slug":"labor-pro-plum-brush-thick-perie-de-par-cu-peri-de-nailon-si-de-mistret-pentru-parul-puternic-1-buc","status":"publish","type":"product","link":"https:\/\/shopatoa.com\/ro\/labor-pro-plum-brush-thick-perie-de-par-cu-peri-de-nailon-si-de-mistret-pentru-parul-puternic-1-buc\/","title":{"rendered":"Labor Pro Plum Brush Thick perie de par cu peri de nailon \u0219i de mistre\u021b pentru p\u0103rul puternic 1 buc"},"content":{"rendered":"<p>Labor Pro Plum Brush Thick, 1 buc, Perii plate pentru femei, Nu doar \u0219amponul, balsamul \u0219i alte produse cosmetice pentru p\u0103r sunt esen\u021biale pentru frumuse\u021bea p\u0103rului dvs. O rutin\u0103 corect\u0103 de \u00eengrijire \u00eencepe cu o piept\u0103nare regulat\u0103, complet\u0103, dar suficient de delicat\u0103. Tocmai de aceea, peria de p\u0103r Labor Pro Plum Brush Thick nu ar trebui s\u0103 lipseasc\u0103 din echipamentul dvs. Fiind un ajutor indispensabil pentru coafarea de zi cu zi \u0219i pentru un styling mai complex, va completa perfect produsele dvs. de \u00eengrijire a p\u0103rului \u0219i v\u0103 va ajuta s\u0103 ob\u021bine\u021bi un p\u0103r chiar mai catifelat, mai neted \u0219i mai s\u0103n\u0103tos, pe care este o bucurie s\u0103-l atinge\u021bi.  Caracteristici:  neagresiv fa\u021b\u0103 de p\u0103r sau piele neteze\u0219te \u0219i \u00eendreapt\u0103 p\u0103rul  Ingrediente:  peri de origine natural\u0103 peri din nailon  Cum se utilizeaz\u0103: P\u0103rul se va peria \u00eencet \u0219i delicat, pentru a evita deteriorarea mecanic\u0103 a firelor de p\u0103r.<\/p>\n","protected":false},"excerpt":{"rendered":"<p>Labor Pro Plum Brush Thick, 1 buc, Perii plate pentru femei, Nu doar \u0219amponul, balsamul \u0219i alte produse cosmetice pentru p\u0103r sunt esen\u021biale pentru frumuse\u021bea p\u0103rului dvs. O rutin\u0103 corect\u0103 de \u00eengrijire \u00eencepe cu o piept\u0103nare regulat\u0103, complet\u0103, dar suficient de delicat\u0103. Tocmai de aceea, peria de p\u0103r Labor Pro Plum Brush Thick nu ar&#8230;<\/p>\n","protected":false},"featured_media":442648,"comment_status":"closed","ping_status":"open","template":"","meta":{"_acf_changed":false,"_kadence_starter_templates_imported_post":false,"_kad_post_transparent":"","_kad_post_title":"","_kad_post_layout":"","_kad_post_sidebar_id":"","_kad_post_content_style":"","_kad_post_vertical_padding":"","_kad_post_feature":"","_kad_post_feature_position":"","_kad_post_header":false,"_kad_post_footer":false,"_kad_post_classname":""},"product_brand":[2519],"product_cat":[1563,1590,1652,1653,1562],"product_tag":[],"class_list":{"0":"post-442647","1":"product","2":"type-product","3":"status-publish","4":"has-post-thumbnail","6":"product_brand-labor-pro","7":"product_cat-ingrijire-personala","8":"product_cat-ingrijirea-parului","9":"product_cat-instrumente-de-coafat","10":"product_cat-piepteni-si-perii","11":"product_cat-sanatate-si-frumusete","12":"pa_gen-female","13":"pa_marime-1-buc","15":"first","16":"instock","17":"sale","18":"product-type-external","19":"entry","20":"content-bg","21":"loop-entry"},"acf":[],"yoast_head":"<!-- This site is optimized with the Yoast SEO plugin v27.4 - https:\/\/yoast.com\/product\/yoast-seo-wordpress\/ -->\n<title>Labor Pro Plum Brush Thick perie de par cu peri de nailon \u0219i de mistre\u021b pentru p\u0103rul puternic 1 buc - SHOPATOA.COM<\/title>\n<meta name=\"robots\" content=\"index, follow, max-snippet:-1, max-image-preview:large, max-video-preview:-1\" \/>\n<link rel=\"canonical\" href=\"https:\/\/shopatoa.com\/ro\/labor-pro-plum-brush-thick-perie-de-par-cu-peri-de-nailon-si-de-mistret-pentru-parul-puternic-1-buc\/\" \/>\n<meta property=\"og:locale\" content=\"ro_RO\" \/>\n<meta property=\"og:type\" content=\"article\" \/>\n<meta property=\"og:title\" content=\"Labor Pro Plum Brush Thick perie de par cu peri de nailon \u0219i de mistre\u021b pentru p\u0103rul puternic 1 buc - SHOPATOA.COM\" \/>\n<meta property=\"og:description\" content=\"Labor Pro Plum Brush Thick, 1 buc, Perii plate pentru femei, Nu doar \u0219amponul, balsamul \u0219i alte produse cosmetice pentru p\u0103r sunt esen\u021biale pentru frumuse\u021bea p\u0103rului dvs. O rutin\u0103 corect\u0103 de \u00eengrijire \u00eencepe cu o piept\u0103nare regulat\u0103, complet\u0103, dar suficient de delicat\u0103. Tocmai de aceea, peria de p\u0103r Labor Pro Plum Brush Thick nu ar...\" \/>\n<meta property=\"og:url\" content=\"https:\/\/shopatoa.com\/ro\/labor-pro-plum-brush-thick-perie-de-par-cu-peri-de-nailon-si-de-mistret-pentru-parul-puternic-1-buc\/\" \/>\n<meta property=\"og:site_name\" content=\"SHOPATOA\" \/>\n<meta property=\"article:modified_time\" content=\"2025-06-24T13:09:10+00:00\" \/>\n<meta property=\"og:image\" content=\"https:\/\/storage.googleapis.com\/cz-shopatoa-img\/ro\/8ff22a6d-unnamed-file.webp\" \/>\n\t<meta property=\"og:image:width\" content=\"800\" \/>\n\t<meta property=\"og:image:height\" content=\"800\" \/>\n\t<meta property=\"og:image:type\" content=\"image\/webp\" \/>\n<meta name=\"twitter:card\" content=\"summary_large_image\" \/>\n<meta name=\"twitter:label1\" content=\"Timp estimat pentru citire\" \/>\n\t<meta name=\"twitter:data1\" content=\"1 minut\" \/>\n<script type=\"application\/ld+json\" class=\"yoast-schema-graph\">{\"@context\":\"https:\\\/\\\/schema.org\",\"@graph\":[{\"@type\":\"WebPage\",\"@id\":\"https:\\\/\\\/shopatoa.com\\\/ro\\\/labor-pro-plum-brush-thick-perie-de-par-cu-peri-de-nailon-si-de-mistret-pentru-parul-puternic-1-buc\\\/\",\"url\":\"https:\\\/\\\/shopatoa.com\\\/ro\\\/labor-pro-plum-brush-thick-perie-de-par-cu-peri-de-nailon-si-de-mistret-pentru-parul-puternic-1-buc\\\/\",\"name\":\"Labor Pro Plum Brush Thick perie de par cu peri de nailon \u0219i de mistre\u021b pentru p\u0103rul puternic 1 buc - SHOPATOA.COM\",\"isPartOf\":{\"@id\":\"https:\\\/\\\/shopatoa.com\\\/ro\\\/#website\"},\"primaryImageOfPage\":{\"@id\":\"https:\\\/\\\/shopatoa.com\\\/ro\\\/labor-pro-plum-brush-thick-perie-de-par-cu-peri-de-nailon-si-de-mistret-pentru-parul-puternic-1-buc\\\/#primaryimage\"},\"image\":{\"@id\":\"https:\\\/\\\/shopatoa.com\\\/ro\\\/labor-pro-plum-brush-thick-perie-de-par-cu-peri-de-nailon-si-de-mistret-pentru-parul-puternic-1-buc\\\/#primaryimage\"},\"thumbnailUrl\":\"https:\\\/\\\/storage.googleapis.com\\\/cz-shopatoa-img\\\/ro\\\/8ff22a6d-unnamed-file.webp\",\"datePublished\":\"2025-06-24T13:07:10+00:00\",\"dateModified\":\"2025-06-24T13:09:10+00:00\",\"breadcrumb\":{\"@id\":\"https:\\\/\\\/shopatoa.com\\\/ro\\\/labor-pro-plum-brush-thick-perie-de-par-cu-peri-de-nailon-si-de-mistret-pentru-parul-puternic-1-buc\\\/#breadcrumb\"},\"inLanguage\":\"ro-RO\",\"potentialAction\":[{\"@type\":\"ReadAction\",\"target\":[\"https:\\\/\\\/shopatoa.com\\\/ro\\\/labor-pro-plum-brush-thick-perie-de-par-cu-peri-de-nailon-si-de-mistret-pentru-parul-puternic-1-buc\\\/\"]}]},{\"@type\":\"ImageObject\",\"inLanguage\":\"ro-RO\",\"@id\":\"https:\\\/\\\/shopatoa.com\\\/ro\\\/labor-pro-plum-brush-thick-perie-de-par-cu-peri-de-nailon-si-de-mistret-pentru-parul-puternic-1-buc\\\/#primaryimage\",\"url\":\"https:\\\/\\\/storage.googleapis.com\\\/cz-shopatoa-img\\\/ro\\\/8ff22a6d-unnamed-file.webp\",\"contentUrl\":\"https:\\\/\\\/storage.googleapis.com\\\/cz-shopatoa-img\\\/ro\\\/8ff22a6d-unnamed-file.webp\",\"width\":800,\"height\":800},{\"@type\":\"BreadcrumbList\",\"@id\":\"https:\\\/\\\/shopatoa.com\\\/ro\\\/labor-pro-plum-brush-thick-perie-de-par-cu-peri-de-nailon-si-de-mistret-pentru-parul-puternic-1-buc\\\/#breadcrumb\",\"itemListElement\":[{\"@type\":\"ListItem\",\"position\":1,\"name\":\"Dom\u016f\",\"item\":\"https:\\\/\\\/shopatoa.com\\\/ro\\\/\"},{\"@type\":\"ListItem\",\"position\":2,\"name\":\"Shop\",\"item\":\"https:\\\/\\\/shopatoa.com\\\/ro\\\/shop\\\/\"},{\"@type\":\"ListItem\",\"position\":3,\"name\":\"Labor Pro Plum Brush Thick perie de par cu peri de nailon \u0219i de mistre\u021b pentru p\u0103rul puternic 1 buc\"}]},{\"@type\":\"WebSite\",\"@id\":\"https:\\\/\\\/shopatoa.com\\\/ro\\\/#website\",\"url\":\"https:\\\/\\\/shopatoa.com\\\/ro\\\/\",\"name\":\"SHOPATOA\",\"description\":\"\",\"publisher\":{\"@id\":\"https:\\\/\\\/shopatoa.com\\\/ro\\\/#organization\"},\"potentialAction\":[{\"@type\":\"SearchAction\",\"target\":{\"@type\":\"EntryPoint\",\"urlTemplate\":\"https:\\\/\\\/shopatoa.com\\\/ro\\\/?s={search_term_string}\"},\"query-input\":{\"@type\":\"PropertyValueSpecification\",\"valueRequired\":true,\"valueName\":\"search_term_string\"}}],\"inLanguage\":\"ro-RO\"},{\"@type\":\"Organization\",\"@id\":\"https:\\\/\\\/shopatoa.com\\\/ro\\\/#organization\",\"name\":\"SHOPATOA\",\"url\":\"https:\\\/\\\/shopatoa.com\\\/ro\\\/\",\"logo\":{\"@type\":\"ImageObject\",\"inLanguage\":\"ro-RO\",\"@id\":\"https:\\\/\\\/shopatoa.com\\\/ro\\\/#\\\/schema\\\/logo\\\/image\\\/\",\"url\":\"https:\\\/\\\/storage.googleapis.com\\\/cz-shopatoa-img\\\/ro\\\/b4dac915-shopatoa_logo.png\",\"contentUrl\":\"https:\\\/\\\/storage.googleapis.com\\\/cz-shopatoa-img\\\/ro\\\/b4dac915-shopatoa_logo.png\",\"width\":416,\"height\":63,\"caption\":\"SHOPATOA\"},\"image\":{\"@id\":\"https:\\\/\\\/shopatoa.com\\\/ro\\\/#\\\/schema\\\/logo\\\/image\\\/\"}}]}<\/script>\n<!-- \/ Yoast SEO plugin. -->","yoast_head_json":{"title":"Labor Pro Plum Brush Thick perie de par cu peri de nailon \u0219i de mistre\u021b pentru p\u0103rul puternic 1 buc - SHOPATOA.COM","robots":{"index":"index","follow":"follow","max-snippet":"max-snippet:-1","max-image-preview":"max-image-preview:large","max-video-preview":"max-video-preview:-1"},"canonical":"https:\/\/shopatoa.com\/ro\/labor-pro-plum-brush-thick-perie-de-par-cu-peri-de-nailon-si-de-mistret-pentru-parul-puternic-1-buc\/","og_locale":"ro_RO","og_type":"article","og_title":"Labor Pro Plum Brush Thick perie de par cu peri de nailon \u0219i de mistre\u021b pentru p\u0103rul puternic 1 buc - SHOPATOA.COM","og_description":"Labor Pro Plum Brush Thick, 1 buc, Perii plate pentru femei, Nu doar \u0219amponul, balsamul \u0219i alte produse cosmetice pentru p\u0103r sunt esen\u021biale pentru frumuse\u021bea p\u0103rului dvs. O rutin\u0103 corect\u0103 de \u00eengrijire \u00eencepe cu o piept\u0103nare regulat\u0103, complet\u0103, dar suficient de delicat\u0103. Tocmai de aceea, peria de p\u0103r Labor Pro Plum Brush Thick nu ar...","og_url":"https:\/\/shopatoa.com\/ro\/labor-pro-plum-brush-thick-perie-de-par-cu-peri-de-nailon-si-de-mistret-pentru-parul-puternic-1-buc\/","og_site_name":"SHOPATOA","article_modified_time":"2025-06-24T13:09:10+00:00","og_image":[{"width":800,"height":800,"url":"https:\/\/storage.googleapis.com\/cz-shopatoa-img\/ro\/8ff22a6d-unnamed-file.webp","type":"image\/webp"}],"twitter_card":"summary_large_image","twitter_misc":{"Timp estimat pentru citire":"1 minut"},"schema":{"@context":"https:\/\/schema.org","@graph":[{"@type":"WebPage","@id":"https:\/\/shopatoa.com\/ro\/labor-pro-plum-brush-thick-perie-de-par-cu-peri-de-nailon-si-de-mistret-pentru-parul-puternic-1-buc\/","url":"https:\/\/shopatoa.com\/ro\/labor-pro-plum-brush-thick-perie-de-par-cu-peri-de-nailon-si-de-mistret-pentru-parul-puternic-1-buc\/","name":"Labor Pro Plum Brush Thick perie de par cu peri de nailon \u0219i de mistre\u021b pentru p\u0103rul puternic 1 buc - SHOPATOA.COM","isPartOf":{"@id":"https:\/\/shopatoa.com\/ro\/#website"},"primaryImageOfPage":{"@id":"https:\/\/shopatoa.com\/ro\/labor-pro-plum-brush-thick-perie-de-par-cu-peri-de-nailon-si-de-mistret-pentru-parul-puternic-1-buc\/#primaryimage"},"image":{"@id":"https:\/\/shopatoa.com\/ro\/labor-pro-plum-brush-thick-perie-de-par-cu-peri-de-nailon-si-de-mistret-pentru-parul-puternic-1-buc\/#primaryimage"},"thumbnailUrl":"https:\/\/storage.googleapis.com\/cz-shopatoa-img\/ro\/8ff22a6d-unnamed-file.webp","datePublished":"2025-06-24T13:07:10+00:00","dateModified":"2025-06-24T13:09:10+00:00","breadcrumb":{"@id":"https:\/\/shopatoa.com\/ro\/labor-pro-plum-brush-thick-perie-de-par-cu-peri-de-nailon-si-de-mistret-pentru-parul-puternic-1-buc\/#breadcrumb"},"inLanguage":"ro-RO","potentialAction":[{"@type":"ReadAction","target":["https:\/\/shopatoa.com\/ro\/labor-pro-plum-brush-thick-perie-de-par-cu-peri-de-nailon-si-de-mistret-pentru-parul-puternic-1-buc\/"]}]},{"@type":"ImageObject","inLanguage":"ro-RO","@id":"https:\/\/shopatoa.com\/ro\/labor-pro-plum-brush-thick-perie-de-par-cu-peri-de-nailon-si-de-mistret-pentru-parul-puternic-1-buc\/#primaryimage","url":"https:\/\/storage.googleapis.com\/cz-shopatoa-img\/ro\/8ff22a6d-unnamed-file.webp","contentUrl":"https:\/\/storage.googleapis.com\/cz-shopatoa-img\/ro\/8ff22a6d-unnamed-file.webp","width":800,"height":800},{"@type":"BreadcrumbList","@id":"https:\/\/shopatoa.com\/ro\/labor-pro-plum-brush-thick-perie-de-par-cu-peri-de-nailon-si-de-mistret-pentru-parul-puternic-1-buc\/#breadcrumb","itemListElement":[{"@type":"ListItem","position":1,"name":"Dom\u016f","item":"https:\/\/shopatoa.com\/ro\/"},{"@type":"ListItem","position":2,"name":"Shop","item":"https:\/\/shopatoa.com\/ro\/shop\/"},{"@type":"ListItem","position":3,"name":"Labor Pro Plum Brush Thick perie de par cu peri de nailon \u0219i de mistre\u021b pentru p\u0103rul puternic 1 buc"}]},{"@type":"WebSite","@id":"https:\/\/shopatoa.com\/ro\/#website","url":"https:\/\/shopatoa.com\/ro\/","name":"SHOPATOA","description":"","publisher":{"@id":"https:\/\/shopatoa.com\/ro\/#organization"},"potentialAction":[{"@type":"SearchAction","target":{"@type":"EntryPoint","urlTemplate":"https:\/\/shopatoa.com\/ro\/?s={search_term_string}"},"query-input":{"@type":"PropertyValueSpecification","valueRequired":true,"valueName":"search_term_string"}}],"inLanguage":"ro-RO"},{"@type":"Organization","@id":"https:\/\/shopatoa.com\/ro\/#organization","name":"SHOPATOA","url":"https:\/\/shopatoa.com\/ro\/","logo":{"@type":"ImageObject","inLanguage":"ro-RO","@id":"https:\/\/shopatoa.com\/ro\/#\/schema\/logo\/image\/","url":"https:\/\/storage.googleapis.com\/cz-shopatoa-img\/ro\/b4dac915-shopatoa_logo.png","contentUrl":"https:\/\/storage.googleapis.com\/cz-shopatoa-img\/ro\/b4dac915-shopatoa_logo.png","width":416,"height":63,"caption":"SHOPATOA"},"image":{"@id":"https:\/\/shopatoa.com\/ro\/#\/schema\/logo\/image\/"}}]}},"_links":{"self":[{"href":"https:\/\/shopatoa.com\/ro\/wp-json\/wp\/v2\/product\/442647","targetHints":{"allow":["GET"]}}],"collection":[{"href":"https:\/\/shopatoa.com\/ro\/wp-json\/wp\/v2\/product"}],"about":[{"href":"https:\/\/shopatoa.com\/ro\/wp-json\/wp\/v2\/types\/product"}],"replies":[{"embeddable":true,"href":"https:\/\/shopatoa.com\/ro\/wp-json\/wp\/v2\/comments?post=442647"}],"wp:featuredmedia":[{"embeddable":true,"href":"https:\/\/shopatoa.com\/ro\/wp-json\/wp\/v2\/media\/442648"}],"wp:attachment":[{"href":"https:\/\/shopatoa.com\/ro\/wp-json\/wp\/v2\/media?parent=442647"}],"wp:term":[{"taxonomy":"product_brand","embeddable":true,"href":"https:\/\/shopatoa.com\/ro\/wp-json\/wp\/v2\/product_brand?post=442647"},{"taxonomy":"product_cat","embeddable":true,"href":"https:\/\/shopatoa.com\/ro\/wp-json\/wp\/v2\/product_cat?post=442647"},{"taxonomy":"product_tag","embeddable":true,"href":"https:\/\/shopatoa.com\/ro\/wp-json\/wp\/v2\/product_tag?post=442647"}],"curies":[{"name":"wp","href":"https:\/\/api.w.org\/{rel}","templated":true}]}}