{"id":442677,"date":"2025-06-24T15:11:32","date_gmt":"2025-06-24T13:11:32","guid":{"rendered":"https:\/\/shopatoa.com\/ro\/kundal-sea-salt-green-tea-scalp-scaler-peeling-de-curatare-profunda-pentru-stimularea-cresterii-parului-200-g\/"},"modified":"2025-12-13T22:23:17","modified_gmt":"2025-12-13T21:23:17","slug":"kundal-sea-salt-green-tea-scalp-scaler-peeling-de-curatare-profunda-pentru-stimularea-cresterii-parului-200-g","status":"publish","type":"product","link":"https:\/\/shopatoa.com\/ro\/kundal-sea-salt-green-tea-scalp-scaler-peeling-de-curatare-profunda-pentru-stimularea-cresterii-parului-200-g\/","title":{"rendered":"KUNDAL Sea Salt &amp; Green Tea Scalp Scaler peeling de cur\u0103\u021bare profund\u0103 pentru stimularea cre\u0219terii p\u0103rului 200 g"},"content":{"rendered":"<p>KUNDAL Sea Salt &amp; Green Tea Scalp Scaler, 200 g, Exfoliant pentru p\u0103r pentru femei, Sim\u021bi\u021bi c\u0103 p\u0103rul dvs. are nevoie de o cur\u0103\u021bare mai temeinic\u0103 dec\u00e2t cea pe care o poate oferi \u0219amponul obi\u0219nuit? Exfoliantul pentru p\u0103r KUNDAL Sea Salt &amp; Green Tea Scalp Scaler \u00eendep\u0103rteaz\u0103 impurit\u0103\u021bile, sebumul \u0219i acumul\u0103rile produselor de styling chiar mai temeinic dec\u00e2t un \u0219ampon obi\u0219nuit. \u00cen plus, elimin\u0103 celulele epiteliale moarte de pe scalp \u0219i, datorit\u0103 masajului, \u00eel va stimula \u0219i va \u00eembun\u0103t\u0103\u021bi fluxul sanguin c\u0103tre bulbii capilari, favoriz\u00e2nd astfel cre\u0219terea mai rapid\u0103 a p\u0103rului. V\u0103 va l\u0103sa scalpul profund cur\u0103\u021bat \u0219i v\u0103 va oferi o senza\u021bie de prospe\u021bime. Ve\u021bi observa imediat diferen\u021ba \u0219i \u00eel ve\u021bi \u00eendr\u0103gi cu siguran\u021b\u0103.  Caracteristici:  elibereaz\u0103 complet p\u0103rul de impurit\u0103\u021bi \u0219i de sebum stimuleaz\u0103 scalpul \u0219i \u00eei confer\u0103 o senza\u021bie de prospe\u021bime hr\u0103ne\u0219te \u0219i protejeaz\u0103 p\u0103rul \u00eempotriva influen\u021belor negative ale mediului  Ingrediente:  acid salicilic \u2013 cur\u0103\u021b\u0103 \u00een profunzime scalpul, ajut\u0103 la exfolierea pielii moarte \u0219i la eliminarea excesului de sebum, combate m\u0103trea\u021ba \u0219i \u00eengrije\u0219te scalpul gras ulei de tea tree \u2013 are efecte de cur\u0103\u021bare, calmeaz\u0103 scalpul, \u00eei amelioreaz\u0103 irita\u021bia, uscarea \u0219i senza\u021biile de m\u00e2nc\u0103rime, ajut\u0103 la combaterea m\u0103tre\u021bii, favorizeaz\u0103 cre\u0219terea firelor de p\u0103r noi, previne casarea \u0219i confer\u0103 str\u0103lucire ceramide \u2013 lipide esen\u021biale care se g\u0103sesc natural \u00een foliculii de p\u0103r, fortific\u0103 p\u0103rul, ajut\u0103 la men\u021binerea hidrat\u0103rii \u0219i integrit\u0103\u021bii acestuia ceai verde \u2013 calmeaz\u0103 scalpul, regleaz\u0103 produc\u021bia de sebum, combate m\u0103trea\u021ba \u0219i c\u0103derea excesiv\u0103 a p\u0103rului, protejeaz\u0103 \u00eempotriva radicalilor liberi datorit\u0103 antioxidan\u021bilor, fortific\u0103 p\u0103rul \u0219i favorizeaz\u0103 volumul \u0219i str\u0103lucirea acestuia extract de ghimbir \u2013 \u00eembun\u0103t\u0103\u021be\u0219te microcircula\u021bia scalpului, stimuleaz\u0103 foliculii, favoriz\u00e2nd astfel cre\u0219terea firelor de p\u0103r noi \u0219i puternice, ofer\u0103 protec\u021bie antioxidant\u0103 \u00eempotriva factorilor externi nocivi  Cum se utilizeaz\u0103: Aplica\u021bi pe scalpul umed, ad\u0103uga\u021bi pu\u021bin\u0103 ap\u0103 \u0219i masa\u021bi u\u0219or pentru a crea spum\u0103. L\u0103sa\u021bi s\u0103 ac\u021bioneze c\u00e2teva minute. Apoi se limpeze\u0219te bine cu ap\u0103.<\/p>\n","protected":false},"excerpt":{"rendered":"<p>KUNDAL Sea Salt &amp; Green Tea Scalp Scaler, 200 g, Exfoliant pentru p\u0103r pentru femei, Sim\u021bi\u021bi c\u0103 p\u0103rul dvs. are nevoie de o cur\u0103\u021bare mai temeinic\u0103 dec\u00e2t cea pe care o poate oferi \u0219amponul obi\u0219nuit? Exfoliantul pentru p\u0103r KUNDAL Sea Salt &amp; Green Tea Scalp Scaler \u00eendep\u0103rteaz\u0103 impurit\u0103\u021bile, sebumul \u0219i acumul\u0103rile produselor de styling chiar&#8230;<\/p>\n","protected":false},"featured_media":442678,"comment_status":"closed","ping_status":"open","template":"","meta":{"_acf_changed":false,"_kadence_starter_templates_imported_post":false,"_kad_post_transparent":"","_kad_post_title":"","_kad_post_layout":"","_kad_post_sidebar_id":"","_kad_post_content_style":"","_kad_post_vertical_padding":"","_kad_post_feature":"","_kad_post_feature_position":"","_kad_post_header":false,"_kad_post_footer":false,"_kad_post_classname":""},"product_brand":[2321],"product_cat":[1563,1590,1562],"product_tag":[],"class_list":{"0":"post-442677","1":"product","2":"type-product","3":"status-publish","4":"has-post-thumbnail","6":"product_brand-kundal","7":"product_cat-ingrijire-personala","8":"product_cat-ingrijirea-parului","9":"product_cat-sanatate-si-frumusete","10":"pa_gen-female","11":"pa_marime-200-g","13":"first","14":"instock","15":"sale","16":"product-type-external","17":"entry","18":"content-bg","19":"loop-entry"},"acf":[],"yoast_head":"<!-- This site is optimized with the Yoast SEO plugin v27.4 - https:\/\/yoast.com\/product\/yoast-seo-wordpress\/ -->\n<title>KUNDAL Sea Salt &amp; Green Tea Scalp Scaler peeling de cur\u0103\u021bare profund\u0103 pentru stimularea cre\u0219terii p\u0103rului 200 g - SHOPATOA.COM<\/title>\n<meta name=\"robots\" content=\"index, follow, max-snippet:-1, max-image-preview:large, max-video-preview:-1\" \/>\n<link rel=\"canonical\" href=\"https:\/\/shopatoa.com\/ro\/kundal-sea-salt-green-tea-scalp-scaler-peeling-de-curatare-profunda-pentru-stimularea-cresterii-parului-200-g\/\" \/>\n<meta property=\"og:locale\" content=\"ro_RO\" \/>\n<meta property=\"og:type\" content=\"article\" \/>\n<meta property=\"og:title\" content=\"KUNDAL Sea Salt &amp; Green Tea Scalp Scaler peeling de cur\u0103\u021bare profund\u0103 pentru stimularea cre\u0219terii p\u0103rului 200 g - SHOPATOA.COM\" \/>\n<meta property=\"og:description\" content=\"KUNDAL Sea Salt &amp; Green Tea Scalp Scaler, 200 g, Exfoliant pentru p\u0103r pentru femei, Sim\u021bi\u021bi c\u0103 p\u0103rul dvs. are nevoie de o cur\u0103\u021bare mai temeinic\u0103 dec\u00e2t cea pe care o poate oferi \u0219amponul obi\u0219nuit? Exfoliantul pentru p\u0103r KUNDAL Sea Salt &amp; Green Tea Scalp Scaler \u00eendep\u0103rteaz\u0103 impurit\u0103\u021bile, sebumul \u0219i acumul\u0103rile produselor de styling chiar...\" \/>\n<meta property=\"og:url\" content=\"https:\/\/shopatoa.com\/ro\/kundal-sea-salt-green-tea-scalp-scaler-peeling-de-curatare-profunda-pentru-stimularea-cresterii-parului-200-g\/\" \/>\n<meta property=\"og:site_name\" content=\"SHOPATOA\" \/>\n<meta property=\"article:modified_time\" content=\"2025-12-13T21:23:17+00:00\" \/>\n<meta property=\"og:image\" content=\"https:\/\/storage.googleapis.com\/cz-shopatoa-img\/ro\/5de4d8cc-unnamed-file.webp\" \/>\n\t<meta property=\"og:image:width\" content=\"800\" \/>\n\t<meta property=\"og:image:height\" content=\"800\" \/>\n\t<meta property=\"og:image:type\" content=\"image\/webp\" \/>\n<meta name=\"twitter:card\" content=\"summary_large_image\" \/>\n<meta name=\"twitter:label1\" content=\"Timp estimat pentru citire\" \/>\n\t<meta name=\"twitter:data1\" content=\"2 minute\" \/>\n<script type=\"application\/ld+json\" class=\"yoast-schema-graph\">{\"@context\":\"https:\\\/\\\/schema.org\",\"@graph\":[{\"@type\":\"WebPage\",\"@id\":\"https:\\\/\\\/shopatoa.com\\\/ro\\\/kundal-sea-salt-green-tea-scalp-scaler-peeling-de-curatare-profunda-pentru-stimularea-cresterii-parului-200-g\\\/\",\"url\":\"https:\\\/\\\/shopatoa.com\\\/ro\\\/kundal-sea-salt-green-tea-scalp-scaler-peeling-de-curatare-profunda-pentru-stimularea-cresterii-parului-200-g\\\/\",\"name\":\"KUNDAL Sea Salt & Green Tea Scalp Scaler peeling de cur\u0103\u021bare profund\u0103 pentru stimularea cre\u0219terii p\u0103rului 200 g - SHOPATOA.COM\",\"isPartOf\":{\"@id\":\"https:\\\/\\\/shopatoa.com\\\/ro\\\/#website\"},\"primaryImageOfPage\":{\"@id\":\"https:\\\/\\\/shopatoa.com\\\/ro\\\/kundal-sea-salt-green-tea-scalp-scaler-peeling-de-curatare-profunda-pentru-stimularea-cresterii-parului-200-g\\\/#primaryimage\"},\"image\":{\"@id\":\"https:\\\/\\\/shopatoa.com\\\/ro\\\/kundal-sea-salt-green-tea-scalp-scaler-peeling-de-curatare-profunda-pentru-stimularea-cresterii-parului-200-g\\\/#primaryimage\"},\"thumbnailUrl\":\"https:\\\/\\\/storage.googleapis.com\\\/cz-shopatoa-img\\\/ro\\\/5de4d8cc-unnamed-file.webp\",\"datePublished\":\"2025-06-24T13:11:32+00:00\",\"dateModified\":\"2025-12-13T21:23:17+00:00\",\"breadcrumb\":{\"@id\":\"https:\\\/\\\/shopatoa.com\\\/ro\\\/kundal-sea-salt-green-tea-scalp-scaler-peeling-de-curatare-profunda-pentru-stimularea-cresterii-parului-200-g\\\/#breadcrumb\"},\"inLanguage\":\"ro-RO\",\"potentialAction\":[{\"@type\":\"ReadAction\",\"target\":[\"https:\\\/\\\/shopatoa.com\\\/ro\\\/kundal-sea-salt-green-tea-scalp-scaler-peeling-de-curatare-profunda-pentru-stimularea-cresterii-parului-200-g\\\/\"]}]},{\"@type\":\"ImageObject\",\"inLanguage\":\"ro-RO\",\"@id\":\"https:\\\/\\\/shopatoa.com\\\/ro\\\/kundal-sea-salt-green-tea-scalp-scaler-peeling-de-curatare-profunda-pentru-stimularea-cresterii-parului-200-g\\\/#primaryimage\",\"url\":\"https:\\\/\\\/storage.googleapis.com\\\/cz-shopatoa-img\\\/ro\\\/5de4d8cc-unnamed-file.webp\",\"contentUrl\":\"https:\\\/\\\/storage.googleapis.com\\\/cz-shopatoa-img\\\/ro\\\/5de4d8cc-unnamed-file.webp\",\"width\":800,\"height\":800},{\"@type\":\"BreadcrumbList\",\"@id\":\"https:\\\/\\\/shopatoa.com\\\/ro\\\/kundal-sea-salt-green-tea-scalp-scaler-peeling-de-curatare-profunda-pentru-stimularea-cresterii-parului-200-g\\\/#breadcrumb\",\"itemListElement\":[{\"@type\":\"ListItem\",\"position\":1,\"name\":\"Dom\u016f\",\"item\":\"https:\\\/\\\/shopatoa.com\\\/ro\\\/\"},{\"@type\":\"ListItem\",\"position\":2,\"name\":\"Shop\",\"item\":\"https:\\\/\\\/shopatoa.com\\\/ro\\\/shop\\\/\"},{\"@type\":\"ListItem\",\"position\":3,\"name\":\"S\u0103n\u0103tate \u0219i frumuse\u021be\",\"item\":\"https:\\\/\\\/shopatoa.com\\\/ro\\\/sanatate-si-frumusete\\\/\"},{\"@type\":\"ListItem\",\"position\":4,\"name\":\"\u00cengrijire personal\u0103\",\"item\":\"https:\\\/\\\/shopatoa.com\\\/ro\\\/ingrijire-personala\\\/\"},{\"@type\":\"ListItem\",\"position\":5,\"name\":\"\u00cengrijirea p\u0103rului\",\"item\":\"https:\\\/\\\/shopatoa.com\\\/ro\\\/ingrijirea-parului\\\/\"},{\"@type\":\"ListItem\",\"position\":6,\"name\":\"KUNDAL Sea Salt &amp; Green Tea Scalp Scaler peeling de cur\u0103\u021bare profund\u0103 pentru stimularea cre\u0219terii p\u0103rului 200 g\"}]},{\"@type\":\"WebSite\",\"@id\":\"https:\\\/\\\/shopatoa.com\\\/ro\\\/#website\",\"url\":\"https:\\\/\\\/shopatoa.com\\\/ro\\\/\",\"name\":\"SHOPATOA\",\"description\":\"\",\"publisher\":{\"@id\":\"https:\\\/\\\/shopatoa.com\\\/ro\\\/#organization\"},\"potentialAction\":[{\"@type\":\"SearchAction\",\"target\":{\"@type\":\"EntryPoint\",\"urlTemplate\":\"https:\\\/\\\/shopatoa.com\\\/ro\\\/?s={search_term_string}\"},\"query-input\":{\"@type\":\"PropertyValueSpecification\",\"valueRequired\":true,\"valueName\":\"search_term_string\"}}],\"inLanguage\":\"ro-RO\"},{\"@type\":\"Organization\",\"@id\":\"https:\\\/\\\/shopatoa.com\\\/ro\\\/#organization\",\"name\":\"SHOPATOA\",\"url\":\"https:\\\/\\\/shopatoa.com\\\/ro\\\/\",\"logo\":{\"@type\":\"ImageObject\",\"inLanguage\":\"ro-RO\",\"@id\":\"https:\\\/\\\/shopatoa.com\\\/ro\\\/#\\\/schema\\\/logo\\\/image\\\/\",\"url\":\"https:\\\/\\\/storage.googleapis.com\\\/cz-shopatoa-img\\\/ro\\\/b4dac915-shopatoa_logo.png\",\"contentUrl\":\"https:\\\/\\\/storage.googleapis.com\\\/cz-shopatoa-img\\\/ro\\\/b4dac915-shopatoa_logo.png\",\"width\":416,\"height\":63,\"caption\":\"SHOPATOA\"},\"image\":{\"@id\":\"https:\\\/\\\/shopatoa.com\\\/ro\\\/#\\\/schema\\\/logo\\\/image\\\/\"}}]}<\/script>\n<!-- \/ Yoast SEO plugin. -->","yoast_head_json":{"title":"KUNDAL Sea Salt & Green Tea Scalp Scaler peeling de cur\u0103\u021bare profund\u0103 pentru stimularea cre\u0219terii p\u0103rului 200 g - SHOPATOA.COM","robots":{"index":"index","follow":"follow","max-snippet":"max-snippet:-1","max-image-preview":"max-image-preview:large","max-video-preview":"max-video-preview:-1"},"canonical":"https:\/\/shopatoa.com\/ro\/kundal-sea-salt-green-tea-scalp-scaler-peeling-de-curatare-profunda-pentru-stimularea-cresterii-parului-200-g\/","og_locale":"ro_RO","og_type":"article","og_title":"KUNDAL Sea Salt & Green Tea Scalp Scaler peeling de cur\u0103\u021bare profund\u0103 pentru stimularea cre\u0219terii p\u0103rului 200 g - SHOPATOA.COM","og_description":"KUNDAL Sea Salt &amp; Green Tea Scalp Scaler, 200 g, Exfoliant pentru p\u0103r pentru femei, Sim\u021bi\u021bi c\u0103 p\u0103rul dvs. are nevoie de o cur\u0103\u021bare mai temeinic\u0103 dec\u00e2t cea pe care o poate oferi \u0219amponul obi\u0219nuit? Exfoliantul pentru p\u0103r KUNDAL Sea Salt &amp; Green Tea Scalp Scaler \u00eendep\u0103rteaz\u0103 impurit\u0103\u021bile, sebumul \u0219i acumul\u0103rile produselor de styling chiar...","og_url":"https:\/\/shopatoa.com\/ro\/kundal-sea-salt-green-tea-scalp-scaler-peeling-de-curatare-profunda-pentru-stimularea-cresterii-parului-200-g\/","og_site_name":"SHOPATOA","article_modified_time":"2025-12-13T21:23:17+00:00","og_image":[{"width":800,"height":800,"url":"https:\/\/storage.googleapis.com\/cz-shopatoa-img\/ro\/5de4d8cc-unnamed-file.webp","type":"image\/webp"}],"twitter_card":"summary_large_image","twitter_misc":{"Timp estimat pentru citire":"2 minute"},"schema":{"@context":"https:\/\/schema.org","@graph":[{"@type":"WebPage","@id":"https:\/\/shopatoa.com\/ro\/kundal-sea-salt-green-tea-scalp-scaler-peeling-de-curatare-profunda-pentru-stimularea-cresterii-parului-200-g\/","url":"https:\/\/shopatoa.com\/ro\/kundal-sea-salt-green-tea-scalp-scaler-peeling-de-curatare-profunda-pentru-stimularea-cresterii-parului-200-g\/","name":"KUNDAL Sea Salt & Green Tea Scalp Scaler peeling de cur\u0103\u021bare profund\u0103 pentru stimularea cre\u0219terii p\u0103rului 200 g - SHOPATOA.COM","isPartOf":{"@id":"https:\/\/shopatoa.com\/ro\/#website"},"primaryImageOfPage":{"@id":"https:\/\/shopatoa.com\/ro\/kundal-sea-salt-green-tea-scalp-scaler-peeling-de-curatare-profunda-pentru-stimularea-cresterii-parului-200-g\/#primaryimage"},"image":{"@id":"https:\/\/shopatoa.com\/ro\/kundal-sea-salt-green-tea-scalp-scaler-peeling-de-curatare-profunda-pentru-stimularea-cresterii-parului-200-g\/#primaryimage"},"thumbnailUrl":"https:\/\/storage.googleapis.com\/cz-shopatoa-img\/ro\/5de4d8cc-unnamed-file.webp","datePublished":"2025-06-24T13:11:32+00:00","dateModified":"2025-12-13T21:23:17+00:00","breadcrumb":{"@id":"https:\/\/shopatoa.com\/ro\/kundal-sea-salt-green-tea-scalp-scaler-peeling-de-curatare-profunda-pentru-stimularea-cresterii-parului-200-g\/#breadcrumb"},"inLanguage":"ro-RO","potentialAction":[{"@type":"ReadAction","target":["https:\/\/shopatoa.com\/ro\/kundal-sea-salt-green-tea-scalp-scaler-peeling-de-curatare-profunda-pentru-stimularea-cresterii-parului-200-g\/"]}]},{"@type":"ImageObject","inLanguage":"ro-RO","@id":"https:\/\/shopatoa.com\/ro\/kundal-sea-salt-green-tea-scalp-scaler-peeling-de-curatare-profunda-pentru-stimularea-cresterii-parului-200-g\/#primaryimage","url":"https:\/\/storage.googleapis.com\/cz-shopatoa-img\/ro\/5de4d8cc-unnamed-file.webp","contentUrl":"https:\/\/storage.googleapis.com\/cz-shopatoa-img\/ro\/5de4d8cc-unnamed-file.webp","width":800,"height":800},{"@type":"BreadcrumbList","@id":"https:\/\/shopatoa.com\/ro\/kundal-sea-salt-green-tea-scalp-scaler-peeling-de-curatare-profunda-pentru-stimularea-cresterii-parului-200-g\/#breadcrumb","itemListElement":[{"@type":"ListItem","position":1,"name":"Dom\u016f","item":"https:\/\/shopatoa.com\/ro\/"},{"@type":"ListItem","position":2,"name":"Shop","item":"https:\/\/shopatoa.com\/ro\/shop\/"},{"@type":"ListItem","position":3,"name":"S\u0103n\u0103tate \u0219i frumuse\u021be","item":"https:\/\/shopatoa.com\/ro\/sanatate-si-frumusete\/"},{"@type":"ListItem","position":4,"name":"\u00cengrijire personal\u0103","item":"https:\/\/shopatoa.com\/ro\/ingrijire-personala\/"},{"@type":"ListItem","position":5,"name":"\u00cengrijirea p\u0103rului","item":"https:\/\/shopatoa.com\/ro\/ingrijirea-parului\/"},{"@type":"ListItem","position":6,"name":"KUNDAL Sea Salt &amp; Green Tea Scalp Scaler peeling de cur\u0103\u021bare profund\u0103 pentru stimularea cre\u0219terii p\u0103rului 200 g"}]},{"@type":"WebSite","@id":"https:\/\/shopatoa.com\/ro\/#website","url":"https:\/\/shopatoa.com\/ro\/","name":"SHOPATOA","description":"","publisher":{"@id":"https:\/\/shopatoa.com\/ro\/#organization"},"potentialAction":[{"@type":"SearchAction","target":{"@type":"EntryPoint","urlTemplate":"https:\/\/shopatoa.com\/ro\/?s={search_term_string}"},"query-input":{"@type":"PropertyValueSpecification","valueRequired":true,"valueName":"search_term_string"}}],"inLanguage":"ro-RO"},{"@type":"Organization","@id":"https:\/\/shopatoa.com\/ro\/#organization","name":"SHOPATOA","url":"https:\/\/shopatoa.com\/ro\/","logo":{"@type":"ImageObject","inLanguage":"ro-RO","@id":"https:\/\/shopatoa.com\/ro\/#\/schema\/logo\/image\/","url":"https:\/\/storage.googleapis.com\/cz-shopatoa-img\/ro\/b4dac915-shopatoa_logo.png","contentUrl":"https:\/\/storage.googleapis.com\/cz-shopatoa-img\/ro\/b4dac915-shopatoa_logo.png","width":416,"height":63,"caption":"SHOPATOA"},"image":{"@id":"https:\/\/shopatoa.com\/ro\/#\/schema\/logo\/image\/"}}]}},"_links":{"self":[{"href":"https:\/\/shopatoa.com\/ro\/wp-json\/wp\/v2\/product\/442677","targetHints":{"allow":["GET"]}}],"collection":[{"href":"https:\/\/shopatoa.com\/ro\/wp-json\/wp\/v2\/product"}],"about":[{"href":"https:\/\/shopatoa.com\/ro\/wp-json\/wp\/v2\/types\/product"}],"replies":[{"embeddable":true,"href":"https:\/\/shopatoa.com\/ro\/wp-json\/wp\/v2\/comments?post=442677"}],"wp:featuredmedia":[{"embeddable":true,"href":"https:\/\/shopatoa.com\/ro\/wp-json\/wp\/v2\/media\/442678"}],"wp:attachment":[{"href":"https:\/\/shopatoa.com\/ro\/wp-json\/wp\/v2\/media?parent=442677"}],"wp:term":[{"taxonomy":"product_brand","embeddable":true,"href":"https:\/\/shopatoa.com\/ro\/wp-json\/wp\/v2\/product_brand?post=442677"},{"taxonomy":"product_cat","embeddable":true,"href":"https:\/\/shopatoa.com\/ro\/wp-json\/wp\/v2\/product_cat?post=442677"},{"taxonomy":"product_tag","embeddable":true,"href":"https:\/\/shopatoa.com\/ro\/wp-json\/wp\/v2\/product_tag?post=442677"}],"curies":[{"name":"wp","href":"https:\/\/api.w.org\/{rel}","templated":true}]}}