{"id":442721,"date":"2025-06-24T15:15:20","date_gmt":"2025-06-24T13:15:20","guid":{"rendered":"https:\/\/shopatoa.com\/ro\/wella-professionals-creatine-curl-par-permanent-pentru-par-cret-curl-c-s-75-ml\/"},"modified":"2025-12-06T20:14:04","modified_gmt":"2025-12-06T19:14:04","slug":"wella-professionals-creatine-curl-par-permanent-pentru-par-cret-curl-c-s-75-ml","status":"publish","type":"product","link":"https:\/\/shopatoa.com\/ro\/wella-professionals-creatine-curl-par-permanent-pentru-par-cret-curl-c-s-75-ml\/","title":{"rendered":"Wella Professionals Creatine+ Curl par permanent pentru p\u0103r cre\u021b Curl C\/S 75 ml"},"content":{"rendered":"<p>Wella Professionals Creatine+ Curl, 75 ml, Ondula\u021bie permanent\u0103 pentru femei, V\u0103 plac valurile, buclele \u0219i ondula\u021biile seduc\u0103toare, \u00eens\u0103 natura v-a \u00eenzestrat cu un p\u0103r par\u021bial sau complet drept? Produsul pentru ondulare permanent\u0103 Wella Professionals Creatine+ Curl este alegerea ideal\u0103 dac\u0103 prefera\u021bi o solu\u021bie mai durabil\u0103 dec\u00e2t coafarea frecvent\u0103, uneori zilnic\u0103, cu ondulatorul, bigudiurile sau aparatul de coafat. Produsul asigur\u0103 un permanent profesional \u2013 creeaz\u0103 bucle seduc\u0103toare \u0219i ondula\u021bii care rezist\u0103 cu adev\u0103rat mult timp.  Caracteristici:  pentru ondularea permanent\u0103 a p\u0103rului creat pentru uz profesional  Cum se utilizeaz\u0103: Se vor urma instruc\u021biunile din ambalaj. Numai pentru uz profesional.<\/p>\n","protected":false},"excerpt":{"rendered":"<p>Wella Professionals Creatine+ Curl, 75 ml, Ondula\u021bie permanent\u0103 pentru femei, V\u0103 plac valurile, buclele \u0219i ondula\u021biile seduc\u0103toare, \u00eens\u0103 natura v-a \u00eenzestrat cu un p\u0103r par\u021bial sau complet drept? Produsul pentru ondulare permanent\u0103 Wella Professionals Creatine+ Curl este alegerea ideal\u0103 dac\u0103 prefera\u021bi o solu\u021bie mai durabil\u0103 dec\u00e2t coafarea frecvent\u0103, uneori zilnic\u0103, cu ondulatorul, bigudiurile sau aparatul&#8230;<\/p>\n","protected":false},"featured_media":442722,"comment_status":"closed","ping_status":"open","template":"","meta":{"_acf_changed":false,"_kadence_starter_templates_imported_post":false,"_kad_post_transparent":"","_kad_post_title":"","_kad_post_layout":"","_kad_post_sidebar_id":"","_kad_post_content_style":"","_kad_post_vertical_padding":"","_kad_post_feature":"","_kad_post_feature_position":"","_kad_post_header":false,"_kad_post_footer":false,"_kad_post_classname":""},"product_brand":[189],"product_cat":[1563,1590,1562,1675],"product_tag":[],"class_list":{"0":"post-442721","1":"product","2":"type-product","3":"status-publish","4":"has-post-thumbnail","6":"product_brand-wella-professionals","7":"product_cat-ingrijire-personala","8":"product_cat-ingrijirea-parului","9":"product_cat-sanatate-si-frumusete","10":"product_cat-vopsirea-parului","11":"pa_gen-female","12":"pa_marime-75-ml","14":"first","15":"instock","16":"sale","17":"product-type-external","18":"entry","19":"content-bg","20":"loop-entry"},"acf":[],"yoast_head":"<!-- This site is optimized with the Yoast SEO plugin v27.4 - https:\/\/yoast.com\/product\/yoast-seo-wordpress\/ -->\n<title>Wella Professionals Creatine+ Curl par permanent pentru p\u0103r cre\u021b Curl C\/S 75 ml - SHOPATOA.COM<\/title>\n<meta name=\"robots\" content=\"index, follow, max-snippet:-1, max-image-preview:large, max-video-preview:-1\" \/>\n<link rel=\"canonical\" href=\"https:\/\/shopatoa.com\/ro\/wella-professionals-creatine-curl-par-permanent-pentru-par-cret-curl-c-s-75-ml\/\" \/>\n<meta property=\"og:locale\" content=\"ro_RO\" \/>\n<meta property=\"og:type\" content=\"article\" \/>\n<meta property=\"og:title\" content=\"Wella Professionals Creatine+ Curl par permanent pentru p\u0103r cre\u021b Curl C\/S 75 ml - SHOPATOA.COM\" \/>\n<meta property=\"og:description\" content=\"Wella Professionals Creatine+ Curl, 75 ml, Ondula\u021bie permanent\u0103 pentru femei, V\u0103 plac valurile, buclele \u0219i ondula\u021biile seduc\u0103toare, \u00eens\u0103 natura v-a \u00eenzestrat cu un p\u0103r par\u021bial sau complet drept? Produsul pentru ondulare permanent\u0103 Wella Professionals Creatine+ Curl este alegerea ideal\u0103 dac\u0103 prefera\u021bi o solu\u021bie mai durabil\u0103 dec\u00e2t coafarea frecvent\u0103, uneori zilnic\u0103, cu ondulatorul, bigudiurile sau aparatul...\" \/>\n<meta property=\"og:url\" content=\"https:\/\/shopatoa.com\/ro\/wella-professionals-creatine-curl-par-permanent-pentru-par-cret-curl-c-s-75-ml\/\" \/>\n<meta property=\"og:site_name\" content=\"SHOPATOA\" \/>\n<meta property=\"article:modified_time\" content=\"2025-12-06T19:14:04+00:00\" \/>\n<meta property=\"og:image\" content=\"https:\/\/storage.googleapis.com\/cz-shopatoa-img\/ro\/fe2592a0-unnamed-file.webp\" \/>\n\t<meta property=\"og:image:width\" content=\"800\" \/>\n\t<meta property=\"og:image:height\" content=\"800\" \/>\n\t<meta property=\"og:image:type\" content=\"image\/webp\" \/>\n<meta name=\"twitter:card\" content=\"summary_large_image\" \/>\n<meta name=\"twitter:label1\" content=\"Timp estimat pentru citire\" \/>\n\t<meta name=\"twitter:data1\" content=\"1 minut\" \/>\n<script type=\"application\/ld+json\" class=\"yoast-schema-graph\">{\"@context\":\"https:\\\/\\\/schema.org\",\"@graph\":[{\"@type\":\"WebPage\",\"@id\":\"https:\\\/\\\/shopatoa.com\\\/ro\\\/wella-professionals-creatine-curl-par-permanent-pentru-par-cret-curl-c-s-75-ml\\\/\",\"url\":\"https:\\\/\\\/shopatoa.com\\\/ro\\\/wella-professionals-creatine-curl-par-permanent-pentru-par-cret-curl-c-s-75-ml\\\/\",\"name\":\"Wella Professionals Creatine+ Curl par permanent pentru p\u0103r cre\u021b Curl C\\\/S 75 ml - SHOPATOA.COM\",\"isPartOf\":{\"@id\":\"https:\\\/\\\/shopatoa.com\\\/ro\\\/#website\"},\"primaryImageOfPage\":{\"@id\":\"https:\\\/\\\/shopatoa.com\\\/ro\\\/wella-professionals-creatine-curl-par-permanent-pentru-par-cret-curl-c-s-75-ml\\\/#primaryimage\"},\"image\":{\"@id\":\"https:\\\/\\\/shopatoa.com\\\/ro\\\/wella-professionals-creatine-curl-par-permanent-pentru-par-cret-curl-c-s-75-ml\\\/#primaryimage\"},\"thumbnailUrl\":\"https:\\\/\\\/storage.googleapis.com\\\/cz-shopatoa-img\\\/ro\\\/fe2592a0-unnamed-file.webp\",\"datePublished\":\"2025-06-24T13:15:20+00:00\",\"dateModified\":\"2025-12-06T19:14:04+00:00\",\"breadcrumb\":{\"@id\":\"https:\\\/\\\/shopatoa.com\\\/ro\\\/wella-professionals-creatine-curl-par-permanent-pentru-par-cret-curl-c-s-75-ml\\\/#breadcrumb\"},\"inLanguage\":\"ro-RO\",\"potentialAction\":[{\"@type\":\"ReadAction\",\"target\":[\"https:\\\/\\\/shopatoa.com\\\/ro\\\/wella-professionals-creatine-curl-par-permanent-pentru-par-cret-curl-c-s-75-ml\\\/\"]}]},{\"@type\":\"ImageObject\",\"inLanguage\":\"ro-RO\",\"@id\":\"https:\\\/\\\/shopatoa.com\\\/ro\\\/wella-professionals-creatine-curl-par-permanent-pentru-par-cret-curl-c-s-75-ml\\\/#primaryimage\",\"url\":\"https:\\\/\\\/storage.googleapis.com\\\/cz-shopatoa-img\\\/ro\\\/fe2592a0-unnamed-file.webp\",\"contentUrl\":\"https:\\\/\\\/storage.googleapis.com\\\/cz-shopatoa-img\\\/ro\\\/fe2592a0-unnamed-file.webp\",\"width\":800,\"height\":800},{\"@type\":\"BreadcrumbList\",\"@id\":\"https:\\\/\\\/shopatoa.com\\\/ro\\\/wella-professionals-creatine-curl-par-permanent-pentru-par-cret-curl-c-s-75-ml\\\/#breadcrumb\",\"itemListElement\":[{\"@type\":\"ListItem\",\"position\":1,\"name\":\"Dom\u016f\",\"item\":\"https:\\\/\\\/shopatoa.com\\\/ro\\\/\"},{\"@type\":\"ListItem\",\"position\":2,\"name\":\"Shop\",\"item\":\"https:\\\/\\\/shopatoa.com\\\/ro\\\/shop\\\/\"},{\"@type\":\"ListItem\",\"position\":3,\"name\":\"S\u0103n\u0103tate \u0219i frumuse\u021be\",\"item\":\"https:\\\/\\\/shopatoa.com\\\/ro\\\/sanatate-si-frumusete\\\/\"},{\"@type\":\"ListItem\",\"position\":4,\"name\":\"\u00cengrijire personal\u0103\",\"item\":\"https:\\\/\\\/shopatoa.com\\\/ro\\\/ingrijire-personala\\\/\"},{\"@type\":\"ListItem\",\"position\":5,\"name\":\"\u00cengrijirea p\u0103rului\",\"item\":\"https:\\\/\\\/shopatoa.com\\\/ro\\\/ingrijirea-parului\\\/\"},{\"@type\":\"ListItem\",\"position\":6,\"name\":\"Vopsirea p\u0103rului\",\"item\":\"https:\\\/\\\/shopatoa.com\\\/ro\\\/vopsirea-parului\\\/\"},{\"@type\":\"ListItem\",\"position\":7,\"name\":\"Wella Professionals Creatine+ Curl par permanent pentru p\u0103r cre\u021b Curl C\\\/S 75 ml\"}]},{\"@type\":\"WebSite\",\"@id\":\"https:\\\/\\\/shopatoa.com\\\/ro\\\/#website\",\"url\":\"https:\\\/\\\/shopatoa.com\\\/ro\\\/\",\"name\":\"SHOPATOA\",\"description\":\"\",\"publisher\":{\"@id\":\"https:\\\/\\\/shopatoa.com\\\/ro\\\/#organization\"},\"potentialAction\":[{\"@type\":\"SearchAction\",\"target\":{\"@type\":\"EntryPoint\",\"urlTemplate\":\"https:\\\/\\\/shopatoa.com\\\/ro\\\/?s={search_term_string}\"},\"query-input\":{\"@type\":\"PropertyValueSpecification\",\"valueRequired\":true,\"valueName\":\"search_term_string\"}}],\"inLanguage\":\"ro-RO\"},{\"@type\":\"Organization\",\"@id\":\"https:\\\/\\\/shopatoa.com\\\/ro\\\/#organization\",\"name\":\"SHOPATOA\",\"url\":\"https:\\\/\\\/shopatoa.com\\\/ro\\\/\",\"logo\":{\"@type\":\"ImageObject\",\"inLanguage\":\"ro-RO\",\"@id\":\"https:\\\/\\\/shopatoa.com\\\/ro\\\/#\\\/schema\\\/logo\\\/image\\\/\",\"url\":\"https:\\\/\\\/storage.googleapis.com\\\/cz-shopatoa-img\\\/ro\\\/b4dac915-shopatoa_logo.png\",\"contentUrl\":\"https:\\\/\\\/storage.googleapis.com\\\/cz-shopatoa-img\\\/ro\\\/b4dac915-shopatoa_logo.png\",\"width\":416,\"height\":63,\"caption\":\"SHOPATOA\"},\"image\":{\"@id\":\"https:\\\/\\\/shopatoa.com\\\/ro\\\/#\\\/schema\\\/logo\\\/image\\\/\"}}]}<\/script>\n<!-- \/ Yoast SEO plugin. -->","yoast_head_json":{"title":"Wella Professionals Creatine+ Curl par permanent pentru p\u0103r cre\u021b Curl C\/S 75 ml - SHOPATOA.COM","robots":{"index":"index","follow":"follow","max-snippet":"max-snippet:-1","max-image-preview":"max-image-preview:large","max-video-preview":"max-video-preview:-1"},"canonical":"https:\/\/shopatoa.com\/ro\/wella-professionals-creatine-curl-par-permanent-pentru-par-cret-curl-c-s-75-ml\/","og_locale":"ro_RO","og_type":"article","og_title":"Wella Professionals Creatine+ Curl par permanent pentru p\u0103r cre\u021b Curl C\/S 75 ml - SHOPATOA.COM","og_description":"Wella Professionals Creatine+ Curl, 75 ml, Ondula\u021bie permanent\u0103 pentru femei, V\u0103 plac valurile, buclele \u0219i ondula\u021biile seduc\u0103toare, \u00eens\u0103 natura v-a \u00eenzestrat cu un p\u0103r par\u021bial sau complet drept? Produsul pentru ondulare permanent\u0103 Wella Professionals Creatine+ Curl este alegerea ideal\u0103 dac\u0103 prefera\u021bi o solu\u021bie mai durabil\u0103 dec\u00e2t coafarea frecvent\u0103, uneori zilnic\u0103, cu ondulatorul, bigudiurile sau aparatul...","og_url":"https:\/\/shopatoa.com\/ro\/wella-professionals-creatine-curl-par-permanent-pentru-par-cret-curl-c-s-75-ml\/","og_site_name":"SHOPATOA","article_modified_time":"2025-12-06T19:14:04+00:00","og_image":[{"width":800,"height":800,"url":"https:\/\/storage.googleapis.com\/cz-shopatoa-img\/ro\/fe2592a0-unnamed-file.webp","type":"image\/webp"}],"twitter_card":"summary_large_image","twitter_misc":{"Timp estimat pentru citire":"1 minut"},"schema":{"@context":"https:\/\/schema.org","@graph":[{"@type":"WebPage","@id":"https:\/\/shopatoa.com\/ro\/wella-professionals-creatine-curl-par-permanent-pentru-par-cret-curl-c-s-75-ml\/","url":"https:\/\/shopatoa.com\/ro\/wella-professionals-creatine-curl-par-permanent-pentru-par-cret-curl-c-s-75-ml\/","name":"Wella Professionals Creatine+ Curl par permanent pentru p\u0103r cre\u021b Curl C\/S 75 ml - SHOPATOA.COM","isPartOf":{"@id":"https:\/\/shopatoa.com\/ro\/#website"},"primaryImageOfPage":{"@id":"https:\/\/shopatoa.com\/ro\/wella-professionals-creatine-curl-par-permanent-pentru-par-cret-curl-c-s-75-ml\/#primaryimage"},"image":{"@id":"https:\/\/shopatoa.com\/ro\/wella-professionals-creatine-curl-par-permanent-pentru-par-cret-curl-c-s-75-ml\/#primaryimage"},"thumbnailUrl":"https:\/\/storage.googleapis.com\/cz-shopatoa-img\/ro\/fe2592a0-unnamed-file.webp","datePublished":"2025-06-24T13:15:20+00:00","dateModified":"2025-12-06T19:14:04+00:00","breadcrumb":{"@id":"https:\/\/shopatoa.com\/ro\/wella-professionals-creatine-curl-par-permanent-pentru-par-cret-curl-c-s-75-ml\/#breadcrumb"},"inLanguage":"ro-RO","potentialAction":[{"@type":"ReadAction","target":["https:\/\/shopatoa.com\/ro\/wella-professionals-creatine-curl-par-permanent-pentru-par-cret-curl-c-s-75-ml\/"]}]},{"@type":"ImageObject","inLanguage":"ro-RO","@id":"https:\/\/shopatoa.com\/ro\/wella-professionals-creatine-curl-par-permanent-pentru-par-cret-curl-c-s-75-ml\/#primaryimage","url":"https:\/\/storage.googleapis.com\/cz-shopatoa-img\/ro\/fe2592a0-unnamed-file.webp","contentUrl":"https:\/\/storage.googleapis.com\/cz-shopatoa-img\/ro\/fe2592a0-unnamed-file.webp","width":800,"height":800},{"@type":"BreadcrumbList","@id":"https:\/\/shopatoa.com\/ro\/wella-professionals-creatine-curl-par-permanent-pentru-par-cret-curl-c-s-75-ml\/#breadcrumb","itemListElement":[{"@type":"ListItem","position":1,"name":"Dom\u016f","item":"https:\/\/shopatoa.com\/ro\/"},{"@type":"ListItem","position":2,"name":"Shop","item":"https:\/\/shopatoa.com\/ro\/shop\/"},{"@type":"ListItem","position":3,"name":"S\u0103n\u0103tate \u0219i frumuse\u021be","item":"https:\/\/shopatoa.com\/ro\/sanatate-si-frumusete\/"},{"@type":"ListItem","position":4,"name":"\u00cengrijire personal\u0103","item":"https:\/\/shopatoa.com\/ro\/ingrijire-personala\/"},{"@type":"ListItem","position":5,"name":"\u00cengrijirea p\u0103rului","item":"https:\/\/shopatoa.com\/ro\/ingrijirea-parului\/"},{"@type":"ListItem","position":6,"name":"Vopsirea p\u0103rului","item":"https:\/\/shopatoa.com\/ro\/vopsirea-parului\/"},{"@type":"ListItem","position":7,"name":"Wella Professionals Creatine+ Curl par permanent pentru p\u0103r cre\u021b Curl C\/S 75 ml"}]},{"@type":"WebSite","@id":"https:\/\/shopatoa.com\/ro\/#website","url":"https:\/\/shopatoa.com\/ro\/","name":"SHOPATOA","description":"","publisher":{"@id":"https:\/\/shopatoa.com\/ro\/#organization"},"potentialAction":[{"@type":"SearchAction","target":{"@type":"EntryPoint","urlTemplate":"https:\/\/shopatoa.com\/ro\/?s={search_term_string}"},"query-input":{"@type":"PropertyValueSpecification","valueRequired":true,"valueName":"search_term_string"}}],"inLanguage":"ro-RO"},{"@type":"Organization","@id":"https:\/\/shopatoa.com\/ro\/#organization","name":"SHOPATOA","url":"https:\/\/shopatoa.com\/ro\/","logo":{"@type":"ImageObject","inLanguage":"ro-RO","@id":"https:\/\/shopatoa.com\/ro\/#\/schema\/logo\/image\/","url":"https:\/\/storage.googleapis.com\/cz-shopatoa-img\/ro\/b4dac915-shopatoa_logo.png","contentUrl":"https:\/\/storage.googleapis.com\/cz-shopatoa-img\/ro\/b4dac915-shopatoa_logo.png","width":416,"height":63,"caption":"SHOPATOA"},"image":{"@id":"https:\/\/shopatoa.com\/ro\/#\/schema\/logo\/image\/"}}]}},"_links":{"self":[{"href":"https:\/\/shopatoa.com\/ro\/wp-json\/wp\/v2\/product\/442721","targetHints":{"allow":["GET"]}}],"collection":[{"href":"https:\/\/shopatoa.com\/ro\/wp-json\/wp\/v2\/product"}],"about":[{"href":"https:\/\/shopatoa.com\/ro\/wp-json\/wp\/v2\/types\/product"}],"replies":[{"embeddable":true,"href":"https:\/\/shopatoa.com\/ro\/wp-json\/wp\/v2\/comments?post=442721"}],"wp:featuredmedia":[{"embeddable":true,"href":"https:\/\/shopatoa.com\/ro\/wp-json\/wp\/v2\/media\/442722"}],"wp:attachment":[{"href":"https:\/\/shopatoa.com\/ro\/wp-json\/wp\/v2\/media?parent=442721"}],"wp:term":[{"taxonomy":"product_brand","embeddable":true,"href":"https:\/\/shopatoa.com\/ro\/wp-json\/wp\/v2\/product_brand?post=442721"},{"taxonomy":"product_cat","embeddable":true,"href":"https:\/\/shopatoa.com\/ro\/wp-json\/wp\/v2\/product_cat?post=442721"},{"taxonomy":"product_tag","embeddable":true,"href":"https:\/\/shopatoa.com\/ro\/wp-json\/wp\/v2\/product_tag?post=442721"}],"curies":[{"name":"wp","href":"https:\/\/api.w.org\/{rel}","templated":true}]}}