{"id":442899,"date":"2025-06-24T15:31:41","date_gmt":"2025-06-24T13:31:41","guid":{"rendered":"https:\/\/shopatoa.com\/ro\/lovely-fix-it-up-gel-pentru-sprancene-2\/"},"modified":"2025-12-13T22:03:13","modified_gmt":"2025-12-13T21:03:13","slug":"lovely-fix-it-up-gel-pentru-sprancene-2","status":"publish","type":"product","link":"https:\/\/shopatoa.com\/ro\/lovely-fix-it-up-gel-pentru-sprancene-2\/","title":{"rendered":"Lovely Fix It Up gel pentru sprancene #2"},"content":{"rendered":"<p>Lovely Fix It Up, Rimeluri \u0219i geluri pentru spr\u00e2ncene pentru femei, Spr\u00e2ncenele frumos \u00eengrijite v\u0103 accentueaz\u0103 frumuse\u021bea natural\u0103, deoarece \u00eencadreaz\u0103 \u00eentreaga fa\u021b\u0103. \u0218i este nevoie doar de pu\u021bin pentru a le face s\u0103 arate perfect. Gelul pentru spr\u00e2ncene LovelyFix It Up le va eviden\u021bia \u0219i fixa \u00eentr-un singur pas. Datorit\u0103 periei de aplicare \u0219i de styling, ajut\u0103 la aranjarea \u0219i ridicarea fiec\u0103rui fir de p\u0103r din spr\u00e2ncene \u0219i, \u00een acela\u0219i timp, le fixeaz\u0103 eficient pentru ore \u00een \u0219ir. Odat\u0103 uscat, acest gel r\u0103m\u00e2ne pe loc, nu formeaz\u0103 cocoloa\u0219e \u0219i nu se transfer\u0103.  Caracteristici:  fixeaz\u0103 spr\u00e2ncenele \u00een forma dorit\u0103 subliniaz\u0103 \u0219i accentueaz\u0103 aspectul spr\u00e2ncenelor se aplic\u0103 u\u0219or  Cum se utilizeaz\u0103: Peria\u021bi de mai multe ori firele spr\u00e2ncenelor, model\u00e2ndu-le totodat\u0103 \u00een forma dorit\u0103.<\/p>\n","protected":false},"excerpt":{"rendered":"<p>Lovely Fix It Up, Rimeluri \u0219i geluri pentru spr\u00e2ncene pentru femei, Spr\u00e2ncenele frumos \u00eengrijite v\u0103 accentueaz\u0103 frumuse\u021bea natural\u0103, deoarece \u00eencadreaz\u0103 \u00eentreaga fa\u021b\u0103. \u0218i este nevoie doar de pu\u021bin pentru a le face s\u0103 arate perfect. Gelul pentru spr\u00e2ncene LovelyFix It Up le va eviden\u021bia \u0219i fixa \u00eentr-un singur pas. Datorit\u0103 periei de aplicare \u0219i de&#8230;<\/p>\n","protected":false},"featured_media":442900,"comment_status":"closed","ping_status":"open","template":"","meta":{"_acf_changed":false,"_kadence_starter_templates_imported_post":false,"_kad_post_transparent":"","_kad_post_title":"","_kad_post_layout":"","_kad_post_sidebar_id":"","_kad_post_content_style":"","_kad_post_vertical_padding":"","_kad_post_feature":"","_kad_post_feature_position":"","_kad_post_header":false,"_kad_post_footer":false,"_kad_post_classname":""},"product_brand":[2895],"product_cat":[1564,1563,1664,1576,1599,1562],"product_tag":[],"class_list":{"0":"post-442899","1":"product","2":"type-product","3":"status-publish","4":"has-post-thumbnail","6":"product_brand-lovely","7":"product_cat-cosmetice-ingrijire-personala","8":"product_cat-ingrijire-personala","9":"product_cat-intaritori-pentru-sprancene","10":"product_cat-machiaj","11":"product_cat-machiaj-pentru-ochi-machiaj","12":"product_cat-sanatate-si-frumusete","13":"pa_gen-female","15":"first","16":"instock","17":"sale","18":"product-type-external","19":"entry","20":"content-bg","21":"loop-entry"},"acf":[],"yoast_head":"<!-- This site is optimized with the Yoast SEO plugin v27.3 - https:\/\/yoast.com\/product\/yoast-seo-wordpress\/ -->\n<title>Lovely Fix It Up gel pentru sprancene #2 - SHOPATOA.COM<\/title>\n<meta name=\"robots\" content=\"index, follow, max-snippet:-1, max-image-preview:large, max-video-preview:-1\" \/>\n<link rel=\"canonical\" href=\"https:\/\/shopatoa.com\/ro\/lovely-fix-it-up-gel-pentru-sprancene-2\/\" \/>\n<meta property=\"og:locale\" content=\"ro_RO\" \/>\n<meta property=\"og:type\" content=\"article\" \/>\n<meta property=\"og:title\" content=\"Lovely Fix It Up gel pentru sprancene #2 - SHOPATOA.COM\" \/>\n<meta property=\"og:description\" content=\"Lovely Fix It Up, Rimeluri \u0219i geluri pentru spr\u00e2ncene pentru femei, Spr\u00e2ncenele frumos \u00eengrijite v\u0103 accentueaz\u0103 frumuse\u021bea natural\u0103, deoarece \u00eencadreaz\u0103 \u00eentreaga fa\u021b\u0103. \u0218i este nevoie doar de pu\u021bin pentru a le face s\u0103 arate perfect. Gelul pentru spr\u00e2ncene LovelyFix It Up le va eviden\u021bia \u0219i fixa \u00eentr-un singur pas. Datorit\u0103 periei de aplicare \u0219i de...\" \/>\n<meta property=\"og:url\" content=\"https:\/\/shopatoa.com\/ro\/lovely-fix-it-up-gel-pentru-sprancene-2\/\" \/>\n<meta property=\"og:site_name\" content=\"SHOPATOA\" \/>\n<meta property=\"article:modified_time\" content=\"2025-12-13T21:03:13+00:00\" \/>\n<meta property=\"og:image\" content=\"https:\/\/storage.googleapis.com\/cz-shopatoa-img\/ro\/f3592899-unnamed-file.webp\" \/>\n\t<meta property=\"og:image:width\" content=\"800\" \/>\n\t<meta property=\"og:image:height\" content=\"800\" \/>\n\t<meta property=\"og:image:type\" content=\"image\/webp\" \/>\n<meta name=\"twitter:card\" content=\"summary_large_image\" \/>\n<meta name=\"twitter:label1\" content=\"Timp estimat pentru citire\" \/>\n\t<meta name=\"twitter:data1\" content=\"1 minut\" \/>\n<script type=\"application\/ld+json\" class=\"yoast-schema-graph\">{\"@context\":\"https:\\\/\\\/schema.org\",\"@graph\":[{\"@type\":\"WebPage\",\"@id\":\"https:\\\/\\\/shopatoa.com\\\/ro\\\/lovely-fix-it-up-gel-pentru-sprancene-2\\\/\",\"url\":\"https:\\\/\\\/shopatoa.com\\\/ro\\\/lovely-fix-it-up-gel-pentru-sprancene-2\\\/\",\"name\":\"Lovely Fix It Up gel pentru sprancene #2 - SHOPATOA.COM\",\"isPartOf\":{\"@id\":\"https:\\\/\\\/shopatoa.com\\\/ro\\\/#website\"},\"primaryImageOfPage\":{\"@id\":\"https:\\\/\\\/shopatoa.com\\\/ro\\\/lovely-fix-it-up-gel-pentru-sprancene-2\\\/#primaryimage\"},\"image\":{\"@id\":\"https:\\\/\\\/shopatoa.com\\\/ro\\\/lovely-fix-it-up-gel-pentru-sprancene-2\\\/#primaryimage\"},\"thumbnailUrl\":\"https:\\\/\\\/storage.googleapis.com\\\/cz-shopatoa-img\\\/ro\\\/f3592899-unnamed-file.webp\",\"datePublished\":\"2025-06-24T13:31:41+00:00\",\"dateModified\":\"2025-12-13T21:03:13+00:00\",\"breadcrumb\":{\"@id\":\"https:\\\/\\\/shopatoa.com\\\/ro\\\/lovely-fix-it-up-gel-pentru-sprancene-2\\\/#breadcrumb\"},\"inLanguage\":\"ro-RO\",\"potentialAction\":[{\"@type\":\"ReadAction\",\"target\":[\"https:\\\/\\\/shopatoa.com\\\/ro\\\/lovely-fix-it-up-gel-pentru-sprancene-2\\\/\"]}]},{\"@type\":\"ImageObject\",\"inLanguage\":\"ro-RO\",\"@id\":\"https:\\\/\\\/shopatoa.com\\\/ro\\\/lovely-fix-it-up-gel-pentru-sprancene-2\\\/#primaryimage\",\"url\":\"https:\\\/\\\/storage.googleapis.com\\\/cz-shopatoa-img\\\/ro\\\/f3592899-unnamed-file.webp\",\"contentUrl\":\"https:\\\/\\\/storage.googleapis.com\\\/cz-shopatoa-img\\\/ro\\\/f3592899-unnamed-file.webp\",\"width\":800,\"height\":800},{\"@type\":\"BreadcrumbList\",\"@id\":\"https:\\\/\\\/shopatoa.com\\\/ro\\\/lovely-fix-it-up-gel-pentru-sprancene-2\\\/#breadcrumb\",\"itemListElement\":[{\"@type\":\"ListItem\",\"position\":1,\"name\":\"Dom\u016f\",\"item\":\"https:\\\/\\\/shopatoa.com\\\/ro\\\/\"},{\"@type\":\"ListItem\",\"position\":2,\"name\":\"Shop\",\"item\":\"https:\\\/\\\/shopatoa.com\\\/ro\\\/shop\\\/\"},{\"@type\":\"ListItem\",\"position\":3,\"name\":\"S\u0103n\u0103tate \u0219i frumuse\u021be\",\"item\":\"https:\\\/\\\/shopatoa.com\\\/ro\\\/sanatate-si-frumusete\\\/\"},{\"@type\":\"ListItem\",\"position\":4,\"name\":\"\u00cengrijire personal\u0103\",\"item\":\"https:\\\/\\\/shopatoa.com\\\/ro\\\/ingrijire-personala\\\/\"},{\"@type\":\"ListItem\",\"position\":5,\"name\":\"Cosmetice\",\"item\":\"https:\\\/\\\/shopatoa.com\\\/ro\\\/cosmetice-ingrijire-personala\\\/\"},{\"@type\":\"ListItem\",\"position\":6,\"name\":\"Machiaj\",\"item\":\"https:\\\/\\\/shopatoa.com\\\/ro\\\/machiaj\\\/\"},{\"@type\":\"ListItem\",\"position\":7,\"name\":\"Machiaj pentru ochi\",\"item\":\"https:\\\/\\\/shopatoa.com\\\/ro\\\/machiaj-pentru-ochi-machiaj\\\/\"},{\"@type\":\"ListItem\",\"position\":8,\"name\":\"\u00cent\u0103ritori pentru spr\u00e2ncene\",\"item\":\"https:\\\/\\\/shopatoa.com\\\/ro\\\/intaritori-pentru-sprancene\\\/\"},{\"@type\":\"ListItem\",\"position\":9,\"name\":\"Lovely Fix It Up gel pentru sprancene #2\"}]},{\"@type\":\"WebSite\",\"@id\":\"https:\\\/\\\/shopatoa.com\\\/ro\\\/#website\",\"url\":\"https:\\\/\\\/shopatoa.com\\\/ro\\\/\",\"name\":\"SHOPATOA\",\"description\":\"\",\"publisher\":{\"@id\":\"https:\\\/\\\/shopatoa.com\\\/ro\\\/#organization\"},\"potentialAction\":[{\"@type\":\"SearchAction\",\"target\":{\"@type\":\"EntryPoint\",\"urlTemplate\":\"https:\\\/\\\/shopatoa.com\\\/ro\\\/?s={search_term_string}\"},\"query-input\":{\"@type\":\"PropertyValueSpecification\",\"valueRequired\":true,\"valueName\":\"search_term_string\"}}],\"inLanguage\":\"ro-RO\"},{\"@type\":\"Organization\",\"@id\":\"https:\\\/\\\/shopatoa.com\\\/ro\\\/#organization\",\"name\":\"SHOPATOA\",\"url\":\"https:\\\/\\\/shopatoa.com\\\/ro\\\/\",\"logo\":{\"@type\":\"ImageObject\",\"inLanguage\":\"ro-RO\",\"@id\":\"https:\\\/\\\/shopatoa.com\\\/ro\\\/#\\\/schema\\\/logo\\\/image\\\/\",\"url\":\"https:\\\/\\\/storage.googleapis.com\\\/cz-shopatoa-img\\\/ro\\\/b4dac915-shopatoa_logo.png\",\"contentUrl\":\"https:\\\/\\\/storage.googleapis.com\\\/cz-shopatoa-img\\\/ro\\\/b4dac915-shopatoa_logo.png\",\"width\":416,\"height\":63,\"caption\":\"SHOPATOA\"},\"image\":{\"@id\":\"https:\\\/\\\/shopatoa.com\\\/ro\\\/#\\\/schema\\\/logo\\\/image\\\/\"}}]}<\/script>\n<!-- \/ Yoast SEO plugin. -->","yoast_head_json":{"title":"Lovely Fix It Up gel pentru sprancene #2 - SHOPATOA.COM","robots":{"index":"index","follow":"follow","max-snippet":"max-snippet:-1","max-image-preview":"max-image-preview:large","max-video-preview":"max-video-preview:-1"},"canonical":"https:\/\/shopatoa.com\/ro\/lovely-fix-it-up-gel-pentru-sprancene-2\/","og_locale":"ro_RO","og_type":"article","og_title":"Lovely Fix It Up gel pentru sprancene #2 - SHOPATOA.COM","og_description":"Lovely Fix It Up, Rimeluri \u0219i geluri pentru spr\u00e2ncene pentru femei, Spr\u00e2ncenele frumos \u00eengrijite v\u0103 accentueaz\u0103 frumuse\u021bea natural\u0103, deoarece \u00eencadreaz\u0103 \u00eentreaga fa\u021b\u0103. \u0218i este nevoie doar de pu\u021bin pentru a le face s\u0103 arate perfect. Gelul pentru spr\u00e2ncene LovelyFix It Up le va eviden\u021bia \u0219i fixa \u00eentr-un singur pas. Datorit\u0103 periei de aplicare \u0219i de...","og_url":"https:\/\/shopatoa.com\/ro\/lovely-fix-it-up-gel-pentru-sprancene-2\/","og_site_name":"SHOPATOA","article_modified_time":"2025-12-13T21:03:13+00:00","og_image":[{"width":800,"height":800,"url":"https:\/\/storage.googleapis.com\/cz-shopatoa-img\/ro\/f3592899-unnamed-file.webp","type":"image\/webp"}],"twitter_card":"summary_large_image","twitter_misc":{"Timp estimat pentru citire":"1 minut"},"schema":{"@context":"https:\/\/schema.org","@graph":[{"@type":"WebPage","@id":"https:\/\/shopatoa.com\/ro\/lovely-fix-it-up-gel-pentru-sprancene-2\/","url":"https:\/\/shopatoa.com\/ro\/lovely-fix-it-up-gel-pentru-sprancene-2\/","name":"Lovely Fix It Up gel pentru sprancene #2 - SHOPATOA.COM","isPartOf":{"@id":"https:\/\/shopatoa.com\/ro\/#website"},"primaryImageOfPage":{"@id":"https:\/\/shopatoa.com\/ro\/lovely-fix-it-up-gel-pentru-sprancene-2\/#primaryimage"},"image":{"@id":"https:\/\/shopatoa.com\/ro\/lovely-fix-it-up-gel-pentru-sprancene-2\/#primaryimage"},"thumbnailUrl":"https:\/\/storage.googleapis.com\/cz-shopatoa-img\/ro\/f3592899-unnamed-file.webp","datePublished":"2025-06-24T13:31:41+00:00","dateModified":"2025-12-13T21:03:13+00:00","breadcrumb":{"@id":"https:\/\/shopatoa.com\/ro\/lovely-fix-it-up-gel-pentru-sprancene-2\/#breadcrumb"},"inLanguage":"ro-RO","potentialAction":[{"@type":"ReadAction","target":["https:\/\/shopatoa.com\/ro\/lovely-fix-it-up-gel-pentru-sprancene-2\/"]}]},{"@type":"ImageObject","inLanguage":"ro-RO","@id":"https:\/\/shopatoa.com\/ro\/lovely-fix-it-up-gel-pentru-sprancene-2\/#primaryimage","url":"https:\/\/storage.googleapis.com\/cz-shopatoa-img\/ro\/f3592899-unnamed-file.webp","contentUrl":"https:\/\/storage.googleapis.com\/cz-shopatoa-img\/ro\/f3592899-unnamed-file.webp","width":800,"height":800},{"@type":"BreadcrumbList","@id":"https:\/\/shopatoa.com\/ro\/lovely-fix-it-up-gel-pentru-sprancene-2\/#breadcrumb","itemListElement":[{"@type":"ListItem","position":1,"name":"Dom\u016f","item":"https:\/\/shopatoa.com\/ro\/"},{"@type":"ListItem","position":2,"name":"Shop","item":"https:\/\/shopatoa.com\/ro\/shop\/"},{"@type":"ListItem","position":3,"name":"S\u0103n\u0103tate \u0219i frumuse\u021be","item":"https:\/\/shopatoa.com\/ro\/sanatate-si-frumusete\/"},{"@type":"ListItem","position":4,"name":"\u00cengrijire personal\u0103","item":"https:\/\/shopatoa.com\/ro\/ingrijire-personala\/"},{"@type":"ListItem","position":5,"name":"Cosmetice","item":"https:\/\/shopatoa.com\/ro\/cosmetice-ingrijire-personala\/"},{"@type":"ListItem","position":6,"name":"Machiaj","item":"https:\/\/shopatoa.com\/ro\/machiaj\/"},{"@type":"ListItem","position":7,"name":"Machiaj pentru ochi","item":"https:\/\/shopatoa.com\/ro\/machiaj-pentru-ochi-machiaj\/"},{"@type":"ListItem","position":8,"name":"\u00cent\u0103ritori pentru spr\u00e2ncene","item":"https:\/\/shopatoa.com\/ro\/intaritori-pentru-sprancene\/"},{"@type":"ListItem","position":9,"name":"Lovely Fix It Up gel pentru sprancene #2"}]},{"@type":"WebSite","@id":"https:\/\/shopatoa.com\/ro\/#website","url":"https:\/\/shopatoa.com\/ro\/","name":"SHOPATOA","description":"","publisher":{"@id":"https:\/\/shopatoa.com\/ro\/#organization"},"potentialAction":[{"@type":"SearchAction","target":{"@type":"EntryPoint","urlTemplate":"https:\/\/shopatoa.com\/ro\/?s={search_term_string}"},"query-input":{"@type":"PropertyValueSpecification","valueRequired":true,"valueName":"search_term_string"}}],"inLanguage":"ro-RO"},{"@type":"Organization","@id":"https:\/\/shopatoa.com\/ro\/#organization","name":"SHOPATOA","url":"https:\/\/shopatoa.com\/ro\/","logo":{"@type":"ImageObject","inLanguage":"ro-RO","@id":"https:\/\/shopatoa.com\/ro\/#\/schema\/logo\/image\/","url":"https:\/\/storage.googleapis.com\/cz-shopatoa-img\/ro\/b4dac915-shopatoa_logo.png","contentUrl":"https:\/\/storage.googleapis.com\/cz-shopatoa-img\/ro\/b4dac915-shopatoa_logo.png","width":416,"height":63,"caption":"SHOPATOA"},"image":{"@id":"https:\/\/shopatoa.com\/ro\/#\/schema\/logo\/image\/"}}]}},"_links":{"self":[{"href":"https:\/\/shopatoa.com\/ro\/wp-json\/wp\/v2\/product\/442899","targetHints":{"allow":["GET"]}}],"collection":[{"href":"https:\/\/shopatoa.com\/ro\/wp-json\/wp\/v2\/product"}],"about":[{"href":"https:\/\/shopatoa.com\/ro\/wp-json\/wp\/v2\/types\/product"}],"replies":[{"embeddable":true,"href":"https:\/\/shopatoa.com\/ro\/wp-json\/wp\/v2\/comments?post=442899"}],"wp:featuredmedia":[{"embeddable":true,"href":"https:\/\/shopatoa.com\/ro\/wp-json\/wp\/v2\/media\/442900"}],"wp:attachment":[{"href":"https:\/\/shopatoa.com\/ro\/wp-json\/wp\/v2\/media?parent=442899"}],"wp:term":[{"taxonomy":"product_brand","embeddable":true,"href":"https:\/\/shopatoa.com\/ro\/wp-json\/wp\/v2\/product_brand?post=442899"},{"taxonomy":"product_cat","embeddable":true,"href":"https:\/\/shopatoa.com\/ro\/wp-json\/wp\/v2\/product_cat?post=442899"},{"taxonomy":"product_tag","embeddable":true,"href":"https:\/\/shopatoa.com\/ro\/wp-json\/wp\/v2\/product_tag?post=442899"}],"curies":[{"name":"wp","href":"https:\/\/api.w.org\/{rel}","templated":true}]}}