{"id":442941,"date":"2025-06-24T15:35:31","date_gmt":"2025-06-24T13:35:31","guid":{"rendered":"https:\/\/shopatoa.com\/ro\/swissdent-crystal-combo-pack-set-pentru-ingrijirea-dentara\/"},"modified":"2025-12-13T21:55:19","modified_gmt":"2025-12-13T20:55:19","slug":"swissdent-crystal-combo-pack-set-pentru-ingrijirea-dentara","status":"publish","type":"product","link":"https:\/\/shopatoa.com\/ro\/swissdent-crystal-combo-pack-set-pentru-ingrijirea-dentara\/","title":{"rendered":"Swissdent Crystal Combo Pack set pentru \u00eengrijirea dentar\u0103"},"content":{"rendered":"<p>Swissdent Crystal Combo Pack, Pasta de dinti pentru albire unisex, Din\u021bii s\u0103n\u0103to\u0219i \u0219i albi sunt cei mai frumo\u0219i. Setul de cosmetice Swissdent Crystal Combo Pack v\u0103 ofer\u0103 \u00eengrijirea necesar\u0103 pentru din\u021bi frumo\u0219i, datorit\u0103 c\u0103rora ve\u021bi dori s\u0103 z\u00e2mbi\u021bi mereu.  Setul con\u021bine:   perie de dinti 1 buc  Pasta reminelizare pentru dinti cu efect de albire 50 ml   Caracteristici:  cur\u0103\u021b\u0103 din\u021bii \u00eendep\u0103rteaz\u0103 placa dentobacterian\u0103 protejeaz\u0103 gingiile  Ingrediente:  f\u0103r\u0103 fluorur\u0103  Cum se utilizeaz\u0103: Se folose\u0219te conform instruc\u021biunilor incluse.<\/p>\n","protected":false},"excerpt":{"rendered":"<p>Swissdent Crystal Combo Pack, Pasta de dinti pentru albire unisex, Din\u021bii s\u0103n\u0103to\u0219i \u0219i albi sunt cei mai frumo\u0219i. Setul de cosmetice Swissdent Crystal Combo Pack v\u0103 ofer\u0103 \u00eengrijirea necesar\u0103 pentru din\u021bi frumo\u0219i, datorit\u0103 c\u0103rora ve\u021bi dori s\u0103 z\u00e2mbi\u021bi mereu. Setul con\u021bine: perie de dinti 1 buc Pasta reminelizare pentru dinti cu efect de albire 50&#8230;<\/p>\n","protected":false},"featured_media":442942,"comment_status":"closed","ping_status":"open","template":"","meta":{"_acf_changed":false,"_kadence_starter_templates_imported_post":false,"_kad_post_transparent":"","_kad_post_title":"","_kad_post_layout":"","_kad_post_sidebar_id":"","_kad_post_content_style":"","_kad_post_vertical_padding":"","_kad_post_feature":"","_kad_post_feature_position":"","_kad_post_header":false,"_kad_post_footer":false,"_kad_post_classname":""},"product_brand":[2352],"product_cat":[1605,1563,1606,1562],"product_tag":[],"class_list":{"0":"post-442941","1":"product","2":"type-product","3":"status-publish","4":"has-post-thumbnail","6":"product_brand-swissdent","7":"product_cat-ingrijire-orala","8":"product_cat-ingrijire-personala","9":"product_cat-periute-de-dinti-ingrijire-orala","10":"product_cat-sanatate-si-frumusete","11":"pa_gen-unisex","13":"first","14":"instock","15":"sale","16":"product-type-external","17":"entry","18":"content-bg","19":"loop-entry"},"acf":[],"yoast_head":"<!-- This site is optimized with the Yoast SEO plugin v27.4 - https:\/\/yoast.com\/product\/yoast-seo-wordpress\/ -->\n<title>Swissdent Crystal Combo Pack set pentru \u00eengrijirea dentar\u0103 - SHOPATOA.COM<\/title>\n<meta name=\"robots\" content=\"index, follow, max-snippet:-1, max-image-preview:large, max-video-preview:-1\" \/>\n<link rel=\"canonical\" href=\"https:\/\/shopatoa.com\/ro\/swissdent-crystal-combo-pack-set-pentru-ingrijirea-dentara\/\" \/>\n<meta property=\"og:locale\" content=\"ro_RO\" \/>\n<meta property=\"og:type\" content=\"article\" \/>\n<meta property=\"og:title\" content=\"Swissdent Crystal Combo Pack set pentru \u00eengrijirea dentar\u0103 - SHOPATOA.COM\" \/>\n<meta property=\"og:description\" content=\"Swissdent Crystal Combo Pack, Pasta de dinti pentru albire unisex, Din\u021bii s\u0103n\u0103to\u0219i \u0219i albi sunt cei mai frumo\u0219i. Setul de cosmetice Swissdent Crystal Combo Pack v\u0103 ofer\u0103 \u00eengrijirea necesar\u0103 pentru din\u021bi frumo\u0219i, datorit\u0103 c\u0103rora ve\u021bi dori s\u0103 z\u00e2mbi\u021bi mereu. Setul con\u021bine: perie de dinti 1 buc Pasta reminelizare pentru dinti cu efect de albire 50...\" \/>\n<meta property=\"og:url\" content=\"https:\/\/shopatoa.com\/ro\/swissdent-crystal-combo-pack-set-pentru-ingrijirea-dentara\/\" \/>\n<meta property=\"og:site_name\" content=\"SHOPATOA\" \/>\n<meta property=\"article:modified_time\" content=\"2025-12-13T20:55:19+00:00\" \/>\n<meta property=\"og:image\" content=\"https:\/\/storage.googleapis.com\/cz-shopatoa-img\/ro\/013bb80f-unnamed-file.webp\" \/>\n\t<meta property=\"og:image:width\" content=\"800\" \/>\n\t<meta property=\"og:image:height\" content=\"800\" \/>\n\t<meta property=\"og:image:type\" content=\"image\/webp\" \/>\n<meta name=\"twitter:card\" content=\"summary_large_image\" \/>\n<script type=\"application\/ld+json\" class=\"yoast-schema-graph\">{\"@context\":\"https:\\\/\\\/schema.org\",\"@graph\":[{\"@type\":\"WebPage\",\"@id\":\"https:\\\/\\\/shopatoa.com\\\/ro\\\/swissdent-crystal-combo-pack-set-pentru-ingrijirea-dentara\\\/\",\"url\":\"https:\\\/\\\/shopatoa.com\\\/ro\\\/swissdent-crystal-combo-pack-set-pentru-ingrijirea-dentara\\\/\",\"name\":\"Swissdent Crystal Combo Pack set pentru \u00eengrijirea dentar\u0103 - SHOPATOA.COM\",\"isPartOf\":{\"@id\":\"https:\\\/\\\/shopatoa.com\\\/ro\\\/#website\"},\"primaryImageOfPage\":{\"@id\":\"https:\\\/\\\/shopatoa.com\\\/ro\\\/swissdent-crystal-combo-pack-set-pentru-ingrijirea-dentara\\\/#primaryimage\"},\"image\":{\"@id\":\"https:\\\/\\\/shopatoa.com\\\/ro\\\/swissdent-crystal-combo-pack-set-pentru-ingrijirea-dentara\\\/#primaryimage\"},\"thumbnailUrl\":\"https:\\\/\\\/storage.googleapis.com\\\/cz-shopatoa-img\\\/ro\\\/013bb80f-unnamed-file.webp\",\"datePublished\":\"2025-06-24T13:35:31+00:00\",\"dateModified\":\"2025-12-13T20:55:19+00:00\",\"breadcrumb\":{\"@id\":\"https:\\\/\\\/shopatoa.com\\\/ro\\\/swissdent-crystal-combo-pack-set-pentru-ingrijirea-dentara\\\/#breadcrumb\"},\"inLanguage\":\"ro-RO\",\"potentialAction\":[{\"@type\":\"ReadAction\",\"target\":[\"https:\\\/\\\/shopatoa.com\\\/ro\\\/swissdent-crystal-combo-pack-set-pentru-ingrijirea-dentara\\\/\"]}]},{\"@type\":\"ImageObject\",\"inLanguage\":\"ro-RO\",\"@id\":\"https:\\\/\\\/shopatoa.com\\\/ro\\\/swissdent-crystal-combo-pack-set-pentru-ingrijirea-dentara\\\/#primaryimage\",\"url\":\"https:\\\/\\\/storage.googleapis.com\\\/cz-shopatoa-img\\\/ro\\\/013bb80f-unnamed-file.webp\",\"contentUrl\":\"https:\\\/\\\/storage.googleapis.com\\\/cz-shopatoa-img\\\/ro\\\/013bb80f-unnamed-file.webp\",\"width\":800,\"height\":800},{\"@type\":\"BreadcrumbList\",\"@id\":\"https:\\\/\\\/shopatoa.com\\\/ro\\\/swissdent-crystal-combo-pack-set-pentru-ingrijirea-dentara\\\/#breadcrumb\",\"itemListElement\":[{\"@type\":\"ListItem\",\"position\":1,\"name\":\"Dom\u016f\",\"item\":\"https:\\\/\\\/shopatoa.com\\\/ro\\\/\"},{\"@type\":\"ListItem\",\"position\":2,\"name\":\"Shop\",\"item\":\"https:\\\/\\\/shopatoa.com\\\/ro\\\/shop\\\/\"},{\"@type\":\"ListItem\",\"position\":3,\"name\":\"S\u0103n\u0103tate \u0219i frumuse\u021be\",\"item\":\"https:\\\/\\\/shopatoa.com\\\/ro\\\/sanatate-si-frumusete\\\/\"},{\"@type\":\"ListItem\",\"position\":4,\"name\":\"\u00cengrijire personal\u0103\",\"item\":\"https:\\\/\\\/shopatoa.com\\\/ro\\\/ingrijire-personala\\\/\"},{\"@type\":\"ListItem\",\"position\":5,\"name\":\"\u00cengrijire oral\u0103\",\"item\":\"https:\\\/\\\/shopatoa.com\\\/ro\\\/ingrijire-orala\\\/\"},{\"@type\":\"ListItem\",\"position\":6,\"name\":\"Periu\u021be de din\u021bi\",\"item\":\"https:\\\/\\\/shopatoa.com\\\/ro\\\/periute-de-dinti-ingrijire-orala\\\/\"},{\"@type\":\"ListItem\",\"position\":7,\"name\":\"Swissdent Crystal Combo Pack set pentru \u00eengrijirea dentar\u0103\"}]},{\"@type\":\"WebSite\",\"@id\":\"https:\\\/\\\/shopatoa.com\\\/ro\\\/#website\",\"url\":\"https:\\\/\\\/shopatoa.com\\\/ro\\\/\",\"name\":\"SHOPATOA\",\"description\":\"\",\"publisher\":{\"@id\":\"https:\\\/\\\/shopatoa.com\\\/ro\\\/#organization\"},\"potentialAction\":[{\"@type\":\"SearchAction\",\"target\":{\"@type\":\"EntryPoint\",\"urlTemplate\":\"https:\\\/\\\/shopatoa.com\\\/ro\\\/?s={search_term_string}\"},\"query-input\":{\"@type\":\"PropertyValueSpecification\",\"valueRequired\":true,\"valueName\":\"search_term_string\"}}],\"inLanguage\":\"ro-RO\"},{\"@type\":\"Organization\",\"@id\":\"https:\\\/\\\/shopatoa.com\\\/ro\\\/#organization\",\"name\":\"SHOPATOA\",\"url\":\"https:\\\/\\\/shopatoa.com\\\/ro\\\/\",\"logo\":{\"@type\":\"ImageObject\",\"inLanguage\":\"ro-RO\",\"@id\":\"https:\\\/\\\/shopatoa.com\\\/ro\\\/#\\\/schema\\\/logo\\\/image\\\/\",\"url\":\"https:\\\/\\\/storage.googleapis.com\\\/cz-shopatoa-img\\\/ro\\\/b4dac915-shopatoa_logo.png\",\"contentUrl\":\"https:\\\/\\\/storage.googleapis.com\\\/cz-shopatoa-img\\\/ro\\\/b4dac915-shopatoa_logo.png\",\"width\":416,\"height\":63,\"caption\":\"SHOPATOA\"},\"image\":{\"@id\":\"https:\\\/\\\/shopatoa.com\\\/ro\\\/#\\\/schema\\\/logo\\\/image\\\/\"}}]}<\/script>\n<!-- \/ Yoast SEO plugin. -->","yoast_head_json":{"title":"Swissdent Crystal Combo Pack set pentru \u00eengrijirea dentar\u0103 - SHOPATOA.COM","robots":{"index":"index","follow":"follow","max-snippet":"max-snippet:-1","max-image-preview":"max-image-preview:large","max-video-preview":"max-video-preview:-1"},"canonical":"https:\/\/shopatoa.com\/ro\/swissdent-crystal-combo-pack-set-pentru-ingrijirea-dentara\/","og_locale":"ro_RO","og_type":"article","og_title":"Swissdent Crystal Combo Pack set pentru \u00eengrijirea dentar\u0103 - SHOPATOA.COM","og_description":"Swissdent Crystal Combo Pack, Pasta de dinti pentru albire unisex, Din\u021bii s\u0103n\u0103to\u0219i \u0219i albi sunt cei mai frumo\u0219i. Setul de cosmetice Swissdent Crystal Combo Pack v\u0103 ofer\u0103 \u00eengrijirea necesar\u0103 pentru din\u021bi frumo\u0219i, datorit\u0103 c\u0103rora ve\u021bi dori s\u0103 z\u00e2mbi\u021bi mereu. Setul con\u021bine: perie de dinti 1 buc Pasta reminelizare pentru dinti cu efect de albire 50...","og_url":"https:\/\/shopatoa.com\/ro\/swissdent-crystal-combo-pack-set-pentru-ingrijirea-dentara\/","og_site_name":"SHOPATOA","article_modified_time":"2025-12-13T20:55:19+00:00","og_image":[{"width":800,"height":800,"url":"https:\/\/storage.googleapis.com\/cz-shopatoa-img\/ro\/013bb80f-unnamed-file.webp","type":"image\/webp"}],"twitter_card":"summary_large_image","schema":{"@context":"https:\/\/schema.org","@graph":[{"@type":"WebPage","@id":"https:\/\/shopatoa.com\/ro\/swissdent-crystal-combo-pack-set-pentru-ingrijirea-dentara\/","url":"https:\/\/shopatoa.com\/ro\/swissdent-crystal-combo-pack-set-pentru-ingrijirea-dentara\/","name":"Swissdent Crystal Combo Pack set pentru \u00eengrijirea dentar\u0103 - SHOPATOA.COM","isPartOf":{"@id":"https:\/\/shopatoa.com\/ro\/#website"},"primaryImageOfPage":{"@id":"https:\/\/shopatoa.com\/ro\/swissdent-crystal-combo-pack-set-pentru-ingrijirea-dentara\/#primaryimage"},"image":{"@id":"https:\/\/shopatoa.com\/ro\/swissdent-crystal-combo-pack-set-pentru-ingrijirea-dentara\/#primaryimage"},"thumbnailUrl":"https:\/\/storage.googleapis.com\/cz-shopatoa-img\/ro\/013bb80f-unnamed-file.webp","datePublished":"2025-06-24T13:35:31+00:00","dateModified":"2025-12-13T20:55:19+00:00","breadcrumb":{"@id":"https:\/\/shopatoa.com\/ro\/swissdent-crystal-combo-pack-set-pentru-ingrijirea-dentara\/#breadcrumb"},"inLanguage":"ro-RO","potentialAction":[{"@type":"ReadAction","target":["https:\/\/shopatoa.com\/ro\/swissdent-crystal-combo-pack-set-pentru-ingrijirea-dentara\/"]}]},{"@type":"ImageObject","inLanguage":"ro-RO","@id":"https:\/\/shopatoa.com\/ro\/swissdent-crystal-combo-pack-set-pentru-ingrijirea-dentara\/#primaryimage","url":"https:\/\/storage.googleapis.com\/cz-shopatoa-img\/ro\/013bb80f-unnamed-file.webp","contentUrl":"https:\/\/storage.googleapis.com\/cz-shopatoa-img\/ro\/013bb80f-unnamed-file.webp","width":800,"height":800},{"@type":"BreadcrumbList","@id":"https:\/\/shopatoa.com\/ro\/swissdent-crystal-combo-pack-set-pentru-ingrijirea-dentara\/#breadcrumb","itemListElement":[{"@type":"ListItem","position":1,"name":"Dom\u016f","item":"https:\/\/shopatoa.com\/ro\/"},{"@type":"ListItem","position":2,"name":"Shop","item":"https:\/\/shopatoa.com\/ro\/shop\/"},{"@type":"ListItem","position":3,"name":"S\u0103n\u0103tate \u0219i frumuse\u021be","item":"https:\/\/shopatoa.com\/ro\/sanatate-si-frumusete\/"},{"@type":"ListItem","position":4,"name":"\u00cengrijire personal\u0103","item":"https:\/\/shopatoa.com\/ro\/ingrijire-personala\/"},{"@type":"ListItem","position":5,"name":"\u00cengrijire oral\u0103","item":"https:\/\/shopatoa.com\/ro\/ingrijire-orala\/"},{"@type":"ListItem","position":6,"name":"Periu\u021be de din\u021bi","item":"https:\/\/shopatoa.com\/ro\/periute-de-dinti-ingrijire-orala\/"},{"@type":"ListItem","position":7,"name":"Swissdent Crystal Combo Pack set pentru \u00eengrijirea dentar\u0103"}]},{"@type":"WebSite","@id":"https:\/\/shopatoa.com\/ro\/#website","url":"https:\/\/shopatoa.com\/ro\/","name":"SHOPATOA","description":"","publisher":{"@id":"https:\/\/shopatoa.com\/ro\/#organization"},"potentialAction":[{"@type":"SearchAction","target":{"@type":"EntryPoint","urlTemplate":"https:\/\/shopatoa.com\/ro\/?s={search_term_string}"},"query-input":{"@type":"PropertyValueSpecification","valueRequired":true,"valueName":"search_term_string"}}],"inLanguage":"ro-RO"},{"@type":"Organization","@id":"https:\/\/shopatoa.com\/ro\/#organization","name":"SHOPATOA","url":"https:\/\/shopatoa.com\/ro\/","logo":{"@type":"ImageObject","inLanguage":"ro-RO","@id":"https:\/\/shopatoa.com\/ro\/#\/schema\/logo\/image\/","url":"https:\/\/storage.googleapis.com\/cz-shopatoa-img\/ro\/b4dac915-shopatoa_logo.png","contentUrl":"https:\/\/storage.googleapis.com\/cz-shopatoa-img\/ro\/b4dac915-shopatoa_logo.png","width":416,"height":63,"caption":"SHOPATOA"},"image":{"@id":"https:\/\/shopatoa.com\/ro\/#\/schema\/logo\/image\/"}}]}},"_links":{"self":[{"href":"https:\/\/shopatoa.com\/ro\/wp-json\/wp\/v2\/product\/442941","targetHints":{"allow":["GET"]}}],"collection":[{"href":"https:\/\/shopatoa.com\/ro\/wp-json\/wp\/v2\/product"}],"about":[{"href":"https:\/\/shopatoa.com\/ro\/wp-json\/wp\/v2\/types\/product"}],"replies":[{"embeddable":true,"href":"https:\/\/shopatoa.com\/ro\/wp-json\/wp\/v2\/comments?post=442941"}],"wp:featuredmedia":[{"embeddable":true,"href":"https:\/\/shopatoa.com\/ro\/wp-json\/wp\/v2\/media\/442942"}],"wp:attachment":[{"href":"https:\/\/shopatoa.com\/ro\/wp-json\/wp\/v2\/media?parent=442941"}],"wp:term":[{"taxonomy":"product_brand","embeddable":true,"href":"https:\/\/shopatoa.com\/ro\/wp-json\/wp\/v2\/product_brand?post=442941"},{"taxonomy":"product_cat","embeddable":true,"href":"https:\/\/shopatoa.com\/ro\/wp-json\/wp\/v2\/product_cat?post=442941"},{"taxonomy":"product_tag","embeddable":true,"href":"https:\/\/shopatoa.com\/ro\/wp-json\/wp\/v2\/product_tag?post=442941"}],"curies":[{"name":"wp","href":"https:\/\/api.w.org\/{rel}","templated":true}]}}