{"id":442959,"date":"2025-06-24T15:37:18","date_gmt":"2025-06-24T13:37:18","guid":{"rendered":"https:\/\/shopatoa.com\/ro\/johnsons-baby-sampon-pentru-copii-rezerva-1000-ml\/"},"modified":"2025-12-13T21:54:57","modified_gmt":"2025-12-13T20:54:57","slug":"johnsons-baby-sampon-pentru-copii-rezerva-1000-ml","status":"publish","type":"product","link":"https:\/\/shopatoa.com\/ro\/johnsons-baby-sampon-pentru-copii-rezerva-1000-ml\/","title":{"rendered":"Johnson&#8217;s\u00ae Baby sampon pentru copii rezerv\u0103 1000 ml"},"content":{"rendered":"<p>Johnson&#8217;s\u00ae Baby, 1000 ml, \u0218ampoane pentru copii pentru copii, Sp\u0103larea regulat\u0103 a p\u0103rului nu ar trebui s\u0103 fie o activitate de temut pentru dvs. \u0219i pentru copii, ci o experien\u021b\u0103 pl\u0103cut\u0103, \u00een care p\u0103rul copilului dvs. beneficiaz\u0103 de cea mai bun\u0103 \u00eengrijire. \u0218amponul Johnson&#8217;s\u00ae Baby ajut\u0103 la sp\u0103larea \u0219i \u00eendep\u0103rtarea impurit\u0103\u021bilor din p\u0103r \u0219i de pe scalpul sensibil al copiilor, f\u0103r\u0103 s\u0103 cauzeze uscare sau irita\u021bii. \u00cengrije\u0219te delicat scalpul \u00een timpul sp\u0103l\u0103rii \u0219i las\u0103 p\u0103rul catifelat \u0219i parfumat.  Caracteristici:  spal\u0103 delicat p\u0103rul copilului intensific\u0103 str\u0103lucirea natural\u0103 a p\u0103rului regenereaz\u0103 \u0219i hr\u0103ne\u0219te p\u0103rul parfumeaz\u0103 fin p\u0103rul  Cum se utilizeaz\u0103: Se aplic\u0103 pe p\u0103r, se spumeaz\u0103 \u0219i se cl\u0103te\u0219te bine. A se evita p\u0103trunderea produsului \u00een ochi. \u00cen caz de contact, se cl\u0103te\u0219te bine cu ap\u0103.<\/p>\n","protected":false},"excerpt":{"rendered":"<p>Johnson&#8217;s\u00ae Baby, 1000 ml, \u0218ampoane pentru copii pentru copii, Sp\u0103larea regulat\u0103 a p\u0103rului nu ar trebui s\u0103 fie o activitate de temut pentru dvs. \u0219i pentru copii, ci o experien\u021b\u0103 pl\u0103cut\u0103, \u00een care p\u0103rul copilului dvs. beneficiaz\u0103 de cea mai bun\u0103 \u00eengrijire. \u0218amponul Johnson&#8217;s\u00ae Baby ajut\u0103 la sp\u0103larea \u0219i \u00eendep\u0103rtarea impurit\u0103\u021bilor din p\u0103r \u0219i de&#8230;<\/p>\n","protected":false},"featured_media":442960,"comment_status":"closed","ping_status":"open","template":"","meta":{"_acf_changed":false,"_kadence_starter_templates_imported_post":false,"_kad_post_transparent":"","_kad_post_title":"","_kad_post_layout":"","_kad_post_sidebar_id":"","_kad_post_content_style":"","_kad_post_vertical_padding":"","_kad_post_feature":"","_kad_post_feature_position":"","_kad_post_header":false,"_kad_post_footer":false,"_kad_post_classname":""},"product_brand":[3007],"product_cat":[1563,1590,1591,1562],"product_tag":[],"class_list":{"0":"post-442959","1":"product","2":"type-product","3":"status-publish","4":"has-post-thumbnail","6":"product_brand-johnsons","7":"product_cat-ingrijire-personala","8":"product_cat-ingrijirea-parului","9":"product_cat-sampon-balsam","10":"product_cat-sanatate-si-frumusete","11":"pa_gen-unisex","12":"pa_marime-1000-ml","14":"first","15":"instock","16":"sale","17":"product-type-external","18":"entry","19":"content-bg","20":"loop-entry"},"acf":[],"yoast_head":"<!-- This site is optimized with the Yoast SEO plugin v27.3 - https:\/\/yoast.com\/product\/yoast-seo-wordpress\/ -->\n<title>Johnson&#039;s\u00ae Baby sampon pentru copii rezerv\u0103 1000 ml - SHOPATOA.COM<\/title>\n<meta name=\"robots\" content=\"index, follow, max-snippet:-1, max-image-preview:large, max-video-preview:-1\" \/>\n<link rel=\"canonical\" href=\"https:\/\/shopatoa.com\/ro\/johnsons-baby-sampon-pentru-copii-rezerva-1000-ml\/\" \/>\n<meta property=\"og:locale\" content=\"ro_RO\" \/>\n<meta property=\"og:type\" content=\"article\" \/>\n<meta property=\"og:title\" content=\"Johnson&#039;s\u00ae Baby sampon pentru copii rezerv\u0103 1000 ml - SHOPATOA.COM\" \/>\n<meta property=\"og:description\" content=\"Johnson&#8217;s\u00ae Baby, 1000 ml, \u0218ampoane pentru copii pentru copii, Sp\u0103larea regulat\u0103 a p\u0103rului nu ar trebui s\u0103 fie o activitate de temut pentru dvs. \u0219i pentru copii, ci o experien\u021b\u0103 pl\u0103cut\u0103, \u00een care p\u0103rul copilului dvs. beneficiaz\u0103 de cea mai bun\u0103 \u00eengrijire. \u0218amponul Johnson&#8217;s\u00ae Baby ajut\u0103 la sp\u0103larea \u0219i \u00eendep\u0103rtarea impurit\u0103\u021bilor din p\u0103r \u0219i de...\" \/>\n<meta property=\"og:url\" content=\"https:\/\/shopatoa.com\/ro\/johnsons-baby-sampon-pentru-copii-rezerva-1000-ml\/\" \/>\n<meta property=\"og:site_name\" content=\"SHOPATOA\" \/>\n<meta property=\"article:modified_time\" content=\"2025-12-13T20:54:57+00:00\" \/>\n<meta property=\"og:image\" content=\"https:\/\/storage.googleapis.com\/cz-shopatoa-img\/ro\/4c5ce0d6-unnamed-file.webp\" \/>\n\t<meta property=\"og:image:width\" content=\"800\" \/>\n\t<meta property=\"og:image:height\" content=\"800\" \/>\n\t<meta property=\"og:image:type\" content=\"image\/webp\" \/>\n<meta name=\"twitter:card\" content=\"summary_large_image\" \/>\n<meta name=\"twitter:label1\" content=\"Timp estimat pentru citire\" \/>\n\t<meta name=\"twitter:data1\" content=\"1 minut\" \/>\n<script type=\"application\/ld+json\" class=\"yoast-schema-graph\">{\"@context\":\"https:\\\/\\\/schema.org\",\"@graph\":[{\"@type\":\"WebPage\",\"@id\":\"https:\\\/\\\/shopatoa.com\\\/ro\\\/johnsons-baby-sampon-pentru-copii-rezerva-1000-ml\\\/\",\"url\":\"https:\\\/\\\/shopatoa.com\\\/ro\\\/johnsons-baby-sampon-pentru-copii-rezerva-1000-ml\\\/\",\"name\":\"Johnson's\u00ae Baby sampon pentru copii rezerv\u0103 1000 ml - SHOPATOA.COM\",\"isPartOf\":{\"@id\":\"https:\\\/\\\/shopatoa.com\\\/ro\\\/#website\"},\"primaryImageOfPage\":{\"@id\":\"https:\\\/\\\/shopatoa.com\\\/ro\\\/johnsons-baby-sampon-pentru-copii-rezerva-1000-ml\\\/#primaryimage\"},\"image\":{\"@id\":\"https:\\\/\\\/shopatoa.com\\\/ro\\\/johnsons-baby-sampon-pentru-copii-rezerva-1000-ml\\\/#primaryimage\"},\"thumbnailUrl\":\"https:\\\/\\\/storage.googleapis.com\\\/cz-shopatoa-img\\\/ro\\\/4c5ce0d6-unnamed-file.webp\",\"datePublished\":\"2025-06-24T13:37:18+00:00\",\"dateModified\":\"2025-12-13T20:54:57+00:00\",\"breadcrumb\":{\"@id\":\"https:\\\/\\\/shopatoa.com\\\/ro\\\/johnsons-baby-sampon-pentru-copii-rezerva-1000-ml\\\/#breadcrumb\"},\"inLanguage\":\"ro-RO\",\"potentialAction\":[{\"@type\":\"ReadAction\",\"target\":[\"https:\\\/\\\/shopatoa.com\\\/ro\\\/johnsons-baby-sampon-pentru-copii-rezerva-1000-ml\\\/\"]}]},{\"@type\":\"ImageObject\",\"inLanguage\":\"ro-RO\",\"@id\":\"https:\\\/\\\/shopatoa.com\\\/ro\\\/johnsons-baby-sampon-pentru-copii-rezerva-1000-ml\\\/#primaryimage\",\"url\":\"https:\\\/\\\/storage.googleapis.com\\\/cz-shopatoa-img\\\/ro\\\/4c5ce0d6-unnamed-file.webp\",\"contentUrl\":\"https:\\\/\\\/storage.googleapis.com\\\/cz-shopatoa-img\\\/ro\\\/4c5ce0d6-unnamed-file.webp\",\"width\":800,\"height\":800},{\"@type\":\"BreadcrumbList\",\"@id\":\"https:\\\/\\\/shopatoa.com\\\/ro\\\/johnsons-baby-sampon-pentru-copii-rezerva-1000-ml\\\/#breadcrumb\",\"itemListElement\":[{\"@type\":\"ListItem\",\"position\":1,\"name\":\"Dom\u016f\",\"item\":\"https:\\\/\\\/shopatoa.com\\\/ro\\\/\"},{\"@type\":\"ListItem\",\"position\":2,\"name\":\"Shop\",\"item\":\"https:\\\/\\\/shopatoa.com\\\/ro\\\/shop\\\/\"},{\"@type\":\"ListItem\",\"position\":3,\"name\":\"S\u0103n\u0103tate \u0219i frumuse\u021be\",\"item\":\"https:\\\/\\\/shopatoa.com\\\/ro\\\/sanatate-si-frumusete\\\/\"},{\"@type\":\"ListItem\",\"position\":4,\"name\":\"\u00cengrijire personal\u0103\",\"item\":\"https:\\\/\\\/shopatoa.com\\\/ro\\\/ingrijire-personala\\\/\"},{\"@type\":\"ListItem\",\"position\":5,\"name\":\"\u00cengrijirea p\u0103rului\",\"item\":\"https:\\\/\\\/shopatoa.com\\\/ro\\\/ingrijirea-parului\\\/\"},{\"@type\":\"ListItem\",\"position\":6,\"name\":\"\u0218ampon &amp; Balsam\",\"item\":\"https:\\\/\\\/shopatoa.com\\\/ro\\\/sampon-balsam\\\/\"},{\"@type\":\"ListItem\",\"position\":7,\"name\":\"Johnson&#8217;s\u00ae Baby sampon pentru copii rezerv\u0103 1000 ml\"}]},{\"@type\":\"WebSite\",\"@id\":\"https:\\\/\\\/shopatoa.com\\\/ro\\\/#website\",\"url\":\"https:\\\/\\\/shopatoa.com\\\/ro\\\/\",\"name\":\"SHOPATOA\",\"description\":\"\",\"publisher\":{\"@id\":\"https:\\\/\\\/shopatoa.com\\\/ro\\\/#organization\"},\"potentialAction\":[{\"@type\":\"SearchAction\",\"target\":{\"@type\":\"EntryPoint\",\"urlTemplate\":\"https:\\\/\\\/shopatoa.com\\\/ro\\\/?s={search_term_string}\"},\"query-input\":{\"@type\":\"PropertyValueSpecification\",\"valueRequired\":true,\"valueName\":\"search_term_string\"}}],\"inLanguage\":\"ro-RO\"},{\"@type\":\"Organization\",\"@id\":\"https:\\\/\\\/shopatoa.com\\\/ro\\\/#organization\",\"name\":\"SHOPATOA\",\"url\":\"https:\\\/\\\/shopatoa.com\\\/ro\\\/\",\"logo\":{\"@type\":\"ImageObject\",\"inLanguage\":\"ro-RO\",\"@id\":\"https:\\\/\\\/shopatoa.com\\\/ro\\\/#\\\/schema\\\/logo\\\/image\\\/\",\"url\":\"https:\\\/\\\/storage.googleapis.com\\\/cz-shopatoa-img\\\/ro\\\/b4dac915-shopatoa_logo.png\",\"contentUrl\":\"https:\\\/\\\/storage.googleapis.com\\\/cz-shopatoa-img\\\/ro\\\/b4dac915-shopatoa_logo.png\",\"width\":416,\"height\":63,\"caption\":\"SHOPATOA\"},\"image\":{\"@id\":\"https:\\\/\\\/shopatoa.com\\\/ro\\\/#\\\/schema\\\/logo\\\/image\\\/\"}}]}<\/script>\n<!-- \/ Yoast SEO plugin. -->","yoast_head_json":{"title":"Johnson's\u00ae Baby sampon pentru copii rezerv\u0103 1000 ml - SHOPATOA.COM","robots":{"index":"index","follow":"follow","max-snippet":"max-snippet:-1","max-image-preview":"max-image-preview:large","max-video-preview":"max-video-preview:-1"},"canonical":"https:\/\/shopatoa.com\/ro\/johnsons-baby-sampon-pentru-copii-rezerva-1000-ml\/","og_locale":"ro_RO","og_type":"article","og_title":"Johnson's\u00ae Baby sampon pentru copii rezerv\u0103 1000 ml - SHOPATOA.COM","og_description":"Johnson&#8217;s\u00ae Baby, 1000 ml, \u0218ampoane pentru copii pentru copii, Sp\u0103larea regulat\u0103 a p\u0103rului nu ar trebui s\u0103 fie o activitate de temut pentru dvs. \u0219i pentru copii, ci o experien\u021b\u0103 pl\u0103cut\u0103, \u00een care p\u0103rul copilului dvs. beneficiaz\u0103 de cea mai bun\u0103 \u00eengrijire. \u0218amponul Johnson&#8217;s\u00ae Baby ajut\u0103 la sp\u0103larea \u0219i \u00eendep\u0103rtarea impurit\u0103\u021bilor din p\u0103r \u0219i de...","og_url":"https:\/\/shopatoa.com\/ro\/johnsons-baby-sampon-pentru-copii-rezerva-1000-ml\/","og_site_name":"SHOPATOA","article_modified_time":"2025-12-13T20:54:57+00:00","og_image":[{"width":800,"height":800,"url":"https:\/\/storage.googleapis.com\/cz-shopatoa-img\/ro\/4c5ce0d6-unnamed-file.webp","type":"image\/webp"}],"twitter_card":"summary_large_image","twitter_misc":{"Timp estimat pentru citire":"1 minut"},"schema":{"@context":"https:\/\/schema.org","@graph":[{"@type":"WebPage","@id":"https:\/\/shopatoa.com\/ro\/johnsons-baby-sampon-pentru-copii-rezerva-1000-ml\/","url":"https:\/\/shopatoa.com\/ro\/johnsons-baby-sampon-pentru-copii-rezerva-1000-ml\/","name":"Johnson's\u00ae Baby sampon pentru copii rezerv\u0103 1000 ml - SHOPATOA.COM","isPartOf":{"@id":"https:\/\/shopatoa.com\/ro\/#website"},"primaryImageOfPage":{"@id":"https:\/\/shopatoa.com\/ro\/johnsons-baby-sampon-pentru-copii-rezerva-1000-ml\/#primaryimage"},"image":{"@id":"https:\/\/shopatoa.com\/ro\/johnsons-baby-sampon-pentru-copii-rezerva-1000-ml\/#primaryimage"},"thumbnailUrl":"https:\/\/storage.googleapis.com\/cz-shopatoa-img\/ro\/4c5ce0d6-unnamed-file.webp","datePublished":"2025-06-24T13:37:18+00:00","dateModified":"2025-12-13T20:54:57+00:00","breadcrumb":{"@id":"https:\/\/shopatoa.com\/ro\/johnsons-baby-sampon-pentru-copii-rezerva-1000-ml\/#breadcrumb"},"inLanguage":"ro-RO","potentialAction":[{"@type":"ReadAction","target":["https:\/\/shopatoa.com\/ro\/johnsons-baby-sampon-pentru-copii-rezerva-1000-ml\/"]}]},{"@type":"ImageObject","inLanguage":"ro-RO","@id":"https:\/\/shopatoa.com\/ro\/johnsons-baby-sampon-pentru-copii-rezerva-1000-ml\/#primaryimage","url":"https:\/\/storage.googleapis.com\/cz-shopatoa-img\/ro\/4c5ce0d6-unnamed-file.webp","contentUrl":"https:\/\/storage.googleapis.com\/cz-shopatoa-img\/ro\/4c5ce0d6-unnamed-file.webp","width":800,"height":800},{"@type":"BreadcrumbList","@id":"https:\/\/shopatoa.com\/ro\/johnsons-baby-sampon-pentru-copii-rezerva-1000-ml\/#breadcrumb","itemListElement":[{"@type":"ListItem","position":1,"name":"Dom\u016f","item":"https:\/\/shopatoa.com\/ro\/"},{"@type":"ListItem","position":2,"name":"Shop","item":"https:\/\/shopatoa.com\/ro\/shop\/"},{"@type":"ListItem","position":3,"name":"S\u0103n\u0103tate \u0219i frumuse\u021be","item":"https:\/\/shopatoa.com\/ro\/sanatate-si-frumusete\/"},{"@type":"ListItem","position":4,"name":"\u00cengrijire personal\u0103","item":"https:\/\/shopatoa.com\/ro\/ingrijire-personala\/"},{"@type":"ListItem","position":5,"name":"\u00cengrijirea p\u0103rului","item":"https:\/\/shopatoa.com\/ro\/ingrijirea-parului\/"},{"@type":"ListItem","position":6,"name":"\u0218ampon &amp; Balsam","item":"https:\/\/shopatoa.com\/ro\/sampon-balsam\/"},{"@type":"ListItem","position":7,"name":"Johnson&#8217;s\u00ae Baby sampon pentru copii rezerv\u0103 1000 ml"}]},{"@type":"WebSite","@id":"https:\/\/shopatoa.com\/ro\/#website","url":"https:\/\/shopatoa.com\/ro\/","name":"SHOPATOA","description":"","publisher":{"@id":"https:\/\/shopatoa.com\/ro\/#organization"},"potentialAction":[{"@type":"SearchAction","target":{"@type":"EntryPoint","urlTemplate":"https:\/\/shopatoa.com\/ro\/?s={search_term_string}"},"query-input":{"@type":"PropertyValueSpecification","valueRequired":true,"valueName":"search_term_string"}}],"inLanguage":"ro-RO"},{"@type":"Organization","@id":"https:\/\/shopatoa.com\/ro\/#organization","name":"SHOPATOA","url":"https:\/\/shopatoa.com\/ro\/","logo":{"@type":"ImageObject","inLanguage":"ro-RO","@id":"https:\/\/shopatoa.com\/ro\/#\/schema\/logo\/image\/","url":"https:\/\/storage.googleapis.com\/cz-shopatoa-img\/ro\/b4dac915-shopatoa_logo.png","contentUrl":"https:\/\/storage.googleapis.com\/cz-shopatoa-img\/ro\/b4dac915-shopatoa_logo.png","width":416,"height":63,"caption":"SHOPATOA"},"image":{"@id":"https:\/\/shopatoa.com\/ro\/#\/schema\/logo\/image\/"}}]}},"_links":{"self":[{"href":"https:\/\/shopatoa.com\/ro\/wp-json\/wp\/v2\/product\/442959","targetHints":{"allow":["GET"]}}],"collection":[{"href":"https:\/\/shopatoa.com\/ro\/wp-json\/wp\/v2\/product"}],"about":[{"href":"https:\/\/shopatoa.com\/ro\/wp-json\/wp\/v2\/types\/product"}],"replies":[{"embeddable":true,"href":"https:\/\/shopatoa.com\/ro\/wp-json\/wp\/v2\/comments?post=442959"}],"wp:featuredmedia":[{"embeddable":true,"href":"https:\/\/shopatoa.com\/ro\/wp-json\/wp\/v2\/media\/442960"}],"wp:attachment":[{"href":"https:\/\/shopatoa.com\/ro\/wp-json\/wp\/v2\/media?parent=442959"}],"wp:term":[{"taxonomy":"product_brand","embeddable":true,"href":"https:\/\/shopatoa.com\/ro\/wp-json\/wp\/v2\/product_brand?post=442959"},{"taxonomy":"product_cat","embeddable":true,"href":"https:\/\/shopatoa.com\/ro\/wp-json\/wp\/v2\/product_cat?post=442959"},{"taxonomy":"product_tag","embeddable":true,"href":"https:\/\/shopatoa.com\/ro\/wp-json\/wp\/v2\/product_tag?post=442959"}],"curies":[{"name":"wp","href":"https:\/\/api.w.org\/{rel}","templated":true}]}}