{"id":443783,"date":"2025-06-24T17:09:16","date_gmt":"2025-06-24T15:09:16","guid":{"rendered":"https:\/\/shopatoa.com\/ro\/axis-y-mugwort-green-vital-energy-complex-sheet-mask-masca-de-celule-cu-efect-hidratant-si-linistitor-27-ml\/"},"modified":"2025-12-13T20:54:47","modified_gmt":"2025-12-13T19:54:47","slug":"axis-y-mugwort-green-vital-energy-complex-sheet-mask-masca-de-celule-cu-efect-hidratant-si-linistitor-27-ml","status":"publish","type":"product","link":"https:\/\/shopatoa.com\/ro\/axis-y-mugwort-green-vital-energy-complex-sheet-mask-masca-de-celule-cu-efect-hidratant-si-linistitor-27-ml\/","title":{"rendered":"AXIS-Y Mugwort Green Vital Energy Complex Sheet Mask masca de celule cu efect hidratant si linistitor 27 ml"},"content":{"rendered":"<p>AXIS-Y Mugwort Green Vital Energy Complex Sheet Mask, 27 ml, M\u0103\u0219ti din p\u00e2nz\u0103 pentru femei, Efectele unui ser sau ale unei esen\u021be concentrate, dar \u0219i o senza\u021bie de relaxare, datorit\u0103 ritualului de \u00eengrijire inspirat de obiceiurile coreene. Masc\u0103 textil\u0103 AXIS-Y Mugwort Green Vital Energy Complex Sheet Mask va oferi tenului dvs. o doz\u0103 suplimentar\u0103 de \u00eengrijire, r\u0103sf\u0103\u021b\u00e2ndu-l totodat\u0103 cu o atingere delicat\u0103 a \u021bes\u0103turii moi.  Caracteristici:  hidrateaz\u0103 profund \u0219i hr\u0103ne\u0219te intens ilumineaz\u0103 \u0219i \u00eemprosp\u0103teaz\u0103 are efect de calmare regenereaz\u0103 bariera pielii  Cum se utilizeaz\u0103: Se scoate cu grij\u0103 masca din ambalaj \u0219i se aplic\u0103 pe fa\u021ba curat\u0103. Se las\u0103 s\u0103 ac\u021bioneze pe durata specificat\u0103 pe ambalaj. \u00cendep\u0103rta\u021bi masca \u0219i masa\u021bi excesul de ser pe fa\u021b\u0103 cu ajutorul degetelor sau \u0219terge\u021bi cu o dischet\u0103 de bumbac. Pentru \u00eenceput, efectua\u021bi un test de toleran\u021b\u0103. A se evita zona ochilor.<\/p>\n","protected":false},"excerpt":{"rendered":"<p>AXIS-Y Mugwort Green Vital Energy Complex Sheet Mask, 27 ml, M\u0103\u0219ti din p\u00e2nz\u0103 pentru femei, Efectele unui ser sau ale unei esen\u021be concentrate, dar \u0219i o senza\u021bie de relaxare, datorit\u0103 ritualului de \u00eengrijire inspirat de obiceiurile coreene. Masc\u0103 textil\u0103 AXIS-Y Mugwort Green Vital Energy Complex Sheet Mask va oferi tenului dvs. o doz\u0103 suplimentar\u0103 de&#8230;<\/p>\n","protected":false},"featured_media":443784,"comment_status":"closed","ping_status":"open","template":"","meta":{"_acf_changed":false,"_kadence_starter_templates_imported_post":false,"_kad_post_transparent":"","_kad_post_title":"","_kad_post_layout":"","_kad_post_sidebar_id":"","_kad_post_content_style":"","_kad_post_vertical_padding":"","_kad_post_feature":"","_kad_post_feature_position":"","_kad_post_header":false,"_kad_post_footer":false,"_kad_post_classname":""},"product_brand":[2704],"product_cat":[1564,1563,1565,1614,1562],"product_tag":[],"class_list":{"0":"post-443783","1":"product","2":"type-product","3":"status-publish","4":"has-post-thumbnail","6":"product_brand-axis-y","7":"product_cat-cosmetice-ingrijire-personala","8":"product_cat-ingrijire-personala","9":"product_cat-ingrijirea-pielii","10":"product_cat-masti-si-peelings-pentru-ten","11":"product_cat-sanatate-si-frumusete","12":"pa_gen-female","13":"pa_marime-27-ml","15":"first","16":"instock","17":"product-type-external","18":"entry","19":"content-bg","20":"loop-entry"},"acf":[],"yoast_head":"<!-- This site is optimized with the Yoast SEO plugin v27.4 - https:\/\/yoast.com\/product\/yoast-seo-wordpress\/ -->\n<title>AXIS-Y Mugwort Green Vital Energy Complex Sheet Mask masca de celule cu efect hidratant si linistitor 27 ml - SHOPATOA.COM<\/title>\n<meta name=\"robots\" content=\"index, follow, max-snippet:-1, max-image-preview:large, max-video-preview:-1\" \/>\n<link rel=\"canonical\" href=\"https:\/\/shopatoa.com\/ro\/axis-y-mugwort-green-vital-energy-complex-sheet-mask-masca-de-celule-cu-efect-hidratant-si-linistitor-27-ml\/\" \/>\n<meta property=\"og:locale\" content=\"ro_RO\" \/>\n<meta property=\"og:type\" content=\"article\" \/>\n<meta property=\"og:title\" content=\"AXIS-Y Mugwort Green Vital Energy Complex Sheet Mask masca de celule cu efect hidratant si linistitor 27 ml - SHOPATOA.COM\" \/>\n<meta property=\"og:description\" content=\"AXIS-Y Mugwort Green Vital Energy Complex Sheet Mask, 27 ml, M\u0103\u0219ti din p\u00e2nz\u0103 pentru femei, Efectele unui ser sau ale unei esen\u021be concentrate, dar \u0219i o senza\u021bie de relaxare, datorit\u0103 ritualului de \u00eengrijire inspirat de obiceiurile coreene. Masc\u0103 textil\u0103 AXIS-Y Mugwort Green Vital Energy Complex Sheet Mask va oferi tenului dvs. o doz\u0103 suplimentar\u0103 de...\" \/>\n<meta property=\"og:url\" content=\"https:\/\/shopatoa.com\/ro\/axis-y-mugwort-green-vital-energy-complex-sheet-mask-masca-de-celule-cu-efect-hidratant-si-linistitor-27-ml\/\" \/>\n<meta property=\"og:site_name\" content=\"SHOPATOA\" \/>\n<meta property=\"article:modified_time\" content=\"2025-12-13T19:54:47+00:00\" \/>\n<meta property=\"og:image\" content=\"https:\/\/storage.googleapis.com\/cz-shopatoa-img\/ro\/d8937265-unnamed-file.webp\" \/>\n\t<meta property=\"og:image:width\" content=\"800\" \/>\n\t<meta property=\"og:image:height\" content=\"800\" \/>\n\t<meta property=\"og:image:type\" content=\"image\/webp\" \/>\n<meta name=\"twitter:card\" content=\"summary_large_image\" \/>\n<meta name=\"twitter:label1\" content=\"Timp estimat pentru citire\" \/>\n\t<meta name=\"twitter:data1\" content=\"1 minut\" \/>\n<script type=\"application\/ld+json\" class=\"yoast-schema-graph\">{\"@context\":\"https:\\\/\\\/schema.org\",\"@graph\":[{\"@type\":\"WebPage\",\"@id\":\"https:\\\/\\\/shopatoa.com\\\/ro\\\/axis-y-mugwort-green-vital-energy-complex-sheet-mask-masca-de-celule-cu-efect-hidratant-si-linistitor-27-ml\\\/\",\"url\":\"https:\\\/\\\/shopatoa.com\\\/ro\\\/axis-y-mugwort-green-vital-energy-complex-sheet-mask-masca-de-celule-cu-efect-hidratant-si-linistitor-27-ml\\\/\",\"name\":\"AXIS-Y Mugwort Green Vital Energy Complex Sheet Mask masca de celule cu efect hidratant si linistitor 27 ml - SHOPATOA.COM\",\"isPartOf\":{\"@id\":\"https:\\\/\\\/shopatoa.com\\\/ro\\\/#website\"},\"primaryImageOfPage\":{\"@id\":\"https:\\\/\\\/shopatoa.com\\\/ro\\\/axis-y-mugwort-green-vital-energy-complex-sheet-mask-masca-de-celule-cu-efect-hidratant-si-linistitor-27-ml\\\/#primaryimage\"},\"image\":{\"@id\":\"https:\\\/\\\/shopatoa.com\\\/ro\\\/axis-y-mugwort-green-vital-energy-complex-sheet-mask-masca-de-celule-cu-efect-hidratant-si-linistitor-27-ml\\\/#primaryimage\"},\"thumbnailUrl\":\"https:\\\/\\\/storage.googleapis.com\\\/cz-shopatoa-img\\\/ro\\\/d8937265-unnamed-file.webp\",\"datePublished\":\"2025-06-24T15:09:16+00:00\",\"dateModified\":\"2025-12-13T19:54:47+00:00\",\"breadcrumb\":{\"@id\":\"https:\\\/\\\/shopatoa.com\\\/ro\\\/axis-y-mugwort-green-vital-energy-complex-sheet-mask-masca-de-celule-cu-efect-hidratant-si-linistitor-27-ml\\\/#breadcrumb\"},\"inLanguage\":\"ro-RO\",\"potentialAction\":[{\"@type\":\"ReadAction\",\"target\":[\"https:\\\/\\\/shopatoa.com\\\/ro\\\/axis-y-mugwort-green-vital-energy-complex-sheet-mask-masca-de-celule-cu-efect-hidratant-si-linistitor-27-ml\\\/\"]}]},{\"@type\":\"ImageObject\",\"inLanguage\":\"ro-RO\",\"@id\":\"https:\\\/\\\/shopatoa.com\\\/ro\\\/axis-y-mugwort-green-vital-energy-complex-sheet-mask-masca-de-celule-cu-efect-hidratant-si-linistitor-27-ml\\\/#primaryimage\",\"url\":\"https:\\\/\\\/storage.googleapis.com\\\/cz-shopatoa-img\\\/ro\\\/d8937265-unnamed-file.webp\",\"contentUrl\":\"https:\\\/\\\/storage.googleapis.com\\\/cz-shopatoa-img\\\/ro\\\/d8937265-unnamed-file.webp\",\"width\":800,\"height\":800},{\"@type\":\"BreadcrumbList\",\"@id\":\"https:\\\/\\\/shopatoa.com\\\/ro\\\/axis-y-mugwort-green-vital-energy-complex-sheet-mask-masca-de-celule-cu-efect-hidratant-si-linistitor-27-ml\\\/#breadcrumb\",\"itemListElement\":[{\"@type\":\"ListItem\",\"position\":1,\"name\":\"Dom\u016f\",\"item\":\"https:\\\/\\\/shopatoa.com\\\/ro\\\/\"},{\"@type\":\"ListItem\",\"position\":2,\"name\":\"Shop\",\"item\":\"https:\\\/\\\/shopatoa.com\\\/ro\\\/shop\\\/\"},{\"@type\":\"ListItem\",\"position\":3,\"name\":\"S\u0103n\u0103tate \u0219i frumuse\u021be\",\"item\":\"https:\\\/\\\/shopatoa.com\\\/ro\\\/sanatate-si-frumusete\\\/\"},{\"@type\":\"ListItem\",\"position\":4,\"name\":\"\u00cengrijire personal\u0103\",\"item\":\"https:\\\/\\\/shopatoa.com\\\/ro\\\/ingrijire-personala\\\/\"},{\"@type\":\"ListItem\",\"position\":5,\"name\":\"Cosmetice\",\"item\":\"https:\\\/\\\/shopatoa.com\\\/ro\\\/cosmetice-ingrijire-personala\\\/\"},{\"@type\":\"ListItem\",\"position\":6,\"name\":\"\u00cengrijirea pielii\",\"item\":\"https:\\\/\\\/shopatoa.com\\\/ro\\\/ingrijirea-pielii\\\/\"},{\"@type\":\"ListItem\",\"position\":7,\"name\":\"M\u0103\u0219ti \u0219i peelings pentru ten\",\"item\":\"https:\\\/\\\/shopatoa.com\\\/ro\\\/masti-si-peelings-pentru-ten\\\/\"},{\"@type\":\"ListItem\",\"position\":8,\"name\":\"AXIS-Y Mugwort Green Vital Energy Complex Sheet Mask masca de celule cu efect hidratant si linistitor 27 ml\"}]},{\"@type\":\"WebSite\",\"@id\":\"https:\\\/\\\/shopatoa.com\\\/ro\\\/#website\",\"url\":\"https:\\\/\\\/shopatoa.com\\\/ro\\\/\",\"name\":\"SHOPATOA\",\"description\":\"\",\"publisher\":{\"@id\":\"https:\\\/\\\/shopatoa.com\\\/ro\\\/#organization\"},\"potentialAction\":[{\"@type\":\"SearchAction\",\"target\":{\"@type\":\"EntryPoint\",\"urlTemplate\":\"https:\\\/\\\/shopatoa.com\\\/ro\\\/?s={search_term_string}\"},\"query-input\":{\"@type\":\"PropertyValueSpecification\",\"valueRequired\":true,\"valueName\":\"search_term_string\"}}],\"inLanguage\":\"ro-RO\"},{\"@type\":\"Organization\",\"@id\":\"https:\\\/\\\/shopatoa.com\\\/ro\\\/#organization\",\"name\":\"SHOPATOA\",\"url\":\"https:\\\/\\\/shopatoa.com\\\/ro\\\/\",\"logo\":{\"@type\":\"ImageObject\",\"inLanguage\":\"ro-RO\",\"@id\":\"https:\\\/\\\/shopatoa.com\\\/ro\\\/#\\\/schema\\\/logo\\\/image\\\/\",\"url\":\"https:\\\/\\\/storage.googleapis.com\\\/cz-shopatoa-img\\\/ro\\\/b4dac915-shopatoa_logo.png\",\"contentUrl\":\"https:\\\/\\\/storage.googleapis.com\\\/cz-shopatoa-img\\\/ro\\\/b4dac915-shopatoa_logo.png\",\"width\":416,\"height\":63,\"caption\":\"SHOPATOA\"},\"image\":{\"@id\":\"https:\\\/\\\/shopatoa.com\\\/ro\\\/#\\\/schema\\\/logo\\\/image\\\/\"}}]}<\/script>\n<!-- \/ Yoast SEO plugin. -->","yoast_head_json":{"title":"AXIS-Y Mugwort Green Vital Energy Complex Sheet Mask masca de celule cu efect hidratant si linistitor 27 ml - SHOPATOA.COM","robots":{"index":"index","follow":"follow","max-snippet":"max-snippet:-1","max-image-preview":"max-image-preview:large","max-video-preview":"max-video-preview:-1"},"canonical":"https:\/\/shopatoa.com\/ro\/axis-y-mugwort-green-vital-energy-complex-sheet-mask-masca-de-celule-cu-efect-hidratant-si-linistitor-27-ml\/","og_locale":"ro_RO","og_type":"article","og_title":"AXIS-Y Mugwort Green Vital Energy Complex Sheet Mask masca de celule cu efect hidratant si linistitor 27 ml - SHOPATOA.COM","og_description":"AXIS-Y Mugwort Green Vital Energy Complex Sheet Mask, 27 ml, M\u0103\u0219ti din p\u00e2nz\u0103 pentru femei, Efectele unui ser sau ale unei esen\u021be concentrate, dar \u0219i o senza\u021bie de relaxare, datorit\u0103 ritualului de \u00eengrijire inspirat de obiceiurile coreene. Masc\u0103 textil\u0103 AXIS-Y Mugwort Green Vital Energy Complex Sheet Mask va oferi tenului dvs. o doz\u0103 suplimentar\u0103 de...","og_url":"https:\/\/shopatoa.com\/ro\/axis-y-mugwort-green-vital-energy-complex-sheet-mask-masca-de-celule-cu-efect-hidratant-si-linistitor-27-ml\/","og_site_name":"SHOPATOA","article_modified_time":"2025-12-13T19:54:47+00:00","og_image":[{"width":800,"height":800,"url":"https:\/\/storage.googleapis.com\/cz-shopatoa-img\/ro\/d8937265-unnamed-file.webp","type":"image\/webp"}],"twitter_card":"summary_large_image","twitter_misc":{"Timp estimat pentru citire":"1 minut"},"schema":{"@context":"https:\/\/schema.org","@graph":[{"@type":"WebPage","@id":"https:\/\/shopatoa.com\/ro\/axis-y-mugwort-green-vital-energy-complex-sheet-mask-masca-de-celule-cu-efect-hidratant-si-linistitor-27-ml\/","url":"https:\/\/shopatoa.com\/ro\/axis-y-mugwort-green-vital-energy-complex-sheet-mask-masca-de-celule-cu-efect-hidratant-si-linistitor-27-ml\/","name":"AXIS-Y Mugwort Green Vital Energy Complex Sheet Mask masca de celule cu efect hidratant si linistitor 27 ml - SHOPATOA.COM","isPartOf":{"@id":"https:\/\/shopatoa.com\/ro\/#website"},"primaryImageOfPage":{"@id":"https:\/\/shopatoa.com\/ro\/axis-y-mugwort-green-vital-energy-complex-sheet-mask-masca-de-celule-cu-efect-hidratant-si-linistitor-27-ml\/#primaryimage"},"image":{"@id":"https:\/\/shopatoa.com\/ro\/axis-y-mugwort-green-vital-energy-complex-sheet-mask-masca-de-celule-cu-efect-hidratant-si-linistitor-27-ml\/#primaryimage"},"thumbnailUrl":"https:\/\/storage.googleapis.com\/cz-shopatoa-img\/ro\/d8937265-unnamed-file.webp","datePublished":"2025-06-24T15:09:16+00:00","dateModified":"2025-12-13T19:54:47+00:00","breadcrumb":{"@id":"https:\/\/shopatoa.com\/ro\/axis-y-mugwort-green-vital-energy-complex-sheet-mask-masca-de-celule-cu-efect-hidratant-si-linistitor-27-ml\/#breadcrumb"},"inLanguage":"ro-RO","potentialAction":[{"@type":"ReadAction","target":["https:\/\/shopatoa.com\/ro\/axis-y-mugwort-green-vital-energy-complex-sheet-mask-masca-de-celule-cu-efect-hidratant-si-linistitor-27-ml\/"]}]},{"@type":"ImageObject","inLanguage":"ro-RO","@id":"https:\/\/shopatoa.com\/ro\/axis-y-mugwort-green-vital-energy-complex-sheet-mask-masca-de-celule-cu-efect-hidratant-si-linistitor-27-ml\/#primaryimage","url":"https:\/\/storage.googleapis.com\/cz-shopatoa-img\/ro\/d8937265-unnamed-file.webp","contentUrl":"https:\/\/storage.googleapis.com\/cz-shopatoa-img\/ro\/d8937265-unnamed-file.webp","width":800,"height":800},{"@type":"BreadcrumbList","@id":"https:\/\/shopatoa.com\/ro\/axis-y-mugwort-green-vital-energy-complex-sheet-mask-masca-de-celule-cu-efect-hidratant-si-linistitor-27-ml\/#breadcrumb","itemListElement":[{"@type":"ListItem","position":1,"name":"Dom\u016f","item":"https:\/\/shopatoa.com\/ro\/"},{"@type":"ListItem","position":2,"name":"Shop","item":"https:\/\/shopatoa.com\/ro\/shop\/"},{"@type":"ListItem","position":3,"name":"S\u0103n\u0103tate \u0219i frumuse\u021be","item":"https:\/\/shopatoa.com\/ro\/sanatate-si-frumusete\/"},{"@type":"ListItem","position":4,"name":"\u00cengrijire personal\u0103","item":"https:\/\/shopatoa.com\/ro\/ingrijire-personala\/"},{"@type":"ListItem","position":5,"name":"Cosmetice","item":"https:\/\/shopatoa.com\/ro\/cosmetice-ingrijire-personala\/"},{"@type":"ListItem","position":6,"name":"\u00cengrijirea pielii","item":"https:\/\/shopatoa.com\/ro\/ingrijirea-pielii\/"},{"@type":"ListItem","position":7,"name":"M\u0103\u0219ti \u0219i peelings pentru ten","item":"https:\/\/shopatoa.com\/ro\/masti-si-peelings-pentru-ten\/"},{"@type":"ListItem","position":8,"name":"AXIS-Y Mugwort Green Vital Energy Complex Sheet Mask masca de celule cu efect hidratant si linistitor 27 ml"}]},{"@type":"WebSite","@id":"https:\/\/shopatoa.com\/ro\/#website","url":"https:\/\/shopatoa.com\/ro\/","name":"SHOPATOA","description":"","publisher":{"@id":"https:\/\/shopatoa.com\/ro\/#organization"},"potentialAction":[{"@type":"SearchAction","target":{"@type":"EntryPoint","urlTemplate":"https:\/\/shopatoa.com\/ro\/?s={search_term_string}"},"query-input":{"@type":"PropertyValueSpecification","valueRequired":true,"valueName":"search_term_string"}}],"inLanguage":"ro-RO"},{"@type":"Organization","@id":"https:\/\/shopatoa.com\/ro\/#organization","name":"SHOPATOA","url":"https:\/\/shopatoa.com\/ro\/","logo":{"@type":"ImageObject","inLanguage":"ro-RO","@id":"https:\/\/shopatoa.com\/ro\/#\/schema\/logo\/image\/","url":"https:\/\/storage.googleapis.com\/cz-shopatoa-img\/ro\/b4dac915-shopatoa_logo.png","contentUrl":"https:\/\/storage.googleapis.com\/cz-shopatoa-img\/ro\/b4dac915-shopatoa_logo.png","width":416,"height":63,"caption":"SHOPATOA"},"image":{"@id":"https:\/\/shopatoa.com\/ro\/#\/schema\/logo\/image\/"}}]}},"_links":{"self":[{"href":"https:\/\/shopatoa.com\/ro\/wp-json\/wp\/v2\/product\/443783","targetHints":{"allow":["GET"]}}],"collection":[{"href":"https:\/\/shopatoa.com\/ro\/wp-json\/wp\/v2\/product"}],"about":[{"href":"https:\/\/shopatoa.com\/ro\/wp-json\/wp\/v2\/types\/product"}],"replies":[{"embeddable":true,"href":"https:\/\/shopatoa.com\/ro\/wp-json\/wp\/v2\/comments?post=443783"}],"wp:featuredmedia":[{"embeddable":true,"href":"https:\/\/shopatoa.com\/ro\/wp-json\/wp\/v2\/media\/443784"}],"wp:attachment":[{"href":"https:\/\/shopatoa.com\/ro\/wp-json\/wp\/v2\/media?parent=443783"}],"wp:term":[{"taxonomy":"product_brand","embeddable":true,"href":"https:\/\/shopatoa.com\/ro\/wp-json\/wp\/v2\/product_brand?post=443783"},{"taxonomy":"product_cat","embeddable":true,"href":"https:\/\/shopatoa.com\/ro\/wp-json\/wp\/v2\/product_cat?post=443783"},{"taxonomy":"product_tag","embeddable":true,"href":"https:\/\/shopatoa.com\/ro\/wp-json\/wp\/v2\/product_tag?post=443783"}],"curies":[{"name":"wp","href":"https:\/\/api.w.org\/{rel}","templated":true}]}}