{"id":443837,"date":"2025-06-24T17:14:20","date_gmt":"2025-06-24T15:14:20","guid":{"rendered":"https:\/\/shopatoa.com\/ro\/mini-u-hair-body-wash-tropical-berries-gel-de-dus-si-sampon-pentru-copii-250-ml\/"},"modified":"2025-12-13T20:53:11","modified_gmt":"2025-12-13T19:53:11","slug":"mini-u-hair-body-wash-tropical-berries-gel-de-dus-si-sampon-pentru-copii-250-ml","status":"publish","type":"product","link":"https:\/\/shopatoa.com\/ro\/mini-u-hair-body-wash-tropical-berries-gel-de-dus-si-sampon-pentru-copii-250-ml\/","title":{"rendered":"Mini-U Hair &amp; Body Wash Tropical Berries Gel de dus si sampon pentru copii 250 ml"},"content":{"rendered":"<p>Mini-U Hair &amp; Body Wash Tropical Berries, 250 ml, Geluri de du\u0219 pentru copii pentru copii, Dac\u0103 dori\u021bi s\u0103 economisi\u021bi nu doar timp, ci \u0219i spa\u021biu \u00een baie sau \u00een geanta de c\u0103l\u0103torie, ve\u021bi aprecia gelul de du\u0219 \u0219i \u0219amponul 2 \u00een 1 Mini-U Hair &amp; Body Wash Tropical Berries. Va \u00eendeplini func\u021bia a dou\u0103 produse \u00eentr-unul singur \u2013 spal\u0103 rapid \u0219i eficient at\u00e2t pielea corpului, c\u00e2t \u0219i p\u0103rul. Va ajuta la \u00eendep\u0103rtarea tuturor impurit\u0103\u021bilor \u0219i gr\u0103similor \u0219i v\u0103 va oferi o senza\u021bie de prospe\u021bime durabil\u0103, astfel \u00eenc\u00e2t ve\u021bi ie\u0219i de la du\u0219 ca ren\u0103scu\u021bi.  Caracteristici:  elimin\u0103 delicat toat\u0103 murd\u0103ria las\u0103 pielea fin\u0103 \u0219i supl\u0103 regenereaz\u0103 pielea copilului \u00een timpul b\u0103ii spal\u0103 delicat \u0219i p\u0103rul copilului design cu motiv juc\u0103u\u0219, pentru copii miroase pl\u0103cut hidrateaz\u0103 \u0219i catifeleaz\u0103  Ingrediente:  nu con\u021bine SLS sau SLES  Cum se utilizeaz\u0103: Se aplic\u0103 pe p\u0103rul \u0219i pielea umezite, se spumeaz\u0103 delicat, se maseaz\u0103 \u0219i apoi se cl\u0103te\u0219te bine.<\/p>\n","protected":false},"excerpt":{"rendered":"<p>Mini-U Hair &amp; Body Wash Tropical Berries, 250 ml, Geluri de du\u0219 pentru copii pentru copii, Dac\u0103 dori\u021bi s\u0103 economisi\u021bi nu doar timp, ci \u0219i spa\u021biu \u00een baie sau \u00een geanta de c\u0103l\u0103torie, ve\u021bi aprecia gelul de du\u0219 \u0219i \u0219amponul 2 \u00een 1 Mini-U Hair &amp; Body Wash Tropical Berries. Va \u00eendeplini func\u021bia a dou\u0103&#8230;<\/p>\n","protected":false},"featured_media":443838,"comment_status":"closed","ping_status":"open","template":"","meta":{"_acf_changed":false,"_kadence_starter_templates_imported_post":false,"_kad_post_transparent":"","_kad_post_title":"","_kad_post_layout":"","_kad_post_sidebar_id":"","_kad_post_content_style":"","_kad_post_vertical_padding":"","_kad_post_feature":"","_kad_post_feature_position":"","_kad_post_header":false,"_kad_post_footer":false,"_kad_post_classname":""},"product_brand":[1979],"product_cat":[1564,1563,1565,1562],"product_tag":[],"class_list":{"0":"post-443837","1":"product","2":"type-product","3":"status-publish","4":"has-post-thumbnail","6":"product_brand-mini-u","7":"product_cat-cosmetice-ingrijire-personala","8":"product_cat-ingrijire-personala","9":"product_cat-ingrijirea-pielii","10":"product_cat-sanatate-si-frumusete","11":"pa_gen-unisex","12":"pa_marime-250-ml","14":"first","15":"instock","16":"sale","17":"product-type-external","18":"entry","19":"content-bg","20":"loop-entry"},"acf":[],"yoast_head":"<!-- This site is optimized with the Yoast SEO plugin v27.4 - https:\/\/yoast.com\/product\/yoast-seo-wordpress\/ -->\n<title>Mini-U Hair &amp; Body Wash Tropical Berries Gel de dus si sampon pentru copii 250 ml - SHOPATOA.COM<\/title>\n<meta name=\"robots\" content=\"index, follow, max-snippet:-1, max-image-preview:large, max-video-preview:-1\" \/>\n<link rel=\"canonical\" href=\"https:\/\/shopatoa.com\/ro\/mini-u-hair-body-wash-tropical-berries-gel-de-dus-si-sampon-pentru-copii-250-ml\/\" \/>\n<meta property=\"og:locale\" content=\"ro_RO\" \/>\n<meta property=\"og:type\" content=\"article\" \/>\n<meta property=\"og:title\" content=\"Mini-U Hair &amp; Body Wash Tropical Berries Gel de dus si sampon pentru copii 250 ml - SHOPATOA.COM\" \/>\n<meta property=\"og:description\" content=\"Mini-U Hair &amp; Body Wash Tropical Berries, 250 ml, Geluri de du\u0219 pentru copii pentru copii, Dac\u0103 dori\u021bi s\u0103 economisi\u021bi nu doar timp, ci \u0219i spa\u021biu \u00een baie sau \u00een geanta de c\u0103l\u0103torie, ve\u021bi aprecia gelul de du\u0219 \u0219i \u0219amponul 2 \u00een 1 Mini-U Hair &amp; Body Wash Tropical Berries. Va \u00eendeplini func\u021bia a dou\u0103...\" \/>\n<meta property=\"og:url\" content=\"https:\/\/shopatoa.com\/ro\/mini-u-hair-body-wash-tropical-berries-gel-de-dus-si-sampon-pentru-copii-250-ml\/\" \/>\n<meta property=\"og:site_name\" content=\"SHOPATOA\" \/>\n<meta property=\"article:modified_time\" content=\"2025-12-13T19:53:11+00:00\" \/>\n<meta property=\"og:image\" content=\"https:\/\/storage.googleapis.com\/cz-shopatoa-img\/ro\/757e1e1b-unnamed-file.webp\" \/>\n\t<meta property=\"og:image:width\" content=\"800\" \/>\n\t<meta property=\"og:image:height\" content=\"800\" \/>\n\t<meta property=\"og:image:type\" content=\"image\/webp\" \/>\n<meta name=\"twitter:card\" content=\"summary_large_image\" \/>\n<meta name=\"twitter:label1\" content=\"Timp estimat pentru citire\" \/>\n\t<meta name=\"twitter:data1\" content=\"1 minut\" \/>\n<script type=\"application\/ld+json\" class=\"yoast-schema-graph\">{\"@context\":\"https:\\\/\\\/schema.org\",\"@graph\":[{\"@type\":\"WebPage\",\"@id\":\"https:\\\/\\\/shopatoa.com\\\/ro\\\/mini-u-hair-body-wash-tropical-berries-gel-de-dus-si-sampon-pentru-copii-250-ml\\\/\",\"url\":\"https:\\\/\\\/shopatoa.com\\\/ro\\\/mini-u-hair-body-wash-tropical-berries-gel-de-dus-si-sampon-pentru-copii-250-ml\\\/\",\"name\":\"Mini-U Hair & Body Wash Tropical Berries Gel de dus si sampon pentru copii 250 ml - SHOPATOA.COM\",\"isPartOf\":{\"@id\":\"https:\\\/\\\/shopatoa.com\\\/ro\\\/#website\"},\"primaryImageOfPage\":{\"@id\":\"https:\\\/\\\/shopatoa.com\\\/ro\\\/mini-u-hair-body-wash-tropical-berries-gel-de-dus-si-sampon-pentru-copii-250-ml\\\/#primaryimage\"},\"image\":{\"@id\":\"https:\\\/\\\/shopatoa.com\\\/ro\\\/mini-u-hair-body-wash-tropical-berries-gel-de-dus-si-sampon-pentru-copii-250-ml\\\/#primaryimage\"},\"thumbnailUrl\":\"https:\\\/\\\/storage.googleapis.com\\\/cz-shopatoa-img\\\/ro\\\/757e1e1b-unnamed-file.webp\",\"datePublished\":\"2025-06-24T15:14:20+00:00\",\"dateModified\":\"2025-12-13T19:53:11+00:00\",\"breadcrumb\":{\"@id\":\"https:\\\/\\\/shopatoa.com\\\/ro\\\/mini-u-hair-body-wash-tropical-berries-gel-de-dus-si-sampon-pentru-copii-250-ml\\\/#breadcrumb\"},\"inLanguage\":\"ro-RO\",\"potentialAction\":[{\"@type\":\"ReadAction\",\"target\":[\"https:\\\/\\\/shopatoa.com\\\/ro\\\/mini-u-hair-body-wash-tropical-berries-gel-de-dus-si-sampon-pentru-copii-250-ml\\\/\"]}]},{\"@type\":\"ImageObject\",\"inLanguage\":\"ro-RO\",\"@id\":\"https:\\\/\\\/shopatoa.com\\\/ro\\\/mini-u-hair-body-wash-tropical-berries-gel-de-dus-si-sampon-pentru-copii-250-ml\\\/#primaryimage\",\"url\":\"https:\\\/\\\/storage.googleapis.com\\\/cz-shopatoa-img\\\/ro\\\/757e1e1b-unnamed-file.webp\",\"contentUrl\":\"https:\\\/\\\/storage.googleapis.com\\\/cz-shopatoa-img\\\/ro\\\/757e1e1b-unnamed-file.webp\",\"width\":800,\"height\":800},{\"@type\":\"BreadcrumbList\",\"@id\":\"https:\\\/\\\/shopatoa.com\\\/ro\\\/mini-u-hair-body-wash-tropical-berries-gel-de-dus-si-sampon-pentru-copii-250-ml\\\/#breadcrumb\",\"itemListElement\":[{\"@type\":\"ListItem\",\"position\":1,\"name\":\"Dom\u016f\",\"item\":\"https:\\\/\\\/shopatoa.com\\\/ro\\\/\"},{\"@type\":\"ListItem\",\"position\":2,\"name\":\"Shop\",\"item\":\"https:\\\/\\\/shopatoa.com\\\/ro\\\/shop\\\/\"},{\"@type\":\"ListItem\",\"position\":3,\"name\":\"S\u0103n\u0103tate \u0219i frumuse\u021be\",\"item\":\"https:\\\/\\\/shopatoa.com\\\/ro\\\/sanatate-si-frumusete\\\/\"},{\"@type\":\"ListItem\",\"position\":4,\"name\":\"\u00cengrijire personal\u0103\",\"item\":\"https:\\\/\\\/shopatoa.com\\\/ro\\\/ingrijire-personala\\\/\"},{\"@type\":\"ListItem\",\"position\":5,\"name\":\"Cosmetice\",\"item\":\"https:\\\/\\\/shopatoa.com\\\/ro\\\/cosmetice-ingrijire-personala\\\/\"},{\"@type\":\"ListItem\",\"position\":6,\"name\":\"\u00cengrijirea pielii\",\"item\":\"https:\\\/\\\/shopatoa.com\\\/ro\\\/ingrijirea-pielii\\\/\"},{\"@type\":\"ListItem\",\"position\":7,\"name\":\"Mini-U Hair &amp; Body Wash Tropical Berries Gel de dus si sampon pentru copii 250 ml\"}]},{\"@type\":\"WebSite\",\"@id\":\"https:\\\/\\\/shopatoa.com\\\/ro\\\/#website\",\"url\":\"https:\\\/\\\/shopatoa.com\\\/ro\\\/\",\"name\":\"SHOPATOA\",\"description\":\"\",\"publisher\":{\"@id\":\"https:\\\/\\\/shopatoa.com\\\/ro\\\/#organization\"},\"potentialAction\":[{\"@type\":\"SearchAction\",\"target\":{\"@type\":\"EntryPoint\",\"urlTemplate\":\"https:\\\/\\\/shopatoa.com\\\/ro\\\/?s={search_term_string}\"},\"query-input\":{\"@type\":\"PropertyValueSpecification\",\"valueRequired\":true,\"valueName\":\"search_term_string\"}}],\"inLanguage\":\"ro-RO\"},{\"@type\":\"Organization\",\"@id\":\"https:\\\/\\\/shopatoa.com\\\/ro\\\/#organization\",\"name\":\"SHOPATOA\",\"url\":\"https:\\\/\\\/shopatoa.com\\\/ro\\\/\",\"logo\":{\"@type\":\"ImageObject\",\"inLanguage\":\"ro-RO\",\"@id\":\"https:\\\/\\\/shopatoa.com\\\/ro\\\/#\\\/schema\\\/logo\\\/image\\\/\",\"url\":\"https:\\\/\\\/storage.googleapis.com\\\/cz-shopatoa-img\\\/ro\\\/b4dac915-shopatoa_logo.png\",\"contentUrl\":\"https:\\\/\\\/storage.googleapis.com\\\/cz-shopatoa-img\\\/ro\\\/b4dac915-shopatoa_logo.png\",\"width\":416,\"height\":63,\"caption\":\"SHOPATOA\"},\"image\":{\"@id\":\"https:\\\/\\\/shopatoa.com\\\/ro\\\/#\\\/schema\\\/logo\\\/image\\\/\"}}]}<\/script>\n<!-- \/ Yoast SEO plugin. -->","yoast_head_json":{"title":"Mini-U Hair & Body Wash Tropical Berries Gel de dus si sampon pentru copii 250 ml - SHOPATOA.COM","robots":{"index":"index","follow":"follow","max-snippet":"max-snippet:-1","max-image-preview":"max-image-preview:large","max-video-preview":"max-video-preview:-1"},"canonical":"https:\/\/shopatoa.com\/ro\/mini-u-hair-body-wash-tropical-berries-gel-de-dus-si-sampon-pentru-copii-250-ml\/","og_locale":"ro_RO","og_type":"article","og_title":"Mini-U Hair & Body Wash Tropical Berries Gel de dus si sampon pentru copii 250 ml - SHOPATOA.COM","og_description":"Mini-U Hair &amp; Body Wash Tropical Berries, 250 ml, Geluri de du\u0219 pentru copii pentru copii, Dac\u0103 dori\u021bi s\u0103 economisi\u021bi nu doar timp, ci \u0219i spa\u021biu \u00een baie sau \u00een geanta de c\u0103l\u0103torie, ve\u021bi aprecia gelul de du\u0219 \u0219i \u0219amponul 2 \u00een 1 Mini-U Hair &amp; Body Wash Tropical Berries. Va \u00eendeplini func\u021bia a dou\u0103...","og_url":"https:\/\/shopatoa.com\/ro\/mini-u-hair-body-wash-tropical-berries-gel-de-dus-si-sampon-pentru-copii-250-ml\/","og_site_name":"SHOPATOA","article_modified_time":"2025-12-13T19:53:11+00:00","og_image":[{"width":800,"height":800,"url":"https:\/\/storage.googleapis.com\/cz-shopatoa-img\/ro\/757e1e1b-unnamed-file.webp","type":"image\/webp"}],"twitter_card":"summary_large_image","twitter_misc":{"Timp estimat pentru citire":"1 minut"},"schema":{"@context":"https:\/\/schema.org","@graph":[{"@type":"WebPage","@id":"https:\/\/shopatoa.com\/ro\/mini-u-hair-body-wash-tropical-berries-gel-de-dus-si-sampon-pentru-copii-250-ml\/","url":"https:\/\/shopatoa.com\/ro\/mini-u-hair-body-wash-tropical-berries-gel-de-dus-si-sampon-pentru-copii-250-ml\/","name":"Mini-U Hair & Body Wash Tropical Berries Gel de dus si sampon pentru copii 250 ml - SHOPATOA.COM","isPartOf":{"@id":"https:\/\/shopatoa.com\/ro\/#website"},"primaryImageOfPage":{"@id":"https:\/\/shopatoa.com\/ro\/mini-u-hair-body-wash-tropical-berries-gel-de-dus-si-sampon-pentru-copii-250-ml\/#primaryimage"},"image":{"@id":"https:\/\/shopatoa.com\/ro\/mini-u-hair-body-wash-tropical-berries-gel-de-dus-si-sampon-pentru-copii-250-ml\/#primaryimage"},"thumbnailUrl":"https:\/\/storage.googleapis.com\/cz-shopatoa-img\/ro\/757e1e1b-unnamed-file.webp","datePublished":"2025-06-24T15:14:20+00:00","dateModified":"2025-12-13T19:53:11+00:00","breadcrumb":{"@id":"https:\/\/shopatoa.com\/ro\/mini-u-hair-body-wash-tropical-berries-gel-de-dus-si-sampon-pentru-copii-250-ml\/#breadcrumb"},"inLanguage":"ro-RO","potentialAction":[{"@type":"ReadAction","target":["https:\/\/shopatoa.com\/ro\/mini-u-hair-body-wash-tropical-berries-gel-de-dus-si-sampon-pentru-copii-250-ml\/"]}]},{"@type":"ImageObject","inLanguage":"ro-RO","@id":"https:\/\/shopatoa.com\/ro\/mini-u-hair-body-wash-tropical-berries-gel-de-dus-si-sampon-pentru-copii-250-ml\/#primaryimage","url":"https:\/\/storage.googleapis.com\/cz-shopatoa-img\/ro\/757e1e1b-unnamed-file.webp","contentUrl":"https:\/\/storage.googleapis.com\/cz-shopatoa-img\/ro\/757e1e1b-unnamed-file.webp","width":800,"height":800},{"@type":"BreadcrumbList","@id":"https:\/\/shopatoa.com\/ro\/mini-u-hair-body-wash-tropical-berries-gel-de-dus-si-sampon-pentru-copii-250-ml\/#breadcrumb","itemListElement":[{"@type":"ListItem","position":1,"name":"Dom\u016f","item":"https:\/\/shopatoa.com\/ro\/"},{"@type":"ListItem","position":2,"name":"Shop","item":"https:\/\/shopatoa.com\/ro\/shop\/"},{"@type":"ListItem","position":3,"name":"S\u0103n\u0103tate \u0219i frumuse\u021be","item":"https:\/\/shopatoa.com\/ro\/sanatate-si-frumusete\/"},{"@type":"ListItem","position":4,"name":"\u00cengrijire personal\u0103","item":"https:\/\/shopatoa.com\/ro\/ingrijire-personala\/"},{"@type":"ListItem","position":5,"name":"Cosmetice","item":"https:\/\/shopatoa.com\/ro\/cosmetice-ingrijire-personala\/"},{"@type":"ListItem","position":6,"name":"\u00cengrijirea pielii","item":"https:\/\/shopatoa.com\/ro\/ingrijirea-pielii\/"},{"@type":"ListItem","position":7,"name":"Mini-U Hair &amp; Body Wash Tropical Berries Gel de dus si sampon pentru copii 250 ml"}]},{"@type":"WebSite","@id":"https:\/\/shopatoa.com\/ro\/#website","url":"https:\/\/shopatoa.com\/ro\/","name":"SHOPATOA","description":"","publisher":{"@id":"https:\/\/shopatoa.com\/ro\/#organization"},"potentialAction":[{"@type":"SearchAction","target":{"@type":"EntryPoint","urlTemplate":"https:\/\/shopatoa.com\/ro\/?s={search_term_string}"},"query-input":{"@type":"PropertyValueSpecification","valueRequired":true,"valueName":"search_term_string"}}],"inLanguage":"ro-RO"},{"@type":"Organization","@id":"https:\/\/shopatoa.com\/ro\/#organization","name":"SHOPATOA","url":"https:\/\/shopatoa.com\/ro\/","logo":{"@type":"ImageObject","inLanguage":"ro-RO","@id":"https:\/\/shopatoa.com\/ro\/#\/schema\/logo\/image\/","url":"https:\/\/storage.googleapis.com\/cz-shopatoa-img\/ro\/b4dac915-shopatoa_logo.png","contentUrl":"https:\/\/storage.googleapis.com\/cz-shopatoa-img\/ro\/b4dac915-shopatoa_logo.png","width":416,"height":63,"caption":"SHOPATOA"},"image":{"@id":"https:\/\/shopatoa.com\/ro\/#\/schema\/logo\/image\/"}}]}},"_links":{"self":[{"href":"https:\/\/shopatoa.com\/ro\/wp-json\/wp\/v2\/product\/443837","targetHints":{"allow":["GET"]}}],"collection":[{"href":"https:\/\/shopatoa.com\/ro\/wp-json\/wp\/v2\/product"}],"about":[{"href":"https:\/\/shopatoa.com\/ro\/wp-json\/wp\/v2\/types\/product"}],"replies":[{"embeddable":true,"href":"https:\/\/shopatoa.com\/ro\/wp-json\/wp\/v2\/comments?post=443837"}],"wp:featuredmedia":[{"embeddable":true,"href":"https:\/\/shopatoa.com\/ro\/wp-json\/wp\/v2\/media\/443838"}],"wp:attachment":[{"href":"https:\/\/shopatoa.com\/ro\/wp-json\/wp\/v2\/media?parent=443837"}],"wp:term":[{"taxonomy":"product_brand","embeddable":true,"href":"https:\/\/shopatoa.com\/ro\/wp-json\/wp\/v2\/product_brand?post=443837"},{"taxonomy":"product_cat","embeddable":true,"href":"https:\/\/shopatoa.com\/ro\/wp-json\/wp\/v2\/product_cat?post=443837"},{"taxonomy":"product_tag","embeddable":true,"href":"https:\/\/shopatoa.com\/ro\/wp-json\/wp\/v2\/product_tag?post=443837"}],"curies":[{"name":"wp","href":"https:\/\/api.w.org\/{rel}","templated":true}]}}