{"id":444093,"date":"2025-06-24T17:37:40","date_gmt":"2025-06-24T15:37:40","guid":{"rendered":"https:\/\/shopatoa.com\/ro\/whamisa-organic-seeds-hair-scalp-tonic-tonic-revigorant-pentru-stimularea-cresterii-parului-165-ml\/"},"modified":"2025-12-13T20:43:50","modified_gmt":"2025-12-13T19:43:50","slug":"whamisa-organic-seeds-hair-scalp-tonic-tonic-revigorant-pentru-stimularea-cresterii-parului-165-ml","status":"publish","type":"product","link":"https:\/\/shopatoa.com\/ro\/whamisa-organic-seeds-hair-scalp-tonic-tonic-revigorant-pentru-stimularea-cresterii-parului-165-ml\/","title":{"rendered":"WHAMISA Organic Seeds Hair Scalp Tonic tonic revigorant pentru stimularea cre\u0219terii p\u0103rului 165 ml"},"content":{"rendered":"<p>WHAMISA Organic Seeds Hair Scalp Tonic, 165 ml, Tonic \u0219i ape de p\u0103r pentru femei, De obicei, la baza unui p\u0103r cu adev\u0103rat frumos \u0219i bogat se afl\u0103 ceva \u00een plus fa\u021b\u0103 de \u0219ampon \u0219i balsam. Sim\u021bi\u021bi c\u0103 p\u0103rul \u0219i scalpul dvs. au nevoie de ceva \u00een plus fa\u021b\u0103 de \u00eengrijirea de baz\u0103? Tonicul pentru p\u0103r WHAMISA Organic Seeds Hair Scalp Tonic v\u0103 va completa de minute rutina de \u00eengrijire. Va avea grij\u0103 de scalp, hr\u0103nindu-l \u0219i calm\u00e2ndu-l \u00een acela\u0219i timp, fortific\u00e2nd p\u0103rul de la r\u0103d\u0103cin\u0103 \u0219i oferindu-i tot ce are nevoie pentru a str\u0103luci din nou. Va \u00eenviora scalpul, \u00eel va stimula, va favoriza echilibrul acestuia \u0219i va preveni senza\u021biile de disconfort. Cu o utilizare regulat\u0103, datorit\u0103 \u00eengrijirii sale \u021bintite, ve\u021bi observa \u00een scurt timp un p\u0103r puternic, str\u0103lucitor \u0219i cu aspect s\u0103n\u0103tos.  Caracteristici:  dinamizeaz\u0103 activitatea r\u0103d\u0103cinilor p\u0103rului are efect regenerator calmeaz\u0103 pielea iritat\u0103 a scalpului cur\u0103\u021b\u0103 scalpul m\u0103re\u0219te densitatea \u0219i rezisten\u021ba p\u0103rului nu \u00eencarc\u0103 p\u0103rul  Ingrediente:  produs vegan con\u021bine cel pu\u021bin 96 % ingrediente de origine natural\u0103 cafein\u0103 \u2013 are efecte \u00eenvior\u0103toare, care permit \u00eembun\u0103t\u0103\u021birea circula\u021biei sanguine, ajut\u0103 la regenerarea complet\u0103 a scalpului, hr\u0103ne\u0219te r\u0103d\u0103cinile p\u0103rului \u0219i, prin urmare, stimuleaz\u0103 cre\u0219terea firelor noi de p\u0103r ment\u0103 \u2013 are efecte de cur\u0103\u021bare, stimuleaz\u0103 circula\u021bia sanguin\u0103 la nivelul scalpului \u0219i ajut\u0103 la cre\u0219terea firelor noi de p\u0103r, contribuie la men\u021binerea echilibrului scalpului substan\u021be fermentate \u2013 ajut\u0103 la men\u021binerea \u00een echilibru a microbiomului natural \u0219i a pH-ului scalpului, calmeaz\u0103, hr\u0103nesc, favorizeaz\u0103 s\u0103n\u0103tatea general\u0103 a scalpului \u0219i astfel cre\u0219terea unui p\u0103r s\u0103n\u0103tos, contribuie la consolidarea fibrelor de p\u0103r  Cum se utilizeaz\u0103: Aplica\u021bi direct pe scalp, \u00een p\u0103rul sp\u0103lat \u0219i uscat par\u021bial cu prosopul. Se maseaz\u0103 bine pe scalp. Nu cl\u0103ti\u021bi.<\/p>\n","protected":false},"excerpt":{"rendered":"<p>WHAMISA Organic Seeds Hair Scalp Tonic, 165 ml, Tonic \u0219i ape de p\u0103r pentru femei, De obicei, la baza unui p\u0103r cu adev\u0103rat frumos \u0219i bogat se afl\u0103 ceva \u00een plus fa\u021b\u0103 de \u0219ampon \u0219i balsam. Sim\u021bi\u021bi c\u0103 p\u0103rul \u0219i scalpul dvs. au nevoie de ceva \u00een plus fa\u021b\u0103 de \u00eengrijirea de baz\u0103? Tonicul pentru&#8230;<\/p>\n","protected":false},"featured_media":444094,"comment_status":"closed","ping_status":"open","template":"","meta":{"_acf_changed":false,"_kadence_starter_templates_imported_post":false,"_kad_post_transparent":"","_kad_post_title":"","_kad_post_layout":"","_kad_post_sidebar_id":"","_kad_post_content_style":"","_kad_post_vertical_padding":"","_kad_post_feature":"","_kad_post_feature_position":"","_kad_post_header":false,"_kad_post_footer":false,"_kad_post_classname":""},"product_brand":[3345],"product_cat":[1839,1563,1590,1562],"product_tag":[],"class_list":{"0":"post-444093","1":"product","2":"type-product","3":"status-publish","4":"has-post-thumbnail","6":"product_brand-whamisa","7":"product_cat-concealer-pentru-caderea-parului","8":"product_cat-ingrijire-personala","9":"product_cat-ingrijirea-parului","10":"product_cat-sanatate-si-frumusete","11":"pa_gen-female","12":"pa_marime-165-ml","14":"first","15":"instock","16":"sale","17":"product-type-external","18":"entry","19":"content-bg","20":"loop-entry"},"acf":[],"yoast_head":"<!-- This site is optimized with the Yoast SEO plugin v27.4 - https:\/\/yoast.com\/product\/yoast-seo-wordpress\/ -->\n<title>WHAMISA Organic Seeds Hair Scalp Tonic tonic revigorant pentru stimularea cre\u0219terii p\u0103rului 165 ml - SHOPATOA.COM<\/title>\n<meta name=\"robots\" content=\"index, follow, max-snippet:-1, max-image-preview:large, max-video-preview:-1\" \/>\n<link rel=\"canonical\" href=\"https:\/\/shopatoa.com\/ro\/whamisa-organic-seeds-hair-scalp-tonic-tonic-revigorant-pentru-stimularea-cresterii-parului-165-ml\/\" \/>\n<meta property=\"og:locale\" content=\"ro_RO\" \/>\n<meta property=\"og:type\" content=\"article\" \/>\n<meta property=\"og:title\" content=\"WHAMISA Organic Seeds Hair Scalp Tonic tonic revigorant pentru stimularea cre\u0219terii p\u0103rului 165 ml - SHOPATOA.COM\" \/>\n<meta property=\"og:description\" content=\"WHAMISA Organic Seeds Hair Scalp Tonic, 165 ml, Tonic \u0219i ape de p\u0103r pentru femei, De obicei, la baza unui p\u0103r cu adev\u0103rat frumos \u0219i bogat se afl\u0103 ceva \u00een plus fa\u021b\u0103 de \u0219ampon \u0219i balsam. Sim\u021bi\u021bi c\u0103 p\u0103rul \u0219i scalpul dvs. au nevoie de ceva \u00een plus fa\u021b\u0103 de \u00eengrijirea de baz\u0103? Tonicul pentru...\" \/>\n<meta property=\"og:url\" content=\"https:\/\/shopatoa.com\/ro\/whamisa-organic-seeds-hair-scalp-tonic-tonic-revigorant-pentru-stimularea-cresterii-parului-165-ml\/\" \/>\n<meta property=\"og:site_name\" content=\"SHOPATOA\" \/>\n<meta property=\"article:modified_time\" content=\"2025-12-13T19:43:50+00:00\" \/>\n<meta property=\"og:image\" content=\"https:\/\/storage.googleapis.com\/cz-shopatoa-img\/ro\/2f4c2280-unnamed-file.webp\" \/>\n\t<meta property=\"og:image:width\" content=\"800\" \/>\n\t<meta property=\"og:image:height\" content=\"800\" \/>\n\t<meta property=\"og:image:type\" content=\"image\/webp\" \/>\n<meta name=\"twitter:card\" content=\"summary_large_image\" \/>\n<meta name=\"twitter:label1\" content=\"Timp estimat pentru citire\" \/>\n\t<meta name=\"twitter:data1\" content=\"2 minute\" \/>\n<script type=\"application\/ld+json\" class=\"yoast-schema-graph\">{\"@context\":\"https:\\\/\\\/schema.org\",\"@graph\":[{\"@type\":\"WebPage\",\"@id\":\"https:\\\/\\\/shopatoa.com\\\/ro\\\/whamisa-organic-seeds-hair-scalp-tonic-tonic-revigorant-pentru-stimularea-cresterii-parului-165-ml\\\/\",\"url\":\"https:\\\/\\\/shopatoa.com\\\/ro\\\/whamisa-organic-seeds-hair-scalp-tonic-tonic-revigorant-pentru-stimularea-cresterii-parului-165-ml\\\/\",\"name\":\"WHAMISA Organic Seeds Hair Scalp Tonic tonic revigorant pentru stimularea cre\u0219terii p\u0103rului 165 ml - SHOPATOA.COM\",\"isPartOf\":{\"@id\":\"https:\\\/\\\/shopatoa.com\\\/ro\\\/#website\"},\"primaryImageOfPage\":{\"@id\":\"https:\\\/\\\/shopatoa.com\\\/ro\\\/whamisa-organic-seeds-hair-scalp-tonic-tonic-revigorant-pentru-stimularea-cresterii-parului-165-ml\\\/#primaryimage\"},\"image\":{\"@id\":\"https:\\\/\\\/shopatoa.com\\\/ro\\\/whamisa-organic-seeds-hair-scalp-tonic-tonic-revigorant-pentru-stimularea-cresterii-parului-165-ml\\\/#primaryimage\"},\"thumbnailUrl\":\"https:\\\/\\\/storage.googleapis.com\\\/cz-shopatoa-img\\\/ro\\\/2f4c2280-unnamed-file.webp\",\"datePublished\":\"2025-06-24T15:37:40+00:00\",\"dateModified\":\"2025-12-13T19:43:50+00:00\",\"breadcrumb\":{\"@id\":\"https:\\\/\\\/shopatoa.com\\\/ro\\\/whamisa-organic-seeds-hair-scalp-tonic-tonic-revigorant-pentru-stimularea-cresterii-parului-165-ml\\\/#breadcrumb\"},\"inLanguage\":\"ro-RO\",\"potentialAction\":[{\"@type\":\"ReadAction\",\"target\":[\"https:\\\/\\\/shopatoa.com\\\/ro\\\/whamisa-organic-seeds-hair-scalp-tonic-tonic-revigorant-pentru-stimularea-cresterii-parului-165-ml\\\/\"]}]},{\"@type\":\"ImageObject\",\"inLanguage\":\"ro-RO\",\"@id\":\"https:\\\/\\\/shopatoa.com\\\/ro\\\/whamisa-organic-seeds-hair-scalp-tonic-tonic-revigorant-pentru-stimularea-cresterii-parului-165-ml\\\/#primaryimage\",\"url\":\"https:\\\/\\\/storage.googleapis.com\\\/cz-shopatoa-img\\\/ro\\\/2f4c2280-unnamed-file.webp\",\"contentUrl\":\"https:\\\/\\\/storage.googleapis.com\\\/cz-shopatoa-img\\\/ro\\\/2f4c2280-unnamed-file.webp\",\"width\":800,\"height\":800},{\"@type\":\"BreadcrumbList\",\"@id\":\"https:\\\/\\\/shopatoa.com\\\/ro\\\/whamisa-organic-seeds-hair-scalp-tonic-tonic-revigorant-pentru-stimularea-cresterii-parului-165-ml\\\/#breadcrumb\",\"itemListElement\":[{\"@type\":\"ListItem\",\"position\":1,\"name\":\"Dom\u016f\",\"item\":\"https:\\\/\\\/shopatoa.com\\\/ro\\\/\"},{\"@type\":\"ListItem\",\"position\":2,\"name\":\"Shop\",\"item\":\"https:\\\/\\\/shopatoa.com\\\/ro\\\/shop\\\/\"},{\"@type\":\"ListItem\",\"position\":3,\"name\":\"S\u0103n\u0103tate \u0219i frumuse\u021be\",\"item\":\"https:\\\/\\\/shopatoa.com\\\/ro\\\/sanatate-si-frumusete\\\/\"},{\"@type\":\"ListItem\",\"position\":4,\"name\":\"\u00cengrijire personal\u0103\",\"item\":\"https:\\\/\\\/shopatoa.com\\\/ro\\\/ingrijire-personala\\\/\"},{\"@type\":\"ListItem\",\"position\":5,\"name\":\"\u00cengrijirea p\u0103rului\",\"item\":\"https:\\\/\\\/shopatoa.com\\\/ro\\\/ingrijirea-parului\\\/\"},{\"@type\":\"ListItem\",\"position\":6,\"name\":\"Concealer pentru c\u0103derea p\u0103rului\",\"item\":\"https:\\\/\\\/shopatoa.com\\\/ro\\\/concealer-pentru-caderea-parului\\\/\"},{\"@type\":\"ListItem\",\"position\":7,\"name\":\"WHAMISA Organic Seeds Hair Scalp Tonic tonic revigorant pentru stimularea cre\u0219terii p\u0103rului 165 ml\"}]},{\"@type\":\"WebSite\",\"@id\":\"https:\\\/\\\/shopatoa.com\\\/ro\\\/#website\",\"url\":\"https:\\\/\\\/shopatoa.com\\\/ro\\\/\",\"name\":\"SHOPATOA\",\"description\":\"\",\"publisher\":{\"@id\":\"https:\\\/\\\/shopatoa.com\\\/ro\\\/#organization\"},\"potentialAction\":[{\"@type\":\"SearchAction\",\"target\":{\"@type\":\"EntryPoint\",\"urlTemplate\":\"https:\\\/\\\/shopatoa.com\\\/ro\\\/?s={search_term_string}\"},\"query-input\":{\"@type\":\"PropertyValueSpecification\",\"valueRequired\":true,\"valueName\":\"search_term_string\"}}],\"inLanguage\":\"ro-RO\"},{\"@type\":\"Organization\",\"@id\":\"https:\\\/\\\/shopatoa.com\\\/ro\\\/#organization\",\"name\":\"SHOPATOA\",\"url\":\"https:\\\/\\\/shopatoa.com\\\/ro\\\/\",\"logo\":{\"@type\":\"ImageObject\",\"inLanguage\":\"ro-RO\",\"@id\":\"https:\\\/\\\/shopatoa.com\\\/ro\\\/#\\\/schema\\\/logo\\\/image\\\/\",\"url\":\"https:\\\/\\\/storage.googleapis.com\\\/cz-shopatoa-img\\\/ro\\\/b4dac915-shopatoa_logo.png\",\"contentUrl\":\"https:\\\/\\\/storage.googleapis.com\\\/cz-shopatoa-img\\\/ro\\\/b4dac915-shopatoa_logo.png\",\"width\":416,\"height\":63,\"caption\":\"SHOPATOA\"},\"image\":{\"@id\":\"https:\\\/\\\/shopatoa.com\\\/ro\\\/#\\\/schema\\\/logo\\\/image\\\/\"}}]}<\/script>\n<!-- \/ Yoast SEO plugin. -->","yoast_head_json":{"title":"WHAMISA Organic Seeds Hair Scalp Tonic tonic revigorant pentru stimularea cre\u0219terii p\u0103rului 165 ml - SHOPATOA.COM","robots":{"index":"index","follow":"follow","max-snippet":"max-snippet:-1","max-image-preview":"max-image-preview:large","max-video-preview":"max-video-preview:-1"},"canonical":"https:\/\/shopatoa.com\/ro\/whamisa-organic-seeds-hair-scalp-tonic-tonic-revigorant-pentru-stimularea-cresterii-parului-165-ml\/","og_locale":"ro_RO","og_type":"article","og_title":"WHAMISA Organic Seeds Hair Scalp Tonic tonic revigorant pentru stimularea cre\u0219terii p\u0103rului 165 ml - SHOPATOA.COM","og_description":"WHAMISA Organic Seeds Hair Scalp Tonic, 165 ml, Tonic \u0219i ape de p\u0103r pentru femei, De obicei, la baza unui p\u0103r cu adev\u0103rat frumos \u0219i bogat se afl\u0103 ceva \u00een plus fa\u021b\u0103 de \u0219ampon \u0219i balsam. Sim\u021bi\u021bi c\u0103 p\u0103rul \u0219i scalpul dvs. au nevoie de ceva \u00een plus fa\u021b\u0103 de \u00eengrijirea de baz\u0103? Tonicul pentru...","og_url":"https:\/\/shopatoa.com\/ro\/whamisa-organic-seeds-hair-scalp-tonic-tonic-revigorant-pentru-stimularea-cresterii-parului-165-ml\/","og_site_name":"SHOPATOA","article_modified_time":"2025-12-13T19:43:50+00:00","og_image":[{"width":800,"height":800,"url":"https:\/\/storage.googleapis.com\/cz-shopatoa-img\/ro\/2f4c2280-unnamed-file.webp","type":"image\/webp"}],"twitter_card":"summary_large_image","twitter_misc":{"Timp estimat pentru citire":"2 minute"},"schema":{"@context":"https:\/\/schema.org","@graph":[{"@type":"WebPage","@id":"https:\/\/shopatoa.com\/ro\/whamisa-organic-seeds-hair-scalp-tonic-tonic-revigorant-pentru-stimularea-cresterii-parului-165-ml\/","url":"https:\/\/shopatoa.com\/ro\/whamisa-organic-seeds-hair-scalp-tonic-tonic-revigorant-pentru-stimularea-cresterii-parului-165-ml\/","name":"WHAMISA Organic Seeds Hair Scalp Tonic tonic revigorant pentru stimularea cre\u0219terii p\u0103rului 165 ml - SHOPATOA.COM","isPartOf":{"@id":"https:\/\/shopatoa.com\/ro\/#website"},"primaryImageOfPage":{"@id":"https:\/\/shopatoa.com\/ro\/whamisa-organic-seeds-hair-scalp-tonic-tonic-revigorant-pentru-stimularea-cresterii-parului-165-ml\/#primaryimage"},"image":{"@id":"https:\/\/shopatoa.com\/ro\/whamisa-organic-seeds-hair-scalp-tonic-tonic-revigorant-pentru-stimularea-cresterii-parului-165-ml\/#primaryimage"},"thumbnailUrl":"https:\/\/storage.googleapis.com\/cz-shopatoa-img\/ro\/2f4c2280-unnamed-file.webp","datePublished":"2025-06-24T15:37:40+00:00","dateModified":"2025-12-13T19:43:50+00:00","breadcrumb":{"@id":"https:\/\/shopatoa.com\/ro\/whamisa-organic-seeds-hair-scalp-tonic-tonic-revigorant-pentru-stimularea-cresterii-parului-165-ml\/#breadcrumb"},"inLanguage":"ro-RO","potentialAction":[{"@type":"ReadAction","target":["https:\/\/shopatoa.com\/ro\/whamisa-organic-seeds-hair-scalp-tonic-tonic-revigorant-pentru-stimularea-cresterii-parului-165-ml\/"]}]},{"@type":"ImageObject","inLanguage":"ro-RO","@id":"https:\/\/shopatoa.com\/ro\/whamisa-organic-seeds-hair-scalp-tonic-tonic-revigorant-pentru-stimularea-cresterii-parului-165-ml\/#primaryimage","url":"https:\/\/storage.googleapis.com\/cz-shopatoa-img\/ro\/2f4c2280-unnamed-file.webp","contentUrl":"https:\/\/storage.googleapis.com\/cz-shopatoa-img\/ro\/2f4c2280-unnamed-file.webp","width":800,"height":800},{"@type":"BreadcrumbList","@id":"https:\/\/shopatoa.com\/ro\/whamisa-organic-seeds-hair-scalp-tonic-tonic-revigorant-pentru-stimularea-cresterii-parului-165-ml\/#breadcrumb","itemListElement":[{"@type":"ListItem","position":1,"name":"Dom\u016f","item":"https:\/\/shopatoa.com\/ro\/"},{"@type":"ListItem","position":2,"name":"Shop","item":"https:\/\/shopatoa.com\/ro\/shop\/"},{"@type":"ListItem","position":3,"name":"S\u0103n\u0103tate \u0219i frumuse\u021be","item":"https:\/\/shopatoa.com\/ro\/sanatate-si-frumusete\/"},{"@type":"ListItem","position":4,"name":"\u00cengrijire personal\u0103","item":"https:\/\/shopatoa.com\/ro\/ingrijire-personala\/"},{"@type":"ListItem","position":5,"name":"\u00cengrijirea p\u0103rului","item":"https:\/\/shopatoa.com\/ro\/ingrijirea-parului\/"},{"@type":"ListItem","position":6,"name":"Concealer pentru c\u0103derea p\u0103rului","item":"https:\/\/shopatoa.com\/ro\/concealer-pentru-caderea-parului\/"},{"@type":"ListItem","position":7,"name":"WHAMISA Organic Seeds Hair Scalp Tonic tonic revigorant pentru stimularea cre\u0219terii p\u0103rului 165 ml"}]},{"@type":"WebSite","@id":"https:\/\/shopatoa.com\/ro\/#website","url":"https:\/\/shopatoa.com\/ro\/","name":"SHOPATOA","description":"","publisher":{"@id":"https:\/\/shopatoa.com\/ro\/#organization"},"potentialAction":[{"@type":"SearchAction","target":{"@type":"EntryPoint","urlTemplate":"https:\/\/shopatoa.com\/ro\/?s={search_term_string}"},"query-input":{"@type":"PropertyValueSpecification","valueRequired":true,"valueName":"search_term_string"}}],"inLanguage":"ro-RO"},{"@type":"Organization","@id":"https:\/\/shopatoa.com\/ro\/#organization","name":"SHOPATOA","url":"https:\/\/shopatoa.com\/ro\/","logo":{"@type":"ImageObject","inLanguage":"ro-RO","@id":"https:\/\/shopatoa.com\/ro\/#\/schema\/logo\/image\/","url":"https:\/\/storage.googleapis.com\/cz-shopatoa-img\/ro\/b4dac915-shopatoa_logo.png","contentUrl":"https:\/\/storage.googleapis.com\/cz-shopatoa-img\/ro\/b4dac915-shopatoa_logo.png","width":416,"height":63,"caption":"SHOPATOA"},"image":{"@id":"https:\/\/shopatoa.com\/ro\/#\/schema\/logo\/image\/"}}]}},"_links":{"self":[{"href":"https:\/\/shopatoa.com\/ro\/wp-json\/wp\/v2\/product\/444093","targetHints":{"allow":["GET"]}}],"collection":[{"href":"https:\/\/shopatoa.com\/ro\/wp-json\/wp\/v2\/product"}],"about":[{"href":"https:\/\/shopatoa.com\/ro\/wp-json\/wp\/v2\/types\/product"}],"replies":[{"embeddable":true,"href":"https:\/\/shopatoa.com\/ro\/wp-json\/wp\/v2\/comments?post=444093"}],"wp:featuredmedia":[{"embeddable":true,"href":"https:\/\/shopatoa.com\/ro\/wp-json\/wp\/v2\/media\/444094"}],"wp:attachment":[{"href":"https:\/\/shopatoa.com\/ro\/wp-json\/wp\/v2\/media?parent=444093"}],"wp:term":[{"taxonomy":"product_brand","embeddable":true,"href":"https:\/\/shopatoa.com\/ro\/wp-json\/wp\/v2\/product_brand?post=444093"},{"taxonomy":"product_cat","embeddable":true,"href":"https:\/\/shopatoa.com\/ro\/wp-json\/wp\/v2\/product_cat?post=444093"},{"taxonomy":"product_tag","embeddable":true,"href":"https:\/\/shopatoa.com\/ro\/wp-json\/wp\/v2\/product_tag?post=444093"}],"curies":[{"name":"wp","href":"https:\/\/api.w.org\/{rel}","templated":true}]}}