{"id":444183,"date":"2025-06-24T17:44:34","date_gmt":"2025-06-24T15:44:34","guid":{"rendered":"https:\/\/shopatoa.com\/ro\/pierre-rene-professional-brow-kit-set-cadou-pentru-sprancene-2-buc\/"},"modified":"2025-12-13T20:36:47","modified_gmt":"2025-12-13T19:36:47","slug":"pierre-rene-professional-brow-kit-set-cadou-pentru-sprancene-2-buc","status":"publish","type":"product","link":"https:\/\/shopatoa.com\/ro\/pierre-rene-professional-brow-kit-set-cadou-pentru-sprancene-2-buc\/","title":{"rendered":"Pierre Ren\u00e9 Professional Brow Kit set cadou pentru spr\u00e2ncene 2 buc"},"content":{"rendered":"<p>Pierre Ren\u00e9 Professional Brow Kit, 2 buc, Aranjarea spr\u00e2ncenelor pentru femei, Totul pentru un machiaj perfect \u00eentr-un singur ambalaj. Setul de cosmetice Pierre Ren\u00e9 Professional Brow Kit con\u021bine nu unul, ci mai multe articole de beauty, pentru a v\u0103 ajuta s\u0103 crea\u021bi sau s\u0103 \u00eembog\u0103\u021bi\u021bi rutina obi\u0219nuit\u0103 de machiaj. Pachetul plin de produse cosmetice decorative v\u0103 va \u00eenc\u00e2nta cu siguran\u021b\u0103 sau, drept cadou, \u00eei va \u00eenc\u00e2nta pe cei dragi.  Setul con\u021bine:  paleta pentru machiaj sprancene 7,2 g gel pentru sprancene 10 ml  Caracteristici:  pentru un look perfect pentru o privire irezistibil\u0103  Cum se utilizeaz\u0103: Folosi\u021bi fiecare produs din setul cosmetic conform instruc\u021biunilor proprii.<\/p>\n","protected":false},"excerpt":{"rendered":"<p>Pierre Ren\u00e9 Professional Brow Kit, 2 buc, Aranjarea spr\u00e2ncenelor pentru femei, Totul pentru un machiaj perfect \u00eentr-un singur ambalaj. Setul de cosmetice Pierre Ren\u00e9 Professional Brow Kit con\u021bine nu unul, ci mai multe articole de beauty, pentru a v\u0103 ajuta s\u0103 crea\u021bi sau s\u0103 \u00eembog\u0103\u021bi\u021bi rutina obi\u0219nuit\u0103 de machiaj. Pachetul plin de produse cosmetice decorative&#8230;<\/p>\n","protected":false},"featured_media":444184,"comment_status":"closed","ping_status":"open","template":"","meta":{"_acf_changed":false,"_kadence_starter_templates_imported_post":false,"_kad_post_transparent":"","_kad_post_title":"","_kad_post_layout":"","_kad_post_sidebar_id":"","_kad_post_content_style":"","_kad_post_vertical_padding":"","_kad_post_feature":"","_kad_post_feature_position":"","_kad_post_header":false,"_kad_post_footer":false,"_kad_post_classname":""},"product_brand":[1800],"product_cat":[1564,1563,1562,1651],"product_tag":[],"class_list":{"0":"post-444183","1":"product","2":"type-product","3":"status-publish","4":"has-post-thumbnail","6":"product_brand-pierre-rene","7":"product_cat-cosmetice-ingrijire-personala","8":"product_cat-ingrijire-personala","9":"product_cat-sanatate-si-frumusete","10":"product_cat-seturi-cosmetice","11":"pa_gen-female","12":"pa_marime-2-buc","14":"first","15":"instock","16":"sale","17":"product-type-external","18":"entry","19":"content-bg","20":"loop-entry"},"acf":[],"yoast_head":"<!-- This site is optimized with the Yoast SEO plugin v27.4 - https:\/\/yoast.com\/product\/yoast-seo-wordpress\/ -->\n<title>Pierre Ren\u00e9 Professional Brow Kit set cadou pentru spr\u00e2ncene 2 buc - SHOPATOA.COM<\/title>\n<meta name=\"robots\" content=\"index, follow, max-snippet:-1, max-image-preview:large, max-video-preview:-1\" \/>\n<link rel=\"canonical\" href=\"https:\/\/shopatoa.com\/ro\/pierre-rene-professional-brow-kit-set-cadou-pentru-sprancene-2-buc\/\" \/>\n<meta property=\"og:locale\" content=\"ro_RO\" \/>\n<meta property=\"og:type\" content=\"article\" \/>\n<meta property=\"og:title\" content=\"Pierre Ren\u00e9 Professional Brow Kit set cadou pentru spr\u00e2ncene 2 buc - SHOPATOA.COM\" \/>\n<meta property=\"og:description\" content=\"Pierre Ren\u00e9 Professional Brow Kit, 2 buc, Aranjarea spr\u00e2ncenelor pentru femei, Totul pentru un machiaj perfect \u00eentr-un singur ambalaj. Setul de cosmetice Pierre Ren\u00e9 Professional Brow Kit con\u021bine nu unul, ci mai multe articole de beauty, pentru a v\u0103 ajuta s\u0103 crea\u021bi sau s\u0103 \u00eembog\u0103\u021bi\u021bi rutina obi\u0219nuit\u0103 de machiaj. Pachetul plin de produse cosmetice decorative...\" \/>\n<meta property=\"og:url\" content=\"https:\/\/shopatoa.com\/ro\/pierre-rene-professional-brow-kit-set-cadou-pentru-sprancene-2-buc\/\" \/>\n<meta property=\"og:site_name\" content=\"SHOPATOA\" \/>\n<meta property=\"article:modified_time\" content=\"2025-12-13T19:36:47+00:00\" \/>\n<meta property=\"og:image\" content=\"https:\/\/storage.googleapis.com\/cz-shopatoa-img\/ro\/71231ad0-unnamed-file.webp\" \/>\n\t<meta property=\"og:image:width\" content=\"800\" \/>\n\t<meta property=\"og:image:height\" content=\"800\" \/>\n\t<meta property=\"og:image:type\" content=\"image\/webp\" \/>\n<meta name=\"twitter:card\" content=\"summary_large_image\" \/>\n<meta name=\"twitter:label1\" content=\"Timp estimat pentru citire\" \/>\n\t<meta name=\"twitter:data1\" content=\"1 minut\" \/>\n<script type=\"application\/ld+json\" class=\"yoast-schema-graph\">{\"@context\":\"https:\\\/\\\/schema.org\",\"@graph\":[{\"@type\":\"WebPage\",\"@id\":\"https:\\\/\\\/shopatoa.com\\\/ro\\\/pierre-rene-professional-brow-kit-set-cadou-pentru-sprancene-2-buc\\\/\",\"url\":\"https:\\\/\\\/shopatoa.com\\\/ro\\\/pierre-rene-professional-brow-kit-set-cadou-pentru-sprancene-2-buc\\\/\",\"name\":\"Pierre Ren\u00e9 Professional Brow Kit set cadou pentru spr\u00e2ncene 2 buc - SHOPATOA.COM\",\"isPartOf\":{\"@id\":\"https:\\\/\\\/shopatoa.com\\\/ro\\\/#website\"},\"primaryImageOfPage\":{\"@id\":\"https:\\\/\\\/shopatoa.com\\\/ro\\\/pierre-rene-professional-brow-kit-set-cadou-pentru-sprancene-2-buc\\\/#primaryimage\"},\"image\":{\"@id\":\"https:\\\/\\\/shopatoa.com\\\/ro\\\/pierre-rene-professional-brow-kit-set-cadou-pentru-sprancene-2-buc\\\/#primaryimage\"},\"thumbnailUrl\":\"https:\\\/\\\/storage.googleapis.com\\\/cz-shopatoa-img\\\/ro\\\/71231ad0-unnamed-file.webp\",\"datePublished\":\"2025-06-24T15:44:34+00:00\",\"dateModified\":\"2025-12-13T19:36:47+00:00\",\"breadcrumb\":{\"@id\":\"https:\\\/\\\/shopatoa.com\\\/ro\\\/pierre-rene-professional-brow-kit-set-cadou-pentru-sprancene-2-buc\\\/#breadcrumb\"},\"inLanguage\":\"ro-RO\",\"potentialAction\":[{\"@type\":\"ReadAction\",\"target\":[\"https:\\\/\\\/shopatoa.com\\\/ro\\\/pierre-rene-professional-brow-kit-set-cadou-pentru-sprancene-2-buc\\\/\"]}]},{\"@type\":\"ImageObject\",\"inLanguage\":\"ro-RO\",\"@id\":\"https:\\\/\\\/shopatoa.com\\\/ro\\\/pierre-rene-professional-brow-kit-set-cadou-pentru-sprancene-2-buc\\\/#primaryimage\",\"url\":\"https:\\\/\\\/storage.googleapis.com\\\/cz-shopatoa-img\\\/ro\\\/71231ad0-unnamed-file.webp\",\"contentUrl\":\"https:\\\/\\\/storage.googleapis.com\\\/cz-shopatoa-img\\\/ro\\\/71231ad0-unnamed-file.webp\",\"width\":800,\"height\":800},{\"@type\":\"BreadcrumbList\",\"@id\":\"https:\\\/\\\/shopatoa.com\\\/ro\\\/pierre-rene-professional-brow-kit-set-cadou-pentru-sprancene-2-buc\\\/#breadcrumb\",\"itemListElement\":[{\"@type\":\"ListItem\",\"position\":1,\"name\":\"Dom\u016f\",\"item\":\"https:\\\/\\\/shopatoa.com\\\/ro\\\/\"},{\"@type\":\"ListItem\",\"position\":2,\"name\":\"Shop\",\"item\":\"https:\\\/\\\/shopatoa.com\\\/ro\\\/shop\\\/\"},{\"@type\":\"ListItem\",\"position\":3,\"name\":\"S\u0103n\u0103tate \u0219i frumuse\u021be\",\"item\":\"https:\\\/\\\/shopatoa.com\\\/ro\\\/sanatate-si-frumusete\\\/\"},{\"@type\":\"ListItem\",\"position\":4,\"name\":\"\u00cengrijire personal\u0103\",\"item\":\"https:\\\/\\\/shopatoa.com\\\/ro\\\/ingrijire-personala\\\/\"},{\"@type\":\"ListItem\",\"position\":5,\"name\":\"Cosmetice\",\"item\":\"https:\\\/\\\/shopatoa.com\\\/ro\\\/cosmetice-ingrijire-personala\\\/\"},{\"@type\":\"ListItem\",\"position\":6,\"name\":\"Seturi cosmetice\",\"item\":\"https:\\\/\\\/shopatoa.com\\\/ro\\\/seturi-cosmetice\\\/\"},{\"@type\":\"ListItem\",\"position\":7,\"name\":\"Pierre Ren\u00e9 Professional Brow Kit set cadou pentru spr\u00e2ncene 2 buc\"}]},{\"@type\":\"WebSite\",\"@id\":\"https:\\\/\\\/shopatoa.com\\\/ro\\\/#website\",\"url\":\"https:\\\/\\\/shopatoa.com\\\/ro\\\/\",\"name\":\"SHOPATOA\",\"description\":\"\",\"publisher\":{\"@id\":\"https:\\\/\\\/shopatoa.com\\\/ro\\\/#organization\"},\"potentialAction\":[{\"@type\":\"SearchAction\",\"target\":{\"@type\":\"EntryPoint\",\"urlTemplate\":\"https:\\\/\\\/shopatoa.com\\\/ro\\\/?s={search_term_string}\"},\"query-input\":{\"@type\":\"PropertyValueSpecification\",\"valueRequired\":true,\"valueName\":\"search_term_string\"}}],\"inLanguage\":\"ro-RO\"},{\"@type\":\"Organization\",\"@id\":\"https:\\\/\\\/shopatoa.com\\\/ro\\\/#organization\",\"name\":\"SHOPATOA\",\"url\":\"https:\\\/\\\/shopatoa.com\\\/ro\\\/\",\"logo\":{\"@type\":\"ImageObject\",\"inLanguage\":\"ro-RO\",\"@id\":\"https:\\\/\\\/shopatoa.com\\\/ro\\\/#\\\/schema\\\/logo\\\/image\\\/\",\"url\":\"https:\\\/\\\/storage.googleapis.com\\\/cz-shopatoa-img\\\/ro\\\/b4dac915-shopatoa_logo.png\",\"contentUrl\":\"https:\\\/\\\/storage.googleapis.com\\\/cz-shopatoa-img\\\/ro\\\/b4dac915-shopatoa_logo.png\",\"width\":416,\"height\":63,\"caption\":\"SHOPATOA\"},\"image\":{\"@id\":\"https:\\\/\\\/shopatoa.com\\\/ro\\\/#\\\/schema\\\/logo\\\/image\\\/\"}}]}<\/script>\n<!-- \/ Yoast SEO plugin. -->","yoast_head_json":{"title":"Pierre Ren\u00e9 Professional Brow Kit set cadou pentru spr\u00e2ncene 2 buc - SHOPATOA.COM","robots":{"index":"index","follow":"follow","max-snippet":"max-snippet:-1","max-image-preview":"max-image-preview:large","max-video-preview":"max-video-preview:-1"},"canonical":"https:\/\/shopatoa.com\/ro\/pierre-rene-professional-brow-kit-set-cadou-pentru-sprancene-2-buc\/","og_locale":"ro_RO","og_type":"article","og_title":"Pierre Ren\u00e9 Professional Brow Kit set cadou pentru spr\u00e2ncene 2 buc - SHOPATOA.COM","og_description":"Pierre Ren\u00e9 Professional Brow Kit, 2 buc, Aranjarea spr\u00e2ncenelor pentru femei, Totul pentru un machiaj perfect \u00eentr-un singur ambalaj. Setul de cosmetice Pierre Ren\u00e9 Professional Brow Kit con\u021bine nu unul, ci mai multe articole de beauty, pentru a v\u0103 ajuta s\u0103 crea\u021bi sau s\u0103 \u00eembog\u0103\u021bi\u021bi rutina obi\u0219nuit\u0103 de machiaj. Pachetul plin de produse cosmetice decorative...","og_url":"https:\/\/shopatoa.com\/ro\/pierre-rene-professional-brow-kit-set-cadou-pentru-sprancene-2-buc\/","og_site_name":"SHOPATOA","article_modified_time":"2025-12-13T19:36:47+00:00","og_image":[{"width":800,"height":800,"url":"https:\/\/storage.googleapis.com\/cz-shopatoa-img\/ro\/71231ad0-unnamed-file.webp","type":"image\/webp"}],"twitter_card":"summary_large_image","twitter_misc":{"Timp estimat pentru citire":"1 minut"},"schema":{"@context":"https:\/\/schema.org","@graph":[{"@type":"WebPage","@id":"https:\/\/shopatoa.com\/ro\/pierre-rene-professional-brow-kit-set-cadou-pentru-sprancene-2-buc\/","url":"https:\/\/shopatoa.com\/ro\/pierre-rene-professional-brow-kit-set-cadou-pentru-sprancene-2-buc\/","name":"Pierre Ren\u00e9 Professional Brow Kit set cadou pentru spr\u00e2ncene 2 buc - SHOPATOA.COM","isPartOf":{"@id":"https:\/\/shopatoa.com\/ro\/#website"},"primaryImageOfPage":{"@id":"https:\/\/shopatoa.com\/ro\/pierre-rene-professional-brow-kit-set-cadou-pentru-sprancene-2-buc\/#primaryimage"},"image":{"@id":"https:\/\/shopatoa.com\/ro\/pierre-rene-professional-brow-kit-set-cadou-pentru-sprancene-2-buc\/#primaryimage"},"thumbnailUrl":"https:\/\/storage.googleapis.com\/cz-shopatoa-img\/ro\/71231ad0-unnamed-file.webp","datePublished":"2025-06-24T15:44:34+00:00","dateModified":"2025-12-13T19:36:47+00:00","breadcrumb":{"@id":"https:\/\/shopatoa.com\/ro\/pierre-rene-professional-brow-kit-set-cadou-pentru-sprancene-2-buc\/#breadcrumb"},"inLanguage":"ro-RO","potentialAction":[{"@type":"ReadAction","target":["https:\/\/shopatoa.com\/ro\/pierre-rene-professional-brow-kit-set-cadou-pentru-sprancene-2-buc\/"]}]},{"@type":"ImageObject","inLanguage":"ro-RO","@id":"https:\/\/shopatoa.com\/ro\/pierre-rene-professional-brow-kit-set-cadou-pentru-sprancene-2-buc\/#primaryimage","url":"https:\/\/storage.googleapis.com\/cz-shopatoa-img\/ro\/71231ad0-unnamed-file.webp","contentUrl":"https:\/\/storage.googleapis.com\/cz-shopatoa-img\/ro\/71231ad0-unnamed-file.webp","width":800,"height":800},{"@type":"BreadcrumbList","@id":"https:\/\/shopatoa.com\/ro\/pierre-rene-professional-brow-kit-set-cadou-pentru-sprancene-2-buc\/#breadcrumb","itemListElement":[{"@type":"ListItem","position":1,"name":"Dom\u016f","item":"https:\/\/shopatoa.com\/ro\/"},{"@type":"ListItem","position":2,"name":"Shop","item":"https:\/\/shopatoa.com\/ro\/shop\/"},{"@type":"ListItem","position":3,"name":"S\u0103n\u0103tate \u0219i frumuse\u021be","item":"https:\/\/shopatoa.com\/ro\/sanatate-si-frumusete\/"},{"@type":"ListItem","position":4,"name":"\u00cengrijire personal\u0103","item":"https:\/\/shopatoa.com\/ro\/ingrijire-personala\/"},{"@type":"ListItem","position":5,"name":"Cosmetice","item":"https:\/\/shopatoa.com\/ro\/cosmetice-ingrijire-personala\/"},{"@type":"ListItem","position":6,"name":"Seturi cosmetice","item":"https:\/\/shopatoa.com\/ro\/seturi-cosmetice\/"},{"@type":"ListItem","position":7,"name":"Pierre Ren\u00e9 Professional Brow Kit set cadou pentru spr\u00e2ncene 2 buc"}]},{"@type":"WebSite","@id":"https:\/\/shopatoa.com\/ro\/#website","url":"https:\/\/shopatoa.com\/ro\/","name":"SHOPATOA","description":"","publisher":{"@id":"https:\/\/shopatoa.com\/ro\/#organization"},"potentialAction":[{"@type":"SearchAction","target":{"@type":"EntryPoint","urlTemplate":"https:\/\/shopatoa.com\/ro\/?s={search_term_string}"},"query-input":{"@type":"PropertyValueSpecification","valueRequired":true,"valueName":"search_term_string"}}],"inLanguage":"ro-RO"},{"@type":"Organization","@id":"https:\/\/shopatoa.com\/ro\/#organization","name":"SHOPATOA","url":"https:\/\/shopatoa.com\/ro\/","logo":{"@type":"ImageObject","inLanguage":"ro-RO","@id":"https:\/\/shopatoa.com\/ro\/#\/schema\/logo\/image\/","url":"https:\/\/storage.googleapis.com\/cz-shopatoa-img\/ro\/b4dac915-shopatoa_logo.png","contentUrl":"https:\/\/storage.googleapis.com\/cz-shopatoa-img\/ro\/b4dac915-shopatoa_logo.png","width":416,"height":63,"caption":"SHOPATOA"},"image":{"@id":"https:\/\/shopatoa.com\/ro\/#\/schema\/logo\/image\/"}}]}},"_links":{"self":[{"href":"https:\/\/shopatoa.com\/ro\/wp-json\/wp\/v2\/product\/444183","targetHints":{"allow":["GET"]}}],"collection":[{"href":"https:\/\/shopatoa.com\/ro\/wp-json\/wp\/v2\/product"}],"about":[{"href":"https:\/\/shopatoa.com\/ro\/wp-json\/wp\/v2\/types\/product"}],"replies":[{"embeddable":true,"href":"https:\/\/shopatoa.com\/ro\/wp-json\/wp\/v2\/comments?post=444183"}],"wp:featuredmedia":[{"embeddable":true,"href":"https:\/\/shopatoa.com\/ro\/wp-json\/wp\/v2\/media\/444184"}],"wp:attachment":[{"href":"https:\/\/shopatoa.com\/ro\/wp-json\/wp\/v2\/media?parent=444183"}],"wp:term":[{"taxonomy":"product_brand","embeddable":true,"href":"https:\/\/shopatoa.com\/ro\/wp-json\/wp\/v2\/product_brand?post=444183"},{"taxonomy":"product_cat","embeddable":true,"href":"https:\/\/shopatoa.com\/ro\/wp-json\/wp\/v2\/product_cat?post=444183"},{"taxonomy":"product_tag","embeddable":true,"href":"https:\/\/shopatoa.com\/ro\/wp-json\/wp\/v2\/product_tag?post=444183"}],"curies":[{"name":"wp","href":"https:\/\/api.w.org\/{rel}","templated":true}]}}