{"id":444409,"date":"2025-06-24T18:05:51","date_gmt":"2025-06-24T16:05:51","guid":{"rendered":"https:\/\/shopatoa.com\/ro\/nipfab-vitamin-c-fix-pernute-de-gel-zona-ochilor-20-buc\/"},"modified":"2025-12-14T00:14:02","modified_gmt":"2025-12-13T23:14:02","slug":"nipfab-vitamin-c-fix-pernute-de-gel-zona-ochilor-20-buc","status":"publish","type":"product","link":"https:\/\/shopatoa.com\/ro\/nipfab-vitamin-c-fix-pernute-de-gel-zona-ochilor-20-buc\/","title":{"rendered":"NIP+FAB Vitamin C Fix pernute de gel zona ochilor 20 buc"},"content":{"rendered":"<p>NIP+FAB Vitamin C Fix, 20 buc, Masc\u0103 pentru ochi pentru femei, Masca pentru ochi NIP+FAB Vitamin C Fix \u00eengrije\u0219te perfect toat\u0103 zona ochilor, \u00eembun\u0103t\u0103\u021be\u0219te calitatea pielii \u0219i-i red\u0103 vitalitatea.  Caracteristici:  ilumineaz\u0103 zona ochilor diminueaz\u0103 edemele \u0219i cearc\u0103nele neteze\u0219te liniile \u0219i reduce ridurile fine ofer\u0103 pielii hidratarea necesar\u0103 red\u0103 pielii fermitatea \u0219i elasticitatea reducerea petelor pigmentare m\u0103re\u0219te elasticitatea pielii  Cum se utilizeaz\u0103: Folosi\u021bi pe tenul curat \u0219i uscat din zona ochilor. L\u0103sa\u021bi s\u0103 ac\u021bioneze pentru num\u0103rul de minute indicat: 10-15.<\/p>\n","protected":false},"excerpt":{"rendered":"<p>NIP+FAB Vitamin C Fix, 20 buc, Masc\u0103 pentru ochi pentru femei, Masca pentru ochi NIP+FAB Vitamin C Fix \u00eengrije\u0219te perfect toat\u0103 zona ochilor, \u00eembun\u0103t\u0103\u021be\u0219te calitatea pielii \u0219i-i red\u0103 vitalitatea. Caracteristici: ilumineaz\u0103 zona ochilor diminueaz\u0103 edemele \u0219i cearc\u0103nele neteze\u0219te liniile \u0219i reduce ridurile fine ofer\u0103 pielii hidratarea necesar\u0103 red\u0103 pielii fermitatea \u0219i elasticitatea reducerea petelor pigmentare&#8230;<\/p>\n","protected":false},"featured_media":444410,"comment_status":"closed","ping_status":"open","template":"","meta":{"_acf_changed":false,"_kadence_starter_templates_imported_post":false,"_kad_post_transparent":"","_kad_post_title":"","_kad_post_layout":"","_kad_post_sidebar_id":"","_kad_post_content_style":"","_kad_post_vertical_padding":"","_kad_post_feature":"","_kad_post_feature_position":"","_kad_post_header":false,"_kad_post_footer":false,"_kad_post_classname":""},"product_brand":[1865],"product_cat":[1564,1563,1565,1614,1562],"product_tag":[],"class_list":{"0":"post-444409","1":"product","2":"type-product","3":"status-publish","4":"has-post-thumbnail","6":"product_brand-nipfab","7":"product_cat-cosmetice-ingrijire-personala","8":"product_cat-ingrijire-personala","9":"product_cat-ingrijirea-pielii","10":"product_cat-masti-si-peelings-pentru-ten","11":"product_cat-sanatate-si-frumusete","12":"pa_gen-female","13":"pa_marime-20-buc","15":"first","16":"instock","17":"sale","18":"product-type-external","19":"entry","20":"content-bg","21":"loop-entry"},"acf":[],"yoast_head":"<!-- This site is optimized with the Yoast SEO plugin v27.4 - https:\/\/yoast.com\/product\/yoast-seo-wordpress\/ -->\n<title>NIP+FAB Vitamin C Fix pernute de gel zona ochilor 20 buc - SHOPATOA.COM<\/title>\n<meta name=\"robots\" content=\"index, follow, max-snippet:-1, max-image-preview:large, max-video-preview:-1\" \/>\n<link rel=\"canonical\" href=\"https:\/\/shopatoa.com\/ro\/nipfab-vitamin-c-fix-pernute-de-gel-zona-ochilor-20-buc\/\" \/>\n<meta property=\"og:locale\" content=\"ro_RO\" \/>\n<meta property=\"og:type\" content=\"article\" \/>\n<meta property=\"og:title\" content=\"NIP+FAB Vitamin C Fix pernute de gel zona ochilor 20 buc - SHOPATOA.COM\" \/>\n<meta property=\"og:description\" content=\"NIP+FAB Vitamin C Fix, 20 buc, Masc\u0103 pentru ochi pentru femei, Masca pentru ochi NIP+FAB Vitamin C Fix \u00eengrije\u0219te perfect toat\u0103 zona ochilor, \u00eembun\u0103t\u0103\u021be\u0219te calitatea pielii \u0219i-i red\u0103 vitalitatea. Caracteristici: ilumineaz\u0103 zona ochilor diminueaz\u0103 edemele \u0219i cearc\u0103nele neteze\u0219te liniile \u0219i reduce ridurile fine ofer\u0103 pielii hidratarea necesar\u0103 red\u0103 pielii fermitatea \u0219i elasticitatea reducerea petelor pigmentare...\" \/>\n<meta property=\"og:url\" content=\"https:\/\/shopatoa.com\/ro\/nipfab-vitamin-c-fix-pernute-de-gel-zona-ochilor-20-buc\/\" \/>\n<meta property=\"og:site_name\" content=\"SHOPATOA\" \/>\n<meta property=\"article:modified_time\" content=\"2025-12-13T23:14:02+00:00\" \/>\n<meta property=\"og:image\" content=\"https:\/\/storage.googleapis.com\/cz-shopatoa-img\/ro\/a2a0e5e8-unnamed-file.webp\" \/>\n\t<meta property=\"og:image:width\" content=\"800\" \/>\n\t<meta property=\"og:image:height\" content=\"800\" \/>\n\t<meta property=\"og:image:type\" content=\"image\/webp\" \/>\n<meta name=\"twitter:card\" content=\"summary_large_image\" \/>\n<script type=\"application\/ld+json\" class=\"yoast-schema-graph\">{\"@context\":\"https:\\\/\\\/schema.org\",\"@graph\":[{\"@type\":\"WebPage\",\"@id\":\"https:\\\/\\\/shopatoa.com\\\/ro\\\/nipfab-vitamin-c-fix-pernute-de-gel-zona-ochilor-20-buc\\\/\",\"url\":\"https:\\\/\\\/shopatoa.com\\\/ro\\\/nipfab-vitamin-c-fix-pernute-de-gel-zona-ochilor-20-buc\\\/\",\"name\":\"NIP+FAB Vitamin C Fix pernute de gel zona ochilor 20 buc - SHOPATOA.COM\",\"isPartOf\":{\"@id\":\"https:\\\/\\\/shopatoa.com\\\/ro\\\/#website\"},\"primaryImageOfPage\":{\"@id\":\"https:\\\/\\\/shopatoa.com\\\/ro\\\/nipfab-vitamin-c-fix-pernute-de-gel-zona-ochilor-20-buc\\\/#primaryimage\"},\"image\":{\"@id\":\"https:\\\/\\\/shopatoa.com\\\/ro\\\/nipfab-vitamin-c-fix-pernute-de-gel-zona-ochilor-20-buc\\\/#primaryimage\"},\"thumbnailUrl\":\"https:\\\/\\\/storage.googleapis.com\\\/cz-shopatoa-img\\\/ro\\\/a2a0e5e8-unnamed-file.webp\",\"datePublished\":\"2025-06-24T16:05:51+00:00\",\"dateModified\":\"2025-12-13T23:14:02+00:00\",\"breadcrumb\":{\"@id\":\"https:\\\/\\\/shopatoa.com\\\/ro\\\/nipfab-vitamin-c-fix-pernute-de-gel-zona-ochilor-20-buc\\\/#breadcrumb\"},\"inLanguage\":\"ro-RO\",\"potentialAction\":[{\"@type\":\"ReadAction\",\"target\":[\"https:\\\/\\\/shopatoa.com\\\/ro\\\/nipfab-vitamin-c-fix-pernute-de-gel-zona-ochilor-20-buc\\\/\"]}]},{\"@type\":\"ImageObject\",\"inLanguage\":\"ro-RO\",\"@id\":\"https:\\\/\\\/shopatoa.com\\\/ro\\\/nipfab-vitamin-c-fix-pernute-de-gel-zona-ochilor-20-buc\\\/#primaryimage\",\"url\":\"https:\\\/\\\/storage.googleapis.com\\\/cz-shopatoa-img\\\/ro\\\/a2a0e5e8-unnamed-file.webp\",\"contentUrl\":\"https:\\\/\\\/storage.googleapis.com\\\/cz-shopatoa-img\\\/ro\\\/a2a0e5e8-unnamed-file.webp\",\"width\":800,\"height\":800},{\"@type\":\"BreadcrumbList\",\"@id\":\"https:\\\/\\\/shopatoa.com\\\/ro\\\/nipfab-vitamin-c-fix-pernute-de-gel-zona-ochilor-20-buc\\\/#breadcrumb\",\"itemListElement\":[{\"@type\":\"ListItem\",\"position\":1,\"name\":\"Dom\u016f\",\"item\":\"https:\\\/\\\/shopatoa.com\\\/ro\\\/\"},{\"@type\":\"ListItem\",\"position\":2,\"name\":\"Shop\",\"item\":\"https:\\\/\\\/shopatoa.com\\\/ro\\\/shop\\\/\"},{\"@type\":\"ListItem\",\"position\":3,\"name\":\"S\u0103n\u0103tate \u0219i frumuse\u021be\",\"item\":\"https:\\\/\\\/shopatoa.com\\\/ro\\\/sanatate-si-frumusete\\\/\"},{\"@type\":\"ListItem\",\"position\":4,\"name\":\"\u00cengrijire personal\u0103\",\"item\":\"https:\\\/\\\/shopatoa.com\\\/ro\\\/ingrijire-personala\\\/\"},{\"@type\":\"ListItem\",\"position\":5,\"name\":\"Cosmetice\",\"item\":\"https:\\\/\\\/shopatoa.com\\\/ro\\\/cosmetice-ingrijire-personala\\\/\"},{\"@type\":\"ListItem\",\"position\":6,\"name\":\"\u00cengrijirea pielii\",\"item\":\"https:\\\/\\\/shopatoa.com\\\/ro\\\/ingrijirea-pielii\\\/\"},{\"@type\":\"ListItem\",\"position\":7,\"name\":\"M\u0103\u0219ti \u0219i peelings pentru ten\",\"item\":\"https:\\\/\\\/shopatoa.com\\\/ro\\\/masti-si-peelings-pentru-ten\\\/\"},{\"@type\":\"ListItem\",\"position\":8,\"name\":\"NIP+FAB Vitamin C Fix pernute de gel zona ochilor 20 buc\"}]},{\"@type\":\"WebSite\",\"@id\":\"https:\\\/\\\/shopatoa.com\\\/ro\\\/#website\",\"url\":\"https:\\\/\\\/shopatoa.com\\\/ro\\\/\",\"name\":\"SHOPATOA\",\"description\":\"\",\"publisher\":{\"@id\":\"https:\\\/\\\/shopatoa.com\\\/ro\\\/#organization\"},\"potentialAction\":[{\"@type\":\"SearchAction\",\"target\":{\"@type\":\"EntryPoint\",\"urlTemplate\":\"https:\\\/\\\/shopatoa.com\\\/ro\\\/?s={search_term_string}\"},\"query-input\":{\"@type\":\"PropertyValueSpecification\",\"valueRequired\":true,\"valueName\":\"search_term_string\"}}],\"inLanguage\":\"ro-RO\"},{\"@type\":\"Organization\",\"@id\":\"https:\\\/\\\/shopatoa.com\\\/ro\\\/#organization\",\"name\":\"SHOPATOA\",\"url\":\"https:\\\/\\\/shopatoa.com\\\/ro\\\/\",\"logo\":{\"@type\":\"ImageObject\",\"inLanguage\":\"ro-RO\",\"@id\":\"https:\\\/\\\/shopatoa.com\\\/ro\\\/#\\\/schema\\\/logo\\\/image\\\/\",\"url\":\"https:\\\/\\\/storage.googleapis.com\\\/cz-shopatoa-img\\\/ro\\\/b4dac915-shopatoa_logo.png\",\"contentUrl\":\"https:\\\/\\\/storage.googleapis.com\\\/cz-shopatoa-img\\\/ro\\\/b4dac915-shopatoa_logo.png\",\"width\":416,\"height\":63,\"caption\":\"SHOPATOA\"},\"image\":{\"@id\":\"https:\\\/\\\/shopatoa.com\\\/ro\\\/#\\\/schema\\\/logo\\\/image\\\/\"}}]}<\/script>\n<!-- \/ Yoast SEO plugin. -->","yoast_head_json":{"title":"NIP+FAB Vitamin C Fix pernute de gel zona ochilor 20 buc - SHOPATOA.COM","robots":{"index":"index","follow":"follow","max-snippet":"max-snippet:-1","max-image-preview":"max-image-preview:large","max-video-preview":"max-video-preview:-1"},"canonical":"https:\/\/shopatoa.com\/ro\/nipfab-vitamin-c-fix-pernute-de-gel-zona-ochilor-20-buc\/","og_locale":"ro_RO","og_type":"article","og_title":"NIP+FAB Vitamin C Fix pernute de gel zona ochilor 20 buc - SHOPATOA.COM","og_description":"NIP+FAB Vitamin C Fix, 20 buc, Masc\u0103 pentru ochi pentru femei, Masca pentru ochi NIP+FAB Vitamin C Fix \u00eengrije\u0219te perfect toat\u0103 zona ochilor, \u00eembun\u0103t\u0103\u021be\u0219te calitatea pielii \u0219i-i red\u0103 vitalitatea. Caracteristici: ilumineaz\u0103 zona ochilor diminueaz\u0103 edemele \u0219i cearc\u0103nele neteze\u0219te liniile \u0219i reduce ridurile fine ofer\u0103 pielii hidratarea necesar\u0103 red\u0103 pielii fermitatea \u0219i elasticitatea reducerea petelor pigmentare...","og_url":"https:\/\/shopatoa.com\/ro\/nipfab-vitamin-c-fix-pernute-de-gel-zona-ochilor-20-buc\/","og_site_name":"SHOPATOA","article_modified_time":"2025-12-13T23:14:02+00:00","og_image":[{"width":800,"height":800,"url":"https:\/\/storage.googleapis.com\/cz-shopatoa-img\/ro\/a2a0e5e8-unnamed-file.webp","type":"image\/webp"}],"twitter_card":"summary_large_image","schema":{"@context":"https:\/\/schema.org","@graph":[{"@type":"WebPage","@id":"https:\/\/shopatoa.com\/ro\/nipfab-vitamin-c-fix-pernute-de-gel-zona-ochilor-20-buc\/","url":"https:\/\/shopatoa.com\/ro\/nipfab-vitamin-c-fix-pernute-de-gel-zona-ochilor-20-buc\/","name":"NIP+FAB Vitamin C Fix pernute de gel zona ochilor 20 buc - SHOPATOA.COM","isPartOf":{"@id":"https:\/\/shopatoa.com\/ro\/#website"},"primaryImageOfPage":{"@id":"https:\/\/shopatoa.com\/ro\/nipfab-vitamin-c-fix-pernute-de-gel-zona-ochilor-20-buc\/#primaryimage"},"image":{"@id":"https:\/\/shopatoa.com\/ro\/nipfab-vitamin-c-fix-pernute-de-gel-zona-ochilor-20-buc\/#primaryimage"},"thumbnailUrl":"https:\/\/storage.googleapis.com\/cz-shopatoa-img\/ro\/a2a0e5e8-unnamed-file.webp","datePublished":"2025-06-24T16:05:51+00:00","dateModified":"2025-12-13T23:14:02+00:00","breadcrumb":{"@id":"https:\/\/shopatoa.com\/ro\/nipfab-vitamin-c-fix-pernute-de-gel-zona-ochilor-20-buc\/#breadcrumb"},"inLanguage":"ro-RO","potentialAction":[{"@type":"ReadAction","target":["https:\/\/shopatoa.com\/ro\/nipfab-vitamin-c-fix-pernute-de-gel-zona-ochilor-20-buc\/"]}]},{"@type":"ImageObject","inLanguage":"ro-RO","@id":"https:\/\/shopatoa.com\/ro\/nipfab-vitamin-c-fix-pernute-de-gel-zona-ochilor-20-buc\/#primaryimage","url":"https:\/\/storage.googleapis.com\/cz-shopatoa-img\/ro\/a2a0e5e8-unnamed-file.webp","contentUrl":"https:\/\/storage.googleapis.com\/cz-shopatoa-img\/ro\/a2a0e5e8-unnamed-file.webp","width":800,"height":800},{"@type":"BreadcrumbList","@id":"https:\/\/shopatoa.com\/ro\/nipfab-vitamin-c-fix-pernute-de-gel-zona-ochilor-20-buc\/#breadcrumb","itemListElement":[{"@type":"ListItem","position":1,"name":"Dom\u016f","item":"https:\/\/shopatoa.com\/ro\/"},{"@type":"ListItem","position":2,"name":"Shop","item":"https:\/\/shopatoa.com\/ro\/shop\/"},{"@type":"ListItem","position":3,"name":"S\u0103n\u0103tate \u0219i frumuse\u021be","item":"https:\/\/shopatoa.com\/ro\/sanatate-si-frumusete\/"},{"@type":"ListItem","position":4,"name":"\u00cengrijire personal\u0103","item":"https:\/\/shopatoa.com\/ro\/ingrijire-personala\/"},{"@type":"ListItem","position":5,"name":"Cosmetice","item":"https:\/\/shopatoa.com\/ro\/cosmetice-ingrijire-personala\/"},{"@type":"ListItem","position":6,"name":"\u00cengrijirea pielii","item":"https:\/\/shopatoa.com\/ro\/ingrijirea-pielii\/"},{"@type":"ListItem","position":7,"name":"M\u0103\u0219ti \u0219i peelings pentru ten","item":"https:\/\/shopatoa.com\/ro\/masti-si-peelings-pentru-ten\/"},{"@type":"ListItem","position":8,"name":"NIP+FAB Vitamin C Fix pernute de gel zona ochilor 20 buc"}]},{"@type":"WebSite","@id":"https:\/\/shopatoa.com\/ro\/#website","url":"https:\/\/shopatoa.com\/ro\/","name":"SHOPATOA","description":"","publisher":{"@id":"https:\/\/shopatoa.com\/ro\/#organization"},"potentialAction":[{"@type":"SearchAction","target":{"@type":"EntryPoint","urlTemplate":"https:\/\/shopatoa.com\/ro\/?s={search_term_string}"},"query-input":{"@type":"PropertyValueSpecification","valueRequired":true,"valueName":"search_term_string"}}],"inLanguage":"ro-RO"},{"@type":"Organization","@id":"https:\/\/shopatoa.com\/ro\/#organization","name":"SHOPATOA","url":"https:\/\/shopatoa.com\/ro\/","logo":{"@type":"ImageObject","inLanguage":"ro-RO","@id":"https:\/\/shopatoa.com\/ro\/#\/schema\/logo\/image\/","url":"https:\/\/storage.googleapis.com\/cz-shopatoa-img\/ro\/b4dac915-shopatoa_logo.png","contentUrl":"https:\/\/storage.googleapis.com\/cz-shopatoa-img\/ro\/b4dac915-shopatoa_logo.png","width":416,"height":63,"caption":"SHOPATOA"},"image":{"@id":"https:\/\/shopatoa.com\/ro\/#\/schema\/logo\/image\/"}}]}},"_links":{"self":[{"href":"https:\/\/shopatoa.com\/ro\/wp-json\/wp\/v2\/product\/444409","targetHints":{"allow":["GET"]}}],"collection":[{"href":"https:\/\/shopatoa.com\/ro\/wp-json\/wp\/v2\/product"}],"about":[{"href":"https:\/\/shopatoa.com\/ro\/wp-json\/wp\/v2\/types\/product"}],"replies":[{"embeddable":true,"href":"https:\/\/shopatoa.com\/ro\/wp-json\/wp\/v2\/comments?post=444409"}],"wp:featuredmedia":[{"embeddable":true,"href":"https:\/\/shopatoa.com\/ro\/wp-json\/wp\/v2\/media\/444410"}],"wp:attachment":[{"href":"https:\/\/shopatoa.com\/ro\/wp-json\/wp\/v2\/media?parent=444409"}],"wp:term":[{"taxonomy":"product_brand","embeddable":true,"href":"https:\/\/shopatoa.com\/ro\/wp-json\/wp\/v2\/product_brand?post=444409"},{"taxonomy":"product_cat","embeddable":true,"href":"https:\/\/shopatoa.com\/ro\/wp-json\/wp\/v2\/product_cat?post=444409"},{"taxonomy":"product_tag","embeddable":true,"href":"https:\/\/shopatoa.com\/ro\/wp-json\/wp\/v2\/product_tag?post=444409"}],"curies":[{"name":"wp","href":"https:\/\/api.w.org\/{rel}","templated":true}]}}