{"id":444423,"date":"2025-06-24T18:07:47","date_gmt":"2025-06-24T16:07:47","guid":{"rendered":"https:\/\/shopatoa.com\/ro\/kevin-murphy-killer-waves-spray-pentru-definirea-onduleurilor-150-ml\/"},"modified":"2025-12-14T00:13:36","modified_gmt":"2025-12-13T23:13:36","slug":"kevin-murphy-killer-waves-spray-pentru-definirea-onduleurilor-150-ml","status":"publish","type":"product","link":"https:\/\/shopatoa.com\/ro\/kevin-murphy-killer-waves-spray-pentru-definirea-onduleurilor-150-ml\/","title":{"rendered":"Kevin Murphy Killer.Waves spray pentru definirea onduleurilor 150 ml"},"content":{"rendered":"<p>Kevin Murphy Killer.Waves, 150 ml, Alte produse de coafat pentru femei, Ave\u021bi control asupra p\u0103rului ondulat sau cre\u021b cu ajutorul produsului de styling Kevin Murphy Killer.Waves . V\u0103 va eviden\u021bia valurile sau buclele, le va conferi defini\u021bie \u0219i textur\u0103 \u0219i va sublinia frumuse\u021bea coafurii dvs. Faciliteaz\u0103 aranjarea ulterioar\u0103 a p\u0103rului ondulat sau cre\u021b \u0219i v\u0103 permite s\u0103 \u00eel modela\u021bi \u00een func\u021bie de preferin\u021bele dvs. \u00cen plus, va men\u021bine p\u0103rul \u0219i valurile \u00een parte la forma dorit\u0103 \u0219i f\u0103r\u0103 frizz nedorit pentru un timp cu adev\u0103rat \u00eendelungat.  Caracteristici:  favorizeaz\u0103 formarea natural\u0103 a buclelor \u0219i a c\u00e2rlion\u021bilor confer\u0103 o str\u0103lucire atr\u0103g\u0103toare \u00eempiedic\u0103 electrizarea faciliteaz\u0103 coafatul  Cum se utilizeaz\u0103: Se aplic\u0103 pe p\u0103rul sp\u0103lat \u0219i uscat cu prosopul. Nu se cl\u0103te\u0219te. Apoi se modeleaz\u0103 p\u0103rul, conform coafurii dorite.<\/p>\n","protected":false},"excerpt":{"rendered":"<p>Kevin Murphy Killer.Waves, 150 ml, Alte produse de coafat pentru femei, Ave\u021bi control asupra p\u0103rului ondulat sau cre\u021b cu ajutorul produsului de styling Kevin Murphy Killer.Waves . V\u0103 va eviden\u021bia valurile sau buclele, le va conferi defini\u021bie \u0219i textur\u0103 \u0219i va sublinia frumuse\u021bea coafurii dvs. Faciliteaz\u0103 aranjarea ulterioar\u0103 a p\u0103rului ondulat sau cre\u021b \u0219i v\u0103&#8230;<\/p>\n","protected":false},"featured_media":444424,"comment_status":"closed","ping_status":"open","template":"","meta":{"_acf_changed":false,"_kadence_starter_templates_imported_post":false,"_kad_post_transparent":"","_kad_post_title":"","_kad_post_layout":"","_kad_post_sidebar_id":"","_kad_post_content_style":"","_kad_post_vertical_padding":"","_kad_post_feature":"","_kad_post_feature_position":"","_kad_post_header":false,"_kad_post_footer":false,"_kad_post_classname":""},"product_brand":[336],"product_cat":[1563,1590,1562],"product_tag":[],"class_list":{"0":"post-444423","1":"product","2":"type-product","3":"status-publish","4":"has-post-thumbnail","6":"product_brand-kevin-murphy","7":"product_cat-ingrijire-personala","8":"product_cat-ingrijirea-parului","9":"product_cat-sanatate-si-frumusete","10":"pa_gen-female","11":"pa_marime-150-ml","13":"first","14":"instock","15":"sale","16":"product-type-external","17":"entry","18":"content-bg","19":"loop-entry"},"acf":[],"yoast_head":"<!-- This site is optimized with the Yoast SEO plugin v27.4 - https:\/\/yoast.com\/product\/yoast-seo-wordpress\/ -->\n<title>Kevin Murphy Killer.Waves spray pentru definirea onduleurilor 150 ml - SHOPATOA.COM<\/title>\n<meta name=\"robots\" content=\"index, follow, max-snippet:-1, max-image-preview:large, max-video-preview:-1\" \/>\n<link rel=\"canonical\" href=\"https:\/\/shopatoa.com\/ro\/kevin-murphy-killer-waves-spray-pentru-definirea-onduleurilor-150-ml\/\" \/>\n<meta property=\"og:locale\" content=\"ro_RO\" \/>\n<meta property=\"og:type\" content=\"article\" \/>\n<meta property=\"og:title\" content=\"Kevin Murphy Killer.Waves spray pentru definirea onduleurilor 150 ml - SHOPATOA.COM\" \/>\n<meta property=\"og:description\" content=\"Kevin Murphy Killer.Waves, 150 ml, Alte produse de coafat pentru femei, Ave\u021bi control asupra p\u0103rului ondulat sau cre\u021b cu ajutorul produsului de styling Kevin Murphy Killer.Waves . V\u0103 va eviden\u021bia valurile sau buclele, le va conferi defini\u021bie \u0219i textur\u0103 \u0219i va sublinia frumuse\u021bea coafurii dvs. Faciliteaz\u0103 aranjarea ulterioar\u0103 a p\u0103rului ondulat sau cre\u021b \u0219i v\u0103...\" \/>\n<meta property=\"og:url\" content=\"https:\/\/shopatoa.com\/ro\/kevin-murphy-killer-waves-spray-pentru-definirea-onduleurilor-150-ml\/\" \/>\n<meta property=\"og:site_name\" content=\"SHOPATOA\" \/>\n<meta property=\"article:modified_time\" content=\"2025-12-13T23:13:36+00:00\" \/>\n<meta property=\"og:image\" content=\"https:\/\/storage.googleapis.com\/cz-shopatoa-img\/ro\/0c66a846-unnamed-file.webp\" \/>\n\t<meta property=\"og:image:width\" content=\"800\" \/>\n\t<meta property=\"og:image:height\" content=\"800\" \/>\n\t<meta property=\"og:image:type\" content=\"image\/webp\" \/>\n<meta name=\"twitter:card\" content=\"summary_large_image\" \/>\n<meta name=\"twitter:label1\" content=\"Timp estimat pentru citire\" \/>\n\t<meta name=\"twitter:data1\" content=\"1 minut\" \/>\n<script type=\"application\/ld+json\" class=\"yoast-schema-graph\">{\"@context\":\"https:\\\/\\\/schema.org\",\"@graph\":[{\"@type\":\"WebPage\",\"@id\":\"https:\\\/\\\/shopatoa.com\\\/ro\\\/kevin-murphy-killer-waves-spray-pentru-definirea-onduleurilor-150-ml\\\/\",\"url\":\"https:\\\/\\\/shopatoa.com\\\/ro\\\/kevin-murphy-killer-waves-spray-pentru-definirea-onduleurilor-150-ml\\\/\",\"name\":\"Kevin Murphy Killer.Waves spray pentru definirea onduleurilor 150 ml - SHOPATOA.COM\",\"isPartOf\":{\"@id\":\"https:\\\/\\\/shopatoa.com\\\/ro\\\/#website\"},\"primaryImageOfPage\":{\"@id\":\"https:\\\/\\\/shopatoa.com\\\/ro\\\/kevin-murphy-killer-waves-spray-pentru-definirea-onduleurilor-150-ml\\\/#primaryimage\"},\"image\":{\"@id\":\"https:\\\/\\\/shopatoa.com\\\/ro\\\/kevin-murphy-killer-waves-spray-pentru-definirea-onduleurilor-150-ml\\\/#primaryimage\"},\"thumbnailUrl\":\"https:\\\/\\\/storage.googleapis.com\\\/cz-shopatoa-img\\\/ro\\\/0c66a846-unnamed-file.webp\",\"datePublished\":\"2025-06-24T16:07:47+00:00\",\"dateModified\":\"2025-12-13T23:13:36+00:00\",\"breadcrumb\":{\"@id\":\"https:\\\/\\\/shopatoa.com\\\/ro\\\/kevin-murphy-killer-waves-spray-pentru-definirea-onduleurilor-150-ml\\\/#breadcrumb\"},\"inLanguage\":\"ro-RO\",\"potentialAction\":[{\"@type\":\"ReadAction\",\"target\":[\"https:\\\/\\\/shopatoa.com\\\/ro\\\/kevin-murphy-killer-waves-spray-pentru-definirea-onduleurilor-150-ml\\\/\"]}]},{\"@type\":\"ImageObject\",\"inLanguage\":\"ro-RO\",\"@id\":\"https:\\\/\\\/shopatoa.com\\\/ro\\\/kevin-murphy-killer-waves-spray-pentru-definirea-onduleurilor-150-ml\\\/#primaryimage\",\"url\":\"https:\\\/\\\/storage.googleapis.com\\\/cz-shopatoa-img\\\/ro\\\/0c66a846-unnamed-file.webp\",\"contentUrl\":\"https:\\\/\\\/storage.googleapis.com\\\/cz-shopatoa-img\\\/ro\\\/0c66a846-unnamed-file.webp\",\"width\":800,\"height\":800},{\"@type\":\"BreadcrumbList\",\"@id\":\"https:\\\/\\\/shopatoa.com\\\/ro\\\/kevin-murphy-killer-waves-spray-pentru-definirea-onduleurilor-150-ml\\\/#breadcrumb\",\"itemListElement\":[{\"@type\":\"ListItem\",\"position\":1,\"name\":\"Dom\u016f\",\"item\":\"https:\\\/\\\/shopatoa.com\\\/ro\\\/\"},{\"@type\":\"ListItem\",\"position\":2,\"name\":\"Shop\",\"item\":\"https:\\\/\\\/shopatoa.com\\\/ro\\\/shop\\\/\"},{\"@type\":\"ListItem\",\"position\":3,\"name\":\"S\u0103n\u0103tate \u0219i frumuse\u021be\",\"item\":\"https:\\\/\\\/shopatoa.com\\\/ro\\\/sanatate-si-frumusete\\\/\"},{\"@type\":\"ListItem\",\"position\":4,\"name\":\"\u00cengrijire personal\u0103\",\"item\":\"https:\\\/\\\/shopatoa.com\\\/ro\\\/ingrijire-personala\\\/\"},{\"@type\":\"ListItem\",\"position\":5,\"name\":\"\u00cengrijirea p\u0103rului\",\"item\":\"https:\\\/\\\/shopatoa.com\\\/ro\\\/ingrijirea-parului\\\/\"},{\"@type\":\"ListItem\",\"position\":6,\"name\":\"Kevin Murphy Killer.Waves spray pentru definirea onduleurilor 150 ml\"}]},{\"@type\":\"WebSite\",\"@id\":\"https:\\\/\\\/shopatoa.com\\\/ro\\\/#website\",\"url\":\"https:\\\/\\\/shopatoa.com\\\/ro\\\/\",\"name\":\"SHOPATOA\",\"description\":\"\",\"publisher\":{\"@id\":\"https:\\\/\\\/shopatoa.com\\\/ro\\\/#organization\"},\"potentialAction\":[{\"@type\":\"SearchAction\",\"target\":{\"@type\":\"EntryPoint\",\"urlTemplate\":\"https:\\\/\\\/shopatoa.com\\\/ro\\\/?s={search_term_string}\"},\"query-input\":{\"@type\":\"PropertyValueSpecification\",\"valueRequired\":true,\"valueName\":\"search_term_string\"}}],\"inLanguage\":\"ro-RO\"},{\"@type\":\"Organization\",\"@id\":\"https:\\\/\\\/shopatoa.com\\\/ro\\\/#organization\",\"name\":\"SHOPATOA\",\"url\":\"https:\\\/\\\/shopatoa.com\\\/ro\\\/\",\"logo\":{\"@type\":\"ImageObject\",\"inLanguage\":\"ro-RO\",\"@id\":\"https:\\\/\\\/shopatoa.com\\\/ro\\\/#\\\/schema\\\/logo\\\/image\\\/\",\"url\":\"https:\\\/\\\/storage.googleapis.com\\\/cz-shopatoa-img\\\/ro\\\/b4dac915-shopatoa_logo.png\",\"contentUrl\":\"https:\\\/\\\/storage.googleapis.com\\\/cz-shopatoa-img\\\/ro\\\/b4dac915-shopatoa_logo.png\",\"width\":416,\"height\":63,\"caption\":\"SHOPATOA\"},\"image\":{\"@id\":\"https:\\\/\\\/shopatoa.com\\\/ro\\\/#\\\/schema\\\/logo\\\/image\\\/\"}}]}<\/script>\n<!-- \/ Yoast SEO plugin. -->","yoast_head_json":{"title":"Kevin Murphy Killer.Waves spray pentru definirea onduleurilor 150 ml - SHOPATOA.COM","robots":{"index":"index","follow":"follow","max-snippet":"max-snippet:-1","max-image-preview":"max-image-preview:large","max-video-preview":"max-video-preview:-1"},"canonical":"https:\/\/shopatoa.com\/ro\/kevin-murphy-killer-waves-spray-pentru-definirea-onduleurilor-150-ml\/","og_locale":"ro_RO","og_type":"article","og_title":"Kevin Murphy Killer.Waves spray pentru definirea onduleurilor 150 ml - SHOPATOA.COM","og_description":"Kevin Murphy Killer.Waves, 150 ml, Alte produse de coafat pentru femei, Ave\u021bi control asupra p\u0103rului ondulat sau cre\u021b cu ajutorul produsului de styling Kevin Murphy Killer.Waves . V\u0103 va eviden\u021bia valurile sau buclele, le va conferi defini\u021bie \u0219i textur\u0103 \u0219i va sublinia frumuse\u021bea coafurii dvs. Faciliteaz\u0103 aranjarea ulterioar\u0103 a p\u0103rului ondulat sau cre\u021b \u0219i v\u0103...","og_url":"https:\/\/shopatoa.com\/ro\/kevin-murphy-killer-waves-spray-pentru-definirea-onduleurilor-150-ml\/","og_site_name":"SHOPATOA","article_modified_time":"2025-12-13T23:13:36+00:00","og_image":[{"width":800,"height":800,"url":"https:\/\/storage.googleapis.com\/cz-shopatoa-img\/ro\/0c66a846-unnamed-file.webp","type":"image\/webp"}],"twitter_card":"summary_large_image","twitter_misc":{"Timp estimat pentru citire":"1 minut"},"schema":{"@context":"https:\/\/schema.org","@graph":[{"@type":"WebPage","@id":"https:\/\/shopatoa.com\/ro\/kevin-murphy-killer-waves-spray-pentru-definirea-onduleurilor-150-ml\/","url":"https:\/\/shopatoa.com\/ro\/kevin-murphy-killer-waves-spray-pentru-definirea-onduleurilor-150-ml\/","name":"Kevin Murphy Killer.Waves spray pentru definirea onduleurilor 150 ml - SHOPATOA.COM","isPartOf":{"@id":"https:\/\/shopatoa.com\/ro\/#website"},"primaryImageOfPage":{"@id":"https:\/\/shopatoa.com\/ro\/kevin-murphy-killer-waves-spray-pentru-definirea-onduleurilor-150-ml\/#primaryimage"},"image":{"@id":"https:\/\/shopatoa.com\/ro\/kevin-murphy-killer-waves-spray-pentru-definirea-onduleurilor-150-ml\/#primaryimage"},"thumbnailUrl":"https:\/\/storage.googleapis.com\/cz-shopatoa-img\/ro\/0c66a846-unnamed-file.webp","datePublished":"2025-06-24T16:07:47+00:00","dateModified":"2025-12-13T23:13:36+00:00","breadcrumb":{"@id":"https:\/\/shopatoa.com\/ro\/kevin-murphy-killer-waves-spray-pentru-definirea-onduleurilor-150-ml\/#breadcrumb"},"inLanguage":"ro-RO","potentialAction":[{"@type":"ReadAction","target":["https:\/\/shopatoa.com\/ro\/kevin-murphy-killer-waves-spray-pentru-definirea-onduleurilor-150-ml\/"]}]},{"@type":"ImageObject","inLanguage":"ro-RO","@id":"https:\/\/shopatoa.com\/ro\/kevin-murphy-killer-waves-spray-pentru-definirea-onduleurilor-150-ml\/#primaryimage","url":"https:\/\/storage.googleapis.com\/cz-shopatoa-img\/ro\/0c66a846-unnamed-file.webp","contentUrl":"https:\/\/storage.googleapis.com\/cz-shopatoa-img\/ro\/0c66a846-unnamed-file.webp","width":800,"height":800},{"@type":"BreadcrumbList","@id":"https:\/\/shopatoa.com\/ro\/kevin-murphy-killer-waves-spray-pentru-definirea-onduleurilor-150-ml\/#breadcrumb","itemListElement":[{"@type":"ListItem","position":1,"name":"Dom\u016f","item":"https:\/\/shopatoa.com\/ro\/"},{"@type":"ListItem","position":2,"name":"Shop","item":"https:\/\/shopatoa.com\/ro\/shop\/"},{"@type":"ListItem","position":3,"name":"S\u0103n\u0103tate \u0219i frumuse\u021be","item":"https:\/\/shopatoa.com\/ro\/sanatate-si-frumusete\/"},{"@type":"ListItem","position":4,"name":"\u00cengrijire personal\u0103","item":"https:\/\/shopatoa.com\/ro\/ingrijire-personala\/"},{"@type":"ListItem","position":5,"name":"\u00cengrijirea p\u0103rului","item":"https:\/\/shopatoa.com\/ro\/ingrijirea-parului\/"},{"@type":"ListItem","position":6,"name":"Kevin Murphy Killer.Waves spray pentru definirea onduleurilor 150 ml"}]},{"@type":"WebSite","@id":"https:\/\/shopatoa.com\/ro\/#website","url":"https:\/\/shopatoa.com\/ro\/","name":"SHOPATOA","description":"","publisher":{"@id":"https:\/\/shopatoa.com\/ro\/#organization"},"potentialAction":[{"@type":"SearchAction","target":{"@type":"EntryPoint","urlTemplate":"https:\/\/shopatoa.com\/ro\/?s={search_term_string}"},"query-input":{"@type":"PropertyValueSpecification","valueRequired":true,"valueName":"search_term_string"}}],"inLanguage":"ro-RO"},{"@type":"Organization","@id":"https:\/\/shopatoa.com\/ro\/#organization","name":"SHOPATOA","url":"https:\/\/shopatoa.com\/ro\/","logo":{"@type":"ImageObject","inLanguage":"ro-RO","@id":"https:\/\/shopatoa.com\/ro\/#\/schema\/logo\/image\/","url":"https:\/\/storage.googleapis.com\/cz-shopatoa-img\/ro\/b4dac915-shopatoa_logo.png","contentUrl":"https:\/\/storage.googleapis.com\/cz-shopatoa-img\/ro\/b4dac915-shopatoa_logo.png","width":416,"height":63,"caption":"SHOPATOA"},"image":{"@id":"https:\/\/shopatoa.com\/ro\/#\/schema\/logo\/image\/"}}]}},"_links":{"self":[{"href":"https:\/\/shopatoa.com\/ro\/wp-json\/wp\/v2\/product\/444423","targetHints":{"allow":["GET"]}}],"collection":[{"href":"https:\/\/shopatoa.com\/ro\/wp-json\/wp\/v2\/product"}],"about":[{"href":"https:\/\/shopatoa.com\/ro\/wp-json\/wp\/v2\/types\/product"}],"replies":[{"embeddable":true,"href":"https:\/\/shopatoa.com\/ro\/wp-json\/wp\/v2\/comments?post=444423"}],"wp:featuredmedia":[{"embeddable":true,"href":"https:\/\/shopatoa.com\/ro\/wp-json\/wp\/v2\/media\/444424"}],"wp:attachment":[{"href":"https:\/\/shopatoa.com\/ro\/wp-json\/wp\/v2\/media?parent=444423"}],"wp:term":[{"taxonomy":"product_brand","embeddable":true,"href":"https:\/\/shopatoa.com\/ro\/wp-json\/wp\/v2\/product_brand?post=444423"},{"taxonomy":"product_cat","embeddable":true,"href":"https:\/\/shopatoa.com\/ro\/wp-json\/wp\/v2\/product_cat?post=444423"},{"taxonomy":"product_tag","embeddable":true,"href":"https:\/\/shopatoa.com\/ro\/wp-json\/wp\/v2\/product_tag?post=444423"}],"curies":[{"name":"wp","href":"https:\/\/api.w.org\/{rel}","templated":true}]}}