{"id":444771,"date":"2025-06-24T18:41:29","date_gmt":"2025-06-24T16:41:29","guid":{"rendered":"https:\/\/shopatoa.com\/ro\/bahama-skin-under-eyes-gels-masca-hidrogel-pentru-ochi-pentru-luminozitate-si-hidratare-5x2-buc\/"},"modified":"2025-06-24T18:41:36","modified_gmt":"2025-06-24T16:41:36","slug":"bahama-skin-under-eyes-gels-masca-hidrogel-pentru-ochi-pentru-luminozitate-si-hidratare-5x2-buc","status":"publish","type":"product","link":"https:\/\/shopatoa.com\/ro\/bahama-skin-under-eyes-gels-masca-hidrogel-pentru-ochi-pentru-luminozitate-si-hidratare-5x2-buc\/","title":{"rendered":"Bahama Skin Under Eyes Gels masca hidrogel pentru ochi pentru luminozitate si hidratare 5&#215;2 buc"},"content":{"rendered":"<p>Bahama Skin Under Eyes Gels, 5&#215;2 buc, Masc\u0103 pentru ochi pentru femei, Zona ochilor este extrem de sensibil\u0103, tenul acesteia fiind foarte sub\u021bire \u0219i fragil \u0219i, prin urmare, mai predispus la semnele de oboseal\u0103 \u0219i \u00eemb\u0103tr\u00e2nire. De aceea, necesit\u0103 o \u00eengrijire special\u0103, cu o compozi\u021bie \u0219i consisten\u021b\u0103 concepute exact pentru nevoile ei. Masca pentru ochi Bahama Skin Under Eyes Gels v\u0103 va completa perfect crema preferat\u0103, ori de c\u00e2te ori sim\u021bi\u021bi c\u0103 \u00eengrijirea obi\u0219nuit\u0103 a ochilor nu este suficient\u0103. Masca va \u00eembun\u0103t\u0103\u021bi calitatea tenului din zona ochilor, \u00eei va reda vitalitatea \u0219i aspectul proasp\u0103t \u0219i odihnit.  Caracteristici:  elimin\u0103 semnele de stres \u0219i de oboseal\u0103 ilumineaz\u0103 zona ochilor hidrateaz\u0103 intens diminueaz\u0103 edemele \u0219i cearc\u0103nele  Ingrediente:  produs vegan  Cum se utilizeaz\u0103: Scoate\u021bi plasturii din ambalaj \u0219i plasa\u021bi-i pe zona curat\u0103 de sub ochi. Folosi\u021bi pe tenul curat \u0219i uscat din zona ochilor. P\u0103stra\u021bi \u00een frigider pentru un efect pl\u0103cut r\u0103coritor.<\/p>\n","protected":false},"excerpt":{"rendered":"<p>Bahama Skin Under Eyes Gels, 5&#215;2 buc, Masc\u0103 pentru ochi pentru femei, Zona ochilor este extrem de sensibil\u0103, tenul acesteia fiind foarte sub\u021bire \u0219i fragil \u0219i, prin urmare, mai predispus la semnele de oboseal\u0103 \u0219i \u00eemb\u0103tr\u00e2nire. De aceea, necesit\u0103 o \u00eengrijire special\u0103, cu o compozi\u021bie \u0219i consisten\u021b\u0103 concepute exact pentru nevoile ei. Masca pentru ochi&#8230;<\/p>\n","protected":false},"featured_media":444772,"comment_status":"closed","ping_status":"open","template":"","meta":{"_acf_changed":false,"_kadence_starter_templates_imported_post":false,"_kad_post_transparent":"","_kad_post_title":"","_kad_post_layout":"","_kad_post_sidebar_id":"","_kad_post_content_style":"","_kad_post_vertical_padding":"","_kad_post_feature":"","_kad_post_feature_position":"","_kad_post_header":false,"_kad_post_footer":false,"_kad_post_classname":""},"product_brand":[3424],"product_cat":[1564,1563,1565,1614,1562],"product_tag":[],"class_list":{"0":"post-444771","1":"product","2":"type-product","3":"status-publish","4":"has-post-thumbnail","6":"product_brand-bahama","7":"product_cat-cosmetice-ingrijire-personala","8":"product_cat-ingrijire-personala","9":"product_cat-ingrijirea-pielii","10":"product_cat-masti-si-peelings-pentru-ten","11":"product_cat-sanatate-si-frumusete","12":"pa_gen-female","13":"pa_marime-5x2-buc","15":"first","16":"instock","17":"sale","18":"product-type-external","19":"entry","20":"content-bg","21":"loop-entry"},"acf":[],"yoast_head":"<!-- This site is optimized with the Yoast SEO plugin v27.4 - https:\/\/yoast.com\/product\/yoast-seo-wordpress\/ -->\n<title>Bahama Skin Under Eyes Gels masca hidrogel pentru ochi pentru luminozitate si hidratare 5x2 buc - SHOPATOA.COM<\/title>\n<meta name=\"robots\" content=\"index, follow, max-snippet:-1, max-image-preview:large, max-video-preview:-1\" \/>\n<link rel=\"canonical\" href=\"https:\/\/shopatoa.com\/ro\/bahama-skin-under-eyes-gels-masca-hidrogel-pentru-ochi-pentru-luminozitate-si-hidratare-5x2-buc\/\" \/>\n<meta property=\"og:locale\" content=\"ro_RO\" \/>\n<meta property=\"og:type\" content=\"article\" \/>\n<meta property=\"og:title\" content=\"Bahama Skin Under Eyes Gels masca hidrogel pentru ochi pentru luminozitate si hidratare 5x2 buc - SHOPATOA.COM\" \/>\n<meta property=\"og:description\" content=\"Bahama Skin Under Eyes Gels, 5&#215;2 buc, Masc\u0103 pentru ochi pentru femei, Zona ochilor este extrem de sensibil\u0103, tenul acesteia fiind foarte sub\u021bire \u0219i fragil \u0219i, prin urmare, mai predispus la semnele de oboseal\u0103 \u0219i \u00eemb\u0103tr\u00e2nire. De aceea, necesit\u0103 o \u00eengrijire special\u0103, cu o compozi\u021bie \u0219i consisten\u021b\u0103 concepute exact pentru nevoile ei. Masca pentru ochi...\" \/>\n<meta property=\"og:url\" content=\"https:\/\/shopatoa.com\/ro\/bahama-skin-under-eyes-gels-masca-hidrogel-pentru-ochi-pentru-luminozitate-si-hidratare-5x2-buc\/\" \/>\n<meta property=\"og:site_name\" content=\"SHOPATOA\" \/>\n<meta property=\"article:modified_time\" content=\"2025-06-24T16:41:36+00:00\" \/>\n<meta property=\"og:image\" content=\"https:\/\/storage.googleapis.com\/cz-shopatoa-img\/ro\/b1465e30-unnamed-file.webp\" \/>\n\t<meta property=\"og:image:width\" content=\"800\" \/>\n\t<meta property=\"og:image:height\" content=\"800\" \/>\n\t<meta property=\"og:image:type\" content=\"image\/webp\" \/>\n<meta name=\"twitter:card\" content=\"summary_large_image\" \/>\n<meta name=\"twitter:label1\" content=\"Timp estimat pentru citire\" \/>\n\t<meta name=\"twitter:data1\" content=\"1 minut\" \/>\n<script type=\"application\/ld+json\" class=\"yoast-schema-graph\">{\"@context\":\"https:\\\/\\\/schema.org\",\"@graph\":[{\"@type\":\"WebPage\",\"@id\":\"https:\\\/\\\/shopatoa.com\\\/ro\\\/bahama-skin-under-eyes-gels-masca-hidrogel-pentru-ochi-pentru-luminozitate-si-hidratare-5x2-buc\\\/\",\"url\":\"https:\\\/\\\/shopatoa.com\\\/ro\\\/bahama-skin-under-eyes-gels-masca-hidrogel-pentru-ochi-pentru-luminozitate-si-hidratare-5x2-buc\\\/\",\"name\":\"Bahama Skin Under Eyes Gels masca hidrogel pentru ochi pentru luminozitate si hidratare 5x2 buc - SHOPATOA.COM\",\"isPartOf\":{\"@id\":\"https:\\\/\\\/shopatoa.com\\\/ro\\\/#website\"},\"primaryImageOfPage\":{\"@id\":\"https:\\\/\\\/shopatoa.com\\\/ro\\\/bahama-skin-under-eyes-gels-masca-hidrogel-pentru-ochi-pentru-luminozitate-si-hidratare-5x2-buc\\\/#primaryimage\"},\"image\":{\"@id\":\"https:\\\/\\\/shopatoa.com\\\/ro\\\/bahama-skin-under-eyes-gels-masca-hidrogel-pentru-ochi-pentru-luminozitate-si-hidratare-5x2-buc\\\/#primaryimage\"},\"thumbnailUrl\":\"https:\\\/\\\/storage.googleapis.com\\\/cz-shopatoa-img\\\/ro\\\/b1465e30-unnamed-file.webp\",\"datePublished\":\"2025-06-24T16:41:29+00:00\",\"dateModified\":\"2025-06-24T16:41:36+00:00\",\"breadcrumb\":{\"@id\":\"https:\\\/\\\/shopatoa.com\\\/ro\\\/bahama-skin-under-eyes-gels-masca-hidrogel-pentru-ochi-pentru-luminozitate-si-hidratare-5x2-buc\\\/#breadcrumb\"},\"inLanguage\":\"ro-RO\",\"potentialAction\":[{\"@type\":\"ReadAction\",\"target\":[\"https:\\\/\\\/shopatoa.com\\\/ro\\\/bahama-skin-under-eyes-gels-masca-hidrogel-pentru-ochi-pentru-luminozitate-si-hidratare-5x2-buc\\\/\"]}]},{\"@type\":\"ImageObject\",\"inLanguage\":\"ro-RO\",\"@id\":\"https:\\\/\\\/shopatoa.com\\\/ro\\\/bahama-skin-under-eyes-gels-masca-hidrogel-pentru-ochi-pentru-luminozitate-si-hidratare-5x2-buc\\\/#primaryimage\",\"url\":\"https:\\\/\\\/storage.googleapis.com\\\/cz-shopatoa-img\\\/ro\\\/b1465e30-unnamed-file.webp\",\"contentUrl\":\"https:\\\/\\\/storage.googleapis.com\\\/cz-shopatoa-img\\\/ro\\\/b1465e30-unnamed-file.webp\",\"width\":800,\"height\":800},{\"@type\":\"BreadcrumbList\",\"@id\":\"https:\\\/\\\/shopatoa.com\\\/ro\\\/bahama-skin-under-eyes-gels-masca-hidrogel-pentru-ochi-pentru-luminozitate-si-hidratare-5x2-buc\\\/#breadcrumb\",\"itemListElement\":[{\"@type\":\"ListItem\",\"position\":1,\"name\":\"Dom\u016f\",\"item\":\"https:\\\/\\\/shopatoa.com\\\/ro\\\/\"},{\"@type\":\"ListItem\",\"position\":2,\"name\":\"Shop\",\"item\":\"https:\\\/\\\/shopatoa.com\\\/ro\\\/shop\\\/\"},{\"@type\":\"ListItem\",\"position\":3,\"name\":\"Bahama Skin Under Eyes Gels masca hidrogel pentru ochi pentru luminozitate si hidratare 5&#215;2 buc\"}]},{\"@type\":\"WebSite\",\"@id\":\"https:\\\/\\\/shopatoa.com\\\/ro\\\/#website\",\"url\":\"https:\\\/\\\/shopatoa.com\\\/ro\\\/\",\"name\":\"SHOPATOA\",\"description\":\"\",\"publisher\":{\"@id\":\"https:\\\/\\\/shopatoa.com\\\/ro\\\/#organization\"},\"potentialAction\":[{\"@type\":\"SearchAction\",\"target\":{\"@type\":\"EntryPoint\",\"urlTemplate\":\"https:\\\/\\\/shopatoa.com\\\/ro\\\/?s={search_term_string}\"},\"query-input\":{\"@type\":\"PropertyValueSpecification\",\"valueRequired\":true,\"valueName\":\"search_term_string\"}}],\"inLanguage\":\"ro-RO\"},{\"@type\":\"Organization\",\"@id\":\"https:\\\/\\\/shopatoa.com\\\/ro\\\/#organization\",\"name\":\"SHOPATOA\",\"url\":\"https:\\\/\\\/shopatoa.com\\\/ro\\\/\",\"logo\":{\"@type\":\"ImageObject\",\"inLanguage\":\"ro-RO\",\"@id\":\"https:\\\/\\\/shopatoa.com\\\/ro\\\/#\\\/schema\\\/logo\\\/image\\\/\",\"url\":\"https:\\\/\\\/storage.googleapis.com\\\/cz-shopatoa-img\\\/ro\\\/b4dac915-shopatoa_logo.png\",\"contentUrl\":\"https:\\\/\\\/storage.googleapis.com\\\/cz-shopatoa-img\\\/ro\\\/b4dac915-shopatoa_logo.png\",\"width\":416,\"height\":63,\"caption\":\"SHOPATOA\"},\"image\":{\"@id\":\"https:\\\/\\\/shopatoa.com\\\/ro\\\/#\\\/schema\\\/logo\\\/image\\\/\"}}]}<\/script>\n<!-- \/ Yoast SEO plugin. -->","yoast_head_json":{"title":"Bahama Skin Under Eyes Gels masca hidrogel pentru ochi pentru luminozitate si hidratare 5x2 buc - SHOPATOA.COM","robots":{"index":"index","follow":"follow","max-snippet":"max-snippet:-1","max-image-preview":"max-image-preview:large","max-video-preview":"max-video-preview:-1"},"canonical":"https:\/\/shopatoa.com\/ro\/bahama-skin-under-eyes-gels-masca-hidrogel-pentru-ochi-pentru-luminozitate-si-hidratare-5x2-buc\/","og_locale":"ro_RO","og_type":"article","og_title":"Bahama Skin Under Eyes Gels masca hidrogel pentru ochi pentru luminozitate si hidratare 5x2 buc - SHOPATOA.COM","og_description":"Bahama Skin Under Eyes Gels, 5&#215;2 buc, Masc\u0103 pentru ochi pentru femei, Zona ochilor este extrem de sensibil\u0103, tenul acesteia fiind foarte sub\u021bire \u0219i fragil \u0219i, prin urmare, mai predispus la semnele de oboseal\u0103 \u0219i \u00eemb\u0103tr\u00e2nire. De aceea, necesit\u0103 o \u00eengrijire special\u0103, cu o compozi\u021bie \u0219i consisten\u021b\u0103 concepute exact pentru nevoile ei. Masca pentru ochi...","og_url":"https:\/\/shopatoa.com\/ro\/bahama-skin-under-eyes-gels-masca-hidrogel-pentru-ochi-pentru-luminozitate-si-hidratare-5x2-buc\/","og_site_name":"SHOPATOA","article_modified_time":"2025-06-24T16:41:36+00:00","og_image":[{"width":800,"height":800,"url":"https:\/\/storage.googleapis.com\/cz-shopatoa-img\/ro\/b1465e30-unnamed-file.webp","type":"image\/webp"}],"twitter_card":"summary_large_image","twitter_misc":{"Timp estimat pentru citire":"1 minut"},"schema":{"@context":"https:\/\/schema.org","@graph":[{"@type":"WebPage","@id":"https:\/\/shopatoa.com\/ro\/bahama-skin-under-eyes-gels-masca-hidrogel-pentru-ochi-pentru-luminozitate-si-hidratare-5x2-buc\/","url":"https:\/\/shopatoa.com\/ro\/bahama-skin-under-eyes-gels-masca-hidrogel-pentru-ochi-pentru-luminozitate-si-hidratare-5x2-buc\/","name":"Bahama Skin Under Eyes Gels masca hidrogel pentru ochi pentru luminozitate si hidratare 5x2 buc - SHOPATOA.COM","isPartOf":{"@id":"https:\/\/shopatoa.com\/ro\/#website"},"primaryImageOfPage":{"@id":"https:\/\/shopatoa.com\/ro\/bahama-skin-under-eyes-gels-masca-hidrogel-pentru-ochi-pentru-luminozitate-si-hidratare-5x2-buc\/#primaryimage"},"image":{"@id":"https:\/\/shopatoa.com\/ro\/bahama-skin-under-eyes-gels-masca-hidrogel-pentru-ochi-pentru-luminozitate-si-hidratare-5x2-buc\/#primaryimage"},"thumbnailUrl":"https:\/\/storage.googleapis.com\/cz-shopatoa-img\/ro\/b1465e30-unnamed-file.webp","datePublished":"2025-06-24T16:41:29+00:00","dateModified":"2025-06-24T16:41:36+00:00","breadcrumb":{"@id":"https:\/\/shopatoa.com\/ro\/bahama-skin-under-eyes-gels-masca-hidrogel-pentru-ochi-pentru-luminozitate-si-hidratare-5x2-buc\/#breadcrumb"},"inLanguage":"ro-RO","potentialAction":[{"@type":"ReadAction","target":["https:\/\/shopatoa.com\/ro\/bahama-skin-under-eyes-gels-masca-hidrogel-pentru-ochi-pentru-luminozitate-si-hidratare-5x2-buc\/"]}]},{"@type":"ImageObject","inLanguage":"ro-RO","@id":"https:\/\/shopatoa.com\/ro\/bahama-skin-under-eyes-gels-masca-hidrogel-pentru-ochi-pentru-luminozitate-si-hidratare-5x2-buc\/#primaryimage","url":"https:\/\/storage.googleapis.com\/cz-shopatoa-img\/ro\/b1465e30-unnamed-file.webp","contentUrl":"https:\/\/storage.googleapis.com\/cz-shopatoa-img\/ro\/b1465e30-unnamed-file.webp","width":800,"height":800},{"@type":"BreadcrumbList","@id":"https:\/\/shopatoa.com\/ro\/bahama-skin-under-eyes-gels-masca-hidrogel-pentru-ochi-pentru-luminozitate-si-hidratare-5x2-buc\/#breadcrumb","itemListElement":[{"@type":"ListItem","position":1,"name":"Dom\u016f","item":"https:\/\/shopatoa.com\/ro\/"},{"@type":"ListItem","position":2,"name":"Shop","item":"https:\/\/shopatoa.com\/ro\/shop\/"},{"@type":"ListItem","position":3,"name":"Bahama Skin Under Eyes Gels masca hidrogel pentru ochi pentru luminozitate si hidratare 5&#215;2 buc"}]},{"@type":"WebSite","@id":"https:\/\/shopatoa.com\/ro\/#website","url":"https:\/\/shopatoa.com\/ro\/","name":"SHOPATOA","description":"","publisher":{"@id":"https:\/\/shopatoa.com\/ro\/#organization"},"potentialAction":[{"@type":"SearchAction","target":{"@type":"EntryPoint","urlTemplate":"https:\/\/shopatoa.com\/ro\/?s={search_term_string}"},"query-input":{"@type":"PropertyValueSpecification","valueRequired":true,"valueName":"search_term_string"}}],"inLanguage":"ro-RO"},{"@type":"Organization","@id":"https:\/\/shopatoa.com\/ro\/#organization","name":"SHOPATOA","url":"https:\/\/shopatoa.com\/ro\/","logo":{"@type":"ImageObject","inLanguage":"ro-RO","@id":"https:\/\/shopatoa.com\/ro\/#\/schema\/logo\/image\/","url":"https:\/\/storage.googleapis.com\/cz-shopatoa-img\/ro\/b4dac915-shopatoa_logo.png","contentUrl":"https:\/\/storage.googleapis.com\/cz-shopatoa-img\/ro\/b4dac915-shopatoa_logo.png","width":416,"height":63,"caption":"SHOPATOA"},"image":{"@id":"https:\/\/shopatoa.com\/ro\/#\/schema\/logo\/image\/"}}]}},"_links":{"self":[{"href":"https:\/\/shopatoa.com\/ro\/wp-json\/wp\/v2\/product\/444771","targetHints":{"allow":["GET"]}}],"collection":[{"href":"https:\/\/shopatoa.com\/ro\/wp-json\/wp\/v2\/product"}],"about":[{"href":"https:\/\/shopatoa.com\/ro\/wp-json\/wp\/v2\/types\/product"}],"replies":[{"embeddable":true,"href":"https:\/\/shopatoa.com\/ro\/wp-json\/wp\/v2\/comments?post=444771"}],"wp:featuredmedia":[{"embeddable":true,"href":"https:\/\/shopatoa.com\/ro\/wp-json\/wp\/v2\/media\/444772"}],"wp:attachment":[{"href":"https:\/\/shopatoa.com\/ro\/wp-json\/wp\/v2\/media?parent=444771"}],"wp:term":[{"taxonomy":"product_brand","embeddable":true,"href":"https:\/\/shopatoa.com\/ro\/wp-json\/wp\/v2\/product_brand?post=444771"},{"taxonomy":"product_cat","embeddable":true,"href":"https:\/\/shopatoa.com\/ro\/wp-json\/wp\/v2\/product_cat?post=444771"},{"taxonomy":"product_tag","embeddable":true,"href":"https:\/\/shopatoa.com\/ro\/wp-json\/wp\/v2\/product_tag?post=444771"}],"curies":[{"name":"wp","href":"https:\/\/api.w.org\/{rel}","templated":true}]}}