{"id":445069,"date":"2025-06-24T19:17:43","date_gmt":"2025-06-24T17:17:43","guid":{"rendered":"https:\/\/shopatoa.com\/ro\/kundal-shea-butter-macadamia-white-musk-crema-de-maini-hidratanta-cu-efect-de-nutritiv-50-ml\/"},"modified":"2025-12-13T23:34:22","modified_gmt":"2025-12-13T22:34:22","slug":"kundal-shea-butter-macadamia-white-musk-crema-de-maini-hidratanta-cu-efect-de-nutritiv-50-ml","status":"publish","type":"product","link":"https:\/\/shopatoa.com\/ro\/kundal-shea-butter-macadamia-white-musk-crema-de-maini-hidratanta-cu-efect-de-nutritiv-50-ml\/","title":{"rendered":"KUNDAL Shea Butter &amp; Macadamia White Musk crema de maini hidratanta cu efect de nutritiv 50 ml"},"content":{"rendered":"<p>KUNDAL Shea Butter &amp; Macadamia White Musk, 50 ml, Creme de maini pentru femei, Crema KUNDAL Shea Butter &amp; Macadamia White Musk v\u0103 va proteja m\u00e2inile solicitate \u00eempotriva usc\u0103rii sau chiar a cr\u0103p\u0103rii cauzate de influen\u021bele externe. Ofer\u0103 regenerare eficient\u0103, ameliorarea disconfortului \u0219i catifelarea pielii. \u00cen acela\u0219i timp, creeaz\u0103 o pelicul\u0103 protectoare invizibil\u0103, care men\u021bine pielea hidratat\u0103 \u0219i previne deteriorarea acesteia. Restabili\u021bi frumuse\u021bea \u0219i confortul m\u00e2inilor dvs.  Caracteristici:  hidrateaz\u0103 \u0219i hr\u0103ne\u0219te pielea regenereaz\u0103 are efect de calmare protejeaz\u0103 \u00eempotriva influen\u021belor negative ale mediului atenueaz\u0103 simptomele \u00eemb\u0103tr\u00e2nirii pielii se absoarbe rapid nu las\u0103 o pelicul\u0103 gras\u0103 las\u0103 pielea fin\u0103 \u0219i neted\u0103  Ingrediente:  unt de shea \u2013 hr\u0103ne\u0219te, ajut\u0103 la men\u021binerea umidit\u0103\u021bii necesare \u00een piele, confer\u0103 catifelare \u0219i netezime, ofer\u0103 protec\u021bie \u00eempotriva usc\u0103rii \u0219i a influen\u021belor externe d\u0103un\u0103toare ulei de migdale \u2013 hr\u0103ne\u0219te, ajut\u0103 la fixarea umidit\u0103\u021bii \u00een piele \u0219i la men\u021binerea hidrat\u0103rii acesteia, catifeleaz\u0103 textura dur\u0103 \u0219i imperfec\u021biunile cutanate, ajut\u0103 la prevenirea solzilor usca\u021bi \u0219i a irita\u021biilor ceramide \u2013 lipide esen\u021biale care se g\u0103sesc natural \u00een piele, sunt esen\u021biale pentru buna func\u021bionare a barierei protectoare cutanate, hidrateaz\u0103 \u0219i ajut\u0103 la prevenirea usc\u0103rii, irita\u021biei, deterior\u0103rii \u0219i ridurilor adenozin\u0103 \u2013 are efecte calmante, combate irita\u021biile  Cum se utilizeaz\u0103: Se aplic\u0103 crema pe m\u00e2ini, dup\u0103 nevoie \u0219i se maseaz\u0103 p\u00e2n\u0103 la absorb\u021bie. Nu cl\u0103ti\u021bi. Se repet\u0103 de mai multe ori pe zi, dup\u0103 cum este necesar.<\/p>\n","protected":false},"excerpt":{"rendered":"<p>KUNDAL Shea Butter &amp; Macadamia White Musk, 50 ml, Creme de maini pentru femei, Crema KUNDAL Shea Butter &amp; Macadamia White Musk v\u0103 va proteja m\u00e2inile solicitate \u00eempotriva usc\u0103rii sau chiar a cr\u0103p\u0103rii cauzate de influen\u021bele externe. Ofer\u0103 regenerare eficient\u0103, ameliorarea disconfortului \u0219i catifelarea pielii. \u00cen acela\u0219i timp, creeaz\u0103 o pelicul\u0103 protectoare invizibil\u0103, care men\u021bine&#8230;<\/p>\n","protected":false},"featured_media":445070,"comment_status":"closed","ping_status":"open","template":"","meta":{"_acf_changed":false,"_kadence_starter_templates_imported_post":false,"_kad_post_transparent":"","_kad_post_title":"","_kad_post_layout":"","_kad_post_sidebar_id":"","_kad_post_content_style":"","_kad_post_vertical_padding":"","_kad_post_feature":"","_kad_post_feature_position":"","_kad_post_header":false,"_kad_post_footer":false,"_kad_post_classname":""},"product_brand":[2321],"product_cat":[1564,1563,1565,1562],"product_tag":[],"class_list":{"0":"post-445069","1":"product","2":"type-product","3":"status-publish","4":"has-post-thumbnail","6":"product_brand-kundal","7":"product_cat-cosmetice-ingrijire-personala","8":"product_cat-ingrijire-personala","9":"product_cat-ingrijirea-pielii","10":"product_cat-sanatate-si-frumusete","11":"pa_gen-female","12":"pa_marime-50-ml","14":"first","15":"instock","16":"sale","17":"product-type-external","18":"entry","19":"content-bg","20":"loop-entry"},"acf":[],"yoast_head":"<!-- This site is optimized with the Yoast SEO plugin v27.4 - https:\/\/yoast.com\/product\/yoast-seo-wordpress\/ -->\n<title>KUNDAL Shea Butter &amp; Macadamia White Musk crema de maini hidratanta cu efect de nutritiv 50 ml - SHOPATOA.COM<\/title>\n<meta name=\"robots\" content=\"index, follow, max-snippet:-1, max-image-preview:large, max-video-preview:-1\" \/>\n<link rel=\"canonical\" href=\"https:\/\/shopatoa.com\/ro\/kundal-shea-butter-macadamia-white-musk-crema-de-maini-hidratanta-cu-efect-de-nutritiv-50-ml\/\" \/>\n<meta property=\"og:locale\" content=\"ro_RO\" \/>\n<meta property=\"og:type\" content=\"article\" \/>\n<meta property=\"og:title\" content=\"KUNDAL Shea Butter &amp; Macadamia White Musk crema de maini hidratanta cu efect de nutritiv 50 ml - SHOPATOA.COM\" \/>\n<meta property=\"og:description\" content=\"KUNDAL Shea Butter &amp; Macadamia White Musk, 50 ml, Creme de maini pentru femei, Crema KUNDAL Shea Butter &amp; Macadamia White Musk v\u0103 va proteja m\u00e2inile solicitate \u00eempotriva usc\u0103rii sau chiar a cr\u0103p\u0103rii cauzate de influen\u021bele externe. Ofer\u0103 regenerare eficient\u0103, ameliorarea disconfortului \u0219i catifelarea pielii. \u00cen acela\u0219i timp, creeaz\u0103 o pelicul\u0103 protectoare invizibil\u0103, care men\u021bine...\" \/>\n<meta property=\"og:url\" content=\"https:\/\/shopatoa.com\/ro\/kundal-shea-butter-macadamia-white-musk-crema-de-maini-hidratanta-cu-efect-de-nutritiv-50-ml\/\" \/>\n<meta property=\"og:site_name\" content=\"SHOPATOA\" \/>\n<meta property=\"article:modified_time\" content=\"2025-12-13T22:34:22+00:00\" \/>\n<meta property=\"og:image\" content=\"https:\/\/storage.googleapis.com\/cz-shopatoa-img\/ro\/e0ab2173-unnamed-file.webp\" \/>\n\t<meta property=\"og:image:width\" content=\"800\" \/>\n\t<meta property=\"og:image:height\" content=\"800\" \/>\n\t<meta property=\"og:image:type\" content=\"image\/webp\" \/>\n<meta name=\"twitter:card\" content=\"summary_large_image\" \/>\n<meta name=\"twitter:label1\" content=\"Timp estimat pentru citire\" \/>\n\t<meta name=\"twitter:data1\" content=\"1 minut\" \/>\n<script type=\"application\/ld+json\" class=\"yoast-schema-graph\">{\"@context\":\"https:\\\/\\\/schema.org\",\"@graph\":[{\"@type\":\"WebPage\",\"@id\":\"https:\\\/\\\/shopatoa.com\\\/ro\\\/kundal-shea-butter-macadamia-white-musk-crema-de-maini-hidratanta-cu-efect-de-nutritiv-50-ml\\\/\",\"url\":\"https:\\\/\\\/shopatoa.com\\\/ro\\\/kundal-shea-butter-macadamia-white-musk-crema-de-maini-hidratanta-cu-efect-de-nutritiv-50-ml\\\/\",\"name\":\"KUNDAL Shea Butter & Macadamia White Musk crema de maini hidratanta cu efect de nutritiv 50 ml - SHOPATOA.COM\",\"isPartOf\":{\"@id\":\"https:\\\/\\\/shopatoa.com\\\/ro\\\/#website\"},\"primaryImageOfPage\":{\"@id\":\"https:\\\/\\\/shopatoa.com\\\/ro\\\/kundal-shea-butter-macadamia-white-musk-crema-de-maini-hidratanta-cu-efect-de-nutritiv-50-ml\\\/#primaryimage\"},\"image\":{\"@id\":\"https:\\\/\\\/shopatoa.com\\\/ro\\\/kundal-shea-butter-macadamia-white-musk-crema-de-maini-hidratanta-cu-efect-de-nutritiv-50-ml\\\/#primaryimage\"},\"thumbnailUrl\":\"https:\\\/\\\/storage.googleapis.com\\\/cz-shopatoa-img\\\/ro\\\/e0ab2173-unnamed-file.webp\",\"datePublished\":\"2025-06-24T17:17:43+00:00\",\"dateModified\":\"2025-12-13T22:34:22+00:00\",\"breadcrumb\":{\"@id\":\"https:\\\/\\\/shopatoa.com\\\/ro\\\/kundal-shea-butter-macadamia-white-musk-crema-de-maini-hidratanta-cu-efect-de-nutritiv-50-ml\\\/#breadcrumb\"},\"inLanguage\":\"ro-RO\",\"potentialAction\":[{\"@type\":\"ReadAction\",\"target\":[\"https:\\\/\\\/shopatoa.com\\\/ro\\\/kundal-shea-butter-macadamia-white-musk-crema-de-maini-hidratanta-cu-efect-de-nutritiv-50-ml\\\/\"]}]},{\"@type\":\"ImageObject\",\"inLanguage\":\"ro-RO\",\"@id\":\"https:\\\/\\\/shopatoa.com\\\/ro\\\/kundal-shea-butter-macadamia-white-musk-crema-de-maini-hidratanta-cu-efect-de-nutritiv-50-ml\\\/#primaryimage\",\"url\":\"https:\\\/\\\/storage.googleapis.com\\\/cz-shopatoa-img\\\/ro\\\/e0ab2173-unnamed-file.webp\",\"contentUrl\":\"https:\\\/\\\/storage.googleapis.com\\\/cz-shopatoa-img\\\/ro\\\/e0ab2173-unnamed-file.webp\",\"width\":800,\"height\":800},{\"@type\":\"BreadcrumbList\",\"@id\":\"https:\\\/\\\/shopatoa.com\\\/ro\\\/kundal-shea-butter-macadamia-white-musk-crema-de-maini-hidratanta-cu-efect-de-nutritiv-50-ml\\\/#breadcrumb\",\"itemListElement\":[{\"@type\":\"ListItem\",\"position\":1,\"name\":\"Dom\u016f\",\"item\":\"https:\\\/\\\/shopatoa.com\\\/ro\\\/\"},{\"@type\":\"ListItem\",\"position\":2,\"name\":\"Shop\",\"item\":\"https:\\\/\\\/shopatoa.com\\\/ro\\\/shop\\\/\"},{\"@type\":\"ListItem\",\"position\":3,\"name\":\"S\u0103n\u0103tate \u0219i frumuse\u021be\",\"item\":\"https:\\\/\\\/shopatoa.com\\\/ro\\\/sanatate-si-frumusete\\\/\"},{\"@type\":\"ListItem\",\"position\":4,\"name\":\"\u00cengrijire personal\u0103\",\"item\":\"https:\\\/\\\/shopatoa.com\\\/ro\\\/ingrijire-personala\\\/\"},{\"@type\":\"ListItem\",\"position\":5,\"name\":\"Cosmetice\",\"item\":\"https:\\\/\\\/shopatoa.com\\\/ro\\\/cosmetice-ingrijire-personala\\\/\"},{\"@type\":\"ListItem\",\"position\":6,\"name\":\"\u00cengrijirea pielii\",\"item\":\"https:\\\/\\\/shopatoa.com\\\/ro\\\/ingrijirea-pielii\\\/\"},{\"@type\":\"ListItem\",\"position\":7,\"name\":\"KUNDAL Shea Butter &amp; Macadamia White Musk crema de maini hidratanta cu efect de nutritiv 50 ml\"}]},{\"@type\":\"WebSite\",\"@id\":\"https:\\\/\\\/shopatoa.com\\\/ro\\\/#website\",\"url\":\"https:\\\/\\\/shopatoa.com\\\/ro\\\/\",\"name\":\"SHOPATOA\",\"description\":\"\",\"publisher\":{\"@id\":\"https:\\\/\\\/shopatoa.com\\\/ro\\\/#organization\"},\"potentialAction\":[{\"@type\":\"SearchAction\",\"target\":{\"@type\":\"EntryPoint\",\"urlTemplate\":\"https:\\\/\\\/shopatoa.com\\\/ro\\\/?s={search_term_string}\"},\"query-input\":{\"@type\":\"PropertyValueSpecification\",\"valueRequired\":true,\"valueName\":\"search_term_string\"}}],\"inLanguage\":\"ro-RO\"},{\"@type\":\"Organization\",\"@id\":\"https:\\\/\\\/shopatoa.com\\\/ro\\\/#organization\",\"name\":\"SHOPATOA\",\"url\":\"https:\\\/\\\/shopatoa.com\\\/ro\\\/\",\"logo\":{\"@type\":\"ImageObject\",\"inLanguage\":\"ro-RO\",\"@id\":\"https:\\\/\\\/shopatoa.com\\\/ro\\\/#\\\/schema\\\/logo\\\/image\\\/\",\"url\":\"https:\\\/\\\/storage.googleapis.com\\\/cz-shopatoa-img\\\/ro\\\/b4dac915-shopatoa_logo.png\",\"contentUrl\":\"https:\\\/\\\/storage.googleapis.com\\\/cz-shopatoa-img\\\/ro\\\/b4dac915-shopatoa_logo.png\",\"width\":416,\"height\":63,\"caption\":\"SHOPATOA\"},\"image\":{\"@id\":\"https:\\\/\\\/shopatoa.com\\\/ro\\\/#\\\/schema\\\/logo\\\/image\\\/\"}}]}<\/script>\n<!-- \/ Yoast SEO plugin. -->","yoast_head_json":{"title":"KUNDAL Shea Butter & Macadamia White Musk crema de maini hidratanta cu efect de nutritiv 50 ml - SHOPATOA.COM","robots":{"index":"index","follow":"follow","max-snippet":"max-snippet:-1","max-image-preview":"max-image-preview:large","max-video-preview":"max-video-preview:-1"},"canonical":"https:\/\/shopatoa.com\/ro\/kundal-shea-butter-macadamia-white-musk-crema-de-maini-hidratanta-cu-efect-de-nutritiv-50-ml\/","og_locale":"ro_RO","og_type":"article","og_title":"KUNDAL Shea Butter & Macadamia White Musk crema de maini hidratanta cu efect de nutritiv 50 ml - SHOPATOA.COM","og_description":"KUNDAL Shea Butter &amp; Macadamia White Musk, 50 ml, Creme de maini pentru femei, Crema KUNDAL Shea Butter &amp; Macadamia White Musk v\u0103 va proteja m\u00e2inile solicitate \u00eempotriva usc\u0103rii sau chiar a cr\u0103p\u0103rii cauzate de influen\u021bele externe. Ofer\u0103 regenerare eficient\u0103, ameliorarea disconfortului \u0219i catifelarea pielii. \u00cen acela\u0219i timp, creeaz\u0103 o pelicul\u0103 protectoare invizibil\u0103, care men\u021bine...","og_url":"https:\/\/shopatoa.com\/ro\/kundal-shea-butter-macadamia-white-musk-crema-de-maini-hidratanta-cu-efect-de-nutritiv-50-ml\/","og_site_name":"SHOPATOA","article_modified_time":"2025-12-13T22:34:22+00:00","og_image":[{"width":800,"height":800,"url":"https:\/\/storage.googleapis.com\/cz-shopatoa-img\/ro\/e0ab2173-unnamed-file.webp","type":"image\/webp"}],"twitter_card":"summary_large_image","twitter_misc":{"Timp estimat pentru citire":"1 minut"},"schema":{"@context":"https:\/\/schema.org","@graph":[{"@type":"WebPage","@id":"https:\/\/shopatoa.com\/ro\/kundal-shea-butter-macadamia-white-musk-crema-de-maini-hidratanta-cu-efect-de-nutritiv-50-ml\/","url":"https:\/\/shopatoa.com\/ro\/kundal-shea-butter-macadamia-white-musk-crema-de-maini-hidratanta-cu-efect-de-nutritiv-50-ml\/","name":"KUNDAL Shea Butter & Macadamia White Musk crema de maini hidratanta cu efect de nutritiv 50 ml - SHOPATOA.COM","isPartOf":{"@id":"https:\/\/shopatoa.com\/ro\/#website"},"primaryImageOfPage":{"@id":"https:\/\/shopatoa.com\/ro\/kundal-shea-butter-macadamia-white-musk-crema-de-maini-hidratanta-cu-efect-de-nutritiv-50-ml\/#primaryimage"},"image":{"@id":"https:\/\/shopatoa.com\/ro\/kundal-shea-butter-macadamia-white-musk-crema-de-maini-hidratanta-cu-efect-de-nutritiv-50-ml\/#primaryimage"},"thumbnailUrl":"https:\/\/storage.googleapis.com\/cz-shopatoa-img\/ro\/e0ab2173-unnamed-file.webp","datePublished":"2025-06-24T17:17:43+00:00","dateModified":"2025-12-13T22:34:22+00:00","breadcrumb":{"@id":"https:\/\/shopatoa.com\/ro\/kundal-shea-butter-macadamia-white-musk-crema-de-maini-hidratanta-cu-efect-de-nutritiv-50-ml\/#breadcrumb"},"inLanguage":"ro-RO","potentialAction":[{"@type":"ReadAction","target":["https:\/\/shopatoa.com\/ro\/kundal-shea-butter-macadamia-white-musk-crema-de-maini-hidratanta-cu-efect-de-nutritiv-50-ml\/"]}]},{"@type":"ImageObject","inLanguage":"ro-RO","@id":"https:\/\/shopatoa.com\/ro\/kundal-shea-butter-macadamia-white-musk-crema-de-maini-hidratanta-cu-efect-de-nutritiv-50-ml\/#primaryimage","url":"https:\/\/storage.googleapis.com\/cz-shopatoa-img\/ro\/e0ab2173-unnamed-file.webp","contentUrl":"https:\/\/storage.googleapis.com\/cz-shopatoa-img\/ro\/e0ab2173-unnamed-file.webp","width":800,"height":800},{"@type":"BreadcrumbList","@id":"https:\/\/shopatoa.com\/ro\/kundal-shea-butter-macadamia-white-musk-crema-de-maini-hidratanta-cu-efect-de-nutritiv-50-ml\/#breadcrumb","itemListElement":[{"@type":"ListItem","position":1,"name":"Dom\u016f","item":"https:\/\/shopatoa.com\/ro\/"},{"@type":"ListItem","position":2,"name":"Shop","item":"https:\/\/shopatoa.com\/ro\/shop\/"},{"@type":"ListItem","position":3,"name":"S\u0103n\u0103tate \u0219i frumuse\u021be","item":"https:\/\/shopatoa.com\/ro\/sanatate-si-frumusete\/"},{"@type":"ListItem","position":4,"name":"\u00cengrijire personal\u0103","item":"https:\/\/shopatoa.com\/ro\/ingrijire-personala\/"},{"@type":"ListItem","position":5,"name":"Cosmetice","item":"https:\/\/shopatoa.com\/ro\/cosmetice-ingrijire-personala\/"},{"@type":"ListItem","position":6,"name":"\u00cengrijirea pielii","item":"https:\/\/shopatoa.com\/ro\/ingrijirea-pielii\/"},{"@type":"ListItem","position":7,"name":"KUNDAL Shea Butter &amp; Macadamia White Musk crema de maini hidratanta cu efect de nutritiv 50 ml"}]},{"@type":"WebSite","@id":"https:\/\/shopatoa.com\/ro\/#website","url":"https:\/\/shopatoa.com\/ro\/","name":"SHOPATOA","description":"","publisher":{"@id":"https:\/\/shopatoa.com\/ro\/#organization"},"potentialAction":[{"@type":"SearchAction","target":{"@type":"EntryPoint","urlTemplate":"https:\/\/shopatoa.com\/ro\/?s={search_term_string}"},"query-input":{"@type":"PropertyValueSpecification","valueRequired":true,"valueName":"search_term_string"}}],"inLanguage":"ro-RO"},{"@type":"Organization","@id":"https:\/\/shopatoa.com\/ro\/#organization","name":"SHOPATOA","url":"https:\/\/shopatoa.com\/ro\/","logo":{"@type":"ImageObject","inLanguage":"ro-RO","@id":"https:\/\/shopatoa.com\/ro\/#\/schema\/logo\/image\/","url":"https:\/\/storage.googleapis.com\/cz-shopatoa-img\/ro\/b4dac915-shopatoa_logo.png","contentUrl":"https:\/\/storage.googleapis.com\/cz-shopatoa-img\/ro\/b4dac915-shopatoa_logo.png","width":416,"height":63,"caption":"SHOPATOA"},"image":{"@id":"https:\/\/shopatoa.com\/ro\/#\/schema\/logo\/image\/"}}]}},"_links":{"self":[{"href":"https:\/\/shopatoa.com\/ro\/wp-json\/wp\/v2\/product\/445069","targetHints":{"allow":["GET"]}}],"collection":[{"href":"https:\/\/shopatoa.com\/ro\/wp-json\/wp\/v2\/product"}],"about":[{"href":"https:\/\/shopatoa.com\/ro\/wp-json\/wp\/v2\/types\/product"}],"replies":[{"embeddable":true,"href":"https:\/\/shopatoa.com\/ro\/wp-json\/wp\/v2\/comments?post=445069"}],"wp:featuredmedia":[{"embeddable":true,"href":"https:\/\/shopatoa.com\/ro\/wp-json\/wp\/v2\/media\/445070"}],"wp:attachment":[{"href":"https:\/\/shopatoa.com\/ro\/wp-json\/wp\/v2\/media?parent=445069"}],"wp:term":[{"taxonomy":"product_brand","embeddable":true,"href":"https:\/\/shopatoa.com\/ro\/wp-json\/wp\/v2\/product_brand?post=445069"},{"taxonomy":"product_cat","embeddable":true,"href":"https:\/\/shopatoa.com\/ro\/wp-json\/wp\/v2\/product_cat?post=445069"},{"taxonomy":"product_tag","embeddable":true,"href":"https:\/\/shopatoa.com\/ro\/wp-json\/wp\/v2\/product_tag?post=445069"}],"curies":[{"name":"wp","href":"https:\/\/api.w.org\/{rel}","templated":true}]}}