{"id":445545,"date":"2025-06-24T20:00:19","date_gmt":"2025-06-24T18:00:19","guid":{"rendered":"https:\/\/shopatoa.com\/ro\/glov-hydroweave-scrunchie-inel-de-par-invizibil-ivory-1-buc\/"},"modified":"2025-12-13T23:03:00","modified_gmt":"2025-12-13T22:03:00","slug":"glov-hydroweave-scrunchie-inel-de-par-invizibil-ivory-1-buc","status":"publish","type":"product","link":"https:\/\/shopatoa.com\/ro\/glov-hydroweave-scrunchie-inel-de-par-invizibil-ivory-1-buc\/","title":{"rendered":"GLOV HydroWeave Scrunchie inel de par invizibil Ivory 1 buc"},"content":{"rendered":"<p>GLOV HydroWeave Scrunchie, 1 buc, Elastice pentru p\u0103r pentru femei, Elasticul GLOV HydroWeave Scrunchie men\u021bine p\u0103rul \u00een coad\u0103 de cal, \u00eempletitur\u0103 sau alt\u0103 coafur\u0103 similar\u0103. Prinde p\u0103rul ferm, dar suficient de delicat, prevenind astfel sl\u0103birea nedorit\u0103. V\u0103 va ajuta s\u0103 crea\u021bi coafura perfect\u0103 \u00een cel mai scurt timp \u0219i s\u0103 \u00eembl\u00e2nzi\u021bi firele de p\u0103r rebele. Va avea grij\u0103 ca p\u0103rul s\u0103 nu v\u0103 mai cad\u0103 \u00een ochi sau s\u0103 nu v\u0103 mai incomodeze \u00een anumite situa\u021bii \u2013 de exemplu, la munc\u0103 sau \u00een timpul activit\u0103\u021bilor sportive. Baza\u021bi-v\u0103 pe elasticul de p\u0103r, care asigur\u0103 un confort maxim la eficien\u021b\u0103 maxim\u0103 \u00een orice ocazie.  Caracteristici:  rezist\u0103 \u00een locul unde a fost plasat nu las\u0103 amprente \u00een p\u0103r folosit pentru modelarea confortabil\u0103 a coafurii creeaz\u0103 o coafur\u0103 simpl\u0103 \u0219i trendy  Cum se utilizeaz\u0103: Faciliteaz\u0103 crearea coafurii dorite.<\/p>\n","protected":false},"excerpt":{"rendered":"<p>GLOV HydroWeave Scrunchie, 1 buc, Elastice pentru p\u0103r pentru femei, Elasticul GLOV HydroWeave Scrunchie men\u021bine p\u0103rul \u00een coad\u0103 de cal, \u00eempletitur\u0103 sau alt\u0103 coafur\u0103 similar\u0103. Prinde p\u0103rul ferm, dar suficient de delicat, prevenind astfel sl\u0103birea nedorit\u0103. V\u0103 va ajuta s\u0103 crea\u021bi coafura perfect\u0103 \u00een cel mai scurt timp \u0219i s\u0103 \u00eembl\u00e2nzi\u021bi firele de p\u0103r rebele&#8230;.<\/p>\n","protected":false},"featured_media":445546,"comment_status":"closed","ping_status":"open","template":"","meta":{"_acf_changed":false,"_kadence_starter_templates_imported_post":false,"_kad_post_transparent":"","_kad_post_title":"","_kad_post_layout":"","_kad_post_sidebar_id":"","_kad_post_content_style":"","_kad_post_vertical_padding":"","_kad_post_feature":"","_kad_post_feature_position":"","_kad_post_header":false,"_kad_post_footer":false,"_kad_post_classname":""},"product_brand":[2194],"product_cat":[2607,2606,1728],"product_tag":[],"class_list":{"0":"post-445545","1":"product","2":"type-product","3":"status-publish","4":"has-post-thumbnail","6":"product_brand-glov","7":"product_cat-accesorii-pentru-par","8":"product_cat-accesorii-vestimentare","9":"product_cat-imbracaminte-si-accesorii","10":"pa_gen-female","11":"pa_marime-1-buc","13":"first","14":"instock","15":"sale","16":"product-type-external","17":"entry","18":"content-bg","19":"loop-entry"},"acf":[],"yoast_head":"<!-- This site is optimized with the Yoast SEO plugin v27.3 - https:\/\/yoast.com\/product\/yoast-seo-wordpress\/ -->\n<title>GLOV HydroWeave Scrunchie inel de par invizibil Ivory 1 buc - SHOPATOA.COM<\/title>\n<meta name=\"robots\" content=\"index, follow, max-snippet:-1, max-image-preview:large, max-video-preview:-1\" \/>\n<link rel=\"canonical\" href=\"https:\/\/shopatoa.com\/ro\/glov-hydroweave-scrunchie-inel-de-par-invizibil-ivory-1-buc\/\" \/>\n<meta property=\"og:locale\" content=\"ro_RO\" \/>\n<meta property=\"og:type\" content=\"article\" \/>\n<meta property=\"og:title\" content=\"GLOV HydroWeave Scrunchie inel de par invizibil Ivory 1 buc - SHOPATOA.COM\" \/>\n<meta property=\"og:description\" content=\"GLOV HydroWeave Scrunchie, 1 buc, Elastice pentru p\u0103r pentru femei, Elasticul GLOV HydroWeave Scrunchie men\u021bine p\u0103rul \u00een coad\u0103 de cal, \u00eempletitur\u0103 sau alt\u0103 coafur\u0103 similar\u0103. Prinde p\u0103rul ferm, dar suficient de delicat, prevenind astfel sl\u0103birea nedorit\u0103. V\u0103 va ajuta s\u0103 crea\u021bi coafura perfect\u0103 \u00een cel mai scurt timp \u0219i s\u0103 \u00eembl\u00e2nzi\u021bi firele de p\u0103r rebele....\" \/>\n<meta property=\"og:url\" content=\"https:\/\/shopatoa.com\/ro\/glov-hydroweave-scrunchie-inel-de-par-invizibil-ivory-1-buc\/\" \/>\n<meta property=\"og:site_name\" content=\"SHOPATOA\" \/>\n<meta property=\"article:modified_time\" content=\"2025-12-13T22:03:00+00:00\" \/>\n<meta property=\"og:image\" content=\"https:\/\/storage.googleapis.com\/cz-shopatoa-img\/ro\/caa47043-unnamed-file.webp\" \/>\n\t<meta property=\"og:image:width\" content=\"800\" \/>\n\t<meta property=\"og:image:height\" content=\"800\" \/>\n\t<meta property=\"og:image:type\" content=\"image\/webp\" \/>\n<meta name=\"twitter:card\" content=\"summary_large_image\" \/>\n<meta name=\"twitter:label1\" content=\"Timp estimat pentru citire\" \/>\n\t<meta name=\"twitter:data1\" content=\"1 minut\" \/>\n<script type=\"application\/ld+json\" class=\"yoast-schema-graph\">{\"@context\":\"https:\\\/\\\/schema.org\",\"@graph\":[{\"@type\":\"WebPage\",\"@id\":\"https:\\\/\\\/shopatoa.com\\\/ro\\\/glov-hydroweave-scrunchie-inel-de-par-invizibil-ivory-1-buc\\\/\",\"url\":\"https:\\\/\\\/shopatoa.com\\\/ro\\\/glov-hydroweave-scrunchie-inel-de-par-invizibil-ivory-1-buc\\\/\",\"name\":\"GLOV HydroWeave Scrunchie inel de par invizibil Ivory 1 buc - SHOPATOA.COM\",\"isPartOf\":{\"@id\":\"https:\\\/\\\/shopatoa.com\\\/ro\\\/#website\"},\"primaryImageOfPage\":{\"@id\":\"https:\\\/\\\/shopatoa.com\\\/ro\\\/glov-hydroweave-scrunchie-inel-de-par-invizibil-ivory-1-buc\\\/#primaryimage\"},\"image\":{\"@id\":\"https:\\\/\\\/shopatoa.com\\\/ro\\\/glov-hydroweave-scrunchie-inel-de-par-invizibil-ivory-1-buc\\\/#primaryimage\"},\"thumbnailUrl\":\"https:\\\/\\\/storage.googleapis.com\\\/cz-shopatoa-img\\\/ro\\\/caa47043-unnamed-file.webp\",\"datePublished\":\"2025-06-24T18:00:19+00:00\",\"dateModified\":\"2025-12-13T22:03:00+00:00\",\"breadcrumb\":{\"@id\":\"https:\\\/\\\/shopatoa.com\\\/ro\\\/glov-hydroweave-scrunchie-inel-de-par-invizibil-ivory-1-buc\\\/#breadcrumb\"},\"inLanguage\":\"ro-RO\",\"potentialAction\":[{\"@type\":\"ReadAction\",\"target\":[\"https:\\\/\\\/shopatoa.com\\\/ro\\\/glov-hydroweave-scrunchie-inel-de-par-invizibil-ivory-1-buc\\\/\"]}]},{\"@type\":\"ImageObject\",\"inLanguage\":\"ro-RO\",\"@id\":\"https:\\\/\\\/shopatoa.com\\\/ro\\\/glov-hydroweave-scrunchie-inel-de-par-invizibil-ivory-1-buc\\\/#primaryimage\",\"url\":\"https:\\\/\\\/storage.googleapis.com\\\/cz-shopatoa-img\\\/ro\\\/caa47043-unnamed-file.webp\",\"contentUrl\":\"https:\\\/\\\/storage.googleapis.com\\\/cz-shopatoa-img\\\/ro\\\/caa47043-unnamed-file.webp\",\"width\":800,\"height\":800},{\"@type\":\"BreadcrumbList\",\"@id\":\"https:\\\/\\\/shopatoa.com\\\/ro\\\/glov-hydroweave-scrunchie-inel-de-par-invizibil-ivory-1-buc\\\/#breadcrumb\",\"itemListElement\":[{\"@type\":\"ListItem\",\"position\":1,\"name\":\"Dom\u016f\",\"item\":\"https:\\\/\\\/shopatoa.com\\\/ro\\\/\"},{\"@type\":\"ListItem\",\"position\":2,\"name\":\"Shop\",\"item\":\"https:\\\/\\\/shopatoa.com\\\/ro\\\/shop\\\/\"},{\"@type\":\"ListItem\",\"position\":3,\"name\":\"\u00cembr\u0103c\u0103minte \u0219i accesorii\",\"item\":\"https:\\\/\\\/shopatoa.com\\\/ro\\\/imbracaminte-si-accesorii\\\/\"},{\"@type\":\"ListItem\",\"position\":4,\"name\":\"Accesorii vestimentare\",\"item\":\"https:\\\/\\\/shopatoa.com\\\/ro\\\/accesorii-vestimentare\\\/\"},{\"@type\":\"ListItem\",\"position\":5,\"name\":\"Accesorii pentru p\u0103r\",\"item\":\"https:\\\/\\\/shopatoa.com\\\/ro\\\/accesorii-pentru-par\\\/\"},{\"@type\":\"ListItem\",\"position\":6,\"name\":\"GLOV HydroWeave Scrunchie inel de par invizibil Ivory 1 buc\"}]},{\"@type\":\"WebSite\",\"@id\":\"https:\\\/\\\/shopatoa.com\\\/ro\\\/#website\",\"url\":\"https:\\\/\\\/shopatoa.com\\\/ro\\\/\",\"name\":\"SHOPATOA\",\"description\":\"\",\"publisher\":{\"@id\":\"https:\\\/\\\/shopatoa.com\\\/ro\\\/#organization\"},\"potentialAction\":[{\"@type\":\"SearchAction\",\"target\":{\"@type\":\"EntryPoint\",\"urlTemplate\":\"https:\\\/\\\/shopatoa.com\\\/ro\\\/?s={search_term_string}\"},\"query-input\":{\"@type\":\"PropertyValueSpecification\",\"valueRequired\":true,\"valueName\":\"search_term_string\"}}],\"inLanguage\":\"ro-RO\"},{\"@type\":\"Organization\",\"@id\":\"https:\\\/\\\/shopatoa.com\\\/ro\\\/#organization\",\"name\":\"SHOPATOA\",\"url\":\"https:\\\/\\\/shopatoa.com\\\/ro\\\/\",\"logo\":{\"@type\":\"ImageObject\",\"inLanguage\":\"ro-RO\",\"@id\":\"https:\\\/\\\/shopatoa.com\\\/ro\\\/#\\\/schema\\\/logo\\\/image\\\/\",\"url\":\"https:\\\/\\\/storage.googleapis.com\\\/cz-shopatoa-img\\\/ro\\\/b4dac915-shopatoa_logo.png\",\"contentUrl\":\"https:\\\/\\\/storage.googleapis.com\\\/cz-shopatoa-img\\\/ro\\\/b4dac915-shopatoa_logo.png\",\"width\":416,\"height\":63,\"caption\":\"SHOPATOA\"},\"image\":{\"@id\":\"https:\\\/\\\/shopatoa.com\\\/ro\\\/#\\\/schema\\\/logo\\\/image\\\/\"}}]}<\/script>\n<!-- \/ Yoast SEO plugin. -->","yoast_head_json":{"title":"GLOV HydroWeave Scrunchie inel de par invizibil Ivory 1 buc - SHOPATOA.COM","robots":{"index":"index","follow":"follow","max-snippet":"max-snippet:-1","max-image-preview":"max-image-preview:large","max-video-preview":"max-video-preview:-1"},"canonical":"https:\/\/shopatoa.com\/ro\/glov-hydroweave-scrunchie-inel-de-par-invizibil-ivory-1-buc\/","og_locale":"ro_RO","og_type":"article","og_title":"GLOV HydroWeave Scrunchie inel de par invizibil Ivory 1 buc - SHOPATOA.COM","og_description":"GLOV HydroWeave Scrunchie, 1 buc, Elastice pentru p\u0103r pentru femei, Elasticul GLOV HydroWeave Scrunchie men\u021bine p\u0103rul \u00een coad\u0103 de cal, \u00eempletitur\u0103 sau alt\u0103 coafur\u0103 similar\u0103. Prinde p\u0103rul ferm, dar suficient de delicat, prevenind astfel sl\u0103birea nedorit\u0103. V\u0103 va ajuta s\u0103 crea\u021bi coafura perfect\u0103 \u00een cel mai scurt timp \u0219i s\u0103 \u00eembl\u00e2nzi\u021bi firele de p\u0103r rebele....","og_url":"https:\/\/shopatoa.com\/ro\/glov-hydroweave-scrunchie-inel-de-par-invizibil-ivory-1-buc\/","og_site_name":"SHOPATOA","article_modified_time":"2025-12-13T22:03:00+00:00","og_image":[{"width":800,"height":800,"url":"https:\/\/storage.googleapis.com\/cz-shopatoa-img\/ro\/caa47043-unnamed-file.webp","type":"image\/webp"}],"twitter_card":"summary_large_image","twitter_misc":{"Timp estimat pentru citire":"1 minut"},"schema":{"@context":"https:\/\/schema.org","@graph":[{"@type":"WebPage","@id":"https:\/\/shopatoa.com\/ro\/glov-hydroweave-scrunchie-inel-de-par-invizibil-ivory-1-buc\/","url":"https:\/\/shopatoa.com\/ro\/glov-hydroweave-scrunchie-inel-de-par-invizibil-ivory-1-buc\/","name":"GLOV HydroWeave Scrunchie inel de par invizibil Ivory 1 buc - SHOPATOA.COM","isPartOf":{"@id":"https:\/\/shopatoa.com\/ro\/#website"},"primaryImageOfPage":{"@id":"https:\/\/shopatoa.com\/ro\/glov-hydroweave-scrunchie-inel-de-par-invizibil-ivory-1-buc\/#primaryimage"},"image":{"@id":"https:\/\/shopatoa.com\/ro\/glov-hydroweave-scrunchie-inel-de-par-invizibil-ivory-1-buc\/#primaryimage"},"thumbnailUrl":"https:\/\/storage.googleapis.com\/cz-shopatoa-img\/ro\/caa47043-unnamed-file.webp","datePublished":"2025-06-24T18:00:19+00:00","dateModified":"2025-12-13T22:03:00+00:00","breadcrumb":{"@id":"https:\/\/shopatoa.com\/ro\/glov-hydroweave-scrunchie-inel-de-par-invizibil-ivory-1-buc\/#breadcrumb"},"inLanguage":"ro-RO","potentialAction":[{"@type":"ReadAction","target":["https:\/\/shopatoa.com\/ro\/glov-hydroweave-scrunchie-inel-de-par-invizibil-ivory-1-buc\/"]}]},{"@type":"ImageObject","inLanguage":"ro-RO","@id":"https:\/\/shopatoa.com\/ro\/glov-hydroweave-scrunchie-inel-de-par-invizibil-ivory-1-buc\/#primaryimage","url":"https:\/\/storage.googleapis.com\/cz-shopatoa-img\/ro\/caa47043-unnamed-file.webp","contentUrl":"https:\/\/storage.googleapis.com\/cz-shopatoa-img\/ro\/caa47043-unnamed-file.webp","width":800,"height":800},{"@type":"BreadcrumbList","@id":"https:\/\/shopatoa.com\/ro\/glov-hydroweave-scrunchie-inel-de-par-invizibil-ivory-1-buc\/#breadcrumb","itemListElement":[{"@type":"ListItem","position":1,"name":"Dom\u016f","item":"https:\/\/shopatoa.com\/ro\/"},{"@type":"ListItem","position":2,"name":"Shop","item":"https:\/\/shopatoa.com\/ro\/shop\/"},{"@type":"ListItem","position":3,"name":"\u00cembr\u0103c\u0103minte \u0219i accesorii","item":"https:\/\/shopatoa.com\/ro\/imbracaminte-si-accesorii\/"},{"@type":"ListItem","position":4,"name":"Accesorii vestimentare","item":"https:\/\/shopatoa.com\/ro\/accesorii-vestimentare\/"},{"@type":"ListItem","position":5,"name":"Accesorii pentru p\u0103r","item":"https:\/\/shopatoa.com\/ro\/accesorii-pentru-par\/"},{"@type":"ListItem","position":6,"name":"GLOV HydroWeave Scrunchie inel de par invizibil Ivory 1 buc"}]},{"@type":"WebSite","@id":"https:\/\/shopatoa.com\/ro\/#website","url":"https:\/\/shopatoa.com\/ro\/","name":"SHOPATOA","description":"","publisher":{"@id":"https:\/\/shopatoa.com\/ro\/#organization"},"potentialAction":[{"@type":"SearchAction","target":{"@type":"EntryPoint","urlTemplate":"https:\/\/shopatoa.com\/ro\/?s={search_term_string}"},"query-input":{"@type":"PropertyValueSpecification","valueRequired":true,"valueName":"search_term_string"}}],"inLanguage":"ro-RO"},{"@type":"Organization","@id":"https:\/\/shopatoa.com\/ro\/#organization","name":"SHOPATOA","url":"https:\/\/shopatoa.com\/ro\/","logo":{"@type":"ImageObject","inLanguage":"ro-RO","@id":"https:\/\/shopatoa.com\/ro\/#\/schema\/logo\/image\/","url":"https:\/\/storage.googleapis.com\/cz-shopatoa-img\/ro\/b4dac915-shopatoa_logo.png","contentUrl":"https:\/\/storage.googleapis.com\/cz-shopatoa-img\/ro\/b4dac915-shopatoa_logo.png","width":416,"height":63,"caption":"SHOPATOA"},"image":{"@id":"https:\/\/shopatoa.com\/ro\/#\/schema\/logo\/image\/"}}]}},"_links":{"self":[{"href":"https:\/\/shopatoa.com\/ro\/wp-json\/wp\/v2\/product\/445545","targetHints":{"allow":["GET"]}}],"collection":[{"href":"https:\/\/shopatoa.com\/ro\/wp-json\/wp\/v2\/product"}],"about":[{"href":"https:\/\/shopatoa.com\/ro\/wp-json\/wp\/v2\/types\/product"}],"replies":[{"embeddable":true,"href":"https:\/\/shopatoa.com\/ro\/wp-json\/wp\/v2\/comments?post=445545"}],"wp:featuredmedia":[{"embeddable":true,"href":"https:\/\/shopatoa.com\/ro\/wp-json\/wp\/v2\/media\/445546"}],"wp:attachment":[{"href":"https:\/\/shopatoa.com\/ro\/wp-json\/wp\/v2\/media?parent=445545"}],"wp:term":[{"taxonomy":"product_brand","embeddable":true,"href":"https:\/\/shopatoa.com\/ro\/wp-json\/wp\/v2\/product_brand?post=445545"},{"taxonomy":"product_cat","embeddable":true,"href":"https:\/\/shopatoa.com\/ro\/wp-json\/wp\/v2\/product_cat?post=445545"},{"taxonomy":"product_tag","embeddable":true,"href":"https:\/\/shopatoa.com\/ro\/wp-json\/wp\/v2\/product_tag?post=445545"}],"curies":[{"name":"wp","href":"https:\/\/api.w.org\/{rel}","templated":true}]}}