{"id":445575,"date":"2025-06-24T20:03:44","date_gmt":"2025-06-24T18:03:44","guid":{"rendered":"https:\/\/shopatoa.com\/ro\/3ina-the-longwear-lipstick-ruj-de-buze-lichid-de-lunga-durata-culoare-503-nude-6-ml\/"},"modified":"2025-12-13T22:56:13","modified_gmt":"2025-12-13T21:56:13","slug":"3ina-the-longwear-lipstick-ruj-de-buze-lichid-de-lunga-durata-culoare-503-nude-6-ml","status":"publish","type":"product","link":"https:\/\/shopatoa.com\/ro\/3ina-the-longwear-lipstick-ruj-de-buze-lichid-de-lunga-durata-culoare-503-nude-6-ml\/","title":{"rendered":"3INA The Longwear Lipstick Ruj de buze lichid, de lunga durata culoare 503 &#8211; Nude 6 ml"},"content":{"rendered":"<p>3INA The Longwear Lipstick, 6 ml, Lip sticks pentru femei, Buzele frumos eviden\u021biate nu ies niciodat\u0103 din mod\u0103. Rujul 3INAThe Longwear Lipstick acoper\u0103 suprafa\u021ba buzelor cu un strat uniform de culoare bogat\u0103 irezistibil\u0103, accentu\u00e2nd perfect orice machiaj, fie c\u0103 merge\u021bi la serviciu, la o \u00eent\u00e2lnire sau la petrecere. \u00cen plus, v\u0103 va permite nu numai s\u0103 eviden\u021bia\u021bi buzele, ci \u0219i s\u0103 le conferi\u021bi forma dorit\u0103 sau chiar s\u0103 le ajuta\u021bi s\u0103 par\u0103 mai pline. \u00cen doar c\u00e2teva clipe, v\u0103 va ajuta s\u0103 ob\u021bine\u021bi buze perfect colorate \u0219i conturate, care atrag privirile \u0219i tenteaz\u0103 la s\u0103ruturi.  Caracteristici:  rezisten\u021b\u0103 de lung\u0103 durat\u0103 pigmentare intens\u0103 textur\u0103 lichid\u0103 efect mat  Ingrediente:  produs vegan  Cum se utilizeaz\u0103: Se aplic\u0103 un strat uniform de culoare pe buze, folosind aplicatorul.<\/p>\n","protected":false},"excerpt":{"rendered":"<p>3INA The Longwear Lipstick, 6 ml, Lip sticks pentru femei, Buzele frumos eviden\u021biate nu ies niciodat\u0103 din mod\u0103. Rujul 3INAThe Longwear Lipstick acoper\u0103 suprafa\u021ba buzelor cu un strat uniform de culoare bogat\u0103 irezistibil\u0103, accentu\u00e2nd perfect orice machiaj, fie c\u0103 merge\u021bi la serviciu, la o \u00eent\u00e2lnire sau la petrecere. \u00cen plus, v\u0103 va permite nu numai&#8230;<\/p>\n","protected":false},"featured_media":445576,"comment_status":"closed","ping_status":"open","template":"","meta":{"_acf_changed":false,"_kadence_starter_templates_imported_post":false,"_kad_post_transparent":"","_kad_post_title":"","_kad_post_layout":"","_kad_post_sidebar_id":"","_kad_post_content_style":"","_kad_post_vertical_padding":"","_kad_post_feature":"","_kad_post_feature_position":"","_kad_post_header":false,"_kad_post_footer":false,"_kad_post_classname":""},"product_brand":[2162],"product_cat":[1564,1563,1576,1610,1611,1562],"product_tag":[],"class_list":{"0":"post-445575","1":"product","2":"type-product","3":"status-publish","4":"has-post-thumbnail","6":"product_brand-3ina","7":"product_cat-cosmetice-ingrijire-personala","8":"product_cat-ingrijire-personala","9":"product_cat-machiaj","10":"product_cat-machiaj-buze","11":"product_cat-rujuri","12":"product_cat-sanatate-si-frumusete","13":"pa_gen-female","14":"pa_marime-6-ml","16":"first","17":"instock","18":"sale","19":"product-type-external","20":"entry","21":"content-bg","22":"loop-entry"},"acf":[],"yoast_head":"<!-- This site is optimized with the Yoast SEO plugin v27.3 - https:\/\/yoast.com\/product\/yoast-seo-wordpress\/ -->\n<title>3INA The Longwear Lipstick Ruj de buze lichid, de lunga durata culoare 503 - Nude 6 ml - SHOPATOA.COM<\/title>\n<meta name=\"robots\" content=\"index, follow, max-snippet:-1, max-image-preview:large, max-video-preview:-1\" \/>\n<link rel=\"canonical\" href=\"https:\/\/shopatoa.com\/ro\/3ina-the-longwear-lipstick-ruj-de-buze-lichid-de-lunga-durata-culoare-503-nude-6-ml\/\" \/>\n<meta property=\"og:locale\" content=\"ro_RO\" \/>\n<meta property=\"og:type\" content=\"article\" \/>\n<meta property=\"og:title\" content=\"3INA The Longwear Lipstick Ruj de buze lichid, de lunga durata culoare 503 - Nude 6 ml - SHOPATOA.COM\" \/>\n<meta property=\"og:description\" content=\"3INA The Longwear Lipstick, 6 ml, Lip sticks pentru femei, Buzele frumos eviden\u021biate nu ies niciodat\u0103 din mod\u0103. Rujul 3INAThe Longwear Lipstick acoper\u0103 suprafa\u021ba buzelor cu un strat uniform de culoare bogat\u0103 irezistibil\u0103, accentu\u00e2nd perfect orice machiaj, fie c\u0103 merge\u021bi la serviciu, la o \u00eent\u00e2lnire sau la petrecere. \u00cen plus, v\u0103 va permite nu numai...\" \/>\n<meta property=\"og:url\" content=\"https:\/\/shopatoa.com\/ro\/3ina-the-longwear-lipstick-ruj-de-buze-lichid-de-lunga-durata-culoare-503-nude-6-ml\/\" \/>\n<meta property=\"og:site_name\" content=\"SHOPATOA\" \/>\n<meta property=\"article:modified_time\" content=\"2025-12-13T21:56:13+00:00\" \/>\n<meta property=\"og:image\" content=\"https:\/\/storage.googleapis.com\/cz-shopatoa-img\/ro\/ad456937-unnamed-file.webp\" \/>\n\t<meta property=\"og:image:width\" content=\"800\" \/>\n\t<meta property=\"og:image:height\" content=\"800\" \/>\n\t<meta property=\"og:image:type\" content=\"image\/webp\" \/>\n<meta name=\"twitter:card\" content=\"summary_large_image\" \/>\n<meta name=\"twitter:label1\" content=\"Timp estimat pentru citire\" \/>\n\t<meta name=\"twitter:data1\" content=\"1 minut\" \/>\n<script type=\"application\/ld+json\" class=\"yoast-schema-graph\">{\"@context\":\"https:\\\/\\\/schema.org\",\"@graph\":[{\"@type\":\"WebPage\",\"@id\":\"https:\\\/\\\/shopatoa.com\\\/ro\\\/3ina-the-longwear-lipstick-ruj-de-buze-lichid-de-lunga-durata-culoare-503-nude-6-ml\\\/\",\"url\":\"https:\\\/\\\/shopatoa.com\\\/ro\\\/3ina-the-longwear-lipstick-ruj-de-buze-lichid-de-lunga-durata-culoare-503-nude-6-ml\\\/\",\"name\":\"3INA The Longwear Lipstick Ruj de buze lichid, de lunga durata culoare 503 - Nude 6 ml - SHOPATOA.COM\",\"isPartOf\":{\"@id\":\"https:\\\/\\\/shopatoa.com\\\/ro\\\/#website\"},\"primaryImageOfPage\":{\"@id\":\"https:\\\/\\\/shopatoa.com\\\/ro\\\/3ina-the-longwear-lipstick-ruj-de-buze-lichid-de-lunga-durata-culoare-503-nude-6-ml\\\/#primaryimage\"},\"image\":{\"@id\":\"https:\\\/\\\/shopatoa.com\\\/ro\\\/3ina-the-longwear-lipstick-ruj-de-buze-lichid-de-lunga-durata-culoare-503-nude-6-ml\\\/#primaryimage\"},\"thumbnailUrl\":\"https:\\\/\\\/storage.googleapis.com\\\/cz-shopatoa-img\\\/ro\\\/ad456937-unnamed-file.webp\",\"datePublished\":\"2025-06-24T18:03:44+00:00\",\"dateModified\":\"2025-12-13T21:56:13+00:00\",\"breadcrumb\":{\"@id\":\"https:\\\/\\\/shopatoa.com\\\/ro\\\/3ina-the-longwear-lipstick-ruj-de-buze-lichid-de-lunga-durata-culoare-503-nude-6-ml\\\/#breadcrumb\"},\"inLanguage\":\"ro-RO\",\"potentialAction\":[{\"@type\":\"ReadAction\",\"target\":[\"https:\\\/\\\/shopatoa.com\\\/ro\\\/3ina-the-longwear-lipstick-ruj-de-buze-lichid-de-lunga-durata-culoare-503-nude-6-ml\\\/\"]}]},{\"@type\":\"ImageObject\",\"inLanguage\":\"ro-RO\",\"@id\":\"https:\\\/\\\/shopatoa.com\\\/ro\\\/3ina-the-longwear-lipstick-ruj-de-buze-lichid-de-lunga-durata-culoare-503-nude-6-ml\\\/#primaryimage\",\"url\":\"https:\\\/\\\/storage.googleapis.com\\\/cz-shopatoa-img\\\/ro\\\/ad456937-unnamed-file.webp\",\"contentUrl\":\"https:\\\/\\\/storage.googleapis.com\\\/cz-shopatoa-img\\\/ro\\\/ad456937-unnamed-file.webp\",\"width\":800,\"height\":800},{\"@type\":\"BreadcrumbList\",\"@id\":\"https:\\\/\\\/shopatoa.com\\\/ro\\\/3ina-the-longwear-lipstick-ruj-de-buze-lichid-de-lunga-durata-culoare-503-nude-6-ml\\\/#breadcrumb\",\"itemListElement\":[{\"@type\":\"ListItem\",\"position\":1,\"name\":\"Dom\u016f\",\"item\":\"https:\\\/\\\/shopatoa.com\\\/ro\\\/\"},{\"@type\":\"ListItem\",\"position\":2,\"name\":\"Shop\",\"item\":\"https:\\\/\\\/shopatoa.com\\\/ro\\\/shop\\\/\"},{\"@type\":\"ListItem\",\"position\":3,\"name\":\"S\u0103n\u0103tate \u0219i frumuse\u021be\",\"item\":\"https:\\\/\\\/shopatoa.com\\\/ro\\\/sanatate-si-frumusete\\\/\"},{\"@type\":\"ListItem\",\"position\":4,\"name\":\"\u00cengrijire personal\u0103\",\"item\":\"https:\\\/\\\/shopatoa.com\\\/ro\\\/ingrijire-personala\\\/\"},{\"@type\":\"ListItem\",\"position\":5,\"name\":\"Cosmetice\",\"item\":\"https:\\\/\\\/shopatoa.com\\\/ro\\\/cosmetice-ingrijire-personala\\\/\"},{\"@type\":\"ListItem\",\"position\":6,\"name\":\"Machiaj\",\"item\":\"https:\\\/\\\/shopatoa.com\\\/ro\\\/machiaj\\\/\"},{\"@type\":\"ListItem\",\"position\":7,\"name\":\"Machiaj buze\",\"item\":\"https:\\\/\\\/shopatoa.com\\\/ro\\\/machiaj-buze\\\/\"},{\"@type\":\"ListItem\",\"position\":8,\"name\":\"Rujuri\",\"item\":\"https:\\\/\\\/shopatoa.com\\\/ro\\\/rujuri\\\/\"},{\"@type\":\"ListItem\",\"position\":9,\"name\":\"3INA The Longwear Lipstick Ruj de buze lichid, de lunga durata culoare 503 &#8211; Nude 6 ml\"}]},{\"@type\":\"WebSite\",\"@id\":\"https:\\\/\\\/shopatoa.com\\\/ro\\\/#website\",\"url\":\"https:\\\/\\\/shopatoa.com\\\/ro\\\/\",\"name\":\"SHOPATOA\",\"description\":\"\",\"publisher\":{\"@id\":\"https:\\\/\\\/shopatoa.com\\\/ro\\\/#organization\"},\"potentialAction\":[{\"@type\":\"SearchAction\",\"target\":{\"@type\":\"EntryPoint\",\"urlTemplate\":\"https:\\\/\\\/shopatoa.com\\\/ro\\\/?s={search_term_string}\"},\"query-input\":{\"@type\":\"PropertyValueSpecification\",\"valueRequired\":true,\"valueName\":\"search_term_string\"}}],\"inLanguage\":\"ro-RO\"},{\"@type\":\"Organization\",\"@id\":\"https:\\\/\\\/shopatoa.com\\\/ro\\\/#organization\",\"name\":\"SHOPATOA\",\"url\":\"https:\\\/\\\/shopatoa.com\\\/ro\\\/\",\"logo\":{\"@type\":\"ImageObject\",\"inLanguage\":\"ro-RO\",\"@id\":\"https:\\\/\\\/shopatoa.com\\\/ro\\\/#\\\/schema\\\/logo\\\/image\\\/\",\"url\":\"https:\\\/\\\/storage.googleapis.com\\\/cz-shopatoa-img\\\/ro\\\/b4dac915-shopatoa_logo.png\",\"contentUrl\":\"https:\\\/\\\/storage.googleapis.com\\\/cz-shopatoa-img\\\/ro\\\/b4dac915-shopatoa_logo.png\",\"width\":416,\"height\":63,\"caption\":\"SHOPATOA\"},\"image\":{\"@id\":\"https:\\\/\\\/shopatoa.com\\\/ro\\\/#\\\/schema\\\/logo\\\/image\\\/\"}}]}<\/script>\n<!-- \/ Yoast SEO plugin. -->","yoast_head_json":{"title":"3INA The Longwear Lipstick Ruj de buze lichid, de lunga durata culoare 503 - Nude 6 ml - SHOPATOA.COM","robots":{"index":"index","follow":"follow","max-snippet":"max-snippet:-1","max-image-preview":"max-image-preview:large","max-video-preview":"max-video-preview:-1"},"canonical":"https:\/\/shopatoa.com\/ro\/3ina-the-longwear-lipstick-ruj-de-buze-lichid-de-lunga-durata-culoare-503-nude-6-ml\/","og_locale":"ro_RO","og_type":"article","og_title":"3INA The Longwear Lipstick Ruj de buze lichid, de lunga durata culoare 503 - Nude 6 ml - SHOPATOA.COM","og_description":"3INA The Longwear Lipstick, 6 ml, Lip sticks pentru femei, Buzele frumos eviden\u021biate nu ies niciodat\u0103 din mod\u0103. Rujul 3INAThe Longwear Lipstick acoper\u0103 suprafa\u021ba buzelor cu un strat uniform de culoare bogat\u0103 irezistibil\u0103, accentu\u00e2nd perfect orice machiaj, fie c\u0103 merge\u021bi la serviciu, la o \u00eent\u00e2lnire sau la petrecere. \u00cen plus, v\u0103 va permite nu numai...","og_url":"https:\/\/shopatoa.com\/ro\/3ina-the-longwear-lipstick-ruj-de-buze-lichid-de-lunga-durata-culoare-503-nude-6-ml\/","og_site_name":"SHOPATOA","article_modified_time":"2025-12-13T21:56:13+00:00","og_image":[{"width":800,"height":800,"url":"https:\/\/storage.googleapis.com\/cz-shopatoa-img\/ro\/ad456937-unnamed-file.webp","type":"image\/webp"}],"twitter_card":"summary_large_image","twitter_misc":{"Timp estimat pentru citire":"1 minut"},"schema":{"@context":"https:\/\/schema.org","@graph":[{"@type":"WebPage","@id":"https:\/\/shopatoa.com\/ro\/3ina-the-longwear-lipstick-ruj-de-buze-lichid-de-lunga-durata-culoare-503-nude-6-ml\/","url":"https:\/\/shopatoa.com\/ro\/3ina-the-longwear-lipstick-ruj-de-buze-lichid-de-lunga-durata-culoare-503-nude-6-ml\/","name":"3INA The Longwear Lipstick Ruj de buze lichid, de lunga durata culoare 503 - Nude 6 ml - SHOPATOA.COM","isPartOf":{"@id":"https:\/\/shopatoa.com\/ro\/#website"},"primaryImageOfPage":{"@id":"https:\/\/shopatoa.com\/ro\/3ina-the-longwear-lipstick-ruj-de-buze-lichid-de-lunga-durata-culoare-503-nude-6-ml\/#primaryimage"},"image":{"@id":"https:\/\/shopatoa.com\/ro\/3ina-the-longwear-lipstick-ruj-de-buze-lichid-de-lunga-durata-culoare-503-nude-6-ml\/#primaryimage"},"thumbnailUrl":"https:\/\/storage.googleapis.com\/cz-shopatoa-img\/ro\/ad456937-unnamed-file.webp","datePublished":"2025-06-24T18:03:44+00:00","dateModified":"2025-12-13T21:56:13+00:00","breadcrumb":{"@id":"https:\/\/shopatoa.com\/ro\/3ina-the-longwear-lipstick-ruj-de-buze-lichid-de-lunga-durata-culoare-503-nude-6-ml\/#breadcrumb"},"inLanguage":"ro-RO","potentialAction":[{"@type":"ReadAction","target":["https:\/\/shopatoa.com\/ro\/3ina-the-longwear-lipstick-ruj-de-buze-lichid-de-lunga-durata-culoare-503-nude-6-ml\/"]}]},{"@type":"ImageObject","inLanguage":"ro-RO","@id":"https:\/\/shopatoa.com\/ro\/3ina-the-longwear-lipstick-ruj-de-buze-lichid-de-lunga-durata-culoare-503-nude-6-ml\/#primaryimage","url":"https:\/\/storage.googleapis.com\/cz-shopatoa-img\/ro\/ad456937-unnamed-file.webp","contentUrl":"https:\/\/storage.googleapis.com\/cz-shopatoa-img\/ro\/ad456937-unnamed-file.webp","width":800,"height":800},{"@type":"BreadcrumbList","@id":"https:\/\/shopatoa.com\/ro\/3ina-the-longwear-lipstick-ruj-de-buze-lichid-de-lunga-durata-culoare-503-nude-6-ml\/#breadcrumb","itemListElement":[{"@type":"ListItem","position":1,"name":"Dom\u016f","item":"https:\/\/shopatoa.com\/ro\/"},{"@type":"ListItem","position":2,"name":"Shop","item":"https:\/\/shopatoa.com\/ro\/shop\/"},{"@type":"ListItem","position":3,"name":"S\u0103n\u0103tate \u0219i frumuse\u021be","item":"https:\/\/shopatoa.com\/ro\/sanatate-si-frumusete\/"},{"@type":"ListItem","position":4,"name":"\u00cengrijire personal\u0103","item":"https:\/\/shopatoa.com\/ro\/ingrijire-personala\/"},{"@type":"ListItem","position":5,"name":"Cosmetice","item":"https:\/\/shopatoa.com\/ro\/cosmetice-ingrijire-personala\/"},{"@type":"ListItem","position":6,"name":"Machiaj","item":"https:\/\/shopatoa.com\/ro\/machiaj\/"},{"@type":"ListItem","position":7,"name":"Machiaj buze","item":"https:\/\/shopatoa.com\/ro\/machiaj-buze\/"},{"@type":"ListItem","position":8,"name":"Rujuri","item":"https:\/\/shopatoa.com\/ro\/rujuri\/"},{"@type":"ListItem","position":9,"name":"3INA The Longwear Lipstick Ruj de buze lichid, de lunga durata culoare 503 &#8211; Nude 6 ml"}]},{"@type":"WebSite","@id":"https:\/\/shopatoa.com\/ro\/#website","url":"https:\/\/shopatoa.com\/ro\/","name":"SHOPATOA","description":"","publisher":{"@id":"https:\/\/shopatoa.com\/ro\/#organization"},"potentialAction":[{"@type":"SearchAction","target":{"@type":"EntryPoint","urlTemplate":"https:\/\/shopatoa.com\/ro\/?s={search_term_string}"},"query-input":{"@type":"PropertyValueSpecification","valueRequired":true,"valueName":"search_term_string"}}],"inLanguage":"ro-RO"},{"@type":"Organization","@id":"https:\/\/shopatoa.com\/ro\/#organization","name":"SHOPATOA","url":"https:\/\/shopatoa.com\/ro\/","logo":{"@type":"ImageObject","inLanguage":"ro-RO","@id":"https:\/\/shopatoa.com\/ro\/#\/schema\/logo\/image\/","url":"https:\/\/storage.googleapis.com\/cz-shopatoa-img\/ro\/b4dac915-shopatoa_logo.png","contentUrl":"https:\/\/storage.googleapis.com\/cz-shopatoa-img\/ro\/b4dac915-shopatoa_logo.png","width":416,"height":63,"caption":"SHOPATOA"},"image":{"@id":"https:\/\/shopatoa.com\/ro\/#\/schema\/logo\/image\/"}}]}},"_links":{"self":[{"href":"https:\/\/shopatoa.com\/ro\/wp-json\/wp\/v2\/product\/445575","targetHints":{"allow":["GET"]}}],"collection":[{"href":"https:\/\/shopatoa.com\/ro\/wp-json\/wp\/v2\/product"}],"about":[{"href":"https:\/\/shopatoa.com\/ro\/wp-json\/wp\/v2\/types\/product"}],"replies":[{"embeddable":true,"href":"https:\/\/shopatoa.com\/ro\/wp-json\/wp\/v2\/comments?post=445575"}],"wp:featuredmedia":[{"embeddable":true,"href":"https:\/\/shopatoa.com\/ro\/wp-json\/wp\/v2\/media\/445576"}],"wp:attachment":[{"href":"https:\/\/shopatoa.com\/ro\/wp-json\/wp\/v2\/media?parent=445575"}],"wp:term":[{"taxonomy":"product_brand","embeddable":true,"href":"https:\/\/shopatoa.com\/ro\/wp-json\/wp\/v2\/product_brand?post=445575"},{"taxonomy":"product_cat","embeddable":true,"href":"https:\/\/shopatoa.com\/ro\/wp-json\/wp\/v2\/product_cat?post=445575"},{"taxonomy":"product_tag","embeddable":true,"href":"https:\/\/shopatoa.com\/ro\/wp-json\/wp\/v2\/product_tag?post=445575"}],"curies":[{"name":"wp","href":"https:\/\/api.w.org\/{rel}","templated":true}]}}