{"id":446159,"date":"2025-06-24T20:54:01","date_gmt":"2025-06-24T18:54:01","guid":{"rendered":"https:\/\/shopatoa.com\/ro\/dr-pawpaw-wicked-set-cadou-de-buze\/"},"modified":"2025-06-24T20:54:47","modified_gmt":"2025-06-24T18:54:47","slug":"dr-pawpaw-wicked-set-cadou-de-buze","status":"publish","type":"product","link":"https:\/\/shopatoa.com\/ro\/dr-pawpaw-wicked-set-cadou-de-buze\/","title":{"rendered":"Dr. Pawpaw Wicked set cadou de buze"},"content":{"rendered":"<p>Dr. Pawpaw Wicked, 2&#215;3 g, Balsam pentru buze pentru femei, Pielea delicat\u0103 a buzelor este expus\u0103 \u00een fiecare zi la diver\u0219i factori de stres, de la contactul frecvent cu alimentele p\u00e2n\u0103 la condi\u021biile meteorologice nefavorabile. De aceea, merit\u0103 o \u00eengrijire special\u0103. Balsamul de buze colorat Dr. Pawpaw Wicked ofer\u0103 at\u00e2t o \u00eengrijire zilnic\u0103 potrivit\u0103 pentru pielea sensibil\u0103 a buzelor, c\u00e2t \u0219i un machiaj delicat. Acesta pune \u00een valoare buzele \u0219i frumuse\u021bea lor natural\u0103 cu o not\u0103 de culoare \u0219i un finisaj lucios atractiv. \u00cen acela\u0219i timp, le ofer\u0103 tot ce au nevoie pentru a r\u0103m\u00e2ne hidratate, catifelate \u0219i protejate \u00eempotriva usc\u0103rii \u0219i cr\u0103p\u0103rii.  Setul con\u021bine:   Dr. Pawpaw Wicked balsam de buze 3 g  Dr. Pawpaw Wicked balsam de buze str\u0103lucitor 3 g   Caracteristici:  ofer\u0103 buzelor \u0219i zonei din jur hidratarea \u0219i nutri\u021bia necesare buzele devin moi \u0219i fine ca m\u0103tasea confer\u0103 un luciu intens foarte potrivit ca un cadou  Ingrediente:  produs vegan  Cum se utilizeaz\u0103: Aplica\u021bi direct pe buze \u00eentr-un strat suficient. Se repet\u0103 dup\u0103 cum este necesar.<\/p>\n","protected":false},"excerpt":{"rendered":"<p>Dr. Pawpaw Wicked, 2&#215;3 g, Balsam pentru buze pentru femei, Pielea delicat\u0103 a buzelor este expus\u0103 \u00een fiecare zi la diver\u0219i factori de stres, de la contactul frecvent cu alimentele p\u00e2n\u0103 la condi\u021biile meteorologice nefavorabile. De aceea, merit\u0103 o \u00eengrijire special\u0103. Balsamul de buze colorat Dr. Pawpaw Wicked ofer\u0103 at\u00e2t o \u00eengrijire zilnic\u0103 potrivit\u0103 pentru&#8230;<\/p>\n","protected":false},"featured_media":446160,"comment_status":"closed","ping_status":"open","template":"","meta":{"_acf_changed":false,"_kadence_starter_templates_imported_post":false,"_kad_post_transparent":"","_kad_post_title":"","_kad_post_layout":"","_kad_post_sidebar_id":"","_kad_post_content_style":"","_kad_post_vertical_padding":"","_kad_post_feature":"","_kad_post_feature_position":"","_kad_post_header":false,"_kad_post_footer":false,"_kad_post_classname":""},"product_brand":[1962],"product_cat":[1564,1563,1562,1651],"product_tag":[],"class_list":{"0":"post-446159","1":"product","2":"type-product","3":"status-publish","4":"has-post-thumbnail","6":"product_brand-dr-pawpaw","7":"product_cat-cosmetice-ingrijire-personala","8":"product_cat-ingrijire-personala","9":"product_cat-sanatate-si-frumusete","10":"product_cat-seturi-cosmetice","11":"pa_gen-female","12":"pa_marime-2x3-g","14":"first","15":"instock","16":"sale","17":"product-type-external","18":"entry","19":"content-bg","20":"loop-entry"},"acf":[],"yoast_head":"<!-- This site is optimized with the Yoast SEO plugin v27.4 - https:\/\/yoast.com\/product\/yoast-seo-wordpress\/ -->\n<title>Dr. Pawpaw Wicked set cadou de buze - SHOPATOA.COM<\/title>\n<meta name=\"robots\" content=\"index, follow, max-snippet:-1, max-image-preview:large, max-video-preview:-1\" \/>\n<link rel=\"canonical\" href=\"https:\/\/shopatoa.com\/ro\/dr-pawpaw-wicked-set-cadou-de-buze\/\" \/>\n<meta property=\"og:locale\" content=\"ro_RO\" \/>\n<meta property=\"og:type\" content=\"article\" \/>\n<meta property=\"og:title\" content=\"Dr. Pawpaw Wicked set cadou de buze - SHOPATOA.COM\" \/>\n<meta property=\"og:description\" content=\"Dr. Pawpaw Wicked, 2&#215;3 g, Balsam pentru buze pentru femei, Pielea delicat\u0103 a buzelor este expus\u0103 \u00een fiecare zi la diver\u0219i factori de stres, de la contactul frecvent cu alimentele p\u00e2n\u0103 la condi\u021biile meteorologice nefavorabile. De aceea, merit\u0103 o \u00eengrijire special\u0103. Balsamul de buze colorat Dr. Pawpaw Wicked ofer\u0103 at\u00e2t o \u00eengrijire zilnic\u0103 potrivit\u0103 pentru...\" \/>\n<meta property=\"og:url\" content=\"https:\/\/shopatoa.com\/ro\/dr-pawpaw-wicked-set-cadou-de-buze\/\" \/>\n<meta property=\"og:site_name\" content=\"SHOPATOA\" \/>\n<meta property=\"article:modified_time\" content=\"2025-06-24T18:54:47+00:00\" \/>\n<meta property=\"og:image\" content=\"https:\/\/storage.googleapis.com\/cz-shopatoa-img\/ro\/23c7880e-unnamed-file.webp\" \/>\n\t<meta property=\"og:image:width\" content=\"800\" \/>\n\t<meta property=\"og:image:height\" content=\"800\" \/>\n\t<meta property=\"og:image:type\" content=\"image\/webp\" \/>\n<meta name=\"twitter:card\" content=\"summary_large_image\" \/>\n<meta name=\"twitter:label1\" content=\"Timp estimat pentru citire\" \/>\n\t<meta name=\"twitter:data1\" content=\"1 minut\" \/>\n<script type=\"application\/ld+json\" class=\"yoast-schema-graph\">{\"@context\":\"https:\\\/\\\/schema.org\",\"@graph\":[{\"@type\":\"WebPage\",\"@id\":\"https:\\\/\\\/shopatoa.com\\\/ro\\\/dr-pawpaw-wicked-set-cadou-de-buze\\\/\",\"url\":\"https:\\\/\\\/shopatoa.com\\\/ro\\\/dr-pawpaw-wicked-set-cadou-de-buze\\\/\",\"name\":\"Dr. Pawpaw Wicked set cadou de buze - SHOPATOA.COM\",\"isPartOf\":{\"@id\":\"https:\\\/\\\/shopatoa.com\\\/ro\\\/#website\"},\"primaryImageOfPage\":{\"@id\":\"https:\\\/\\\/shopatoa.com\\\/ro\\\/dr-pawpaw-wicked-set-cadou-de-buze\\\/#primaryimage\"},\"image\":{\"@id\":\"https:\\\/\\\/shopatoa.com\\\/ro\\\/dr-pawpaw-wicked-set-cadou-de-buze\\\/#primaryimage\"},\"thumbnailUrl\":\"https:\\\/\\\/storage.googleapis.com\\\/cz-shopatoa-img\\\/ro\\\/23c7880e-unnamed-file.webp\",\"datePublished\":\"2025-06-24T18:54:01+00:00\",\"dateModified\":\"2025-06-24T18:54:47+00:00\",\"breadcrumb\":{\"@id\":\"https:\\\/\\\/shopatoa.com\\\/ro\\\/dr-pawpaw-wicked-set-cadou-de-buze\\\/#breadcrumb\"},\"inLanguage\":\"ro-RO\",\"potentialAction\":[{\"@type\":\"ReadAction\",\"target\":[\"https:\\\/\\\/shopatoa.com\\\/ro\\\/dr-pawpaw-wicked-set-cadou-de-buze\\\/\"]}]},{\"@type\":\"ImageObject\",\"inLanguage\":\"ro-RO\",\"@id\":\"https:\\\/\\\/shopatoa.com\\\/ro\\\/dr-pawpaw-wicked-set-cadou-de-buze\\\/#primaryimage\",\"url\":\"https:\\\/\\\/storage.googleapis.com\\\/cz-shopatoa-img\\\/ro\\\/23c7880e-unnamed-file.webp\",\"contentUrl\":\"https:\\\/\\\/storage.googleapis.com\\\/cz-shopatoa-img\\\/ro\\\/23c7880e-unnamed-file.webp\",\"width\":800,\"height\":800},{\"@type\":\"BreadcrumbList\",\"@id\":\"https:\\\/\\\/shopatoa.com\\\/ro\\\/dr-pawpaw-wicked-set-cadou-de-buze\\\/#breadcrumb\",\"itemListElement\":[{\"@type\":\"ListItem\",\"position\":1,\"name\":\"Dom\u016f\",\"item\":\"https:\\\/\\\/shopatoa.com\\\/ro\\\/\"},{\"@type\":\"ListItem\",\"position\":2,\"name\":\"Shop\",\"item\":\"https:\\\/\\\/shopatoa.com\\\/ro\\\/shop\\\/\"},{\"@type\":\"ListItem\",\"position\":3,\"name\":\"Dr. Pawpaw Wicked set cadou de buze\"}]},{\"@type\":\"WebSite\",\"@id\":\"https:\\\/\\\/shopatoa.com\\\/ro\\\/#website\",\"url\":\"https:\\\/\\\/shopatoa.com\\\/ro\\\/\",\"name\":\"SHOPATOA\",\"description\":\"\",\"publisher\":{\"@id\":\"https:\\\/\\\/shopatoa.com\\\/ro\\\/#organization\"},\"potentialAction\":[{\"@type\":\"SearchAction\",\"target\":{\"@type\":\"EntryPoint\",\"urlTemplate\":\"https:\\\/\\\/shopatoa.com\\\/ro\\\/?s={search_term_string}\"},\"query-input\":{\"@type\":\"PropertyValueSpecification\",\"valueRequired\":true,\"valueName\":\"search_term_string\"}}],\"inLanguage\":\"ro-RO\"},{\"@type\":\"Organization\",\"@id\":\"https:\\\/\\\/shopatoa.com\\\/ro\\\/#organization\",\"name\":\"SHOPATOA\",\"url\":\"https:\\\/\\\/shopatoa.com\\\/ro\\\/\",\"logo\":{\"@type\":\"ImageObject\",\"inLanguage\":\"ro-RO\",\"@id\":\"https:\\\/\\\/shopatoa.com\\\/ro\\\/#\\\/schema\\\/logo\\\/image\\\/\",\"url\":\"https:\\\/\\\/storage.googleapis.com\\\/cz-shopatoa-img\\\/ro\\\/b4dac915-shopatoa_logo.png\",\"contentUrl\":\"https:\\\/\\\/storage.googleapis.com\\\/cz-shopatoa-img\\\/ro\\\/b4dac915-shopatoa_logo.png\",\"width\":416,\"height\":63,\"caption\":\"SHOPATOA\"},\"image\":{\"@id\":\"https:\\\/\\\/shopatoa.com\\\/ro\\\/#\\\/schema\\\/logo\\\/image\\\/\"}}]}<\/script>\n<!-- \/ Yoast SEO plugin. -->","yoast_head_json":{"title":"Dr. Pawpaw Wicked set cadou de buze - SHOPATOA.COM","robots":{"index":"index","follow":"follow","max-snippet":"max-snippet:-1","max-image-preview":"max-image-preview:large","max-video-preview":"max-video-preview:-1"},"canonical":"https:\/\/shopatoa.com\/ro\/dr-pawpaw-wicked-set-cadou-de-buze\/","og_locale":"ro_RO","og_type":"article","og_title":"Dr. Pawpaw Wicked set cadou de buze - SHOPATOA.COM","og_description":"Dr. Pawpaw Wicked, 2&#215;3 g, Balsam pentru buze pentru femei, Pielea delicat\u0103 a buzelor este expus\u0103 \u00een fiecare zi la diver\u0219i factori de stres, de la contactul frecvent cu alimentele p\u00e2n\u0103 la condi\u021biile meteorologice nefavorabile. De aceea, merit\u0103 o \u00eengrijire special\u0103. Balsamul de buze colorat Dr. Pawpaw Wicked ofer\u0103 at\u00e2t o \u00eengrijire zilnic\u0103 potrivit\u0103 pentru...","og_url":"https:\/\/shopatoa.com\/ro\/dr-pawpaw-wicked-set-cadou-de-buze\/","og_site_name":"SHOPATOA","article_modified_time":"2025-06-24T18:54:47+00:00","og_image":[{"width":800,"height":800,"url":"https:\/\/storage.googleapis.com\/cz-shopatoa-img\/ro\/23c7880e-unnamed-file.webp","type":"image\/webp"}],"twitter_card":"summary_large_image","twitter_misc":{"Timp estimat pentru citire":"1 minut"},"schema":{"@context":"https:\/\/schema.org","@graph":[{"@type":"WebPage","@id":"https:\/\/shopatoa.com\/ro\/dr-pawpaw-wicked-set-cadou-de-buze\/","url":"https:\/\/shopatoa.com\/ro\/dr-pawpaw-wicked-set-cadou-de-buze\/","name":"Dr. Pawpaw Wicked set cadou de buze - SHOPATOA.COM","isPartOf":{"@id":"https:\/\/shopatoa.com\/ro\/#website"},"primaryImageOfPage":{"@id":"https:\/\/shopatoa.com\/ro\/dr-pawpaw-wicked-set-cadou-de-buze\/#primaryimage"},"image":{"@id":"https:\/\/shopatoa.com\/ro\/dr-pawpaw-wicked-set-cadou-de-buze\/#primaryimage"},"thumbnailUrl":"https:\/\/storage.googleapis.com\/cz-shopatoa-img\/ro\/23c7880e-unnamed-file.webp","datePublished":"2025-06-24T18:54:01+00:00","dateModified":"2025-06-24T18:54:47+00:00","breadcrumb":{"@id":"https:\/\/shopatoa.com\/ro\/dr-pawpaw-wicked-set-cadou-de-buze\/#breadcrumb"},"inLanguage":"ro-RO","potentialAction":[{"@type":"ReadAction","target":["https:\/\/shopatoa.com\/ro\/dr-pawpaw-wicked-set-cadou-de-buze\/"]}]},{"@type":"ImageObject","inLanguage":"ro-RO","@id":"https:\/\/shopatoa.com\/ro\/dr-pawpaw-wicked-set-cadou-de-buze\/#primaryimage","url":"https:\/\/storage.googleapis.com\/cz-shopatoa-img\/ro\/23c7880e-unnamed-file.webp","contentUrl":"https:\/\/storage.googleapis.com\/cz-shopatoa-img\/ro\/23c7880e-unnamed-file.webp","width":800,"height":800},{"@type":"BreadcrumbList","@id":"https:\/\/shopatoa.com\/ro\/dr-pawpaw-wicked-set-cadou-de-buze\/#breadcrumb","itemListElement":[{"@type":"ListItem","position":1,"name":"Dom\u016f","item":"https:\/\/shopatoa.com\/ro\/"},{"@type":"ListItem","position":2,"name":"Shop","item":"https:\/\/shopatoa.com\/ro\/shop\/"},{"@type":"ListItem","position":3,"name":"Dr. Pawpaw Wicked set cadou de buze"}]},{"@type":"WebSite","@id":"https:\/\/shopatoa.com\/ro\/#website","url":"https:\/\/shopatoa.com\/ro\/","name":"SHOPATOA","description":"","publisher":{"@id":"https:\/\/shopatoa.com\/ro\/#organization"},"potentialAction":[{"@type":"SearchAction","target":{"@type":"EntryPoint","urlTemplate":"https:\/\/shopatoa.com\/ro\/?s={search_term_string}"},"query-input":{"@type":"PropertyValueSpecification","valueRequired":true,"valueName":"search_term_string"}}],"inLanguage":"ro-RO"},{"@type":"Organization","@id":"https:\/\/shopatoa.com\/ro\/#organization","name":"SHOPATOA","url":"https:\/\/shopatoa.com\/ro\/","logo":{"@type":"ImageObject","inLanguage":"ro-RO","@id":"https:\/\/shopatoa.com\/ro\/#\/schema\/logo\/image\/","url":"https:\/\/storage.googleapis.com\/cz-shopatoa-img\/ro\/b4dac915-shopatoa_logo.png","contentUrl":"https:\/\/storage.googleapis.com\/cz-shopatoa-img\/ro\/b4dac915-shopatoa_logo.png","width":416,"height":63,"caption":"SHOPATOA"},"image":{"@id":"https:\/\/shopatoa.com\/ro\/#\/schema\/logo\/image\/"}}]}},"_links":{"self":[{"href":"https:\/\/shopatoa.com\/ro\/wp-json\/wp\/v2\/product\/446159","targetHints":{"allow":["GET"]}}],"collection":[{"href":"https:\/\/shopatoa.com\/ro\/wp-json\/wp\/v2\/product"}],"about":[{"href":"https:\/\/shopatoa.com\/ro\/wp-json\/wp\/v2\/types\/product"}],"replies":[{"embeddable":true,"href":"https:\/\/shopatoa.com\/ro\/wp-json\/wp\/v2\/comments?post=446159"}],"wp:featuredmedia":[{"embeddable":true,"href":"https:\/\/shopatoa.com\/ro\/wp-json\/wp\/v2\/media\/446160"}],"wp:attachment":[{"href":"https:\/\/shopatoa.com\/ro\/wp-json\/wp\/v2\/media?parent=446159"}],"wp:term":[{"taxonomy":"product_brand","embeddable":true,"href":"https:\/\/shopatoa.com\/ro\/wp-json\/wp\/v2\/product_brand?post=446159"},{"taxonomy":"product_cat","embeddable":true,"href":"https:\/\/shopatoa.com\/ro\/wp-json\/wp\/v2\/product_cat?post=446159"},{"taxonomy":"product_tag","embeddable":true,"href":"https:\/\/shopatoa.com\/ro\/wp-json\/wp\/v2\/product_tag?post=446159"}],"curies":[{"name":"wp","href":"https:\/\/api.w.org\/{rel}","templated":true}]}}