{"id":446163,"date":"2025-06-24T20:54:01","date_gmt":"2025-06-24T18:54:01","guid":{"rendered":"https:\/\/shopatoa.com\/ro\/blanx-oxygen-power-night-pen-baton-pentru-albire-pentru-noapte-2-5-ml\/"},"modified":"2026-02-05T09:10:07","modified_gmt":"2026-02-05T08:10:07","slug":"blanx-oxygen-power-night-pen-baton-pentru-albire-pentru-noapte-2-5-ml","status":"publish","type":"product","link":"https:\/\/shopatoa.com\/ro\/blanx-oxygen-power-night-pen-baton-pentru-albire-pentru-noapte-2-5-ml\/","title":{"rendered":"BlanX Oxygen Power Night Pen baton pentru albire pentru noapte 2.5 ml"},"content":{"rendered":"<p>BlanX Oxygen Power Night Pen, 2.5 ml, Pasta de dinti cu efect de albire unisex, Stiloul de albire BlanX Oxygen Power Night Pen este un produs unic, pentru albirea din\u021bilor. Procedura de folosire este rapid\u0103 \u0219i u\u0219oar\u0103, cu rezultate vizibile.  Caracteristici:  \u00eenl\u0103tur\u0103 decolorarea organic\u0103 a din\u021bilor \u00eendep\u0103rteaz\u0103 petele de alimente \u0219i de b\u0103uturi albe\u0219te smal\u021bul dentar  Cum se utilizeaz\u0103: Se vor urma instruc\u021biunile incluse.<\/p>\n","protected":false},"excerpt":{"rendered":"<p>BlanX Oxygen Power Night Pen, 2.5 ml, Pasta de dinti cu efect de albire unisex, Stiloul de albire BlanX Oxygen Power Night Pen este un produs unic, pentru albirea din\u021bilor. Procedura de folosire este rapid\u0103 \u0219i u\u0219oar\u0103, cu rezultate vizibile. Caracteristici: \u00eenl\u0103tur\u0103 decolorarea organic\u0103 a din\u021bilor \u00eendep\u0103rteaz\u0103 petele de alimente \u0219i de b\u0103uturi albe\u0219te smal\u021bul&#8230;<\/p>\n","protected":false},"featured_media":446164,"comment_status":"closed","ping_status":"open","template":"","meta":{"_acf_changed":false,"_kadence_starter_templates_imported_post":false,"_kad_post_transparent":"","_kad_post_title":"","_kad_post_layout":"","_kad_post_sidebar_id":"","_kad_post_content_style":"","_kad_post_vertical_padding":"","_kad_post_feature":"","_kad_post_feature_position":"","_kad_post_header":false,"_kad_post_footer":false,"_kad_post_classname":""},"product_brand":[2888],"product_cat":[1926,1605,1563,1562],"product_tag":[],"class_list":{"0":"post-446163","1":"product","2":"type-product","3":"status-publish","4":"has-post-thumbnail","6":"product_brand-blanx","7":"product_cat-albirea-dintilor-ingrijire-orala","8":"product_cat-ingrijire-orala","9":"product_cat-ingrijire-personala","10":"product_cat-sanatate-si-frumusete","11":"pa_gen-unisex","12":"pa_marime-2-5-ml","14":"first","15":"instock","16":"sale","17":"product-type-external","18":"entry","19":"content-bg","20":"loop-entry"},"acf":[],"yoast_head":"<!-- This site is optimized with the Yoast SEO plugin v27.4 - https:\/\/yoast.com\/product\/yoast-seo-wordpress\/ -->\n<title>BlanX Oxygen Power Night Pen baton pentru albire pentru noapte 2.5 ml - SHOPATOA.COM<\/title>\n<meta name=\"robots\" content=\"index, follow, max-snippet:-1, max-image-preview:large, max-video-preview:-1\" \/>\n<link rel=\"canonical\" href=\"https:\/\/shopatoa.com\/ro\/blanx-oxygen-power-night-pen-baton-pentru-albire-pentru-noapte-2-5-ml\/\" \/>\n<meta property=\"og:locale\" content=\"ro_RO\" \/>\n<meta property=\"og:type\" content=\"article\" \/>\n<meta property=\"og:title\" content=\"BlanX Oxygen Power Night Pen baton pentru albire pentru noapte 2.5 ml - SHOPATOA.COM\" \/>\n<meta property=\"og:description\" content=\"BlanX Oxygen Power Night Pen, 2.5 ml, Pasta de dinti cu efect de albire unisex, Stiloul de albire BlanX Oxygen Power Night Pen este un produs unic, pentru albirea din\u021bilor. Procedura de folosire este rapid\u0103 \u0219i u\u0219oar\u0103, cu rezultate vizibile. Caracteristici: \u00eenl\u0103tur\u0103 decolorarea organic\u0103 a din\u021bilor \u00eendep\u0103rteaz\u0103 petele de alimente \u0219i de b\u0103uturi albe\u0219te smal\u021bul...\" \/>\n<meta property=\"og:url\" content=\"https:\/\/shopatoa.com\/ro\/blanx-oxygen-power-night-pen-baton-pentru-albire-pentru-noapte-2-5-ml\/\" \/>\n<meta property=\"og:site_name\" content=\"SHOPATOA\" \/>\n<meta property=\"article:modified_time\" content=\"2026-02-05T08:10:07+00:00\" \/>\n<meta property=\"og:image\" content=\"https:\/\/storage.googleapis.com\/cz-shopatoa-img\/ro\/d796935d-unnamed-file.webp\" \/>\n\t<meta property=\"og:image:width\" content=\"800\" \/>\n\t<meta property=\"og:image:height\" content=\"800\" \/>\n\t<meta property=\"og:image:type\" content=\"image\/webp\" \/>\n<meta name=\"twitter:card\" content=\"summary_large_image\" \/>\n<script type=\"application\/ld+json\" class=\"yoast-schema-graph\">{\"@context\":\"https:\\\/\\\/schema.org\",\"@graph\":[{\"@type\":\"WebPage\",\"@id\":\"https:\\\/\\\/shopatoa.com\\\/ro\\\/blanx-oxygen-power-night-pen-baton-pentru-albire-pentru-noapte-2-5-ml\\\/\",\"url\":\"https:\\\/\\\/shopatoa.com\\\/ro\\\/blanx-oxygen-power-night-pen-baton-pentru-albire-pentru-noapte-2-5-ml\\\/\",\"name\":\"BlanX Oxygen Power Night Pen baton pentru albire pentru noapte 2.5 ml - SHOPATOA.COM\",\"isPartOf\":{\"@id\":\"https:\\\/\\\/shopatoa.com\\\/ro\\\/#website\"},\"primaryImageOfPage\":{\"@id\":\"https:\\\/\\\/shopatoa.com\\\/ro\\\/blanx-oxygen-power-night-pen-baton-pentru-albire-pentru-noapte-2-5-ml\\\/#primaryimage\"},\"image\":{\"@id\":\"https:\\\/\\\/shopatoa.com\\\/ro\\\/blanx-oxygen-power-night-pen-baton-pentru-albire-pentru-noapte-2-5-ml\\\/#primaryimage\"},\"thumbnailUrl\":\"https:\\\/\\\/storage.googleapis.com\\\/cz-shopatoa-img\\\/ro\\\/d796935d-unnamed-file.webp\",\"datePublished\":\"2025-06-24T18:54:01+00:00\",\"dateModified\":\"2026-02-05T08:10:07+00:00\",\"breadcrumb\":{\"@id\":\"https:\\\/\\\/shopatoa.com\\\/ro\\\/blanx-oxygen-power-night-pen-baton-pentru-albire-pentru-noapte-2-5-ml\\\/#breadcrumb\"},\"inLanguage\":\"ro-RO\",\"potentialAction\":[{\"@type\":\"ReadAction\",\"target\":[\"https:\\\/\\\/shopatoa.com\\\/ro\\\/blanx-oxygen-power-night-pen-baton-pentru-albire-pentru-noapte-2-5-ml\\\/\"]}]},{\"@type\":\"ImageObject\",\"inLanguage\":\"ro-RO\",\"@id\":\"https:\\\/\\\/shopatoa.com\\\/ro\\\/blanx-oxygen-power-night-pen-baton-pentru-albire-pentru-noapte-2-5-ml\\\/#primaryimage\",\"url\":\"https:\\\/\\\/storage.googleapis.com\\\/cz-shopatoa-img\\\/ro\\\/d796935d-unnamed-file.webp\",\"contentUrl\":\"https:\\\/\\\/storage.googleapis.com\\\/cz-shopatoa-img\\\/ro\\\/d796935d-unnamed-file.webp\",\"width\":800,\"height\":800},{\"@type\":\"BreadcrumbList\",\"@id\":\"https:\\\/\\\/shopatoa.com\\\/ro\\\/blanx-oxygen-power-night-pen-baton-pentru-albire-pentru-noapte-2-5-ml\\\/#breadcrumb\",\"itemListElement\":[{\"@type\":\"ListItem\",\"position\":1,\"name\":\"Dom\u016f\",\"item\":\"https:\\\/\\\/shopatoa.com\\\/ro\\\/\"},{\"@type\":\"ListItem\",\"position\":2,\"name\":\"Shop\",\"item\":\"https:\\\/\\\/shopatoa.com\\\/ro\\\/shop\\\/\"},{\"@type\":\"ListItem\",\"position\":3,\"name\":\"S\u0103n\u0103tate \u0219i frumuse\u021be\",\"item\":\"https:\\\/\\\/shopatoa.com\\\/ro\\\/sanatate-si-frumusete\\\/\"},{\"@type\":\"ListItem\",\"position\":4,\"name\":\"\u00cengrijire personal\u0103\",\"item\":\"https:\\\/\\\/shopatoa.com\\\/ro\\\/ingrijire-personala\\\/\"},{\"@type\":\"ListItem\",\"position\":5,\"name\":\"\u00cengrijire oral\u0103\",\"item\":\"https:\\\/\\\/shopatoa.com\\\/ro\\\/ingrijire-orala\\\/\"},{\"@type\":\"ListItem\",\"position\":6,\"name\":\"Albirea din\u021bilor\",\"item\":\"https:\\\/\\\/shopatoa.com\\\/ro\\\/albirea-dintilor-ingrijire-orala\\\/\"},{\"@type\":\"ListItem\",\"position\":7,\"name\":\"BlanX Oxygen Power Night Pen baton pentru albire pentru noapte 2.5 ml\"}]},{\"@type\":\"WebSite\",\"@id\":\"https:\\\/\\\/shopatoa.com\\\/ro\\\/#website\",\"url\":\"https:\\\/\\\/shopatoa.com\\\/ro\\\/\",\"name\":\"SHOPATOA\",\"description\":\"\",\"publisher\":{\"@id\":\"https:\\\/\\\/shopatoa.com\\\/ro\\\/#organization\"},\"potentialAction\":[{\"@type\":\"SearchAction\",\"target\":{\"@type\":\"EntryPoint\",\"urlTemplate\":\"https:\\\/\\\/shopatoa.com\\\/ro\\\/?s={search_term_string}\"},\"query-input\":{\"@type\":\"PropertyValueSpecification\",\"valueRequired\":true,\"valueName\":\"search_term_string\"}}],\"inLanguage\":\"ro-RO\"},{\"@type\":\"Organization\",\"@id\":\"https:\\\/\\\/shopatoa.com\\\/ro\\\/#organization\",\"name\":\"SHOPATOA\",\"url\":\"https:\\\/\\\/shopatoa.com\\\/ro\\\/\",\"logo\":{\"@type\":\"ImageObject\",\"inLanguage\":\"ro-RO\",\"@id\":\"https:\\\/\\\/shopatoa.com\\\/ro\\\/#\\\/schema\\\/logo\\\/image\\\/\",\"url\":\"https:\\\/\\\/storage.googleapis.com\\\/cz-shopatoa-img\\\/ro\\\/b4dac915-shopatoa_logo.png\",\"contentUrl\":\"https:\\\/\\\/storage.googleapis.com\\\/cz-shopatoa-img\\\/ro\\\/b4dac915-shopatoa_logo.png\",\"width\":416,\"height\":63,\"caption\":\"SHOPATOA\"},\"image\":{\"@id\":\"https:\\\/\\\/shopatoa.com\\\/ro\\\/#\\\/schema\\\/logo\\\/image\\\/\"}}]}<\/script>\n<!-- \/ Yoast SEO plugin. -->","yoast_head_json":{"title":"BlanX Oxygen Power Night Pen baton pentru albire pentru noapte 2.5 ml - SHOPATOA.COM","robots":{"index":"index","follow":"follow","max-snippet":"max-snippet:-1","max-image-preview":"max-image-preview:large","max-video-preview":"max-video-preview:-1"},"canonical":"https:\/\/shopatoa.com\/ro\/blanx-oxygen-power-night-pen-baton-pentru-albire-pentru-noapte-2-5-ml\/","og_locale":"ro_RO","og_type":"article","og_title":"BlanX Oxygen Power Night Pen baton pentru albire pentru noapte 2.5 ml - SHOPATOA.COM","og_description":"BlanX Oxygen Power Night Pen, 2.5 ml, Pasta de dinti cu efect de albire unisex, Stiloul de albire BlanX Oxygen Power Night Pen este un produs unic, pentru albirea din\u021bilor. Procedura de folosire este rapid\u0103 \u0219i u\u0219oar\u0103, cu rezultate vizibile. Caracteristici: \u00eenl\u0103tur\u0103 decolorarea organic\u0103 a din\u021bilor \u00eendep\u0103rteaz\u0103 petele de alimente \u0219i de b\u0103uturi albe\u0219te smal\u021bul...","og_url":"https:\/\/shopatoa.com\/ro\/blanx-oxygen-power-night-pen-baton-pentru-albire-pentru-noapte-2-5-ml\/","og_site_name":"SHOPATOA","article_modified_time":"2026-02-05T08:10:07+00:00","og_image":[{"width":800,"height":800,"url":"https:\/\/storage.googleapis.com\/cz-shopatoa-img\/ro\/d796935d-unnamed-file.webp","type":"image\/webp"}],"twitter_card":"summary_large_image","schema":{"@context":"https:\/\/schema.org","@graph":[{"@type":"WebPage","@id":"https:\/\/shopatoa.com\/ro\/blanx-oxygen-power-night-pen-baton-pentru-albire-pentru-noapte-2-5-ml\/","url":"https:\/\/shopatoa.com\/ro\/blanx-oxygen-power-night-pen-baton-pentru-albire-pentru-noapte-2-5-ml\/","name":"BlanX Oxygen Power Night Pen baton pentru albire pentru noapte 2.5 ml - SHOPATOA.COM","isPartOf":{"@id":"https:\/\/shopatoa.com\/ro\/#website"},"primaryImageOfPage":{"@id":"https:\/\/shopatoa.com\/ro\/blanx-oxygen-power-night-pen-baton-pentru-albire-pentru-noapte-2-5-ml\/#primaryimage"},"image":{"@id":"https:\/\/shopatoa.com\/ro\/blanx-oxygen-power-night-pen-baton-pentru-albire-pentru-noapte-2-5-ml\/#primaryimage"},"thumbnailUrl":"https:\/\/storage.googleapis.com\/cz-shopatoa-img\/ro\/d796935d-unnamed-file.webp","datePublished":"2025-06-24T18:54:01+00:00","dateModified":"2026-02-05T08:10:07+00:00","breadcrumb":{"@id":"https:\/\/shopatoa.com\/ro\/blanx-oxygen-power-night-pen-baton-pentru-albire-pentru-noapte-2-5-ml\/#breadcrumb"},"inLanguage":"ro-RO","potentialAction":[{"@type":"ReadAction","target":["https:\/\/shopatoa.com\/ro\/blanx-oxygen-power-night-pen-baton-pentru-albire-pentru-noapte-2-5-ml\/"]}]},{"@type":"ImageObject","inLanguage":"ro-RO","@id":"https:\/\/shopatoa.com\/ro\/blanx-oxygen-power-night-pen-baton-pentru-albire-pentru-noapte-2-5-ml\/#primaryimage","url":"https:\/\/storage.googleapis.com\/cz-shopatoa-img\/ro\/d796935d-unnamed-file.webp","contentUrl":"https:\/\/storage.googleapis.com\/cz-shopatoa-img\/ro\/d796935d-unnamed-file.webp","width":800,"height":800},{"@type":"BreadcrumbList","@id":"https:\/\/shopatoa.com\/ro\/blanx-oxygen-power-night-pen-baton-pentru-albire-pentru-noapte-2-5-ml\/#breadcrumb","itemListElement":[{"@type":"ListItem","position":1,"name":"Dom\u016f","item":"https:\/\/shopatoa.com\/ro\/"},{"@type":"ListItem","position":2,"name":"Shop","item":"https:\/\/shopatoa.com\/ro\/shop\/"},{"@type":"ListItem","position":3,"name":"S\u0103n\u0103tate \u0219i frumuse\u021be","item":"https:\/\/shopatoa.com\/ro\/sanatate-si-frumusete\/"},{"@type":"ListItem","position":4,"name":"\u00cengrijire personal\u0103","item":"https:\/\/shopatoa.com\/ro\/ingrijire-personala\/"},{"@type":"ListItem","position":5,"name":"\u00cengrijire oral\u0103","item":"https:\/\/shopatoa.com\/ro\/ingrijire-orala\/"},{"@type":"ListItem","position":6,"name":"Albirea din\u021bilor","item":"https:\/\/shopatoa.com\/ro\/albirea-dintilor-ingrijire-orala\/"},{"@type":"ListItem","position":7,"name":"BlanX Oxygen Power Night Pen baton pentru albire pentru noapte 2.5 ml"}]},{"@type":"WebSite","@id":"https:\/\/shopatoa.com\/ro\/#website","url":"https:\/\/shopatoa.com\/ro\/","name":"SHOPATOA","description":"","publisher":{"@id":"https:\/\/shopatoa.com\/ro\/#organization"},"potentialAction":[{"@type":"SearchAction","target":{"@type":"EntryPoint","urlTemplate":"https:\/\/shopatoa.com\/ro\/?s={search_term_string}"},"query-input":{"@type":"PropertyValueSpecification","valueRequired":true,"valueName":"search_term_string"}}],"inLanguage":"ro-RO"},{"@type":"Organization","@id":"https:\/\/shopatoa.com\/ro\/#organization","name":"SHOPATOA","url":"https:\/\/shopatoa.com\/ro\/","logo":{"@type":"ImageObject","inLanguage":"ro-RO","@id":"https:\/\/shopatoa.com\/ro\/#\/schema\/logo\/image\/","url":"https:\/\/storage.googleapis.com\/cz-shopatoa-img\/ro\/b4dac915-shopatoa_logo.png","contentUrl":"https:\/\/storage.googleapis.com\/cz-shopatoa-img\/ro\/b4dac915-shopatoa_logo.png","width":416,"height":63,"caption":"SHOPATOA"},"image":{"@id":"https:\/\/shopatoa.com\/ro\/#\/schema\/logo\/image\/"}}]}},"_links":{"self":[{"href":"https:\/\/shopatoa.com\/ro\/wp-json\/wp\/v2\/product\/446163","targetHints":{"allow":["GET"]}}],"collection":[{"href":"https:\/\/shopatoa.com\/ro\/wp-json\/wp\/v2\/product"}],"about":[{"href":"https:\/\/shopatoa.com\/ro\/wp-json\/wp\/v2\/types\/product"}],"replies":[{"embeddable":true,"href":"https:\/\/shopatoa.com\/ro\/wp-json\/wp\/v2\/comments?post=446163"}],"wp:featuredmedia":[{"embeddable":true,"href":"https:\/\/shopatoa.com\/ro\/wp-json\/wp\/v2\/media\/446164"}],"wp:attachment":[{"href":"https:\/\/shopatoa.com\/ro\/wp-json\/wp\/v2\/media?parent=446163"}],"wp:term":[{"taxonomy":"product_brand","embeddable":true,"href":"https:\/\/shopatoa.com\/ro\/wp-json\/wp\/v2\/product_brand?post=446163"},{"taxonomy":"product_cat","embeddable":true,"href":"https:\/\/shopatoa.com\/ro\/wp-json\/wp\/v2\/product_cat?post=446163"},{"taxonomy":"product_tag","embeddable":true,"href":"https:\/\/shopatoa.com\/ro\/wp-json\/wp\/v2\/product_tag?post=446163"}],"curies":[{"name":"wp","href":"https:\/\/api.w.org\/{rel}","templated":true}]}}