{"id":446295,"date":"2025-06-24T21:07:05","date_gmt":"2025-06-24T19:07:05","guid":{"rendered":"https:\/\/shopatoa.com\/ro\/clinique-all-about-eyes-brightening-serum-crema-pentru-ochi-ce-ofera-luminozitate-10-ml\/"},"modified":"2026-02-05T08:50:06","modified_gmt":"2026-02-05T07:50:06","slug":"clinique-all-about-eyes-brightening-serum-crema-pentru-ochi-ce-ofera-luminozitate-10-ml","status":"publish","type":"product","link":"https:\/\/shopatoa.com\/ro\/clinique-all-about-eyes-brightening-serum-crema-pentru-ochi-ce-ofera-luminozitate-10-ml\/","title":{"rendered":"Clinique All About Eyes\u2122 Brightening Serum Crema pentru ochi ce ofera luminozitate 10 ml"},"content":{"rendered":"<p>Clinique All About Eyes\u2122 Brightening Serum, 10 ml, Ser pentru ochi pentru femei, Zona ochilor este extrem de sensibil\u0103, tenul acesteia fiind foarte sub\u021bire \u0219i fragil \u0219i, prin urmare, mai predispus la semnele de oboseal\u0103 \u0219i \u00eemb\u0103tr\u00e2nire. De aceea, necesit\u0103 o \u00eengrijire special\u0103, cu o compozi\u021bie \u0219i consisten\u021b\u0103 concepute exact pentru nevoile ei. Serul de ochi Clinique All About Eyes\u2122 Brightening Serum v\u0103 va completa perfect crema preferat\u0103, ori de c\u00e2te ori sim\u021bi\u021bi c\u0103 \u00eengrijirea obi\u0219nuit\u0103 a ochilor nu este suficient\u0103. R\u0103sfa\u021b\u0103 tenul din zona ochilor \u0219i ofer\u0103 o \u00eengrijire intensiv\u0103. Datorit\u0103 concentra\u021biei ridicate de substan\u021be active, efectul s\u0103u asupra tenului va fi mult mai intens \u0219i mai rapid dec\u00e2t \u00een cazul unei creme de fa\u021b\u0103 obi\u0219nuite sau a unei creme de ochi.  Caracteristici:  testate oftalmologic hr\u0103ne\u0219te intens zona ochilor elimin\u0103 pungile \u0219i cercurile \u00eentunecate de sub ochi are efect de calmare aplicare practic\u0103 \u0219i igienic\u0103  Ingrediente:  nu con\u021bine parfum testat dermatologic cafein\u0103 \u2013 contribuie la combaterea cearc\u0103nelor, a edemelor \u0219i a pungilor de sub ochi, ofer\u0103 protec\u021bie antioxidant\u0103, asigur\u0103 un ten luminos \u0219i un aspect tineresc vitamina C \u2013 ofer\u0103 protec\u021bie antioxidant\u0103 \u00eempotriva deterior\u0103rii cauzate de radicalii liberi, combate petele pigmentare, uniformizeaz\u0103 nuan\u021ba \u0219i spore\u0219te aspectul radiant al pielii, favorizeaz\u0103 produc\u021bia de colagen, \u00eencetinind astfel procesul de \u00eemb\u0103tr\u00e2nire  Cum se utilizeaz\u0103: Aplica\u021bi pe zona ochilor cur\u0103\u021bat\u0103 \u00een prealabil \u0219i masa\u021bi u\u0219or.<\/p>\n","protected":false},"excerpt":{"rendered":"<p>Clinique All About Eyes\u2122 Brightening Serum, 10 ml, Ser pentru ochi pentru femei, Zona ochilor este extrem de sensibil\u0103, tenul acesteia fiind foarte sub\u021bire \u0219i fragil \u0219i, prin urmare, mai predispus la semnele de oboseal\u0103 \u0219i \u00eemb\u0103tr\u00e2nire. De aceea, necesit\u0103 o \u00eengrijire special\u0103, cu o compozi\u021bie \u0219i consisten\u021b\u0103 concepute exact pentru nevoile ei. Serul de&#8230;<\/p>\n","protected":false},"featured_media":446296,"comment_status":"closed","ping_status":"open","template":"","meta":{"_acf_changed":false,"_kadence_starter_templates_imported_post":false,"_kad_post_transparent":"","_kad_post_title":"","_kad_post_layout":"","_kad_post_sidebar_id":"","_kad_post_content_style":"","_kad_post_vertical_padding":"","_kad_post_feature":"","_kad_post_feature_position":"","_kad_post_header":false,"_kad_post_footer":false,"_kad_post_classname":""},"product_brand":[49],"product_cat":[1564,1563,1565,1562],"product_tag":[],"class_list":{"0":"post-446295","1":"product","2":"type-product","3":"status-publish","4":"has-post-thumbnail","6":"product_brand-clinique","7":"product_cat-cosmetice-ingrijire-personala","8":"product_cat-ingrijire-personala","9":"product_cat-ingrijirea-pielii","10":"product_cat-sanatate-si-frumusete","11":"pa_gen-female","12":"pa_marime-10-ml","14":"first","15":"instock","16":"sale","17":"product-type-external","18":"entry","19":"content-bg","20":"loop-entry"},"acf":[],"yoast_head":"<!-- This site is optimized with the Yoast SEO plugin v27.3 - https:\/\/yoast.com\/product\/yoast-seo-wordpress\/ -->\n<title>Clinique All About Eyes\u2122 Brightening Serum Crema pentru ochi ce ofera luminozitate 10 ml - SHOPATOA.COM<\/title>\n<meta name=\"robots\" content=\"index, follow, max-snippet:-1, max-image-preview:large, max-video-preview:-1\" \/>\n<link rel=\"canonical\" href=\"https:\/\/shopatoa.com\/ro\/clinique-all-about-eyes-brightening-serum-crema-pentru-ochi-ce-ofera-luminozitate-10-ml\/\" \/>\n<meta property=\"og:locale\" content=\"ro_RO\" \/>\n<meta property=\"og:type\" content=\"article\" \/>\n<meta property=\"og:title\" content=\"Clinique All About Eyes\u2122 Brightening Serum Crema pentru ochi ce ofera luminozitate 10 ml - SHOPATOA.COM\" \/>\n<meta property=\"og:description\" content=\"Clinique All About Eyes\u2122 Brightening Serum, 10 ml, Ser pentru ochi pentru femei, Zona ochilor este extrem de sensibil\u0103, tenul acesteia fiind foarte sub\u021bire \u0219i fragil \u0219i, prin urmare, mai predispus la semnele de oboseal\u0103 \u0219i \u00eemb\u0103tr\u00e2nire. De aceea, necesit\u0103 o \u00eengrijire special\u0103, cu o compozi\u021bie \u0219i consisten\u021b\u0103 concepute exact pentru nevoile ei. Serul de...\" \/>\n<meta property=\"og:url\" content=\"https:\/\/shopatoa.com\/ro\/clinique-all-about-eyes-brightening-serum-crema-pentru-ochi-ce-ofera-luminozitate-10-ml\/\" \/>\n<meta property=\"og:site_name\" content=\"SHOPATOA\" \/>\n<meta property=\"article:modified_time\" content=\"2026-02-05T07:50:06+00:00\" \/>\n<meta property=\"og:image\" content=\"https:\/\/storage.googleapis.com\/cz-shopatoa-img\/ro\/a014152a-unnamed-file.webp\" \/>\n\t<meta property=\"og:image:width\" content=\"800\" \/>\n\t<meta property=\"og:image:height\" content=\"800\" \/>\n\t<meta property=\"og:image:type\" content=\"image\/webp\" \/>\n<meta name=\"twitter:card\" content=\"summary_large_image\" \/>\n<meta name=\"twitter:label1\" content=\"Timp estimat pentru citire\" \/>\n\t<meta name=\"twitter:data1\" content=\"1 minut\" \/>\n<script type=\"application\/ld+json\" class=\"yoast-schema-graph\">{\"@context\":\"https:\\\/\\\/schema.org\",\"@graph\":[{\"@type\":\"WebPage\",\"@id\":\"https:\\\/\\\/shopatoa.com\\\/ro\\\/clinique-all-about-eyes-brightening-serum-crema-pentru-ochi-ce-ofera-luminozitate-10-ml\\\/\",\"url\":\"https:\\\/\\\/shopatoa.com\\\/ro\\\/clinique-all-about-eyes-brightening-serum-crema-pentru-ochi-ce-ofera-luminozitate-10-ml\\\/\",\"name\":\"Clinique All About Eyes\u2122 Brightening Serum Crema pentru ochi ce ofera luminozitate 10 ml - SHOPATOA.COM\",\"isPartOf\":{\"@id\":\"https:\\\/\\\/shopatoa.com\\\/ro\\\/#website\"},\"primaryImageOfPage\":{\"@id\":\"https:\\\/\\\/shopatoa.com\\\/ro\\\/clinique-all-about-eyes-brightening-serum-crema-pentru-ochi-ce-ofera-luminozitate-10-ml\\\/#primaryimage\"},\"image\":{\"@id\":\"https:\\\/\\\/shopatoa.com\\\/ro\\\/clinique-all-about-eyes-brightening-serum-crema-pentru-ochi-ce-ofera-luminozitate-10-ml\\\/#primaryimage\"},\"thumbnailUrl\":\"https:\\\/\\\/storage.googleapis.com\\\/cz-shopatoa-img\\\/ro\\\/a014152a-unnamed-file.webp\",\"datePublished\":\"2025-06-24T19:07:05+00:00\",\"dateModified\":\"2026-02-05T07:50:06+00:00\",\"breadcrumb\":{\"@id\":\"https:\\\/\\\/shopatoa.com\\\/ro\\\/clinique-all-about-eyes-brightening-serum-crema-pentru-ochi-ce-ofera-luminozitate-10-ml\\\/#breadcrumb\"},\"inLanguage\":\"ro-RO\",\"potentialAction\":[{\"@type\":\"ReadAction\",\"target\":[\"https:\\\/\\\/shopatoa.com\\\/ro\\\/clinique-all-about-eyes-brightening-serum-crema-pentru-ochi-ce-ofera-luminozitate-10-ml\\\/\"]}]},{\"@type\":\"ImageObject\",\"inLanguage\":\"ro-RO\",\"@id\":\"https:\\\/\\\/shopatoa.com\\\/ro\\\/clinique-all-about-eyes-brightening-serum-crema-pentru-ochi-ce-ofera-luminozitate-10-ml\\\/#primaryimage\",\"url\":\"https:\\\/\\\/storage.googleapis.com\\\/cz-shopatoa-img\\\/ro\\\/a014152a-unnamed-file.webp\",\"contentUrl\":\"https:\\\/\\\/storage.googleapis.com\\\/cz-shopatoa-img\\\/ro\\\/a014152a-unnamed-file.webp\",\"width\":800,\"height\":800},{\"@type\":\"BreadcrumbList\",\"@id\":\"https:\\\/\\\/shopatoa.com\\\/ro\\\/clinique-all-about-eyes-brightening-serum-crema-pentru-ochi-ce-ofera-luminozitate-10-ml\\\/#breadcrumb\",\"itemListElement\":[{\"@type\":\"ListItem\",\"position\":1,\"name\":\"Dom\u016f\",\"item\":\"https:\\\/\\\/shopatoa.com\\\/ro\\\/\"},{\"@type\":\"ListItem\",\"position\":2,\"name\":\"Shop\",\"item\":\"https:\\\/\\\/shopatoa.com\\\/ro\\\/shop\\\/\"},{\"@type\":\"ListItem\",\"position\":3,\"name\":\"S\u0103n\u0103tate \u0219i frumuse\u021be\",\"item\":\"https:\\\/\\\/shopatoa.com\\\/ro\\\/sanatate-si-frumusete\\\/\"},{\"@type\":\"ListItem\",\"position\":4,\"name\":\"\u00cengrijire personal\u0103\",\"item\":\"https:\\\/\\\/shopatoa.com\\\/ro\\\/ingrijire-personala\\\/\"},{\"@type\":\"ListItem\",\"position\":5,\"name\":\"Cosmetice\",\"item\":\"https:\\\/\\\/shopatoa.com\\\/ro\\\/cosmetice-ingrijire-personala\\\/\"},{\"@type\":\"ListItem\",\"position\":6,\"name\":\"\u00cengrijirea pielii\",\"item\":\"https:\\\/\\\/shopatoa.com\\\/ro\\\/ingrijirea-pielii\\\/\"},{\"@type\":\"ListItem\",\"position\":7,\"name\":\"Clinique All About Eyes\u2122 Brightening Serum Crema pentru ochi ce ofera luminozitate 10 ml\"}]},{\"@type\":\"WebSite\",\"@id\":\"https:\\\/\\\/shopatoa.com\\\/ro\\\/#website\",\"url\":\"https:\\\/\\\/shopatoa.com\\\/ro\\\/\",\"name\":\"SHOPATOA\",\"description\":\"\",\"publisher\":{\"@id\":\"https:\\\/\\\/shopatoa.com\\\/ro\\\/#organization\"},\"potentialAction\":[{\"@type\":\"SearchAction\",\"target\":{\"@type\":\"EntryPoint\",\"urlTemplate\":\"https:\\\/\\\/shopatoa.com\\\/ro\\\/?s={search_term_string}\"},\"query-input\":{\"@type\":\"PropertyValueSpecification\",\"valueRequired\":true,\"valueName\":\"search_term_string\"}}],\"inLanguage\":\"ro-RO\"},{\"@type\":\"Organization\",\"@id\":\"https:\\\/\\\/shopatoa.com\\\/ro\\\/#organization\",\"name\":\"SHOPATOA\",\"url\":\"https:\\\/\\\/shopatoa.com\\\/ro\\\/\",\"logo\":{\"@type\":\"ImageObject\",\"inLanguage\":\"ro-RO\",\"@id\":\"https:\\\/\\\/shopatoa.com\\\/ro\\\/#\\\/schema\\\/logo\\\/image\\\/\",\"url\":\"https:\\\/\\\/storage.googleapis.com\\\/cz-shopatoa-img\\\/ro\\\/b4dac915-shopatoa_logo.png\",\"contentUrl\":\"https:\\\/\\\/storage.googleapis.com\\\/cz-shopatoa-img\\\/ro\\\/b4dac915-shopatoa_logo.png\",\"width\":416,\"height\":63,\"caption\":\"SHOPATOA\"},\"image\":{\"@id\":\"https:\\\/\\\/shopatoa.com\\\/ro\\\/#\\\/schema\\\/logo\\\/image\\\/\"}}]}<\/script>\n<!-- \/ Yoast SEO plugin. -->","yoast_head_json":{"title":"Clinique All About Eyes\u2122 Brightening Serum Crema pentru ochi ce ofera luminozitate 10 ml - SHOPATOA.COM","robots":{"index":"index","follow":"follow","max-snippet":"max-snippet:-1","max-image-preview":"max-image-preview:large","max-video-preview":"max-video-preview:-1"},"canonical":"https:\/\/shopatoa.com\/ro\/clinique-all-about-eyes-brightening-serum-crema-pentru-ochi-ce-ofera-luminozitate-10-ml\/","og_locale":"ro_RO","og_type":"article","og_title":"Clinique All About Eyes\u2122 Brightening Serum Crema pentru ochi ce ofera luminozitate 10 ml - SHOPATOA.COM","og_description":"Clinique All About Eyes\u2122 Brightening Serum, 10 ml, Ser pentru ochi pentru femei, Zona ochilor este extrem de sensibil\u0103, tenul acesteia fiind foarte sub\u021bire \u0219i fragil \u0219i, prin urmare, mai predispus la semnele de oboseal\u0103 \u0219i \u00eemb\u0103tr\u00e2nire. De aceea, necesit\u0103 o \u00eengrijire special\u0103, cu o compozi\u021bie \u0219i consisten\u021b\u0103 concepute exact pentru nevoile ei. Serul de...","og_url":"https:\/\/shopatoa.com\/ro\/clinique-all-about-eyes-brightening-serum-crema-pentru-ochi-ce-ofera-luminozitate-10-ml\/","og_site_name":"SHOPATOA","article_modified_time":"2026-02-05T07:50:06+00:00","og_image":[{"width":800,"height":800,"url":"https:\/\/storage.googleapis.com\/cz-shopatoa-img\/ro\/a014152a-unnamed-file.webp","type":"image\/webp"}],"twitter_card":"summary_large_image","twitter_misc":{"Timp estimat pentru citire":"1 minut"},"schema":{"@context":"https:\/\/schema.org","@graph":[{"@type":"WebPage","@id":"https:\/\/shopatoa.com\/ro\/clinique-all-about-eyes-brightening-serum-crema-pentru-ochi-ce-ofera-luminozitate-10-ml\/","url":"https:\/\/shopatoa.com\/ro\/clinique-all-about-eyes-brightening-serum-crema-pentru-ochi-ce-ofera-luminozitate-10-ml\/","name":"Clinique All About Eyes\u2122 Brightening Serum Crema pentru ochi ce ofera luminozitate 10 ml - SHOPATOA.COM","isPartOf":{"@id":"https:\/\/shopatoa.com\/ro\/#website"},"primaryImageOfPage":{"@id":"https:\/\/shopatoa.com\/ro\/clinique-all-about-eyes-brightening-serum-crema-pentru-ochi-ce-ofera-luminozitate-10-ml\/#primaryimage"},"image":{"@id":"https:\/\/shopatoa.com\/ro\/clinique-all-about-eyes-brightening-serum-crema-pentru-ochi-ce-ofera-luminozitate-10-ml\/#primaryimage"},"thumbnailUrl":"https:\/\/storage.googleapis.com\/cz-shopatoa-img\/ro\/a014152a-unnamed-file.webp","datePublished":"2025-06-24T19:07:05+00:00","dateModified":"2026-02-05T07:50:06+00:00","breadcrumb":{"@id":"https:\/\/shopatoa.com\/ro\/clinique-all-about-eyes-brightening-serum-crema-pentru-ochi-ce-ofera-luminozitate-10-ml\/#breadcrumb"},"inLanguage":"ro-RO","potentialAction":[{"@type":"ReadAction","target":["https:\/\/shopatoa.com\/ro\/clinique-all-about-eyes-brightening-serum-crema-pentru-ochi-ce-ofera-luminozitate-10-ml\/"]}]},{"@type":"ImageObject","inLanguage":"ro-RO","@id":"https:\/\/shopatoa.com\/ro\/clinique-all-about-eyes-brightening-serum-crema-pentru-ochi-ce-ofera-luminozitate-10-ml\/#primaryimage","url":"https:\/\/storage.googleapis.com\/cz-shopatoa-img\/ro\/a014152a-unnamed-file.webp","contentUrl":"https:\/\/storage.googleapis.com\/cz-shopatoa-img\/ro\/a014152a-unnamed-file.webp","width":800,"height":800},{"@type":"BreadcrumbList","@id":"https:\/\/shopatoa.com\/ro\/clinique-all-about-eyes-brightening-serum-crema-pentru-ochi-ce-ofera-luminozitate-10-ml\/#breadcrumb","itemListElement":[{"@type":"ListItem","position":1,"name":"Dom\u016f","item":"https:\/\/shopatoa.com\/ro\/"},{"@type":"ListItem","position":2,"name":"Shop","item":"https:\/\/shopatoa.com\/ro\/shop\/"},{"@type":"ListItem","position":3,"name":"S\u0103n\u0103tate \u0219i frumuse\u021be","item":"https:\/\/shopatoa.com\/ro\/sanatate-si-frumusete\/"},{"@type":"ListItem","position":4,"name":"\u00cengrijire personal\u0103","item":"https:\/\/shopatoa.com\/ro\/ingrijire-personala\/"},{"@type":"ListItem","position":5,"name":"Cosmetice","item":"https:\/\/shopatoa.com\/ro\/cosmetice-ingrijire-personala\/"},{"@type":"ListItem","position":6,"name":"\u00cengrijirea pielii","item":"https:\/\/shopatoa.com\/ro\/ingrijirea-pielii\/"},{"@type":"ListItem","position":7,"name":"Clinique All About Eyes\u2122 Brightening Serum Crema pentru ochi ce ofera luminozitate 10 ml"}]},{"@type":"WebSite","@id":"https:\/\/shopatoa.com\/ro\/#website","url":"https:\/\/shopatoa.com\/ro\/","name":"SHOPATOA","description":"","publisher":{"@id":"https:\/\/shopatoa.com\/ro\/#organization"},"potentialAction":[{"@type":"SearchAction","target":{"@type":"EntryPoint","urlTemplate":"https:\/\/shopatoa.com\/ro\/?s={search_term_string}"},"query-input":{"@type":"PropertyValueSpecification","valueRequired":true,"valueName":"search_term_string"}}],"inLanguage":"ro-RO"},{"@type":"Organization","@id":"https:\/\/shopatoa.com\/ro\/#organization","name":"SHOPATOA","url":"https:\/\/shopatoa.com\/ro\/","logo":{"@type":"ImageObject","inLanguage":"ro-RO","@id":"https:\/\/shopatoa.com\/ro\/#\/schema\/logo\/image\/","url":"https:\/\/storage.googleapis.com\/cz-shopatoa-img\/ro\/b4dac915-shopatoa_logo.png","contentUrl":"https:\/\/storage.googleapis.com\/cz-shopatoa-img\/ro\/b4dac915-shopatoa_logo.png","width":416,"height":63,"caption":"SHOPATOA"},"image":{"@id":"https:\/\/shopatoa.com\/ro\/#\/schema\/logo\/image\/"}}]}},"_links":{"self":[{"href":"https:\/\/shopatoa.com\/ro\/wp-json\/wp\/v2\/product\/446295","targetHints":{"allow":["GET"]}}],"collection":[{"href":"https:\/\/shopatoa.com\/ro\/wp-json\/wp\/v2\/product"}],"about":[{"href":"https:\/\/shopatoa.com\/ro\/wp-json\/wp\/v2\/types\/product"}],"replies":[{"embeddable":true,"href":"https:\/\/shopatoa.com\/ro\/wp-json\/wp\/v2\/comments?post=446295"}],"wp:featuredmedia":[{"embeddable":true,"href":"https:\/\/shopatoa.com\/ro\/wp-json\/wp\/v2\/media\/446296"}],"wp:attachment":[{"href":"https:\/\/shopatoa.com\/ro\/wp-json\/wp\/v2\/media?parent=446295"}],"wp:term":[{"taxonomy":"product_brand","embeddable":true,"href":"https:\/\/shopatoa.com\/ro\/wp-json\/wp\/v2\/product_brand?post=446295"},{"taxonomy":"product_cat","embeddable":true,"href":"https:\/\/shopatoa.com\/ro\/wp-json\/wp\/v2\/product_cat?post=446295"},{"taxonomy":"product_tag","embeddable":true,"href":"https:\/\/shopatoa.com\/ro\/wp-json\/wp\/v2\/product_tag?post=446295"}],"curies":[{"name":"wp","href":"https:\/\/api.w.org\/{rel}","templated":true}]}}