{"id":447192,"date":"2025-06-24T22:37:22","date_gmt":"2025-06-24T20:37:22","guid":{"rendered":"https:\/\/shopatoa.com\/ro\/notino-nail-care-strengthening-calcium-base-coat-lac-pentru-intarirea-unghiilor-10-ml\/"},"modified":"2026-02-05T06:33:13","modified_gmt":"2026-02-05T05:33:13","slug":"notino-nail-care-strengthening-calcium-base-coat-lac-pentru-intarirea-unghiilor-10-ml","status":"publish","type":"product","link":"https:\/\/shopatoa.com\/ro\/notino-nail-care-strengthening-calcium-base-coat-lac-pentru-intarirea-unghiilor-10-ml\/","title":{"rendered":"Notino Nail Care Strengthening Calcium Base Coat lac pentru intarirea unghiilor 10 ml"},"content":{"rendered":"<p>Notino Nail Care Strengthening Calcium Base Coat, 10 ml, ingrijirea unghiilor pentru femei, O manichiur\u0103 de calitate ca dintr-un salon profesional de manichiur\u0103 nu poate fi ob\u021binut\u0103 f\u0103r\u0103 un prim strat potrivit. Lacul de baz\u0103 pentru unghii NotinoNail CareStrengthening Calcium Base Coat va asigura c\u0103 unghiile dvs. \u00ee\u0219i men\u021bin aspectul perfect \u00eengrijit timp de mai multe zile. Preg\u0103te\u0219te ideal unghia pentru aplicarea ulterioar\u0103 a ojei, prin crearea unei suprafe\u021be uniforme \u2013 lacul ader\u0103 apoi mult mai bine la unghie. Cu ajutorul acestui lac de baz\u0103, chiar \u0219i \u00een confortul de acas\u0103, pute\u021bi ob\u021bine o manichiur\u0103 impecabil\u0103, care s\u0103 reziste zile \u00eentregi, f\u0103r\u0103 s\u0103 se exfolieze, s\u0103-\u0219i piard\u0103 din str\u0103lucire, s\u0103 se \u0219tearg\u0103 sau s\u0103 se ciobeasc\u0103.  Caracteristici:  aplicare confortabil\u0103 pentru rezisten\u021b\u0103 de lung\u0103 durat\u0103 fortific\u0103 \u0219i \u00eent\u0103re\u0219te unghiile men\u021bine unghiile s\u0103n\u0103toase \u0219i frumoase previne ruperea \u0219i deformarea unghiilor \u00eent\u0103re\u0219te rezisten\u021ba lacului la abraziune \u0219i la exfoliere \u00eent\u0103re\u0219te unghiile  Ingrediente:  con\u021bine un complex fortifiant  Cum se utilizeaz\u0103: Lacul se aplic\u0103 pe unghiile curate \u0219i degresate, cu ajutorul pensulei. Pentru un rezultat mai estetic, se vor aplica 2 straturi.<\/p>\n","protected":false},"excerpt":{"rendered":"<p>Notino Nail Care Strengthening Calcium Base Coat, 10 ml, ingrijirea unghiilor pentru femei, O manichiur\u0103 de calitate ca dintr-un salon profesional de manichiur\u0103 nu poate fi ob\u021binut\u0103 f\u0103r\u0103 un prim strat potrivit. Lacul de baz\u0103 pentru unghii NotinoNail CareStrengthening Calcium Base Coat va asigura c\u0103 unghiile dvs. \u00ee\u0219i men\u021bin aspectul perfect \u00eengrijit timp de mai&#8230;<\/p>\n","protected":false},"featured_media":447193,"comment_status":"closed","ping_status":"open","template":"","meta":{"_acf_changed":false,"_kadence_starter_templates_imported_post":false,"_kad_post_transparent":"","_kad_post_title":"","_kad_post_layout":"","_kad_post_sidebar_id":"","_kad_post_content_style":"","_kad_post_vertical_padding":"","_kad_post_feature":"","_kad_post_feature_position":"","_kad_post_header":false,"_kad_post_footer":false,"_kad_post_classname":""},"product_brand":[2009],"product_cat":[1564,1563,1581,1585,1562],"product_tag":[],"class_list":{"0":"post-447192","1":"product","2":"type-product","3":"status-publish","4":"has-post-thumbnail","6":"product_brand-notino","7":"product_cat-cosmetice-ingrijire-personala","8":"product_cat-ingrijire-personala","9":"product_cat-ingrijirea-unghiilor","10":"product_cat-oje-de-unghii-ingrijirea-unghiilor","11":"product_cat-sanatate-si-frumusete","12":"pa_gen-female","13":"pa_marime-10-ml","15":"first","16":"instock","17":"product-type-external","18":"entry","19":"content-bg","20":"loop-entry"},"acf":[],"yoast_head":"<!-- This site is optimized with the Yoast SEO plugin v27.4 - https:\/\/yoast.com\/product\/yoast-seo-wordpress\/ -->\n<title>Notino Nail Care Strengthening Calcium Base Coat lac pentru intarirea unghiilor 10 ml - SHOPATOA.COM<\/title>\n<meta name=\"robots\" content=\"index, follow, max-snippet:-1, max-image-preview:large, max-video-preview:-1\" \/>\n<link rel=\"canonical\" href=\"https:\/\/shopatoa.com\/ro\/notino-nail-care-strengthening-calcium-base-coat-lac-pentru-intarirea-unghiilor-10-ml\/\" \/>\n<meta property=\"og:locale\" content=\"ro_RO\" \/>\n<meta property=\"og:type\" content=\"article\" \/>\n<meta property=\"og:title\" content=\"Notino Nail Care Strengthening Calcium Base Coat lac pentru intarirea unghiilor 10 ml - SHOPATOA.COM\" \/>\n<meta property=\"og:description\" content=\"Notino Nail Care Strengthening Calcium Base Coat, 10 ml, ingrijirea unghiilor pentru femei, O manichiur\u0103 de calitate ca dintr-un salon profesional de manichiur\u0103 nu poate fi ob\u021binut\u0103 f\u0103r\u0103 un prim strat potrivit. Lacul de baz\u0103 pentru unghii NotinoNail CareStrengthening Calcium Base Coat va asigura c\u0103 unghiile dvs. \u00ee\u0219i men\u021bin aspectul perfect \u00eengrijit timp de mai...\" \/>\n<meta property=\"og:url\" content=\"https:\/\/shopatoa.com\/ro\/notino-nail-care-strengthening-calcium-base-coat-lac-pentru-intarirea-unghiilor-10-ml\/\" \/>\n<meta property=\"og:site_name\" content=\"SHOPATOA\" \/>\n<meta property=\"article:modified_time\" content=\"2026-02-05T05:33:13+00:00\" \/>\n<meta property=\"og:image\" content=\"https:\/\/storage.googleapis.com\/cz-shopatoa-img\/ro\/b7518dd5-unnamed-file.webp\" \/>\n\t<meta property=\"og:image:width\" content=\"800\" \/>\n\t<meta property=\"og:image:height\" content=\"800\" \/>\n\t<meta property=\"og:image:type\" content=\"image\/webp\" \/>\n<meta name=\"twitter:card\" content=\"summary_large_image\" \/>\n<meta name=\"twitter:label1\" content=\"Timp estimat pentru citire\" \/>\n\t<meta name=\"twitter:data1\" content=\"1 minut\" \/>\n<script type=\"application\/ld+json\" class=\"yoast-schema-graph\">{\"@context\":\"https:\\\/\\\/schema.org\",\"@graph\":[{\"@type\":\"WebPage\",\"@id\":\"https:\\\/\\\/shopatoa.com\\\/ro\\\/notino-nail-care-strengthening-calcium-base-coat-lac-pentru-intarirea-unghiilor-10-ml\\\/\",\"url\":\"https:\\\/\\\/shopatoa.com\\\/ro\\\/notino-nail-care-strengthening-calcium-base-coat-lac-pentru-intarirea-unghiilor-10-ml\\\/\",\"name\":\"Notino Nail Care Strengthening Calcium Base Coat lac pentru intarirea unghiilor 10 ml - SHOPATOA.COM\",\"isPartOf\":{\"@id\":\"https:\\\/\\\/shopatoa.com\\\/ro\\\/#website\"},\"primaryImageOfPage\":{\"@id\":\"https:\\\/\\\/shopatoa.com\\\/ro\\\/notino-nail-care-strengthening-calcium-base-coat-lac-pentru-intarirea-unghiilor-10-ml\\\/#primaryimage\"},\"image\":{\"@id\":\"https:\\\/\\\/shopatoa.com\\\/ro\\\/notino-nail-care-strengthening-calcium-base-coat-lac-pentru-intarirea-unghiilor-10-ml\\\/#primaryimage\"},\"thumbnailUrl\":\"https:\\\/\\\/storage.googleapis.com\\\/cz-shopatoa-img\\\/ro\\\/b7518dd5-unnamed-file.webp\",\"datePublished\":\"2025-06-24T20:37:22+00:00\",\"dateModified\":\"2026-02-05T05:33:13+00:00\",\"breadcrumb\":{\"@id\":\"https:\\\/\\\/shopatoa.com\\\/ro\\\/notino-nail-care-strengthening-calcium-base-coat-lac-pentru-intarirea-unghiilor-10-ml\\\/#breadcrumb\"},\"inLanguage\":\"ro-RO\",\"potentialAction\":[{\"@type\":\"ReadAction\",\"target\":[\"https:\\\/\\\/shopatoa.com\\\/ro\\\/notino-nail-care-strengthening-calcium-base-coat-lac-pentru-intarirea-unghiilor-10-ml\\\/\"]}]},{\"@type\":\"ImageObject\",\"inLanguage\":\"ro-RO\",\"@id\":\"https:\\\/\\\/shopatoa.com\\\/ro\\\/notino-nail-care-strengthening-calcium-base-coat-lac-pentru-intarirea-unghiilor-10-ml\\\/#primaryimage\",\"url\":\"https:\\\/\\\/storage.googleapis.com\\\/cz-shopatoa-img\\\/ro\\\/b7518dd5-unnamed-file.webp\",\"contentUrl\":\"https:\\\/\\\/storage.googleapis.com\\\/cz-shopatoa-img\\\/ro\\\/b7518dd5-unnamed-file.webp\",\"width\":800,\"height\":800},{\"@type\":\"BreadcrumbList\",\"@id\":\"https:\\\/\\\/shopatoa.com\\\/ro\\\/notino-nail-care-strengthening-calcium-base-coat-lac-pentru-intarirea-unghiilor-10-ml\\\/#breadcrumb\",\"itemListElement\":[{\"@type\":\"ListItem\",\"position\":1,\"name\":\"Dom\u016f\",\"item\":\"https:\\\/\\\/shopatoa.com\\\/ro\\\/\"},{\"@type\":\"ListItem\",\"position\":2,\"name\":\"Shop\",\"item\":\"https:\\\/\\\/shopatoa.com\\\/ro\\\/shop\\\/\"},{\"@type\":\"ListItem\",\"position\":3,\"name\":\"S\u0103n\u0103tate \u0219i frumuse\u021be\",\"item\":\"https:\\\/\\\/shopatoa.com\\\/ro\\\/sanatate-si-frumusete\\\/\"},{\"@type\":\"ListItem\",\"position\":4,\"name\":\"\u00cengrijire personal\u0103\",\"item\":\"https:\\\/\\\/shopatoa.com\\\/ro\\\/ingrijire-personala\\\/\"},{\"@type\":\"ListItem\",\"position\":5,\"name\":\"Cosmetice\",\"item\":\"https:\\\/\\\/shopatoa.com\\\/ro\\\/cosmetice-ingrijire-personala\\\/\"},{\"@type\":\"ListItem\",\"position\":6,\"name\":\"\u00cengrijirea unghiilor\",\"item\":\"https:\\\/\\\/shopatoa.com\\\/ro\\\/ingrijirea-unghiilor\\\/\"},{\"@type\":\"ListItem\",\"position\":7,\"name\":\"Oje de unghii\",\"item\":\"https:\\\/\\\/shopatoa.com\\\/ro\\\/oje-de-unghii-ingrijirea-unghiilor\\\/\"},{\"@type\":\"ListItem\",\"position\":8,\"name\":\"Notino Nail Care Strengthening Calcium Base Coat lac pentru intarirea unghiilor 10 ml\"}]},{\"@type\":\"WebSite\",\"@id\":\"https:\\\/\\\/shopatoa.com\\\/ro\\\/#website\",\"url\":\"https:\\\/\\\/shopatoa.com\\\/ro\\\/\",\"name\":\"SHOPATOA\",\"description\":\"\",\"publisher\":{\"@id\":\"https:\\\/\\\/shopatoa.com\\\/ro\\\/#organization\"},\"potentialAction\":[{\"@type\":\"SearchAction\",\"target\":{\"@type\":\"EntryPoint\",\"urlTemplate\":\"https:\\\/\\\/shopatoa.com\\\/ro\\\/?s={search_term_string}\"},\"query-input\":{\"@type\":\"PropertyValueSpecification\",\"valueRequired\":true,\"valueName\":\"search_term_string\"}}],\"inLanguage\":\"ro-RO\"},{\"@type\":\"Organization\",\"@id\":\"https:\\\/\\\/shopatoa.com\\\/ro\\\/#organization\",\"name\":\"SHOPATOA\",\"url\":\"https:\\\/\\\/shopatoa.com\\\/ro\\\/\",\"logo\":{\"@type\":\"ImageObject\",\"inLanguage\":\"ro-RO\",\"@id\":\"https:\\\/\\\/shopatoa.com\\\/ro\\\/#\\\/schema\\\/logo\\\/image\\\/\",\"url\":\"https:\\\/\\\/storage.googleapis.com\\\/cz-shopatoa-img\\\/ro\\\/b4dac915-shopatoa_logo.png\",\"contentUrl\":\"https:\\\/\\\/storage.googleapis.com\\\/cz-shopatoa-img\\\/ro\\\/b4dac915-shopatoa_logo.png\",\"width\":416,\"height\":63,\"caption\":\"SHOPATOA\"},\"image\":{\"@id\":\"https:\\\/\\\/shopatoa.com\\\/ro\\\/#\\\/schema\\\/logo\\\/image\\\/\"}}]}<\/script>\n<!-- \/ Yoast SEO plugin. -->","yoast_head_json":{"title":"Notino Nail Care Strengthening Calcium Base Coat lac pentru intarirea unghiilor 10 ml - SHOPATOA.COM","robots":{"index":"index","follow":"follow","max-snippet":"max-snippet:-1","max-image-preview":"max-image-preview:large","max-video-preview":"max-video-preview:-1"},"canonical":"https:\/\/shopatoa.com\/ro\/notino-nail-care-strengthening-calcium-base-coat-lac-pentru-intarirea-unghiilor-10-ml\/","og_locale":"ro_RO","og_type":"article","og_title":"Notino Nail Care Strengthening Calcium Base Coat lac pentru intarirea unghiilor 10 ml - SHOPATOA.COM","og_description":"Notino Nail Care Strengthening Calcium Base Coat, 10 ml, ingrijirea unghiilor pentru femei, O manichiur\u0103 de calitate ca dintr-un salon profesional de manichiur\u0103 nu poate fi ob\u021binut\u0103 f\u0103r\u0103 un prim strat potrivit. Lacul de baz\u0103 pentru unghii NotinoNail CareStrengthening Calcium Base Coat va asigura c\u0103 unghiile dvs. \u00ee\u0219i men\u021bin aspectul perfect \u00eengrijit timp de mai...","og_url":"https:\/\/shopatoa.com\/ro\/notino-nail-care-strengthening-calcium-base-coat-lac-pentru-intarirea-unghiilor-10-ml\/","og_site_name":"SHOPATOA","article_modified_time":"2026-02-05T05:33:13+00:00","og_image":[{"width":800,"height":800,"url":"https:\/\/storage.googleapis.com\/cz-shopatoa-img\/ro\/b7518dd5-unnamed-file.webp","type":"image\/webp"}],"twitter_card":"summary_large_image","twitter_misc":{"Timp estimat pentru citire":"1 minut"},"schema":{"@context":"https:\/\/schema.org","@graph":[{"@type":"WebPage","@id":"https:\/\/shopatoa.com\/ro\/notino-nail-care-strengthening-calcium-base-coat-lac-pentru-intarirea-unghiilor-10-ml\/","url":"https:\/\/shopatoa.com\/ro\/notino-nail-care-strengthening-calcium-base-coat-lac-pentru-intarirea-unghiilor-10-ml\/","name":"Notino Nail Care Strengthening Calcium Base Coat lac pentru intarirea unghiilor 10 ml - SHOPATOA.COM","isPartOf":{"@id":"https:\/\/shopatoa.com\/ro\/#website"},"primaryImageOfPage":{"@id":"https:\/\/shopatoa.com\/ro\/notino-nail-care-strengthening-calcium-base-coat-lac-pentru-intarirea-unghiilor-10-ml\/#primaryimage"},"image":{"@id":"https:\/\/shopatoa.com\/ro\/notino-nail-care-strengthening-calcium-base-coat-lac-pentru-intarirea-unghiilor-10-ml\/#primaryimage"},"thumbnailUrl":"https:\/\/storage.googleapis.com\/cz-shopatoa-img\/ro\/b7518dd5-unnamed-file.webp","datePublished":"2025-06-24T20:37:22+00:00","dateModified":"2026-02-05T05:33:13+00:00","breadcrumb":{"@id":"https:\/\/shopatoa.com\/ro\/notino-nail-care-strengthening-calcium-base-coat-lac-pentru-intarirea-unghiilor-10-ml\/#breadcrumb"},"inLanguage":"ro-RO","potentialAction":[{"@type":"ReadAction","target":["https:\/\/shopatoa.com\/ro\/notino-nail-care-strengthening-calcium-base-coat-lac-pentru-intarirea-unghiilor-10-ml\/"]}]},{"@type":"ImageObject","inLanguage":"ro-RO","@id":"https:\/\/shopatoa.com\/ro\/notino-nail-care-strengthening-calcium-base-coat-lac-pentru-intarirea-unghiilor-10-ml\/#primaryimage","url":"https:\/\/storage.googleapis.com\/cz-shopatoa-img\/ro\/b7518dd5-unnamed-file.webp","contentUrl":"https:\/\/storage.googleapis.com\/cz-shopatoa-img\/ro\/b7518dd5-unnamed-file.webp","width":800,"height":800},{"@type":"BreadcrumbList","@id":"https:\/\/shopatoa.com\/ro\/notino-nail-care-strengthening-calcium-base-coat-lac-pentru-intarirea-unghiilor-10-ml\/#breadcrumb","itemListElement":[{"@type":"ListItem","position":1,"name":"Dom\u016f","item":"https:\/\/shopatoa.com\/ro\/"},{"@type":"ListItem","position":2,"name":"Shop","item":"https:\/\/shopatoa.com\/ro\/shop\/"},{"@type":"ListItem","position":3,"name":"S\u0103n\u0103tate \u0219i frumuse\u021be","item":"https:\/\/shopatoa.com\/ro\/sanatate-si-frumusete\/"},{"@type":"ListItem","position":4,"name":"\u00cengrijire personal\u0103","item":"https:\/\/shopatoa.com\/ro\/ingrijire-personala\/"},{"@type":"ListItem","position":5,"name":"Cosmetice","item":"https:\/\/shopatoa.com\/ro\/cosmetice-ingrijire-personala\/"},{"@type":"ListItem","position":6,"name":"\u00cengrijirea unghiilor","item":"https:\/\/shopatoa.com\/ro\/ingrijirea-unghiilor\/"},{"@type":"ListItem","position":7,"name":"Oje de unghii","item":"https:\/\/shopatoa.com\/ro\/oje-de-unghii-ingrijirea-unghiilor\/"},{"@type":"ListItem","position":8,"name":"Notino Nail Care Strengthening Calcium Base Coat lac pentru intarirea unghiilor 10 ml"}]},{"@type":"WebSite","@id":"https:\/\/shopatoa.com\/ro\/#website","url":"https:\/\/shopatoa.com\/ro\/","name":"SHOPATOA","description":"","publisher":{"@id":"https:\/\/shopatoa.com\/ro\/#organization"},"potentialAction":[{"@type":"SearchAction","target":{"@type":"EntryPoint","urlTemplate":"https:\/\/shopatoa.com\/ro\/?s={search_term_string}"},"query-input":{"@type":"PropertyValueSpecification","valueRequired":true,"valueName":"search_term_string"}}],"inLanguage":"ro-RO"},{"@type":"Organization","@id":"https:\/\/shopatoa.com\/ro\/#organization","name":"SHOPATOA","url":"https:\/\/shopatoa.com\/ro\/","logo":{"@type":"ImageObject","inLanguage":"ro-RO","@id":"https:\/\/shopatoa.com\/ro\/#\/schema\/logo\/image\/","url":"https:\/\/storage.googleapis.com\/cz-shopatoa-img\/ro\/b4dac915-shopatoa_logo.png","contentUrl":"https:\/\/storage.googleapis.com\/cz-shopatoa-img\/ro\/b4dac915-shopatoa_logo.png","width":416,"height":63,"caption":"SHOPATOA"},"image":{"@id":"https:\/\/shopatoa.com\/ro\/#\/schema\/logo\/image\/"}}]}},"_links":{"self":[{"href":"https:\/\/shopatoa.com\/ro\/wp-json\/wp\/v2\/product\/447192","targetHints":{"allow":["GET"]}}],"collection":[{"href":"https:\/\/shopatoa.com\/ro\/wp-json\/wp\/v2\/product"}],"about":[{"href":"https:\/\/shopatoa.com\/ro\/wp-json\/wp\/v2\/types\/product"}],"replies":[{"embeddable":true,"href":"https:\/\/shopatoa.com\/ro\/wp-json\/wp\/v2\/comments?post=447192"}],"wp:featuredmedia":[{"embeddable":true,"href":"https:\/\/shopatoa.com\/ro\/wp-json\/wp\/v2\/media\/447193"}],"wp:attachment":[{"href":"https:\/\/shopatoa.com\/ro\/wp-json\/wp\/v2\/media?parent=447192"}],"wp:term":[{"taxonomy":"product_brand","embeddable":true,"href":"https:\/\/shopatoa.com\/ro\/wp-json\/wp\/v2\/product_brand?post=447192"},{"taxonomy":"product_cat","embeddable":true,"href":"https:\/\/shopatoa.com\/ro\/wp-json\/wp\/v2\/product_cat?post=447192"},{"taxonomy":"product_tag","embeddable":true,"href":"https:\/\/shopatoa.com\/ro\/wp-json\/wp\/v2\/product_tag?post=447192"}],"curies":[{"name":"wp","href":"https:\/\/api.w.org\/{rel}","templated":true}]}}