{"id":447254,"date":"2025-06-24T22:42:58","date_gmt":"2025-06-24T20:42:58","guid":{"rendered":"https:\/\/shopatoa.com\/ro\/the-ordinary-the-nightly-set-set-cadou-anti-imbatranire\/"},"modified":"2026-02-05T06:24:10","modified_gmt":"2026-02-05T05:24:10","slug":"the-ordinary-the-nightly-set-set-cadou-anti-imbatranire","status":"publish","type":"product","link":"https:\/\/shopatoa.com\/ro\/the-ordinary-the-nightly-set-set-cadou-anti-imbatranire\/","title":{"rendered":"The Ordinary The Nightly Set set cadou anti-imbatranire"},"content":{"rendered":"<p>The Ordinary The Nightly Set, 1 buc, Ulei facial pentru femei, Ocaziile speciale presupun cadouri speciale, fie c\u0103 dori\u021bi s\u0103 v\u0103 oferi\u021bi o bucurie dvs. sau celor dragi. Setul cadou The Ordinary The Nightly Set include o combina\u021bie de parfumuri \u0219i produse cosmetice atent selec\u021bionate \u0219i asortate cu mult\u0103 dragoste, care vor aduce cu siguran\u021b\u0103 un z\u00e2mbet pe fa\u021b\u0103, fie dvs., fie celor dragi, indiferent dac\u0103 le ve\u021bi \u00eencerca pe toate deodat\u0103, sau dac\u0103 le ve\u021bi deschide treptat, pe parcursul lunii.  Setul con\u021bine:   The Ordinary Retinal 0.2% Emulsion Serum ser antirid cu retinol 15 ml  The Ordinary 100% Organic Cold-Pressed Rose Hip Seed Oil ulei de macese pentru hidratare si fermitate 30 ml  The Ordinary Hyaluronic Acid 2% + B5 ser hidratant cu ceramide 30 ml   Caracteristici:  pentru diminuarea ridurilor foarte potrivit ca un cadou \u00eent\u0103re\u0219te bariera de protec\u021bie a pielii d\u0103 un aspect ferm conturului fe\u021bei reface suple\u021bea pielii elimin\u0103 semnele de oboseal\u0103 red\u0103 pielii prospe\u021bimea \u0219i frumuse\u021bea tinereasc\u0103 previne apari\u021bia ridurilor neteze\u0219te ridurile regenereaz\u0103 \u0219i hidrateaz\u0103 edi\u021bie limitat\u0103  Cum se utilizeaz\u0103: Se tapoteaz\u0103 o cantitate adecvat\u0103 de ser pe pielea curat\u0103, cu v\u00e2rfurile degetelor. Se aplic\u0103 pe fa\u021b\u0103, pe g\u00e2t \u0219i pe decolteu. Folosi\u021bi fiecare produs din setul cosmetic conform instruc\u021biunilor proprii.<\/p>\n","protected":false},"excerpt":{"rendered":"<p>The Ordinary The Nightly Set, 1 buc, Ulei facial pentru femei, Ocaziile speciale presupun cadouri speciale, fie c\u0103 dori\u021bi s\u0103 v\u0103 oferi\u021bi o bucurie dvs. sau celor dragi. Setul cadou The Ordinary The Nightly Set include o combina\u021bie de parfumuri \u0219i produse cosmetice atent selec\u021bionate \u0219i asortate cu mult\u0103 dragoste, care vor aduce cu siguran\u021b\u0103&#8230;<\/p>\n","protected":false},"featured_media":447255,"comment_status":"closed","ping_status":"open","template":"","meta":{"_acf_changed":false,"_kadence_starter_templates_imported_post":false,"_kad_post_transparent":"","_kad_post_title":"","_kad_post_layout":"","_kad_post_sidebar_id":"","_kad_post_content_style":"","_kad_post_vertical_padding":"","_kad_post_feature":"","_kad_post_feature_position":"","_kad_post_header":false,"_kad_post_footer":false,"_kad_post_classname":""},"product_brand":[1874],"product_cat":[1564,1563,1562,1651],"product_tag":[],"class_list":{"0":"post-447254","1":"product","2":"type-product","3":"status-publish","4":"has-post-thumbnail","6":"product_brand-the-ordinary","7":"product_cat-cosmetice-ingrijire-personala","8":"product_cat-ingrijire-personala","9":"product_cat-sanatate-si-frumusete","10":"product_cat-seturi-cosmetice","11":"pa_gen-female","12":"pa_marime-1-buc","14":"first","15":"instock","16":"sale","17":"product-type-external","18":"entry","19":"content-bg","20":"loop-entry"},"acf":[],"yoast_head":"<!-- This site is optimized with the Yoast SEO plugin v27.4 - https:\/\/yoast.com\/product\/yoast-seo-wordpress\/ -->\n<title>The Ordinary The Nightly Set set cadou anti-imbatranire - SHOPATOA.COM<\/title>\n<meta name=\"robots\" content=\"index, follow, max-snippet:-1, max-image-preview:large, max-video-preview:-1\" \/>\n<link rel=\"canonical\" href=\"https:\/\/shopatoa.com\/ro\/the-ordinary-the-nightly-set-set-cadou-anti-imbatranire\/\" \/>\n<meta property=\"og:locale\" content=\"ro_RO\" \/>\n<meta property=\"og:type\" content=\"article\" \/>\n<meta property=\"og:title\" content=\"The Ordinary The Nightly Set set cadou anti-imbatranire - SHOPATOA.COM\" \/>\n<meta property=\"og:description\" content=\"The Ordinary The Nightly Set, 1 buc, Ulei facial pentru femei, Ocaziile speciale presupun cadouri speciale, fie c\u0103 dori\u021bi s\u0103 v\u0103 oferi\u021bi o bucurie dvs. sau celor dragi. Setul cadou The Ordinary The Nightly Set include o combina\u021bie de parfumuri \u0219i produse cosmetice atent selec\u021bionate \u0219i asortate cu mult\u0103 dragoste, care vor aduce cu siguran\u021b\u0103...\" \/>\n<meta property=\"og:url\" content=\"https:\/\/shopatoa.com\/ro\/the-ordinary-the-nightly-set-set-cadou-anti-imbatranire\/\" \/>\n<meta property=\"og:site_name\" content=\"SHOPATOA\" \/>\n<meta property=\"article:modified_time\" content=\"2026-02-05T05:24:10+00:00\" \/>\n<meta property=\"og:image\" content=\"https:\/\/storage.googleapis.com\/cz-shopatoa-img\/ro\/55d57e25-unnamed-file.webp\" \/>\n\t<meta property=\"og:image:width\" content=\"800\" \/>\n\t<meta property=\"og:image:height\" content=\"800\" \/>\n\t<meta property=\"og:image:type\" content=\"image\/webp\" \/>\n<meta name=\"twitter:card\" content=\"summary_large_image\" \/>\n<meta name=\"twitter:label1\" content=\"Timp estimat pentru citire\" \/>\n\t<meta name=\"twitter:data1\" content=\"1 minut\" \/>\n<script type=\"application\/ld+json\" class=\"yoast-schema-graph\">{\"@context\":\"https:\\\/\\\/schema.org\",\"@graph\":[{\"@type\":\"WebPage\",\"@id\":\"https:\\\/\\\/shopatoa.com\\\/ro\\\/the-ordinary-the-nightly-set-set-cadou-anti-imbatranire\\\/\",\"url\":\"https:\\\/\\\/shopatoa.com\\\/ro\\\/the-ordinary-the-nightly-set-set-cadou-anti-imbatranire\\\/\",\"name\":\"The Ordinary The Nightly Set set cadou anti-imbatranire - SHOPATOA.COM\",\"isPartOf\":{\"@id\":\"https:\\\/\\\/shopatoa.com\\\/ro\\\/#website\"},\"primaryImageOfPage\":{\"@id\":\"https:\\\/\\\/shopatoa.com\\\/ro\\\/the-ordinary-the-nightly-set-set-cadou-anti-imbatranire\\\/#primaryimage\"},\"image\":{\"@id\":\"https:\\\/\\\/shopatoa.com\\\/ro\\\/the-ordinary-the-nightly-set-set-cadou-anti-imbatranire\\\/#primaryimage\"},\"thumbnailUrl\":\"https:\\\/\\\/storage.googleapis.com\\\/cz-shopatoa-img\\\/ro\\\/55d57e25-unnamed-file.webp\",\"datePublished\":\"2025-06-24T20:42:58+00:00\",\"dateModified\":\"2026-02-05T05:24:10+00:00\",\"breadcrumb\":{\"@id\":\"https:\\\/\\\/shopatoa.com\\\/ro\\\/the-ordinary-the-nightly-set-set-cadou-anti-imbatranire\\\/#breadcrumb\"},\"inLanguage\":\"ro-RO\",\"potentialAction\":[{\"@type\":\"ReadAction\",\"target\":[\"https:\\\/\\\/shopatoa.com\\\/ro\\\/the-ordinary-the-nightly-set-set-cadou-anti-imbatranire\\\/\"]}]},{\"@type\":\"ImageObject\",\"inLanguage\":\"ro-RO\",\"@id\":\"https:\\\/\\\/shopatoa.com\\\/ro\\\/the-ordinary-the-nightly-set-set-cadou-anti-imbatranire\\\/#primaryimage\",\"url\":\"https:\\\/\\\/storage.googleapis.com\\\/cz-shopatoa-img\\\/ro\\\/55d57e25-unnamed-file.webp\",\"contentUrl\":\"https:\\\/\\\/storage.googleapis.com\\\/cz-shopatoa-img\\\/ro\\\/55d57e25-unnamed-file.webp\",\"width\":800,\"height\":800},{\"@type\":\"BreadcrumbList\",\"@id\":\"https:\\\/\\\/shopatoa.com\\\/ro\\\/the-ordinary-the-nightly-set-set-cadou-anti-imbatranire\\\/#breadcrumb\",\"itemListElement\":[{\"@type\":\"ListItem\",\"position\":1,\"name\":\"Dom\u016f\",\"item\":\"https:\\\/\\\/shopatoa.com\\\/ro\\\/\"},{\"@type\":\"ListItem\",\"position\":2,\"name\":\"Shop\",\"item\":\"https:\\\/\\\/shopatoa.com\\\/ro\\\/shop\\\/\"},{\"@type\":\"ListItem\",\"position\":3,\"name\":\"S\u0103n\u0103tate \u0219i frumuse\u021be\",\"item\":\"https:\\\/\\\/shopatoa.com\\\/ro\\\/sanatate-si-frumusete\\\/\"},{\"@type\":\"ListItem\",\"position\":4,\"name\":\"\u00cengrijire personal\u0103\",\"item\":\"https:\\\/\\\/shopatoa.com\\\/ro\\\/ingrijire-personala\\\/\"},{\"@type\":\"ListItem\",\"position\":5,\"name\":\"Cosmetice\",\"item\":\"https:\\\/\\\/shopatoa.com\\\/ro\\\/cosmetice-ingrijire-personala\\\/\"},{\"@type\":\"ListItem\",\"position\":6,\"name\":\"Seturi cosmetice\",\"item\":\"https:\\\/\\\/shopatoa.com\\\/ro\\\/seturi-cosmetice\\\/\"},{\"@type\":\"ListItem\",\"position\":7,\"name\":\"The Ordinary The Nightly Set set cadou anti-imbatranire\"}]},{\"@type\":\"WebSite\",\"@id\":\"https:\\\/\\\/shopatoa.com\\\/ro\\\/#website\",\"url\":\"https:\\\/\\\/shopatoa.com\\\/ro\\\/\",\"name\":\"SHOPATOA\",\"description\":\"\",\"publisher\":{\"@id\":\"https:\\\/\\\/shopatoa.com\\\/ro\\\/#organization\"},\"potentialAction\":[{\"@type\":\"SearchAction\",\"target\":{\"@type\":\"EntryPoint\",\"urlTemplate\":\"https:\\\/\\\/shopatoa.com\\\/ro\\\/?s={search_term_string}\"},\"query-input\":{\"@type\":\"PropertyValueSpecification\",\"valueRequired\":true,\"valueName\":\"search_term_string\"}}],\"inLanguage\":\"ro-RO\"},{\"@type\":\"Organization\",\"@id\":\"https:\\\/\\\/shopatoa.com\\\/ro\\\/#organization\",\"name\":\"SHOPATOA\",\"url\":\"https:\\\/\\\/shopatoa.com\\\/ro\\\/\",\"logo\":{\"@type\":\"ImageObject\",\"inLanguage\":\"ro-RO\",\"@id\":\"https:\\\/\\\/shopatoa.com\\\/ro\\\/#\\\/schema\\\/logo\\\/image\\\/\",\"url\":\"https:\\\/\\\/storage.googleapis.com\\\/cz-shopatoa-img\\\/ro\\\/b4dac915-shopatoa_logo.png\",\"contentUrl\":\"https:\\\/\\\/storage.googleapis.com\\\/cz-shopatoa-img\\\/ro\\\/b4dac915-shopatoa_logo.png\",\"width\":416,\"height\":63,\"caption\":\"SHOPATOA\"},\"image\":{\"@id\":\"https:\\\/\\\/shopatoa.com\\\/ro\\\/#\\\/schema\\\/logo\\\/image\\\/\"}}]}<\/script>\n<!-- \/ Yoast SEO plugin. -->","yoast_head_json":{"title":"The Ordinary The Nightly Set set cadou anti-imbatranire - SHOPATOA.COM","robots":{"index":"index","follow":"follow","max-snippet":"max-snippet:-1","max-image-preview":"max-image-preview:large","max-video-preview":"max-video-preview:-1"},"canonical":"https:\/\/shopatoa.com\/ro\/the-ordinary-the-nightly-set-set-cadou-anti-imbatranire\/","og_locale":"ro_RO","og_type":"article","og_title":"The Ordinary The Nightly Set set cadou anti-imbatranire - SHOPATOA.COM","og_description":"The Ordinary The Nightly Set, 1 buc, Ulei facial pentru femei, Ocaziile speciale presupun cadouri speciale, fie c\u0103 dori\u021bi s\u0103 v\u0103 oferi\u021bi o bucurie dvs. sau celor dragi. Setul cadou The Ordinary The Nightly Set include o combina\u021bie de parfumuri \u0219i produse cosmetice atent selec\u021bionate \u0219i asortate cu mult\u0103 dragoste, care vor aduce cu siguran\u021b\u0103...","og_url":"https:\/\/shopatoa.com\/ro\/the-ordinary-the-nightly-set-set-cadou-anti-imbatranire\/","og_site_name":"SHOPATOA","article_modified_time":"2026-02-05T05:24:10+00:00","og_image":[{"width":800,"height":800,"url":"https:\/\/storage.googleapis.com\/cz-shopatoa-img\/ro\/55d57e25-unnamed-file.webp","type":"image\/webp"}],"twitter_card":"summary_large_image","twitter_misc":{"Timp estimat pentru citire":"1 minut"},"schema":{"@context":"https:\/\/schema.org","@graph":[{"@type":"WebPage","@id":"https:\/\/shopatoa.com\/ro\/the-ordinary-the-nightly-set-set-cadou-anti-imbatranire\/","url":"https:\/\/shopatoa.com\/ro\/the-ordinary-the-nightly-set-set-cadou-anti-imbatranire\/","name":"The Ordinary The Nightly Set set cadou anti-imbatranire - SHOPATOA.COM","isPartOf":{"@id":"https:\/\/shopatoa.com\/ro\/#website"},"primaryImageOfPage":{"@id":"https:\/\/shopatoa.com\/ro\/the-ordinary-the-nightly-set-set-cadou-anti-imbatranire\/#primaryimage"},"image":{"@id":"https:\/\/shopatoa.com\/ro\/the-ordinary-the-nightly-set-set-cadou-anti-imbatranire\/#primaryimage"},"thumbnailUrl":"https:\/\/storage.googleapis.com\/cz-shopatoa-img\/ro\/55d57e25-unnamed-file.webp","datePublished":"2025-06-24T20:42:58+00:00","dateModified":"2026-02-05T05:24:10+00:00","breadcrumb":{"@id":"https:\/\/shopatoa.com\/ro\/the-ordinary-the-nightly-set-set-cadou-anti-imbatranire\/#breadcrumb"},"inLanguage":"ro-RO","potentialAction":[{"@type":"ReadAction","target":["https:\/\/shopatoa.com\/ro\/the-ordinary-the-nightly-set-set-cadou-anti-imbatranire\/"]}]},{"@type":"ImageObject","inLanguage":"ro-RO","@id":"https:\/\/shopatoa.com\/ro\/the-ordinary-the-nightly-set-set-cadou-anti-imbatranire\/#primaryimage","url":"https:\/\/storage.googleapis.com\/cz-shopatoa-img\/ro\/55d57e25-unnamed-file.webp","contentUrl":"https:\/\/storage.googleapis.com\/cz-shopatoa-img\/ro\/55d57e25-unnamed-file.webp","width":800,"height":800},{"@type":"BreadcrumbList","@id":"https:\/\/shopatoa.com\/ro\/the-ordinary-the-nightly-set-set-cadou-anti-imbatranire\/#breadcrumb","itemListElement":[{"@type":"ListItem","position":1,"name":"Dom\u016f","item":"https:\/\/shopatoa.com\/ro\/"},{"@type":"ListItem","position":2,"name":"Shop","item":"https:\/\/shopatoa.com\/ro\/shop\/"},{"@type":"ListItem","position":3,"name":"S\u0103n\u0103tate \u0219i frumuse\u021be","item":"https:\/\/shopatoa.com\/ro\/sanatate-si-frumusete\/"},{"@type":"ListItem","position":4,"name":"\u00cengrijire personal\u0103","item":"https:\/\/shopatoa.com\/ro\/ingrijire-personala\/"},{"@type":"ListItem","position":5,"name":"Cosmetice","item":"https:\/\/shopatoa.com\/ro\/cosmetice-ingrijire-personala\/"},{"@type":"ListItem","position":6,"name":"Seturi cosmetice","item":"https:\/\/shopatoa.com\/ro\/seturi-cosmetice\/"},{"@type":"ListItem","position":7,"name":"The Ordinary The Nightly Set set cadou anti-imbatranire"}]},{"@type":"WebSite","@id":"https:\/\/shopatoa.com\/ro\/#website","url":"https:\/\/shopatoa.com\/ro\/","name":"SHOPATOA","description":"","publisher":{"@id":"https:\/\/shopatoa.com\/ro\/#organization"},"potentialAction":[{"@type":"SearchAction","target":{"@type":"EntryPoint","urlTemplate":"https:\/\/shopatoa.com\/ro\/?s={search_term_string}"},"query-input":{"@type":"PropertyValueSpecification","valueRequired":true,"valueName":"search_term_string"}}],"inLanguage":"ro-RO"},{"@type":"Organization","@id":"https:\/\/shopatoa.com\/ro\/#organization","name":"SHOPATOA","url":"https:\/\/shopatoa.com\/ro\/","logo":{"@type":"ImageObject","inLanguage":"ro-RO","@id":"https:\/\/shopatoa.com\/ro\/#\/schema\/logo\/image\/","url":"https:\/\/storage.googleapis.com\/cz-shopatoa-img\/ro\/b4dac915-shopatoa_logo.png","contentUrl":"https:\/\/storage.googleapis.com\/cz-shopatoa-img\/ro\/b4dac915-shopatoa_logo.png","width":416,"height":63,"caption":"SHOPATOA"},"image":{"@id":"https:\/\/shopatoa.com\/ro\/#\/schema\/logo\/image\/"}}]}},"_links":{"self":[{"href":"https:\/\/shopatoa.com\/ro\/wp-json\/wp\/v2\/product\/447254","targetHints":{"allow":["GET"]}}],"collection":[{"href":"https:\/\/shopatoa.com\/ro\/wp-json\/wp\/v2\/product"}],"about":[{"href":"https:\/\/shopatoa.com\/ro\/wp-json\/wp\/v2\/types\/product"}],"replies":[{"embeddable":true,"href":"https:\/\/shopatoa.com\/ro\/wp-json\/wp\/v2\/comments?post=447254"}],"wp:featuredmedia":[{"embeddable":true,"href":"https:\/\/shopatoa.com\/ro\/wp-json\/wp\/v2\/media\/447255"}],"wp:attachment":[{"href":"https:\/\/shopatoa.com\/ro\/wp-json\/wp\/v2\/media?parent=447254"}],"wp:term":[{"taxonomy":"product_brand","embeddable":true,"href":"https:\/\/shopatoa.com\/ro\/wp-json\/wp\/v2\/product_brand?post=447254"},{"taxonomy":"product_cat","embeddable":true,"href":"https:\/\/shopatoa.com\/ro\/wp-json\/wp\/v2\/product_cat?post=447254"},{"taxonomy":"product_tag","embeddable":true,"href":"https:\/\/shopatoa.com\/ro\/wp-json\/wp\/v2\/product_tag?post=447254"}],"curies":[{"name":"wp","href":"https:\/\/api.w.org\/{rel}","templated":true}]}}