{"id":447324,"date":"2025-06-24T22:48:22","date_gmt":"2025-06-24T20:48:22","guid":{"rendered":"https:\/\/shopatoa.com\/ro\/rude-cosmetics-pore-nographic-pore-eraser-primer-pentru-minimalizarea-porilor-20-g\/"},"modified":"2026-02-05T06:13:17","modified_gmt":"2026-02-05T05:13:17","slug":"rude-cosmetics-pore-nographic-pore-eraser-primer-pentru-minimalizarea-porilor-20-g","status":"publish","type":"product","link":"https:\/\/shopatoa.com\/ro\/rude-cosmetics-pore-nographic-pore-eraser-primer-pentru-minimalizarea-porilor-20-g\/","title":{"rendered":"Rude Cosmetics Pore-nographic Pore Eraser Primer pentru minimalizarea porilor 20 g"},"content":{"rendered":"<p>Rude Cosmetics Pore-nographic Pore Eraser, 20 g, baza pentru machiaj pentru femei, C\u00e2nd arat\u0103 machiajul cel mai bine? Atunci c\u00e2nd tenul este preg\u0103tit perfect pentru el. Primerul Rude CosmeticsPore-nographicPore Eraser asigur\u0103 minimizarea vizual\u0103 a porilor dilata\u021bi, netezirea tenului per ansamblu \u0219i crearea unei baze uniforme ideale, care nu numai c\u0103 faciliteaz\u0103 aplicarea fondului de ten, dar contribuie \u0219i la o rezisten\u021b\u0103 sporit\u0103 a acestuia. \u00cen plus, va matifia zonele grase \u0219i va ajuta la men\u021binerea sub control a produc\u021biei excesive de sebum, astfel \u00eenc\u00e2t nu va trebui s\u0103 v\u0103 verifica\u021bi constant str\u0103lucirea nedorit\u0103 a tenului de-a lungul zilei. Pe scurt, v\u0103 permite s\u0103 ob\u021bine\u021bi un aspect perfect machiat, indiferent de stilul ales. Datorit\u0103 acestui primer ve\u021bi duce machiajul la un nivel superior \u0219i ve\u021bi ob\u021bine rezultate mai bune \u00een aplicarea fondului de ten preferat.  Caracteristici:  preg\u0103te\u0219te perfect tenul pentru aplicarea fondului de ten rafineaz\u0103 umple porii creeaz\u0103 pe ten o suprafa\u021b\u0103 perfect neted\u0103 neteze\u0219te ridurile  Ingrediente:  produs vegan  Cum se utilizeaz\u0103: Se \u00eentinde uniform \u0219i temeinic. Apoi se aplic\u0103 fondul de ten.<\/p>\n","protected":false},"excerpt":{"rendered":"<p>Rude Cosmetics Pore-nographic Pore Eraser, 20 g, baza pentru machiaj pentru femei, C\u00e2nd arat\u0103 machiajul cel mai bine? Atunci c\u00e2nd tenul este preg\u0103tit perfect pentru el. Primerul Rude CosmeticsPore-nographicPore Eraser asigur\u0103 minimizarea vizual\u0103 a porilor dilata\u021bi, netezirea tenului per ansamblu \u0219i crearea unei baze uniforme ideale, care nu numai c\u0103 faciliteaz\u0103 aplicarea fondului de ten,&#8230;<\/p>\n","protected":false},"featured_media":447325,"comment_status":"closed","ping_status":"open","template":"","meta":{"_acf_changed":false,"_kadence_starter_templates_imported_post":false,"_kad_post_transparent":"","_kad_post_title":"","_kad_post_layout":"","_kad_post_sidebar_id":"","_kad_post_content_style":"","_kad_post_vertical_padding":"","_kad_post_feature":"","_kad_post_feature_position":"","_kad_post_header":false,"_kad_post_footer":false,"_kad_post_classname":""},"product_brand":[2432],"product_cat":[1564,1563,1576,1622,1709,1562],"product_tag":[],"class_list":{"0":"post-447324","1":"product","2":"type-product","3":"status-publish","4":"has-post-thumbnail","6":"product_brand-rude-cosmetics","7":"product_cat-cosmetice-ingrijire-personala","8":"product_cat-ingrijire-personala","9":"product_cat-machiaj","10":"product_cat-machiaj-de-fata","11":"product_cat-primer-de-fata","12":"product_cat-sanatate-si-frumusete","13":"pa_gen-female","14":"pa_marime-20-g","16":"first","17":"instock","18":"product-type-external","19":"entry","20":"content-bg","21":"loop-entry"},"acf":[],"yoast_head":"<!-- This site is optimized with the Yoast SEO plugin v27.4 - https:\/\/yoast.com\/product\/yoast-seo-wordpress\/ -->\n<title>Rude Cosmetics Pore-nographic Pore Eraser Primer pentru minimalizarea porilor 20 g - SHOPATOA.COM<\/title>\n<meta name=\"robots\" content=\"index, follow, max-snippet:-1, max-image-preview:large, max-video-preview:-1\" \/>\n<link rel=\"canonical\" href=\"https:\/\/shopatoa.com\/ro\/rude-cosmetics-pore-nographic-pore-eraser-primer-pentru-minimalizarea-porilor-20-g\/\" \/>\n<meta property=\"og:locale\" content=\"ro_RO\" \/>\n<meta property=\"og:type\" content=\"article\" \/>\n<meta property=\"og:title\" content=\"Rude Cosmetics Pore-nographic Pore Eraser Primer pentru minimalizarea porilor 20 g - SHOPATOA.COM\" \/>\n<meta property=\"og:description\" content=\"Rude Cosmetics Pore-nographic Pore Eraser, 20 g, baza pentru machiaj pentru femei, C\u00e2nd arat\u0103 machiajul cel mai bine? Atunci c\u00e2nd tenul este preg\u0103tit perfect pentru el. Primerul Rude CosmeticsPore-nographicPore Eraser asigur\u0103 minimizarea vizual\u0103 a porilor dilata\u021bi, netezirea tenului per ansamblu \u0219i crearea unei baze uniforme ideale, care nu numai c\u0103 faciliteaz\u0103 aplicarea fondului de ten,...\" \/>\n<meta property=\"og:url\" content=\"https:\/\/shopatoa.com\/ro\/rude-cosmetics-pore-nographic-pore-eraser-primer-pentru-minimalizarea-porilor-20-g\/\" \/>\n<meta property=\"og:site_name\" content=\"SHOPATOA\" \/>\n<meta property=\"article:modified_time\" content=\"2026-02-05T05:13:17+00:00\" \/>\n<meta property=\"og:image\" content=\"https:\/\/storage.googleapis.com\/cz-shopatoa-img\/ro\/a12b3279-unnamed-file.webp\" \/>\n\t<meta property=\"og:image:width\" content=\"800\" \/>\n\t<meta property=\"og:image:height\" content=\"800\" \/>\n\t<meta property=\"og:image:type\" content=\"image\/webp\" \/>\n<meta name=\"twitter:card\" content=\"summary_large_image\" \/>\n<meta name=\"twitter:label1\" content=\"Timp estimat pentru citire\" \/>\n\t<meta name=\"twitter:data1\" content=\"1 minut\" \/>\n<script type=\"application\/ld+json\" class=\"yoast-schema-graph\">{\"@context\":\"https:\\\/\\\/schema.org\",\"@graph\":[{\"@type\":\"WebPage\",\"@id\":\"https:\\\/\\\/shopatoa.com\\\/ro\\\/rude-cosmetics-pore-nographic-pore-eraser-primer-pentru-minimalizarea-porilor-20-g\\\/\",\"url\":\"https:\\\/\\\/shopatoa.com\\\/ro\\\/rude-cosmetics-pore-nographic-pore-eraser-primer-pentru-minimalizarea-porilor-20-g\\\/\",\"name\":\"Rude Cosmetics Pore-nographic Pore Eraser Primer pentru minimalizarea porilor 20 g - SHOPATOA.COM\",\"isPartOf\":{\"@id\":\"https:\\\/\\\/shopatoa.com\\\/ro\\\/#website\"},\"primaryImageOfPage\":{\"@id\":\"https:\\\/\\\/shopatoa.com\\\/ro\\\/rude-cosmetics-pore-nographic-pore-eraser-primer-pentru-minimalizarea-porilor-20-g\\\/#primaryimage\"},\"image\":{\"@id\":\"https:\\\/\\\/shopatoa.com\\\/ro\\\/rude-cosmetics-pore-nographic-pore-eraser-primer-pentru-minimalizarea-porilor-20-g\\\/#primaryimage\"},\"thumbnailUrl\":\"https:\\\/\\\/storage.googleapis.com\\\/cz-shopatoa-img\\\/ro\\\/a12b3279-unnamed-file.webp\",\"datePublished\":\"2025-06-24T20:48:22+00:00\",\"dateModified\":\"2026-02-05T05:13:17+00:00\",\"breadcrumb\":{\"@id\":\"https:\\\/\\\/shopatoa.com\\\/ro\\\/rude-cosmetics-pore-nographic-pore-eraser-primer-pentru-minimalizarea-porilor-20-g\\\/#breadcrumb\"},\"inLanguage\":\"ro-RO\",\"potentialAction\":[{\"@type\":\"ReadAction\",\"target\":[\"https:\\\/\\\/shopatoa.com\\\/ro\\\/rude-cosmetics-pore-nographic-pore-eraser-primer-pentru-minimalizarea-porilor-20-g\\\/\"]}]},{\"@type\":\"ImageObject\",\"inLanguage\":\"ro-RO\",\"@id\":\"https:\\\/\\\/shopatoa.com\\\/ro\\\/rude-cosmetics-pore-nographic-pore-eraser-primer-pentru-minimalizarea-porilor-20-g\\\/#primaryimage\",\"url\":\"https:\\\/\\\/storage.googleapis.com\\\/cz-shopatoa-img\\\/ro\\\/a12b3279-unnamed-file.webp\",\"contentUrl\":\"https:\\\/\\\/storage.googleapis.com\\\/cz-shopatoa-img\\\/ro\\\/a12b3279-unnamed-file.webp\",\"width\":800,\"height\":800},{\"@type\":\"BreadcrumbList\",\"@id\":\"https:\\\/\\\/shopatoa.com\\\/ro\\\/rude-cosmetics-pore-nographic-pore-eraser-primer-pentru-minimalizarea-porilor-20-g\\\/#breadcrumb\",\"itemListElement\":[{\"@type\":\"ListItem\",\"position\":1,\"name\":\"Dom\u016f\",\"item\":\"https:\\\/\\\/shopatoa.com\\\/ro\\\/\"},{\"@type\":\"ListItem\",\"position\":2,\"name\":\"Shop\",\"item\":\"https:\\\/\\\/shopatoa.com\\\/ro\\\/shop\\\/\"},{\"@type\":\"ListItem\",\"position\":3,\"name\":\"S\u0103n\u0103tate \u0219i frumuse\u021be\",\"item\":\"https:\\\/\\\/shopatoa.com\\\/ro\\\/sanatate-si-frumusete\\\/\"},{\"@type\":\"ListItem\",\"position\":4,\"name\":\"\u00cengrijire personal\u0103\",\"item\":\"https:\\\/\\\/shopatoa.com\\\/ro\\\/ingrijire-personala\\\/\"},{\"@type\":\"ListItem\",\"position\":5,\"name\":\"Cosmetice\",\"item\":\"https:\\\/\\\/shopatoa.com\\\/ro\\\/cosmetice-ingrijire-personala\\\/\"},{\"@type\":\"ListItem\",\"position\":6,\"name\":\"Machiaj\",\"item\":\"https:\\\/\\\/shopatoa.com\\\/ro\\\/machiaj\\\/\"},{\"@type\":\"ListItem\",\"position\":7,\"name\":\"Machiaj de fa\u021b\u0103\",\"item\":\"https:\\\/\\\/shopatoa.com\\\/ro\\\/machiaj-de-fata\\\/\"},{\"@type\":\"ListItem\",\"position\":8,\"name\":\"Primer de fa\u021b\u0103\",\"item\":\"https:\\\/\\\/shopatoa.com\\\/ro\\\/primer-de-fata\\\/\"},{\"@type\":\"ListItem\",\"position\":9,\"name\":\"Rude Cosmetics Pore-nographic Pore Eraser Primer pentru minimalizarea porilor 20 g\"}]},{\"@type\":\"WebSite\",\"@id\":\"https:\\\/\\\/shopatoa.com\\\/ro\\\/#website\",\"url\":\"https:\\\/\\\/shopatoa.com\\\/ro\\\/\",\"name\":\"SHOPATOA\",\"description\":\"\",\"publisher\":{\"@id\":\"https:\\\/\\\/shopatoa.com\\\/ro\\\/#organization\"},\"potentialAction\":[{\"@type\":\"SearchAction\",\"target\":{\"@type\":\"EntryPoint\",\"urlTemplate\":\"https:\\\/\\\/shopatoa.com\\\/ro\\\/?s={search_term_string}\"},\"query-input\":{\"@type\":\"PropertyValueSpecification\",\"valueRequired\":true,\"valueName\":\"search_term_string\"}}],\"inLanguage\":\"ro-RO\"},{\"@type\":\"Organization\",\"@id\":\"https:\\\/\\\/shopatoa.com\\\/ro\\\/#organization\",\"name\":\"SHOPATOA\",\"url\":\"https:\\\/\\\/shopatoa.com\\\/ro\\\/\",\"logo\":{\"@type\":\"ImageObject\",\"inLanguage\":\"ro-RO\",\"@id\":\"https:\\\/\\\/shopatoa.com\\\/ro\\\/#\\\/schema\\\/logo\\\/image\\\/\",\"url\":\"https:\\\/\\\/storage.googleapis.com\\\/cz-shopatoa-img\\\/ro\\\/b4dac915-shopatoa_logo.png\",\"contentUrl\":\"https:\\\/\\\/storage.googleapis.com\\\/cz-shopatoa-img\\\/ro\\\/b4dac915-shopatoa_logo.png\",\"width\":416,\"height\":63,\"caption\":\"SHOPATOA\"},\"image\":{\"@id\":\"https:\\\/\\\/shopatoa.com\\\/ro\\\/#\\\/schema\\\/logo\\\/image\\\/\"}}]}<\/script>\n<!-- \/ Yoast SEO plugin. -->","yoast_head_json":{"title":"Rude Cosmetics Pore-nographic Pore Eraser Primer pentru minimalizarea porilor 20 g - SHOPATOA.COM","robots":{"index":"index","follow":"follow","max-snippet":"max-snippet:-1","max-image-preview":"max-image-preview:large","max-video-preview":"max-video-preview:-1"},"canonical":"https:\/\/shopatoa.com\/ro\/rude-cosmetics-pore-nographic-pore-eraser-primer-pentru-minimalizarea-porilor-20-g\/","og_locale":"ro_RO","og_type":"article","og_title":"Rude Cosmetics Pore-nographic Pore Eraser Primer pentru minimalizarea porilor 20 g - SHOPATOA.COM","og_description":"Rude Cosmetics Pore-nographic Pore Eraser, 20 g, baza pentru machiaj pentru femei, C\u00e2nd arat\u0103 machiajul cel mai bine? Atunci c\u00e2nd tenul este preg\u0103tit perfect pentru el. Primerul Rude CosmeticsPore-nographicPore Eraser asigur\u0103 minimizarea vizual\u0103 a porilor dilata\u021bi, netezirea tenului per ansamblu \u0219i crearea unei baze uniforme ideale, care nu numai c\u0103 faciliteaz\u0103 aplicarea fondului de ten,...","og_url":"https:\/\/shopatoa.com\/ro\/rude-cosmetics-pore-nographic-pore-eraser-primer-pentru-minimalizarea-porilor-20-g\/","og_site_name":"SHOPATOA","article_modified_time":"2026-02-05T05:13:17+00:00","og_image":[{"width":800,"height":800,"url":"https:\/\/storage.googleapis.com\/cz-shopatoa-img\/ro\/a12b3279-unnamed-file.webp","type":"image\/webp"}],"twitter_card":"summary_large_image","twitter_misc":{"Timp estimat pentru citire":"1 minut"},"schema":{"@context":"https:\/\/schema.org","@graph":[{"@type":"WebPage","@id":"https:\/\/shopatoa.com\/ro\/rude-cosmetics-pore-nographic-pore-eraser-primer-pentru-minimalizarea-porilor-20-g\/","url":"https:\/\/shopatoa.com\/ro\/rude-cosmetics-pore-nographic-pore-eraser-primer-pentru-minimalizarea-porilor-20-g\/","name":"Rude Cosmetics Pore-nographic Pore Eraser Primer pentru minimalizarea porilor 20 g - SHOPATOA.COM","isPartOf":{"@id":"https:\/\/shopatoa.com\/ro\/#website"},"primaryImageOfPage":{"@id":"https:\/\/shopatoa.com\/ro\/rude-cosmetics-pore-nographic-pore-eraser-primer-pentru-minimalizarea-porilor-20-g\/#primaryimage"},"image":{"@id":"https:\/\/shopatoa.com\/ro\/rude-cosmetics-pore-nographic-pore-eraser-primer-pentru-minimalizarea-porilor-20-g\/#primaryimage"},"thumbnailUrl":"https:\/\/storage.googleapis.com\/cz-shopatoa-img\/ro\/a12b3279-unnamed-file.webp","datePublished":"2025-06-24T20:48:22+00:00","dateModified":"2026-02-05T05:13:17+00:00","breadcrumb":{"@id":"https:\/\/shopatoa.com\/ro\/rude-cosmetics-pore-nographic-pore-eraser-primer-pentru-minimalizarea-porilor-20-g\/#breadcrumb"},"inLanguage":"ro-RO","potentialAction":[{"@type":"ReadAction","target":["https:\/\/shopatoa.com\/ro\/rude-cosmetics-pore-nographic-pore-eraser-primer-pentru-minimalizarea-porilor-20-g\/"]}]},{"@type":"ImageObject","inLanguage":"ro-RO","@id":"https:\/\/shopatoa.com\/ro\/rude-cosmetics-pore-nographic-pore-eraser-primer-pentru-minimalizarea-porilor-20-g\/#primaryimage","url":"https:\/\/storage.googleapis.com\/cz-shopatoa-img\/ro\/a12b3279-unnamed-file.webp","contentUrl":"https:\/\/storage.googleapis.com\/cz-shopatoa-img\/ro\/a12b3279-unnamed-file.webp","width":800,"height":800},{"@type":"BreadcrumbList","@id":"https:\/\/shopatoa.com\/ro\/rude-cosmetics-pore-nographic-pore-eraser-primer-pentru-minimalizarea-porilor-20-g\/#breadcrumb","itemListElement":[{"@type":"ListItem","position":1,"name":"Dom\u016f","item":"https:\/\/shopatoa.com\/ro\/"},{"@type":"ListItem","position":2,"name":"Shop","item":"https:\/\/shopatoa.com\/ro\/shop\/"},{"@type":"ListItem","position":3,"name":"S\u0103n\u0103tate \u0219i frumuse\u021be","item":"https:\/\/shopatoa.com\/ro\/sanatate-si-frumusete\/"},{"@type":"ListItem","position":4,"name":"\u00cengrijire personal\u0103","item":"https:\/\/shopatoa.com\/ro\/ingrijire-personala\/"},{"@type":"ListItem","position":5,"name":"Cosmetice","item":"https:\/\/shopatoa.com\/ro\/cosmetice-ingrijire-personala\/"},{"@type":"ListItem","position":6,"name":"Machiaj","item":"https:\/\/shopatoa.com\/ro\/machiaj\/"},{"@type":"ListItem","position":7,"name":"Machiaj de fa\u021b\u0103","item":"https:\/\/shopatoa.com\/ro\/machiaj-de-fata\/"},{"@type":"ListItem","position":8,"name":"Primer de fa\u021b\u0103","item":"https:\/\/shopatoa.com\/ro\/primer-de-fata\/"},{"@type":"ListItem","position":9,"name":"Rude Cosmetics Pore-nographic Pore Eraser Primer pentru minimalizarea porilor 20 g"}]},{"@type":"WebSite","@id":"https:\/\/shopatoa.com\/ro\/#website","url":"https:\/\/shopatoa.com\/ro\/","name":"SHOPATOA","description":"","publisher":{"@id":"https:\/\/shopatoa.com\/ro\/#organization"},"potentialAction":[{"@type":"SearchAction","target":{"@type":"EntryPoint","urlTemplate":"https:\/\/shopatoa.com\/ro\/?s={search_term_string}"},"query-input":{"@type":"PropertyValueSpecification","valueRequired":true,"valueName":"search_term_string"}}],"inLanguage":"ro-RO"},{"@type":"Organization","@id":"https:\/\/shopatoa.com\/ro\/#organization","name":"SHOPATOA","url":"https:\/\/shopatoa.com\/ro\/","logo":{"@type":"ImageObject","inLanguage":"ro-RO","@id":"https:\/\/shopatoa.com\/ro\/#\/schema\/logo\/image\/","url":"https:\/\/storage.googleapis.com\/cz-shopatoa-img\/ro\/b4dac915-shopatoa_logo.png","contentUrl":"https:\/\/storage.googleapis.com\/cz-shopatoa-img\/ro\/b4dac915-shopatoa_logo.png","width":416,"height":63,"caption":"SHOPATOA"},"image":{"@id":"https:\/\/shopatoa.com\/ro\/#\/schema\/logo\/image\/"}}]}},"_links":{"self":[{"href":"https:\/\/shopatoa.com\/ro\/wp-json\/wp\/v2\/product\/447324","targetHints":{"allow":["GET"]}}],"collection":[{"href":"https:\/\/shopatoa.com\/ro\/wp-json\/wp\/v2\/product"}],"about":[{"href":"https:\/\/shopatoa.com\/ro\/wp-json\/wp\/v2\/types\/product"}],"replies":[{"embeddable":true,"href":"https:\/\/shopatoa.com\/ro\/wp-json\/wp\/v2\/comments?post=447324"}],"wp:featuredmedia":[{"embeddable":true,"href":"https:\/\/shopatoa.com\/ro\/wp-json\/wp\/v2\/media\/447325"}],"wp:attachment":[{"href":"https:\/\/shopatoa.com\/ro\/wp-json\/wp\/v2\/media?parent=447324"}],"wp:term":[{"taxonomy":"product_brand","embeddable":true,"href":"https:\/\/shopatoa.com\/ro\/wp-json\/wp\/v2\/product_brand?post=447324"},{"taxonomy":"product_cat","embeddable":true,"href":"https:\/\/shopatoa.com\/ro\/wp-json\/wp\/v2\/product_cat?post=447324"},{"taxonomy":"product_tag","embeddable":true,"href":"https:\/\/shopatoa.com\/ro\/wp-json\/wp\/v2\/product_tag?post=447324"}],"curies":[{"name":"wp","href":"https:\/\/api.w.org\/{rel}","templated":true}]}}