{"id":447707,"date":"2025-06-24T23:44:04","date_gmt":"2025-06-24T21:44:04","guid":{"rendered":"https:\/\/shopatoa.com\/ro\/naif-baby-kids-mineral-sunscreen-spf-50-0-perfume-spray-protector-pentru-plaja-100-ml\/"},"modified":"2026-02-05T05:15:17","modified_gmt":"2026-02-05T04:15:17","slug":"naif-baby-kids-mineral-sunscreen-spf-50-0-perfume-spray-protector-pentru-plaja-100-ml","status":"publish","type":"product","link":"https:\/\/shopatoa.com\/ro\/naif-baby-kids-mineral-sunscreen-spf-50-0-perfume-spray-protector-pentru-plaja-100-ml\/","title":{"rendered":"Naif Baby &amp; Kids Mineral Sunscreen SPF 50 0 % Perfume spray protector pentru plaj\u0103 100 ml"},"content":{"rendered":"<p>Naif Baby &amp; Kids Mineral Sunscreen SPF 50 0 % Perfume, 100 ml, Cosmetice solare pentru copii pentru copii, Produsul de bronzat reprezint\u0103 protec\u021bia solar\u0103 perfect\u0103 pentru pielea copilului.  Caracteristici:  protejeaz\u0103 pielea fa\u021b\u0103 de radia\u021biile UVA \u0219i UVB este bl\u00e2nd cu pielea delicat\u0103 a copiilor se poate utiliza pe corp \u0219i pe fa\u021b\u0103 hidrateaz\u0103 pielea copilului hr\u0103ne\u0219te \u0219i trateaz\u0103 pielea are o textur\u0103 rezistent\u0103 la ap\u0103  Ingrediente:  nu con\u021bine parfum produs vegan testat dermatologic nu con\u021bine SLS sau SLES  Cum se utilizeaz\u0103: Se agit\u0103 bine, \u00eenainte de utilizare. Se pulverizeaz\u0103 pe piele, \u00een cantit\u0103\u021bi suficiente, \u00eenainte de expunerea la soare. Se maseaz\u0103 delicat. Aplicarea se repet\u0103 \u00een special \u00eenainte \u0219i dup\u0103 baie, dup\u0103 \u0219tergere sau uscarea cu prosopul.<\/p>\n","protected":false},"excerpt":{"rendered":"<p>Naif Baby &amp; Kids Mineral Sunscreen SPF 50 0 % Perfume, 100 ml, Cosmetice solare pentru copii pentru copii, Produsul de bronzat reprezint\u0103 protec\u021bia solar\u0103 perfect\u0103 pentru pielea copilului. Caracteristici: protejeaz\u0103 pielea fa\u021b\u0103 de radia\u021biile UVA \u0219i UVB este bl\u00e2nd cu pielea delicat\u0103 a copiilor se poate utiliza pe corp \u0219i pe fa\u021b\u0103 hidrateaz\u0103 pielea&#8230;<\/p>\n","protected":false},"featured_media":447708,"comment_status":"closed","ping_status":"open","template":"","meta":{"_acf_changed":false,"_kadence_starter_templates_imported_post":false,"_kad_post_transparent":"","_kad_post_title":"","_kad_post_layout":"","_kad_post_sidebar_id":"","_kad_post_content_style":"","_kad_post_vertical_padding":"","_kad_post_feature":"","_kad_post_feature_position":"","_kad_post_header":false,"_kad_post_footer":false,"_kad_post_classname":""},"product_brand":[543],"product_cat":[1564,1563,1565,1722,1562],"product_tag":[],"class_list":{"0":"post-447707","1":"product","2":"type-product","3":"status-publish","4":"has-post-thumbnail","6":"product_brand-naif","7":"product_cat-cosmetice-ingrijire-personala","8":"product_cat-ingrijire-personala","9":"product_cat-ingrijirea-pielii","10":"product_cat-produse-pentru-bronzare-ingrijirea-pielii","11":"product_cat-sanatate-si-frumusete","12":"pa_gen-unisex","13":"pa_marime-100-ml","15":"first","16":"instock","17":"sale","18":"product-type-external","19":"entry","20":"content-bg","21":"loop-entry"},"acf":[],"yoast_head":"<!-- This site is optimized with the Yoast SEO plugin v27.4 - https:\/\/yoast.com\/product\/yoast-seo-wordpress\/ -->\n<title>Naif Baby &amp; Kids Mineral Sunscreen SPF 50 0 % Perfume spray protector pentru plaj\u0103 100 ml - SHOPATOA.COM<\/title>\n<meta name=\"robots\" content=\"index, follow, max-snippet:-1, max-image-preview:large, max-video-preview:-1\" \/>\n<link rel=\"canonical\" href=\"https:\/\/shopatoa.com\/ro\/naif-baby-kids-mineral-sunscreen-spf-50-0-perfume-spray-protector-pentru-plaja-100-ml\/\" \/>\n<meta property=\"og:locale\" content=\"ro_RO\" \/>\n<meta property=\"og:type\" content=\"article\" \/>\n<meta property=\"og:title\" content=\"Naif Baby &amp; Kids Mineral Sunscreen SPF 50 0 % Perfume spray protector pentru plaj\u0103 100 ml - SHOPATOA.COM\" \/>\n<meta property=\"og:description\" content=\"Naif Baby &amp; Kids Mineral Sunscreen SPF 50 0 % Perfume, 100 ml, Cosmetice solare pentru copii pentru copii, Produsul de bronzat reprezint\u0103 protec\u021bia solar\u0103 perfect\u0103 pentru pielea copilului. Caracteristici: protejeaz\u0103 pielea fa\u021b\u0103 de radia\u021biile UVA \u0219i UVB este bl\u00e2nd cu pielea delicat\u0103 a copiilor se poate utiliza pe corp \u0219i pe fa\u021b\u0103 hidrateaz\u0103 pielea...\" \/>\n<meta property=\"og:url\" content=\"https:\/\/shopatoa.com\/ro\/naif-baby-kids-mineral-sunscreen-spf-50-0-perfume-spray-protector-pentru-plaja-100-ml\/\" \/>\n<meta property=\"og:site_name\" content=\"SHOPATOA\" \/>\n<meta property=\"article:modified_time\" content=\"2026-02-05T04:15:17+00:00\" \/>\n<meta property=\"og:image\" content=\"https:\/\/storage.googleapis.com\/cz-shopatoa-img\/ro\/bfccc406-unnamed-file.webp\" \/>\n\t<meta property=\"og:image:width\" content=\"800\" \/>\n\t<meta property=\"og:image:height\" content=\"800\" \/>\n\t<meta property=\"og:image:type\" content=\"image\/webp\" \/>\n<meta name=\"twitter:card\" content=\"summary_large_image\" \/>\n<meta name=\"twitter:label1\" content=\"Timp estimat pentru citire\" \/>\n\t<meta name=\"twitter:data1\" content=\"1 minut\" \/>\n<script type=\"application\/ld+json\" class=\"yoast-schema-graph\">{\"@context\":\"https:\\\/\\\/schema.org\",\"@graph\":[{\"@type\":\"WebPage\",\"@id\":\"https:\\\/\\\/shopatoa.com\\\/ro\\\/naif-baby-kids-mineral-sunscreen-spf-50-0-perfume-spray-protector-pentru-plaja-100-ml\\\/\",\"url\":\"https:\\\/\\\/shopatoa.com\\\/ro\\\/naif-baby-kids-mineral-sunscreen-spf-50-0-perfume-spray-protector-pentru-plaja-100-ml\\\/\",\"name\":\"Naif Baby & Kids Mineral Sunscreen SPF 50 0 % Perfume spray protector pentru plaj\u0103 100 ml - SHOPATOA.COM\",\"isPartOf\":{\"@id\":\"https:\\\/\\\/shopatoa.com\\\/ro\\\/#website\"},\"primaryImageOfPage\":{\"@id\":\"https:\\\/\\\/shopatoa.com\\\/ro\\\/naif-baby-kids-mineral-sunscreen-spf-50-0-perfume-spray-protector-pentru-plaja-100-ml\\\/#primaryimage\"},\"image\":{\"@id\":\"https:\\\/\\\/shopatoa.com\\\/ro\\\/naif-baby-kids-mineral-sunscreen-spf-50-0-perfume-spray-protector-pentru-plaja-100-ml\\\/#primaryimage\"},\"thumbnailUrl\":\"https:\\\/\\\/storage.googleapis.com\\\/cz-shopatoa-img\\\/ro\\\/bfccc406-unnamed-file.webp\",\"datePublished\":\"2025-06-24T21:44:04+00:00\",\"dateModified\":\"2026-02-05T04:15:17+00:00\",\"breadcrumb\":{\"@id\":\"https:\\\/\\\/shopatoa.com\\\/ro\\\/naif-baby-kids-mineral-sunscreen-spf-50-0-perfume-spray-protector-pentru-plaja-100-ml\\\/#breadcrumb\"},\"inLanguage\":\"ro-RO\",\"potentialAction\":[{\"@type\":\"ReadAction\",\"target\":[\"https:\\\/\\\/shopatoa.com\\\/ro\\\/naif-baby-kids-mineral-sunscreen-spf-50-0-perfume-spray-protector-pentru-plaja-100-ml\\\/\"]}]},{\"@type\":\"ImageObject\",\"inLanguage\":\"ro-RO\",\"@id\":\"https:\\\/\\\/shopatoa.com\\\/ro\\\/naif-baby-kids-mineral-sunscreen-spf-50-0-perfume-spray-protector-pentru-plaja-100-ml\\\/#primaryimage\",\"url\":\"https:\\\/\\\/storage.googleapis.com\\\/cz-shopatoa-img\\\/ro\\\/bfccc406-unnamed-file.webp\",\"contentUrl\":\"https:\\\/\\\/storage.googleapis.com\\\/cz-shopatoa-img\\\/ro\\\/bfccc406-unnamed-file.webp\",\"width\":800,\"height\":800},{\"@type\":\"BreadcrumbList\",\"@id\":\"https:\\\/\\\/shopatoa.com\\\/ro\\\/naif-baby-kids-mineral-sunscreen-spf-50-0-perfume-spray-protector-pentru-plaja-100-ml\\\/#breadcrumb\",\"itemListElement\":[{\"@type\":\"ListItem\",\"position\":1,\"name\":\"Dom\u016f\",\"item\":\"https:\\\/\\\/shopatoa.com\\\/ro\\\/\"},{\"@type\":\"ListItem\",\"position\":2,\"name\":\"Shop\",\"item\":\"https:\\\/\\\/shopatoa.com\\\/ro\\\/shop\\\/\"},{\"@type\":\"ListItem\",\"position\":3,\"name\":\"S\u0103n\u0103tate \u0219i frumuse\u021be\",\"item\":\"https:\\\/\\\/shopatoa.com\\\/ro\\\/sanatate-si-frumusete\\\/\"},{\"@type\":\"ListItem\",\"position\":4,\"name\":\"\u00cengrijire personal\u0103\",\"item\":\"https:\\\/\\\/shopatoa.com\\\/ro\\\/ingrijire-personala\\\/\"},{\"@type\":\"ListItem\",\"position\":5,\"name\":\"Cosmetice\",\"item\":\"https:\\\/\\\/shopatoa.com\\\/ro\\\/cosmetice-ingrijire-personala\\\/\"},{\"@type\":\"ListItem\",\"position\":6,\"name\":\"\u00cengrijirea pielii\",\"item\":\"https:\\\/\\\/shopatoa.com\\\/ro\\\/ingrijirea-pielii\\\/\"},{\"@type\":\"ListItem\",\"position\":7,\"name\":\"Produse pentru bronzare\",\"item\":\"https:\\\/\\\/shopatoa.com\\\/ro\\\/produse-pentru-bronzare-ingrijirea-pielii\\\/\"},{\"@type\":\"ListItem\",\"position\":8,\"name\":\"Naif Baby &amp; Kids Mineral Sunscreen SPF 50 0 % Perfume spray protector pentru plaj\u0103 100 ml\"}]},{\"@type\":\"WebSite\",\"@id\":\"https:\\\/\\\/shopatoa.com\\\/ro\\\/#website\",\"url\":\"https:\\\/\\\/shopatoa.com\\\/ro\\\/\",\"name\":\"SHOPATOA\",\"description\":\"\",\"publisher\":{\"@id\":\"https:\\\/\\\/shopatoa.com\\\/ro\\\/#organization\"},\"potentialAction\":[{\"@type\":\"SearchAction\",\"target\":{\"@type\":\"EntryPoint\",\"urlTemplate\":\"https:\\\/\\\/shopatoa.com\\\/ro\\\/?s={search_term_string}\"},\"query-input\":{\"@type\":\"PropertyValueSpecification\",\"valueRequired\":true,\"valueName\":\"search_term_string\"}}],\"inLanguage\":\"ro-RO\"},{\"@type\":\"Organization\",\"@id\":\"https:\\\/\\\/shopatoa.com\\\/ro\\\/#organization\",\"name\":\"SHOPATOA\",\"url\":\"https:\\\/\\\/shopatoa.com\\\/ro\\\/\",\"logo\":{\"@type\":\"ImageObject\",\"inLanguage\":\"ro-RO\",\"@id\":\"https:\\\/\\\/shopatoa.com\\\/ro\\\/#\\\/schema\\\/logo\\\/image\\\/\",\"url\":\"https:\\\/\\\/storage.googleapis.com\\\/cz-shopatoa-img\\\/ro\\\/b4dac915-shopatoa_logo.png\",\"contentUrl\":\"https:\\\/\\\/storage.googleapis.com\\\/cz-shopatoa-img\\\/ro\\\/b4dac915-shopatoa_logo.png\",\"width\":416,\"height\":63,\"caption\":\"SHOPATOA\"},\"image\":{\"@id\":\"https:\\\/\\\/shopatoa.com\\\/ro\\\/#\\\/schema\\\/logo\\\/image\\\/\"}}]}<\/script>\n<!-- \/ Yoast SEO plugin. -->","yoast_head_json":{"title":"Naif Baby & Kids Mineral Sunscreen SPF 50 0 % Perfume spray protector pentru plaj\u0103 100 ml - SHOPATOA.COM","robots":{"index":"index","follow":"follow","max-snippet":"max-snippet:-1","max-image-preview":"max-image-preview:large","max-video-preview":"max-video-preview:-1"},"canonical":"https:\/\/shopatoa.com\/ro\/naif-baby-kids-mineral-sunscreen-spf-50-0-perfume-spray-protector-pentru-plaja-100-ml\/","og_locale":"ro_RO","og_type":"article","og_title":"Naif Baby & Kids Mineral Sunscreen SPF 50 0 % Perfume spray protector pentru plaj\u0103 100 ml - SHOPATOA.COM","og_description":"Naif Baby &amp; Kids Mineral Sunscreen SPF 50 0 % Perfume, 100 ml, Cosmetice solare pentru copii pentru copii, Produsul de bronzat reprezint\u0103 protec\u021bia solar\u0103 perfect\u0103 pentru pielea copilului. Caracteristici: protejeaz\u0103 pielea fa\u021b\u0103 de radia\u021biile UVA \u0219i UVB este bl\u00e2nd cu pielea delicat\u0103 a copiilor se poate utiliza pe corp \u0219i pe fa\u021b\u0103 hidrateaz\u0103 pielea...","og_url":"https:\/\/shopatoa.com\/ro\/naif-baby-kids-mineral-sunscreen-spf-50-0-perfume-spray-protector-pentru-plaja-100-ml\/","og_site_name":"SHOPATOA","article_modified_time":"2026-02-05T04:15:17+00:00","og_image":[{"width":800,"height":800,"url":"https:\/\/storage.googleapis.com\/cz-shopatoa-img\/ro\/bfccc406-unnamed-file.webp","type":"image\/webp"}],"twitter_card":"summary_large_image","twitter_misc":{"Timp estimat pentru citire":"1 minut"},"schema":{"@context":"https:\/\/schema.org","@graph":[{"@type":"WebPage","@id":"https:\/\/shopatoa.com\/ro\/naif-baby-kids-mineral-sunscreen-spf-50-0-perfume-spray-protector-pentru-plaja-100-ml\/","url":"https:\/\/shopatoa.com\/ro\/naif-baby-kids-mineral-sunscreen-spf-50-0-perfume-spray-protector-pentru-plaja-100-ml\/","name":"Naif Baby & Kids Mineral Sunscreen SPF 50 0 % Perfume spray protector pentru plaj\u0103 100 ml - SHOPATOA.COM","isPartOf":{"@id":"https:\/\/shopatoa.com\/ro\/#website"},"primaryImageOfPage":{"@id":"https:\/\/shopatoa.com\/ro\/naif-baby-kids-mineral-sunscreen-spf-50-0-perfume-spray-protector-pentru-plaja-100-ml\/#primaryimage"},"image":{"@id":"https:\/\/shopatoa.com\/ro\/naif-baby-kids-mineral-sunscreen-spf-50-0-perfume-spray-protector-pentru-plaja-100-ml\/#primaryimage"},"thumbnailUrl":"https:\/\/storage.googleapis.com\/cz-shopatoa-img\/ro\/bfccc406-unnamed-file.webp","datePublished":"2025-06-24T21:44:04+00:00","dateModified":"2026-02-05T04:15:17+00:00","breadcrumb":{"@id":"https:\/\/shopatoa.com\/ro\/naif-baby-kids-mineral-sunscreen-spf-50-0-perfume-spray-protector-pentru-plaja-100-ml\/#breadcrumb"},"inLanguage":"ro-RO","potentialAction":[{"@type":"ReadAction","target":["https:\/\/shopatoa.com\/ro\/naif-baby-kids-mineral-sunscreen-spf-50-0-perfume-spray-protector-pentru-plaja-100-ml\/"]}]},{"@type":"ImageObject","inLanguage":"ro-RO","@id":"https:\/\/shopatoa.com\/ro\/naif-baby-kids-mineral-sunscreen-spf-50-0-perfume-spray-protector-pentru-plaja-100-ml\/#primaryimage","url":"https:\/\/storage.googleapis.com\/cz-shopatoa-img\/ro\/bfccc406-unnamed-file.webp","contentUrl":"https:\/\/storage.googleapis.com\/cz-shopatoa-img\/ro\/bfccc406-unnamed-file.webp","width":800,"height":800},{"@type":"BreadcrumbList","@id":"https:\/\/shopatoa.com\/ro\/naif-baby-kids-mineral-sunscreen-spf-50-0-perfume-spray-protector-pentru-plaja-100-ml\/#breadcrumb","itemListElement":[{"@type":"ListItem","position":1,"name":"Dom\u016f","item":"https:\/\/shopatoa.com\/ro\/"},{"@type":"ListItem","position":2,"name":"Shop","item":"https:\/\/shopatoa.com\/ro\/shop\/"},{"@type":"ListItem","position":3,"name":"S\u0103n\u0103tate \u0219i frumuse\u021be","item":"https:\/\/shopatoa.com\/ro\/sanatate-si-frumusete\/"},{"@type":"ListItem","position":4,"name":"\u00cengrijire personal\u0103","item":"https:\/\/shopatoa.com\/ro\/ingrijire-personala\/"},{"@type":"ListItem","position":5,"name":"Cosmetice","item":"https:\/\/shopatoa.com\/ro\/cosmetice-ingrijire-personala\/"},{"@type":"ListItem","position":6,"name":"\u00cengrijirea pielii","item":"https:\/\/shopatoa.com\/ro\/ingrijirea-pielii\/"},{"@type":"ListItem","position":7,"name":"Produse pentru bronzare","item":"https:\/\/shopatoa.com\/ro\/produse-pentru-bronzare-ingrijirea-pielii\/"},{"@type":"ListItem","position":8,"name":"Naif Baby &amp; Kids Mineral Sunscreen SPF 50 0 % Perfume spray protector pentru plaj\u0103 100 ml"}]},{"@type":"WebSite","@id":"https:\/\/shopatoa.com\/ro\/#website","url":"https:\/\/shopatoa.com\/ro\/","name":"SHOPATOA","description":"","publisher":{"@id":"https:\/\/shopatoa.com\/ro\/#organization"},"potentialAction":[{"@type":"SearchAction","target":{"@type":"EntryPoint","urlTemplate":"https:\/\/shopatoa.com\/ro\/?s={search_term_string}"},"query-input":{"@type":"PropertyValueSpecification","valueRequired":true,"valueName":"search_term_string"}}],"inLanguage":"ro-RO"},{"@type":"Organization","@id":"https:\/\/shopatoa.com\/ro\/#organization","name":"SHOPATOA","url":"https:\/\/shopatoa.com\/ro\/","logo":{"@type":"ImageObject","inLanguage":"ro-RO","@id":"https:\/\/shopatoa.com\/ro\/#\/schema\/logo\/image\/","url":"https:\/\/storage.googleapis.com\/cz-shopatoa-img\/ro\/b4dac915-shopatoa_logo.png","contentUrl":"https:\/\/storage.googleapis.com\/cz-shopatoa-img\/ro\/b4dac915-shopatoa_logo.png","width":416,"height":63,"caption":"SHOPATOA"},"image":{"@id":"https:\/\/shopatoa.com\/ro\/#\/schema\/logo\/image\/"}}]}},"_links":{"self":[{"href":"https:\/\/shopatoa.com\/ro\/wp-json\/wp\/v2\/product\/447707","targetHints":{"allow":["GET"]}}],"collection":[{"href":"https:\/\/shopatoa.com\/ro\/wp-json\/wp\/v2\/product"}],"about":[{"href":"https:\/\/shopatoa.com\/ro\/wp-json\/wp\/v2\/types\/product"}],"replies":[{"embeddable":true,"href":"https:\/\/shopatoa.com\/ro\/wp-json\/wp\/v2\/comments?post=447707"}],"wp:featuredmedia":[{"embeddable":true,"href":"https:\/\/shopatoa.com\/ro\/wp-json\/wp\/v2\/media\/447708"}],"wp:attachment":[{"href":"https:\/\/shopatoa.com\/ro\/wp-json\/wp\/v2\/media?parent=447707"}],"wp:term":[{"taxonomy":"product_brand","embeddable":true,"href":"https:\/\/shopatoa.com\/ro\/wp-json\/wp\/v2\/product_brand?post=447707"},{"taxonomy":"product_cat","embeddable":true,"href":"https:\/\/shopatoa.com\/ro\/wp-json\/wp\/v2\/product_cat?post=447707"},{"taxonomy":"product_tag","embeddable":true,"href":"https:\/\/shopatoa.com\/ro\/wp-json\/wp\/v2\/product_tag?post=447707"}],"curies":[{"name":"wp","href":"https:\/\/api.w.org\/{rel}","templated":true}]}}