{"id":447755,"date":"2025-06-24T23:49:25","date_gmt":"2025-06-24T21:49:25","guid":{"rendered":"https:\/\/shopatoa.com\/ro\/nickelodeon-paw-patrol-battery-toothbrush-baterie-perie-de-dinti-pentru-copii\/"},"modified":"2026-02-05T05:07:34","modified_gmt":"2026-02-05T04:07:34","slug":"nickelodeon-paw-patrol-battery-toothbrush-baterie-perie-de-dinti-pentru-copii","status":"publish","type":"product","link":"https:\/\/shopatoa.com\/ro\/nickelodeon-paw-patrol-battery-toothbrush-baterie-perie-de-dinti-pentru-copii\/","title":{"rendered":"Nickelodeon Paw Patrol Battery Toothbrush baterie perie de dinti pentru copii"},"content":{"rendered":"<p>Nickelodeon Paw Patrol Battery Toothbrush, Periu\u021be electrice pentru copii pentru copii, Periu\u021ba electric\u0103 Nickelodeon Paw Patrol Battery Toothbrush de din\u021bi cur\u0103\u021b\u0103 din\u021bii copilului rapid, u\u0219or \u0219i fiabil.  Caracteristici:  protejeaz\u0103 \u00eempotriva cariilor \u00cendep\u0103rteaz\u0103 de pe din\u021bii copilului resturile alimentare \u0219i colora\u021biile de la b\u0103uturi \u0219i de la dulciuri are un design vesel, pentru copii cur\u0103\u021b\u0103 din\u021bii copilului \u0219i \u00een locurile greu accesibile sp\u0103larea este comod\u0103, rapid\u0103 \u0219i distractiv\u0103 se \u021bine comod \u00een m\u00e2n\u0103  Cum se utilizeaz\u0103: Se pune periu\u021ba succesiv pe fiecare dinte, f\u0103r\u0103 a ap\u0103sa \u0219i se las\u0103 periu\u021ba s\u0103 ac\u021bioneze. Pentru o cur\u0103\u021bare perfect\u0103, se va folosi pasta de din\u021bi pentru copii, care spore\u0219te eficien\u021ba periu\u021bei.<\/p>\n","protected":false},"excerpt":{"rendered":"<p>Nickelodeon Paw Patrol Battery Toothbrush, Periu\u021be electrice pentru copii pentru copii, Periu\u021ba electric\u0103 Nickelodeon Paw Patrol Battery Toothbrush de din\u021bi cur\u0103\u021b\u0103 din\u021bii copilului rapid, u\u0219or \u0219i fiabil. Caracteristici: protejeaz\u0103 \u00eempotriva cariilor \u00cendep\u0103rteaz\u0103 de pe din\u021bii copilului resturile alimentare \u0219i colora\u021biile de la b\u0103uturi \u0219i de la dulciuri are un design vesel, pentru copii cur\u0103\u021b\u0103 din\u021bii&#8230;<\/p>\n","protected":false},"featured_media":447756,"comment_status":"closed","ping_status":"open","template":"","meta":{"_acf_changed":false,"_kadence_starter_templates_imported_post":false,"_kad_post_transparent":"","_kad_post_title":"","_kad_post_layout":"","_kad_post_sidebar_id":"","_kad_post_content_style":"","_kad_post_vertical_padding":"","_kad_post_feature":"","_kad_post_feature_position":"","_kad_post_header":false,"_kad_post_footer":false,"_kad_post_classname":""},"product_brand":[1689],"product_cat":[1605,1563,1606,1562],"product_tag":[],"class_list":{"0":"post-447755","1":"product","2":"type-product","3":"status-publish","4":"has-post-thumbnail","6":"product_brand-nickelodeon","7":"product_cat-ingrijire-orala","8":"product_cat-ingrijire-personala","9":"product_cat-periute-de-dinti-ingrijire-orala","10":"product_cat-sanatate-si-frumusete","11":"pa_gen-unisex","13":"first","14":"instock","15":"sale","16":"product-type-external","17":"entry","18":"content-bg","19":"loop-entry"},"acf":[],"yoast_head":"<!-- This site is optimized with the Yoast SEO plugin v27.4 - https:\/\/yoast.com\/product\/yoast-seo-wordpress\/ -->\n<title>Nickelodeon Paw Patrol Battery Toothbrush baterie perie de dinti pentru copii - SHOPATOA.COM<\/title>\n<meta name=\"robots\" content=\"index, follow, max-snippet:-1, max-image-preview:large, max-video-preview:-1\" \/>\n<link rel=\"canonical\" href=\"https:\/\/shopatoa.com\/ro\/nickelodeon-paw-patrol-battery-toothbrush-baterie-perie-de-dinti-pentru-copii\/\" \/>\n<meta property=\"og:locale\" content=\"ro_RO\" \/>\n<meta property=\"og:type\" content=\"article\" \/>\n<meta property=\"og:title\" content=\"Nickelodeon Paw Patrol Battery Toothbrush baterie perie de dinti pentru copii - SHOPATOA.COM\" \/>\n<meta property=\"og:description\" content=\"Nickelodeon Paw Patrol Battery Toothbrush, Periu\u021be electrice pentru copii pentru copii, Periu\u021ba electric\u0103 Nickelodeon Paw Patrol Battery Toothbrush de din\u021bi cur\u0103\u021b\u0103 din\u021bii copilului rapid, u\u0219or \u0219i fiabil. Caracteristici: protejeaz\u0103 \u00eempotriva cariilor \u00cendep\u0103rteaz\u0103 de pe din\u021bii copilului resturile alimentare \u0219i colora\u021biile de la b\u0103uturi \u0219i de la dulciuri are un design vesel, pentru copii cur\u0103\u021b\u0103 din\u021bii...\" \/>\n<meta property=\"og:url\" content=\"https:\/\/shopatoa.com\/ro\/nickelodeon-paw-patrol-battery-toothbrush-baterie-perie-de-dinti-pentru-copii\/\" \/>\n<meta property=\"og:site_name\" content=\"SHOPATOA\" \/>\n<meta property=\"article:modified_time\" content=\"2026-02-05T04:07:34+00:00\" \/>\n<meta property=\"og:image\" content=\"https:\/\/storage.googleapis.com\/cz-shopatoa-img\/ro\/71f4210e-unnamed-file.webp\" \/>\n\t<meta property=\"og:image:width\" content=\"800\" \/>\n\t<meta property=\"og:image:height\" content=\"800\" \/>\n\t<meta property=\"og:image:type\" content=\"image\/webp\" \/>\n<meta name=\"twitter:card\" content=\"summary_large_image\" \/>\n<meta name=\"twitter:label1\" content=\"Timp estimat pentru citire\" \/>\n\t<meta name=\"twitter:data1\" content=\"1 minut\" \/>\n<script type=\"application\/ld+json\" class=\"yoast-schema-graph\">{\"@context\":\"https:\\\/\\\/schema.org\",\"@graph\":[{\"@type\":\"WebPage\",\"@id\":\"https:\\\/\\\/shopatoa.com\\\/ro\\\/nickelodeon-paw-patrol-battery-toothbrush-baterie-perie-de-dinti-pentru-copii\\\/\",\"url\":\"https:\\\/\\\/shopatoa.com\\\/ro\\\/nickelodeon-paw-patrol-battery-toothbrush-baterie-perie-de-dinti-pentru-copii\\\/\",\"name\":\"Nickelodeon Paw Patrol Battery Toothbrush baterie perie de dinti pentru copii - SHOPATOA.COM\",\"isPartOf\":{\"@id\":\"https:\\\/\\\/shopatoa.com\\\/ro\\\/#website\"},\"primaryImageOfPage\":{\"@id\":\"https:\\\/\\\/shopatoa.com\\\/ro\\\/nickelodeon-paw-patrol-battery-toothbrush-baterie-perie-de-dinti-pentru-copii\\\/#primaryimage\"},\"image\":{\"@id\":\"https:\\\/\\\/shopatoa.com\\\/ro\\\/nickelodeon-paw-patrol-battery-toothbrush-baterie-perie-de-dinti-pentru-copii\\\/#primaryimage\"},\"thumbnailUrl\":\"https:\\\/\\\/storage.googleapis.com\\\/cz-shopatoa-img\\\/ro\\\/71f4210e-unnamed-file.webp\",\"datePublished\":\"2025-06-24T21:49:25+00:00\",\"dateModified\":\"2026-02-05T04:07:34+00:00\",\"breadcrumb\":{\"@id\":\"https:\\\/\\\/shopatoa.com\\\/ro\\\/nickelodeon-paw-patrol-battery-toothbrush-baterie-perie-de-dinti-pentru-copii\\\/#breadcrumb\"},\"inLanguage\":\"ro-RO\",\"potentialAction\":[{\"@type\":\"ReadAction\",\"target\":[\"https:\\\/\\\/shopatoa.com\\\/ro\\\/nickelodeon-paw-patrol-battery-toothbrush-baterie-perie-de-dinti-pentru-copii\\\/\"]}]},{\"@type\":\"ImageObject\",\"inLanguage\":\"ro-RO\",\"@id\":\"https:\\\/\\\/shopatoa.com\\\/ro\\\/nickelodeon-paw-patrol-battery-toothbrush-baterie-perie-de-dinti-pentru-copii\\\/#primaryimage\",\"url\":\"https:\\\/\\\/storage.googleapis.com\\\/cz-shopatoa-img\\\/ro\\\/71f4210e-unnamed-file.webp\",\"contentUrl\":\"https:\\\/\\\/storage.googleapis.com\\\/cz-shopatoa-img\\\/ro\\\/71f4210e-unnamed-file.webp\",\"width\":800,\"height\":800},{\"@type\":\"BreadcrumbList\",\"@id\":\"https:\\\/\\\/shopatoa.com\\\/ro\\\/nickelodeon-paw-patrol-battery-toothbrush-baterie-perie-de-dinti-pentru-copii\\\/#breadcrumb\",\"itemListElement\":[{\"@type\":\"ListItem\",\"position\":1,\"name\":\"Dom\u016f\",\"item\":\"https:\\\/\\\/shopatoa.com\\\/ro\\\/\"},{\"@type\":\"ListItem\",\"position\":2,\"name\":\"Shop\",\"item\":\"https:\\\/\\\/shopatoa.com\\\/ro\\\/shop\\\/\"},{\"@type\":\"ListItem\",\"position\":3,\"name\":\"S\u0103n\u0103tate \u0219i frumuse\u021be\",\"item\":\"https:\\\/\\\/shopatoa.com\\\/ro\\\/sanatate-si-frumusete\\\/\"},{\"@type\":\"ListItem\",\"position\":4,\"name\":\"\u00cengrijire personal\u0103\",\"item\":\"https:\\\/\\\/shopatoa.com\\\/ro\\\/ingrijire-personala\\\/\"},{\"@type\":\"ListItem\",\"position\":5,\"name\":\"\u00cengrijire oral\u0103\",\"item\":\"https:\\\/\\\/shopatoa.com\\\/ro\\\/ingrijire-orala\\\/\"},{\"@type\":\"ListItem\",\"position\":6,\"name\":\"Periu\u021be de din\u021bi\",\"item\":\"https:\\\/\\\/shopatoa.com\\\/ro\\\/periute-de-dinti-ingrijire-orala\\\/\"},{\"@type\":\"ListItem\",\"position\":7,\"name\":\"Nickelodeon Paw Patrol Battery Toothbrush baterie perie de dinti pentru copii\"}]},{\"@type\":\"WebSite\",\"@id\":\"https:\\\/\\\/shopatoa.com\\\/ro\\\/#website\",\"url\":\"https:\\\/\\\/shopatoa.com\\\/ro\\\/\",\"name\":\"SHOPATOA\",\"description\":\"\",\"publisher\":{\"@id\":\"https:\\\/\\\/shopatoa.com\\\/ro\\\/#organization\"},\"potentialAction\":[{\"@type\":\"SearchAction\",\"target\":{\"@type\":\"EntryPoint\",\"urlTemplate\":\"https:\\\/\\\/shopatoa.com\\\/ro\\\/?s={search_term_string}\"},\"query-input\":{\"@type\":\"PropertyValueSpecification\",\"valueRequired\":true,\"valueName\":\"search_term_string\"}}],\"inLanguage\":\"ro-RO\"},{\"@type\":\"Organization\",\"@id\":\"https:\\\/\\\/shopatoa.com\\\/ro\\\/#organization\",\"name\":\"SHOPATOA\",\"url\":\"https:\\\/\\\/shopatoa.com\\\/ro\\\/\",\"logo\":{\"@type\":\"ImageObject\",\"inLanguage\":\"ro-RO\",\"@id\":\"https:\\\/\\\/shopatoa.com\\\/ro\\\/#\\\/schema\\\/logo\\\/image\\\/\",\"url\":\"https:\\\/\\\/storage.googleapis.com\\\/cz-shopatoa-img\\\/ro\\\/b4dac915-shopatoa_logo.png\",\"contentUrl\":\"https:\\\/\\\/storage.googleapis.com\\\/cz-shopatoa-img\\\/ro\\\/b4dac915-shopatoa_logo.png\",\"width\":416,\"height\":63,\"caption\":\"SHOPATOA\"},\"image\":{\"@id\":\"https:\\\/\\\/shopatoa.com\\\/ro\\\/#\\\/schema\\\/logo\\\/image\\\/\"}}]}<\/script>\n<!-- \/ Yoast SEO plugin. -->","yoast_head_json":{"title":"Nickelodeon Paw Patrol Battery Toothbrush baterie perie de dinti pentru copii - SHOPATOA.COM","robots":{"index":"index","follow":"follow","max-snippet":"max-snippet:-1","max-image-preview":"max-image-preview:large","max-video-preview":"max-video-preview:-1"},"canonical":"https:\/\/shopatoa.com\/ro\/nickelodeon-paw-patrol-battery-toothbrush-baterie-perie-de-dinti-pentru-copii\/","og_locale":"ro_RO","og_type":"article","og_title":"Nickelodeon Paw Patrol Battery Toothbrush baterie perie de dinti pentru copii - SHOPATOA.COM","og_description":"Nickelodeon Paw Patrol Battery Toothbrush, Periu\u021be electrice pentru copii pentru copii, Periu\u021ba electric\u0103 Nickelodeon Paw Patrol Battery Toothbrush de din\u021bi cur\u0103\u021b\u0103 din\u021bii copilului rapid, u\u0219or \u0219i fiabil. Caracteristici: protejeaz\u0103 \u00eempotriva cariilor \u00cendep\u0103rteaz\u0103 de pe din\u021bii copilului resturile alimentare \u0219i colora\u021biile de la b\u0103uturi \u0219i de la dulciuri are un design vesel, pentru copii cur\u0103\u021b\u0103 din\u021bii...","og_url":"https:\/\/shopatoa.com\/ro\/nickelodeon-paw-patrol-battery-toothbrush-baterie-perie-de-dinti-pentru-copii\/","og_site_name":"SHOPATOA","article_modified_time":"2026-02-05T04:07:34+00:00","og_image":[{"width":800,"height":800,"url":"https:\/\/storage.googleapis.com\/cz-shopatoa-img\/ro\/71f4210e-unnamed-file.webp","type":"image\/webp"}],"twitter_card":"summary_large_image","twitter_misc":{"Timp estimat pentru citire":"1 minut"},"schema":{"@context":"https:\/\/schema.org","@graph":[{"@type":"WebPage","@id":"https:\/\/shopatoa.com\/ro\/nickelodeon-paw-patrol-battery-toothbrush-baterie-perie-de-dinti-pentru-copii\/","url":"https:\/\/shopatoa.com\/ro\/nickelodeon-paw-patrol-battery-toothbrush-baterie-perie-de-dinti-pentru-copii\/","name":"Nickelodeon Paw Patrol Battery Toothbrush baterie perie de dinti pentru copii - SHOPATOA.COM","isPartOf":{"@id":"https:\/\/shopatoa.com\/ro\/#website"},"primaryImageOfPage":{"@id":"https:\/\/shopatoa.com\/ro\/nickelodeon-paw-patrol-battery-toothbrush-baterie-perie-de-dinti-pentru-copii\/#primaryimage"},"image":{"@id":"https:\/\/shopatoa.com\/ro\/nickelodeon-paw-patrol-battery-toothbrush-baterie-perie-de-dinti-pentru-copii\/#primaryimage"},"thumbnailUrl":"https:\/\/storage.googleapis.com\/cz-shopatoa-img\/ro\/71f4210e-unnamed-file.webp","datePublished":"2025-06-24T21:49:25+00:00","dateModified":"2026-02-05T04:07:34+00:00","breadcrumb":{"@id":"https:\/\/shopatoa.com\/ro\/nickelodeon-paw-patrol-battery-toothbrush-baterie-perie-de-dinti-pentru-copii\/#breadcrumb"},"inLanguage":"ro-RO","potentialAction":[{"@type":"ReadAction","target":["https:\/\/shopatoa.com\/ro\/nickelodeon-paw-patrol-battery-toothbrush-baterie-perie-de-dinti-pentru-copii\/"]}]},{"@type":"ImageObject","inLanguage":"ro-RO","@id":"https:\/\/shopatoa.com\/ro\/nickelodeon-paw-patrol-battery-toothbrush-baterie-perie-de-dinti-pentru-copii\/#primaryimage","url":"https:\/\/storage.googleapis.com\/cz-shopatoa-img\/ro\/71f4210e-unnamed-file.webp","contentUrl":"https:\/\/storage.googleapis.com\/cz-shopatoa-img\/ro\/71f4210e-unnamed-file.webp","width":800,"height":800},{"@type":"BreadcrumbList","@id":"https:\/\/shopatoa.com\/ro\/nickelodeon-paw-patrol-battery-toothbrush-baterie-perie-de-dinti-pentru-copii\/#breadcrumb","itemListElement":[{"@type":"ListItem","position":1,"name":"Dom\u016f","item":"https:\/\/shopatoa.com\/ro\/"},{"@type":"ListItem","position":2,"name":"Shop","item":"https:\/\/shopatoa.com\/ro\/shop\/"},{"@type":"ListItem","position":3,"name":"S\u0103n\u0103tate \u0219i frumuse\u021be","item":"https:\/\/shopatoa.com\/ro\/sanatate-si-frumusete\/"},{"@type":"ListItem","position":4,"name":"\u00cengrijire personal\u0103","item":"https:\/\/shopatoa.com\/ro\/ingrijire-personala\/"},{"@type":"ListItem","position":5,"name":"\u00cengrijire oral\u0103","item":"https:\/\/shopatoa.com\/ro\/ingrijire-orala\/"},{"@type":"ListItem","position":6,"name":"Periu\u021be de din\u021bi","item":"https:\/\/shopatoa.com\/ro\/periute-de-dinti-ingrijire-orala\/"},{"@type":"ListItem","position":7,"name":"Nickelodeon Paw Patrol Battery Toothbrush baterie perie de dinti pentru copii"}]},{"@type":"WebSite","@id":"https:\/\/shopatoa.com\/ro\/#website","url":"https:\/\/shopatoa.com\/ro\/","name":"SHOPATOA","description":"","publisher":{"@id":"https:\/\/shopatoa.com\/ro\/#organization"},"potentialAction":[{"@type":"SearchAction","target":{"@type":"EntryPoint","urlTemplate":"https:\/\/shopatoa.com\/ro\/?s={search_term_string}"},"query-input":{"@type":"PropertyValueSpecification","valueRequired":true,"valueName":"search_term_string"}}],"inLanguage":"ro-RO"},{"@type":"Organization","@id":"https:\/\/shopatoa.com\/ro\/#organization","name":"SHOPATOA","url":"https:\/\/shopatoa.com\/ro\/","logo":{"@type":"ImageObject","inLanguage":"ro-RO","@id":"https:\/\/shopatoa.com\/ro\/#\/schema\/logo\/image\/","url":"https:\/\/storage.googleapis.com\/cz-shopatoa-img\/ro\/b4dac915-shopatoa_logo.png","contentUrl":"https:\/\/storage.googleapis.com\/cz-shopatoa-img\/ro\/b4dac915-shopatoa_logo.png","width":416,"height":63,"caption":"SHOPATOA"},"image":{"@id":"https:\/\/shopatoa.com\/ro\/#\/schema\/logo\/image\/"}}]}},"_links":{"self":[{"href":"https:\/\/shopatoa.com\/ro\/wp-json\/wp\/v2\/product\/447755","targetHints":{"allow":["GET"]}}],"collection":[{"href":"https:\/\/shopatoa.com\/ro\/wp-json\/wp\/v2\/product"}],"about":[{"href":"https:\/\/shopatoa.com\/ro\/wp-json\/wp\/v2\/types\/product"}],"replies":[{"embeddable":true,"href":"https:\/\/shopatoa.com\/ro\/wp-json\/wp\/v2\/comments?post=447755"}],"wp:featuredmedia":[{"embeddable":true,"href":"https:\/\/shopatoa.com\/ro\/wp-json\/wp\/v2\/media\/447756"}],"wp:attachment":[{"href":"https:\/\/shopatoa.com\/ro\/wp-json\/wp\/v2\/media?parent=447755"}],"wp:term":[{"taxonomy":"product_brand","embeddable":true,"href":"https:\/\/shopatoa.com\/ro\/wp-json\/wp\/v2\/product_brand?post=447755"},{"taxonomy":"product_cat","embeddable":true,"href":"https:\/\/shopatoa.com\/ro\/wp-json\/wp\/v2\/product_cat?post=447755"},{"taxonomy":"product_tag","embeddable":true,"href":"https:\/\/shopatoa.com\/ro\/wp-json\/wp\/v2\/product_tag?post=447755"}],"curies":[{"name":"wp","href":"https:\/\/api.w.org\/{rel}","templated":true}]}}