{"id":448577,"date":"2025-06-25T01:13:36","date_gmt":"2025-06-24T23:13:36","guid":{"rendered":"https:\/\/shopatoa.com\/ro\/cosrx-full-fit-propolis-masca-hidratanta-pentru-buze-pentru-noapte-20-g\/"},"modified":"2026-02-05T03:03:17","modified_gmt":"2026-02-05T02:03:17","slug":"cosrx-full-fit-propolis-masca-hidratanta-pentru-buze-pentru-noapte-20-g","status":"publish","type":"product","link":"https:\/\/shopatoa.com\/ro\/cosrx-full-fit-propolis-masca-hidratanta-pentru-buze-pentru-noapte-20-g\/","title":{"rendered":"Cosrx Full Fit Propolis masc\u0103 hidratant\u0103 pentru buze pentru noapte 20 g"},"content":{"rendered":"<p>Cosrx Full Fit Propolis, 20 g, M\u0103\u0219ti pentru buze pentru femei, Pielea delicat\u0103 a buzelor este expus\u0103 \u00een fiecare zi la diver\u0219i factori de stres, de la contactul frecvent cu alimentele p\u00e2n\u0103 la condi\u021biile meteorologice nefavorabile. De aceea, merit\u0103 o \u00eengrijire special\u0103. Masca pentru buze Cosrx Full Fit Propolis le va oferi hidratarea necesar\u0103, va favoriza regenerarea lor \u0219i le va l\u0103sa natural frumoase.  Caracteristici:  regenereaz\u0103 intens repar\u0103 buzele uscate \u0219i cr\u0103pate las\u0103 buzele catifelate \u0219i suple  Cum se utilizeaz\u0103: Se aplic\u0103 pe buzele curate \u0219i uscate.<\/p>\n","protected":false},"excerpt":{"rendered":"<p>Cosrx Full Fit Propolis, 20 g, M\u0103\u0219ti pentru buze pentru femei, Pielea delicat\u0103 a buzelor este expus\u0103 \u00een fiecare zi la diver\u0219i factori de stres, de la contactul frecvent cu alimentele p\u00e2n\u0103 la condi\u021biile meteorologice nefavorabile. De aceea, merit\u0103 o \u00eengrijire special\u0103. Masca pentru buze Cosrx Full Fit Propolis le va oferi hidratarea necesar\u0103, va&#8230;<\/p>\n","protected":false},"featured_media":448578,"comment_status":"closed","ping_status":"open","template":"","meta":{"_acf_changed":false,"_kadence_starter_templates_imported_post":false,"_kad_post_transparent":"","_kad_post_title":"","_kad_post_layout":"","_kad_post_sidebar_id":"","_kad_post_content_style":"","_kad_post_vertical_padding":"","_kad_post_feature":"","_kad_post_feature_position":"","_kad_post_header":false,"_kad_post_footer":false,"_kad_post_classname":""},"product_brand":[797],"product_cat":[1628,1564,1563,1565,1562],"product_tag":[],"class_list":{"0":"post-448577","1":"product","2":"type-product","3":"status-publish","4":"has-post-thumbnail","6":"product_brand-cosrx","7":"product_cat-balsamuri-si-tratamente-pentru-buze","8":"product_cat-cosmetice-ingrijire-personala","9":"product_cat-ingrijire-personala","10":"product_cat-ingrijirea-pielii","11":"product_cat-sanatate-si-frumusete","12":"pa_gen-female","13":"pa_marime-20-g","15":"first","16":"instock","17":"product-type-external","18":"entry","19":"content-bg","20":"loop-entry"},"acf":[],"yoast_head":"<!-- This site is optimized with the Yoast SEO plugin v27.3 - https:\/\/yoast.com\/product\/yoast-seo-wordpress\/ -->\n<title>Cosrx Full Fit Propolis masc\u0103 hidratant\u0103 pentru buze pentru noapte 20 g - SHOPATOA.COM<\/title>\n<meta name=\"robots\" content=\"index, follow, max-snippet:-1, max-image-preview:large, max-video-preview:-1\" \/>\n<link rel=\"canonical\" href=\"https:\/\/shopatoa.com\/ro\/cosrx-full-fit-propolis-masca-hidratanta-pentru-buze-pentru-noapte-20-g\/\" \/>\n<meta property=\"og:locale\" content=\"ro_RO\" \/>\n<meta property=\"og:type\" content=\"article\" \/>\n<meta property=\"og:title\" content=\"Cosrx Full Fit Propolis masc\u0103 hidratant\u0103 pentru buze pentru noapte 20 g - SHOPATOA.COM\" \/>\n<meta property=\"og:description\" content=\"Cosrx Full Fit Propolis, 20 g, M\u0103\u0219ti pentru buze pentru femei, Pielea delicat\u0103 a buzelor este expus\u0103 \u00een fiecare zi la diver\u0219i factori de stres, de la contactul frecvent cu alimentele p\u00e2n\u0103 la condi\u021biile meteorologice nefavorabile. De aceea, merit\u0103 o \u00eengrijire special\u0103. Masca pentru buze Cosrx Full Fit Propolis le va oferi hidratarea necesar\u0103, va...\" \/>\n<meta property=\"og:url\" content=\"https:\/\/shopatoa.com\/ro\/cosrx-full-fit-propolis-masca-hidratanta-pentru-buze-pentru-noapte-20-g\/\" \/>\n<meta property=\"og:site_name\" content=\"SHOPATOA\" \/>\n<meta property=\"article:modified_time\" content=\"2026-02-05T02:03:17+00:00\" \/>\n<meta property=\"og:image\" content=\"https:\/\/storage.googleapis.com\/cz-shopatoa-img\/ro\/696eb8e9-unnamed-file.webp\" \/>\n\t<meta property=\"og:image:width\" content=\"800\" \/>\n\t<meta property=\"og:image:height\" content=\"800\" \/>\n\t<meta property=\"og:image:type\" content=\"image\/webp\" \/>\n<meta name=\"twitter:card\" content=\"summary_large_image\" \/>\n<script type=\"application\/ld+json\" class=\"yoast-schema-graph\">{\"@context\":\"https:\\\/\\\/schema.org\",\"@graph\":[{\"@type\":\"WebPage\",\"@id\":\"https:\\\/\\\/shopatoa.com\\\/ro\\\/cosrx-full-fit-propolis-masca-hidratanta-pentru-buze-pentru-noapte-20-g\\\/\",\"url\":\"https:\\\/\\\/shopatoa.com\\\/ro\\\/cosrx-full-fit-propolis-masca-hidratanta-pentru-buze-pentru-noapte-20-g\\\/\",\"name\":\"Cosrx Full Fit Propolis masc\u0103 hidratant\u0103 pentru buze pentru noapte 20 g - SHOPATOA.COM\",\"isPartOf\":{\"@id\":\"https:\\\/\\\/shopatoa.com\\\/ro\\\/#website\"},\"primaryImageOfPage\":{\"@id\":\"https:\\\/\\\/shopatoa.com\\\/ro\\\/cosrx-full-fit-propolis-masca-hidratanta-pentru-buze-pentru-noapte-20-g\\\/#primaryimage\"},\"image\":{\"@id\":\"https:\\\/\\\/shopatoa.com\\\/ro\\\/cosrx-full-fit-propolis-masca-hidratanta-pentru-buze-pentru-noapte-20-g\\\/#primaryimage\"},\"thumbnailUrl\":\"https:\\\/\\\/storage.googleapis.com\\\/cz-shopatoa-img\\\/ro\\\/696eb8e9-unnamed-file.webp\",\"datePublished\":\"2025-06-24T23:13:36+00:00\",\"dateModified\":\"2026-02-05T02:03:17+00:00\",\"breadcrumb\":{\"@id\":\"https:\\\/\\\/shopatoa.com\\\/ro\\\/cosrx-full-fit-propolis-masca-hidratanta-pentru-buze-pentru-noapte-20-g\\\/#breadcrumb\"},\"inLanguage\":\"ro-RO\",\"potentialAction\":[{\"@type\":\"ReadAction\",\"target\":[\"https:\\\/\\\/shopatoa.com\\\/ro\\\/cosrx-full-fit-propolis-masca-hidratanta-pentru-buze-pentru-noapte-20-g\\\/\"]}]},{\"@type\":\"ImageObject\",\"inLanguage\":\"ro-RO\",\"@id\":\"https:\\\/\\\/shopatoa.com\\\/ro\\\/cosrx-full-fit-propolis-masca-hidratanta-pentru-buze-pentru-noapte-20-g\\\/#primaryimage\",\"url\":\"https:\\\/\\\/storage.googleapis.com\\\/cz-shopatoa-img\\\/ro\\\/696eb8e9-unnamed-file.webp\",\"contentUrl\":\"https:\\\/\\\/storage.googleapis.com\\\/cz-shopatoa-img\\\/ro\\\/696eb8e9-unnamed-file.webp\",\"width\":800,\"height\":800},{\"@type\":\"BreadcrumbList\",\"@id\":\"https:\\\/\\\/shopatoa.com\\\/ro\\\/cosrx-full-fit-propolis-masca-hidratanta-pentru-buze-pentru-noapte-20-g\\\/#breadcrumb\",\"itemListElement\":[{\"@type\":\"ListItem\",\"position\":1,\"name\":\"Dom\u016f\",\"item\":\"https:\\\/\\\/shopatoa.com\\\/ro\\\/\"},{\"@type\":\"ListItem\",\"position\":2,\"name\":\"Shop\",\"item\":\"https:\\\/\\\/shopatoa.com\\\/ro\\\/shop\\\/\"},{\"@type\":\"ListItem\",\"position\":3,\"name\":\"S\u0103n\u0103tate \u0219i frumuse\u021be\",\"item\":\"https:\\\/\\\/shopatoa.com\\\/ro\\\/sanatate-si-frumusete\\\/\"},{\"@type\":\"ListItem\",\"position\":4,\"name\":\"\u00cengrijire personal\u0103\",\"item\":\"https:\\\/\\\/shopatoa.com\\\/ro\\\/ingrijire-personala\\\/\"},{\"@type\":\"ListItem\",\"position\":5,\"name\":\"Cosmetice\",\"item\":\"https:\\\/\\\/shopatoa.com\\\/ro\\\/cosmetice-ingrijire-personala\\\/\"},{\"@type\":\"ListItem\",\"position\":6,\"name\":\"\u00cengrijirea pielii\",\"item\":\"https:\\\/\\\/shopatoa.com\\\/ro\\\/ingrijirea-pielii\\\/\"},{\"@type\":\"ListItem\",\"position\":7,\"name\":\"Balsamuri \u0219i tratamente pentru buze\",\"item\":\"https:\\\/\\\/shopatoa.com\\\/ro\\\/balsamuri-si-tratamente-pentru-buze\\\/\"},{\"@type\":\"ListItem\",\"position\":8,\"name\":\"Cosrx Full Fit Propolis masc\u0103 hidratant\u0103 pentru buze pentru noapte 20 g\"}]},{\"@type\":\"WebSite\",\"@id\":\"https:\\\/\\\/shopatoa.com\\\/ro\\\/#website\",\"url\":\"https:\\\/\\\/shopatoa.com\\\/ro\\\/\",\"name\":\"SHOPATOA\",\"description\":\"\",\"publisher\":{\"@id\":\"https:\\\/\\\/shopatoa.com\\\/ro\\\/#organization\"},\"potentialAction\":[{\"@type\":\"SearchAction\",\"target\":{\"@type\":\"EntryPoint\",\"urlTemplate\":\"https:\\\/\\\/shopatoa.com\\\/ro\\\/?s={search_term_string}\"},\"query-input\":{\"@type\":\"PropertyValueSpecification\",\"valueRequired\":true,\"valueName\":\"search_term_string\"}}],\"inLanguage\":\"ro-RO\"},{\"@type\":\"Organization\",\"@id\":\"https:\\\/\\\/shopatoa.com\\\/ro\\\/#organization\",\"name\":\"SHOPATOA\",\"url\":\"https:\\\/\\\/shopatoa.com\\\/ro\\\/\",\"logo\":{\"@type\":\"ImageObject\",\"inLanguage\":\"ro-RO\",\"@id\":\"https:\\\/\\\/shopatoa.com\\\/ro\\\/#\\\/schema\\\/logo\\\/image\\\/\",\"url\":\"https:\\\/\\\/storage.googleapis.com\\\/cz-shopatoa-img\\\/ro\\\/b4dac915-shopatoa_logo.png\",\"contentUrl\":\"https:\\\/\\\/storage.googleapis.com\\\/cz-shopatoa-img\\\/ro\\\/b4dac915-shopatoa_logo.png\",\"width\":416,\"height\":63,\"caption\":\"SHOPATOA\"},\"image\":{\"@id\":\"https:\\\/\\\/shopatoa.com\\\/ro\\\/#\\\/schema\\\/logo\\\/image\\\/\"}}]}<\/script>\n<!-- \/ Yoast SEO plugin. -->","yoast_head_json":{"title":"Cosrx Full Fit Propolis masc\u0103 hidratant\u0103 pentru buze pentru noapte 20 g - SHOPATOA.COM","robots":{"index":"index","follow":"follow","max-snippet":"max-snippet:-1","max-image-preview":"max-image-preview:large","max-video-preview":"max-video-preview:-1"},"canonical":"https:\/\/shopatoa.com\/ro\/cosrx-full-fit-propolis-masca-hidratanta-pentru-buze-pentru-noapte-20-g\/","og_locale":"ro_RO","og_type":"article","og_title":"Cosrx Full Fit Propolis masc\u0103 hidratant\u0103 pentru buze pentru noapte 20 g - SHOPATOA.COM","og_description":"Cosrx Full Fit Propolis, 20 g, M\u0103\u0219ti pentru buze pentru femei, Pielea delicat\u0103 a buzelor este expus\u0103 \u00een fiecare zi la diver\u0219i factori de stres, de la contactul frecvent cu alimentele p\u00e2n\u0103 la condi\u021biile meteorologice nefavorabile. De aceea, merit\u0103 o \u00eengrijire special\u0103. Masca pentru buze Cosrx Full Fit Propolis le va oferi hidratarea necesar\u0103, va...","og_url":"https:\/\/shopatoa.com\/ro\/cosrx-full-fit-propolis-masca-hidratanta-pentru-buze-pentru-noapte-20-g\/","og_site_name":"SHOPATOA","article_modified_time":"2026-02-05T02:03:17+00:00","og_image":[{"width":800,"height":800,"url":"https:\/\/storage.googleapis.com\/cz-shopatoa-img\/ro\/696eb8e9-unnamed-file.webp","type":"image\/webp"}],"twitter_card":"summary_large_image","schema":{"@context":"https:\/\/schema.org","@graph":[{"@type":"WebPage","@id":"https:\/\/shopatoa.com\/ro\/cosrx-full-fit-propolis-masca-hidratanta-pentru-buze-pentru-noapte-20-g\/","url":"https:\/\/shopatoa.com\/ro\/cosrx-full-fit-propolis-masca-hidratanta-pentru-buze-pentru-noapte-20-g\/","name":"Cosrx Full Fit Propolis masc\u0103 hidratant\u0103 pentru buze pentru noapte 20 g - SHOPATOA.COM","isPartOf":{"@id":"https:\/\/shopatoa.com\/ro\/#website"},"primaryImageOfPage":{"@id":"https:\/\/shopatoa.com\/ro\/cosrx-full-fit-propolis-masca-hidratanta-pentru-buze-pentru-noapte-20-g\/#primaryimage"},"image":{"@id":"https:\/\/shopatoa.com\/ro\/cosrx-full-fit-propolis-masca-hidratanta-pentru-buze-pentru-noapte-20-g\/#primaryimage"},"thumbnailUrl":"https:\/\/storage.googleapis.com\/cz-shopatoa-img\/ro\/696eb8e9-unnamed-file.webp","datePublished":"2025-06-24T23:13:36+00:00","dateModified":"2026-02-05T02:03:17+00:00","breadcrumb":{"@id":"https:\/\/shopatoa.com\/ro\/cosrx-full-fit-propolis-masca-hidratanta-pentru-buze-pentru-noapte-20-g\/#breadcrumb"},"inLanguage":"ro-RO","potentialAction":[{"@type":"ReadAction","target":["https:\/\/shopatoa.com\/ro\/cosrx-full-fit-propolis-masca-hidratanta-pentru-buze-pentru-noapte-20-g\/"]}]},{"@type":"ImageObject","inLanguage":"ro-RO","@id":"https:\/\/shopatoa.com\/ro\/cosrx-full-fit-propolis-masca-hidratanta-pentru-buze-pentru-noapte-20-g\/#primaryimage","url":"https:\/\/storage.googleapis.com\/cz-shopatoa-img\/ro\/696eb8e9-unnamed-file.webp","contentUrl":"https:\/\/storage.googleapis.com\/cz-shopatoa-img\/ro\/696eb8e9-unnamed-file.webp","width":800,"height":800},{"@type":"BreadcrumbList","@id":"https:\/\/shopatoa.com\/ro\/cosrx-full-fit-propolis-masca-hidratanta-pentru-buze-pentru-noapte-20-g\/#breadcrumb","itemListElement":[{"@type":"ListItem","position":1,"name":"Dom\u016f","item":"https:\/\/shopatoa.com\/ro\/"},{"@type":"ListItem","position":2,"name":"Shop","item":"https:\/\/shopatoa.com\/ro\/shop\/"},{"@type":"ListItem","position":3,"name":"S\u0103n\u0103tate \u0219i frumuse\u021be","item":"https:\/\/shopatoa.com\/ro\/sanatate-si-frumusete\/"},{"@type":"ListItem","position":4,"name":"\u00cengrijire personal\u0103","item":"https:\/\/shopatoa.com\/ro\/ingrijire-personala\/"},{"@type":"ListItem","position":5,"name":"Cosmetice","item":"https:\/\/shopatoa.com\/ro\/cosmetice-ingrijire-personala\/"},{"@type":"ListItem","position":6,"name":"\u00cengrijirea pielii","item":"https:\/\/shopatoa.com\/ro\/ingrijirea-pielii\/"},{"@type":"ListItem","position":7,"name":"Balsamuri \u0219i tratamente pentru buze","item":"https:\/\/shopatoa.com\/ro\/balsamuri-si-tratamente-pentru-buze\/"},{"@type":"ListItem","position":8,"name":"Cosrx Full Fit Propolis masc\u0103 hidratant\u0103 pentru buze pentru noapte 20 g"}]},{"@type":"WebSite","@id":"https:\/\/shopatoa.com\/ro\/#website","url":"https:\/\/shopatoa.com\/ro\/","name":"SHOPATOA","description":"","publisher":{"@id":"https:\/\/shopatoa.com\/ro\/#organization"},"potentialAction":[{"@type":"SearchAction","target":{"@type":"EntryPoint","urlTemplate":"https:\/\/shopatoa.com\/ro\/?s={search_term_string}"},"query-input":{"@type":"PropertyValueSpecification","valueRequired":true,"valueName":"search_term_string"}}],"inLanguage":"ro-RO"},{"@type":"Organization","@id":"https:\/\/shopatoa.com\/ro\/#organization","name":"SHOPATOA","url":"https:\/\/shopatoa.com\/ro\/","logo":{"@type":"ImageObject","inLanguage":"ro-RO","@id":"https:\/\/shopatoa.com\/ro\/#\/schema\/logo\/image\/","url":"https:\/\/storage.googleapis.com\/cz-shopatoa-img\/ro\/b4dac915-shopatoa_logo.png","contentUrl":"https:\/\/storage.googleapis.com\/cz-shopatoa-img\/ro\/b4dac915-shopatoa_logo.png","width":416,"height":63,"caption":"SHOPATOA"},"image":{"@id":"https:\/\/shopatoa.com\/ro\/#\/schema\/logo\/image\/"}}]}},"_links":{"self":[{"href":"https:\/\/shopatoa.com\/ro\/wp-json\/wp\/v2\/product\/448577","targetHints":{"allow":["GET"]}}],"collection":[{"href":"https:\/\/shopatoa.com\/ro\/wp-json\/wp\/v2\/product"}],"about":[{"href":"https:\/\/shopatoa.com\/ro\/wp-json\/wp\/v2\/types\/product"}],"replies":[{"embeddable":true,"href":"https:\/\/shopatoa.com\/ro\/wp-json\/wp\/v2\/comments?post=448577"}],"wp:featuredmedia":[{"embeddable":true,"href":"https:\/\/shopatoa.com\/ro\/wp-json\/wp\/v2\/media\/448578"}],"wp:attachment":[{"href":"https:\/\/shopatoa.com\/ro\/wp-json\/wp\/v2\/media?parent=448577"}],"wp:term":[{"taxonomy":"product_brand","embeddable":true,"href":"https:\/\/shopatoa.com\/ro\/wp-json\/wp\/v2\/product_brand?post=448577"},{"taxonomy":"product_cat","embeddable":true,"href":"https:\/\/shopatoa.com\/ro\/wp-json\/wp\/v2\/product_cat?post=448577"},{"taxonomy":"product_tag","embeddable":true,"href":"https:\/\/shopatoa.com\/ro\/wp-json\/wp\/v2\/product_tag?post=448577"}],"curies":[{"name":"wp","href":"https:\/\/api.w.org\/{rel}","templated":true}]}}