{"id":448639,"date":"2025-06-25T01:18:59","date_gmt":"2025-06-24T23:18:59","guid":{"rendered":"https:\/\/shopatoa.com\/ro\/joanna-styling-effect-ser-pentru-uniformizare-30-ml\/"},"modified":"2026-02-05T02:54:09","modified_gmt":"2026-02-05T01:54:09","slug":"joanna-styling-effect-ser-pentru-uniformizare-30-ml","status":"publish","type":"product","link":"https:\/\/shopatoa.com\/ro\/joanna-styling-effect-ser-pentru-uniformizare-30-ml\/","title":{"rendered":"Joanna Styling Effect ser pentru uniformizare 30 ml"},"content":{"rendered":"<p>Joanna Styling Effect, 30 ml, Seruri pentru p\u0103r pentru femei, V\u0103 dori\u021bi un p\u0103r frumos de la r\u0103d\u0103cin\u0103 p\u00e2n\u0103 la v\u00e2rfuri, dar sim\u021bi\u021bi c\u0103 \u00eengrijirea oferit\u0103 de \u0219ampon, balsam sau chiar masc\u0103 nu este suficient\u0103? Serul Joanna Styling Effect v\u0103 va \u00eembog\u0103\u021bi perfect rutina de \u00eengrijire existent\u0103 \u0219i v\u0103 va ajuta s\u0103 ob\u021bine\u021bi rezultatul dorit. Va oferi nutri\u021bia necesar\u0103, fortific\u00e2nd p\u0103rul \u0219i oferindu-i tot ce are nevoie pentru a str\u0103luci din nou. Datorit\u0103 formulei de \u00eengrijire care favorizeaz\u0103 regenerarea natural\u0103, serul va oferi p\u0103rului dvs. o nou\u0103 via\u021b\u0103. Cu o utilizare regulat\u0103, ve\u021bi observa \u00een scurt timp un p\u0103r puternic, str\u0103lucitor \u0219i cu aspect s\u0103n\u0103tos.  Caracteristici:  neteze\u0219te suprafa\u021ba p\u0103rului penetreaz\u0103 \u0219i fortific\u0103 suprafa\u021ba firului de p\u0103r hr\u0103ne\u0219te p\u0103rul pe \u00eentreaga sa lungime asigur\u0103 p\u0103rului hidratarea necesar\u0103  Cum se utilizeaz\u0103: Se pune \u00een palm\u0103 o cantitate mic\u0103 de ser \u0219i se maseaz\u0103 \u00een p\u0103r.<\/p>\n","protected":false},"excerpt":{"rendered":"<p>Joanna Styling Effect, 30 ml, Seruri pentru p\u0103r pentru femei, V\u0103 dori\u021bi un p\u0103r frumos de la r\u0103d\u0103cin\u0103 p\u00e2n\u0103 la v\u00e2rfuri, dar sim\u021bi\u021bi c\u0103 \u00eengrijirea oferit\u0103 de \u0219ampon, balsam sau chiar masc\u0103 nu este suficient\u0103? Serul Joanna Styling Effect v\u0103 va \u00eembog\u0103\u021bi perfect rutina de \u00eengrijire existent\u0103 \u0219i v\u0103 va ajuta s\u0103 ob\u021bine\u021bi rezultatul dorit&#8230;.<\/p>\n","protected":false},"featured_media":448640,"comment_status":"closed","ping_status":"open","template":"","meta":{"_acf_changed":false,"_kadence_starter_templates_imported_post":false,"_kad_post_transparent":"","_kad_post_title":"","_kad_post_layout":"","_kad_post_sidebar_id":"","_kad_post_content_style":"","_kad_post_vertical_padding":"","_kad_post_feature":"","_kad_post_feature_position":"","_kad_post_header":false,"_kad_post_footer":false,"_kad_post_classname":""},"product_brand":[2614],"product_cat":[1563,1590,1562],"product_tag":[],"class_list":{"0":"post-448639","1":"product","2":"type-product","3":"status-publish","4":"has-post-thumbnail","6":"product_brand-joanna","7":"product_cat-ingrijire-personala","8":"product_cat-ingrijirea-parului","9":"product_cat-sanatate-si-frumusete","10":"pa_gen-female","11":"pa_marime-30-ml","13":"first","14":"instock","15":"sale","16":"product-type-external","17":"entry","18":"content-bg","19":"loop-entry"},"acf":[],"yoast_head":"<!-- This site is optimized with the Yoast SEO plugin v27.4 - https:\/\/yoast.com\/product\/yoast-seo-wordpress\/ -->\n<title>Joanna Styling Effect ser pentru uniformizare 30 ml - SHOPATOA.COM<\/title>\n<meta name=\"robots\" content=\"index, follow, max-snippet:-1, max-image-preview:large, max-video-preview:-1\" \/>\n<link rel=\"canonical\" href=\"https:\/\/shopatoa.com\/ro\/joanna-styling-effect-ser-pentru-uniformizare-30-ml\/\" \/>\n<meta property=\"og:locale\" content=\"ro_RO\" \/>\n<meta property=\"og:type\" content=\"article\" \/>\n<meta property=\"og:title\" content=\"Joanna Styling Effect ser pentru uniformizare 30 ml - SHOPATOA.COM\" \/>\n<meta property=\"og:description\" content=\"Joanna Styling Effect, 30 ml, Seruri pentru p\u0103r pentru femei, V\u0103 dori\u021bi un p\u0103r frumos de la r\u0103d\u0103cin\u0103 p\u00e2n\u0103 la v\u00e2rfuri, dar sim\u021bi\u021bi c\u0103 \u00eengrijirea oferit\u0103 de \u0219ampon, balsam sau chiar masc\u0103 nu este suficient\u0103? Serul Joanna Styling Effect v\u0103 va \u00eembog\u0103\u021bi perfect rutina de \u00eengrijire existent\u0103 \u0219i v\u0103 va ajuta s\u0103 ob\u021bine\u021bi rezultatul dorit....\" \/>\n<meta property=\"og:url\" content=\"https:\/\/shopatoa.com\/ro\/joanna-styling-effect-ser-pentru-uniformizare-30-ml\/\" \/>\n<meta property=\"og:site_name\" content=\"SHOPATOA\" \/>\n<meta property=\"article:modified_time\" content=\"2026-02-05T01:54:09+00:00\" \/>\n<meta property=\"og:image\" content=\"https:\/\/storage.googleapis.com\/cz-shopatoa-img\/ro\/68ce57cf-unnamed-file.webp\" \/>\n\t<meta property=\"og:image:width\" content=\"800\" \/>\n\t<meta property=\"og:image:height\" content=\"800\" \/>\n\t<meta property=\"og:image:type\" content=\"image\/webp\" \/>\n<meta name=\"twitter:card\" content=\"summary_large_image\" \/>\n<meta name=\"twitter:label1\" content=\"Timp estimat pentru citire\" \/>\n\t<meta name=\"twitter:data1\" content=\"1 minut\" \/>\n<script type=\"application\/ld+json\" class=\"yoast-schema-graph\">{\"@context\":\"https:\\\/\\\/schema.org\",\"@graph\":[{\"@type\":\"WebPage\",\"@id\":\"https:\\\/\\\/shopatoa.com\\\/ro\\\/joanna-styling-effect-ser-pentru-uniformizare-30-ml\\\/\",\"url\":\"https:\\\/\\\/shopatoa.com\\\/ro\\\/joanna-styling-effect-ser-pentru-uniformizare-30-ml\\\/\",\"name\":\"Joanna Styling Effect ser pentru uniformizare 30 ml - SHOPATOA.COM\",\"isPartOf\":{\"@id\":\"https:\\\/\\\/shopatoa.com\\\/ro\\\/#website\"},\"primaryImageOfPage\":{\"@id\":\"https:\\\/\\\/shopatoa.com\\\/ro\\\/joanna-styling-effect-ser-pentru-uniformizare-30-ml\\\/#primaryimage\"},\"image\":{\"@id\":\"https:\\\/\\\/shopatoa.com\\\/ro\\\/joanna-styling-effect-ser-pentru-uniformizare-30-ml\\\/#primaryimage\"},\"thumbnailUrl\":\"https:\\\/\\\/storage.googleapis.com\\\/cz-shopatoa-img\\\/ro\\\/68ce57cf-unnamed-file.webp\",\"datePublished\":\"2025-06-24T23:18:59+00:00\",\"dateModified\":\"2026-02-05T01:54:09+00:00\",\"breadcrumb\":{\"@id\":\"https:\\\/\\\/shopatoa.com\\\/ro\\\/joanna-styling-effect-ser-pentru-uniformizare-30-ml\\\/#breadcrumb\"},\"inLanguage\":\"ro-RO\",\"potentialAction\":[{\"@type\":\"ReadAction\",\"target\":[\"https:\\\/\\\/shopatoa.com\\\/ro\\\/joanna-styling-effect-ser-pentru-uniformizare-30-ml\\\/\"]}]},{\"@type\":\"ImageObject\",\"inLanguage\":\"ro-RO\",\"@id\":\"https:\\\/\\\/shopatoa.com\\\/ro\\\/joanna-styling-effect-ser-pentru-uniformizare-30-ml\\\/#primaryimage\",\"url\":\"https:\\\/\\\/storage.googleapis.com\\\/cz-shopatoa-img\\\/ro\\\/68ce57cf-unnamed-file.webp\",\"contentUrl\":\"https:\\\/\\\/storage.googleapis.com\\\/cz-shopatoa-img\\\/ro\\\/68ce57cf-unnamed-file.webp\",\"width\":800,\"height\":800},{\"@type\":\"BreadcrumbList\",\"@id\":\"https:\\\/\\\/shopatoa.com\\\/ro\\\/joanna-styling-effect-ser-pentru-uniformizare-30-ml\\\/#breadcrumb\",\"itemListElement\":[{\"@type\":\"ListItem\",\"position\":1,\"name\":\"Dom\u016f\",\"item\":\"https:\\\/\\\/shopatoa.com\\\/ro\\\/\"},{\"@type\":\"ListItem\",\"position\":2,\"name\":\"Shop\",\"item\":\"https:\\\/\\\/shopatoa.com\\\/ro\\\/shop\\\/\"},{\"@type\":\"ListItem\",\"position\":3,\"name\":\"S\u0103n\u0103tate \u0219i frumuse\u021be\",\"item\":\"https:\\\/\\\/shopatoa.com\\\/ro\\\/sanatate-si-frumusete\\\/\"},{\"@type\":\"ListItem\",\"position\":4,\"name\":\"\u00cengrijire personal\u0103\",\"item\":\"https:\\\/\\\/shopatoa.com\\\/ro\\\/ingrijire-personala\\\/\"},{\"@type\":\"ListItem\",\"position\":5,\"name\":\"\u00cengrijirea p\u0103rului\",\"item\":\"https:\\\/\\\/shopatoa.com\\\/ro\\\/ingrijirea-parului\\\/\"},{\"@type\":\"ListItem\",\"position\":6,\"name\":\"Joanna Styling Effect ser pentru uniformizare 30 ml\"}]},{\"@type\":\"WebSite\",\"@id\":\"https:\\\/\\\/shopatoa.com\\\/ro\\\/#website\",\"url\":\"https:\\\/\\\/shopatoa.com\\\/ro\\\/\",\"name\":\"SHOPATOA\",\"description\":\"\",\"publisher\":{\"@id\":\"https:\\\/\\\/shopatoa.com\\\/ro\\\/#organization\"},\"potentialAction\":[{\"@type\":\"SearchAction\",\"target\":{\"@type\":\"EntryPoint\",\"urlTemplate\":\"https:\\\/\\\/shopatoa.com\\\/ro\\\/?s={search_term_string}\"},\"query-input\":{\"@type\":\"PropertyValueSpecification\",\"valueRequired\":true,\"valueName\":\"search_term_string\"}}],\"inLanguage\":\"ro-RO\"},{\"@type\":\"Organization\",\"@id\":\"https:\\\/\\\/shopatoa.com\\\/ro\\\/#organization\",\"name\":\"SHOPATOA\",\"url\":\"https:\\\/\\\/shopatoa.com\\\/ro\\\/\",\"logo\":{\"@type\":\"ImageObject\",\"inLanguage\":\"ro-RO\",\"@id\":\"https:\\\/\\\/shopatoa.com\\\/ro\\\/#\\\/schema\\\/logo\\\/image\\\/\",\"url\":\"https:\\\/\\\/storage.googleapis.com\\\/cz-shopatoa-img\\\/ro\\\/b4dac915-shopatoa_logo.png\",\"contentUrl\":\"https:\\\/\\\/storage.googleapis.com\\\/cz-shopatoa-img\\\/ro\\\/b4dac915-shopatoa_logo.png\",\"width\":416,\"height\":63,\"caption\":\"SHOPATOA\"},\"image\":{\"@id\":\"https:\\\/\\\/shopatoa.com\\\/ro\\\/#\\\/schema\\\/logo\\\/image\\\/\"}}]}<\/script>\n<!-- \/ Yoast SEO plugin. -->","yoast_head_json":{"title":"Joanna Styling Effect ser pentru uniformizare 30 ml - SHOPATOA.COM","robots":{"index":"index","follow":"follow","max-snippet":"max-snippet:-1","max-image-preview":"max-image-preview:large","max-video-preview":"max-video-preview:-1"},"canonical":"https:\/\/shopatoa.com\/ro\/joanna-styling-effect-ser-pentru-uniformizare-30-ml\/","og_locale":"ro_RO","og_type":"article","og_title":"Joanna Styling Effect ser pentru uniformizare 30 ml - SHOPATOA.COM","og_description":"Joanna Styling Effect, 30 ml, Seruri pentru p\u0103r pentru femei, V\u0103 dori\u021bi un p\u0103r frumos de la r\u0103d\u0103cin\u0103 p\u00e2n\u0103 la v\u00e2rfuri, dar sim\u021bi\u021bi c\u0103 \u00eengrijirea oferit\u0103 de \u0219ampon, balsam sau chiar masc\u0103 nu este suficient\u0103? Serul Joanna Styling Effect v\u0103 va \u00eembog\u0103\u021bi perfect rutina de \u00eengrijire existent\u0103 \u0219i v\u0103 va ajuta s\u0103 ob\u021bine\u021bi rezultatul dorit....","og_url":"https:\/\/shopatoa.com\/ro\/joanna-styling-effect-ser-pentru-uniformizare-30-ml\/","og_site_name":"SHOPATOA","article_modified_time":"2026-02-05T01:54:09+00:00","og_image":[{"width":800,"height":800,"url":"https:\/\/storage.googleapis.com\/cz-shopatoa-img\/ro\/68ce57cf-unnamed-file.webp","type":"image\/webp"}],"twitter_card":"summary_large_image","twitter_misc":{"Timp estimat pentru citire":"1 minut"},"schema":{"@context":"https:\/\/schema.org","@graph":[{"@type":"WebPage","@id":"https:\/\/shopatoa.com\/ro\/joanna-styling-effect-ser-pentru-uniformizare-30-ml\/","url":"https:\/\/shopatoa.com\/ro\/joanna-styling-effect-ser-pentru-uniformizare-30-ml\/","name":"Joanna Styling Effect ser pentru uniformizare 30 ml - SHOPATOA.COM","isPartOf":{"@id":"https:\/\/shopatoa.com\/ro\/#website"},"primaryImageOfPage":{"@id":"https:\/\/shopatoa.com\/ro\/joanna-styling-effect-ser-pentru-uniformizare-30-ml\/#primaryimage"},"image":{"@id":"https:\/\/shopatoa.com\/ro\/joanna-styling-effect-ser-pentru-uniformizare-30-ml\/#primaryimage"},"thumbnailUrl":"https:\/\/storage.googleapis.com\/cz-shopatoa-img\/ro\/68ce57cf-unnamed-file.webp","datePublished":"2025-06-24T23:18:59+00:00","dateModified":"2026-02-05T01:54:09+00:00","breadcrumb":{"@id":"https:\/\/shopatoa.com\/ro\/joanna-styling-effect-ser-pentru-uniformizare-30-ml\/#breadcrumb"},"inLanguage":"ro-RO","potentialAction":[{"@type":"ReadAction","target":["https:\/\/shopatoa.com\/ro\/joanna-styling-effect-ser-pentru-uniformizare-30-ml\/"]}]},{"@type":"ImageObject","inLanguage":"ro-RO","@id":"https:\/\/shopatoa.com\/ro\/joanna-styling-effect-ser-pentru-uniformizare-30-ml\/#primaryimage","url":"https:\/\/storage.googleapis.com\/cz-shopatoa-img\/ro\/68ce57cf-unnamed-file.webp","contentUrl":"https:\/\/storage.googleapis.com\/cz-shopatoa-img\/ro\/68ce57cf-unnamed-file.webp","width":800,"height":800},{"@type":"BreadcrumbList","@id":"https:\/\/shopatoa.com\/ro\/joanna-styling-effect-ser-pentru-uniformizare-30-ml\/#breadcrumb","itemListElement":[{"@type":"ListItem","position":1,"name":"Dom\u016f","item":"https:\/\/shopatoa.com\/ro\/"},{"@type":"ListItem","position":2,"name":"Shop","item":"https:\/\/shopatoa.com\/ro\/shop\/"},{"@type":"ListItem","position":3,"name":"S\u0103n\u0103tate \u0219i frumuse\u021be","item":"https:\/\/shopatoa.com\/ro\/sanatate-si-frumusete\/"},{"@type":"ListItem","position":4,"name":"\u00cengrijire personal\u0103","item":"https:\/\/shopatoa.com\/ro\/ingrijire-personala\/"},{"@type":"ListItem","position":5,"name":"\u00cengrijirea p\u0103rului","item":"https:\/\/shopatoa.com\/ro\/ingrijirea-parului\/"},{"@type":"ListItem","position":6,"name":"Joanna Styling Effect ser pentru uniformizare 30 ml"}]},{"@type":"WebSite","@id":"https:\/\/shopatoa.com\/ro\/#website","url":"https:\/\/shopatoa.com\/ro\/","name":"SHOPATOA","description":"","publisher":{"@id":"https:\/\/shopatoa.com\/ro\/#organization"},"potentialAction":[{"@type":"SearchAction","target":{"@type":"EntryPoint","urlTemplate":"https:\/\/shopatoa.com\/ro\/?s={search_term_string}"},"query-input":{"@type":"PropertyValueSpecification","valueRequired":true,"valueName":"search_term_string"}}],"inLanguage":"ro-RO"},{"@type":"Organization","@id":"https:\/\/shopatoa.com\/ro\/#organization","name":"SHOPATOA","url":"https:\/\/shopatoa.com\/ro\/","logo":{"@type":"ImageObject","inLanguage":"ro-RO","@id":"https:\/\/shopatoa.com\/ro\/#\/schema\/logo\/image\/","url":"https:\/\/storage.googleapis.com\/cz-shopatoa-img\/ro\/b4dac915-shopatoa_logo.png","contentUrl":"https:\/\/storage.googleapis.com\/cz-shopatoa-img\/ro\/b4dac915-shopatoa_logo.png","width":416,"height":63,"caption":"SHOPATOA"},"image":{"@id":"https:\/\/shopatoa.com\/ro\/#\/schema\/logo\/image\/"}}]}},"_links":{"self":[{"href":"https:\/\/shopatoa.com\/ro\/wp-json\/wp\/v2\/product\/448639","targetHints":{"allow":["GET"]}}],"collection":[{"href":"https:\/\/shopatoa.com\/ro\/wp-json\/wp\/v2\/product"}],"about":[{"href":"https:\/\/shopatoa.com\/ro\/wp-json\/wp\/v2\/types\/product"}],"replies":[{"embeddable":true,"href":"https:\/\/shopatoa.com\/ro\/wp-json\/wp\/v2\/comments?post=448639"}],"wp:featuredmedia":[{"embeddable":true,"href":"https:\/\/shopatoa.com\/ro\/wp-json\/wp\/v2\/media\/448640"}],"wp:attachment":[{"href":"https:\/\/shopatoa.com\/ro\/wp-json\/wp\/v2\/media?parent=448639"}],"wp:term":[{"taxonomy":"product_brand","embeddable":true,"href":"https:\/\/shopatoa.com\/ro\/wp-json\/wp\/v2\/product_brand?post=448639"},{"taxonomy":"product_cat","embeddable":true,"href":"https:\/\/shopatoa.com\/ro\/wp-json\/wp\/v2\/product_cat?post=448639"},{"taxonomy":"product_tag","embeddable":true,"href":"https:\/\/shopatoa.com\/ro\/wp-json\/wp\/v2\/product_tag?post=448639"}],"curies":[{"name":"wp","href":"https:\/\/api.w.org\/{rel}","templated":true}]}}